{"id":335,"date":"2022-05-31T12:18:01","date_gmt":"2022-05-31T12:18:01","guid":{"rendered":"https:\/\/sites.uef.fi\/rapukamu\/?page_id=335"},"modified":"2023-12-14T16:10:51","modified_gmt":"2023-12-14T16:10:51","slug":"jokirapukantojen-tukeminen","status":"publish","type":"page","link":"https:\/\/sites.uef.fi\/rapukamu\/jokirapukantojen-tukeminen\/","title":{"rendered":"Jokirapukantojen tukeminen"},"content":{"rendered":"\n<h2 class=\"wp-block-heading\">Jokirapujen istutukset<\/h2>\n\n\n\n<p>Jokirapujen istuttaminen uusiin vesiin on yleisin tapa tukea ja suojella kotoper\u00e4isi\u00e4 jokirapukantoja. Istutuksia on tehty jo vuosisadan verran ja n\u00e4in on turvattu jokiravun s\u00e4ilyminen suomalaisissa vesiss\u00e4. Nykytiedon mukaan jokiravun istutukset voivat onnistua jo puolessa istutuksia, kunhan onnistuneen jokirapuistutuksen perusteet ja vesist\u00f6n soveltuvuus jokiravulle selvitet\u00e4\u00e4n.<\/p>\n\n\n\n<p>Ennen istutuksia on selvitett\u00e4v\u00e4 istutusvesist\u00f6n veden laatu, vesist\u00f6n rapuhistoria ja erityisesti t\u00e4pl\u00e4ravun esiintyminen l\u00e4hivesiss\u00e4. Kun perusteet on selvitetty voi vesialueelle harkita sumputuksia, joilla selvitet\u00e4\u00e4n jokiravun selvi\u00e4minen vesist\u00f6ss\u00e4 ylip\u00e4\u00e4t\u00e4\u00e4n, mahdollinen rapurutto sek\u00e4 jokiravun lis\u00e4\u00e4ntymisen onnistuminen. <a href=\"https:\/\/sites.uef.fi\/rapukamu\/wp-content\/uploads\/sites\/377\/2022\/08\/Rapusumppu-periaatepiirros.pdf\" target=\"_blank\" rel=\"noreferrer noopener\">Rapusumpun periaate<\/a> on yksinkertainen: riitt\u00e4v\u00e4sti tilaa ja hyv\u00e4 veden vaihtuvuus. Toimet ennen istutuksia tunnetaan hyvin ja apua yksityiskohtaisessa jokirapuistutuksen suunnittelussa saa paikallisesta kalatalouskeskuksesta sek\u00e4 Raputietokeskuksesta (Japo Jussila, k\u00e4nny 040-5428982).<\/p>\n\n\n\n<h2 class=\"wp-block-heading\">Jokiravun pyynti<\/h2>\n\n\n\n<p>Yksi t\u00e4rkeimpi\u00e4 jokirapukantojen tukitoimia on tuottavien jokirapukantojen ravustaminen. Jokirapu on arvokas ja jokirapukantojen tulevaisuuden takaa niiden hy\u00f6dynt\u00e4minen. Mik\u00e4 sen mukavampaa kuin ravustaa l\u00e4hij\u00e4rvest\u00e4 jokirapuja ja j\u00e4rjest\u00e4\u00e4 juhlat kavereiden kanssa. Jos rapujuhlat ei nappaa niin jokirapusaaliin voi aina myyd\u00e4. Vaikka jokirapu on uhanalainen niin jokirapujen ravustaminen takaa t\u00e4lle kotoper\u00e4iselle lajille muunkin kuin kuriositeetin aseman. Mukava tapa oppia kotoper\u00e4isen luonnonvaran arvo!<\/p>\n\n\n\n<h2 class=\"wp-block-heading\">Est\u00e4 rapuruton levi\u00e4minen<\/h2>\n\n\n\n<p>Jokiravun pahin uhka t\u00e4pl\u00e4ravun ohella on rapurutto. Rapuruton levi\u00e4misen est\u00e4minen on t\u00e4rkein k\u00e4yt\u00e4nn\u00f6n teko jokiravun suojelemiseksi. My\u00f6s t\u00e4pl\u00e4ravun levi\u00e4minen uusille vesialueille tulee est\u00e4\u00e4, sill\u00e4 t\u00e4pl\u00e4rapu kantaa ja levitt\u00e4\u00e4 eritt\u00e4in tappavaa rapuruton muotoa. Rapurutto ja t\u00e4pl\u00e4rapu ovat jokiravun surma!<\/p>\n","protected":false},"excerpt":{"rendered":"<p>Jokirapujen istutukset Jokirapujen istuttaminen uusiin vesiin on yleisin tapa tukea ja suojella kotoper\u00e4isi\u00e4 jokirapukantoja. Istutuksia on tehty jo vuosisadan verran ja n\u00e4in on turvattu jokiravun s\u00e4ilyminen suomalaisissa vesiss\u00e4. Nykytiedon mukaan jokiravun istutukset voivat onnistua jo puolessa istutuksia, kunhan onnistuneen jokirapuistutuksen perusteet ja vesist\u00f6n soveltuvuus jokiravulle selvitet\u00e4\u00e4n. Ennen istutuksia on selvitett\u00e4v\u00e4 istutusvesist\u00f6n veden laatu, vesist\u00f6n rapuhistoria [&hellip;]<\/p>\n","protected":false},"author":826,"featured_media":0,"parent":0,"menu_order":0,"comment_status":"closed","ping_status":"closed","template":"","meta":{"_acf_changed":false,"footnotes":""},"class_list":["post-335","page","type-page","status-publish","hentry"],"acf":[],"yoast_head":"<!-- This site is optimized with the Yoast SEO plugin v27.1.1 - https:\/\/yoast.com\/product\/yoast-seo-wordpress\/ -->\n<title>Jokirapukantojen tukeminen - Rapukamu<\/title>\n<meta name=\"description\" content=\"Jokirapukantojen tukeminen on t\u00e4rke\u00e4\u00e4. Istutuksia suositellaan keskiseen ja pohjoiseen Suomeen. Est\u00e4 rapuruton ja t\u00e4pl\u00e4ravun levi\u00e4minen.\" \/>\n<meta name=\"robots\" content=\"index, follow, max-snippet:-1, max-image-preview:large, max-video-preview:-1\" \/>\n<link rel=\"canonical\" href=\"https:\/\/sites.uef.fi\/rapukamu\/jokirapukantojen-tukeminen\/\" \/>\n<meta property=\"og:locale\" content=\"fi_FI\" \/>\n<meta property=\"og:type\" content=\"article\" \/>\n<meta property=\"og:title\" content=\"Jokirapukantojen tukeminen - Rapukamu\" \/>\n<meta property=\"og:description\" content=\"Jokirapukantojen tukeminen on t\u00e4rke\u00e4\u00e4. Istutuksia suositellaan keskiseen ja pohjoiseen Suomeen. Est\u00e4 rapuruton ja t\u00e4pl\u00e4ravun levi\u00e4minen.\" \/>\n<meta property=\"og:url\" content=\"https:\/\/sites.uef.fi\/rapukamu\/jokirapukantojen-tukeminen\/\" \/>\n<meta property=\"og:site_name\" content=\"Rapukamu\" \/>\n<meta property=\"article:modified_time\" content=\"2023-12-14T16:10:51+00:00\" \/>\n<meta name=\"twitter:card\" content=\"summary_large_image\" \/>\n<meta name=\"twitter:label1\" content=\"Arvioitu lukuaika\" \/>\n\t<meta name=\"twitter:data1\" content=\"2 minuuttia\" \/>\n<script type=\"application\/ld+json\" class=\"yoast-schema-graph\">{\"@context\":\"https:\/\/schema.org\",\"@graph\":[{\"@type\":\"WebPage\",\"@id\":\"https:\/\/sites.uef.fi\/rapukamu\/jokirapukantojen-tukeminen\/\",\"url\":\"https:\/\/sites.uef.fi\/rapukamu\/jokirapukantojen-tukeminen\/\",\"name\":\"Jokirapukantojen tukeminen - Rapukamu\",\"isPartOf\":{\"@id\":\"https:\/\/sites.uef.fi\/rapukamu\/#website\"},\"datePublished\":\"2022-05-31T12:18:01+00:00\",\"dateModified\":\"2023-12-14T16:10:51+00:00\",\"description\":\"Jokirapukantojen tukeminen on t\u00e4rke\u00e4\u00e4. Istutuksia suositellaan keskiseen ja pohjoiseen Suomeen. Est\u00e4 rapuruton ja t\u00e4pl\u00e4ravun levi\u00e4minen.\",\"breadcrumb\":{\"@id\":\"https:\/\/sites.uef.fi\/rapukamu\/jokirapukantojen-tukeminen\/#breadcrumb\"},\"inLanguage\":\"fi\",\"potentialAction\":[{\"@type\":\"ReadAction\",\"target\":[\"https:\/\/sites.uef.fi\/rapukamu\/jokirapukantojen-tukeminen\/\"]}]},{\"@type\":\"BreadcrumbList\",\"@id\":\"https:\/\/sites.uef.fi\/rapukamu\/jokirapukantojen-tukeminen\/#breadcrumb\",\"itemListElement\":[{\"@type\":\"ListItem\",\"position\":1,\"name\":\"Home\",\"item\":\"https:\/\/sites.uef.fi\/rapukamu\/\"},{\"@type\":\"ListItem\",\"position\":2,\"name\":\"Jokirapukantojen tukeminen\"}]},{\"@type\":\"WebSite\",\"@id\":\"https:\/\/sites.uef.fi\/rapukamu\/#website\",\"url\":\"https:\/\/sites.uef.fi\/rapukamu\/\",\"name\":\"Rapukamu\",\"description\":\"\",\"potentialAction\":[{\"@type\":\"SearchAction\",\"target\":{\"@type\":\"EntryPoint\",\"urlTemplate\":\"https:\/\/sites.uef.fi\/rapukamu\/?s={search_term_string}\"},\"query-input\":{\"@type\":\"PropertyValueSpecification\",\"valueRequired\":true,\"valueName\":\"search_term_string\"}}],\"inLanguage\":\"fi\"}]}<\/script>\n<!-- \/ Yoast SEO plugin. -->","yoast_head_json":{"title":"Jokirapukantojen tukeminen - Rapukamu","description":"Jokirapukantojen tukeminen on t\u00e4rke\u00e4\u00e4. Istutuksia suositellaan keskiseen ja pohjoiseen Suomeen. Est\u00e4 rapuruton ja t\u00e4pl\u00e4ravun levi\u00e4minen.","robots":{"index":"index","follow":"follow","max-snippet":"max-snippet:-1","max-image-preview":"max-image-preview:large","max-video-preview":"max-video-preview:-1"},"canonical":"https:\/\/sites.uef.fi\/rapukamu\/jokirapukantojen-tukeminen\/","og_locale":"fi_FI","og_type":"article","og_title":"Jokirapukantojen tukeminen - Rapukamu","og_description":"Jokirapukantojen tukeminen on t\u00e4rke\u00e4\u00e4. Istutuksia suositellaan keskiseen ja pohjoiseen Suomeen. Est\u00e4 rapuruton ja t\u00e4pl\u00e4ravun levi\u00e4minen.","og_url":"https:\/\/sites.uef.fi\/rapukamu\/jokirapukantojen-tukeminen\/","og_site_name":"Rapukamu","article_modified_time":"2023-12-14T16:10:51+00:00","twitter_card":"summary_large_image","twitter_misc":{"Arvioitu lukuaika":"2 minuuttia"},"schema":{"@context":"https:\/\/schema.org","@graph":[{"@type":"WebPage","@id":"https:\/\/sites.uef.fi\/rapukamu\/jokirapukantojen-tukeminen\/","url":"https:\/\/sites.uef.fi\/rapukamu\/jokirapukantojen-tukeminen\/","name":"Jokirapukantojen tukeminen - Rapukamu","isPartOf":{"@id":"https:\/\/sites.uef.fi\/rapukamu\/#website"},"datePublished":"2022-05-31T12:18:01+00:00","dateModified":"2023-12-14T16:10:51+00:00","description":"Jokirapukantojen tukeminen on t\u00e4rke\u00e4\u00e4. Istutuksia suositellaan keskiseen ja pohjoiseen Suomeen. Est\u00e4 rapuruton ja t\u00e4pl\u00e4ravun levi\u00e4minen.","breadcrumb":{"@id":"https:\/\/sites.uef.fi\/rapukamu\/jokirapukantojen-tukeminen\/#breadcrumb"},"inLanguage":"fi","potentialAction":[{"@type":"ReadAction","target":["https:\/\/sites.uef.fi\/rapukamu\/jokirapukantojen-tukeminen\/"]}]},{"@type":"BreadcrumbList","@id":"https:\/\/sites.uef.fi\/rapukamu\/jokirapukantojen-tukeminen\/#breadcrumb","itemListElement":[{"@type":"ListItem","position":1,"name":"Home","item":"https:\/\/sites.uef.fi\/rapukamu\/"},{"@type":"ListItem","position":2,"name":"Jokirapukantojen tukeminen"}]},{"@type":"WebSite","@id":"https:\/\/sites.uef.fi\/rapukamu\/#website","url":"https:\/\/sites.uef.fi\/rapukamu\/","name":"Rapukamu","description":"","potentialAction":[{"@type":"SearchAction","target":{"@type":"EntryPoint","urlTemplate":"https:\/\/sites.uef.fi\/rapukamu\/?s={search_term_string}"},"query-input":{"@type":"PropertyValueSpecification","valueRequired":true,"valueName":"search_term_string"}}],"inLanguage":"fi"}]}},"_links":{"self":[{"href":"https:\/\/sites.uef.fi\/rapukamu\/wp-json\/wp\/v2\/pages\/335","targetHints":{"allow":["GET"]}}],"collection":[{"href":"https:\/\/sites.uef.fi\/rapukamu\/wp-json\/wp\/v2\/pages"}],"about":[{"href":"https:\/\/sites.uef.fi\/rapukamu\/wp-json\/wp\/v2\/types\/page"}],"author":[{"embeddable":true,"href":"https:\/\/sites.uef.fi\/rapukamu\/wp-json\/wp\/v2\/users\/826"}],"replies":[{"embeddable":true,"href":"https:\/\/sites.uef.fi\/rapukamu\/wp-json\/wp\/v2\/comments?post=335"}],"version-history":[{"count":2,"href":"https:\/\/sites.uef.fi\/rapukamu\/wp-json\/wp\/v2\/pages\/335\/revisions"}],"predecessor-version":[{"id":896,"href":"https:\/\/sites.uef.fi\/rapukamu\/wp-json\/wp\/v2\/pages\/335\/revisions\/896"}],"wp:attachment":[{"href":"https:\/\/sites.uef.fi\/rapukamu\/wp-json\/wp\/v2\/media?parent=335"}],"curies":[{"name":"wp","href":"https:\/\/api.w.org\/{rel}","templated":true}]}}