{"id":359,"date":"2022-05-31T12:37:14","date_gmt":"2022-05-31T12:37:14","guid":{"rendered":"https:\/\/sites.uef.fi\/rapukamu\/?page_id=359"},"modified":"2023-12-14T16:05:18","modified_gmt":"2023-12-14T16:05:18","slug":"ala-levita-rapuruttoa","status":"publish","type":"page","link":"https:\/\/sites.uef.fi\/rapukamu\/ala-levita-rapuruttoa\/","title":{"rendered":"Rapurutto levi\u00e4\u00e4 salakavalasti"},"content":{"rendered":"\n<h2 class=\"wp-block-heading\">Est\u00e4 rapuruton levi\u00e4minen<\/h2>\n\n\n\n<p>Rapuruton levi\u00e4misen est\u00e4minen on suomalaisen raputalouden kuoleman ja el\u00e4m\u00e4n kysymys. Jokirapu p\u00e4\u00e4s\u00e4\u00e4nt\u00f6isesti kuolee tai k\u00e4rsii pahasti rapuruttotartunnasta, t\u00e4pl\u00e4rapu yleens\u00e4 k\u00e4rsii PsI-tyypin rapuruttotartunnasta ja samoin tekee kapeasaksirapu.<\/p>\n\n\n\n<p><strong>P\u00e4\u00e4s\u00e4\u00e4nt\u00f6 siis on, ett\u00e4 est\u00e4 rapuruton levi\u00e4minen!<\/strong> Rapurutto on sitten 1860-luvun jonkin verran sopeutunut yhteiseloon eurooppalaisten rapulajien kanssa, t\u00e4m\u00e4 tosin koskee toistaiseksi vain As-tyypin rapuruttoa. Vieraiden rapulajien kantamien rapuruton muotojen (esim. PsI-, Pc- ja Or-tyypit) kanssa eurooppalainen rapu ei viel\u00e4 ole l\u00f6yt\u00e4nyt sopua. Tautien muuntumiseen liittyvien teorioiden mukaan t\u00e4m\u00e4 ei ole todenn\u00e4k\u00f6ist\u00e4k\u00e4\u00e4n (Jussila ja muut 2015).<\/p>\n\n\n\n<p>Rapurutto on pahis, noin p\u00e4\u00e4s\u00e4\u00e4nt\u00f6n\u00e4, vaikka nykyisin onkin kuvattu rapuruton alentunut tappavuus (huom! koskee vain As-tyyppi) ja eurooppalaisten kotoper\u00e4isten rapujen kohonnut rapuruton vastustuskyky.<\/p>\n","protected":false},"excerpt":{"rendered":"<p>Est\u00e4 rapuruton levi\u00e4minen Rapuruton levi\u00e4misen est\u00e4minen on suomalaisen raputalouden kuoleman ja el\u00e4m\u00e4n kysymys. Jokirapu p\u00e4\u00e4s\u00e4\u00e4nt\u00f6isesti kuolee tai k\u00e4rsii pahasti rapuruttotartunnasta, t\u00e4pl\u00e4rapu yleens\u00e4 k\u00e4rsii PsI-tyypin rapuruttotartunnasta ja samoin tekee kapeasaksirapu. P\u00e4\u00e4s\u00e4\u00e4nt\u00f6 siis on, ett\u00e4 est\u00e4 rapuruton levi\u00e4minen! Rapurutto on sitten 1860-luvun jonkin verran sopeutunut yhteiseloon eurooppalaisten rapulajien kanssa, t\u00e4m\u00e4 tosin koskee toistaiseksi vain As-tyypin rapuruttoa. Vieraiden [&hellip;]<\/p>\n","protected":false},"author":826,"featured_media":0,"parent":0,"menu_order":0,"comment_status":"closed","ping_status":"closed","template":"","meta":{"_acf_changed":false,"footnotes":""},"class_list":["post-359","page","type-page","status-publish","hentry"],"acf":[],"yoast_head":"<!-- This site is optimized with the Yoast SEO plugin v27.1.1 - https:\/\/yoast.com\/product\/yoast-seo-wordpress\/ -->\n<title>Rapurutto levi\u00e4\u00e4 salakavalasti - Rapukamu<\/title>\n<meta name=\"description\" content=\"Ole rapuruton kanssa tarkkana. Se levi\u00e4\u00e4 itit\u00f6iden avulla. Muista desinfioida kaikki se materiaali, jota vesist\u00f6st\u00e4 toiseen.\" \/>\n<meta name=\"robots\" content=\"index, follow, max-snippet:-1, max-image-preview:large, max-video-preview:-1\" \/>\n<link rel=\"canonical\" href=\"https:\/\/sites.uef.fi\/rapukamu\/ala-levita-rapuruttoa\/\" \/>\n<meta property=\"og:locale\" content=\"fi_FI\" \/>\n<meta property=\"og:type\" content=\"article\" \/>\n<meta property=\"og:title\" content=\"Rapurutto levi\u00e4\u00e4 salakavalasti - Rapukamu\" \/>\n<meta property=\"og:description\" content=\"Ole rapuruton kanssa tarkkana. Se levi\u00e4\u00e4 itit\u00f6iden avulla. Muista desinfioida kaikki se materiaali, jota vesist\u00f6st\u00e4 toiseen.\" \/>\n<meta property=\"og:url\" content=\"https:\/\/sites.uef.fi\/rapukamu\/ala-levita-rapuruttoa\/\" \/>\n<meta property=\"og:site_name\" content=\"Rapukamu\" \/>\n<meta property=\"article:modified_time\" content=\"2023-12-14T16:05:18+00:00\" \/>\n<meta name=\"twitter:card\" content=\"summary_large_image\" \/>\n<meta name=\"twitter:label1\" content=\"Arvioitu lukuaika\" \/>\n\t<meta name=\"twitter:data1\" content=\"1 minuutti\" \/>\n<script type=\"application\/ld+json\" class=\"yoast-schema-graph\">{\"@context\":\"https:\/\/schema.org\",\"@graph\":[{\"@type\":\"WebPage\",\"@id\":\"https:\/\/sites.uef.fi\/rapukamu\/ala-levita-rapuruttoa\/\",\"url\":\"https:\/\/sites.uef.fi\/rapukamu\/ala-levita-rapuruttoa\/\",\"name\":\"Rapurutto levi\u00e4\u00e4 salakavalasti - Rapukamu\",\"isPartOf\":{\"@id\":\"https:\/\/sites.uef.fi\/rapukamu\/#website\"},\"datePublished\":\"2022-05-31T12:37:14+00:00\",\"dateModified\":\"2023-12-14T16:05:18+00:00\",\"description\":\"Ole rapuruton kanssa tarkkana. Se levi\u00e4\u00e4 itit\u00f6iden avulla. Muista desinfioida kaikki se materiaali, jota vesist\u00f6st\u00e4 toiseen.\",\"breadcrumb\":{\"@id\":\"https:\/\/sites.uef.fi\/rapukamu\/ala-levita-rapuruttoa\/#breadcrumb\"},\"inLanguage\":\"fi\",\"potentialAction\":[{\"@type\":\"ReadAction\",\"target\":[\"https:\/\/sites.uef.fi\/rapukamu\/ala-levita-rapuruttoa\/\"]}]},{\"@type\":\"BreadcrumbList\",\"@id\":\"https:\/\/sites.uef.fi\/rapukamu\/ala-levita-rapuruttoa\/#breadcrumb\",\"itemListElement\":[{\"@type\":\"ListItem\",\"position\":1,\"name\":\"Home\",\"item\":\"https:\/\/sites.uef.fi\/rapukamu\/\"},{\"@type\":\"ListItem\",\"position\":2,\"name\":\"Rapurutto levi\u00e4\u00e4 salakavalasti\"}]},{\"@type\":\"WebSite\",\"@id\":\"https:\/\/sites.uef.fi\/rapukamu\/#website\",\"url\":\"https:\/\/sites.uef.fi\/rapukamu\/\",\"name\":\"Rapukamu\",\"description\":\"\",\"potentialAction\":[{\"@type\":\"SearchAction\",\"target\":{\"@type\":\"EntryPoint\",\"urlTemplate\":\"https:\/\/sites.uef.fi\/rapukamu\/?s={search_term_string}\"},\"query-input\":{\"@type\":\"PropertyValueSpecification\",\"valueRequired\":true,\"valueName\":\"search_term_string\"}}],\"inLanguage\":\"fi\"}]}<\/script>\n<!-- \/ Yoast SEO plugin. -->","yoast_head_json":{"title":"Rapurutto levi\u00e4\u00e4 salakavalasti - Rapukamu","description":"Ole rapuruton kanssa tarkkana. Se levi\u00e4\u00e4 itit\u00f6iden avulla. Muista desinfioida kaikki se materiaali, jota vesist\u00f6st\u00e4 toiseen.","robots":{"index":"index","follow":"follow","max-snippet":"max-snippet:-1","max-image-preview":"max-image-preview:large","max-video-preview":"max-video-preview:-1"},"canonical":"https:\/\/sites.uef.fi\/rapukamu\/ala-levita-rapuruttoa\/","og_locale":"fi_FI","og_type":"article","og_title":"Rapurutto levi\u00e4\u00e4 salakavalasti - Rapukamu","og_description":"Ole rapuruton kanssa tarkkana. Se levi\u00e4\u00e4 itit\u00f6iden avulla. Muista desinfioida kaikki se materiaali, jota vesist\u00f6st\u00e4 toiseen.","og_url":"https:\/\/sites.uef.fi\/rapukamu\/ala-levita-rapuruttoa\/","og_site_name":"Rapukamu","article_modified_time":"2023-12-14T16:05:18+00:00","twitter_card":"summary_large_image","twitter_misc":{"Arvioitu lukuaika":"1 minuutti"},"schema":{"@context":"https:\/\/schema.org","@graph":[{"@type":"WebPage","@id":"https:\/\/sites.uef.fi\/rapukamu\/ala-levita-rapuruttoa\/","url":"https:\/\/sites.uef.fi\/rapukamu\/ala-levita-rapuruttoa\/","name":"Rapurutto levi\u00e4\u00e4 salakavalasti - Rapukamu","isPartOf":{"@id":"https:\/\/sites.uef.fi\/rapukamu\/#website"},"datePublished":"2022-05-31T12:37:14+00:00","dateModified":"2023-12-14T16:05:18+00:00","description":"Ole rapuruton kanssa tarkkana. Se levi\u00e4\u00e4 itit\u00f6iden avulla. Muista desinfioida kaikki se materiaali, jota vesist\u00f6st\u00e4 toiseen.","breadcrumb":{"@id":"https:\/\/sites.uef.fi\/rapukamu\/ala-levita-rapuruttoa\/#breadcrumb"},"inLanguage":"fi","potentialAction":[{"@type":"ReadAction","target":["https:\/\/sites.uef.fi\/rapukamu\/ala-levita-rapuruttoa\/"]}]},{"@type":"BreadcrumbList","@id":"https:\/\/sites.uef.fi\/rapukamu\/ala-levita-rapuruttoa\/#breadcrumb","itemListElement":[{"@type":"ListItem","position":1,"name":"Home","item":"https:\/\/sites.uef.fi\/rapukamu\/"},{"@type":"ListItem","position":2,"name":"Rapurutto levi\u00e4\u00e4 salakavalasti"}]},{"@type":"WebSite","@id":"https:\/\/sites.uef.fi\/rapukamu\/#website","url":"https:\/\/sites.uef.fi\/rapukamu\/","name":"Rapukamu","description":"","potentialAction":[{"@type":"SearchAction","target":{"@type":"EntryPoint","urlTemplate":"https:\/\/sites.uef.fi\/rapukamu\/?s={search_term_string}"},"query-input":{"@type":"PropertyValueSpecification","valueRequired":true,"valueName":"search_term_string"}}],"inLanguage":"fi"}]}},"_links":{"self":[{"href":"https:\/\/sites.uef.fi\/rapukamu\/wp-json\/wp\/v2\/pages\/359","targetHints":{"allow":["GET"]}}],"collection":[{"href":"https:\/\/sites.uef.fi\/rapukamu\/wp-json\/wp\/v2\/pages"}],"about":[{"href":"https:\/\/sites.uef.fi\/rapukamu\/wp-json\/wp\/v2\/types\/page"}],"author":[{"embeddable":true,"href":"https:\/\/sites.uef.fi\/rapukamu\/wp-json\/wp\/v2\/users\/826"}],"replies":[{"embeddable":true,"href":"https:\/\/sites.uef.fi\/rapukamu\/wp-json\/wp\/v2\/comments?post=359"}],"version-history":[{"count":1,"href":"https:\/\/sites.uef.fi\/rapukamu\/wp-json\/wp\/v2\/pages\/359\/revisions"}],"predecessor-version":[{"id":953,"href":"https:\/\/sites.uef.fi\/rapukamu\/wp-json\/wp\/v2\/pages\/359\/revisions\/953"}],"wp:attachment":[{"href":"https:\/\/sites.uef.fi\/rapukamu\/wp-json\/wp\/v2\/media?parent=359"}],"curies":[{"name":"wp","href":"https:\/\/api.w.org\/{rel}","templated":true}]}}