{"id":373,"date":"2022-05-31T17:33:08","date_gmt":"2022-05-31T17:33:08","guid":{"rendered":"https:\/\/sites.uef.fi\/rapukamu\/?page_id=373"},"modified":"2023-12-14T16:11:55","modified_gmt":"2023-12-14T16:11:55","slug":"latentti-rapurutto","status":"publish","type":"page","link":"https:\/\/sites.uef.fi\/rapukamu\/latentti-rapurutto\/","title":{"rendered":"Latentti rapurutto"},"content":{"rendered":"\n<h2 class=\"wp-block-heading\">Rapurutto sopeutuu Eurooppaan?<\/h2>\n\n\n\n<p>Muutaman viimeisen vuosikymmenen aikana on tehty havaintoja jokirapujen luonnonkantojen rapurutosta selvi\u00e4misest\u00e4 (mm. Makkonen ja muut 2012, Jussila ja muut  2011 ja 2021) ja n\u00e4m\u00e4 havainnot on voitu vahvistaa my\u00f6s laboratoriotutkimuksissa (mm. Francesconi ja muut 2021). N\u00e4it\u00e4 rapuruton infektoimia jokirapukantoja on l\u00f6ytynyt ymp\u00e4ri Suomea, joten kyseess\u00e4 on selke\u00e4 suuntaus t\u00e4m\u00e4n tappavan taudin ja kotoper\u00e4isen jokiravun sopeumista yhteiseloon. Yksi rapuruton Eurooppaan tuoduista muodoista, As-tyyppi, on jopa sopeutunut yhteiseloon muutamassa tapauksessa. Evoluutio toimii!<\/p>\n\n\n\n<p>T\u00e4m\u00e4 antaa toivoa siit\u00e4, ett\u00e4 jokirapu, ja muutkin eurooppalaiset ravut, voisivat tulevaisuudessa tulla toimeen rapuruton kanssa. On kuitenkin todenn\u00e4k\u00f6ist\u00e4, ett\u00e4 muiden kuin As-tyypin rapuruttojen kanssa eurooppalaiset ravut eiv\u00e4t sopeudu yhteiseloon viel\u00e4 pitk\u00e4\u00e4n aikaan. On siis t\u00e4rke\u00e4\u00e4, ett\u00e4 vieraiden rapulajien mukana levi\u00e4vien rapuruttojen torjuntaan panostetaan. Meille suomalaisille se tarkoittaa t\u00e4pl\u00e4ravun levi\u00e4misen tehokasta est\u00e4mist\u00e4 ja jo olemassa olevien t\u00e4pl\u00e4rapukantojen h\u00e4vitt\u00e4mist\u00e4 EU:n vieraslajis\u00e4\u00e4nn\u00f6sten ohjeiden mukaisesti.<\/p>\n","protected":false},"excerpt":{"rendered":"<p>Rapurutto sopeutuu Eurooppaan? Muutaman viimeisen vuosikymmenen aikana on tehty havaintoja jokirapujen luonnonkantojen rapurutosta selvi\u00e4misest\u00e4 (mm. Makkonen ja muut 2012, Jussila ja muut 2011 ja 2021) ja n\u00e4m\u00e4 havainnot on voitu vahvistaa my\u00f6s laboratoriotutkimuksissa (mm. Francesconi ja muut 2021). N\u00e4it\u00e4 rapuruton infektoimia jokirapukantoja on l\u00f6ytynyt ymp\u00e4ri Suomea, joten kyseess\u00e4 on selke\u00e4 suuntaus t\u00e4m\u00e4n tappavan taudin ja [&hellip;]<\/p>\n","protected":false},"author":826,"featured_media":0,"parent":0,"menu_order":0,"comment_status":"closed","ping_status":"closed","template":"","meta":{"_acf_changed":false,"footnotes":""},"class_list":["post-373","page","type-page","status-publish","hentry"],"acf":[],"yoast_head":"<!-- This site is optimized with the Yoast SEO plugin v27.1.1 - https:\/\/yoast.com\/product\/yoast-seo-wordpress\/ -->\n<title>Latentti rapurutto - Rapukamu<\/title>\n<meta name=\"description\" content=\"Latentti rapurutto on tulosta rapujen parantuneesta rapuruton siedosta, jolloin rapujen on todettu olevan oireettomia rapuruton kantajia.\" \/>\n<meta name=\"robots\" content=\"index, follow, max-snippet:-1, max-image-preview:large, max-video-preview:-1\" \/>\n<link rel=\"canonical\" href=\"https:\/\/sites.uef.fi\/rapukamu\/latentti-rapurutto\/\" \/>\n<meta property=\"og:locale\" content=\"fi_FI\" \/>\n<meta property=\"og:type\" content=\"article\" \/>\n<meta property=\"og:title\" content=\"Latentti rapurutto - Rapukamu\" \/>\n<meta property=\"og:description\" content=\"Latentti rapurutto on tulosta rapujen parantuneesta rapuruton siedosta, jolloin rapujen on todettu olevan oireettomia rapuruton kantajia.\" \/>\n<meta property=\"og:url\" content=\"https:\/\/sites.uef.fi\/rapukamu\/latentti-rapurutto\/\" \/>\n<meta property=\"og:site_name\" content=\"Rapukamu\" \/>\n<meta property=\"article:modified_time\" content=\"2023-12-14T16:11:55+00:00\" \/>\n<meta name=\"twitter:card\" content=\"summary_large_image\" \/>\n<meta name=\"twitter:label1\" content=\"Arvioitu lukuaika\" \/>\n\t<meta name=\"twitter:data1\" content=\"1 minuutti\" \/>\n<script type=\"application\/ld+json\" class=\"yoast-schema-graph\">{\"@context\":\"https:\/\/schema.org\",\"@graph\":[{\"@type\":\"WebPage\",\"@id\":\"https:\/\/sites.uef.fi\/rapukamu\/latentti-rapurutto\/\",\"url\":\"https:\/\/sites.uef.fi\/rapukamu\/latentti-rapurutto\/\",\"name\":\"Latentti rapurutto - Rapukamu\",\"isPartOf\":{\"@id\":\"https:\/\/sites.uef.fi\/rapukamu\/#website\"},\"datePublished\":\"2022-05-31T17:33:08+00:00\",\"dateModified\":\"2023-12-14T16:11:55+00:00\",\"description\":\"Latentti rapurutto on tulosta rapujen parantuneesta rapuruton siedosta, jolloin rapujen on todettu olevan oireettomia rapuruton kantajia.\",\"breadcrumb\":{\"@id\":\"https:\/\/sites.uef.fi\/rapukamu\/latentti-rapurutto\/#breadcrumb\"},\"inLanguage\":\"fi\",\"potentialAction\":[{\"@type\":\"ReadAction\",\"target\":[\"https:\/\/sites.uef.fi\/rapukamu\/latentti-rapurutto\/\"]}]},{\"@type\":\"BreadcrumbList\",\"@id\":\"https:\/\/sites.uef.fi\/rapukamu\/latentti-rapurutto\/#breadcrumb\",\"itemListElement\":[{\"@type\":\"ListItem\",\"position\":1,\"name\":\"Home\",\"item\":\"https:\/\/sites.uef.fi\/rapukamu\/\"},{\"@type\":\"ListItem\",\"position\":2,\"name\":\"Latentti rapurutto\"}]},{\"@type\":\"WebSite\",\"@id\":\"https:\/\/sites.uef.fi\/rapukamu\/#website\",\"url\":\"https:\/\/sites.uef.fi\/rapukamu\/\",\"name\":\"Rapukamu\",\"description\":\"\",\"potentialAction\":[{\"@type\":\"SearchAction\",\"target\":{\"@type\":\"EntryPoint\",\"urlTemplate\":\"https:\/\/sites.uef.fi\/rapukamu\/?s={search_term_string}\"},\"query-input\":{\"@type\":\"PropertyValueSpecification\",\"valueRequired\":true,\"valueName\":\"search_term_string\"}}],\"inLanguage\":\"fi\"}]}<\/script>\n<!-- \/ Yoast SEO plugin. -->","yoast_head_json":{"title":"Latentti rapurutto - Rapukamu","description":"Latentti rapurutto on tulosta rapujen parantuneesta rapuruton siedosta, jolloin rapujen on todettu olevan oireettomia rapuruton kantajia.","robots":{"index":"index","follow":"follow","max-snippet":"max-snippet:-1","max-image-preview":"max-image-preview:large","max-video-preview":"max-video-preview:-1"},"canonical":"https:\/\/sites.uef.fi\/rapukamu\/latentti-rapurutto\/","og_locale":"fi_FI","og_type":"article","og_title":"Latentti rapurutto - Rapukamu","og_description":"Latentti rapurutto on tulosta rapujen parantuneesta rapuruton siedosta, jolloin rapujen on todettu olevan oireettomia rapuruton kantajia.","og_url":"https:\/\/sites.uef.fi\/rapukamu\/latentti-rapurutto\/","og_site_name":"Rapukamu","article_modified_time":"2023-12-14T16:11:55+00:00","twitter_card":"summary_large_image","twitter_misc":{"Arvioitu lukuaika":"1 minuutti"},"schema":{"@context":"https:\/\/schema.org","@graph":[{"@type":"WebPage","@id":"https:\/\/sites.uef.fi\/rapukamu\/latentti-rapurutto\/","url":"https:\/\/sites.uef.fi\/rapukamu\/latentti-rapurutto\/","name":"Latentti rapurutto - Rapukamu","isPartOf":{"@id":"https:\/\/sites.uef.fi\/rapukamu\/#website"},"datePublished":"2022-05-31T17:33:08+00:00","dateModified":"2023-12-14T16:11:55+00:00","description":"Latentti rapurutto on tulosta rapujen parantuneesta rapuruton siedosta, jolloin rapujen on todettu olevan oireettomia rapuruton kantajia.","breadcrumb":{"@id":"https:\/\/sites.uef.fi\/rapukamu\/latentti-rapurutto\/#breadcrumb"},"inLanguage":"fi","potentialAction":[{"@type":"ReadAction","target":["https:\/\/sites.uef.fi\/rapukamu\/latentti-rapurutto\/"]}]},{"@type":"BreadcrumbList","@id":"https:\/\/sites.uef.fi\/rapukamu\/latentti-rapurutto\/#breadcrumb","itemListElement":[{"@type":"ListItem","position":1,"name":"Home","item":"https:\/\/sites.uef.fi\/rapukamu\/"},{"@type":"ListItem","position":2,"name":"Latentti rapurutto"}]},{"@type":"WebSite","@id":"https:\/\/sites.uef.fi\/rapukamu\/#website","url":"https:\/\/sites.uef.fi\/rapukamu\/","name":"Rapukamu","description":"","potentialAction":[{"@type":"SearchAction","target":{"@type":"EntryPoint","urlTemplate":"https:\/\/sites.uef.fi\/rapukamu\/?s={search_term_string}"},"query-input":{"@type":"PropertyValueSpecification","valueRequired":true,"valueName":"search_term_string"}}],"inLanguage":"fi"}]}},"_links":{"self":[{"href":"https:\/\/sites.uef.fi\/rapukamu\/wp-json\/wp\/v2\/pages\/373","targetHints":{"allow":["GET"]}}],"collection":[{"href":"https:\/\/sites.uef.fi\/rapukamu\/wp-json\/wp\/v2\/pages"}],"about":[{"href":"https:\/\/sites.uef.fi\/rapukamu\/wp-json\/wp\/v2\/types\/page"}],"author":[{"embeddable":true,"href":"https:\/\/sites.uef.fi\/rapukamu\/wp-json\/wp\/v2\/users\/826"}],"replies":[{"embeddable":true,"href":"https:\/\/sites.uef.fi\/rapukamu\/wp-json\/wp\/v2\/comments?post=373"}],"version-history":[{"count":2,"href":"https:\/\/sites.uef.fi\/rapukamu\/wp-json\/wp\/v2\/pages\/373\/revisions"}],"predecessor-version":[{"id":899,"href":"https:\/\/sites.uef.fi\/rapukamu\/wp-json\/wp\/v2\/pages\/373\/revisions\/899"}],"wp:attachment":[{"href":"https:\/\/sites.uef.fi\/rapukamu\/wp-json\/wp\/v2\/media?parent=373"}],"curies":[{"name":"wp","href":"https:\/\/api.w.org\/{rel}","templated":true}]}}