{"id":5,"date":"2022-05-20T06:40:57","date_gmt":"2022-05-20T06:40:57","guid":{"rendered":"https:\/\/sites.uef.fi\/rapukamu\/?page_id=2"},"modified":"2023-12-14T16:15:16","modified_gmt":"2023-12-14T16:15:16","slug":"sample-page","status":"publish","type":"page","link":"https:\/\/sites.uef.fi\/rapukamu\/","title":{"rendered":"RapuKamu &#8211; jokirapu on paras"},"content":{"rendered":"\n<p>Rapukamu on jokiravun puolella ja antaa tietoa suomalaisesta raputaloudesta. Sivustolla kerrotaan jokiravusta, rapurutosta ja t\u00e4pl\u00e4ravusta. Rapukamu on LIFE+ (life12 INF\/FI\/233) hankkeen jatkumoa ja jatkaa jokiravun puolustamista sek\u00e4 raputalouteen liittyv\u00e4n tiedon jakamista.<\/p>\n\n\n\n<p>Jokirapu on Pohjolan alkuper\u00e4inen rapu, joka on sopeutunut paikallisiin vesiin ja oloihin. Jokirapu on totutellut karuihin suomalaisiin oloihin sitten viime j\u00e4\u00e4kauden, noin 10000 vuoden ajan. Ja pit\u00e4\u00e4 niist\u00e4. Siin\u00e4 ajassa se on oppinut yht\u00e4 ja toista, jopa viime vuosisadan aikana sit\u00e4, kuinka rapuruton kanssa voisi tulla toimeen.<\/p>\n\n\n\n<p>Rapurutto saapui Suomeen reilut sata vuotta sitten ja ensimm\u00e4iset isot rapukuolemat havaittiin Saimaalla vuonna 1893. Kyyti on ollut sen j\u00e4lkeen kylm\u00e4\u00e4 jokiravulle ja jokirapusaalis on romahtanut 10-osaan ennen rapuruton tuloa edelt\u00e4neest\u00e4 saaliista. Viime vuosina on tosin havaittu, ett\u00e4 rapurutto ei aina tapa jokirapuja, mik\u00e4 antaa toivoa jokirapukantojen s\u00e4ilymiselle.<\/p>\n\n\n\n<p>N\u00e4ill\u00e4 sivuilla kerrotaan niist\u00e4 mahdollisuuksista, joita jokirapukantojen suojelulla on ja kuinka jokirapua tulisi suojella sen tulevaisuutta j\u00e4rsivilt\u00e4 uhilta.<\/p>\n\n\n\n<p>Sivuilla voi perehty\u00e4 my\u00f6s t\u00e4pl\u00e4rapuun, joka on haitallinen vieraslaji ja eritt\u00e4in yleinen etel\u00e4isen Suomen vesiss\u00e4. My\u00f6s rapurutosta l\u00f6ytyy tietoa. Tekstiss\u00e4 on viitteit\u00e4 julkaisuihin, joista saa lis\u00e4tietoa ja varmistusta asiasta (viitteen tyyli esim (Jussila ja muut 2021), viitteiden t\u00e4ydelliset tiedot l\u00f6ytyv\u00e4t lis\u00e4tietoa sivulta).<\/p>\n\n\n\n<p>Periaatteena on, ett\u00e4 ikin\u00e4 ei anneta periksi. Ja rapukamua ei j\u00e4tet\u00e4. Tiukka kannanotto <a rel=\"noreferrer noopener\" href=\"https:\/\/sites.uef.fi\/rapukamu\/wp-content\/uploads\/sites\/377\/2022\/08\/HS-rapupolitiikka-JJ-RK-ppkuva-scaled.jpg\" target=\"_blank\">Hesarissa<\/a> (HS 24.4.2022).<\/p>\n","protected":false},"excerpt":{"rendered":"<p>Rapukamu on jokiravun puolella ja antaa tietoa suomalaisesta raputaloudesta. Sivustolla kerrotaan jokiravusta, rapurutosta ja t\u00e4pl\u00e4ravusta. Rapukamu on LIFE+ (life12 INF\/FI\/233) hankkeen jatkumoa ja jatkaa jokiravun puolustamista sek\u00e4 raputalouteen liittyv\u00e4n tiedon jakamista. Jokirapu on Pohjolan alkuper\u00e4inen rapu, joka on sopeutunut paikallisiin vesiin ja oloihin. Jokirapu on totutellut karuihin suomalaisiin oloihin sitten viime j\u00e4\u00e4kauden, noin 10000 vuoden [&hellip;]<\/p>\n","protected":false},"author":2,"featured_media":0,"parent":0,"menu_order":0,"comment_status":"closed","ping_status":"open","template":"","meta":{"_acf_changed":false,"footnotes":""},"class_list":["post-5","page","type-page","status-publish","hentry"],"acf":[],"yoast_head":"<!-- This site is optimized with the Yoast SEO plugin v27.1.1 - https:\/\/yoast.com\/product\/yoast-seo-wordpress\/ -->\n<title>RapuKamu - jokirapu on paras - Rapukamu<\/title>\n<meta name=\"description\" content=\"RapuKamu -sivustolla on tietoa jokiravusta, haitallisesta vieraslajista t\u00e4pl\u00e4ravusta, vieraslajista kapeasaksiravusta, rapurutosta.\" \/>\n<meta name=\"robots\" content=\"index, follow, max-snippet:-1, max-image-preview:large, max-video-preview:-1\" \/>\n<link rel=\"canonical\" href=\"https:\/\/sites.uef.fi\/rapukamu\/\" \/>\n<meta property=\"og:locale\" content=\"fi_FI\" \/>\n<meta property=\"og:type\" content=\"article\" \/>\n<meta property=\"og:title\" content=\"RapuKamu - jokirapu on paras - Rapukamu\" \/>\n<meta property=\"og:description\" content=\"RapuKamu -sivustolla on tietoa jokiravusta, haitallisesta vieraslajista t\u00e4pl\u00e4ravusta, vieraslajista kapeasaksiravusta, rapurutosta.\" \/>\n<meta property=\"og:url\" content=\"https:\/\/sites.uef.fi\/rapukamu\/\" \/>\n<meta property=\"og:site_name\" content=\"Rapukamu\" \/>\n<meta property=\"article:modified_time\" content=\"2023-12-14T16:15:16+00:00\" \/>\n<meta name=\"twitter:card\" content=\"summary_large_image\" \/>\n<meta name=\"twitter:label1\" content=\"Arvioitu lukuaika\" \/>\n\t<meta name=\"twitter:data1\" content=\"2 minuuttia\" \/>\n<script type=\"application\/ld+json\" class=\"yoast-schema-graph\">{\"@context\":\"https:\/\/schema.org\",\"@graph\":[{\"@type\":\"WebPage\",\"@id\":\"https:\/\/sites.uef.fi\/rapukamu\/\",\"url\":\"https:\/\/sites.uef.fi\/rapukamu\/\",\"name\":\"RapuKamu - jokirapu on paras - Rapukamu\",\"isPartOf\":{\"@id\":\"https:\/\/sites.uef.fi\/rapukamu\/#website\"},\"datePublished\":\"2022-05-20T06:40:57+00:00\",\"dateModified\":\"2023-12-14T16:15:16+00:00\",\"description\":\"RapuKamu -sivustolla on tietoa jokiravusta, haitallisesta vieraslajista t\u00e4pl\u00e4ravusta, vieraslajista kapeasaksiravusta, rapurutosta.\",\"breadcrumb\":{\"@id\":\"https:\/\/sites.uef.fi\/rapukamu\/#breadcrumb\"},\"inLanguage\":\"fi\",\"potentialAction\":[{\"@type\":\"ReadAction\",\"target\":[\"https:\/\/sites.uef.fi\/rapukamu\/\"]}]},{\"@type\":\"BreadcrumbList\",\"@id\":\"https:\/\/sites.uef.fi\/rapukamu\/#breadcrumb\",\"itemListElement\":[{\"@type\":\"ListItem\",\"position\":1,\"name\":\"Home\",\"item\":\"https:\/\/sites.uef.fi\/rapukamu\/\"},{\"@type\":\"ListItem\",\"position\":2,\"name\":\"RapuKamu &#8211; jokirapu on paras\"}]},{\"@type\":\"WebSite\",\"@id\":\"https:\/\/sites.uef.fi\/rapukamu\/#website\",\"url\":\"https:\/\/sites.uef.fi\/rapukamu\/\",\"name\":\"Rapukamu\",\"description\":\"\",\"potentialAction\":[{\"@type\":\"SearchAction\",\"target\":{\"@type\":\"EntryPoint\",\"urlTemplate\":\"https:\/\/sites.uef.fi\/rapukamu\/?s={search_term_string}\"},\"query-input\":{\"@type\":\"PropertyValueSpecification\",\"valueRequired\":true,\"valueName\":\"search_term_string\"}}],\"inLanguage\":\"fi\"}]}<\/script>\n<!-- \/ Yoast SEO plugin. -->","yoast_head_json":{"title":"RapuKamu - jokirapu on paras - Rapukamu","description":"RapuKamu -sivustolla on tietoa jokiravusta, haitallisesta vieraslajista t\u00e4pl\u00e4ravusta, vieraslajista kapeasaksiravusta, rapurutosta.","robots":{"index":"index","follow":"follow","max-snippet":"max-snippet:-1","max-image-preview":"max-image-preview:large","max-video-preview":"max-video-preview:-1"},"canonical":"https:\/\/sites.uef.fi\/rapukamu\/","og_locale":"fi_FI","og_type":"article","og_title":"RapuKamu - jokirapu on paras - Rapukamu","og_description":"RapuKamu -sivustolla on tietoa jokiravusta, haitallisesta vieraslajista t\u00e4pl\u00e4ravusta, vieraslajista kapeasaksiravusta, rapurutosta.","og_url":"https:\/\/sites.uef.fi\/rapukamu\/","og_site_name":"Rapukamu","article_modified_time":"2023-12-14T16:15:16+00:00","twitter_card":"summary_large_image","twitter_misc":{"Arvioitu lukuaika":"2 minuuttia"},"schema":{"@context":"https:\/\/schema.org","@graph":[{"@type":"WebPage","@id":"https:\/\/sites.uef.fi\/rapukamu\/","url":"https:\/\/sites.uef.fi\/rapukamu\/","name":"RapuKamu - jokirapu on paras - Rapukamu","isPartOf":{"@id":"https:\/\/sites.uef.fi\/rapukamu\/#website"},"datePublished":"2022-05-20T06:40:57+00:00","dateModified":"2023-12-14T16:15:16+00:00","description":"RapuKamu -sivustolla on tietoa jokiravusta, haitallisesta vieraslajista t\u00e4pl\u00e4ravusta, vieraslajista kapeasaksiravusta, rapurutosta.","breadcrumb":{"@id":"https:\/\/sites.uef.fi\/rapukamu\/#breadcrumb"},"inLanguage":"fi","potentialAction":[{"@type":"ReadAction","target":["https:\/\/sites.uef.fi\/rapukamu\/"]}]},{"@type":"BreadcrumbList","@id":"https:\/\/sites.uef.fi\/rapukamu\/#breadcrumb","itemListElement":[{"@type":"ListItem","position":1,"name":"Home","item":"https:\/\/sites.uef.fi\/rapukamu\/"},{"@type":"ListItem","position":2,"name":"RapuKamu &#8211; jokirapu on paras"}]},{"@type":"WebSite","@id":"https:\/\/sites.uef.fi\/rapukamu\/#website","url":"https:\/\/sites.uef.fi\/rapukamu\/","name":"Rapukamu","description":"","potentialAction":[{"@type":"SearchAction","target":{"@type":"EntryPoint","urlTemplate":"https:\/\/sites.uef.fi\/rapukamu\/?s={search_term_string}"},"query-input":{"@type":"PropertyValueSpecification","valueRequired":true,"valueName":"search_term_string"}}],"inLanguage":"fi"}]}},"_links":{"self":[{"href":"https:\/\/sites.uef.fi\/rapukamu\/wp-json\/wp\/v2\/pages\/5","targetHints":{"allow":["GET"]}}],"collection":[{"href":"https:\/\/sites.uef.fi\/rapukamu\/wp-json\/wp\/v2\/pages"}],"about":[{"href":"https:\/\/sites.uef.fi\/rapukamu\/wp-json\/wp\/v2\/types\/page"}],"author":[{"embeddable":true,"href":"https:\/\/sites.uef.fi\/rapukamu\/wp-json\/wp\/v2\/users\/2"}],"replies":[{"embeddable":true,"href":"https:\/\/sites.uef.fi\/rapukamu\/wp-json\/wp\/v2\/comments?post=5"}],"version-history":[{"count":1,"href":"https:\/\/sites.uef.fi\/rapukamu\/wp-json\/wp\/v2\/pages\/5\/revisions"}],"predecessor-version":[{"id":908,"href":"https:\/\/sites.uef.fi\/rapukamu\/wp-json\/wp\/v2\/pages\/5\/revisions\/908"}],"wp:attachment":[{"href":"https:\/\/sites.uef.fi\/rapukamu\/wp-json\/wp\/v2\/media?parent=5"}],"curies":[{"name":"wp","href":"https:\/\/api.w.org\/{rel}","templated":true}]}}