{"id":78,"date":"2022-05-31T11:31:58","date_gmt":"2022-05-31T11:31:58","guid":{"rendered":"https:\/\/sites.uef.fi\/rapukamu\/?page_id=78"},"modified":"2023-12-14T16:26:53","modified_gmt":"2023-12-14T16:26:53","slug":"ravut","status":"publish","type":"page","link":"https:\/\/sites.uef.fi\/rapukamu\/ravut\/","title":{"rendered":"Ravut"},"content":{"rendered":"\n<h2 class=\"wp-block-heading\">Suomessa on kaksi kaupallista rapulajia<\/h2>\n\n\n\n<p><a href=\"https:\/\/fi.wikipedia.org\/wiki\/Jokirapu\">Jokirapu<\/a> ja <a href=\"https:\/\/fi.wikipedia.org\/wiki\/T%C3%A4pl%C3%A4rapu\" target=\"_blank\" rel=\"noreferrer noopener\">t\u00e4pl\u00e4rapu<\/a> ovat merkitt\u00e4vi\u00e4 kaupallisesti ravustettavia rapuja Suomen vesiss\u00e4. N\u00e4iden lis\u00e4ksi meill\u00e4 esiintyy sis\u00e4vesiss\u00e4, vain parissa j\u00e4rvess\u00e4 kaakonkulmalla satunnaisesti,\u00a0<a rel=\"noreferrer noopener\" href=\"http:\/\/fi.wikipedia.org\/wiki\/Kapeasaksirapu\" target=\"_blank\">kapeasaksirapuja <\/a>ja uutena tulokkaana siell\u00e4 sun t\u00e4\u00e4ll\u00e4,\u00a0muutaman kerran kes\u00e4ss\u00e4,\u00a0<a rel=\"noreferrer noopener\" href=\"http:\/\/fi.wikipedia.org\/wiki\/Villasaksirapu\" target=\"_blank\">villasaksirapuja<\/a>.<\/p>\n\n\n\n<p>Jokirapu on kotoper\u00e4inen laji, jonka s\u00e4ilyminen suomalaisessa luonnossa on uhattuna. Pahimpina uhkina ovat rapurutto ja t\u00e4pl\u00e4rapu. Rapurutto tappaa jokirapuja tehokkaasti, yleens\u00e4 rapuruttotartunnasta on seurauksena koko jokirapukannan kuoleminen. Jokirapu on kotoper\u00e4isen\u00e4 lajina l\u00f6yt\u00e4nyt paikkansa suomalaisessa vesiluonnossa ja sen h\u00e4vi\u00e4minen tarkoittaa vesialueen luonteen muuttumista.<\/p>\n\n\n\n<p>T\u00e4pl\u00e4rapu on haitallinen vieraslaji, joka tuotiin Suomeen, samoin kuin Eurooppaan, 1960-luvulla suurin odotuksin. My\u00f6hemmin, aika nopeasti itse asiassa, huomattiin, ett\u00e4 t\u00e4pl\u00e4rapu kantaan yleens\u00e4 aina rapuruttoa, levitt\u00e4\u00e4 sit\u00e4 ja voi itsekin kuolla rapuruttoon (Aydin ja muut 2014). T\u00e4pl\u00e4rapu on yleens\u00e4 rapuruton kantaja ja levitess\u00e4\u00e4n uusiin vesiin levitt\u00e4\u00e4 my\u00f6s rapuruttoa. T\u00e4pl\u00e4ravun levi\u00e4minen on jokiravun tuho.<\/p>\n\n\n\n<p>Ravuilla on useita erilaisia v\u00e4rimuunnelmia, mutta yleens\u00e4 sek\u00e4 jokirapu ett\u00e4 t\u00e4pl\u00e4rapu ovat v\u00e4rilt\u00e4\u00e4n tummanruskeita. Kuori voi olla my\u00f6s hyvin vaalea, jopa punertava ja joskus jopa sininen, vihre\u00e4, melkein valkoinen ja viel\u00e4p\u00e4 t\u00e4ysin punainen (jo ennen keitt\u00e4mist\u00e4). Eri rapulajeja ei voi erottaa toisistaan pelk\u00e4st\u00e4\u00e4n kuoren v\u00e4rin perusteella.<\/p>\n\n\n\n<p>Vaikka jokiravun ja t\u00e4pl\u00e4ravun erottamisessa on selke\u00e4t peruss\u00e4\u00e4nn\u00f6t niin kannattaa olla tarkkana: saksien muoto ja v\u00e4ritys sek\u00e4 kuoren v\u00e4ritys voi vaihdella suuresti. Eri rapulajien tunnistaminen voi siis olla kinkkist\u00e4. Viime k\u00e4dess\u00e4 kannattaa luottaa vain kahteen seikkaan: jokiravun poskipiikkiin ja t\u00e4pl\u00e4ravun saksit\u00e4pl\u00e4\u00e4n. Ja kysy neuvoa, jos olet ep\u00e4varma.<\/p>\n\n\n\n<p class=\"has-text-align-center\"><img loading=\"lazy\" decoding=\"async\" width=\"968\" height=\"734\" class=\"wp-image-223\" style=\"width: 400px\" src=\"https:\/\/sites.uef.fi\/rapukamu\/wp-content\/uploads\/sites\/377\/2022\/05\/jokirapu-taplarapu-tunnistus.jpg\" alt=\"\" srcset=\"https:\/\/sites.uef.fi\/rapukamu\/wp-content\/uploads\/sites\/377\/2022\/05\/jokirapu-taplarapu-tunnistus.jpg 968w, https:\/\/sites.uef.fi\/rapukamu\/wp-content\/uploads\/sites\/377\/2022\/05\/jokirapu-taplarapu-tunnistus-300x227.jpg 300w, https:\/\/sites.uef.fi\/rapukamu\/wp-content\/uploads\/sites\/377\/2022\/05\/jokirapu-taplarapu-tunnistus-768x582.jpg 768w\" sizes=\"auto, (max-width: 968px) 100vw, 968px\" \/><\/p>\n\n\n\n<p>Jokiravun ja t\u00e4pl\u00e4ravun erottaminen toisistaan on eritt\u00e4in t\u00e4rke\u00e4\u00e4. (Alla olevassa kuvassa on annettu vinkit jokiravun ja t\u00e4pl\u00e4ravun tunnistamiseksi. T\u00e4pl\u00e4ravusta on esitetty eritt\u00e4in vaalea v\u00e4rimuunnos.)<\/p>\n\n\n\n<p>\u00c4l\u00e4 luota tunnistuksessa ravun v\u00e4riin tai ravun kokoon, ne voivat vaihdella. Alla on esitetty helpot tuntomerkit. Jos olet ep\u00e4varma, ota yhteytt\u00e4 kalatalouskeskuksen neuvojiin, It\u00e4-Suomen yliopiston tai LUKEn tutkijoihin. <\/p>\n\n\n\n<p><\/p>\n","protected":false},"excerpt":{"rendered":"<p>Suomessa on kaksi kaupallista rapulajia Jokirapu ja t\u00e4pl\u00e4rapu ovat merkitt\u00e4vi\u00e4 kaupallisesti ravustettavia rapuja Suomen vesiss\u00e4. N\u00e4iden lis\u00e4ksi meill\u00e4 esiintyy sis\u00e4vesiss\u00e4, vain parissa j\u00e4rvess\u00e4 kaakonkulmalla satunnaisesti,\u00a0kapeasaksirapuja ja uutena tulokkaana siell\u00e4 sun t\u00e4\u00e4ll\u00e4,\u00a0muutaman kerran kes\u00e4ss\u00e4,\u00a0villasaksirapuja. Jokirapu on kotoper\u00e4inen laji, jonka s\u00e4ilyminen suomalaisessa luonnossa on uhattuna. Pahimpina uhkina ovat rapurutto ja t\u00e4pl\u00e4rapu. Rapurutto tappaa jokirapuja tehokkaasti, yleens\u00e4 rapuruttotartunnasta [&hellip;]<\/p>\n","protected":false},"author":826,"featured_media":0,"parent":0,"menu_order":0,"comment_status":"closed","ping_status":"closed","template":"","meta":{"_acf_changed":false,"footnotes":""},"class_list":["post-78","page","type-page","status-publish","hentry"],"acf":[],"yoast_head":"<!-- This site is optimized with the Yoast SEO plugin v27.1.1 - https:\/\/yoast.com\/product\/yoast-seo-wordpress\/ -->\n<title>Ravut - Rapukamu<\/title>\n<meta name=\"description\" content=\"Jokirapu, t\u00e4pl\u00e4rapu ja kapeasaksirapu, siin\u00e4p\u00e4 Suomessa esiintyv\u00e4t ravut. Opettele tunnistamaan ne tuntomerkkien perusteella.\" \/>\n<meta name=\"robots\" content=\"index, follow, max-snippet:-1, max-image-preview:large, max-video-preview:-1\" \/>\n<link rel=\"canonical\" href=\"https:\/\/sites.uef.fi\/rapukamu\/ravut\/\" \/>\n<meta property=\"og:locale\" content=\"fi_FI\" \/>\n<meta property=\"og:type\" content=\"article\" \/>\n<meta property=\"og:title\" content=\"Ravut - Rapukamu\" \/>\n<meta property=\"og:description\" content=\"Jokirapu, t\u00e4pl\u00e4rapu ja kapeasaksirapu, siin\u00e4p\u00e4 Suomessa esiintyv\u00e4t ravut. Opettele tunnistamaan ne tuntomerkkien perusteella.\" \/>\n<meta property=\"og:url\" content=\"https:\/\/sites.uef.fi\/rapukamu\/ravut\/\" \/>\n<meta property=\"og:site_name\" content=\"Rapukamu\" \/>\n<meta property=\"article:modified_time\" content=\"2023-12-14T16:26:53+00:00\" \/>\n<meta property=\"og:image\" content=\"https:\/\/sites.uef.fi\/rapukamu\/wp-content\/uploads\/sites\/377\/2022\/05\/jokirapu-taplarapu-tunnistus.jpg\" \/>\n<meta name=\"twitter:card\" content=\"summary_large_image\" \/>\n<meta name=\"twitter:label1\" content=\"Arvioitu lukuaika\" \/>\n\t<meta name=\"twitter:data1\" content=\"2 minuuttia\" \/>\n<script type=\"application\/ld+json\" class=\"yoast-schema-graph\">{\"@context\":\"https:\/\/schema.org\",\"@graph\":[{\"@type\":\"WebPage\",\"@id\":\"https:\/\/sites.uef.fi\/rapukamu\/ravut\/\",\"url\":\"https:\/\/sites.uef.fi\/rapukamu\/ravut\/\",\"name\":\"Ravut - Rapukamu\",\"isPartOf\":{\"@id\":\"https:\/\/sites.uef.fi\/rapukamu\/#website\"},\"primaryImageOfPage\":{\"@id\":\"https:\/\/sites.uef.fi\/rapukamu\/ravut\/#primaryimage\"},\"image\":{\"@id\":\"https:\/\/sites.uef.fi\/rapukamu\/ravut\/#primaryimage\"},\"thumbnailUrl\":\"https:\/\/sites.uef.fi\/rapukamu\/wp-content\/uploads\/sites\/377\/2022\/05\/jokirapu-taplarapu-tunnistus.jpg\",\"datePublished\":\"2022-05-31T11:31:58+00:00\",\"dateModified\":\"2023-12-14T16:26:53+00:00\",\"description\":\"Jokirapu, t\u00e4pl\u00e4rapu ja kapeasaksirapu, siin\u00e4p\u00e4 Suomessa esiintyv\u00e4t ravut. Opettele tunnistamaan ne tuntomerkkien perusteella.\",\"breadcrumb\":{\"@id\":\"https:\/\/sites.uef.fi\/rapukamu\/ravut\/#breadcrumb\"},\"inLanguage\":\"fi\",\"potentialAction\":[{\"@type\":\"ReadAction\",\"target\":[\"https:\/\/sites.uef.fi\/rapukamu\/ravut\/\"]}]},{\"@type\":\"ImageObject\",\"inLanguage\":\"fi\",\"@id\":\"https:\/\/sites.uef.fi\/rapukamu\/ravut\/#primaryimage\",\"url\":\"https:\/\/sites.uef.fi\/rapukamu\/wp-content\/uploads\/sites\/377\/2022\/05\/jokirapu-taplarapu-tunnistus.jpg\",\"contentUrl\":\"https:\/\/sites.uef.fi\/rapukamu\/wp-content\/uploads\/sites\/377\/2022\/05\/jokirapu-taplarapu-tunnistus.jpg\"},{\"@type\":\"BreadcrumbList\",\"@id\":\"https:\/\/sites.uef.fi\/rapukamu\/ravut\/#breadcrumb\",\"itemListElement\":[{\"@type\":\"ListItem\",\"position\":1,\"name\":\"Home\",\"item\":\"https:\/\/sites.uef.fi\/rapukamu\/\"},{\"@type\":\"ListItem\",\"position\":2,\"name\":\"Ravut\"}]},{\"@type\":\"WebSite\",\"@id\":\"https:\/\/sites.uef.fi\/rapukamu\/#website\",\"url\":\"https:\/\/sites.uef.fi\/rapukamu\/\",\"name\":\"Rapukamu\",\"description\":\"\",\"potentialAction\":[{\"@type\":\"SearchAction\",\"target\":{\"@type\":\"EntryPoint\",\"urlTemplate\":\"https:\/\/sites.uef.fi\/rapukamu\/?s={search_term_string}\"},\"query-input\":{\"@type\":\"PropertyValueSpecification\",\"valueRequired\":true,\"valueName\":\"search_term_string\"}}],\"inLanguage\":\"fi\"}]}<\/script>\n<!-- \/ Yoast SEO plugin. -->","yoast_head_json":{"title":"Ravut - Rapukamu","description":"Jokirapu, t\u00e4pl\u00e4rapu ja kapeasaksirapu, siin\u00e4p\u00e4 Suomessa esiintyv\u00e4t ravut. Opettele tunnistamaan ne tuntomerkkien perusteella.","robots":{"index":"index","follow":"follow","max-snippet":"max-snippet:-1","max-image-preview":"max-image-preview:large","max-video-preview":"max-video-preview:-1"},"canonical":"https:\/\/sites.uef.fi\/rapukamu\/ravut\/","og_locale":"fi_FI","og_type":"article","og_title":"Ravut - Rapukamu","og_description":"Jokirapu, t\u00e4pl\u00e4rapu ja kapeasaksirapu, siin\u00e4p\u00e4 Suomessa esiintyv\u00e4t ravut. Opettele tunnistamaan ne tuntomerkkien perusteella.","og_url":"https:\/\/sites.uef.fi\/rapukamu\/ravut\/","og_site_name":"Rapukamu","article_modified_time":"2023-12-14T16:26:53+00:00","og_image":[{"url":"https:\/\/sites.uef.fi\/rapukamu\/wp-content\/uploads\/sites\/377\/2022\/05\/jokirapu-taplarapu-tunnistus.jpg","type":"","width":"","height":""}],"twitter_card":"summary_large_image","twitter_misc":{"Arvioitu lukuaika":"2 minuuttia"},"schema":{"@context":"https:\/\/schema.org","@graph":[{"@type":"WebPage","@id":"https:\/\/sites.uef.fi\/rapukamu\/ravut\/","url":"https:\/\/sites.uef.fi\/rapukamu\/ravut\/","name":"Ravut - Rapukamu","isPartOf":{"@id":"https:\/\/sites.uef.fi\/rapukamu\/#website"},"primaryImageOfPage":{"@id":"https:\/\/sites.uef.fi\/rapukamu\/ravut\/#primaryimage"},"image":{"@id":"https:\/\/sites.uef.fi\/rapukamu\/ravut\/#primaryimage"},"thumbnailUrl":"https:\/\/sites.uef.fi\/rapukamu\/wp-content\/uploads\/sites\/377\/2022\/05\/jokirapu-taplarapu-tunnistus.jpg","datePublished":"2022-05-31T11:31:58+00:00","dateModified":"2023-12-14T16:26:53+00:00","description":"Jokirapu, t\u00e4pl\u00e4rapu ja kapeasaksirapu, siin\u00e4p\u00e4 Suomessa esiintyv\u00e4t ravut. Opettele tunnistamaan ne tuntomerkkien perusteella.","breadcrumb":{"@id":"https:\/\/sites.uef.fi\/rapukamu\/ravut\/#breadcrumb"},"inLanguage":"fi","potentialAction":[{"@type":"ReadAction","target":["https:\/\/sites.uef.fi\/rapukamu\/ravut\/"]}]},{"@type":"ImageObject","inLanguage":"fi","@id":"https:\/\/sites.uef.fi\/rapukamu\/ravut\/#primaryimage","url":"https:\/\/sites.uef.fi\/rapukamu\/wp-content\/uploads\/sites\/377\/2022\/05\/jokirapu-taplarapu-tunnistus.jpg","contentUrl":"https:\/\/sites.uef.fi\/rapukamu\/wp-content\/uploads\/sites\/377\/2022\/05\/jokirapu-taplarapu-tunnistus.jpg"},{"@type":"BreadcrumbList","@id":"https:\/\/sites.uef.fi\/rapukamu\/ravut\/#breadcrumb","itemListElement":[{"@type":"ListItem","position":1,"name":"Home","item":"https:\/\/sites.uef.fi\/rapukamu\/"},{"@type":"ListItem","position":2,"name":"Ravut"}]},{"@type":"WebSite","@id":"https:\/\/sites.uef.fi\/rapukamu\/#website","url":"https:\/\/sites.uef.fi\/rapukamu\/","name":"Rapukamu","description":"","potentialAction":[{"@type":"SearchAction","target":{"@type":"EntryPoint","urlTemplate":"https:\/\/sites.uef.fi\/rapukamu\/?s={search_term_string}"},"query-input":{"@type":"PropertyValueSpecification","valueRequired":true,"valueName":"search_term_string"}}],"inLanguage":"fi"}]}},"_links":{"self":[{"href":"https:\/\/sites.uef.fi\/rapukamu\/wp-json\/wp\/v2\/pages\/78","targetHints":{"allow":["GET"]}}],"collection":[{"href":"https:\/\/sites.uef.fi\/rapukamu\/wp-json\/wp\/v2\/pages"}],"about":[{"href":"https:\/\/sites.uef.fi\/rapukamu\/wp-json\/wp\/v2\/types\/page"}],"author":[{"embeddable":true,"href":"https:\/\/sites.uef.fi\/rapukamu\/wp-json\/wp\/v2\/users\/826"}],"replies":[{"embeddable":true,"href":"https:\/\/sites.uef.fi\/rapukamu\/wp-json\/wp\/v2\/comments?post=78"}],"version-history":[{"count":2,"href":"https:\/\/sites.uef.fi\/rapukamu\/wp-json\/wp\/v2\/pages\/78\/revisions"}],"predecessor-version":[{"id":929,"href":"https:\/\/sites.uef.fi\/rapukamu\/wp-json\/wp\/v2\/pages\/78\/revisions\/929"}],"wp:attachment":[{"href":"https:\/\/sites.uef.fi\/rapukamu\/wp-json\/wp\/v2\/media?parent=78"}],"curies":[{"name":"wp","href":"https:\/\/api.w.org\/{rel}","templated":true}]}}