{"id":90,"date":"2022-05-31T11:32:16","date_gmt":"2022-05-31T11:32:16","guid":{"rendered":"https:\/\/sites.uef.fi\/rapukamu\/?page_id=90"},"modified":"2023-12-14T16:30:29","modified_gmt":"2023-12-14T16:30:29","slug":"taplarapu","status":"publish","type":"page","link":"https:\/\/sites.uef.fi\/rapukamu\/taplarapu\/","title":{"rendered":"T\u00e4pl\u00e4rapu"},"content":{"rendered":"\n<p>T\u00e4pl\u00e4rapu on haitallinen vieraslaji (SLL 2013), joka kotiutettiin Suomeen 1960-luvulla. Alunperin oli tarkoituksena t\u00e4pl\u00e4ravun istuttaminen Etel\u00e4-Suomen vesiin, mutta vahingossa ja tahallaan se on levitetty ja levinnyt hiljalleen kohti pohjoista. T\u00e4pl\u00e4rapu vie jokiravulta tilan ja h\u00e4vitt\u00e4\u00e4 siten jokiravun esiintymisalueeltaan.<\/p>\n\n\n\n<p class=\"has-text-align-center\"><img loading=\"lazy\" decoding=\"async\" width=\"921\" height=\"1572\" class=\"wp-image-235\" style=\"width: 200px\" src=\"https:\/\/sites.uef.fi\/rapukamu\/wp-content\/uploads\/sites\/377\/2022\/05\/signalkrafta-linda-nyman-jiipekki.jpg\" alt=\"\" srcset=\"https:\/\/sites.uef.fi\/rapukamu\/wp-content\/uploads\/sites\/377\/2022\/05\/signalkrafta-linda-nyman-jiipekki.jpg 921w, https:\/\/sites.uef.fi\/rapukamu\/wp-content\/uploads\/sites\/377\/2022\/05\/signalkrafta-linda-nyman-jiipekki-176x300.jpg 176w, https:\/\/sites.uef.fi\/rapukamu\/wp-content\/uploads\/sites\/377\/2022\/05\/signalkrafta-linda-nyman-jiipekki-600x1024.jpg 600w, https:\/\/sites.uef.fi\/rapukamu\/wp-content\/uploads\/sites\/377\/2022\/05\/signalkrafta-linda-nyman-jiipekki-768x1311.jpg 768w, https:\/\/sites.uef.fi\/rapukamu\/wp-content\/uploads\/sites\/377\/2022\/05\/signalkrafta-linda-nyman-jiipekki-900x1536.jpg 900w\" sizes=\"auto, (max-width: 921px) 100vw, 921px\" \/><\/p>\n\n\n\n<p class=\"has-text-align-left\">T\u00e4pl\u00e4rapu voi kantaa rapuruttoa ilman ulkoisia oireita. Osa t\u00e4pl\u00e4ravuista voi olla terveit\u00e4, mutta kaikkia t\u00e4pl\u00e4rapuja on varmuuden vuoksi kohdeltava rapuruton kantajina. T\u00e4pl\u00e4rapu toimii siten rapuruton levitt\u00e4j\u00e4n\u00e4. T\u00e4pl\u00e4rapu voi itsekin kuolla rapuruttoon ja t\u00e4pl\u00e4ravun luonnonkantojen vaihtelut ja t\u00e4pl\u00e4rapukantojen romahdukset ovat yleens\u00e4 ainakin osin rapuruton aiheuttamia.<\/p>\n\n\n\n<p>Pohjoismaissa, joissa ravustus on suosittua ja rapukantoja viel\u00e4 ravustettavaksi, on havaittu t\u00e4pl\u00e4rapukantojen vaihtelevan suuresti eik\u00e4 rapusaaliin saamisesta ole takuita vaikka edellinen vuosi olisi ollut hyv\u00e4. Ruotsalaiset ovat asiasta kertoneet jo usean vuoden ajan, oikeastaan jo muutaman vuosikymmenen ajan. Suomestakin on kev\u00e4\u00e4ll\u00e4 2013 raportoitu t\u00e4pl\u00e4rapukantojen voimakkaista vaihteluista, jopa romahduksista (Jussila ja muut 2014). <\/p>\n\n\n\n<p>T\u00e4pl\u00e4rapu menestyy parhaiten etel\u00e4isess\u00e4 Suomessa, itse asiassa viel\u00e4kin paremmin Suomea etel\u00e4mp\u00e4n\u00e4. T\u00e4pl\u00e4rapu suunniteltiin alunperin kotiutettavaksi etel\u00e4iseen Suomeen. Tilanne on radikaalisti muuttunut (Ruokonen ja muut 2018) ja uusi kansallinen vieraslajilaki sek\u00e4 EU:n vieraslajis\u00e4\u00e4nn\u00f6st\u00f6 kielt\u00e4\u00e4 t\u00e4pl\u00e4ravun istutukset Suomessa.<\/p>\n\n\n\n<p>Pohjoisen lyhyt kes\u00e4 ja pitk\u00e4 kylm\u00e4 talvi ei sovi t\u00e4pl\u00e4ravulle, vaan sen lis\u00e4\u00e4ntyminen vaikeutuu pohjoisen oloissa.<\/p>\n\n\n\n<p>T\u00e4pl\u00e4rapu tulee hyvin toimeen rapuruton kanssa alkuper\u00e4isell\u00e4 levinneisyysalueellaan Pohjois-Amerikassa. Euroopassa havaittu t\u00e4pl\u00e4rapukantojen sairastuminen ja runsaat rapuruttolaikut ovat eurooppalaisille t\u00e4pl\u00e4ravuille ominainen tautivaste. Onkin ilmeist\u00e4, ett\u00e4 eurooppalaiset ja erityiset Pohjolan olot ovat sek\u00e4 valikoineet ett\u00e4 rasittaneet t\u00e4pl\u00e4rapua siten, ett\u00e4 sen selviytyminen rapurutosta ei ole itsest\u00e4\u00e4n selv\u00e4\u00e4.<\/p>\n\n\n\n<p class=\"has-text-align-center\"><strong>T\u00e4pl\u00e4rapu ei ole rapurutolle immuuni eik\u00e4 aina edes vastustuskykyinen<\/strong>.<\/p>\n\n\n\n<p>T\u00e4pl\u00e4rapusaalis on ollut viime vuosina 4-8 miljoonaa rapua ja saaliin vaihtelun syyn\u00e4 on t\u00e4pl\u00e4rapukantojen kohtuullisen suuri vuosittainen vaihtelu. Ravustaja on saanut 10 senttisest\u00e4 t\u00e4pl\u00e4ravusta 0,5 &#8211; 1 euroa. T\u00e4pl\u00e4rapu liikkuu viel\u00e4 my\u00f6h\u00e4\u00e4n syksyll\u00e4 ja sen ravustus onnistuu selv\u00e4sti pitemp\u00e4\u00e4n kuin jokiravun. Ravun kysynt\u00e4 tosin loppuu ennen t\u00e4pl\u00e4rapusaaliin ehtymist\u00e4 syksyll\u00e4.<\/p>\n\n\n\n<div class=\"links-block\">\n\n    \n    <ul class=\"link-list\">\n        \n            \n            <li class=\"link-list-item\">\n                <a href=\"https:\/\/sites.uef.fi\/rapukamu\/rapurutto-taplaravussa\/\" class=\"link-reset link hover-scale-down\">\n                    <svg\n        width=\"43\" height=\"25\"\n        viewBox=\"0 0 43 25\"\n        xmlns=\"http:\/\/www.w3.org\/2000\/svg\">\n    <path\n        d=\"M30.027 0 43 12.5 30.027 25 27 22.083 34.351 15H0v-5h34.351L27 2.917z\"\n        fill=\"currentColor\"\n        fill-rule=\"evenodd\"\/>\n<\/svg>                    <div>RAPURUTTO T\u00c4PL\u00c4RAVUSSA<\/div>\n                <\/a>\n                <div class=\"link-info\">\n                                    <\/div>\n            <\/li>\n\n        \n            <li class=\"link-list-item\">\n                <a href=\"https:\/\/sites.uef.fi\/rapukamu\/21-2\/\" class=\"link-reset link hover-scale-down\">\n                    <svg\n        width=\"43\" height=\"25\"\n        viewBox=\"0 0 43 25\"\n        xmlns=\"http:\/\/www.w3.org\/2000\/svg\">\n    <path\n        d=\"M30.027 0 43 12.5 30.027 25 27 22.083 34.351 15H0v-5h34.351L27 2.917z\"\n        fill=\"currentColor\"\n        fill-rule=\"evenodd\"\/>\n<\/svg>                    <div>T\u00c4PL\u00c4RAPU KANTAA RAPURUTTOA<\/div>\n                <\/a>\n                <div class=\"link-info\">\n                                    <\/div>\n            <\/li>\n\n        \n            <li class=\"link-list-item\">\n                <a href=\"https:\/\/sites.uef.fi\/rapukamu\/taplaravun-kannanvaihtelut\/\" class=\"link-reset link hover-scale-down\">\n                    <svg\n        width=\"43\" height=\"25\"\n        viewBox=\"0 0 43 25\"\n        xmlns=\"http:\/\/www.w3.org\/2000\/svg\">\n    <path\n        d=\"M30.027 0 43 12.5 30.027 25 27 22.083 34.351 15H0v-5h34.351L27 2.917z\"\n        fill=\"currentColor\"\n        fill-rule=\"evenodd\"\/>\n<\/svg>                    <div>T\u00c4PL\u00c4RAVUN KANNANVAIHTELUT<\/div>\n                <\/a>\n                <div class=\"link-info\">\n                                    <\/div>\n            <\/li>\n\n        \n            <li class=\"link-list-item\">\n                <a href=\"https:\/\/sites.uef.fi\/rapukamu\/pyrstojalkatauti\/\" class=\"link-reset link hover-scale-down\">\n                    <svg\n        width=\"43\" height=\"25\"\n        viewBox=\"0 0 43 25\"\n        xmlns=\"http:\/\/www.w3.org\/2000\/svg\">\n    <path\n        d=\"M30.027 0 43 12.5 30.027 25 27 22.083 34.351 15H0v-5h34.351L27 2.917z\"\n        fill=\"currentColor\"\n        fill-rule=\"evenodd\"\/>\n<\/svg>                    <div>PYRST\u00d6JALKATAUTI<\/div>\n                <\/a>\n                <div class=\"link-info\">\n                                    <\/div>\n            <\/li>\n\n                <\/ul>\n<\/div>","protected":false},"excerpt":{"rendered":"<p>T\u00e4pl\u00e4rapu on haitallinen vieraslaji (SLL 2013), joka kotiutettiin Suomeen 1960-luvulla. Alunperin oli tarkoituksena t\u00e4pl\u00e4ravun istuttaminen Etel\u00e4-Suomen vesiin, mutta vahingossa ja tahallaan se on levitetty ja levinnyt hiljalleen kohti pohjoista. T\u00e4pl\u00e4rapu vie jokiravulta tilan ja h\u00e4vitt\u00e4\u00e4 siten jokiravun esiintymisalueeltaan. T\u00e4pl\u00e4rapu voi kantaa rapuruttoa ilman ulkoisia oireita. Osa t\u00e4pl\u00e4ravuista voi olla terveit\u00e4, mutta kaikkia t\u00e4pl\u00e4rapuja on varmuuden [&hellip;]<\/p>\n","protected":false},"author":826,"featured_media":0,"parent":0,"menu_order":0,"comment_status":"closed","ping_status":"closed","template":"","meta":{"_acf_changed":false,"footnotes":""},"class_list":["post-90","page","type-page","status-publish","hentry"],"acf":[],"yoast_head":"<!-- This site is optimized with the Yoast SEO plugin v27.1.1 - https:\/\/yoast.com\/product\/yoast-seo-wordpress\/ -->\n<title>T\u00e4pl\u00e4rapu - Rapukamu<\/title>\n<meta name=\"description\" content=\"T\u00e4pl\u00e4rapu on haitallinen vieraslaji, joka levitt\u00e4\u00e4 eritt\u00e4in tappavaa rapuruton muotoa. Ole tarkkana t\u00e4pl\u00e4ravun kanssa!\" \/>\n<meta name=\"robots\" content=\"index, follow, max-snippet:-1, max-image-preview:large, max-video-preview:-1\" \/>\n<link rel=\"canonical\" href=\"https:\/\/sites.uef.fi\/rapukamu\/taplarapu\/\" \/>\n<meta property=\"og:locale\" content=\"fi_FI\" \/>\n<meta property=\"og:type\" content=\"article\" \/>\n<meta property=\"og:title\" content=\"T\u00e4pl\u00e4rapu - Rapukamu\" \/>\n<meta property=\"og:description\" content=\"T\u00e4pl\u00e4rapu on haitallinen vieraslaji, joka levitt\u00e4\u00e4 eritt\u00e4in tappavaa rapuruton muotoa. Ole tarkkana t\u00e4pl\u00e4ravun kanssa!\" \/>\n<meta property=\"og:url\" content=\"https:\/\/sites.uef.fi\/rapukamu\/taplarapu\/\" \/>\n<meta property=\"og:site_name\" content=\"Rapukamu\" \/>\n<meta property=\"article:modified_time\" content=\"2023-12-14T16:30:29+00:00\" \/>\n<meta property=\"og:image\" content=\"https:\/\/sites.uef.fi\/rapukamu\/wp-content\/uploads\/sites\/377\/2022\/05\/signalkrafta-linda-nyman-jiipekki.jpg\" \/>\n<meta name=\"twitter:card\" content=\"summary_large_image\" \/>\n<meta name=\"twitter:label1\" content=\"Arvioitu lukuaika\" \/>\n\t<meta name=\"twitter:data1\" content=\"2 minuuttia\" \/>\n<script type=\"application\/ld+json\" class=\"yoast-schema-graph\">{\"@context\":\"https:\/\/schema.org\",\"@graph\":[{\"@type\":\"WebPage\",\"@id\":\"https:\/\/sites.uef.fi\/rapukamu\/taplarapu\/\",\"url\":\"https:\/\/sites.uef.fi\/rapukamu\/taplarapu\/\",\"name\":\"T\u00e4pl\u00e4rapu - Rapukamu\",\"isPartOf\":{\"@id\":\"https:\/\/sites.uef.fi\/rapukamu\/#website\"},\"primaryImageOfPage\":{\"@id\":\"https:\/\/sites.uef.fi\/rapukamu\/taplarapu\/#primaryimage\"},\"image\":{\"@id\":\"https:\/\/sites.uef.fi\/rapukamu\/taplarapu\/#primaryimage\"},\"thumbnailUrl\":\"https:\/\/sites.uef.fi\/rapukamu\/wp-content\/uploads\/sites\/377\/2022\/05\/signalkrafta-linda-nyman-jiipekki.jpg\",\"datePublished\":\"2022-05-31T11:32:16+00:00\",\"dateModified\":\"2023-12-14T16:30:29+00:00\",\"description\":\"T\u00e4pl\u00e4rapu on haitallinen vieraslaji, joka levitt\u00e4\u00e4 eritt\u00e4in tappavaa rapuruton muotoa. Ole tarkkana t\u00e4pl\u00e4ravun kanssa!\",\"breadcrumb\":{\"@id\":\"https:\/\/sites.uef.fi\/rapukamu\/taplarapu\/#breadcrumb\"},\"inLanguage\":\"fi\",\"potentialAction\":[{\"@type\":\"ReadAction\",\"target\":[\"https:\/\/sites.uef.fi\/rapukamu\/taplarapu\/\"]}]},{\"@type\":\"ImageObject\",\"inLanguage\":\"fi\",\"@id\":\"https:\/\/sites.uef.fi\/rapukamu\/taplarapu\/#primaryimage\",\"url\":\"https:\/\/sites.uef.fi\/rapukamu\/wp-content\/uploads\/sites\/377\/2022\/05\/signalkrafta-linda-nyman-jiipekki.jpg\",\"contentUrl\":\"https:\/\/sites.uef.fi\/rapukamu\/wp-content\/uploads\/sites\/377\/2022\/05\/signalkrafta-linda-nyman-jiipekki.jpg\",\"width\":921,\"height\":1572,\"caption\":\"T\u00e4pl\u00e4rapu (kuva Linda Nyman)\"},{\"@type\":\"BreadcrumbList\",\"@id\":\"https:\/\/sites.uef.fi\/rapukamu\/taplarapu\/#breadcrumb\",\"itemListElement\":[{\"@type\":\"ListItem\",\"position\":1,\"name\":\"Home\",\"item\":\"https:\/\/sites.uef.fi\/rapukamu\/\"},{\"@type\":\"ListItem\",\"position\":2,\"name\":\"T\u00e4pl\u00e4rapu\"}]},{\"@type\":\"WebSite\",\"@id\":\"https:\/\/sites.uef.fi\/rapukamu\/#website\",\"url\":\"https:\/\/sites.uef.fi\/rapukamu\/\",\"name\":\"Rapukamu\",\"description\":\"\",\"potentialAction\":[{\"@type\":\"SearchAction\",\"target\":{\"@type\":\"EntryPoint\",\"urlTemplate\":\"https:\/\/sites.uef.fi\/rapukamu\/?s={search_term_string}\"},\"query-input\":{\"@type\":\"PropertyValueSpecification\",\"valueRequired\":true,\"valueName\":\"search_term_string\"}}],\"inLanguage\":\"fi\"}]}<\/script>\n<!-- \/ Yoast SEO plugin. -->","yoast_head_json":{"title":"T\u00e4pl\u00e4rapu - Rapukamu","description":"T\u00e4pl\u00e4rapu on haitallinen vieraslaji, joka levitt\u00e4\u00e4 eritt\u00e4in tappavaa rapuruton muotoa. Ole tarkkana t\u00e4pl\u00e4ravun kanssa!","robots":{"index":"index","follow":"follow","max-snippet":"max-snippet:-1","max-image-preview":"max-image-preview:large","max-video-preview":"max-video-preview:-1"},"canonical":"https:\/\/sites.uef.fi\/rapukamu\/taplarapu\/","og_locale":"fi_FI","og_type":"article","og_title":"T\u00e4pl\u00e4rapu - Rapukamu","og_description":"T\u00e4pl\u00e4rapu on haitallinen vieraslaji, joka levitt\u00e4\u00e4 eritt\u00e4in tappavaa rapuruton muotoa. Ole tarkkana t\u00e4pl\u00e4ravun kanssa!","og_url":"https:\/\/sites.uef.fi\/rapukamu\/taplarapu\/","og_site_name":"Rapukamu","article_modified_time":"2023-12-14T16:30:29+00:00","og_image":[{"url":"https:\/\/sites.uef.fi\/rapukamu\/wp-content\/uploads\/sites\/377\/2022\/05\/signalkrafta-linda-nyman-jiipekki.jpg","type":"","width":"","height":""}],"twitter_card":"summary_large_image","twitter_misc":{"Arvioitu lukuaika":"2 minuuttia"},"schema":{"@context":"https:\/\/schema.org","@graph":[{"@type":"WebPage","@id":"https:\/\/sites.uef.fi\/rapukamu\/taplarapu\/","url":"https:\/\/sites.uef.fi\/rapukamu\/taplarapu\/","name":"T\u00e4pl\u00e4rapu - Rapukamu","isPartOf":{"@id":"https:\/\/sites.uef.fi\/rapukamu\/#website"},"primaryImageOfPage":{"@id":"https:\/\/sites.uef.fi\/rapukamu\/taplarapu\/#primaryimage"},"image":{"@id":"https:\/\/sites.uef.fi\/rapukamu\/taplarapu\/#primaryimage"},"thumbnailUrl":"https:\/\/sites.uef.fi\/rapukamu\/wp-content\/uploads\/sites\/377\/2022\/05\/signalkrafta-linda-nyman-jiipekki.jpg","datePublished":"2022-05-31T11:32:16+00:00","dateModified":"2023-12-14T16:30:29+00:00","description":"T\u00e4pl\u00e4rapu on haitallinen vieraslaji, joka levitt\u00e4\u00e4 eritt\u00e4in tappavaa rapuruton muotoa. Ole tarkkana t\u00e4pl\u00e4ravun kanssa!","breadcrumb":{"@id":"https:\/\/sites.uef.fi\/rapukamu\/taplarapu\/#breadcrumb"},"inLanguage":"fi","potentialAction":[{"@type":"ReadAction","target":["https:\/\/sites.uef.fi\/rapukamu\/taplarapu\/"]}]},{"@type":"ImageObject","inLanguage":"fi","@id":"https:\/\/sites.uef.fi\/rapukamu\/taplarapu\/#primaryimage","url":"https:\/\/sites.uef.fi\/rapukamu\/wp-content\/uploads\/sites\/377\/2022\/05\/signalkrafta-linda-nyman-jiipekki.jpg","contentUrl":"https:\/\/sites.uef.fi\/rapukamu\/wp-content\/uploads\/sites\/377\/2022\/05\/signalkrafta-linda-nyman-jiipekki.jpg","width":921,"height":1572,"caption":"T\u00e4pl\u00e4rapu (kuva Linda Nyman)"},{"@type":"BreadcrumbList","@id":"https:\/\/sites.uef.fi\/rapukamu\/taplarapu\/#breadcrumb","itemListElement":[{"@type":"ListItem","position":1,"name":"Home","item":"https:\/\/sites.uef.fi\/rapukamu\/"},{"@type":"ListItem","position":2,"name":"T\u00e4pl\u00e4rapu"}]},{"@type":"WebSite","@id":"https:\/\/sites.uef.fi\/rapukamu\/#website","url":"https:\/\/sites.uef.fi\/rapukamu\/","name":"Rapukamu","description":"","potentialAction":[{"@type":"SearchAction","target":{"@type":"EntryPoint","urlTemplate":"https:\/\/sites.uef.fi\/rapukamu\/?s={search_term_string}"},"query-input":{"@type":"PropertyValueSpecification","valueRequired":true,"valueName":"search_term_string"}}],"inLanguage":"fi"}]}},"_links":{"self":[{"href":"https:\/\/sites.uef.fi\/rapukamu\/wp-json\/wp\/v2\/pages\/90","targetHints":{"allow":["GET"]}}],"collection":[{"href":"https:\/\/sites.uef.fi\/rapukamu\/wp-json\/wp\/v2\/pages"}],"about":[{"href":"https:\/\/sites.uef.fi\/rapukamu\/wp-json\/wp\/v2\/types\/page"}],"author":[{"embeddable":true,"href":"https:\/\/sites.uef.fi\/rapukamu\/wp-json\/wp\/v2\/users\/826"}],"replies":[{"embeddable":true,"href":"https:\/\/sites.uef.fi\/rapukamu\/wp-json\/wp\/v2\/comments?post=90"}],"version-history":[{"count":2,"href":"https:\/\/sites.uef.fi\/rapukamu\/wp-json\/wp\/v2\/pages\/90\/revisions"}],"predecessor-version":[{"id":935,"href":"https:\/\/sites.uef.fi\/rapukamu\/wp-json\/wp\/v2\/pages\/90\/revisions\/935"}],"wp:attachment":[{"href":"https:\/\/sites.uef.fi\/rapukamu\/wp-json\/wp\/v2\/media?parent=90"}],"curies":[{"name":"wp","href":"https:\/\/api.w.org\/{rel}","templated":true}]}}