{"id":2094,"date":"2023-11-28T13:23:03","date_gmt":"2023-11-28T11:23:03","guid":{"rendered":"https:\/\/sites.uef.fi\/real-life-emissions\/?page_id=2094"},"modified":"2023-11-28T14:30:34","modified_gmt":"2023-11-28T12:30:34","slug":"ajankohtaista-puun-pienpoltosta-seminaarin-esitykset","status":"publish","type":"page","link":"https:\/\/sites.uef.fi\/real-life-emissions\/ajankohtaista-puun-pienpoltosta-seminaarin-esitykset\/","title":{"rendered":"Ajankohtaista puun pienpoltosta seminaarin esitykset"},"content":{"rendered":"\n<p>OSA 1: Puun pienpolton merkitys ja vaikutukset Suomessa<\/p>\n\n\n\n<p><a href=\"https:\/\/sites.uef.fi\/real-life-emissions\/wp-content\/uploads\/sites\/321\/2023\/11\/UEF-pienpolttoseminaari-2023-Niinisto.pdf\">L\u00e4hes viidennes puupolttoaineista palaa pienkohteissa <\/a><br><em>Tuomas Niinist\u00f6, yliaktuaari, Luonnonvarakeskus<\/em><\/p>\n\n\n\n<p><a href=\"https:\/\/sites.uef.fi\/real-life-emissions\/wp-content\/uploads\/sites\/321\/2023\/11\/Puunpolton-vaikutus-ilmanlaatuun_Kuopio_2023_Niemi.pdf\">Puunpolton vaikutus ilmanlaatuun p\u00e4\u00e4kaupunkiseudulla ja muualla Suomessa.<\/a> <br><em>Jarkko Niemi, ilmansuojeluasiantuntija, Helsingin seudun ymp\u00e4rist\u00f6palvelut HSY <\/em><\/p>\n\n\n\n<p><a href=\"https:\/\/sites.uef.fi\/real-life-emissions\/wp-content\/uploads\/sites\/321\/2023\/11\/Savolahti_UEF_14_11_23.pdf\">Puun pienpolton merkitys p\u00e4\u00e4st\u00f6inventaarioissa<\/a> <br><em>Mikko Savolahti, erikoistutkija, Suomen ymp\u00e4rist\u00f6keskus<\/em><\/p>\n\n\n\n<p><a href=\"https:\/\/sites.uef.fi\/real-life-emissions\/wp-content\/uploads\/sites\/321\/2023\/11\/Pienpolton-savuille-altistuminen-asuinymparistossa-ja-terveyshaitat-1.pdf\">Pienpolton savuille altistuminen asuinymp\u00e4rist\u00f6ss\u00e4 ja terveyshaitat<\/a> <br><em>Taina Siponen, erityisasiantuntija, Terveyden ja hyvinvoinnin laitos<\/em><\/p>\n\n\n\n<p>OSA 2: Kiukaiden ymp\u00e4rist\u00f6vaikutusten v\u00e4hent\u00e4minen -hanke <\/p>\n\n\n\n<p>Poimintoja KIUAS-2 \u2013hankkeen tuloksista: Kiukaiden polttotekniikoiden kehitysty\u00f6, kiukaiden p\u00e4\u00e4st\u00f6jen vaikutus saunan sis\u00e4ilmaanja hankkeen tuotokset.<br><em>Jarkko Tissari, It\u00e4-Suomen yliopisto <\/em><\/p>\n\n\n\n<p><a href=\"https:\/\/sites.uef.fi\/real-life-emissions\/wp-content\/uploads\/sites\/321\/2023\/11\/2023-11-14-Seminaariseitykset-Jarkko-Tissari-1.pdf\">Jarkko Tissarin seminaariesitykset<\/a><\/p>\n\n\n\n<p>OSA 3: Puun pienpolttoon liittyv\u00e4n lains\u00e4\u00e4d\u00e4nn\u00f6n ja ohjeistusten tilanne <\/p>\n\n\n\n<p>Pieniin puunpolttolaitteisiin liittyv\u00e4 lains\u00e4\u00e4d\u00e4nt\u00f6, alustuspuheenvuoro <br><em>Jarkko Tissari, It\u00e4-Suomen yliopisto<\/em><br><br><a href=\"https:\/\/sites.uef.fi\/real-life-emissions\/wp-content\/uploads\/sites\/321\/2023\/11\/231114_pienpolttoseminaari_kuopio_UEF_TC295-2023_OnniO.pdf\">Pienten polttolaitteiden testausstandardoinnin tilanne<\/a><br><em>Onni Ovaskainen, tekninen asiantuntija Tulikivi Oyj\/v\u00e4it\u00f6skirjatutkija It\u00e4-Suomen yliopisto<\/em><\/p>\n\n\n\n<p><a href=\"https:\/\/sites.uef.fi\/real-life-emissions\/wp-content\/uploads\/sites\/321\/2023\/11\/Pienten-polttolaitteiden-hiukkasmittaustekniikat_Juho-Louhisalmi.pdf\">Pienten polttolaitteiden hiukkasmittaustekniikat: Real -LIFE Emissions-hankkeen tuloksia.<\/a><br><em>Juho Louhisalmi,projektitutkija, It\u00e4-Suomen yliopisto <\/em><\/p>\n\n\n\n<p><a href=\"https:\/\/sites.uef.fi\/real-life-emissions\/wp-content\/uploads\/sites\/321\/2023\/11\/KISOpienpoltto_ja_savuhaittaohje_Kuopio_14.11.2023.pdf\">Kansallisen ilmansuojeluohjelman pienpolttotoimenpiteet ja savuhaittaohje valvontaviranomaisille.<\/a> <br><em>Katja Ohtonen, erityisasiantuntija, Ymp\u00e4rist\u00f6ministeri\u00f6 <\/em><\/p>\n\n\n\n<p><a href=\"https:\/\/sites.uef.fi\/real-life-emissions\/wp-content\/uploads\/sites\/321\/2023\/11\/kiuas2_suhonen_public.pdf\">Puun pienpolton hiukkasp\u00e4\u00e4st\u00f6jen puhdistustekniikat. NoetonOy:nratkaisu <\/a><br><em>Heikki Suhonen, Chief Product Officer, Noeton Oy<\/em><\/p>\n","protected":false},"excerpt":{"rendered":"<p>OSA 1: Puun pienpolton merkitys ja vaikutukset Suomessa L\u00e4hes viidennes puupolttoaineista palaa pienkohteissa Tuomas Niinist\u00f6, yliaktuaari, Luonnonvarakeskus Puunpolton vaikutus ilmanlaatuun p\u00e4\u00e4kaupunkiseudulla ja muualla Suomessa. Jarkko Niemi, ilmansuojeluasiantuntija, Helsingin seudun ymp\u00e4rist\u00f6palvelut HSY Puun pienpolton merkitys p\u00e4\u00e4st\u00f6inventaarioissa Mikko Savolahti, erikoistutkija, Suomen ymp\u00e4rist\u00f6keskus Pienpolton savuille altistuminen asuinymp\u00e4rist\u00f6ss\u00e4 ja terveyshaitat Taina Siponen, erityisasiantuntija, Terveyden ja hyvinvoinnin laitos OSA 2: [&hellip;]<\/p>\n","protected":false},"author":579,"featured_media":0,"parent":0,"menu_order":0,"comment_status":"closed","ping_status":"closed","template":"","meta":{"_acf_changed":false,"footnotes":""},"class_list":["post-2094","page","type-page","status-publish","hentry"],"acf":[],"yoast_head":"<!-- This site is optimized with the Yoast SEO plugin v27.3 - https:\/\/yoast.com\/product\/yoast-seo-wordpress\/ -->\n<title>Ajankohtaista puun pienpoltosta seminaarin esitykset - Real-LIFE Emissions<\/title>\n<meta name=\"robots\" content=\"index, follow, max-snippet:-1, max-image-preview:large, max-video-preview:-1\" \/>\n<link rel=\"canonical\" href=\"https:\/\/sites.uef.fi\/real-life-emissions\/ajankohtaista-puun-pienpoltosta-seminaarin-esitykset\/\" \/>\n<meta property=\"og:locale\" content=\"en_US\" \/>\n<meta property=\"og:type\" content=\"article\" \/>\n<meta property=\"og:title\" content=\"Ajankohtaista puun pienpoltosta seminaarin esitykset - Real-LIFE Emissions\" \/>\n<meta property=\"og:description\" content=\"OSA 1: Puun pienpolton merkitys ja vaikutukset Suomessa L\u00e4hes viidennes puupolttoaineista palaa pienkohteissa Tuomas Niinist\u00f6, yliaktuaari, Luonnonvarakeskus Puunpolton vaikutus ilmanlaatuun p\u00e4\u00e4kaupunkiseudulla ja muualla Suomessa. Jarkko Niemi, ilmansuojeluasiantuntija, Helsingin seudun ymp\u00e4rist\u00f6palvelut HSY Puun pienpolton merkitys p\u00e4\u00e4st\u00f6inventaarioissa Mikko Savolahti, erikoistutkija, Suomen ymp\u00e4rist\u00f6keskus Pienpolton savuille altistuminen asuinymp\u00e4rist\u00f6ss\u00e4 ja terveyshaitat Taina Siponen, erityisasiantuntija, Terveyden ja hyvinvoinnin laitos OSA 2: [&hellip;]\" \/>\n<meta property=\"og:url\" content=\"https:\/\/sites.uef.fi\/real-life-emissions\/ajankohtaista-puun-pienpoltosta-seminaarin-esitykset\/\" \/>\n<meta property=\"og:site_name\" content=\"Real-LIFE Emissions\" \/>\n<meta property=\"article:modified_time\" content=\"2023-11-28T12:30:34+00:00\" \/>\n<meta name=\"twitter:card\" content=\"summary_large_image\" \/>\n<meta name=\"twitter:label1\" content=\"Est. reading time\" \/>\n\t<meta name=\"twitter:data1\" content=\"1 minute\" \/>\n<script type=\"application\/ld+json\" class=\"yoast-schema-graph\">{\"@context\":\"https:\\\/\\\/schema.org\",\"@graph\":[{\"@type\":\"WebPage\",\"@id\":\"https:\\\/\\\/sites.uef.fi\\\/real-life-emissions\\\/ajankohtaista-puun-pienpoltosta-seminaarin-esitykset\\\/\",\"url\":\"https:\\\/\\\/sites.uef.fi\\\/real-life-emissions\\\/ajankohtaista-puun-pienpoltosta-seminaarin-esitykset\\\/\",\"name\":\"Ajankohtaista puun pienpoltosta seminaarin esitykset - Real-LIFE Emissions\",\"isPartOf\":{\"@id\":\"https:\\\/\\\/sites.uef.fi\\\/real-life-emissions\\\/#website\"},\"datePublished\":\"2023-11-28T11:23:03+00:00\",\"dateModified\":\"2023-11-28T12:30:34+00:00\",\"breadcrumb\":{\"@id\":\"https:\\\/\\\/sites.uef.fi\\\/real-life-emissions\\\/ajankohtaista-puun-pienpoltosta-seminaarin-esitykset\\\/#breadcrumb\"},\"inLanguage\":\"en-US\",\"potentialAction\":[{\"@type\":\"ReadAction\",\"target\":[\"https:\\\/\\\/sites.uef.fi\\\/real-life-emissions\\\/ajankohtaista-puun-pienpoltosta-seminaarin-esitykset\\\/\"]}]},{\"@type\":\"BreadcrumbList\",\"@id\":\"https:\\\/\\\/sites.uef.fi\\\/real-life-emissions\\\/ajankohtaista-puun-pienpoltosta-seminaarin-esitykset\\\/#breadcrumb\",\"itemListElement\":[{\"@type\":\"ListItem\",\"position\":1,\"name\":\"Home\",\"item\":\"https:\\\/\\\/sites.uef.fi\\\/real-life-emissions\\\/\"},{\"@type\":\"ListItem\",\"position\":2,\"name\":\"Ajankohtaista puun pienpoltosta seminaarin esitykset\"}]},{\"@type\":\"WebSite\",\"@id\":\"https:\\\/\\\/sites.uef.fi\\\/real-life-emissions\\\/#website\",\"url\":\"https:\\\/\\\/sites.uef.fi\\\/real-life-emissions\\\/\",\"name\":\"Real-LIFE Emissions\",\"description\":\"\",\"potentialAction\":[{\"@type\":\"SearchAction\",\"target\":{\"@type\":\"EntryPoint\",\"urlTemplate\":\"https:\\\/\\\/sites.uef.fi\\\/real-life-emissions\\\/?s={search_term_string}\"},\"query-input\":{\"@type\":\"PropertyValueSpecification\",\"valueRequired\":true,\"valueName\":\"search_term_string\"}}],\"inLanguage\":\"en-US\"}]}<\/script>\n<!-- \/ Yoast SEO plugin. -->","yoast_head_json":{"title":"Ajankohtaista puun pienpoltosta seminaarin esitykset - Real-LIFE Emissions","robots":{"index":"index","follow":"follow","max-snippet":"max-snippet:-1","max-image-preview":"max-image-preview:large","max-video-preview":"max-video-preview:-1"},"canonical":"https:\/\/sites.uef.fi\/real-life-emissions\/ajankohtaista-puun-pienpoltosta-seminaarin-esitykset\/","og_locale":"en_US","og_type":"article","og_title":"Ajankohtaista puun pienpoltosta seminaarin esitykset - Real-LIFE Emissions","og_description":"OSA 1: Puun pienpolton merkitys ja vaikutukset Suomessa L\u00e4hes viidennes puupolttoaineista palaa pienkohteissa Tuomas Niinist\u00f6, yliaktuaari, Luonnonvarakeskus Puunpolton vaikutus ilmanlaatuun p\u00e4\u00e4kaupunkiseudulla ja muualla Suomessa. Jarkko Niemi, ilmansuojeluasiantuntija, Helsingin seudun ymp\u00e4rist\u00f6palvelut HSY Puun pienpolton merkitys p\u00e4\u00e4st\u00f6inventaarioissa Mikko Savolahti, erikoistutkija, Suomen ymp\u00e4rist\u00f6keskus Pienpolton savuille altistuminen asuinymp\u00e4rist\u00f6ss\u00e4 ja terveyshaitat Taina Siponen, erityisasiantuntija, Terveyden ja hyvinvoinnin laitos OSA 2: [&hellip;]","og_url":"https:\/\/sites.uef.fi\/real-life-emissions\/ajankohtaista-puun-pienpoltosta-seminaarin-esitykset\/","og_site_name":"Real-LIFE Emissions","article_modified_time":"2023-11-28T12:30:34+00:00","twitter_card":"summary_large_image","twitter_misc":{"Est. reading time":"1 minute"},"schema":{"@context":"https:\/\/schema.org","@graph":[{"@type":"WebPage","@id":"https:\/\/sites.uef.fi\/real-life-emissions\/ajankohtaista-puun-pienpoltosta-seminaarin-esitykset\/","url":"https:\/\/sites.uef.fi\/real-life-emissions\/ajankohtaista-puun-pienpoltosta-seminaarin-esitykset\/","name":"Ajankohtaista puun pienpoltosta seminaarin esitykset - Real-LIFE Emissions","isPartOf":{"@id":"https:\/\/sites.uef.fi\/real-life-emissions\/#website"},"datePublished":"2023-11-28T11:23:03+00:00","dateModified":"2023-11-28T12:30:34+00:00","breadcrumb":{"@id":"https:\/\/sites.uef.fi\/real-life-emissions\/ajankohtaista-puun-pienpoltosta-seminaarin-esitykset\/#breadcrumb"},"inLanguage":"en-US","potentialAction":[{"@type":"ReadAction","target":["https:\/\/sites.uef.fi\/real-life-emissions\/ajankohtaista-puun-pienpoltosta-seminaarin-esitykset\/"]}]},{"@type":"BreadcrumbList","@id":"https:\/\/sites.uef.fi\/real-life-emissions\/ajankohtaista-puun-pienpoltosta-seminaarin-esitykset\/#breadcrumb","itemListElement":[{"@type":"ListItem","position":1,"name":"Home","item":"https:\/\/sites.uef.fi\/real-life-emissions\/"},{"@type":"ListItem","position":2,"name":"Ajankohtaista puun pienpoltosta seminaarin esitykset"}]},{"@type":"WebSite","@id":"https:\/\/sites.uef.fi\/real-life-emissions\/#website","url":"https:\/\/sites.uef.fi\/real-life-emissions\/","name":"Real-LIFE Emissions","description":"","potentialAction":[{"@type":"SearchAction","target":{"@type":"EntryPoint","urlTemplate":"https:\/\/sites.uef.fi\/real-life-emissions\/?s={search_term_string}"},"query-input":{"@type":"PropertyValueSpecification","valueRequired":true,"valueName":"search_term_string"}}],"inLanguage":"en-US"}]}},"_links":{"self":[{"href":"https:\/\/sites.uef.fi\/real-life-emissions\/wp-json\/wp\/v2\/pages\/2094","targetHints":{"allow":["GET"]}}],"collection":[{"href":"https:\/\/sites.uef.fi\/real-life-emissions\/wp-json\/wp\/v2\/pages"}],"about":[{"href":"https:\/\/sites.uef.fi\/real-life-emissions\/wp-json\/wp\/v2\/types\/page"}],"author":[{"embeddable":true,"href":"https:\/\/sites.uef.fi\/real-life-emissions\/wp-json\/wp\/v2\/users\/579"}],"replies":[{"embeddable":true,"href":"https:\/\/sites.uef.fi\/real-life-emissions\/wp-json\/wp\/v2\/comments?post=2094"}],"version-history":[{"count":2,"href":"https:\/\/sites.uef.fi\/real-life-emissions\/wp-json\/wp\/v2\/pages\/2094\/revisions"}],"predecessor-version":[{"id":2155,"href":"https:\/\/sites.uef.fi\/real-life-emissions\/wp-json\/wp\/v2\/pages\/2094\/revisions\/2155"}],"wp:attachment":[{"href":"https:\/\/sites.uef.fi\/real-life-emissions\/wp-json\/wp\/v2\/media?parent=2094"}],"curies":[{"name":"wp","href":"https:\/\/api.w.org\/{rel}","templated":true}]}}