{"id":499,"date":"2022-05-19T14:55:58","date_gmt":"2022-05-19T12:55:58","guid":{"rendered":"https:\/\/sites.uef.fi\/real-life-emissions\/?page_id=499"},"modified":"2025-09-11T10:28:45","modified_gmt":"2025-09-11T08:28:45","slug":"materials","status":"publish","type":"page","link":"https:\/\/sites.uef.fi\/real-life-emissions\/materials\/","title":{"rendered":"Publications, presentations and reports"},"content":{"rendered":"\n<p><\/p>\n\n\n\n<p><a href=\"https:\/\/sites.uef.fi\/real-life-emissions\/wp-content\/uploads\/sites\/321\/2025\/06\/Annex-11_-After-LIFE-Plan.pdf\">After-LIFE plan<\/a><a href=\"https:\/\/sites.uef.fi\/real-life-emissions\/wp-content\/uploads\/sites\/321\/2025\/04\/Annex-11-After-LIFE-Plan.pdf\"> <\/a> (MARCH 31, 2025)<\/p>\n\n\n\n<p><a href=\"https:\/\/sites.uef.fi\/real-life-emissions\/wp-content\/uploads\/sites\/321\/2025\/06\/Annex-10-Layman-raportti.pdf\">Todellisten p\u00e4\u00e4st\u00f6jen testaus- ja mittausmenetelmien yhten\u00e4ist\u00e4minen puun pienpoltossa &#8211; raportti hankkeen tuloksista <\/a>(MAALISKUUN 31, 2025)<\/p>\n\n\n\n<p><a href=\"https:\/\/sites.uef.fi\/real-life-emissions\/wp-content\/uploads\/sites\/321\/2025\/09\/Laymans-report.pdf\">Laymans report<\/a>. (SEPT 11, 2025)<\/p>\n\n\n\n<p><a href=\"https:\/\/sites.uef.fi\/real-life-emissions\/wp-content\/uploads\/sites\/321\/2025\/06\/Annex-8-Suggestion-for-near-term-and-long-term-measurement-method-and.pdf\">Suggestion for near-term and long-term measurement method, testing protocols, and restricted emission pollutants for residential solid fuel combustion<\/a>. (MARCH 31, 2025)<\/p>\n\n\n\n<p><a href=\"https:\/\/sites.uef.fi\/real-life-emissions\/wp-content\/uploads\/sites\/321\/2025\/06\/Annex-7-Action-C3-report-Socio-economic-and-environmental-impact.pdf\">Sosioeconomic and environmental impacts<\/a><a href=\"https:\/\/sites.uef.fi\/real-life-emissions\/wp-content\/uploads\/sites\/321\/2025\/04\/Annex-7-Action-C3-report-Socio-economic-and-environmental-impact.pdf\">.<\/a> Action C3 report. (MARCH 31, 2025)<\/p>\n\n\n\n<p><a href=\"https:\/\/sites.uef.fi\/real-life-emissions\/wp-content\/uploads\/sites\/321\/2025\/06\/Annex-6-Action-A5-summary-report.pdf\">Summary of the technical report on emission factors, emission limits, and round robin with Real-LIFE test protocol<\/a>. Summary of the Action A5 report. (MARCH 31, 2025)<\/p>\n\n\n\n<p><a href=\"https:\/\/sites.uef.fi\/real-life-emissions\/wp-content\/uploads\/sites\/321\/2025\/06\/Annex-4-Action-A4-summary-report.pdf\">Summary of the tehnical report on Intercomparison campaign of the new extented ENPME method. <\/a>Summary of the Action A4 report. (MARCH 31, 2025)<\/p>\n\n\n\n<p> <a href=\"https:\/\/sites.uef.fi\/real-life-emissions\/wp-content\/uploads\/sites\/321\/2024\/03\/Report-A3-Summary.pdf\">Technical report on an overview of test protocols for residential appliances burning solid fuels. Summary and Key Messages of Action A3 Report. (<\/a>MARCH 13, 2024)<\/p>\n\n\n\n<p><a rel=\"noreferrer noopener\" href=\"https:\/\/sites.uef.fi\/real-life-emissions\/wp-content\/uploads\/sites\/321\/2023\/05\/Summary-of-Action-A1-Report.pdf\" data-type=\"URL\" data-id=\"https:\/\/sites.uef.fi\/real-life-emissions\/wp-content\/uploads\/sites\/321\/2023\/05\/Summary-of-Action-A1-Report.pdf\" target=\"_blank\"> Overview of PM sampling and dilution methods. Summary and key messages of Action A1 Report<\/a> (MAY 4, 2023)<\/p>\n\n\n\n<p><a href=\"https:\/\/sites.uef.fi\/real-life-emissions\/wp-content\/uploads\/sites\/321\/2023\/02\/2023-02-02-Smart-Cafe-Jarkko-Tissari.pdf\">Puun pienpolton p\u00e4\u00e4st\u00f6t<\/a><br>Presentation held by Principal Investigator Jarkko Tissari at the Smart Cafe event on February 2, 2023<\/p>\n\n\n\n<p><a href=\"http:\/\/Puun pienpolton hiukkasp\u00e4\u00e4st\u00f6jen mittaaminen - hiukkasmassapitoisuuden mittausmenetelmien vertailu\">Puun pienpolton hiukkasp\u00e4\u00e4st\u00f6jen mittaaminen &#8211; hiukkasmassapitoisuuden mittausmenetelmien vertailu<\/a><br>A presentation held by Project Researcher Juho Louhisalmi at the Finntesting Association Eurachem-Finland 30-year celebration seminar on November 3, 2022.<\/p>\n\n\n\n<p><a href=\"https:\/\/sites.uef.fi\/real-life-emissions\/wp-content\/uploads\/sites\/321\/2023\/01\/Presentation_Ineris_Projet_Real-Life_cosui_bois_CEA.pdf\" target=\"_blank\" rel=\"noreferrer noopener\">Pr\u00e9sentation du projet Real-Life Emissions<\/a> <br>A presentation of Real-Life project held by Benjamin Cea in the third monitoring committee of wood organised by the French Ministry of the Environment. (JAN 2023)<\/p>\n\n\n\n<p><a rel=\"noreferrer noopener\" href=\"https:\/\/sites.uef.fi\/real-life-emissions\/wp-content\/uploads\/sites\/321\/2023\/01\/Summary-of-Action-A2-report.pdf\" target=\"_blank\">Review of particulate emissions produced from the small-scale solid fuel combustion<\/a>. Summary of the Action A2 report (JAN 2023)<\/p>\n\n\n\n<p><a href=\"https:\/\/sites.uef.fi\/real-life-emissions\/wp-content\/uploads\/sites\/321\/2022\/12\/Summary-of-the-1st-international-workshop.pdf\" target=\"_blank\" rel=\"noreferrer noopener\">Summary of the  1st International Real-LIFE Emissions Workshop<\/a> (NOV 2022)<\/p>\n\n\n\n<p><a rel=\"noreferrer noopener\" href=\"https:\/\/sites.uef.fi\/real-life-emissions\/homepage\/workshops\/presentations-of-the-1st-international-workshop\/\" target=\"_blank\">The presentations of the 1st International Real-LIFE Emissions Workshop<\/a> (NOV 2022)<\/p>\n\n\n\n<p><a rel=\"noreferrer noopener\" href=\"https:\/\/sites.uef.fi\/real-life-emissions\/wp-content\/uploads\/sites\/321\/2022\/11\/Particle-Metrology-Workshop_Ineris.pdf\" target=\"_blank\">PM Emissions from Residential Wood Combustion Appliances: Why and How to Characterize Condensables?<\/a> (NOV 2022)<br>A presentation held by Isaline Fraboulet as invited speaker on 26\/10\/2022 in <a rel=\"noreferrer noopener\" href=\"https:\/\/etp-nanomedicine.eu\/event\/bipm-workshop-oct22\/\" target=\"_blank\">CCQM workshop<\/a> on Particle Metrology.<\/p>\n\n\n\n<p><a rel=\"noreferrer noopener\" href=\"https:\/\/sites.uef.fi\/real-life-emissions\/wp-content\/uploads\/sites\/321\/2022\/10\/Poster-for-IAC2022_JT_KD.pdf\" target=\"_blank\">The effect of wood fuel species on particulate and gaseous emissions from a wood stove.<\/a><br>A poster presented in the IAC2022 Conference in Greece  by Karna Dahal, UEF (OCT 2022). The submitted  abstract can be found<a href=\"https:\/\/sites.uef.fi\/real-life-emissions\/wp-content\/uploads\/sites\/321\/2023\/01\/IAC2022-Abstract-Tissari-Dahal-1.pdf\" data-type=\"URL\" data-id=\"https:\/\/sites.uef.fi\/real-life-emissions\/wp-content\/uploads\/sites\/321\/2023\/01\/IAC2022-Abstract-Tissari-Dahal-1.pdf\" target=\"_blank\" rel=\"noreferrer noopener\"> here<\/a>.<br><br><a rel=\"noreferrer noopener\" href=\"https:\/\/sites.uef.fi\/real-life-emissions\/wp-content\/uploads\/sites\/321\/2022\/10\/Poster-for-LIFE-30th-anniversary_2.pdf\" data-type=\"URL\" target=\"_blank\">The poster of the project <\/a> (May 2022)<\/p>\n\n\n\n<p><a href=\"#Video\" data-type=\"internal\" data-id=\"#Video\">Video<\/a> of the combustion experiment at Residential wood combustion simulator (SIMO) by Jarkko Tissari, UEF (MAY 2022)<\/p>\n\n\n\n<figure class=\"wp-block-embed is-type-video is-provider-youtube wp-block-embed-youtube wp-embed-aspect-16-9 wp-has-aspect-ratio\"><div class=\"wp-block-embed__wrapper\">\n<iframe loading=\"lazy\" title=\"Real-LIFE Emissions - Experiments at wood combustion simulator\" width=\"500\" height=\"281\" src=\"https:\/\/www.youtube.com\/embed\/XmdXkHfkh_A?feature=oembed\" frameborder=\"0\" allow=\"accelerometer; autoplay; clipboard-write; encrypted-media; gyroscope; picture-in-picture; web-share\" referrerpolicy=\"strict-origin-when-cross-origin\" allowfullscreen><\/iframe>\n<\/div><\/figure>\n","protected":false},"excerpt":{"rendered":"<p>After-LIFE plan (MARCH 31, 2025) Todellisten p\u00e4\u00e4st\u00f6jen testaus- ja mittausmenetelmien yhten\u00e4ist\u00e4minen puun pienpoltossa &#8211; raportti hankkeen tuloksista (MAALISKUUN 31, 2025) Laymans report. (SEPT 11, 2025) Suggestion for near-term and long-term measurement method, testing protocols, and restricted emission pollutants for residential solid fuel combustion. (MARCH 31, 2025) Sosioeconomic and environmental impacts. Action C3 report. (MARCH 31, [&hellip;]<\/p>\n","protected":false},"author":579,"featured_media":0,"parent":0,"menu_order":0,"comment_status":"closed","ping_status":"closed","template":"","meta":{"_acf_changed":false,"footnotes":""},"class_list":["post-499","page","type-page","status-publish","hentry"],"acf":[],"yoast_head":"<!-- This site is optimized with the Yoast SEO plugin v27.1.1 - https:\/\/yoast.com\/product\/yoast-seo-wordpress\/ -->\n<title>Publications, presentations and reports - Real-LIFE Emissions<\/title>\n<meta name=\"robots\" content=\"index, follow, max-snippet:-1, max-image-preview:large, max-video-preview:-1\" \/>\n<link rel=\"canonical\" href=\"https:\/\/sites.uef.fi\/real-life-emissions\/materials\/\" \/>\n<meta property=\"og:locale\" content=\"en_US\" \/>\n<meta property=\"og:type\" content=\"article\" \/>\n<meta property=\"og:title\" content=\"Publications, presentations and reports - Real-LIFE Emissions\" \/>\n<meta property=\"og:description\" content=\"After-LIFE plan (MARCH 31, 2025) Todellisten p\u00e4\u00e4st\u00f6jen testaus- ja mittausmenetelmien yhten\u00e4ist\u00e4minen puun pienpoltossa &#8211; raportti hankkeen tuloksista (MAALISKUUN 31, 2025) Laymans report. (SEPT 11, 2025) Suggestion for near-term and long-term measurement method, testing protocols, and restricted emission pollutants for residential solid fuel combustion. (MARCH 31, 2025) Sosioeconomic and environmental impacts. Action C3 report. (MARCH 31, [&hellip;]\" \/>\n<meta property=\"og:url\" content=\"https:\/\/sites.uef.fi\/real-life-emissions\/materials\/\" \/>\n<meta property=\"og:site_name\" content=\"Real-LIFE Emissions\" \/>\n<meta property=\"article:modified_time\" content=\"2025-09-11T08:28:45+00:00\" \/>\n<meta name=\"twitter:card\" content=\"summary_large_image\" \/>\n<meta name=\"twitter:label1\" content=\"Est. reading time\" \/>\n\t<meta name=\"twitter:data1\" content=\"2 minutes\" \/>\n<script type=\"application\/ld+json\" class=\"yoast-schema-graph\">{\"@context\":\"https:\/\/schema.org\",\"@graph\":[{\"@type\":\"WebPage\",\"@id\":\"https:\/\/sites.uef.fi\/real-life-emissions\/materials\/\",\"url\":\"https:\/\/sites.uef.fi\/real-life-emissions\/materials\/\",\"name\":\"Publications, presentations and reports - Real-LIFE Emissions\",\"isPartOf\":{\"@id\":\"https:\/\/sites.uef.fi\/real-life-emissions\/#website\"},\"datePublished\":\"2022-05-19T12:55:58+00:00\",\"dateModified\":\"2025-09-11T08:28:45+00:00\",\"breadcrumb\":{\"@id\":\"https:\/\/sites.uef.fi\/real-life-emissions\/materials\/#breadcrumb\"},\"inLanguage\":\"en-US\",\"potentialAction\":[{\"@type\":\"ReadAction\",\"target\":[\"https:\/\/sites.uef.fi\/real-life-emissions\/materials\/\"]}]},{\"@type\":\"BreadcrumbList\",\"@id\":\"https:\/\/sites.uef.fi\/real-life-emissions\/materials\/#breadcrumb\",\"itemListElement\":[{\"@type\":\"ListItem\",\"position\":1,\"name\":\"Home\",\"item\":\"https:\/\/sites.uef.fi\/real-life-emissions\/\"},{\"@type\":\"ListItem\",\"position\":2,\"name\":\"Publications, presentations and reports\"}]},{\"@type\":\"WebSite\",\"@id\":\"https:\/\/sites.uef.fi\/real-life-emissions\/#website\",\"url\":\"https:\/\/sites.uef.fi\/real-life-emissions\/\",\"name\":\"Real-LIFE Emissions\",\"description\":\"\",\"potentialAction\":[{\"@type\":\"SearchAction\",\"target\":{\"@type\":\"EntryPoint\",\"urlTemplate\":\"https:\/\/sites.uef.fi\/real-life-emissions\/?s={search_term_string}\"},\"query-input\":{\"@type\":\"PropertyValueSpecification\",\"valueRequired\":true,\"valueName\":\"search_term_string\"}}],\"inLanguage\":\"en-US\"}]}<\/script>\n<!-- \/ Yoast SEO plugin. -->","yoast_head_json":{"title":"Publications, presentations and reports - Real-LIFE Emissions","robots":{"index":"index","follow":"follow","max-snippet":"max-snippet:-1","max-image-preview":"max-image-preview:large","max-video-preview":"max-video-preview:-1"},"canonical":"https:\/\/sites.uef.fi\/real-life-emissions\/materials\/","og_locale":"en_US","og_type":"article","og_title":"Publications, presentations and reports - Real-LIFE Emissions","og_description":"After-LIFE plan (MARCH 31, 2025) Todellisten p\u00e4\u00e4st\u00f6jen testaus- ja mittausmenetelmien yhten\u00e4ist\u00e4minen puun pienpoltossa &#8211; raportti hankkeen tuloksista (MAALISKUUN 31, 2025) Laymans report. (SEPT 11, 2025) Suggestion for near-term and long-term measurement method, testing protocols, and restricted emission pollutants for residential solid fuel combustion. (MARCH 31, 2025) Sosioeconomic and environmental impacts. Action C3 report. (MARCH 31, [&hellip;]","og_url":"https:\/\/sites.uef.fi\/real-life-emissions\/materials\/","og_site_name":"Real-LIFE Emissions","article_modified_time":"2025-09-11T08:28:45+00:00","twitter_card":"summary_large_image","twitter_misc":{"Est. reading time":"2 minutes"},"schema":{"@context":"https:\/\/schema.org","@graph":[{"@type":"WebPage","@id":"https:\/\/sites.uef.fi\/real-life-emissions\/materials\/","url":"https:\/\/sites.uef.fi\/real-life-emissions\/materials\/","name":"Publications, presentations and reports - Real-LIFE Emissions","isPartOf":{"@id":"https:\/\/sites.uef.fi\/real-life-emissions\/#website"},"datePublished":"2022-05-19T12:55:58+00:00","dateModified":"2025-09-11T08:28:45+00:00","breadcrumb":{"@id":"https:\/\/sites.uef.fi\/real-life-emissions\/materials\/#breadcrumb"},"inLanguage":"en-US","potentialAction":[{"@type":"ReadAction","target":["https:\/\/sites.uef.fi\/real-life-emissions\/materials\/"]}]},{"@type":"BreadcrumbList","@id":"https:\/\/sites.uef.fi\/real-life-emissions\/materials\/#breadcrumb","itemListElement":[{"@type":"ListItem","position":1,"name":"Home","item":"https:\/\/sites.uef.fi\/real-life-emissions\/"},{"@type":"ListItem","position":2,"name":"Publications, presentations and reports"}]},{"@type":"WebSite","@id":"https:\/\/sites.uef.fi\/real-life-emissions\/#website","url":"https:\/\/sites.uef.fi\/real-life-emissions\/","name":"Real-LIFE Emissions","description":"","potentialAction":[{"@type":"SearchAction","target":{"@type":"EntryPoint","urlTemplate":"https:\/\/sites.uef.fi\/real-life-emissions\/?s={search_term_string}"},"query-input":{"@type":"PropertyValueSpecification","valueRequired":true,"valueName":"search_term_string"}}],"inLanguage":"en-US"}]}},"_links":{"self":[{"href":"https:\/\/sites.uef.fi\/real-life-emissions\/wp-json\/wp\/v2\/pages\/499","targetHints":{"allow":["GET"]}}],"collection":[{"href":"https:\/\/sites.uef.fi\/real-life-emissions\/wp-json\/wp\/v2\/pages"}],"about":[{"href":"https:\/\/sites.uef.fi\/real-life-emissions\/wp-json\/wp\/v2\/types\/page"}],"author":[{"embeddable":true,"href":"https:\/\/sites.uef.fi\/real-life-emissions\/wp-json\/wp\/v2\/users\/579"}],"replies":[{"embeddable":true,"href":"https:\/\/sites.uef.fi\/real-life-emissions\/wp-json\/wp\/v2\/comments?post=499"}],"version-history":[{"count":2,"href":"https:\/\/sites.uef.fi\/real-life-emissions\/wp-json\/wp\/v2\/pages\/499\/revisions"}],"predecessor-version":[{"id":2547,"href":"https:\/\/sites.uef.fi\/real-life-emissions\/wp-json\/wp\/v2\/pages\/499\/revisions\/2547"}],"wp:attachment":[{"href":"https:\/\/sites.uef.fi\/real-life-emissions\/wp-json\/wp\/v2\/media?parent=499"}],"curies":[{"name":"wp","href":"https:\/\/api.w.org\/{rel}","templated":true}]}}