{"id":137,"date":"2020-05-19T15:51:35","date_gmt":"2020-05-19T12:51:35","guid":{"rendered":"https:\/\/sites.uef.fi\/responsive-natural-resources-governance\/?page_id=137"},"modified":"2025-05-21T09:44:19","modified_gmt":"2025-05-21T06:44:19","slug":"researchers","status":"publish","type":"page","link":"https:\/\/sites.uef.fi\/responsive-natural-resources-governance\/researchers\/","title":{"rendered":"Researchers"},"content":{"rendered":"<p>Principle Investigator, Professor of Natural Resources Governance <a href=\"https:\/\/uefconnect.uef.fi\/en\/person\/irmeli.mustalahti\/\" target=\"_blank\" rel=\"noopener noreferrer\">Irmeli Mustalahti<\/a><\/p>\n<p>Senior Researcher <a href=\"https:\/\/uefconnect.uef.fi\/en\/person\/hanna.laako\/\">Hanna Laako<\/a><\/p>\n<p><span data-olk-copy-source=\"MessageBody\">Senior Researcher <a href=\"https:\/\/www.cbe.ac.tz\/about\/staff-profiles?view=article&amp;id=112&amp;catid=36\">Ubaldus Tumaini<\/a>\u00a0<\/span><\/p>\n<p>Post-doctoral Researcher <a href=\"https:\/\/uefconnect.uef.fi\/en\/person\/timo.haapasalo\/\"><span data-olk-copy-source=\"MessageBody\">Timo Haapasalo<\/span><\/a>\u00a0<\/p>\n<p>PhD researchers: <a href=\"https:\/\/uefconnect.uef.fi\/en\/person\/denis.dobrynin\/\">Denis Dobrynin<\/a>, <span data-olk-copy-source=\"MessageBody\">\u00a0<\/span><a title=\"https:\/\/uefconnect.uef.fi\/en\/person\/ida.herdieckerhoff\/\" href=\"https:\/\/uefconnect.uef.fi\/en\/person\/ida.herdieckerhoff\/\" target=\"_blank\" rel=\"noopener noreferrer\" data-auth=\"NotApplicable\" data-linkindex=\"3\">Ida Herdieckerhoff<\/a>, Aristarik Hubert Maro, <a href=\"https:\/\/uefconnect.uef.fi\/henkilo\/anna.mustonen\/\">Anna Mustonen<\/a>, <span data-olk-copy-source=\"MessageBody\">Amaniel Athuman, <a href=\"https:\/\/uefconnect.uef.fi\/en\/person\/niko.nesterinen\/\">Niko Nesterinen<\/a>, <a href=\"https:\/\/uefconnect.uef.fi\/en\/person\/juni.sinkkonen\/\">Juni Sinkkonen<\/a>, Liisa Varumo, <a href=\"https:\/\/uefconnect.uef.fi\/en\/person\/eleonoora.karttunen\/\">Eleonoora Karttunen<\/a>, Panu Runko, Iikka Oinonen, <a href=\"https:\/\/uefconnect.uef.fi\/virpi.pakarinen\/\">Virpi Pakarinen<\/a>, Iikka Oinonen, Felix Dade<\/span><\/p>\n<p>Alumni: <a href=\"https:\/\/uefconnect.uef.fi\/en\/person\/sabaheta.ramcilovic-suominen\/\">Sabaheta Ramcilovic-Suominen<\/a>, Violeta Guti\u00e9rrez Zamora, Bishnu Devkota, Pamela White, Rijal Ramdani, Maija Hyle, <span data-olk-copy-source=\"MessageBody\">Nina Tokola, Antti Erkkil\u00e4, Tiina J\u00e4\u00e4skel\u00e4inen<\/span>\u00a0<\/p>\n\n\n<p><\/p>\n","protected":false},"excerpt":{"rendered":"<p>Principle Investigator, Professor of Natural Resources Governance Irmeli Mustalahti Senior Researcher Hanna Laako Senior Researcher Ubaldus Tumaini\u00a0 Post-doctoral Researcher Timo Haapasalo\u00a0 PhD researchers: Denis Dobrynin, \u00a0Ida Herdieckerhoff, Aristarik Hubert Maro, Anna Mustonen, Amaniel Athuman, Niko Nesterinen, Juni Sinkkonen, Liisa Varumo, Eleonoora Karttunen, Panu Runko, Iikka Oinonen, Virpi Pakarinen, Iikka Oinonen, Felix Dade Alumni: Sabaheta Ramcilovic-Suominen, [&hellip;]<\/p>\n","protected":false},"author":164,"featured_media":0,"parent":0,"menu_order":0,"comment_status":"closed","ping_status":"closed","template":"","meta":{"_acf_changed":false,"footnotes":""},"class_list":["post-137","page","type-page","status-publish","hentry"],"acf":[],"yoast_head":"<!-- This site is optimized with the Yoast SEO plugin v27.1.1 - https:\/\/yoast.com\/product\/yoast-seo-wordpress\/ -->\n<title>Researchers - Responsive Natural Resources Governance \u2013 Research Group<\/title>\n<meta name=\"robots\" content=\"index, follow, max-snippet:-1, max-image-preview:large, max-video-preview:-1\" \/>\n<link rel=\"canonical\" href=\"https:\/\/sites.uef.fi\/responsive-natural-resources-governance\/researchers\/\" \/>\n<meta property=\"og:locale\" content=\"en_US\" \/>\n<meta property=\"og:type\" content=\"article\" \/>\n<meta property=\"og:title\" content=\"Researchers - Responsive Natural Resources Governance \u2013 Research Group\" \/>\n<meta property=\"og:description\" content=\"Principle Investigator, Professor of Natural Resources Governance Irmeli Mustalahti Senior Researcher Hanna Laako Senior Researcher Ubaldus Tumaini\u00a0 Post-doctoral Researcher Timo Haapasalo\u00a0 PhD researchers: Denis Dobrynin, \u00a0Ida Herdieckerhoff, Aristarik Hubert Maro, Anna Mustonen, Amaniel Athuman, Niko Nesterinen, Juni Sinkkonen, Liisa Varumo, Eleonoora Karttunen, Panu Runko, Iikka Oinonen, Virpi Pakarinen, Iikka Oinonen, Felix Dade Alumni: Sabaheta Ramcilovic-Suominen, [&hellip;]\" \/>\n<meta property=\"og:url\" content=\"https:\/\/sites.uef.fi\/responsive-natural-resources-governance\/researchers\/\" \/>\n<meta property=\"og:site_name\" content=\"Responsive Natural Resources Governance \u2013 Research Group\" \/>\n<meta property=\"article:modified_time\" content=\"2025-05-21T06:44:19+00:00\" \/>\n<meta name=\"twitter:card\" content=\"summary_large_image\" \/>\n<meta name=\"twitter:label1\" content=\"Est. reading time\" \/>\n\t<meta name=\"twitter:data1\" content=\"1 minute\" \/>\n<script type=\"application\/ld+json\" class=\"yoast-schema-graph\">{\"@context\":\"https:\/\/schema.org\",\"@graph\":[{\"@type\":\"WebPage\",\"@id\":\"https:\/\/sites.uef.fi\/responsive-natural-resources-governance\/researchers\/\",\"url\":\"https:\/\/sites.uef.fi\/responsive-natural-resources-governance\/researchers\/\",\"name\":\"Researchers - Responsive Natural Resources Governance \u2013 Research Group\",\"isPartOf\":{\"@id\":\"https:\/\/sites.uef.fi\/responsive-natural-resources-governance\/#website\"},\"datePublished\":\"2020-05-19T12:51:35+00:00\",\"dateModified\":\"2025-05-21T06:44:19+00:00\",\"breadcrumb\":{\"@id\":\"https:\/\/sites.uef.fi\/responsive-natural-resources-governance\/researchers\/#breadcrumb\"},\"inLanguage\":\"en-US\",\"potentialAction\":[{\"@type\":\"ReadAction\",\"target\":[\"https:\/\/sites.uef.fi\/responsive-natural-resources-governance\/researchers\/\"]}]},{\"@type\":\"BreadcrumbList\",\"@id\":\"https:\/\/sites.uef.fi\/responsive-natural-resources-governance\/researchers\/#breadcrumb\",\"itemListElement\":[{\"@type\":\"ListItem\",\"position\":1,\"name\":\"Home\",\"item\":\"https:\/\/sites.uef.fi\/responsive-natural-resources-governance\/\"},{\"@type\":\"ListItem\",\"position\":2,\"name\":\"Researchers\"}]},{\"@type\":\"WebSite\",\"@id\":\"https:\/\/sites.uef.fi\/responsive-natural-resources-governance\/#website\",\"url\":\"https:\/\/sites.uef.fi\/responsive-natural-resources-governance\/\",\"name\":\"Responsive Natural Resources Governance \u2013 Research Group\",\"description\":\"\",\"potentialAction\":[{\"@type\":\"SearchAction\",\"target\":{\"@type\":\"EntryPoint\",\"urlTemplate\":\"https:\/\/sites.uef.fi\/responsive-natural-resources-governance\/?s={search_term_string}\"},\"query-input\":{\"@type\":\"PropertyValueSpecification\",\"valueRequired\":true,\"valueName\":\"search_term_string\"}}],\"inLanguage\":\"en-US\"}]}<\/script>\n<!-- \/ Yoast SEO plugin. -->","yoast_head_json":{"title":"Researchers - Responsive Natural Resources Governance \u2013 Research Group","robots":{"index":"index","follow":"follow","max-snippet":"max-snippet:-1","max-image-preview":"max-image-preview:large","max-video-preview":"max-video-preview:-1"},"canonical":"https:\/\/sites.uef.fi\/responsive-natural-resources-governance\/researchers\/","og_locale":"en_US","og_type":"article","og_title":"Researchers - Responsive Natural Resources Governance \u2013 Research Group","og_description":"Principle Investigator, Professor of Natural Resources Governance Irmeli Mustalahti Senior Researcher Hanna Laako Senior Researcher Ubaldus Tumaini\u00a0 Post-doctoral Researcher Timo Haapasalo\u00a0 PhD researchers: Denis Dobrynin, \u00a0Ida Herdieckerhoff, Aristarik Hubert Maro, Anna Mustonen, Amaniel Athuman, Niko Nesterinen, Juni Sinkkonen, Liisa Varumo, Eleonoora Karttunen, Panu Runko, Iikka Oinonen, Virpi Pakarinen, Iikka Oinonen, Felix Dade Alumni: Sabaheta Ramcilovic-Suominen, [&hellip;]","og_url":"https:\/\/sites.uef.fi\/responsive-natural-resources-governance\/researchers\/","og_site_name":"Responsive Natural Resources Governance \u2013 Research Group","article_modified_time":"2025-05-21T06:44:19+00:00","twitter_card":"summary_large_image","twitter_misc":{"Est. reading time":"1 minute"},"schema":{"@context":"https:\/\/schema.org","@graph":[{"@type":"WebPage","@id":"https:\/\/sites.uef.fi\/responsive-natural-resources-governance\/researchers\/","url":"https:\/\/sites.uef.fi\/responsive-natural-resources-governance\/researchers\/","name":"Researchers - Responsive Natural Resources Governance \u2013 Research Group","isPartOf":{"@id":"https:\/\/sites.uef.fi\/responsive-natural-resources-governance\/#website"},"datePublished":"2020-05-19T12:51:35+00:00","dateModified":"2025-05-21T06:44:19+00:00","breadcrumb":{"@id":"https:\/\/sites.uef.fi\/responsive-natural-resources-governance\/researchers\/#breadcrumb"},"inLanguage":"en-US","potentialAction":[{"@type":"ReadAction","target":["https:\/\/sites.uef.fi\/responsive-natural-resources-governance\/researchers\/"]}]},{"@type":"BreadcrumbList","@id":"https:\/\/sites.uef.fi\/responsive-natural-resources-governance\/researchers\/#breadcrumb","itemListElement":[{"@type":"ListItem","position":1,"name":"Home","item":"https:\/\/sites.uef.fi\/responsive-natural-resources-governance\/"},{"@type":"ListItem","position":2,"name":"Researchers"}]},{"@type":"WebSite","@id":"https:\/\/sites.uef.fi\/responsive-natural-resources-governance\/#website","url":"https:\/\/sites.uef.fi\/responsive-natural-resources-governance\/","name":"Responsive Natural Resources Governance \u2013 Research Group","description":"","potentialAction":[{"@type":"SearchAction","target":{"@type":"EntryPoint","urlTemplate":"https:\/\/sites.uef.fi\/responsive-natural-resources-governance\/?s={search_term_string}"},"query-input":{"@type":"PropertyValueSpecification","valueRequired":true,"valueName":"search_term_string"}}],"inLanguage":"en-US"}]}},"_links":{"self":[{"href":"https:\/\/sites.uef.fi\/responsive-natural-resources-governance\/wp-json\/wp\/v2\/pages\/137","targetHints":{"allow":["GET"]}}],"collection":[{"href":"https:\/\/sites.uef.fi\/responsive-natural-resources-governance\/wp-json\/wp\/v2\/pages"}],"about":[{"href":"https:\/\/sites.uef.fi\/responsive-natural-resources-governance\/wp-json\/wp\/v2\/types\/page"}],"author":[{"embeddable":true,"href":"https:\/\/sites.uef.fi\/responsive-natural-resources-governance\/wp-json\/wp\/v2\/users\/164"}],"replies":[{"embeddable":true,"href":"https:\/\/sites.uef.fi\/responsive-natural-resources-governance\/wp-json\/wp\/v2\/comments?post=137"}],"version-history":[{"count":2,"href":"https:\/\/sites.uef.fi\/responsive-natural-resources-governance\/wp-json\/wp\/v2\/pages\/137\/revisions"}],"predecessor-version":[{"id":1514,"href":"https:\/\/sites.uef.fi\/responsive-natural-resources-governance\/wp-json\/wp\/v2\/pages\/137\/revisions\/1514"}],"wp:attachment":[{"href":"https:\/\/sites.uef.fi\/responsive-natural-resources-governance\/wp-json\/wp\/v2\/media?parent=137"}],"curies":[{"name":"wp","href":"https:\/\/api.w.org\/{rel}","templated":true}]}}