{"id":143,"date":"2020-05-19T15:51:35","date_gmt":"2020-05-19T12:51:35","guid":{"rendered":"https:\/\/sites.uef.fi\/responsive-natural-resources-governance\/researchers\/"},"modified":"2025-05-21T09:43:12","modified_gmt":"2025-05-21T06:43:12","slug":"researchers","status":"publish","type":"page","link":"https:\/\/sites.uef.fi\/responsive-natural-resources-governance\/researchers\/?lang=fi","title":{"rendered":"Tutkijat"},"content":{"rendered":"\n<p>Akatemiatutkija <a href=\"https:\/\/uefconnect.uef.fi\/henkilo\/irmeli.mustalahti\/\">Irmeli Mustalahti<\/a><\/p>\n\n\n\n<p>Vanhempi tutkija <a href=\"https:\/\/uefconnect.uef.fi\/henkilo\/hanna.laako\/\">Hanna Laako<\/a><\/p>\n\n\n\n<p>Vanhempi tutkija <a href=\"https:\/\/www.cbe.ac.tz\/about\/staff-profiles?view=article&amp;id=112&amp;catid=36\">Ubaldus Tumaini<\/a><\/p>\n\n\n\n<p>Tutkijatohtori <a href=\"https:\/\/uefconnect.uef.fi\/henkilo\/timo.haapasalo\/\">Timo Haapasalo<\/a><\/p>\n\n\n\n<p>V\u00e4it\u00f6skirjatutkijat: <a href=\"https:\/\/uefconnect.uef.fi\/henkilo\/denis.dobrynin\/\">Denis Dobrynin<\/a>, <a href=\"https:\/\/uefconnect.uef.fi\/en\/person\/ida.herdieckerhoff\/\">Ida Herdieckerhoff<\/a>, Aristarik Hubert Maro, <a href=\"https:\/\/uefconnect.uef.fi\/henkilo\/anna.mustonen\/\">Anna Mustonen<\/a>, Amaniel Athuman, <a href=\"https:\/\/uefconnect.uef.fi\/henkilo\/niko.nesterinen\/\">Niko Nesterinen<\/a>, <a href=\"https:\/\/uefconnect.uef.fi\/henkilo\/juni.sinkkonen\/\">Juni Sinkkonen<\/a>, Liisa Varumo, <a href=\"https:\/\/uefconnect.uef.fi\/henkilo\/eleonoora.karttunen\/\">Eleonoora Karttunen<\/a>, Panu Runko, Iikka Oinonen, <a href=\"https:\/\/uefconnect.uef.fi\/virpi.pakarinen\/\">Virpi Pakarinen<\/a>, Felix Dade<\/p>\n\n\n\n<p>Alumnit: <a href=\"https:\/\/uefconnect.uef.fi\/henkilo\/sabaheta.ramcilovic-suominen\/\">Sabaheta Ramcilovic-Suominen<\/a>, Violeta Guti\u00e9rrez Zamora, Bishnu Devkota, Pamela White, Rijal Ramdani, Maija Hyle, Nina Tokola, Antti Erkkil\u00e4, Tiina J\u00e4\u00e4skel\u00e4inen&nbsp;<\/p>\n\n\n\n<p><\/p>\n","protected":false},"excerpt":{"rendered":"<p>Akatemiatutkija Irmeli Mustalahti Vanhempi tutkija Hanna Laako Vanhempi tutkija Ubaldus Tumaini Tutkijatohtori Timo Haapasalo V\u00e4it\u00f6skirjatutkijat: Denis Dobrynin, Ida Herdieckerhoff, Aristarik Hubert Maro, Anna Mustonen, Amaniel Athuman, Niko Nesterinen, Juni Sinkkonen, Liisa Varumo, Eleonoora Karttunen, Panu Runko, Iikka Oinonen, Virpi Pakarinen, Felix Dade Alumnit: Sabaheta Ramcilovic-Suominen, Violeta Guti\u00e9rrez Zamora, Bishnu Devkota, Pamela White, Rijal Ramdani, Maija [&hellip;]<\/p>\n","protected":false},"author":164,"featured_media":0,"parent":0,"menu_order":0,"comment_status":"closed","ping_status":"closed","template":"","meta":{"_acf_changed":false,"footnotes":""},"class_list":["post-143","page","type-page","status-publish","hentry"],"acf":[],"yoast_head":"<!-- This site is optimized with the Yoast SEO plugin v27.1.1 - https:\/\/yoast.com\/product\/yoast-seo-wordpress\/ -->\n<title>Tutkijat - Responsive Natural Resources Governance \u2013 Research Group<\/title>\n<meta name=\"robots\" content=\"index, follow, max-snippet:-1, max-image-preview:large, max-video-preview:-1\" \/>\n<link rel=\"canonical\" href=\"https:\/\/sites.uef.fi\/responsive-natural-resources-governance\/researchers\/?lang=fi\" \/>\n<meta property=\"og:locale\" content=\"en_US\" \/>\n<meta property=\"og:type\" content=\"article\" \/>\n<meta property=\"og:title\" content=\"Tutkijat - Responsive Natural Resources Governance \u2013 Research Group\" \/>\n<meta property=\"og:description\" content=\"Akatemiatutkija Irmeli Mustalahti Vanhempi tutkija Hanna Laako Vanhempi tutkija Ubaldus Tumaini Tutkijatohtori Timo Haapasalo V\u00e4it\u00f6skirjatutkijat: Denis Dobrynin, Ida Herdieckerhoff, Aristarik Hubert Maro, Anna Mustonen, Amaniel Athuman, Niko Nesterinen, Juni Sinkkonen, Liisa Varumo, Eleonoora Karttunen, Panu Runko, Iikka Oinonen, Virpi Pakarinen, Felix Dade Alumnit: Sabaheta Ramcilovic-Suominen, Violeta Guti\u00e9rrez Zamora, Bishnu Devkota, Pamela White, Rijal Ramdani, Maija [&hellip;]\" \/>\n<meta property=\"og:url\" content=\"https:\/\/sites.uef.fi\/responsive-natural-resources-governance\/researchers\/?lang=fi\" \/>\n<meta property=\"og:site_name\" content=\"Responsive Natural Resources Governance \u2013 Research Group\" \/>\n<meta property=\"article:modified_time\" content=\"2025-05-21T06:43:12+00:00\" \/>\n<meta name=\"twitter:card\" content=\"summary_large_image\" \/>\n<script type=\"application\/ld+json\" class=\"yoast-schema-graph\">{\"@context\":\"https:\/\/schema.org\",\"@graph\":[{\"@type\":\"WebPage\",\"@id\":\"https:\/\/sites.uef.fi\/responsive-natural-resources-governance\/researchers\/?lang=fi\",\"url\":\"https:\/\/sites.uef.fi\/responsive-natural-resources-governance\/researchers\/?lang=fi\",\"name\":\"Tutkijat - Responsive Natural Resources Governance \u2013 Research Group\",\"isPartOf\":{\"@id\":\"https:\/\/sites.uef.fi\/responsive-natural-resources-governance\/#website\"},\"datePublished\":\"2020-05-19T12:51:35+00:00\",\"dateModified\":\"2025-05-21T06:43:12+00:00\",\"breadcrumb\":{\"@id\":\"https:\/\/sites.uef.fi\/responsive-natural-resources-governance\/researchers\/?lang=fi#breadcrumb\"},\"inLanguage\":\"en-US\",\"potentialAction\":[{\"@type\":\"ReadAction\",\"target\":[\"https:\/\/sites.uef.fi\/responsive-natural-resources-governance\/researchers\/?lang=fi\"]}]},{\"@type\":\"BreadcrumbList\",\"@id\":\"https:\/\/sites.uef.fi\/responsive-natural-resources-governance\/researchers\/?lang=fi#breadcrumb\",\"itemListElement\":[{\"@type\":\"ListItem\",\"position\":1,\"name\":\"Home\",\"item\":\"https:\/\/sites.uef.fi\/responsive-natural-resources-governance\/\"},{\"@type\":\"ListItem\",\"position\":2,\"name\":\"Tutkijat\"}]},{\"@type\":\"WebSite\",\"@id\":\"https:\/\/sites.uef.fi\/responsive-natural-resources-governance\/#website\",\"url\":\"https:\/\/sites.uef.fi\/responsive-natural-resources-governance\/\",\"name\":\"Responsive Natural Resources Governance \u2013 Research Group\",\"description\":\"\",\"potentialAction\":[{\"@type\":\"SearchAction\",\"target\":{\"@type\":\"EntryPoint\",\"urlTemplate\":\"https:\/\/sites.uef.fi\/responsive-natural-resources-governance\/?s={search_term_string}\"},\"query-input\":{\"@type\":\"PropertyValueSpecification\",\"valueRequired\":true,\"valueName\":\"search_term_string\"}}],\"inLanguage\":\"en-US\"}]}<\/script>\n<!-- \/ Yoast SEO plugin. -->","yoast_head_json":{"title":"Tutkijat - Responsive Natural Resources Governance \u2013 Research Group","robots":{"index":"index","follow":"follow","max-snippet":"max-snippet:-1","max-image-preview":"max-image-preview:large","max-video-preview":"max-video-preview:-1"},"canonical":"https:\/\/sites.uef.fi\/responsive-natural-resources-governance\/researchers\/?lang=fi","og_locale":"en_US","og_type":"article","og_title":"Tutkijat - Responsive Natural Resources Governance \u2013 Research Group","og_description":"Akatemiatutkija Irmeli Mustalahti Vanhempi tutkija Hanna Laako Vanhempi tutkija Ubaldus Tumaini Tutkijatohtori Timo Haapasalo V\u00e4it\u00f6skirjatutkijat: Denis Dobrynin, Ida Herdieckerhoff, Aristarik Hubert Maro, Anna Mustonen, Amaniel Athuman, Niko Nesterinen, Juni Sinkkonen, Liisa Varumo, Eleonoora Karttunen, Panu Runko, Iikka Oinonen, Virpi Pakarinen, Felix Dade Alumnit: Sabaheta Ramcilovic-Suominen, Violeta Guti\u00e9rrez Zamora, Bishnu Devkota, Pamela White, Rijal Ramdani, Maija [&hellip;]","og_url":"https:\/\/sites.uef.fi\/responsive-natural-resources-governance\/researchers\/?lang=fi","og_site_name":"Responsive Natural Resources Governance \u2013 Research Group","article_modified_time":"2025-05-21T06:43:12+00:00","twitter_card":"summary_large_image","schema":{"@context":"https:\/\/schema.org","@graph":[{"@type":"WebPage","@id":"https:\/\/sites.uef.fi\/responsive-natural-resources-governance\/researchers\/?lang=fi","url":"https:\/\/sites.uef.fi\/responsive-natural-resources-governance\/researchers\/?lang=fi","name":"Tutkijat - Responsive Natural Resources Governance \u2013 Research Group","isPartOf":{"@id":"https:\/\/sites.uef.fi\/responsive-natural-resources-governance\/#website"},"datePublished":"2020-05-19T12:51:35+00:00","dateModified":"2025-05-21T06:43:12+00:00","breadcrumb":{"@id":"https:\/\/sites.uef.fi\/responsive-natural-resources-governance\/researchers\/?lang=fi#breadcrumb"},"inLanguage":"en-US","potentialAction":[{"@type":"ReadAction","target":["https:\/\/sites.uef.fi\/responsive-natural-resources-governance\/researchers\/?lang=fi"]}]},{"@type":"BreadcrumbList","@id":"https:\/\/sites.uef.fi\/responsive-natural-resources-governance\/researchers\/?lang=fi#breadcrumb","itemListElement":[{"@type":"ListItem","position":1,"name":"Home","item":"https:\/\/sites.uef.fi\/responsive-natural-resources-governance\/"},{"@type":"ListItem","position":2,"name":"Tutkijat"}]},{"@type":"WebSite","@id":"https:\/\/sites.uef.fi\/responsive-natural-resources-governance\/#website","url":"https:\/\/sites.uef.fi\/responsive-natural-resources-governance\/","name":"Responsive Natural Resources Governance \u2013 Research Group","description":"","potentialAction":[{"@type":"SearchAction","target":{"@type":"EntryPoint","urlTemplate":"https:\/\/sites.uef.fi\/responsive-natural-resources-governance\/?s={search_term_string}"},"query-input":{"@type":"PropertyValueSpecification","valueRequired":true,"valueName":"search_term_string"}}],"inLanguage":"en-US"}]}},"_links":{"self":[{"href":"https:\/\/sites.uef.fi\/responsive-natural-resources-governance\/wp-json\/wp\/v2\/pages\/143","targetHints":{"allow":["GET"]}}],"collection":[{"href":"https:\/\/sites.uef.fi\/responsive-natural-resources-governance\/wp-json\/wp\/v2\/pages"}],"about":[{"href":"https:\/\/sites.uef.fi\/responsive-natural-resources-governance\/wp-json\/wp\/v2\/types\/page"}],"author":[{"embeddable":true,"href":"https:\/\/sites.uef.fi\/responsive-natural-resources-governance\/wp-json\/wp\/v2\/users\/164"}],"replies":[{"embeddable":true,"href":"https:\/\/sites.uef.fi\/responsive-natural-resources-governance\/wp-json\/wp\/v2\/comments?post=143"}],"version-history":[{"count":2,"href":"https:\/\/sites.uef.fi\/responsive-natural-resources-governance\/wp-json\/wp\/v2\/pages\/143\/revisions"}],"predecessor-version":[{"id":1513,"href":"https:\/\/sites.uef.fi\/responsive-natural-resources-governance\/wp-json\/wp\/v2\/pages\/143\/revisions\/1513"}],"wp:attachment":[{"href":"https:\/\/sites.uef.fi\/responsive-natural-resources-governance\/wp-json\/wp\/v2\/media?parent=143"}],"curies":[{"name":"wp","href":"https:\/\/api.w.org\/{rel}","templated":true}]}}