{"id":152,"date":"2020-05-19T15:52:54","date_gmt":"2020-05-19T12:52:54","guid":{"rendered":"https:\/\/sites.uef.fi\/responsive-natural-resources-governance\/?page_id=152"},"modified":"2026-02-03T10:12:16","modified_gmt":"2026-02-03T08:12:16","slug":"selected-publications","status":"publish","type":"page","link":"https:\/\/sites.uef.fi\/responsive-natural-resources-governance\/selected-publications\/","title":{"rendered":"Selected Publications"},"content":{"rendered":"<p><a href=\"https:\/\/erepo.uef.fi\/items\/439d3dfb-b5b1-4f02-9449-8fb9150e807a\">Nesterinen, N., Herdieckerhoff, I., Ramdani, R., Mustalahti, I., Tumaini, U., Wright, K., Peltonen, L., Purnomo, E.P., Husein, R. &amp; Sinkkonen, J. (2026) ECCR Course Report. Environmental collaboration and conflict resolution \u2013 collaborative approaches in community forestry in rural Java, Indonesia<\/a><\/p>\n<p><a href=\"https:\/\/www.mdpi.com\/1999-4907\/16\/6\/1022\">Cerveny, K. Lee, Mclain, J. Rebecca &amp; Wright, Kristen (2025) Exploring the Composition of Forest Collaboratives in Northeastern Oregon.\u00a0<\/a><\/p>\n<p><a href=\"https:\/\/www.tandfonline.com\/doi\/full\/10.1080\/00330124.2025.2572421\">Bui, Thien-Kim &amp; McLain, Rebecca (2025) Collaborative Governance and Hydrosocial Territorialization: Reaching consensus on Salmon Restoration Goals in the Columbia River Basin<\/a><\/p>\n<p><a href=\"https:\/\/erepo.uef.fi\/items\/e7a80862-7c1f-46f9-982a-c5c1771043d4\">Sinkkonen, J. &amp; Mustalahti, I. (2025) Narrative Construction of Activist Identities Among Young Finnish Environmental Activists.<em>Youth and globalization<\/em>,\u00a0<em>[ePub ahead of print 19 Nov 2025]<\/em>1-24.\u00a0https:\/\/doi.org\/10.1163\/25895745-bja10050<\/a><\/p>\n<p><a href=\"https:\/\/doi.org\/10.1016\/j.forpol.2024.103159\">Antti Erkkil\u00e4, Ida Herdieckerhoff, Irmeli Mustalahti, Ubaldus J. Tumaini, Aristarik H. Maro. 2024. Ambiguity and forest-based bioeconomy: The case of forest fires in the Southern Highlands of Tanzania. Forest Policy and Economics 160 (2024): 103159<\/a><\/p>\n<p><a href=\"https:\/\/doi.org\/10.5751\/ES-14263-280312\">Ramdani, Rijal, and Irmeli Mustalahti. Collaborative everyday adaptation to deal with peatland fires: a case study on the east coast of Sumatra, Indonesia. <i>Ecology and Society<\/i>\u00a028, no. 3 (2023).<\/a><\/p>\n<p><a href=\"http:\/\/10.1080\/08941920.2023.2255152\">Herdieckerhoff, Ida, Irmeli Mustalahti, Almeida Sitoe, and Est\u00eav\u00e3o E. Chambule. Uncertainty and Forest Concessions in a Globalized World: Insights into Local Access to Forest Resources in Mozambique. <i>Society &amp; Natural Resources<\/i>\u00a0(2023): 1-23.<\/a><\/p>\n<p><a href=\"https:\/\/doi.org\/10.30663\/ay.113711\">Mustonen, A. (2022). Ekomodernistiset aluesuunnittelun ymp\u00e4rist\u00f6diskurssit Pohjois-Karjalassa.\u00a0<i>Alue Ja Ymp\u00e4rist\u00f6<\/i>, 00\u201300<\/a><\/p>\n<p>Erkkil\u00e4, Antti, Nelago Indongo, and Harri Siiskonen. Translocal livelihoods in southern Africa: A case study from north-central Namibia. <i>Journal of Namibian Studies: History Politics Culture<\/i>\u00a031 (2022): 31-53.<\/p>\n<p>Laako H. &amp; Kauffer E., 2022. Between colonising waters and extracting forest fronts: Entangled eco-frontiers in the Usumacinta River Basin, Political Geography, 96, 102566<\/p>\n<p>Dobrynin, D., Jarlebring, N.Y., Mustalahti, I., Sotirov, M., Kulikova, E. and Lopatin, E., 2021. The forest environmental frontier in Russia: Between sustainable forest management discourses and \u2018wood mining\u2019 practice. <i>Ambio<\/i>,\u00a0<i>50<\/i>(12), pp.2138-2152.<\/p>\n<p class=\"x_MsoNormal\"><span lang=\"EN-US\">Laako H. &amp; Kauffer E., 2021: Conservation in the Frontier: Negotiating Ownerships of Nature at the Southern Mexican Border&#8221;, Journal of Latin American Geography 20:3, 40-69<\/span><\/p>\n<p>Purnomo, E.P., Ramdani, R., Nurmandi, A., Trisnawati, D.W. and Fathani, A.T., 2021. Bureaucratic inertia in dealing with annual forest fires in Indonesia.\u00a0<i>International Journal of Wildland Fire<\/i>.<\/p>\n<p>Erkkil\u00e4, A., Mustalahti, I., Tokola, N., Tuunainen, A-M., Hujala, T. 2021 Nuorten mets\u00e4nomistajien valmiudet, valta ja vastuu. Mets\u00e4tieteen aikakauskirja 2021-10513<\/p>\n<p>Guti\u00e9rrez-Zamora, V., 2021. The coloniality of neoliberal biopolitics: Mainstreaming gender in community forestry in Oaxaca, Mexico.\u00a0<i>Geoforum<\/i>,\u00a0<i>126<\/i>, pp.139-149.<\/p>\n<p>Mwaseba, D.L, Erkkil\u00e4, A., Friis-Hansen, E., Maro, A.H. and Maziku, J.D. 2020.\u00a0Responsibilization in governance of non-industrial private forestry: Experiences from the Southern Highlands of Tanzania. Forest policy and economics 118(2020) 102243.<\/p>\n<p>Mustalahti, I., Guti\u00e9rrez-Zamora, V., Hyle, M. Devkota, B. and Tokola, N. 2020. Responsibilization in natural resources governance: A romantic doxa? Forest Policy and Economics 111(2020):102033<\/p>\n<p>Mustalahti, I.\u00a0 and Agrawal A. 2020. Research trends: Responsibilization in natural resource governance. Forest Policy and Economics Volume 121, 102308.<\/p>\n<p>Dobrynin, D., Smirennikova, E. and Mustalahti, I. 2020. Non-state forest governance and \u2018Responsibilization\u2019: The prospects for FPIC under FSC certification in Northwest Russia. Forest Policy and Economics 115 (2020) 102142<\/p>\n<p>Ramcilovik-Suominen, S, Mustalahti, I and Lovric, M. 2019. Mapping policy actor networks and their interests in the FLEGT Voluntary Partnership Agreement in Lao PDR. World Development 118.<\/p>\n<p>Tokola, N, R\u00e4ttil\u00e4, T, Honkatukia, P, Mubeen, F.E. and Mustalahti, I. 2019).\u201dHaluan tulla n\u00e4hdyksi huiviltani\u201d \u2013 Nuorten musliminaisten kokemuksia kuulumisesta ty\u00f6el\u00e4m\u00e4ss\u00e4. Nuorisotutkimus 37(2): 21-35.<\/p>\n<p>Devkota, B. P. and Mustalahti, I. 2018. Complexities in accessing REDD+ benefits in community forestry: evidence from Nepal&#8217;s Terai region. The International Forestry Review 20(3) 332-345.<\/p>\n<p>Mustalahti, I. 2018. The responsive bioeconomy: The need for inclusion of citizens and environmental capability in the forest based bioeconomy. Journal of Cleaner Production 172: 3781-3790.<\/p>\n<p>Kleinschmit, D.; Arts, B.; Giurca, A; Mustalahti. I., Sergent, A.; Pulzl, H. 2017. Environmental concerns in political bioeconomy discourses. International Forestry Review 19(1):2017<\/p>\n<p>Mustalahti, I.; Cramm, M.; Ramcilovic\u2010Suominen, S.; Tegegne, Y.T. 2017. Resources and Rules of the Game: Participation of Civil Society in REDD+ and FLEGT\u2010VPA Processes in Lao PDR. Forests 8:50.<\/p>\n<p>Ramcilovic-Suominen, S., P\u00fclzl, H. 2017. Sustainable development: A \u2018selling point\u2019 of the emerging EU bioeconomy policy framework? Journal of Cleaner Production (2017 online) http:\/\/dx.doi.org\/10.1016\/j.jclepro.2016.12.157<\/p>\n<p>Hinojosa Flores, I. D., Skutsch, M. and Mustalahti, I. 2016. Impacts of Finnish cooperation in the Mexican policy making process: from the community forest management to the liberalisation of forest services. Forest Policy and Economics 73:229-238<\/p>\n<p>Rantala, S., Kontinen, T., Korhonen-Kurki, K., Mustalahti, I. 2015. Equity in REDD+: varying logics in Tanzania. Journal of Environmental Policy and Governance. 25(3):201-212.<\/p>\n<p>Scheba, A. and Mustalahti, I. 2015. Rethinking \u2018expert\u2019 knowledge in community forest management in Tanzania. Forest Policy and Economics 60:7-19.<\/p>\n<p>Katani, J., Mustalahti, I., Mukama, K. and Zahabu, E. 2015. Participatory Forest Carbon Assessment in South-eastern Tanzania: Experiences, costs and implications to REDD+ initiatives. Journal of ORYX Fauna &amp; Flora International, 10 pages. DOI: 10.1017\/S0030605315000174.<\/p>\n<p>Kweka, D., Carmenta, R., Hyle, M., Mustalahti, I., Dokken, T., Brockhaus, M. 2015. The context of REDD+ in Tanzania: Drivers, agents and institutions. CIFOR occasional paper. Center for International Forestry Research, Bogor Indonesia. p. 117.<\/p>\n<p>Mustalahti, I. and Rakotonarivo, S. O. 2014. REDD+ and Empowered Deliberative Democracy: Learning from Tanzania. World Development 59:199-211.<\/p>\n<p>Mustalahti, I., Bolin, A., Paavola, J. and Boyd, E. 2012. Can REDD+ reconcile local priorities and needs with global mitigation benefits? Lessons from Angai Forest, Tanzania. Ecology and Society 17(1):16.<\/p>\n<h1>In the Media<\/h1>\n<p><a href=\"https:\/\/news.un.org\/sw\/audio\/2019\/05\/1055881\" target=\"_blank\" rel=\"noopener noreferrer\">Uelimishaji jamii kuhusu uhifadhi endelevu wa misitu ni suala mtambuka<\/a> (13 Mei 2019)<\/p>\n","protected":false},"excerpt":{"rendered":"<p>Nesterinen, N., Herdieckerhoff, I., Ramdani, R., Mustalahti, I., Tumaini, U., Wright, K., Peltonen, L., Purnomo, E.P., Husein, R. &amp; Sinkkonen, J. (2026) ECCR Course Report. Environmental collaboration and conflict resolution \u2013 collaborative approaches in community forestry in rural Java, Indonesia Cerveny, K. Lee, Mclain, J. Rebecca &amp; Wright, Kristen (2025) Exploring the Composition of Forest [&hellip;]<\/p>\n","protected":false},"author":164,"featured_media":0,"parent":0,"menu_order":0,"comment_status":"closed","ping_status":"closed","template":"","meta":{"_acf_changed":false,"footnotes":""},"class_list":["post-152","page","type-page","status-publish","hentry"],"acf":[],"yoast_head":"<!-- This site is optimized with the Yoast SEO plugin v27.1.1 - https:\/\/yoast.com\/product\/yoast-seo-wordpress\/ -->\n<title>Selected Publications - Responsive Natural Resources Governance \u2013 Research Group<\/title>\n<meta name=\"robots\" content=\"index, follow, max-snippet:-1, max-image-preview:large, max-video-preview:-1\" \/>\n<link rel=\"canonical\" href=\"https:\/\/sites.uef.fi\/responsive-natural-resources-governance\/selected-publications\/\" \/>\n<meta property=\"og:locale\" content=\"en_US\" \/>\n<meta property=\"og:type\" content=\"article\" \/>\n<meta property=\"og:title\" content=\"Selected Publications - Responsive Natural Resources Governance \u2013 Research Group\" \/>\n<meta property=\"og:description\" content=\"Nesterinen, N., Herdieckerhoff, I., Ramdani, R., Mustalahti, I., Tumaini, U., Wright, K., Peltonen, L., Purnomo, E.P., Husein, R. &amp; Sinkkonen, J. (2026) ECCR Course Report. Environmental collaboration and conflict resolution \u2013 collaborative approaches in community forestry in rural Java, Indonesia Cerveny, K. Lee, Mclain, J. Rebecca &amp; Wright, Kristen (2025) Exploring the Composition of Forest [&hellip;]\" \/>\n<meta property=\"og:url\" content=\"https:\/\/sites.uef.fi\/responsive-natural-resources-governance\/selected-publications\/\" \/>\n<meta property=\"og:site_name\" content=\"Responsive Natural Resources Governance \u2013 Research Group\" \/>\n<meta property=\"article:modified_time\" content=\"2026-02-03T08:12:16+00:00\" \/>\n<meta name=\"twitter:card\" content=\"summary_large_image\" \/>\n<meta name=\"twitter:label1\" content=\"Est. reading time\" \/>\n\t<meta name=\"twitter:data1\" content=\"4 minutes\" \/>\n<script type=\"application\/ld+json\" class=\"yoast-schema-graph\">{\"@context\":\"https:\/\/schema.org\",\"@graph\":[{\"@type\":\"WebPage\",\"@id\":\"https:\/\/sites.uef.fi\/responsive-natural-resources-governance\/selected-publications\/\",\"url\":\"https:\/\/sites.uef.fi\/responsive-natural-resources-governance\/selected-publications\/\",\"name\":\"Selected Publications - Responsive Natural Resources Governance \u2013 Research Group\",\"isPartOf\":{\"@id\":\"https:\/\/sites.uef.fi\/responsive-natural-resources-governance\/#website\"},\"datePublished\":\"2020-05-19T12:52:54+00:00\",\"dateModified\":\"2026-02-03T08:12:16+00:00\",\"breadcrumb\":{\"@id\":\"https:\/\/sites.uef.fi\/responsive-natural-resources-governance\/selected-publications\/#breadcrumb\"},\"inLanguage\":\"en-US\",\"potentialAction\":[{\"@type\":\"ReadAction\",\"target\":[\"https:\/\/sites.uef.fi\/responsive-natural-resources-governance\/selected-publications\/\"]}]},{\"@type\":\"BreadcrumbList\",\"@id\":\"https:\/\/sites.uef.fi\/responsive-natural-resources-governance\/selected-publications\/#breadcrumb\",\"itemListElement\":[{\"@type\":\"ListItem\",\"position\":1,\"name\":\"Home\",\"item\":\"https:\/\/sites.uef.fi\/responsive-natural-resources-governance\/\"},{\"@type\":\"ListItem\",\"position\":2,\"name\":\"Selected Publications\"}]},{\"@type\":\"WebSite\",\"@id\":\"https:\/\/sites.uef.fi\/responsive-natural-resources-governance\/#website\",\"url\":\"https:\/\/sites.uef.fi\/responsive-natural-resources-governance\/\",\"name\":\"Responsive Natural Resources Governance \u2013 Research Group\",\"description\":\"\",\"potentialAction\":[{\"@type\":\"SearchAction\",\"target\":{\"@type\":\"EntryPoint\",\"urlTemplate\":\"https:\/\/sites.uef.fi\/responsive-natural-resources-governance\/?s={search_term_string}\"},\"query-input\":{\"@type\":\"PropertyValueSpecification\",\"valueRequired\":true,\"valueName\":\"search_term_string\"}}],\"inLanguage\":\"en-US\"}]}<\/script>\n<!-- \/ Yoast SEO plugin. -->","yoast_head_json":{"title":"Selected Publications - Responsive Natural Resources Governance \u2013 Research Group","robots":{"index":"index","follow":"follow","max-snippet":"max-snippet:-1","max-image-preview":"max-image-preview:large","max-video-preview":"max-video-preview:-1"},"canonical":"https:\/\/sites.uef.fi\/responsive-natural-resources-governance\/selected-publications\/","og_locale":"en_US","og_type":"article","og_title":"Selected Publications - Responsive Natural Resources Governance \u2013 Research Group","og_description":"Nesterinen, N., Herdieckerhoff, I., Ramdani, R., Mustalahti, I., Tumaini, U., Wright, K., Peltonen, L., Purnomo, E.P., Husein, R. &amp; Sinkkonen, J. (2026) ECCR Course Report. Environmental collaboration and conflict resolution \u2013 collaborative approaches in community forestry in rural Java, Indonesia Cerveny, K. Lee, Mclain, J. Rebecca &amp; Wright, Kristen (2025) Exploring the Composition of Forest [&hellip;]","og_url":"https:\/\/sites.uef.fi\/responsive-natural-resources-governance\/selected-publications\/","og_site_name":"Responsive Natural Resources Governance \u2013 Research Group","article_modified_time":"2026-02-03T08:12:16+00:00","twitter_card":"summary_large_image","twitter_misc":{"Est. reading time":"4 minutes"},"schema":{"@context":"https:\/\/schema.org","@graph":[{"@type":"WebPage","@id":"https:\/\/sites.uef.fi\/responsive-natural-resources-governance\/selected-publications\/","url":"https:\/\/sites.uef.fi\/responsive-natural-resources-governance\/selected-publications\/","name":"Selected Publications - Responsive Natural Resources Governance \u2013 Research Group","isPartOf":{"@id":"https:\/\/sites.uef.fi\/responsive-natural-resources-governance\/#website"},"datePublished":"2020-05-19T12:52:54+00:00","dateModified":"2026-02-03T08:12:16+00:00","breadcrumb":{"@id":"https:\/\/sites.uef.fi\/responsive-natural-resources-governance\/selected-publications\/#breadcrumb"},"inLanguage":"en-US","potentialAction":[{"@type":"ReadAction","target":["https:\/\/sites.uef.fi\/responsive-natural-resources-governance\/selected-publications\/"]}]},{"@type":"BreadcrumbList","@id":"https:\/\/sites.uef.fi\/responsive-natural-resources-governance\/selected-publications\/#breadcrumb","itemListElement":[{"@type":"ListItem","position":1,"name":"Home","item":"https:\/\/sites.uef.fi\/responsive-natural-resources-governance\/"},{"@type":"ListItem","position":2,"name":"Selected Publications"}]},{"@type":"WebSite","@id":"https:\/\/sites.uef.fi\/responsive-natural-resources-governance\/#website","url":"https:\/\/sites.uef.fi\/responsive-natural-resources-governance\/","name":"Responsive Natural Resources Governance \u2013 Research Group","description":"","potentialAction":[{"@type":"SearchAction","target":{"@type":"EntryPoint","urlTemplate":"https:\/\/sites.uef.fi\/responsive-natural-resources-governance\/?s={search_term_string}"},"query-input":{"@type":"PropertyValueSpecification","valueRequired":true,"valueName":"search_term_string"}}],"inLanguage":"en-US"}]}},"_links":{"self":[{"href":"https:\/\/sites.uef.fi\/responsive-natural-resources-governance\/wp-json\/wp\/v2\/pages\/152","targetHints":{"allow":["GET"]}}],"collection":[{"href":"https:\/\/sites.uef.fi\/responsive-natural-resources-governance\/wp-json\/wp\/v2\/pages"}],"about":[{"href":"https:\/\/sites.uef.fi\/responsive-natural-resources-governance\/wp-json\/wp\/v2\/types\/page"}],"author":[{"embeddable":true,"href":"https:\/\/sites.uef.fi\/responsive-natural-resources-governance\/wp-json\/wp\/v2\/users\/164"}],"replies":[{"embeddable":true,"href":"https:\/\/sites.uef.fi\/responsive-natural-resources-governance\/wp-json\/wp\/v2\/comments?post=152"}],"version-history":[{"count":2,"href":"https:\/\/sites.uef.fi\/responsive-natural-resources-governance\/wp-json\/wp\/v2\/pages\/152\/revisions"}],"predecessor-version":[{"id":1547,"href":"https:\/\/sites.uef.fi\/responsive-natural-resources-governance\/wp-json\/wp\/v2\/pages\/152\/revisions\/1547"}],"wp:attachment":[{"href":"https:\/\/sites.uef.fi\/responsive-natural-resources-governance\/wp-json\/wp\/v2\/media?parent=152"}],"curies":[{"name":"wp","href":"https:\/\/api.w.org\/{rel}","templated":true}]}}