{"id":170,"date":"2020-05-19T15:54:41","date_gmt":"2020-05-19T12:54:41","guid":{"rendered":"https:\/\/sites.uef.fi\/responsive-natural-resources-governance\/international-partners\/"},"modified":"2022-10-26T11:42:12","modified_gmt":"2022-10-26T08:42:12","slug":"international-partners","status":"publish","type":"page","link":"https:\/\/sites.uef.fi\/responsive-natural-resources-governance\/international-partners\/?lang=fi","title":{"rendered":"Yhteisty\u00f6kumppanit"},"content":{"rendered":"<h1>Kansainv\u00e4liset yhteisty\u00f6kumppanit<\/h1>\n<p class=\"x_MsoNormal\"><span lang=\"EN-US\">College of Business Education, Tanzania \u2013 Prof. Edda Tandi Lwoga<\/span><\/p>\n<p class=\"x_MsoNormal\"><span lang=\"EN-US\">University of Dar es Salaam \u2013 Professor Bernadeta Killian, Tanzania<\/span><\/p>\n<p class=\"x_MsoNormal\"><span lang=\"EN-US\">National University of Namibia\u00a0\u2013 Prof. Kenneth Matengu<\/span><\/p>\n<p class=\"x_Default\"><span lang=\"EN-US\">National Autonomous University of Mexico \u00a0\u2013 Prof. Tuyeni Heita Mwampamba<\/span><\/p>\n<p class=\"x_MsoNormal\"><span lang=\"EN-US\">National Autonomous University of Mexico- Lecturer Diego Garc\u00eda Osorio<\/span><\/p>\n<p class=\"x_MsoNormal\">Universitas Muhammadiyah Yogyakarta, Indonesia\u00a0\u2013 Prof.\u00a0Eko Priyo Purnomo<\/p>\n<p class=\"x_Default\"><span lang=\"EN-US\">University of Eduardo Mondlane, Mozambique \u2013 Prof. Almeida Sitoe<\/span><\/p>\n<p class=\"x_Default\"><span lang=\"EN-US\">University of Michigan,\u00a0<\/span><span lang=\"EN-GB\">the United States<\/span><span lang=\"EN-US\">\u00a0\u2013 Prof. Arun Agrawal<\/span><span lang=\"EN-US\"><br aria-hidden=\"true\" \/><\/span><\/p>\n<p class=\"x_Default\"><span lang=\"EN-US\">American University<\/span><span lang=\"EN-US\">\u00a0<\/span><span lang=\"EN-GB\">the United States<\/span><span lang=\"EN-US\">\u00a0\u2013 Professor Jesse Ribot<\/span><\/p>\n<p class=\"x_Default\"><span lang=\"EN-GB\">Portland State University, the United States\u00a0<\/span><span lang=\"EN-US\">\u2013\u00a0<\/span><span lang=\"EN-GB\">Prof. Laurel Singer and Prof. Steve Greenwood<\/span><\/p>\n<p class=\"x_Default\"><span lang=\"EN-GB\">University of Toronto, Canada,<\/span><span lang=\"EN-GB\">\u00a0<\/span><span lang=\"EN-US\">\u2013 Prof<\/span><span lang=\"EN-GB\">\u00a0Nicole Klein<\/span><\/p>\n<p class=\"x_Default\"><span lang=\"EN-GB\">University of Freiburg, German<\/span><span lang=\"EN-GB\">\u00a0<\/span><span lang=\"EN-US\">\u2013 Prof.<\/span><span lang=\"EN-US\">\u00a0<\/span><span lang=\"EN-GB\">\u00a0Daniela Kleinschmit<\/span><\/p>\n<p class=\"x_Default\"><span lang=\"EN-US\">University of Leeds \u2013 Prof. Jouni Paavola<\/span><\/p>\n<p class=\"x_Default\"><span lang=\"EN-US\">University of Copenhagen \u2013 Prof. Jens Frees Lund<\/span><\/p>\n<p class=\"x_Default\"><span lang=\"EN-US\">University of Lisbon, Portugal\u00a0<\/span><span lang=\"EN-US\">\u2013 Senior lecturer\u00a0<\/span><span lang=\"EN-US\">Ros\u00e1rio Oliveira<\/span><\/p>\n","protected":false},"excerpt":{"rendered":"<p>Kansainv\u00e4liset yhteisty\u00f6kumppanit College of Business Education, Tanzania \u2013 Prof. Edda Tandi Lwoga University of Dar es Salaam \u2013 Professor Bernadeta Killian, Tanzania National University of Namibia\u00a0\u2013 Prof. Kenneth Matengu National Autonomous University of Mexico \u00a0\u2013 Prof. Tuyeni Heita Mwampamba National Autonomous University of Mexico- Lecturer Diego Garc\u00eda Osorio Universitas Muhammadiyah Yogyakarta, Indonesia\u00a0\u2013 Prof.\u00a0Eko Priyo Purnomo [&hellip;]<\/p>\n","protected":false},"author":164,"featured_media":0,"parent":0,"menu_order":0,"comment_status":"closed","ping_status":"closed","template":"","meta":{"_acf_changed":false,"footnotes":""},"class_list":["post-170","page","type-page","status-publish","hentry"],"acf":[],"yoast_head":"<!-- This site is optimized with the Yoast SEO plugin v27.3 - https:\/\/yoast.com\/product\/yoast-seo-wordpress\/ -->\n<title>Yhteisty\u00f6kumppanit - Responsive Natural Resources Governance \u2013 Research Group<\/title>\n<meta name=\"robots\" content=\"index, follow, max-snippet:-1, max-image-preview:large, max-video-preview:-1\" \/>\n<link rel=\"canonical\" href=\"https:\/\/sites.uef.fi\/responsive-natural-resources-governance\/international-partners\/?lang=fi\" \/>\n<meta property=\"og:locale\" content=\"en_US\" \/>\n<meta property=\"og:type\" content=\"article\" \/>\n<meta property=\"og:title\" content=\"Yhteisty\u00f6kumppanit - Responsive Natural Resources Governance \u2013 Research Group\" \/>\n<meta property=\"og:description\" content=\"Kansainv\u00e4liset yhteisty\u00f6kumppanit College of Business Education, Tanzania \u2013 Prof. Edda Tandi Lwoga University of Dar es Salaam \u2013 Professor Bernadeta Killian, Tanzania National University of Namibia\u00a0\u2013 Prof. Kenneth Matengu National Autonomous University of Mexico \u00a0\u2013 Prof. Tuyeni Heita Mwampamba National Autonomous University of Mexico- Lecturer Diego Garc\u00eda Osorio Universitas Muhammadiyah Yogyakarta, Indonesia\u00a0\u2013 Prof.\u00a0Eko Priyo Purnomo [&hellip;]\" \/>\n<meta property=\"og:url\" content=\"https:\/\/sites.uef.fi\/responsive-natural-resources-governance\/international-partners\/?lang=fi\" \/>\n<meta property=\"og:site_name\" content=\"Responsive Natural Resources Governance \u2013 Research Group\" \/>\n<meta property=\"article:modified_time\" content=\"2022-10-26T08:42:12+00:00\" \/>\n<meta name=\"twitter:card\" content=\"summary_large_image\" \/>\n<meta name=\"twitter:label1\" content=\"Est. reading time\" \/>\n\t<meta name=\"twitter:data1\" content=\"1 minute\" \/>\n<script type=\"application\/ld+json\" class=\"yoast-schema-graph\">{\"@context\":\"https:\\\/\\\/schema.org\",\"@graph\":[{\"@type\":\"WebPage\",\"@id\":\"https:\\\/\\\/sites.uef.fi\\\/responsive-natural-resources-governance\\\/international-partners\\\/?lang=fi\",\"url\":\"https:\\\/\\\/sites.uef.fi\\\/responsive-natural-resources-governance\\\/international-partners\\\/?lang=fi\",\"name\":\"Yhteisty\u00f6kumppanit - Responsive Natural Resources Governance \u2013 Research Group\",\"isPartOf\":{\"@id\":\"https:\\\/\\\/sites.uef.fi\\\/responsive-natural-resources-governance\\\/#website\"},\"datePublished\":\"2020-05-19T12:54:41+00:00\",\"dateModified\":\"2022-10-26T08:42:12+00:00\",\"breadcrumb\":{\"@id\":\"https:\\\/\\\/sites.uef.fi\\\/responsive-natural-resources-governance\\\/international-partners\\\/?lang=fi#breadcrumb\"},\"inLanguage\":\"en-US\",\"potentialAction\":[{\"@type\":\"ReadAction\",\"target\":[\"https:\\\/\\\/sites.uef.fi\\\/responsive-natural-resources-governance\\\/international-partners\\\/?lang=fi\"]}]},{\"@type\":\"BreadcrumbList\",\"@id\":\"https:\\\/\\\/sites.uef.fi\\\/responsive-natural-resources-governance\\\/international-partners\\\/?lang=fi#breadcrumb\",\"itemListElement\":[{\"@type\":\"ListItem\",\"position\":1,\"name\":\"Home\",\"item\":\"https:\\\/\\\/sites.uef.fi\\\/responsive-natural-resources-governance\\\/\"},{\"@type\":\"ListItem\",\"position\":2,\"name\":\"Yhteisty\u00f6kumppanit\"}]},{\"@type\":\"WebSite\",\"@id\":\"https:\\\/\\\/sites.uef.fi\\\/responsive-natural-resources-governance\\\/#website\",\"url\":\"https:\\\/\\\/sites.uef.fi\\\/responsive-natural-resources-governance\\\/\",\"name\":\"Responsive Natural Resources Governance \u2013 Research Group\",\"description\":\"\",\"potentialAction\":[{\"@type\":\"SearchAction\",\"target\":{\"@type\":\"EntryPoint\",\"urlTemplate\":\"https:\\\/\\\/sites.uef.fi\\\/responsive-natural-resources-governance\\\/?s={search_term_string}\"},\"query-input\":{\"@type\":\"PropertyValueSpecification\",\"valueRequired\":true,\"valueName\":\"search_term_string\"}}],\"inLanguage\":\"en-US\"}]}<\/script>\n<!-- \/ Yoast SEO plugin. -->","yoast_head_json":{"title":"Yhteisty\u00f6kumppanit - Responsive Natural Resources Governance \u2013 Research Group","robots":{"index":"index","follow":"follow","max-snippet":"max-snippet:-1","max-image-preview":"max-image-preview:large","max-video-preview":"max-video-preview:-1"},"canonical":"https:\/\/sites.uef.fi\/responsive-natural-resources-governance\/international-partners\/?lang=fi","og_locale":"en_US","og_type":"article","og_title":"Yhteisty\u00f6kumppanit - Responsive Natural Resources Governance \u2013 Research Group","og_description":"Kansainv\u00e4liset yhteisty\u00f6kumppanit College of Business Education, Tanzania \u2013 Prof. Edda Tandi Lwoga University of Dar es Salaam \u2013 Professor Bernadeta Killian, Tanzania National University of Namibia\u00a0\u2013 Prof. Kenneth Matengu National Autonomous University of Mexico \u00a0\u2013 Prof. Tuyeni Heita Mwampamba National Autonomous University of Mexico- Lecturer Diego Garc\u00eda Osorio Universitas Muhammadiyah Yogyakarta, Indonesia\u00a0\u2013 Prof.\u00a0Eko Priyo Purnomo [&hellip;]","og_url":"https:\/\/sites.uef.fi\/responsive-natural-resources-governance\/international-partners\/?lang=fi","og_site_name":"Responsive Natural Resources Governance \u2013 Research Group","article_modified_time":"2022-10-26T08:42:12+00:00","twitter_card":"summary_large_image","twitter_misc":{"Est. reading time":"1 minute"},"schema":{"@context":"https:\/\/schema.org","@graph":[{"@type":"WebPage","@id":"https:\/\/sites.uef.fi\/responsive-natural-resources-governance\/international-partners\/?lang=fi","url":"https:\/\/sites.uef.fi\/responsive-natural-resources-governance\/international-partners\/?lang=fi","name":"Yhteisty\u00f6kumppanit - Responsive Natural Resources Governance \u2013 Research Group","isPartOf":{"@id":"https:\/\/sites.uef.fi\/responsive-natural-resources-governance\/#website"},"datePublished":"2020-05-19T12:54:41+00:00","dateModified":"2022-10-26T08:42:12+00:00","breadcrumb":{"@id":"https:\/\/sites.uef.fi\/responsive-natural-resources-governance\/international-partners\/?lang=fi#breadcrumb"},"inLanguage":"en-US","potentialAction":[{"@type":"ReadAction","target":["https:\/\/sites.uef.fi\/responsive-natural-resources-governance\/international-partners\/?lang=fi"]}]},{"@type":"BreadcrumbList","@id":"https:\/\/sites.uef.fi\/responsive-natural-resources-governance\/international-partners\/?lang=fi#breadcrumb","itemListElement":[{"@type":"ListItem","position":1,"name":"Home","item":"https:\/\/sites.uef.fi\/responsive-natural-resources-governance\/"},{"@type":"ListItem","position":2,"name":"Yhteisty\u00f6kumppanit"}]},{"@type":"WebSite","@id":"https:\/\/sites.uef.fi\/responsive-natural-resources-governance\/#website","url":"https:\/\/sites.uef.fi\/responsive-natural-resources-governance\/","name":"Responsive Natural Resources Governance \u2013 Research Group","description":"","potentialAction":[{"@type":"SearchAction","target":{"@type":"EntryPoint","urlTemplate":"https:\/\/sites.uef.fi\/responsive-natural-resources-governance\/?s={search_term_string}"},"query-input":{"@type":"PropertyValueSpecification","valueRequired":true,"valueName":"search_term_string"}}],"inLanguage":"en-US"}]}},"_links":{"self":[{"href":"https:\/\/sites.uef.fi\/responsive-natural-resources-governance\/wp-json\/wp\/v2\/pages\/170","targetHints":{"allow":["GET"]}}],"collection":[{"href":"https:\/\/sites.uef.fi\/responsive-natural-resources-governance\/wp-json\/wp\/v2\/pages"}],"about":[{"href":"https:\/\/sites.uef.fi\/responsive-natural-resources-governance\/wp-json\/wp\/v2\/types\/page"}],"author":[{"embeddable":true,"href":"https:\/\/sites.uef.fi\/responsive-natural-resources-governance\/wp-json\/wp\/v2\/users\/164"}],"replies":[{"embeddable":true,"href":"https:\/\/sites.uef.fi\/responsive-natural-resources-governance\/wp-json\/wp\/v2\/comments?post=170"}],"version-history":[{"count":3,"href":"https:\/\/sites.uef.fi\/responsive-natural-resources-governance\/wp-json\/wp\/v2\/pages\/170\/revisions"}],"predecessor-version":[{"id":928,"href":"https:\/\/sites.uef.fi\/responsive-natural-resources-governance\/wp-json\/wp\/v2\/pages\/170\/revisions\/928"}],"wp:attachment":[{"href":"https:\/\/sites.uef.fi\/responsive-natural-resources-governance\/wp-json\/wp\/v2\/media?parent=170"}],"curies":[{"name":"wp","href":"https:\/\/api.w.org\/{rel}","templated":true}]}}