{"id":65,"date":"2020-05-19T15:32:37","date_gmt":"2020-05-19T12:32:37","guid":{"rendered":"https:\/\/sites.uef.fi\/responsive-natural-resources-governance\/?page_id=65"},"modified":"2025-11-05T11:38:34","modified_gmt":"2025-11-05T09:38:34","slug":"on-going-projects","status":"publish","type":"page","link":"https:\/\/sites.uef.fi\/responsive-natural-resources-governance\/on-going-projects\/?lang=fi","title":{"rendered":"K\u00e4ynniss\u00e4 olevat projektit"},"content":{"rendered":"\n<p>2025-2029\u00a0Intergenerational learning and inclusion of young people in collaborative environmental governance (VIZAZI)<\/p>\n\n\n\n<p>1.9.2023-30.11.2025 UEF WATER RC Vesitutkimusyhteis\u00f6n post doc toimintatutkimusprojekti<\/p>\n\n\n\n<p><a href=\"https:\/\/educase.aalto.fi\/educase-platform\/environmental-collaboration-and-conflict-resolution-course-series-and-teaching\">2021 &#8211; 2024 Environmental Collaboration and Conflict Resolution &#8211; course series and teaching network (within the framework of the EDUCase Platform)<\/a><\/p>\n\n\n\n<p><a href=\"https:\/\/osf.io\/bpqn7\">2019 &#8211; 2023 A scoping review: Methods of Collaboration in Natural Resource Governance<\/a><\/p>\n\n\n\n<p><a href=\"https:\/\/uefconnect.uef.fi\/tutkimusryhma\/makutano-%e2%80%93-etametsanomistus-tansaniassa-konfliktien-sovittelu-metsahallinnon-uutena-haasteena\/\">2019 &#8211; 2023: Translocal forest owners and environmental collaboration: An action learning process of forest governance transformation in Tanzania (MAKUTANO).<\/a><\/p>\n\n\n\n<p><a href=\"https:\/\/uefconnect.uef.fi\/tutkimusryhma\/all-youth\/\">2018 &#8211; 2023: ALL-YOUTH \u2013 Kaikki nuoret haluavat m\u00e4\u00e4r\u00e4t\u00e4 el\u00e4m\u00e4st\u00e4\u00e4n (ALL-YOUTH) Strategisen tutkimuksen neuvoston (STN) rahoitus.<\/a><\/p>\n\n\n\n<p>2012 &#8211; 2020: Special issue project: Responsibilization in Forest Governance.<\/p>\n\n\n\n<p><a href=\"https:\/\/www.jyu.fi\/science\/fi\/bioenv\/tutkimus\/luonnonvarat\/sumnature\">2017 &#8211; 2020: Ministry of Education. CIMO\/HEI-IKI funding project called Sustainable Management of Natural Resources in Mozambique (SuMaNatuRe).<\/a><\/p>\n\n\n\n<p><a href=\"https:\/\/www.uef.fi\/en\/article\/call-for-applicants-environmental-collaboration-and-conflict-resolution\">2016 &#8211; on-going: \u201cEnvironmental collaboration and conflict resolution\u201d &#8211; course series<\/a><\/p>\n","protected":false},"excerpt":{"rendered":"<p>2025-2029\u00a0Intergenerational learning and inclusion of young people in collaborative environmental governance (VIZAZI) 1.9.2023-30.11.2025 UEF WATER RC Vesitutkimusyhteis\u00f6n post doc toimintatutkimusprojekti 2021 &#8211; 2024 Environmental Collaboration and Conflict Resolution &#8211; course series and teaching network (within the framework of the EDUCase Platform) 2019 &#8211; 2023 A scoping review: Methods of Collaboration in Natural Resource Governance 2019 [&hellip;]<\/p>\n","protected":false},"author":164,"featured_media":0,"parent":0,"menu_order":0,"comment_status":"closed","ping_status":"closed","template":"","meta":{"_acf_changed":false,"footnotes":""},"class_list":["post-65","page","type-page","status-publish","hentry"],"acf":[],"yoast_head":"<!-- This site is optimized with the Yoast SEO plugin v27.3 - https:\/\/yoast.com\/product\/yoast-seo-wordpress\/ -->\n<title>K\u00e4ynniss\u00e4 olevat projektit - Responsive Natural Resources Governance \u2013 Research Group<\/title>\n<meta name=\"robots\" content=\"index, follow, max-snippet:-1, max-image-preview:large, max-video-preview:-1\" \/>\n<link rel=\"canonical\" href=\"https:\/\/sites.uef.fi\/responsive-natural-resources-governance\/on-going-projects\/?lang=fi\" \/>\n<meta property=\"og:locale\" content=\"en_US\" \/>\n<meta property=\"og:type\" content=\"article\" \/>\n<meta property=\"og:title\" content=\"K\u00e4ynniss\u00e4 olevat projektit - Responsive Natural Resources Governance \u2013 Research Group\" \/>\n<meta property=\"og:description\" content=\"2025-2029\u00a0Intergenerational learning and inclusion of young people in collaborative environmental governance (VIZAZI) 1.9.2023-30.11.2025 UEF WATER RC Vesitutkimusyhteis\u00f6n post doc toimintatutkimusprojekti 2021 &#8211; 2024 Environmental Collaboration and Conflict Resolution &#8211; course series and teaching network (within the framework of the EDUCase Platform) 2019 &#8211; 2023 A scoping review: Methods of Collaboration in Natural Resource Governance 2019 [&hellip;]\" \/>\n<meta property=\"og:url\" content=\"https:\/\/sites.uef.fi\/responsive-natural-resources-governance\/on-going-projects\/?lang=fi\" \/>\n<meta property=\"og:site_name\" content=\"Responsive Natural Resources Governance \u2013 Research Group\" \/>\n<meta property=\"article:modified_time\" content=\"2025-11-05T09:38:34+00:00\" \/>\n<meta name=\"twitter:card\" content=\"summary_large_image\" \/>\n<meta name=\"twitter:label1\" content=\"Est. reading time\" \/>\n\t<meta name=\"twitter:data1\" content=\"1 minute\" \/>\n<script type=\"application\/ld+json\" class=\"yoast-schema-graph\">{\"@context\":\"https:\\\/\\\/schema.org\",\"@graph\":[{\"@type\":\"WebPage\",\"@id\":\"https:\\\/\\\/sites.uef.fi\\\/responsive-natural-resources-governance\\\/on-going-projects\\\/?lang=fi\",\"url\":\"https:\\\/\\\/sites.uef.fi\\\/responsive-natural-resources-governance\\\/on-going-projects\\\/?lang=fi\",\"name\":\"K\u00e4ynniss\u00e4 olevat projektit - Responsive Natural Resources Governance \u2013 Research Group\",\"isPartOf\":{\"@id\":\"https:\\\/\\\/sites.uef.fi\\\/responsive-natural-resources-governance\\\/#website\"},\"datePublished\":\"2020-05-19T12:32:37+00:00\",\"dateModified\":\"2025-11-05T09:38:34+00:00\",\"breadcrumb\":{\"@id\":\"https:\\\/\\\/sites.uef.fi\\\/responsive-natural-resources-governance\\\/on-going-projects\\\/?lang=fi#breadcrumb\"},\"inLanguage\":\"en-US\",\"potentialAction\":[{\"@type\":\"ReadAction\",\"target\":[\"https:\\\/\\\/sites.uef.fi\\\/responsive-natural-resources-governance\\\/on-going-projects\\\/?lang=fi\"]}]},{\"@type\":\"BreadcrumbList\",\"@id\":\"https:\\\/\\\/sites.uef.fi\\\/responsive-natural-resources-governance\\\/on-going-projects\\\/?lang=fi#breadcrumb\",\"itemListElement\":[{\"@type\":\"ListItem\",\"position\":1,\"name\":\"Home\",\"item\":\"https:\\\/\\\/sites.uef.fi\\\/responsive-natural-resources-governance\\\/\"},{\"@type\":\"ListItem\",\"position\":2,\"name\":\"K\u00e4ynniss\u00e4 olevat projektit\"}]},{\"@type\":\"WebSite\",\"@id\":\"https:\\\/\\\/sites.uef.fi\\\/responsive-natural-resources-governance\\\/#website\",\"url\":\"https:\\\/\\\/sites.uef.fi\\\/responsive-natural-resources-governance\\\/\",\"name\":\"Responsive Natural Resources Governance \u2013 Research Group\",\"description\":\"\",\"potentialAction\":[{\"@type\":\"SearchAction\",\"target\":{\"@type\":\"EntryPoint\",\"urlTemplate\":\"https:\\\/\\\/sites.uef.fi\\\/responsive-natural-resources-governance\\\/?s={search_term_string}\"},\"query-input\":{\"@type\":\"PropertyValueSpecification\",\"valueRequired\":true,\"valueName\":\"search_term_string\"}}],\"inLanguage\":\"en-US\"}]}<\/script>\n<!-- \/ Yoast SEO plugin. -->","yoast_head_json":{"title":"K\u00e4ynniss\u00e4 olevat projektit - Responsive Natural Resources Governance \u2013 Research Group","robots":{"index":"index","follow":"follow","max-snippet":"max-snippet:-1","max-image-preview":"max-image-preview:large","max-video-preview":"max-video-preview:-1"},"canonical":"https:\/\/sites.uef.fi\/responsive-natural-resources-governance\/on-going-projects\/?lang=fi","og_locale":"en_US","og_type":"article","og_title":"K\u00e4ynniss\u00e4 olevat projektit - Responsive Natural Resources Governance \u2013 Research Group","og_description":"2025-2029\u00a0Intergenerational learning and inclusion of young people in collaborative environmental governance (VIZAZI) 1.9.2023-30.11.2025 UEF WATER RC Vesitutkimusyhteis\u00f6n post doc toimintatutkimusprojekti 2021 &#8211; 2024 Environmental Collaboration and Conflict Resolution &#8211; course series and teaching network (within the framework of the EDUCase Platform) 2019 &#8211; 2023 A scoping review: Methods of Collaboration in Natural Resource Governance 2019 [&hellip;]","og_url":"https:\/\/sites.uef.fi\/responsive-natural-resources-governance\/on-going-projects\/?lang=fi","og_site_name":"Responsive Natural Resources Governance \u2013 Research Group","article_modified_time":"2025-11-05T09:38:34+00:00","twitter_card":"summary_large_image","twitter_misc":{"Est. reading time":"1 minute"},"schema":{"@context":"https:\/\/schema.org","@graph":[{"@type":"WebPage","@id":"https:\/\/sites.uef.fi\/responsive-natural-resources-governance\/on-going-projects\/?lang=fi","url":"https:\/\/sites.uef.fi\/responsive-natural-resources-governance\/on-going-projects\/?lang=fi","name":"K\u00e4ynniss\u00e4 olevat projektit - Responsive Natural Resources Governance \u2013 Research Group","isPartOf":{"@id":"https:\/\/sites.uef.fi\/responsive-natural-resources-governance\/#website"},"datePublished":"2020-05-19T12:32:37+00:00","dateModified":"2025-11-05T09:38:34+00:00","breadcrumb":{"@id":"https:\/\/sites.uef.fi\/responsive-natural-resources-governance\/on-going-projects\/?lang=fi#breadcrumb"},"inLanguage":"en-US","potentialAction":[{"@type":"ReadAction","target":["https:\/\/sites.uef.fi\/responsive-natural-resources-governance\/on-going-projects\/?lang=fi"]}]},{"@type":"BreadcrumbList","@id":"https:\/\/sites.uef.fi\/responsive-natural-resources-governance\/on-going-projects\/?lang=fi#breadcrumb","itemListElement":[{"@type":"ListItem","position":1,"name":"Home","item":"https:\/\/sites.uef.fi\/responsive-natural-resources-governance\/"},{"@type":"ListItem","position":2,"name":"K\u00e4ynniss\u00e4 olevat projektit"}]},{"@type":"WebSite","@id":"https:\/\/sites.uef.fi\/responsive-natural-resources-governance\/#website","url":"https:\/\/sites.uef.fi\/responsive-natural-resources-governance\/","name":"Responsive Natural Resources Governance \u2013 Research Group","description":"","potentialAction":[{"@type":"SearchAction","target":{"@type":"EntryPoint","urlTemplate":"https:\/\/sites.uef.fi\/responsive-natural-resources-governance\/?s={search_term_string}"},"query-input":{"@type":"PropertyValueSpecification","valueRequired":true,"valueName":"search_term_string"}}],"inLanguage":"en-US"}]}},"_links":{"self":[{"href":"https:\/\/sites.uef.fi\/responsive-natural-resources-governance\/wp-json\/wp\/v2\/pages\/65","targetHints":{"allow":["GET"]}}],"collection":[{"href":"https:\/\/sites.uef.fi\/responsive-natural-resources-governance\/wp-json\/wp\/v2\/pages"}],"about":[{"href":"https:\/\/sites.uef.fi\/responsive-natural-resources-governance\/wp-json\/wp\/v2\/types\/page"}],"author":[{"embeddable":true,"href":"https:\/\/sites.uef.fi\/responsive-natural-resources-governance\/wp-json\/wp\/v2\/users\/164"}],"replies":[{"embeddable":true,"href":"https:\/\/sites.uef.fi\/responsive-natural-resources-governance\/wp-json\/wp\/v2\/comments?post=65"}],"version-history":[{"count":2,"href":"https:\/\/sites.uef.fi\/responsive-natural-resources-governance\/wp-json\/wp\/v2\/pages\/65\/revisions"}],"predecessor-version":[{"id":1527,"href":"https:\/\/sites.uef.fi\/responsive-natural-resources-governance\/wp-json\/wp\/v2\/pages\/65\/revisions\/1527"}],"wp:attachment":[{"href":"https:\/\/sites.uef.fi\/responsive-natural-resources-governance\/wp-json\/wp\/v2\/media?parent=65"}],"curies":[{"name":"wp","href":"https:\/\/api.w.org\/{rel}","templated":true}]}}