{"id":245,"date":"2024-10-30T12:36:27","date_gmt":"2024-10-30T10:36:27","guid":{"rendered":"https:\/\/sites.uef.fi\/retra\/?page_id=245"},"modified":"2024-12-10T08:56:32","modified_gmt":"2024-12-10T06:56:32","slug":"tavoitteet","status":"publish","type":"page","link":"https:\/\/sites.uef.fi\/retra\/tavoitteet\/","title":{"rendered":"Tavoitteet"},"content":{"rendered":"\n<p>\u201dMonikielisyys ja k\u00e4\u00e4nt\u00e4minen muuttuvassa tutkijan ty\u00f6ss\u00e4: k\u00e4yt\u00e4nn\u00f6llisi\u00e4 ja tieteenfilosofisia n\u00e4k\u00f6kulmia\u201d on Koneen S\u00e4\u00e4ti\u00f6n rahoittama (2024\u20132027) tutkimushanke, jonka toteuttaa It\u00e4-Suomen yliopiston Humanistisen osaston ReTra-tutkimusryhm\u00e4. Ty\u00f6 on osa BOMOCULT-tutkimusyhteis\u00f6n toimintaa.&nbsp;<\/p>\n\n\n\n<p>Tutkimme hankkeessa monikielisen viestinn\u00e4n roolia tutkimusty\u00f6ss\u00e4 ja tutkimusprosessin liittyv\u00e4\u00e4 translatorisuutta eli toimintaa, jossa alun perin yhdell\u00e4 kielell\u00e4 ilmaistu sis\u00e4lt\u00f6 esitet\u00e4\u00e4n toisella kielell\u00e4. Meit\u00e4 kiinnostavat ammattimaisen k\u00e4\u00e4nn\u00f6s- ja tulkkaustoiminnan lis\u00e4ksi my\u00f6s ne kieltenv\u00e4lisen viestinn\u00e4n muodot, joissa toimijana on ei-ammattimainen tai paraprofessionaali k\u00e4\u00e4nt\u00e4j\u00e4, usein tutkija itse \u2212 apuna nyky\u00e4\u00e4n my\u00f6s teko\u00e4ly ja konek\u00e4\u00e4nt\u00e4minen.&nbsp;&nbsp;&nbsp;<\/p>\n\n\n\n<p>Kun monikielisest\u00e4 maailmasta raportoidaan yhdell\u00e4 kielell\u00e4, nyky\u00e4\u00e4n usein englanniksi, tutkimukseen v\u00e4ist\u00e4m\u00e4tt\u00e4 liittyy k\u00e4\u00e4nt\u00e4mist\u00e4. T\u00e4m\u00e4 j\u00e4\u00e4 kuitenkin usein v\u00e4h\u00e4ll\u00e4 huomiolle, eiv\u00e4tk\u00e4 tutkijat itsek\u00e4\u00e4n v\u00e4ltt\u00e4m\u00e4tt\u00e4 miell\u00e4 v\u00e4litt\u00e4v\u00e4ns\u00e4 sis\u00e4lt\u00f6\u00e4 kielelt\u00e4 toiselle. Juuri t\u00e4h\u00e4n ilmi\u00f6\u00f6n hankkeemme keskittyy.&nbsp;<\/p>\n\n\n\n<h3 class=\"wp-block-heading\">Taustaa\u00a0<\/h3>\n\n\n\n<p>Hanke sai alkunsa vuonna 2018 It\u00e4-Suomen yliopiston j\u00e4rjestetyst\u00e4 Tutkimusaineistojen k\u00e4\u00e4nt\u00e4minen -opintojaksosta. Kurssi on sittemmin ollut tarjolla vuosittain, mutta jo ensimm\u00e4isell\u00e4 kerralla huomasimme, kuinka laajasti k\u00e4\u00e4nt\u00e4mist\u00e4 ja tulkkausta on mukana tutkimusprosessissa. T\u00e4m\u00e4 her\u00e4tti kiinnostuksemme ilmi\u00f6n tarkempaan tutkimukseen.&nbsp;<\/p>\n\n\n\n<h3 class=\"wp-block-heading\">Tavoitteet<\/h3>\n\n\n\n<p>Tavoitteenamme on valottaa tutkimusty\u00f6n monikielisyytt\u00e4 ja k\u00e4\u00e4nt\u00e4mist\u00e4 yhdist\u00e4m\u00e4ll\u00e4 tarkasteluumme k\u00e4\u00e4nn\u00f6stieteen ja tieteenfilosofian n\u00e4k\u00f6kulmia. Ker\u00e4\u00e4mme aineistoa eri maista ja eri tieteenaloilta. Tarkastelumme ytimess\u00e4 on tutkija ja se millaisia k\u00e4\u00e4nt\u00e4misen k\u00e4yt\u00e4nteit\u00e4 h\u00e4nell\u00e4 on sek\u00e4 miss\u00e4 m\u00e4\u00e4rin h\u00e4n on tietoinen k\u00e4\u00e4nt\u00e4misen merkityksest\u00e4 tutkimusty\u00f6ss\u00e4\u00e4n. Kiinnit\u00e4mme huomiota my\u00f6s kieliteknologian ja teko\u00e4lysovellusten k\u00e4ytt\u00f6\u00f6n, joka lis\u00e4\u00e4ntyy nopeasti tutkimuksen apuna. Tuotamme koulutusmateriaalia, jonka avulla tutkijat voivat tunnistaa ja ratkaista monikielisen viestinn\u00e4n haasteita arjessaan.&nbsp;<\/p>\n\n\n\n<h3 class=\"wp-block-heading\">Toteutus<\/h3>\n\n\n\n<p>Hankkeen tutkimusaineistoksi ker\u00e4t\u00e4\u00e4n aineistoa kyselyll\u00e4, haastatteluin ja fokusryhm\u00e4keskusteluin. Eri uravaiheissa oleville tutkijoille suunnattu kysely toteutetaan vuoden 2025 alussa, jonka j\u00e4lkeen keskityt\u00e4\u00e4n haastatteluihin ja fokusryhmiin. Aineistoa analysoidaan niin laadullisesti kuin m\u00e4\u00e4r\u00e4llisesti.&nbsp;<\/p>\n","protected":false},"excerpt":{"rendered":"<p>\u201dMonikielisyys ja k\u00e4\u00e4nt\u00e4minen muuttuvassa tutkijan ty\u00f6ss\u00e4: k\u00e4yt\u00e4nn\u00f6llisi\u00e4 ja tieteenfilosofisia n\u00e4k\u00f6kulmia\u201d on Koneen S\u00e4\u00e4ti\u00f6n rahoittama (2024\u20132027) tutkimushanke, jonka toteuttaa It\u00e4-Suomen yliopiston Humanistisen osaston ReTra-tutkimusryhm\u00e4. Ty\u00f6 on osa BOMOCULT-tutkimusyhteis\u00f6n toimintaa.&nbsp; Tutkimme hankkeessa monikielisen viestinn\u00e4n roolia tutkimusty\u00f6ss\u00e4 ja tutkimusprosessin liittyv\u00e4\u00e4 translatorisuutta eli toimintaa, jossa alun perin yhdell\u00e4 kielell\u00e4 ilmaistu sis\u00e4lt\u00f6 esitet\u00e4\u00e4n toisella kielell\u00e4. Meit\u00e4 kiinnostavat ammattimaisen k\u00e4\u00e4nn\u00f6s- ja [&hellip;]<\/p>\n","protected":false},"author":1234,"featured_media":0,"parent":0,"menu_order":0,"comment_status":"closed","ping_status":"closed","template":"","meta":{"_acf_changed":false,"footnotes":""},"class_list":["post-245","page","type-page","status-publish","hentry"],"acf":[],"yoast_head":"<!-- This site is optimized with the Yoast SEO plugin v27.3 - https:\/\/yoast.com\/product\/yoast-seo-wordpress\/ -->\n<title>Tavoitteet - Monikielisyys ja k\u00e4\u00e4nt\u00e4minen muuttuvassa tutkijan ty\u00f6ss\u00e4 -hanke<\/title>\n<meta name=\"robots\" content=\"index, follow, max-snippet:-1, max-image-preview:large, max-video-preview:-1\" \/>\n<link rel=\"canonical\" href=\"https:\/\/sites.uef.fi\/retra\/tavoitteet\/\" \/>\n<meta property=\"og:locale\" content=\"fi_FI\" \/>\n<meta property=\"og:type\" content=\"article\" \/>\n<meta property=\"og:title\" content=\"Tavoitteet - Monikielisyys ja k\u00e4\u00e4nt\u00e4minen muuttuvassa tutkijan ty\u00f6ss\u00e4 -hanke\" \/>\n<meta property=\"og:description\" content=\"\u201dMonikielisyys ja k\u00e4\u00e4nt\u00e4minen muuttuvassa tutkijan ty\u00f6ss\u00e4: k\u00e4yt\u00e4nn\u00f6llisi\u00e4 ja tieteenfilosofisia n\u00e4k\u00f6kulmia\u201d on Koneen S\u00e4\u00e4ti\u00f6n rahoittama (2024\u20132027) tutkimushanke, jonka toteuttaa It\u00e4-Suomen yliopiston Humanistisen osaston ReTra-tutkimusryhm\u00e4. Ty\u00f6 on osa BOMOCULT-tutkimusyhteis\u00f6n toimintaa.&nbsp; Tutkimme hankkeessa monikielisen viestinn\u00e4n roolia tutkimusty\u00f6ss\u00e4 ja tutkimusprosessin liittyv\u00e4\u00e4 translatorisuutta eli toimintaa, jossa alun perin yhdell\u00e4 kielell\u00e4 ilmaistu sis\u00e4lt\u00f6 esitet\u00e4\u00e4n toisella kielell\u00e4. Meit\u00e4 kiinnostavat ammattimaisen k\u00e4\u00e4nn\u00f6s- ja [&hellip;]\" \/>\n<meta property=\"og:url\" content=\"https:\/\/sites.uef.fi\/retra\/tavoitteet\/\" \/>\n<meta property=\"og:site_name\" content=\"Monikielisyys ja k\u00e4\u00e4nt\u00e4minen muuttuvassa tutkijan ty\u00f6ss\u00e4 -hanke\" \/>\n<meta property=\"article:modified_time\" content=\"2024-12-10T06:56:32+00:00\" \/>\n<meta name=\"twitter:card\" content=\"summary_large_image\" \/>\n<meta name=\"twitter:label1\" content=\"Arvioitu lukuaika\" \/>\n\t<meta name=\"twitter:data1\" content=\"2 minuuttia\" \/>\n<script type=\"application\/ld+json\" class=\"yoast-schema-graph\">{\"@context\":\"https:\\\/\\\/schema.org\",\"@graph\":[{\"@type\":\"WebPage\",\"@id\":\"https:\\\/\\\/sites.uef.fi\\\/retra\\\/tavoitteet\\\/\",\"url\":\"https:\\\/\\\/sites.uef.fi\\\/retra\\\/tavoitteet\\\/\",\"name\":\"Tavoitteet - Monikielisyys ja k\u00e4\u00e4nt\u00e4minen muuttuvassa tutkijan ty\u00f6ss\u00e4 -hanke\",\"isPartOf\":{\"@id\":\"https:\\\/\\\/sites.uef.fi\\\/retra\\\/#website\"},\"datePublished\":\"2024-10-30T10:36:27+00:00\",\"dateModified\":\"2024-12-10T06:56:32+00:00\",\"breadcrumb\":{\"@id\":\"https:\\\/\\\/sites.uef.fi\\\/retra\\\/tavoitteet\\\/#breadcrumb\"},\"inLanguage\":\"fi\",\"potentialAction\":[{\"@type\":\"ReadAction\",\"target\":[\"https:\\\/\\\/sites.uef.fi\\\/retra\\\/tavoitteet\\\/\"]}]},{\"@type\":\"BreadcrumbList\",\"@id\":\"https:\\\/\\\/sites.uef.fi\\\/retra\\\/tavoitteet\\\/#breadcrumb\",\"itemListElement\":[{\"@type\":\"ListItem\",\"position\":1,\"name\":\"Home\",\"item\":\"https:\\\/\\\/sites.uef.fi\\\/retra\\\/\"},{\"@type\":\"ListItem\",\"position\":2,\"name\":\"Tavoitteet\"}]},{\"@type\":\"WebSite\",\"@id\":\"https:\\\/\\\/sites.uef.fi\\\/retra\\\/#website\",\"url\":\"https:\\\/\\\/sites.uef.fi\\\/retra\\\/\",\"name\":\"Monikielisyys ja k\u00e4\u00e4nt\u00e4minen muuttuvassa tutkijan ty\u00f6ss\u00e4 -hanke\",\"description\":\"\",\"potentialAction\":[{\"@type\":\"SearchAction\",\"target\":{\"@type\":\"EntryPoint\",\"urlTemplate\":\"https:\\\/\\\/sites.uef.fi\\\/retra\\\/?s={search_term_string}\"},\"query-input\":{\"@type\":\"PropertyValueSpecification\",\"valueRequired\":true,\"valueName\":\"search_term_string\"}}],\"inLanguage\":\"fi\"}]}<\/script>\n<!-- \/ Yoast SEO plugin. -->","yoast_head_json":{"title":"Tavoitteet - Monikielisyys ja k\u00e4\u00e4nt\u00e4minen muuttuvassa tutkijan ty\u00f6ss\u00e4 -hanke","robots":{"index":"index","follow":"follow","max-snippet":"max-snippet:-1","max-image-preview":"max-image-preview:large","max-video-preview":"max-video-preview:-1"},"canonical":"https:\/\/sites.uef.fi\/retra\/tavoitteet\/","og_locale":"fi_FI","og_type":"article","og_title":"Tavoitteet - Monikielisyys ja k\u00e4\u00e4nt\u00e4minen muuttuvassa tutkijan ty\u00f6ss\u00e4 -hanke","og_description":"\u201dMonikielisyys ja k\u00e4\u00e4nt\u00e4minen muuttuvassa tutkijan ty\u00f6ss\u00e4: k\u00e4yt\u00e4nn\u00f6llisi\u00e4 ja tieteenfilosofisia n\u00e4k\u00f6kulmia\u201d on Koneen S\u00e4\u00e4ti\u00f6n rahoittama (2024\u20132027) tutkimushanke, jonka toteuttaa It\u00e4-Suomen yliopiston Humanistisen osaston ReTra-tutkimusryhm\u00e4. Ty\u00f6 on osa BOMOCULT-tutkimusyhteis\u00f6n toimintaa.&nbsp; Tutkimme hankkeessa monikielisen viestinn\u00e4n roolia tutkimusty\u00f6ss\u00e4 ja tutkimusprosessin liittyv\u00e4\u00e4 translatorisuutta eli toimintaa, jossa alun perin yhdell\u00e4 kielell\u00e4 ilmaistu sis\u00e4lt\u00f6 esitet\u00e4\u00e4n toisella kielell\u00e4. Meit\u00e4 kiinnostavat ammattimaisen k\u00e4\u00e4nn\u00f6s- ja [&hellip;]","og_url":"https:\/\/sites.uef.fi\/retra\/tavoitteet\/","og_site_name":"Monikielisyys ja k\u00e4\u00e4nt\u00e4minen muuttuvassa tutkijan ty\u00f6ss\u00e4 -hanke","article_modified_time":"2024-12-10T06:56:32+00:00","twitter_card":"summary_large_image","twitter_misc":{"Arvioitu lukuaika":"2 minuuttia"},"schema":{"@context":"https:\/\/schema.org","@graph":[{"@type":"WebPage","@id":"https:\/\/sites.uef.fi\/retra\/tavoitteet\/","url":"https:\/\/sites.uef.fi\/retra\/tavoitteet\/","name":"Tavoitteet - Monikielisyys ja k\u00e4\u00e4nt\u00e4minen muuttuvassa tutkijan ty\u00f6ss\u00e4 -hanke","isPartOf":{"@id":"https:\/\/sites.uef.fi\/retra\/#website"},"datePublished":"2024-10-30T10:36:27+00:00","dateModified":"2024-12-10T06:56:32+00:00","breadcrumb":{"@id":"https:\/\/sites.uef.fi\/retra\/tavoitteet\/#breadcrumb"},"inLanguage":"fi","potentialAction":[{"@type":"ReadAction","target":["https:\/\/sites.uef.fi\/retra\/tavoitteet\/"]}]},{"@type":"BreadcrumbList","@id":"https:\/\/sites.uef.fi\/retra\/tavoitteet\/#breadcrumb","itemListElement":[{"@type":"ListItem","position":1,"name":"Home","item":"https:\/\/sites.uef.fi\/retra\/"},{"@type":"ListItem","position":2,"name":"Tavoitteet"}]},{"@type":"WebSite","@id":"https:\/\/sites.uef.fi\/retra\/#website","url":"https:\/\/sites.uef.fi\/retra\/","name":"Monikielisyys ja k\u00e4\u00e4nt\u00e4minen muuttuvassa tutkijan ty\u00f6ss\u00e4 -hanke","description":"","potentialAction":[{"@type":"SearchAction","target":{"@type":"EntryPoint","urlTemplate":"https:\/\/sites.uef.fi\/retra\/?s={search_term_string}"},"query-input":{"@type":"PropertyValueSpecification","valueRequired":true,"valueName":"search_term_string"}}],"inLanguage":"fi"}]}},"_links":{"self":[{"href":"https:\/\/sites.uef.fi\/retra\/wp-json\/wp\/v2\/pages\/245","targetHints":{"allow":["GET"]}}],"collection":[{"href":"https:\/\/sites.uef.fi\/retra\/wp-json\/wp\/v2\/pages"}],"about":[{"href":"https:\/\/sites.uef.fi\/retra\/wp-json\/wp\/v2\/types\/page"}],"author":[{"embeddable":true,"href":"https:\/\/sites.uef.fi\/retra\/wp-json\/wp\/v2\/users\/1234"}],"replies":[{"embeddable":true,"href":"https:\/\/sites.uef.fi\/retra\/wp-json\/wp\/v2\/comments?post=245"}],"version-history":[{"count":1,"href":"https:\/\/sites.uef.fi\/retra\/wp-json\/wp\/v2\/pages\/245\/revisions"}],"predecessor-version":[{"id":746,"href":"https:\/\/sites.uef.fi\/retra\/wp-json\/wp\/v2\/pages\/245\/revisions\/746"}],"wp:attachment":[{"href":"https:\/\/sites.uef.fi\/retra\/wp-json\/wp\/v2\/media?parent=245"}],"curies":[{"name":"wp","href":"https:\/\/api.w.org\/{rel}","templated":true}]}}