{"id":257,"date":"2024-10-30T12:37:24","date_gmt":"2024-10-30T10:37:24","guid":{"rendered":"https:\/\/sites.uef.fi\/retra\/?page_id=257"},"modified":"2026-02-10T11:39:29","modified_gmt":"2026-02-10T09:39:29","slug":"tutkimusryhma","status":"publish","type":"page","link":"https:\/\/sites.uef.fi\/retra\/tutkimusryhma\/","title":{"rendered":"Tutkimusryhm\u00e4"},"content":{"rendered":"\n<figure class=\"wp-block-image size-large\"><img loading=\"lazy\" decoding=\"async\" width=\"1024\" height=\"683\" src=\"https:\/\/sites.uef.fi\/retra\/wp-content\/uploads\/sites\/521\/2026\/02\/ReTra.30.1.2026_NJ-2-1024x683.jpg\" alt=\"\" class=\"wp-image-796\" srcset=\"https:\/\/sites.uef.fi\/retra\/wp-content\/uploads\/sites\/521\/2026\/02\/ReTra.30.1.2026_NJ-2-1024x683.jpg 1024w, https:\/\/sites.uef.fi\/retra\/wp-content\/uploads\/sites\/521\/2026\/02\/ReTra.30.1.2026_NJ-2-300x200.jpg 300w, https:\/\/sites.uef.fi\/retra\/wp-content\/uploads\/sites\/521\/2026\/02\/ReTra.30.1.2026_NJ-2-768x512.jpg 768w, https:\/\/sites.uef.fi\/retra\/wp-content\/uploads\/sites\/521\/2026\/02\/ReTra.30.1.2026_NJ-2-1536x1024.jpg 1536w, https:\/\/sites.uef.fi\/retra\/wp-content\/uploads\/sites\/521\/2026\/02\/ReTra.30.1.2026_NJ-2-2048x1366.jpg 2048w\" sizes=\"auto, (max-width: 1024px) 100vw, 1024px\" \/><\/figure>\n\n\n\n<div class=\"person-card\">\n        <h2>Tutkimusryhm\u00e4<\/h2>\n    \n                    <a href=\"https:\/\/uefconnect.uef.fi\/henkilo\/esa.penttila\/\" class=\"person-card-link hover-scale-down\">\n                            <div class=\"person-card-item\">\n                    <div class=\"person-card-column-left\">\n                                                    <img decoding=\"async\" class=\"person-card-image\" src=\"https:\/\/sites.uef.fi\/retra\/wp-content\/uploads\/sites\/521\/2024\/11\/Penttila-Esa-2.jpg\" alt=\"Esa Penttil\u00e4n kuva\" \/>\n                                            <\/div>\n\n                    <div class=\"person-card-column-right\">\n                                                <p class=\"person-card-name\">Esa Penttil\u00e4 (FT)<\/p>\n                        \n                                                <p class=\"person-card-position\">Hankkeen johtaja, professori (englannin kieli ja k\u00e4\u00e4nt\u00e4minen)<\/p>\n                        \n                        \n                                                <p class=\"person-card-text\">Esa Penttil\u00e4 on englannin kielen ja k\u00e4\u00e4nt\u00e4misen professori ja humanistisen osaston johtaja It\u00e4-Suomen yliopistossa. H\u00e4nen tutkimuskohteitaan ovat ei-ammatillinen k\u00e4\u00e4nt\u00e4minen, kognitiivinen kielen- ja k\u00e4\u00e4nn\u00f6stutkimus, monikielinen viestint\u00e4 sek\u00e4 metaforinen kielenk\u00e4ytt\u00f6. <\/p>\n                        \n                                                    <div>\n\t\t\t\t\t\t\t<svg xmlns=\"http:\/\/www.w3.org\/2000\/svg\" height=\"25px\" viewBox=\"0 -960 960 960\" width=\"24px\" ><path fill=\"currentColor\" d=\"M200-120q-33 0-56.5-23.5T120-200v-560q0-33 23.5-56.5T200-840h280v80H200v560h560v-280h80v280q0 33-23.5 56.5T760-120H200Zm188-212-56-56 372-372H560v-80h280v280h-80v-144L388-332Z\"\/><\/svg>\t\t\t\t\t\t\t<\/div>\n                                            <\/div>\n                <\/div>\n                            <\/a>\n                                        <a href=\"https:\/\/uefconnect.uef.fi\/henkilo\/juho.suokas\/\" class=\"person-card-link hover-scale-down\">\n                            <div class=\"person-card-item\">\n                    <div class=\"person-card-column-left\">\n                                                    <img decoding=\"async\" class=\"person-card-image\" src=\"https:\/\/sites.uef.fi\/retra\/wp-content\/uploads\/sites\/521\/2024\/11\/IMG_6129.jpeg\" alt=\"Juho Suokkaan kuva\" \/>\n                                            <\/div>\n\n                    <div class=\"person-card-column-right\">\n                                                <p class=\"person-card-name\">Juho Suokas (FT)<\/p>\n                        \n                                                <p class=\"person-card-position\">Apurahatutkija, yliopistonlehtori (englannin kieli ja k\u00e4\u00e4nt\u00e4minen)<\/p>\n                        \n                        \n                                                <p class=\"person-card-text\">Juho Suokas on englannin kielen ja k\u00e4\u00e4nt\u00e4misen yliopistolehtori It\u00e4-Suomen yliopistossa ja postdoc-tutkija ReTra-hankkeessa. Tutkimusk\u00e4\u00e4nt\u00e4misen lis\u00e4ksi h\u00e4nen mielenkiinnon kohteisiinsa kuuluu k\u00e4ytt\u00e4j\u00e4keskeinen k\u00e4\u00e4nt\u00e4minen, ei-ammatillinen k\u00e4\u00e4nt\u00e4minen ja kielifilosofia sek\u00e4 melkein mik\u00e4 tahansa musiikkiin liittyv\u00e4.<\/p>\n                        \n                                                    <div>\n\t\t\t\t\t\t\t<svg xmlns=\"http:\/\/www.w3.org\/2000\/svg\" height=\"25px\" viewBox=\"0 -960 960 960\" width=\"24px\" ><path fill=\"currentColor\" d=\"M200-120q-33 0-56.5-23.5T120-200v-560q0-33 23.5-56.5T200-840h280v80H200v560h560v-280h80v280q0 33-23.5 56.5T760-120H200Zm188-212-56-56 372-372H560v-80h280v280h-80v-144L388-332Z\"\/><\/svg>\t\t\t\t\t\t\t<\/div>\n                                            <\/div>\n                <\/div>\n                            <\/a>\n                                        <a href=\"https:\/\/uefconnect.uef.fi\/henkilo\/erja.vottonen\/\" class=\"person-card-link hover-scale-down\">\n                            <div class=\"person-card-item\">\n                    <div class=\"person-card-column-left\">\n                                                    <img decoding=\"async\" class=\"person-card-image\" src=\"https:\/\/sites.uef.fi\/retra\/wp-content\/uploads\/sites\/521\/2024\/12\/Vottonen-Erja-2.jpg\" alt=\"Erja Vottosen kuva\" \/>\n                                            <\/div>\n\n                    <div class=\"person-card-column-right\">\n                                                <p class=\"person-card-name\">Erja Vottonen (FT)<\/p>\n                        \n                                                <p class=\"person-card-position\">Apurahatutkija, koulutusasiantuntija (Yliopistopalvelut)<\/p>\n                        \n                        \n                                                <p class=\"person-card-text\">Erja Vottonen ty\u00f6skentelee postdoc-tutkijana ReTra-hankkeessa. Hankkeen teemojen lis\u00e4ksi h\u00e4nen tutkimuskohteitaan ovat k\u00e4\u00e4nt\u00e4j\u00e4nkoulutus sek\u00e4 ven\u00e4l\u00e4isen suomennoskirjallisuuden vastaanottotutkimus.<\/p>\n                        \n                                                    <div>\n\t\t\t\t\t\t\t<svg xmlns=\"http:\/\/www.w3.org\/2000\/svg\" height=\"25px\" viewBox=\"0 -960 960 960\" width=\"24px\" ><path fill=\"currentColor\" d=\"M200-120q-33 0-56.5-23.5T120-200v-560q0-33 23.5-56.5T200-840h280v80H200v560h560v-280h80v280q0 33-23.5 56.5T760-120H200Zm188-212-56-56 372-372H560v-80h280v280h-80v-144L388-332Z\"\/><\/svg>\t\t\t\t\t\t\t<\/div>\n                                            <\/div>\n                <\/div>\n                            <\/a>\n                                        <a href=\"https:\/\/uefconnect.uef.fi\/henkilo\/helka.riionheimo\/\" class=\"person-card-link hover-scale-down\">\n                            <div class=\"person-card-item\">\n                    <div class=\"person-card-column-left\">\n                                                    <img decoding=\"async\" class=\"person-card-image\" src=\"https:\/\/sites.uef.fi\/retra\/wp-content\/uploads\/sites\/521\/2024\/12\/Helka.jpg\" alt=\"Helka Riionheimon kuva\" \/>\n                                            <\/div>\n\n                    <div class=\"person-card-column-right\">\n                                                <p class=\"person-card-name\">Helka Riionheimo (FT)<\/p>\n                        \n                                                <p class=\"person-card-position\">Asiantuntija, professori (suomen kieli)<\/p>\n                        \n                        \n                                                <p class=\"person-card-text\">Helka Riionheimo on suomen kielen ja kielentutkimuksen asiantuntija. Suomen kielen lis\u00e4ksi h\u00e4nen tutkimuskentt\u00e4\u00e4ns\u00e4 kuuluvat muut it\u00e4merensuomalaiset kielet. Riionheimon kiinnostus on kohdistunut puhutun kielen ja kielikontaktien tutkimukseen sek\u00e4 uhanalaisten kielten ja niiden elvytt\u00e4misen tutkimukseen. T\u00e4rke\u00e4ksi h\u00e4n kokee enemmist\u00f6kielen puhujien vastuun v\u00e4hemmist\u00f6kielten puhujien on mahdollisuuksista k\u00e4ytt\u00e4\u00e4 ja kehitt\u00e4\u00e4 omaa kielt\u00e4\u00e4n sek\u00e4 kest\u00e4\u00e4v\u00e4n monikielisyyden, jossa kielellinen monimuotoisuus n\u00e4hd\u00e4\u00e4n voimavarana.<\/p>\n                        \n                                                    <div>\n\t\t\t\t\t\t\t<svg xmlns=\"http:\/\/www.w3.org\/2000\/svg\" height=\"25px\" viewBox=\"0 -960 960 960\" width=\"24px\" ><path fill=\"currentColor\" d=\"M200-120q-33 0-56.5-23.5T120-200v-560q0-33 23.5-56.5T200-840h280v80H200v560h560v-280h80v280q0 33-23.5 56.5T760-120H200Zm188-212-56-56 372-372H560v-80h280v280h-80v-144L388-332Z\"\/><\/svg>\t\t\t\t\t\t\t<\/div>\n                                            <\/div>\n                <\/div>\n                            <\/a>\n                                        <a href=\"https:\/\/uefconnect.uef.fi\/elina.kainulainen\/\" class=\"person-card-link hover-scale-down\">\n                            <div class=\"person-card-item\">\n                    <div class=\"person-card-column-left\">\n                                                    <img decoding=\"async\" class=\"person-card-image\" src=\"https:\/\/sites.uef.fi\/retra\/wp-content\/uploads\/sites\/521\/2026\/02\/Elina.jpg\" alt=\"Elina Kainulaisen kuva\" \/>\n                                            <\/div>\n\n                    <div class=\"person-card-column-right\">\n                                                <p class=\"person-card-name\">Elina Kainulainen (FM)<\/p>\n                        \n                                                <p class=\"person-card-position\">Tutkimusavustaja<\/p>\n                        \n                        \n                                                <p class=\"person-card-text\">Elina Kainulainen on valmistunut filosofian maisteriksi It\u00e4-Suomen yliopistosta englannin kielen ja k\u00e4\u00e4nt\u00e4misen p\u00e4\u00e4aineesta. Monikielisen viestinn\u00e4n ja kielikontaktien lis\u00e4ksi h\u00e4n on kiinnostunut erityisesti kielensis\u00e4isest\u00e4 k\u00e4\u00e4nt\u00e4misest\u00e4, saavutettavan viestinn\u00e4n teemoista sek\u00e4 teko\u00e4lyn soveltamisesta kieli- ja k\u00e4\u00e4nn\u00f6steknologiassa.<\/p>\n                        \n                                                    <div>\n\t\t\t\t\t\t\t<svg xmlns=\"http:\/\/www.w3.org\/2000\/svg\" height=\"25px\" viewBox=\"0 -960 960 960\" width=\"24px\" ><path fill=\"currentColor\" d=\"M200-120q-33 0-56.5-23.5T120-200v-560q0-33 23.5-56.5T200-840h280v80H200v560h560v-280h80v280q0 33-23.5 56.5T760-120H200Zm188-212-56-56 372-372H560v-80h280v280h-80v-144L388-332Z\"\/><\/svg>\t\t\t\t\t\t\t<\/div>\n                                            <\/div>\n                <\/div>\n                            <\/a>\n                            <\/div>\n","protected":false},"excerpt":{"rendered":"","protected":false},"author":1234,"featured_media":592,"parent":0,"menu_order":0,"comment_status":"closed","ping_status":"closed","template":"","meta":{"_acf_changed":false,"footnotes":""},"class_list":["post-257","page","type-page","status-publish","has-post-thumbnail","hentry"],"acf":[],"yoast_head":"<!-- This site is optimized with the Yoast SEO plugin v27.3 - https:\/\/yoast.com\/product\/yoast-seo-wordpress\/ -->\n<title>Tutkimusryhm\u00e4 - Monikielisyys ja k\u00e4\u00e4nt\u00e4minen muuttuvassa tutkijan ty\u00f6ss\u00e4 -hanke<\/title>\n<meta name=\"robots\" content=\"index, follow, max-snippet:-1, max-image-preview:large, max-video-preview:-1\" \/>\n<link rel=\"canonical\" href=\"https:\/\/sites.uef.fi\/retra\/tutkimusryhma\/\" \/>\n<meta property=\"og:locale\" content=\"fi_FI\" \/>\n<meta property=\"og:type\" content=\"article\" \/>\n<meta property=\"og:title\" content=\"Tutkimusryhm\u00e4 - Monikielisyys ja k\u00e4\u00e4nt\u00e4minen muuttuvassa tutkijan ty\u00f6ss\u00e4 -hanke\" \/>\n<meta property=\"og:url\" content=\"https:\/\/sites.uef.fi\/retra\/tutkimusryhma\/\" \/>\n<meta property=\"og:site_name\" content=\"Monikielisyys ja k\u00e4\u00e4nt\u00e4minen muuttuvassa tutkijan ty\u00f6ss\u00e4 -hanke\" \/>\n<meta property=\"article:modified_time\" content=\"2026-02-10T09:39:29+00:00\" \/>\n<meta property=\"og:image\" content=\"https:\/\/sites.uef.fi\/retra\/wp-content\/uploads\/sites\/521\/2024\/12\/Ryhmakuva-1-scaled.jpg\" \/>\n\t<meta property=\"og:image:width\" content=\"2560\" \/>\n\t<meta property=\"og:image:height\" content=\"1707\" \/>\n\t<meta property=\"og:image:type\" content=\"image\/jpeg\" \/>\n<meta name=\"twitter:card\" content=\"summary_large_image\" \/>\n<meta name=\"twitter:label1\" content=\"Arvioitu lukuaika\" \/>\n\t<meta name=\"twitter:data1\" content=\"1 minuutti\" \/>\n<script type=\"application\/ld+json\" class=\"yoast-schema-graph\">{\"@context\":\"https:\\\/\\\/schema.org\",\"@graph\":[{\"@type\":\"WebPage\",\"@id\":\"https:\\\/\\\/sites.uef.fi\\\/retra\\\/tutkimusryhma\\\/\",\"url\":\"https:\\\/\\\/sites.uef.fi\\\/retra\\\/tutkimusryhma\\\/\",\"name\":\"Tutkimusryhm\u00e4 - Monikielisyys ja k\u00e4\u00e4nt\u00e4minen muuttuvassa tutkijan ty\u00f6ss\u00e4 -hanke\",\"isPartOf\":{\"@id\":\"https:\\\/\\\/sites.uef.fi\\\/retra\\\/#website\"},\"primaryImageOfPage\":{\"@id\":\"https:\\\/\\\/sites.uef.fi\\\/retra\\\/tutkimusryhma\\\/#primaryimage\"},\"image\":{\"@id\":\"https:\\\/\\\/sites.uef.fi\\\/retra\\\/tutkimusryhma\\\/#primaryimage\"},\"thumbnailUrl\":\"https:\\\/\\\/sites.uef.fi\\\/retra\\\/wp-content\\\/uploads\\\/sites\\\/521\\\/2024\\\/12\\\/Ryhmakuva-1-scaled.jpg\",\"datePublished\":\"2024-10-30T10:37:24+00:00\",\"dateModified\":\"2026-02-10T09:39:29+00:00\",\"breadcrumb\":{\"@id\":\"https:\\\/\\\/sites.uef.fi\\\/retra\\\/tutkimusryhma\\\/#breadcrumb\"},\"inLanguage\":\"fi\",\"potentialAction\":[{\"@type\":\"ReadAction\",\"target\":[\"https:\\\/\\\/sites.uef.fi\\\/retra\\\/tutkimusryhma\\\/\"]}]},{\"@type\":\"ImageObject\",\"inLanguage\":\"fi\",\"@id\":\"https:\\\/\\\/sites.uef.fi\\\/retra\\\/tutkimusryhma\\\/#primaryimage\",\"url\":\"https:\\\/\\\/sites.uef.fi\\\/retra\\\/wp-content\\\/uploads\\\/sites\\\/521\\\/2024\\\/12\\\/Ryhmakuva-1-scaled.jpg\",\"contentUrl\":\"https:\\\/\\\/sites.uef.fi\\\/retra\\\/wp-content\\\/uploads\\\/sites\\\/521\\\/2024\\\/12\\\/Ryhmakuva-1-scaled.jpg\",\"width\":2560,\"height\":1707,\"caption\":\"Retra-tutkimusryhm\u00e4n kuva, marraskuu 2024\"},{\"@type\":\"BreadcrumbList\",\"@id\":\"https:\\\/\\\/sites.uef.fi\\\/retra\\\/tutkimusryhma\\\/#breadcrumb\",\"itemListElement\":[{\"@type\":\"ListItem\",\"position\":1,\"name\":\"Home\",\"item\":\"https:\\\/\\\/sites.uef.fi\\\/retra\\\/\"},{\"@type\":\"ListItem\",\"position\":2,\"name\":\"Tutkimusryhm\u00e4\"}]},{\"@type\":\"WebSite\",\"@id\":\"https:\\\/\\\/sites.uef.fi\\\/retra\\\/#website\",\"url\":\"https:\\\/\\\/sites.uef.fi\\\/retra\\\/\",\"name\":\"Monikielisyys ja k\u00e4\u00e4nt\u00e4minen muuttuvassa tutkijan ty\u00f6ss\u00e4 -hanke\",\"description\":\"\",\"potentialAction\":[{\"@type\":\"SearchAction\",\"target\":{\"@type\":\"EntryPoint\",\"urlTemplate\":\"https:\\\/\\\/sites.uef.fi\\\/retra\\\/?s={search_term_string}\"},\"query-input\":{\"@type\":\"PropertyValueSpecification\",\"valueRequired\":true,\"valueName\":\"search_term_string\"}}],\"inLanguage\":\"fi\"}]}<\/script>\n<!-- \/ Yoast SEO plugin. -->","yoast_head_json":{"title":"Tutkimusryhm\u00e4 - Monikielisyys ja k\u00e4\u00e4nt\u00e4minen muuttuvassa tutkijan ty\u00f6ss\u00e4 -hanke","robots":{"index":"index","follow":"follow","max-snippet":"max-snippet:-1","max-image-preview":"max-image-preview:large","max-video-preview":"max-video-preview:-1"},"canonical":"https:\/\/sites.uef.fi\/retra\/tutkimusryhma\/","og_locale":"fi_FI","og_type":"article","og_title":"Tutkimusryhm\u00e4 - Monikielisyys ja k\u00e4\u00e4nt\u00e4minen muuttuvassa tutkijan ty\u00f6ss\u00e4 -hanke","og_url":"https:\/\/sites.uef.fi\/retra\/tutkimusryhma\/","og_site_name":"Monikielisyys ja k\u00e4\u00e4nt\u00e4minen muuttuvassa tutkijan ty\u00f6ss\u00e4 -hanke","article_modified_time":"2026-02-10T09:39:29+00:00","og_image":[{"width":2560,"height":1707,"url":"https:\/\/sites.uef.fi\/retra\/wp-content\/uploads\/sites\/521\/2024\/12\/Ryhmakuva-1-scaled.jpg","type":"image\/jpeg"}],"twitter_card":"summary_large_image","twitter_misc":{"Arvioitu lukuaika":"1 minuutti"},"schema":{"@context":"https:\/\/schema.org","@graph":[{"@type":"WebPage","@id":"https:\/\/sites.uef.fi\/retra\/tutkimusryhma\/","url":"https:\/\/sites.uef.fi\/retra\/tutkimusryhma\/","name":"Tutkimusryhm\u00e4 - Monikielisyys ja k\u00e4\u00e4nt\u00e4minen muuttuvassa tutkijan ty\u00f6ss\u00e4 -hanke","isPartOf":{"@id":"https:\/\/sites.uef.fi\/retra\/#website"},"primaryImageOfPage":{"@id":"https:\/\/sites.uef.fi\/retra\/tutkimusryhma\/#primaryimage"},"image":{"@id":"https:\/\/sites.uef.fi\/retra\/tutkimusryhma\/#primaryimage"},"thumbnailUrl":"https:\/\/sites.uef.fi\/retra\/wp-content\/uploads\/sites\/521\/2024\/12\/Ryhmakuva-1-scaled.jpg","datePublished":"2024-10-30T10:37:24+00:00","dateModified":"2026-02-10T09:39:29+00:00","breadcrumb":{"@id":"https:\/\/sites.uef.fi\/retra\/tutkimusryhma\/#breadcrumb"},"inLanguage":"fi","potentialAction":[{"@type":"ReadAction","target":["https:\/\/sites.uef.fi\/retra\/tutkimusryhma\/"]}]},{"@type":"ImageObject","inLanguage":"fi","@id":"https:\/\/sites.uef.fi\/retra\/tutkimusryhma\/#primaryimage","url":"https:\/\/sites.uef.fi\/retra\/wp-content\/uploads\/sites\/521\/2024\/12\/Ryhmakuva-1-scaled.jpg","contentUrl":"https:\/\/sites.uef.fi\/retra\/wp-content\/uploads\/sites\/521\/2024\/12\/Ryhmakuva-1-scaled.jpg","width":2560,"height":1707,"caption":"Retra-tutkimusryhm\u00e4n kuva, marraskuu 2024"},{"@type":"BreadcrumbList","@id":"https:\/\/sites.uef.fi\/retra\/tutkimusryhma\/#breadcrumb","itemListElement":[{"@type":"ListItem","position":1,"name":"Home","item":"https:\/\/sites.uef.fi\/retra\/"},{"@type":"ListItem","position":2,"name":"Tutkimusryhm\u00e4"}]},{"@type":"WebSite","@id":"https:\/\/sites.uef.fi\/retra\/#website","url":"https:\/\/sites.uef.fi\/retra\/","name":"Monikielisyys ja k\u00e4\u00e4nt\u00e4minen muuttuvassa tutkijan ty\u00f6ss\u00e4 -hanke","description":"","potentialAction":[{"@type":"SearchAction","target":{"@type":"EntryPoint","urlTemplate":"https:\/\/sites.uef.fi\/retra\/?s={search_term_string}"},"query-input":{"@type":"PropertyValueSpecification","valueRequired":true,"valueName":"search_term_string"}}],"inLanguage":"fi"}]}},"_links":{"self":[{"href":"https:\/\/sites.uef.fi\/retra\/wp-json\/wp\/v2\/pages\/257","targetHints":{"allow":["GET"]}}],"collection":[{"href":"https:\/\/sites.uef.fi\/retra\/wp-json\/wp\/v2\/pages"}],"about":[{"href":"https:\/\/sites.uef.fi\/retra\/wp-json\/wp\/v2\/types\/page"}],"author":[{"embeddable":true,"href":"https:\/\/sites.uef.fi\/retra\/wp-json\/wp\/v2\/users\/1234"}],"replies":[{"embeddable":true,"href":"https:\/\/sites.uef.fi\/retra\/wp-json\/wp\/v2\/comments?post=257"}],"version-history":[{"count":2,"href":"https:\/\/sites.uef.fi\/retra\/wp-json\/wp\/v2\/pages\/257\/revisions"}],"predecessor-version":[{"id":806,"href":"https:\/\/sites.uef.fi\/retra\/wp-json\/wp\/v2\/pages\/257\/revisions\/806"}],"wp:featuredmedia":[{"embeddable":true,"href":"https:\/\/sites.uef.fi\/retra\/wp-json\/wp\/v2\/media\/592"}],"wp:attachment":[{"href":"https:\/\/sites.uef.fi\/retra\/wp-json\/wp\/v2\/media?parent=257"}],"curies":[{"name":"wp","href":"https:\/\/api.w.org\/{rel}","templated":true}]}}