{"id":407,"date":"2024-10-28T13:30:08","date_gmt":"2024-10-28T11:30:08","guid":{"rendered":"https:\/\/sites.uef.fi\/retra\/etusivu\/"},"modified":"2026-02-03T09:24:29","modified_gmt":"2026-02-03T07:24:29","slug":"frontpage","status":"publish","type":"page","link":"https:\/\/sites.uef.fi\/retra\/frontpage\/?lang=en","title":{"rendered":"Front page"},"content":{"rendered":"\n<p>&#8221;<strong>Multilingualism and translation in researcher\u2019s changing work: perspectives from practice and philosophy of science<\/strong>&#8221; is a Kone Foundation funded (2024-2027) research project, that studies the role of multilingualism and translation in academic research. The project is conducted by the ReTra research group of the School of Humanities of University of Eastern Finland, and it is part of the activities of the BOMOCULT research community.<\/p>\n\n\n\t<div id=\"accordion-block_6e17007172b595f786ffb7a25e0803bf\" class=\"accordions\">\n\t\t\t\t\t<div class=\"accordion accordion-js\">\n\t\t\t\t<button class=\"accordion__button\" aria-controls=\"content-1369\" aria-expanded=\"false\" id=\"accordion-control-1369\">\n\t\t\t\t\t<h3 class=\"accordion__heading\" >\n\t\t\t\t\t\tTake part in our questionnaire survey\t\t\t\t\t<\/h3>\n\t\t\t\t<\/button>\n\t\t\t\t<div class=\"accordion__content\" role=\"region\" aria-labelledby=\"accordion-control-1369\" aria-hidden=\"true\" id=\"content-1369\">\n\t\t\t\t\t<p>The questionnaire is intended for people working in academic research (PHD, postdoc, projects, professors etc.)<\/p>\n<p><a href=\"https:\/\/studentuef-my.sharepoint.com\/:b:\/g\/personal\/epenttil_uef_fi\/EWDTdER__Z1Gj5CT5EZYRzMB8b3a_Qm0sHYgxLwHNtBhDQ?e=wn3rtX\">Information sheet for participants<\/a><\/p>\n<h5><a href=\"https:\/\/link.webropol.com\/s\/retra-survey\">Click here to take part in the survey<\/a><\/h5>\n\t\t\t\t<\/div>\n\t\t\t<\/div>\n\t\t\t<\/div>\n\t\n\n\n\n    <div class=\"funders grid\">\n                        <a href=\"https:\/\/koneensaatio.fi\/en\/\" class=\"funders__link grid__item hover-scale-down\" title=\"\">\n                            <div class=\"funders__image\">\n                    <img decoding=\"async\" src=\"https:\/\/sites.uef.fi\/retra\/wp-content\/uploads\/sites\/521\/2024\/10\/logo-sign-on-top-ENG-black-scaled.jpg\" alt=\"Logo of the Kone Foundation\" \/>\n                <\/div>\n                                                    <div class=\"funders__arrow\">\n                    <svg xmlns=\"http:\/\/www.w3.org\/2000\/svg\" height=\"25px\" viewBox=\"0 -960 960 960\" width=\"24px\" ><path fill=\"currentColor\" d=\"M200-120q-33 0-56.5-23.5T120-200v-560q0-33 23.5-56.5T200-840h280v80H200v560h560v-280h80v280q0 33-23.5 56.5T760-120H200Zm188-212-56-56 372-372H560v-80h280v280h-80v-144L388-332Z\"\/><\/svg>                    <\/div>\n                <\/a>\n                            \n                        <a href=\"https:\/\/www.uef.fi\/en\" class=\"funders__link grid__item hover-scale-down\" title=\"\">\n                            <div class=\"funders__image\">\n                    <img decoding=\"async\" src=\"https:\/\/sites.uef.fi\/retra\/wp-content\/uploads\/sites\/521\/2024\/10\/UEF-musta-logo-engl-pysty.jpg\" alt=\"Logo of University of Eastern Finland\" \/>\n                <\/div>\n                                                    <div class=\"funders__arrow\">\n                    <svg xmlns=\"http:\/\/www.w3.org\/2000\/svg\" height=\"25px\" viewBox=\"0 -960 960 960\" width=\"24px\" ><path fill=\"currentColor\" d=\"M200-120q-33 0-56.5-23.5T120-200v-560q0-33 23.5-56.5T200-840h280v80H200v560h560v-280h80v280q0 33-23.5 56.5T760-120H200Zm188-212-56-56 372-372H560v-80h280v280h-80v-144L388-332Z\"\/><\/svg>                    <\/div>\n                <\/a>\n                            \n                        <a href=\"https:\/\/uefconnect.uef.fi\/en\/retra\/\" class=\"funders__link grid__item hover-scale-down\" title=\"\">\n                            <div class=\"funders__image\">\n                    <img decoding=\"async\" src=\"https:\/\/sites.uef.fi\/retra\/wp-content\/uploads\/sites\/521\/2024\/12\/UEF_ReTra_Logo-02-scaled.jpg\" alt=\"Logo of the ReTra research group\" \/>\n                <\/div>\n                                                    <div class=\"funders__arrow\">\n                    <svg xmlns=\"http:\/\/www.w3.org\/2000\/svg\" height=\"25px\" viewBox=\"0 -960 960 960\" width=\"24px\" ><path fill=\"currentColor\" d=\"M200-120q-33 0-56.5-23.5T120-200v-560q0-33 23.5-56.5T200-840h280v80H200v560h560v-280h80v280q0 33-23.5 56.5T760-120H200Zm188-212-56-56 372-372H560v-80h280v280h-80v-144L388-332Z\"\/><\/svg>                    <\/div>\n                <\/a>\n                            \n                        <a href=\"https:\/\/www.uef.fi\/en\/research-community\/borders-mobilities-and-cultural-encounters-bomocult\" class=\"funders__link grid__item hover-scale-down\" title=\"\">\n                            <div class=\"funders__image\">\n                    <img decoding=\"async\" src=\"https:\/\/sites.uef.fi\/retra\/wp-content\/uploads\/sites\/521\/2024\/12\/RC_Bomocult_Logo_valk.jpg\" alt=\"Logo of the BOMOCULT research community\" \/>\n                <\/div>\n                                                    <div class=\"funders__arrow\">\n                    <svg xmlns=\"http:\/\/www.w3.org\/2000\/svg\" height=\"25px\" viewBox=\"0 -960 960 960\" width=\"24px\" ><path fill=\"currentColor\" d=\"M200-120q-33 0-56.5-23.5T120-200v-560q0-33 23.5-56.5T200-840h280v80H200v560h560v-280h80v280q0 33-23.5 56.5T760-120H200Zm188-212-56-56 372-372H560v-80h280v280h-80v-144L388-332Z\"\/><\/svg>                    <\/div>\n                <\/a>\n                            \n            <\/div>\n\n\n\n<p><\/p>\n\n\n\n<p><\/p>\n","protected":false},"excerpt":{"rendered":"<p>&#8221;Multilingualism and translation in researcher\u2019s changing work: perspectives from practice and philosophy of science&#8221; is a Kone Foundation funded (2024-2027) research project, that studies the role of multilingualism and translation in academic research. The project is conducted by the ReTra research group of the School of Humanities of University of Eastern Finland, and it is [&hellip;]<\/p>\n","protected":false},"author":2,"featured_media":0,"parent":0,"menu_order":0,"comment_status":"closed","ping_status":"closed","template":"","meta":{"_acf_changed":false,"footnotes":""},"class_list":["post-407","page","type-page","status-publish","hentry"],"acf":[],"yoast_head":"<!-- This site is optimized with the Yoast SEO plugin v27.3 - https:\/\/yoast.com\/product\/yoast-seo-wordpress\/ -->\n<title>Front page - Monikielisyys ja k\u00e4\u00e4nt\u00e4minen muuttuvassa tutkijan ty\u00f6ss\u00e4 -hanke<\/title>\n<meta name=\"robots\" content=\"index, follow, max-snippet:-1, max-image-preview:large, max-video-preview:-1\" \/>\n<link rel=\"canonical\" href=\"https:\/\/sites.uef.fi\/retra\/frontpage\/\" \/>\n<meta property=\"og:locale\" content=\"fi_FI\" \/>\n<meta property=\"og:type\" content=\"article\" \/>\n<meta property=\"og:title\" content=\"Front page - Monikielisyys ja k\u00e4\u00e4nt\u00e4minen muuttuvassa tutkijan ty\u00f6ss\u00e4 -hanke\" \/>\n<meta property=\"og:description\" content=\"&#8221;Multilingualism and translation in researcher\u2019s changing work: perspectives from practice and philosophy of science&#8221; is a Kone Foundation funded (2024-2027) research project, that studies the role of multilingualism and translation in academic research. The project is conducted by the ReTra research group of the School of Humanities of University of Eastern Finland, and it is [&hellip;]\" \/>\n<meta property=\"og:url\" content=\"https:\/\/sites.uef.fi\/retra\/frontpage\/?lang=en\" \/>\n<meta property=\"og:site_name\" content=\"Monikielisyys ja k\u00e4\u00e4nt\u00e4minen muuttuvassa tutkijan ty\u00f6ss\u00e4 -hanke\" \/>\n<meta property=\"article:modified_time\" content=\"2026-02-03T07:24:29+00:00\" \/>\n<meta name=\"twitter:card\" content=\"summary_large_image\" \/>\n<meta name=\"twitter:label1\" content=\"Arvioitu lukuaika\" \/>\n\t<meta name=\"twitter:data1\" content=\"1 minuutti\" \/>\n<script type=\"application\/ld+json\" class=\"yoast-schema-graph\">{\"@context\":\"https:\\\/\\\/schema.org\",\"@graph\":[{\"@type\":\"WebPage\",\"@id\":\"https:\\\/\\\/sites.uef.fi\\\/retra\\\/frontpage\\\/?lang=en\",\"url\":\"https:\\\/\\\/sites.uef.fi\\\/retra\\\/frontpage\\\/?lang=en\",\"name\":\"Front page - Monikielisyys ja k\u00e4\u00e4nt\u00e4minen muuttuvassa tutkijan ty\u00f6ss\u00e4 -hanke\",\"isPartOf\":{\"@id\":\"https:\\\/\\\/sites.uef.fi\\\/retra\\\/#website\"},\"datePublished\":\"2024-10-28T11:30:08+00:00\",\"dateModified\":\"2026-02-03T07:24:29+00:00\",\"breadcrumb\":{\"@id\":\"https:\\\/\\\/sites.uef.fi\\\/retra\\\/frontpage\\\/?lang=en#breadcrumb\"},\"inLanguage\":\"fi\",\"potentialAction\":[{\"@type\":\"ReadAction\",\"target\":[\"https:\\\/\\\/sites.uef.fi\\\/retra\\\/frontpage\\\/?lang=en\"]}]},{\"@type\":\"BreadcrumbList\",\"@id\":\"https:\\\/\\\/sites.uef.fi\\\/retra\\\/frontpage\\\/?lang=en#breadcrumb\",\"itemListElement\":[{\"@type\":\"ListItem\",\"position\":1,\"name\":\"Home\",\"item\":\"https:\\\/\\\/sites.uef.fi\\\/retra\\\/\"},{\"@type\":\"ListItem\",\"position\":2,\"name\":\"Front page\"}]},{\"@type\":\"WebSite\",\"@id\":\"https:\\\/\\\/sites.uef.fi\\\/retra\\\/#website\",\"url\":\"https:\\\/\\\/sites.uef.fi\\\/retra\\\/\",\"name\":\"Monikielisyys ja k\u00e4\u00e4nt\u00e4minen muuttuvassa tutkijan ty\u00f6ss\u00e4 -hanke\",\"description\":\"\",\"potentialAction\":[{\"@type\":\"SearchAction\",\"target\":{\"@type\":\"EntryPoint\",\"urlTemplate\":\"https:\\\/\\\/sites.uef.fi\\\/retra\\\/?s={search_term_string}\"},\"query-input\":{\"@type\":\"PropertyValueSpecification\",\"valueRequired\":true,\"valueName\":\"search_term_string\"}}],\"inLanguage\":\"fi\"}]}<\/script>\n<!-- \/ Yoast SEO plugin. -->","yoast_head_json":{"title":"Front page - Monikielisyys ja k\u00e4\u00e4nt\u00e4minen muuttuvassa tutkijan ty\u00f6ss\u00e4 -hanke","robots":{"index":"index","follow":"follow","max-snippet":"max-snippet:-1","max-image-preview":"max-image-preview:large","max-video-preview":"max-video-preview:-1"},"canonical":"https:\/\/sites.uef.fi\/retra\/frontpage\/","og_locale":"fi_FI","og_type":"article","og_title":"Front page - Monikielisyys ja k\u00e4\u00e4nt\u00e4minen muuttuvassa tutkijan ty\u00f6ss\u00e4 -hanke","og_description":"&#8221;Multilingualism and translation in researcher\u2019s changing work: perspectives from practice and philosophy of science&#8221; is a Kone Foundation funded (2024-2027) research project, that studies the role of multilingualism and translation in academic research. The project is conducted by the ReTra research group of the School of Humanities of University of Eastern Finland, and it is [&hellip;]","og_url":"https:\/\/sites.uef.fi\/retra\/frontpage\/?lang=en","og_site_name":"Monikielisyys ja k\u00e4\u00e4nt\u00e4minen muuttuvassa tutkijan ty\u00f6ss\u00e4 -hanke","article_modified_time":"2026-02-03T07:24:29+00:00","twitter_card":"summary_large_image","twitter_misc":{"Arvioitu lukuaika":"1 minuutti"},"schema":{"@context":"https:\/\/schema.org","@graph":[{"@type":"WebPage","@id":"https:\/\/sites.uef.fi\/retra\/frontpage\/?lang=en","url":"https:\/\/sites.uef.fi\/retra\/frontpage\/?lang=en","name":"Front page - Monikielisyys ja k\u00e4\u00e4nt\u00e4minen muuttuvassa tutkijan ty\u00f6ss\u00e4 -hanke","isPartOf":{"@id":"https:\/\/sites.uef.fi\/retra\/#website"},"datePublished":"2024-10-28T11:30:08+00:00","dateModified":"2026-02-03T07:24:29+00:00","breadcrumb":{"@id":"https:\/\/sites.uef.fi\/retra\/frontpage\/?lang=en#breadcrumb"},"inLanguage":"fi","potentialAction":[{"@type":"ReadAction","target":["https:\/\/sites.uef.fi\/retra\/frontpage\/?lang=en"]}]},{"@type":"BreadcrumbList","@id":"https:\/\/sites.uef.fi\/retra\/frontpage\/?lang=en#breadcrumb","itemListElement":[{"@type":"ListItem","position":1,"name":"Home","item":"https:\/\/sites.uef.fi\/retra\/"},{"@type":"ListItem","position":2,"name":"Front page"}]},{"@type":"WebSite","@id":"https:\/\/sites.uef.fi\/retra\/#website","url":"https:\/\/sites.uef.fi\/retra\/","name":"Monikielisyys ja k\u00e4\u00e4nt\u00e4minen muuttuvassa tutkijan ty\u00f6ss\u00e4 -hanke","description":"","potentialAction":[{"@type":"SearchAction","target":{"@type":"EntryPoint","urlTemplate":"https:\/\/sites.uef.fi\/retra\/?s={search_term_string}"},"query-input":{"@type":"PropertyValueSpecification","valueRequired":true,"valueName":"search_term_string"}}],"inLanguage":"fi"}]}},"_links":{"self":[{"href":"https:\/\/sites.uef.fi\/retra\/wp-json\/wp\/v2\/pages\/407","targetHints":{"allow":["GET"]}}],"collection":[{"href":"https:\/\/sites.uef.fi\/retra\/wp-json\/wp\/v2\/pages"}],"about":[{"href":"https:\/\/sites.uef.fi\/retra\/wp-json\/wp\/v2\/types\/page"}],"author":[{"embeddable":true,"href":"https:\/\/sites.uef.fi\/retra\/wp-json\/wp\/v2\/users\/2"}],"replies":[{"embeddable":true,"href":"https:\/\/sites.uef.fi\/retra\/wp-json\/wp\/v2\/comments?post=407"}],"version-history":[{"count":2,"href":"https:\/\/sites.uef.fi\/retra\/wp-json\/wp\/v2\/pages\/407\/revisions"}],"predecessor-version":[{"id":795,"href":"https:\/\/sites.uef.fi\/retra\/wp-json\/wp\/v2\/pages\/407\/revisions\/795"}],"wp:attachment":[{"href":"https:\/\/sites.uef.fi\/retra\/wp-json\/wp\/v2\/media?parent=407"}],"curies":[{"name":"wp","href":"https:\/\/api.w.org\/{rel}","templated":true}]}}