{"id":413,"date":"2024-10-30T12:36:27","date_gmt":"2024-10-30T10:36:27","guid":{"rendered":"https:\/\/sites.uef.fi\/retra\/tavoitteet\/"},"modified":"2024-12-10T08:54:45","modified_gmt":"2024-12-10T06:54:45","slug":"tavoitteet","status":"publish","type":"page","link":"https:\/\/sites.uef.fi\/retra\/tavoitteet\/?lang=en","title":{"rendered":"Aims and objectives"},"content":{"rendered":"\n<p><em>Multilingualism and translation in researcher\u2019s changing work: perspectives from practice and philosophy of science<\/em>&#8221; is a research project funded by the Kone Foundation (2024\u20132027) and conducted by the ReTra research group of the School of Humanities of the University of Eastern Finland. The project is connected to the BOMOCULT research community.&nbsp;<\/p>\n\n\n\n<p>In the project, we study the role of multilingual communication in research work and the translatorial nature of the research process, i.e. the activities in which content originally expressed in one language is presented in another. In addition to professional translation and interpreting, we are interested in the many forms of interlanguage communication where the actor is a non-professional or paraprofessional translator, typically the researcher themself \u2013 technological tools, such as machine translation or AI.&nbsp;<\/p>\n\n\n\n<p>When a multilingual world is reported in one language, nowadays often in English, the research process inevitably involves translation. This, however, often goes unnoticed, and the researchers themselves neglect to realize that they actually transfer content from one language to another. This phenomenon is what our project concentrates on.&nbsp;<\/p>\n\n\n\n<h3 class=\"wp-block-heading\">Background\u00a0\u00a0\u00a0<\/h3>\n\n\n\n<p>The project has its origins in the first &#8221;Translation of research materials&#8221; course organized at the University of Eastern Finland in 2018. Our attention was drawn to how extensively translation and interpreting permeates the research process. This sparked our interest and inspired us to investigate the activity in more detail.&nbsp;<\/p>\n\n\n\n<h3 class=\"wp-block-heading\">Objectives\u00a0\u00a0<\/h3>\n\n\n\n<p>Our goal is to shed light on multilingualism and translation in researchers\u2019 work by combining the perspectives of translation studies and philosophy of science. We collect data from different countries and fields of science.&nbsp; At the core of our investigation is the researcher, the translation practices they have and the extent to which they are aware of the importance of translation in their research work. We also pay attention to the use of language technology, including AI applications, which are rapidly and increasingly adopted as tools to help research. Additionally, we aim to produce educational material for researchers that helps them identify and solve challenges of multilingual communication in their everyday work.&nbsp;<\/p>\n\n\n\n<h3 class=\"wp-block-heading\">Implementation\u00a0\u00a0<\/h3>\n\n\n\n<p>The project&#8217;s empirical research material consists of survey data, interviews and focus group discussions.&nbsp; The survey is aimed at researchers at different career stages. It is complemented with in-depth interviews and focus group discussions with researchers and translators working with research topics. The data is analyzed both qualitatively and quantitatively.&nbsp;&nbsp;<\/p>\n","protected":false},"excerpt":{"rendered":"<p>Multilingualism and translation in researcher\u2019s changing work: perspectives from practice and philosophy of science&#8221; is a research project funded by the Kone Foundation (2024\u20132027) and conducted by the ReTra research group of the School of Humanities of the University of Eastern Finland. The project is connected to the BOMOCULT research community.&nbsp; In the project, we [&hellip;]<\/p>\n","protected":false},"author":1234,"featured_media":0,"parent":0,"menu_order":0,"comment_status":"closed","ping_status":"closed","template":"","meta":{"_acf_changed":false,"footnotes":""},"class_list":["post-413","page","type-page","status-publish","hentry"],"acf":[],"yoast_head":"<!-- This site is optimized with the Yoast SEO plugin v27.3 - https:\/\/yoast.com\/product\/yoast-seo-wordpress\/ -->\n<title>Aims and objectives - Monikielisyys ja k\u00e4\u00e4nt\u00e4minen muuttuvassa tutkijan ty\u00f6ss\u00e4 -hanke<\/title>\n<meta name=\"robots\" content=\"index, follow, max-snippet:-1, max-image-preview:large, max-video-preview:-1\" \/>\n<link rel=\"canonical\" href=\"https:\/\/sites.uef.fi\/retra\/tavoitteet\/\" \/>\n<meta property=\"og:locale\" content=\"fi_FI\" \/>\n<meta property=\"og:type\" content=\"article\" \/>\n<meta property=\"og:title\" content=\"Aims and objectives - Monikielisyys ja k\u00e4\u00e4nt\u00e4minen muuttuvassa tutkijan ty\u00f6ss\u00e4 -hanke\" \/>\n<meta property=\"og:description\" content=\"Multilingualism and translation in researcher\u2019s changing work: perspectives from practice and philosophy of science&#8221; is a research project funded by the Kone Foundation (2024\u20132027) and conducted by the ReTra research group of the School of Humanities of the University of Eastern Finland. The project is connected to the BOMOCULT research community.&nbsp; In the project, we [&hellip;]\" \/>\n<meta property=\"og:url\" content=\"https:\/\/sites.uef.fi\/retra\/tavoitteet\/?lang=en\" \/>\n<meta property=\"og:site_name\" content=\"Monikielisyys ja k\u00e4\u00e4nt\u00e4minen muuttuvassa tutkijan ty\u00f6ss\u00e4 -hanke\" \/>\n<meta property=\"article:modified_time\" content=\"2024-12-10T06:54:45+00:00\" \/>\n<meta name=\"twitter:card\" content=\"summary_large_image\" \/>\n<script type=\"application\/ld+json\" class=\"yoast-schema-graph\">{\"@context\":\"https:\\\/\\\/schema.org\",\"@graph\":[{\"@type\":\"WebPage\",\"@id\":\"https:\\\/\\\/sites.uef.fi\\\/retra\\\/tavoitteet\\\/?lang=en\",\"url\":\"https:\\\/\\\/sites.uef.fi\\\/retra\\\/tavoitteet\\\/?lang=en\",\"name\":\"Aims and objectives - Monikielisyys ja k\u00e4\u00e4nt\u00e4minen muuttuvassa tutkijan ty\u00f6ss\u00e4 -hanke\",\"isPartOf\":{\"@id\":\"https:\\\/\\\/sites.uef.fi\\\/retra\\\/#website\"},\"datePublished\":\"2024-10-30T10:36:27+00:00\",\"dateModified\":\"2024-12-10T06:54:45+00:00\",\"breadcrumb\":{\"@id\":\"https:\\\/\\\/sites.uef.fi\\\/retra\\\/tavoitteet\\\/?lang=en#breadcrumb\"},\"inLanguage\":\"fi\",\"potentialAction\":[{\"@type\":\"ReadAction\",\"target\":[\"https:\\\/\\\/sites.uef.fi\\\/retra\\\/tavoitteet\\\/?lang=en\"]}]},{\"@type\":\"BreadcrumbList\",\"@id\":\"https:\\\/\\\/sites.uef.fi\\\/retra\\\/tavoitteet\\\/?lang=en#breadcrumb\",\"itemListElement\":[{\"@type\":\"ListItem\",\"position\":1,\"name\":\"Home\",\"item\":\"https:\\\/\\\/sites.uef.fi\\\/retra\\\/\"},{\"@type\":\"ListItem\",\"position\":2,\"name\":\"Aims and objectives\"}]},{\"@type\":\"WebSite\",\"@id\":\"https:\\\/\\\/sites.uef.fi\\\/retra\\\/#website\",\"url\":\"https:\\\/\\\/sites.uef.fi\\\/retra\\\/\",\"name\":\"Monikielisyys ja k\u00e4\u00e4nt\u00e4minen muuttuvassa tutkijan ty\u00f6ss\u00e4 -hanke\",\"description\":\"\",\"potentialAction\":[{\"@type\":\"SearchAction\",\"target\":{\"@type\":\"EntryPoint\",\"urlTemplate\":\"https:\\\/\\\/sites.uef.fi\\\/retra\\\/?s={search_term_string}\"},\"query-input\":{\"@type\":\"PropertyValueSpecification\",\"valueRequired\":true,\"valueName\":\"search_term_string\"}}],\"inLanguage\":\"fi\"}]}<\/script>\n<!-- \/ Yoast SEO plugin. -->","yoast_head_json":{"title":"Aims and objectives - Monikielisyys ja k\u00e4\u00e4nt\u00e4minen muuttuvassa tutkijan ty\u00f6ss\u00e4 -hanke","robots":{"index":"index","follow":"follow","max-snippet":"max-snippet:-1","max-image-preview":"max-image-preview:large","max-video-preview":"max-video-preview:-1"},"canonical":"https:\/\/sites.uef.fi\/retra\/tavoitteet\/","og_locale":"fi_FI","og_type":"article","og_title":"Aims and objectives - Monikielisyys ja k\u00e4\u00e4nt\u00e4minen muuttuvassa tutkijan ty\u00f6ss\u00e4 -hanke","og_description":"Multilingualism and translation in researcher\u2019s changing work: perspectives from practice and philosophy of science&#8221; is a research project funded by the Kone Foundation (2024\u20132027) and conducted by the ReTra research group of the School of Humanities of the University of Eastern Finland. The project is connected to the BOMOCULT research community.&nbsp; In the project, we [&hellip;]","og_url":"https:\/\/sites.uef.fi\/retra\/tavoitteet\/?lang=en","og_site_name":"Monikielisyys ja k\u00e4\u00e4nt\u00e4minen muuttuvassa tutkijan ty\u00f6ss\u00e4 -hanke","article_modified_time":"2024-12-10T06:54:45+00:00","twitter_card":"summary_large_image","schema":{"@context":"https:\/\/schema.org","@graph":[{"@type":"WebPage","@id":"https:\/\/sites.uef.fi\/retra\/tavoitteet\/?lang=en","url":"https:\/\/sites.uef.fi\/retra\/tavoitteet\/?lang=en","name":"Aims and objectives - Monikielisyys ja k\u00e4\u00e4nt\u00e4minen muuttuvassa tutkijan ty\u00f6ss\u00e4 -hanke","isPartOf":{"@id":"https:\/\/sites.uef.fi\/retra\/#website"},"datePublished":"2024-10-30T10:36:27+00:00","dateModified":"2024-12-10T06:54:45+00:00","breadcrumb":{"@id":"https:\/\/sites.uef.fi\/retra\/tavoitteet\/?lang=en#breadcrumb"},"inLanguage":"fi","potentialAction":[{"@type":"ReadAction","target":["https:\/\/sites.uef.fi\/retra\/tavoitteet\/?lang=en"]}]},{"@type":"BreadcrumbList","@id":"https:\/\/sites.uef.fi\/retra\/tavoitteet\/?lang=en#breadcrumb","itemListElement":[{"@type":"ListItem","position":1,"name":"Home","item":"https:\/\/sites.uef.fi\/retra\/"},{"@type":"ListItem","position":2,"name":"Aims and objectives"}]},{"@type":"WebSite","@id":"https:\/\/sites.uef.fi\/retra\/#website","url":"https:\/\/sites.uef.fi\/retra\/","name":"Monikielisyys ja k\u00e4\u00e4nt\u00e4minen muuttuvassa tutkijan ty\u00f6ss\u00e4 -hanke","description":"","potentialAction":[{"@type":"SearchAction","target":{"@type":"EntryPoint","urlTemplate":"https:\/\/sites.uef.fi\/retra\/?s={search_term_string}"},"query-input":{"@type":"PropertyValueSpecification","valueRequired":true,"valueName":"search_term_string"}}],"inLanguage":"fi"}]}},"_links":{"self":[{"href":"https:\/\/sites.uef.fi\/retra\/wp-json\/wp\/v2\/pages\/413","targetHints":{"allow":["GET"]}}],"collection":[{"href":"https:\/\/sites.uef.fi\/retra\/wp-json\/wp\/v2\/pages"}],"about":[{"href":"https:\/\/sites.uef.fi\/retra\/wp-json\/wp\/v2\/types\/page"}],"author":[{"embeddable":true,"href":"https:\/\/sites.uef.fi\/retra\/wp-json\/wp\/v2\/users\/1234"}],"replies":[{"embeddable":true,"href":"https:\/\/sites.uef.fi\/retra\/wp-json\/wp\/v2\/comments?post=413"}],"version-history":[{"count":1,"href":"https:\/\/sites.uef.fi\/retra\/wp-json\/wp\/v2\/pages\/413\/revisions"}],"predecessor-version":[{"id":740,"href":"https:\/\/sites.uef.fi\/retra\/wp-json\/wp\/v2\/pages\/413\/revisions\/740"}],"wp:attachment":[{"href":"https:\/\/sites.uef.fi\/retra\/wp-json\/wp\/v2\/media?parent=413"}],"curies":[{"name":"wp","href":"https:\/\/api.w.org\/{rel}","templated":true}]}}