{"id":1544,"date":"2024-04-12T13:11:20","date_gmt":"2024-04-12T10:11:20","guid":{"rendered":"https:\/\/sites.uef.fi\/ryhmienvalisia-suhteita-ja-paikallisia-kohtaamisia\/people-2\/"},"modified":"2024-05-30T09:18:42","modified_gmt":"2024-05-30T06:18:42","slug":"people-2","status":"publish","type":"page","link":"https:\/\/sites.uef.fi\/ryhmienvalisia-suhteita-ja-paikallisia-kohtaamisia\/people-2\/?lang=en","title":{"rendered":"People"},"content":{"rendered":"\n<p>Find out more about people involved in the project below!<\/p>\n\n\n\n<h2 class=\"wp-block-heading\">Jari Martikainen<\/h2>\n\n\n\n<p><strong>Project Leader<\/strong><br><strong>University of Eastern Finland<\/strong><\/p>\n\n\n\n<p>I am Jari Martikainen, the leader of this project. I work as a university lecturer in social psychology. My previous education was in arts history and I worked for a long time as a teacher of visual culture at various levels of education. My recent research has focused on refugees, populist communication and leadership, using visual, multimodal and art-based research methods. This project combines many of the things I love: developing theories and methods in social psychology, art and art-based methods, working with young people, multiculturalism, multidisciplinarity and inspiring teamwork. In this project, we will use art-based methods to dive into young people&#8217;s perceptions of meeting young people from different cultural backgrounds, living in Savo, and their future. So far, the project has already brought many unforgettable encounters and insights &#8211; and there are sure to be many more as the project progresses.<\/p>\n\n\n\n<figure class=\"wp-block-image aligncenter size-full is-resized is-style-rounded\"><img loading=\"lazy\" decoding=\"async\" width=\"892\" height=\"892\" src=\"https:\/\/sites.uef.fi\/ryhmienvalisia-suhteita-ja-paikallisia-kohtaamisia\/wp-content\/uploads\/sites\/440\/2023\/12\/Jari.png\" alt=\"\" class=\"wp-image-569\" style=\"width:318px;height:auto\" srcset=\"https:\/\/sites.uef.fi\/ryhmienvalisia-suhteita-ja-paikallisia-kohtaamisia\/wp-content\/uploads\/sites\/440\/2023\/12\/Jari.png 892w, https:\/\/sites.uef.fi\/ryhmienvalisia-suhteita-ja-paikallisia-kohtaamisia\/wp-content\/uploads\/sites\/440\/2023\/12\/Jari-300x300.png 300w, https:\/\/sites.uef.fi\/ryhmienvalisia-suhteita-ja-paikallisia-kohtaamisia\/wp-content\/uploads\/sites\/440\/2023\/12\/Jari-150x150.png 150w, https:\/\/sites.uef.fi\/ryhmienvalisia-suhteita-ja-paikallisia-kohtaamisia\/wp-content\/uploads\/sites\/440\/2023\/12\/Jari-768x768.png 768w\" sizes=\"auto, (max-width: 892px) 100vw, 892px\" \/><\/figure>\n\n\n\n<div class=\"links-block\">\n\n    \n    <ul class=\"link-list\">\n        \n            \n            <li class=\"link-list-item\">\n                <a href=\"https:\/\/uefconnect.uef.fi\/henkilo\/jari.martikainen\/\" class=\"link-reset link hover-scale-down\">\n                    <svg\n        width=\"43\" height=\"25\"\n        viewBox=\"0 0 43 25\"\n        xmlns=\"http:\/\/www.w3.org\/2000\/svg\">\n    <path\n        d=\"M30.027 0 43 12.5 30.027 25 27 22.083 34.351 15H0v-5h34.351L27 2.917z\"\n        fill=\"currentColor\"\n        fill-rule=\"evenodd\"\/>\n<\/svg>                    <div>Find out more about Jari on the UEFConnect website!<\/div>\n                <\/a>\n                <div class=\"link-info\">\n                                    <\/div>\n            <\/li>\n\n                <\/ul>\n<\/div>\n\n\n<h2 class=\"wp-block-heading\">Katja L\u00f6tj\u00f6nen<\/h2>\n\n\n\n<p><strong>Project Researcher<br>University of Eastern Finland<\/strong><\/p>\n\n\n\n<p>My name is Katja L\u00f6tj\u00f6nen and I work as a researcher on a project. I started in August 2023 and will continue until the end of the project. In general, I am interested in inequality among young people and especially their perceptions of various aspects of inequality, both on the societal and individual level. Lately I have studied young people\u2019s lay perceptions on equality of opportunities and social class and how these perceptions play a role in building young people\u2019s perceptions of their agency.&nbsp;<\/p>\n\n\n\n<p>In our project I look forward the most combining different theories on social psychology and different data to form a more compelling ways of understanding intergroup relations and local encounters of immigrant and Finnish young people. Also using art-based methods is something totally new for me and I find it extremely inspiring to have this opportunity to learn more about them!<\/p>\n\n\n\n<figure class=\"wp-block-image aligncenter size-large is-resized is-style-rounded\"><img loading=\"lazy\" decoding=\"async\" width=\"1011\" height=\"1024\" src=\"https:\/\/sites.uef.fi\/ryhmienvalisia-suhteita-ja-paikallisia-kohtaamisia\/wp-content\/uploads\/sites\/440\/2024\/04\/DSC_0305-2-1011x1024.jpg\" alt=\"\" class=\"wp-image-660\" style=\"width:318px\" srcset=\"https:\/\/sites.uef.fi\/ryhmienvalisia-suhteita-ja-paikallisia-kohtaamisia\/wp-content\/uploads\/sites\/440\/2024\/04\/DSC_0305-2-1011x1024.jpg 1011w, https:\/\/sites.uef.fi\/ryhmienvalisia-suhteita-ja-paikallisia-kohtaamisia\/wp-content\/uploads\/sites\/440\/2024\/04\/DSC_0305-2-296x300.jpg 296w, https:\/\/sites.uef.fi\/ryhmienvalisia-suhteita-ja-paikallisia-kohtaamisia\/wp-content\/uploads\/sites\/440\/2024\/04\/DSC_0305-2-768x778.jpg 768w, https:\/\/sites.uef.fi\/ryhmienvalisia-suhteita-ja-paikallisia-kohtaamisia\/wp-content\/uploads\/sites\/440\/2024\/04\/DSC_0305-2-1516x1536.jpg 1516w, https:\/\/sites.uef.fi\/ryhmienvalisia-suhteita-ja-paikallisia-kohtaamisia\/wp-content\/uploads\/sites\/440\/2024\/04\/DSC_0305-2.jpg 1551w\" sizes=\"auto, (max-width: 1011px) 100vw, 1011px\" \/><\/figure>\n\n\n\n<div class=\"links-block\">\n\n    \n    <ul class=\"link-list\">\n        \n            \n            <li class=\"link-list-item\">\n                <a href=\"https:\/\/uefconnect.uef.fi\/henkilo\/katja.lotjonen\/\" class=\"link-reset link hover-scale-down\">\n                    <svg\n        width=\"43\" height=\"25\"\n        viewBox=\"0 0 43 25\"\n        xmlns=\"http:\/\/www.w3.org\/2000\/svg\">\n    <path\n        d=\"M30.027 0 43 12.5 30.027 25 27 22.083 34.351 15H0v-5h34.351L27 2.917z\"\n        fill=\"currentColor\"\n        fill-rule=\"evenodd\"\/>\n<\/svg>                    <div>Find out more about Katja on the UEFConnect website!<\/div>\n                <\/a>\n                <div class=\"link-info\">\n                                    <\/div>\n            <\/li>\n\n                <\/ul>\n<\/div>\n\n\n<h2 class=\"wp-block-heading\">Hadi Farahani<\/h2>\n\n\n\n<p><strong>Project Researcher<br>University of Eastern Finland<\/strong><\/p>\n\n\n\n<p>I am a Ph.D. candidate in Social Work with a background in Sociolog. My Ph.D. dissertation investigates the mental health of Afghan forced migrants in Finland, exploring lay perceptions, risk factors, and resilience strategies. Concurrently, as a project researcher from January 2023 to December 2026, alongside my colleagues, I focus on examining intergroup relations and local encounters between immigrant and Finnish young people. My broader research interests include domestic violence, disability studies, and innovative art-based and visual research methods.<\/p>\n\n\n\n<figure class=\"wp-block-image aligncenter size-large is-resized is-style-rounded\"><img loading=\"lazy\" decoding=\"async\" width=\"579\" height=\"1024\" src=\"https:\/\/sites.uef.fi\/ryhmienvalisia-suhteita-ja-paikallisia-kohtaamisia\/wp-content\/uploads\/sites\/440\/2023\/12\/L3A7086_Timo_Toikko_group_14022023-579x1024.jpg\" alt=\"\" class=\"wp-image-599\" style=\"aspect-ratio:1;object-fit:cover;width:318px\" srcset=\"https:\/\/sites.uef.fi\/ryhmienvalisia-suhteita-ja-paikallisia-kohtaamisia\/wp-content\/uploads\/sites\/440\/2023\/12\/L3A7086_Timo_Toikko_group_14022023-579x1024.jpg 579w, https:\/\/sites.uef.fi\/ryhmienvalisia-suhteita-ja-paikallisia-kohtaamisia\/wp-content\/uploads\/sites\/440\/2023\/12\/L3A7086_Timo_Toikko_group_14022023-170x300.jpg 170w, https:\/\/sites.uef.fi\/ryhmienvalisia-suhteita-ja-paikallisia-kohtaamisia\/wp-content\/uploads\/sites\/440\/2023\/12\/L3A7086_Timo_Toikko_group_14022023-768x1357.jpg 768w, https:\/\/sites.uef.fi\/ryhmienvalisia-suhteita-ja-paikallisia-kohtaamisia\/wp-content\/uploads\/sites\/440\/2023\/12\/L3A7086_Timo_Toikko_group_14022023-869x1536.jpg 869w, https:\/\/sites.uef.fi\/ryhmienvalisia-suhteita-ja-paikallisia-kohtaamisia\/wp-content\/uploads\/sites\/440\/2023\/12\/L3A7086_Timo_Toikko_group_14022023-1159x2048.jpg 1159w, https:\/\/sites.uef.fi\/ryhmienvalisia-suhteita-ja-paikallisia-kohtaamisia\/wp-content\/uploads\/sites\/440\/2023\/12\/L3A7086_Timo_Toikko_group_14022023-scaled.jpg 1449w\" sizes=\"auto, (max-width: 579px) 100vw, 579px\" \/><\/figure>\n\n\n\n<div class=\"links-block\">\n\n    \n    <ul class=\"link-list\">\n        \n            \n            <li class=\"link-list-item\">\n                <a href=\"https:\/\/uefconnect.uef.fi\/henkilo\/hadi.farahani\/\" class=\"link-reset link hover-scale-down\">\n                    <svg\n        width=\"43\" height=\"25\"\n        viewBox=\"0 0 43 25\"\n        xmlns=\"http:\/\/www.w3.org\/2000\/svg\">\n    <path\n        d=\"M30.027 0 43 12.5 30.027 25 27 22.083 34.351 15H0v-5h34.351L27 2.917z\"\n        fill=\"currentColor\"\n        fill-rule=\"evenodd\"\/>\n<\/svg>                    <div>Find out more about Hadi on the UEFConnect website!<\/div>\n                <\/a>\n                <div class=\"link-info\">\n                                    <\/div>\n            <\/li>\n\n                <\/ul>\n<\/div>\n\n\n<h2 class=\"wp-block-heading\">Helena Rovamo<\/h2>\n\n\n\n<p><strong>Post-doctoral Researcher<\/strong><br><strong>University of Eastern Finland<\/strong><\/p>\n\n\n\n<p>My name is Helena Rovamo and I work as a researcher in this project. I started working as a part of this project in February 2024 and will continue until the end of 2026. In this project, I am particularly interested in exploring the perceptions of young people from different backgrounds about each other and their future in Savo and combining perspectives from different theoretical approaches in social psychology in my research.&nbsp; I am also interested in developing my skills in using visual research methods.<\/p>\n\n\n\n<p>My dissertation research preceding this project was on populism. My dissertation was based on interview data conducted in Finland, which examined the views of supporters of different political parties on political issues such as immigration and populism. In my PhD, I focused primarily on examining the divisions between \u2018us\u2019 and \u2018them\u2019 as constructed in the interviewees\u2019 talk.<\/p>\n\n\n\n<figure class=\"wp-block-image aligncenter size-full is-resized is-style-rounded\"><img loading=\"lazy\" decoding=\"async\" width=\"500\" height=\"500\" src=\"https:\/\/sites.uef.fi\/ryhmienvalisia-suhteita-ja-paikallisia-kohtaamisia\/wp-content\/uploads\/sites\/440\/2024\/04\/Rovamo_Helena_0022-500x500px.jpg\" alt=\"\" class=\"wp-image-666\" style=\"width:318px\" srcset=\"https:\/\/sites.uef.fi\/ryhmienvalisia-suhteita-ja-paikallisia-kohtaamisia\/wp-content\/uploads\/sites\/440\/2024\/04\/Rovamo_Helena_0022-500x500px.jpg 500w, https:\/\/sites.uef.fi\/ryhmienvalisia-suhteita-ja-paikallisia-kohtaamisia\/wp-content\/uploads\/sites\/440\/2024\/04\/Rovamo_Helena_0022-500x500px-300x300.jpg 300w, https:\/\/sites.uef.fi\/ryhmienvalisia-suhteita-ja-paikallisia-kohtaamisia\/wp-content\/uploads\/sites\/440\/2024\/04\/Rovamo_Helena_0022-500x500px-150x150.jpg 150w\" sizes=\"auto, (max-width: 500px) 100vw, 500px\" \/><\/figure>\n\n\n\n<div class=\"links-block\">\n\n    \n    <ul class=\"link-list\">\n        \n            \n            <li class=\"link-list-item\">\n                <a href=\"https:\/\/uefconnect.uef.fi\/henkilo\/helena.rovamo\/\" class=\"link-reset link hover-scale-down\">\n                    <svg\n        width=\"43\" height=\"25\"\n        viewBox=\"0 0 43 25\"\n        xmlns=\"http:\/\/www.w3.org\/2000\/svg\">\n    <path\n        d=\"M30.027 0 43 12.5 30.027 25 27 22.083 34.351 15H0v-5h34.351L27 2.917z\"\n        fill=\"currentColor\"\n        fill-rule=\"evenodd\"\/>\n<\/svg>                    <div>Find out more about Helena on the UEFConnect website!<\/div>\n                <\/a>\n                <div class=\"link-info\">\n                                    <\/div>\n            <\/li>\n\n                <\/ul>\n<\/div>\n\n\n<h2 class=\"wp-block-heading\">Jennifer De Paola<\/h2>\n\n\n\n<p><strong>Post-doctoral Researcher<br>University of Helsinki<\/strong><\/p>\n\n\n\n<p>My name is Jennifer De Paola, and I am very much looking forward to starting to work on this project in January 2025.<\/p>\n\n\n\n<p>I am a clinical psychologist and I have a PhD in social psychology. My research focuses on the meaning of happiness and good life, and aims to provide strategies to help schools, organizations and societies to become happier.<\/p>\n\n\n\n<p>I have several years of experience with the employment of visual methods in qualitative research. In my research I have worked with memes circulating on social media, photographs posted on Instagram, and images published on news. Currently, I am completing a project involving twelve schools in Helsinki, with the aim of exploring children\u2019s perspective on happiness and unhappiness using drawing techniques.<\/p>\n\n\n\n<p>As an immigrant myself I feel truly inspired to join a project employing art-based method to improve the relations among local and immigrants youth.<\/p>\n\n\n\n<figure class=\"wp-block-image aligncenter size-large is-resized is-style-rounded\"><img loading=\"lazy\" decoding=\"async\" width=\"1024\" height=\"975\" src=\"https:\/\/sites.uef.fi\/ryhmienvalisia-suhteita-ja-paikallisia-kohtaamisia\/wp-content\/uploads\/sites\/440\/2024\/04\/BIO_JDP-1024x975.jpg\" alt=\"\" class=\"wp-image-1507\" style=\"width:318px\" srcset=\"https:\/\/sites.uef.fi\/ryhmienvalisia-suhteita-ja-paikallisia-kohtaamisia\/wp-content\/uploads\/sites\/440\/2024\/04\/BIO_JDP-1024x975.jpg 1024w, https:\/\/sites.uef.fi\/ryhmienvalisia-suhteita-ja-paikallisia-kohtaamisia\/wp-content\/uploads\/sites\/440\/2024\/04\/BIO_JDP-300x286.jpg 300w, https:\/\/sites.uef.fi\/ryhmienvalisia-suhteita-ja-paikallisia-kohtaamisia\/wp-content\/uploads\/sites\/440\/2024\/04\/BIO_JDP-768x731.jpg 768w, https:\/\/sites.uef.fi\/ryhmienvalisia-suhteita-ja-paikallisia-kohtaamisia\/wp-content\/uploads\/sites\/440\/2024\/04\/BIO_JDP-1536x1463.jpg 1536w, https:\/\/sites.uef.fi\/ryhmienvalisia-suhteita-ja-paikallisia-kohtaamisia\/wp-content\/uploads\/sites\/440\/2024\/04\/BIO_JDP.jpg 1944w\" sizes=\"auto, (max-width: 1024px) 100vw, 1024px\" \/><\/figure>\n\n\n\n<div class=\"links-block\">\n\n    \n    <ul class=\"link-list\">\n        \n            \n            <li class=\"link-list-item\">\n                <a href=\"https:\/\/researchportal.helsinki.fi\/fi\/persons\/jennifer-de-paola\" class=\"link-reset link hover-scale-down\">\n                    <svg\n        width=\"43\" height=\"25\"\n        viewBox=\"0 0 43 25\"\n        xmlns=\"http:\/\/www.w3.org\/2000\/svg\">\n    <path\n        d=\"M30.027 0 43 12.5 30.027 25 27 22.083 34.351 15H0v-5h34.351L27 2.917z\"\n        fill=\"currentColor\"\n        fill-rule=\"evenodd\"\/>\n<\/svg>                    <div>Find out more about Jennifer on the University of Helsinki&#8217;s research portal!<\/div>\n                <\/a>\n                <div class=\"link-info\">\n                                    <\/div>\n            <\/li>\n\n                <\/ul>\n<\/div>\n\n\n<h2 class=\"wp-block-heading\">Mari Puttonen<\/h2>\n\n\n\n<p><strong>Visual arts teacher<br>Siilinj\u00e4rvi Community College<\/strong><\/p>\n","protected":false},"excerpt":{"rendered":"<p>Find out more about people involved in the project below! Jari Martikainen Project LeaderUniversity of Eastern Finland I am Jari Martikainen, the leader of this project. I work as a university lecturer in social psychology. My previous education was in arts history and I worked for a long time as a teacher of visual culture [&hellip;]<\/p>\n","protected":false},"author":304,"featured_media":0,"parent":0,"menu_order":0,"comment_status":"closed","ping_status":"closed","template":"","meta":{"_acf_changed":false,"footnotes":""},"class_list":["post-1544","page","type-page","status-publish","hentry"],"acf":[],"yoast_head":"<!-- This site is optimized with the Yoast SEO plugin v27.1.1 - https:\/\/yoast.com\/product\/yoast-seo-wordpress\/ -->\n<title>People - Ryhmienv\u00e4lisi\u00e4 suhteita ja paikallisia kohtaamisia<\/title>\n<meta name=\"robots\" content=\"index, follow, max-snippet:-1, max-image-preview:large, max-video-preview:-1\" \/>\n<link rel=\"canonical\" href=\"https:\/\/sites.uef.fi\/ryhmienvalisia-suhteita-ja-paikallisia-kohtaamisia\/people-2\/\" \/>\n<meta property=\"og:locale\" content=\"fi_FI\" \/>\n<meta property=\"og:type\" content=\"article\" \/>\n<meta property=\"og:title\" content=\"People - Ryhmienv\u00e4lisi\u00e4 suhteita ja paikallisia kohtaamisia\" \/>\n<meta property=\"og:description\" content=\"Find out more about people involved in the project below! Jari Martikainen Project LeaderUniversity of Eastern Finland I am Jari Martikainen, the leader of this project. I work as a university lecturer in social psychology. My previous education was in arts history and I worked for a long time as a teacher of visual culture [&hellip;]\" \/>\n<meta property=\"og:url\" content=\"https:\/\/sites.uef.fi\/ryhmienvalisia-suhteita-ja-paikallisia-kohtaamisia\/people-2\/?lang=en\" \/>\n<meta property=\"og:site_name\" content=\"Ryhmienv\u00e4lisi\u00e4 suhteita ja paikallisia kohtaamisia\" \/>\n<meta property=\"article:modified_time\" content=\"2024-05-30T06:18:42+00:00\" \/>\n<meta property=\"og:image\" content=\"https:\/\/sites.uef.fi\/ryhmienvalisia-suhteita-ja-paikallisia-kohtaamisia\/wp-content\/uploads\/sites\/440\/2023\/12\/Jari.png\" \/>\n<meta name=\"twitter:card\" content=\"summary_large_image\" \/>\n<meta name=\"twitter:label1\" content=\"Arvioitu lukuaika\" \/>\n\t<meta name=\"twitter:data1\" content=\"6 minuuttia\" \/>\n<script type=\"application\/ld+json\" class=\"yoast-schema-graph\">{\"@context\":\"https:\/\/schema.org\",\"@graph\":[{\"@type\":\"WebPage\",\"@id\":\"https:\/\/sites.uef.fi\/ryhmienvalisia-suhteita-ja-paikallisia-kohtaamisia\/people-2\/?lang=en\",\"url\":\"https:\/\/sites.uef.fi\/ryhmienvalisia-suhteita-ja-paikallisia-kohtaamisia\/people-2\/?lang=en\",\"name\":\"People - Ryhmienv\u00e4lisi\u00e4 suhteita ja paikallisia kohtaamisia\",\"isPartOf\":{\"@id\":\"https:\/\/sites.uef.fi\/ryhmienvalisia-suhteita-ja-paikallisia-kohtaamisia\/#website\"},\"primaryImageOfPage\":{\"@id\":\"https:\/\/sites.uef.fi\/ryhmienvalisia-suhteita-ja-paikallisia-kohtaamisia\/people-2\/?lang=en#primaryimage\"},\"image\":{\"@id\":\"https:\/\/sites.uef.fi\/ryhmienvalisia-suhteita-ja-paikallisia-kohtaamisia\/people-2\/?lang=en#primaryimage\"},\"thumbnailUrl\":\"https:\/\/sites.uef.fi\/ryhmienvalisia-suhteita-ja-paikallisia-kohtaamisia\/wp-content\/uploads\/sites\/440\/2023\/12\/Jari.png\",\"datePublished\":\"2024-04-12T10:11:20+00:00\",\"dateModified\":\"2024-05-30T06:18:42+00:00\",\"breadcrumb\":{\"@id\":\"https:\/\/sites.uef.fi\/ryhmienvalisia-suhteita-ja-paikallisia-kohtaamisia\/people-2\/?lang=en#breadcrumb\"},\"inLanguage\":\"fi\",\"potentialAction\":[{\"@type\":\"ReadAction\",\"target\":[\"https:\/\/sites.uef.fi\/ryhmienvalisia-suhteita-ja-paikallisia-kohtaamisia\/people-2\/?lang=en\"]}]},{\"@type\":\"ImageObject\",\"inLanguage\":\"fi\",\"@id\":\"https:\/\/sites.uef.fi\/ryhmienvalisia-suhteita-ja-paikallisia-kohtaamisia\/people-2\/?lang=en#primaryimage\",\"url\":\"https:\/\/sites.uef.fi\/ryhmienvalisia-suhteita-ja-paikallisia-kohtaamisia\/wp-content\/uploads\/sites\/440\/2023\/12\/Jari.png\",\"contentUrl\":\"https:\/\/sites.uef.fi\/ryhmienvalisia-suhteita-ja-paikallisia-kohtaamisia\/wp-content\/uploads\/sites\/440\/2023\/12\/Jari.png\",\"width\":892,\"height\":892},{\"@type\":\"BreadcrumbList\",\"@id\":\"https:\/\/sites.uef.fi\/ryhmienvalisia-suhteita-ja-paikallisia-kohtaamisia\/people-2\/?lang=en#breadcrumb\",\"itemListElement\":[{\"@type\":\"ListItem\",\"position\":1,\"name\":\"Home\",\"item\":\"https:\/\/sites.uef.fi\/ryhmienvalisia-suhteita-ja-paikallisia-kohtaamisia\/\"},{\"@type\":\"ListItem\",\"position\":2,\"name\":\"People\"}]},{\"@type\":\"WebSite\",\"@id\":\"https:\/\/sites.uef.fi\/ryhmienvalisia-suhteita-ja-paikallisia-kohtaamisia\/#website\",\"url\":\"https:\/\/sites.uef.fi\/ryhmienvalisia-suhteita-ja-paikallisia-kohtaamisia\/\",\"name\":\"Ryhmienv\u00e4lisi\u00e4 suhteita ja paikallisia kohtaamisia\",\"description\":\"Maahanmuuttajataustaisten ja suomalaisten nuorten mielikuvia toisistaan, el\u00e4m\u00e4st\u00e4\u00e4n ja tulevaisuudestaan monikulttuurisessa Savossa\",\"potentialAction\":[{\"@type\":\"SearchAction\",\"target\":{\"@type\":\"EntryPoint\",\"urlTemplate\":\"https:\/\/sites.uef.fi\/ryhmienvalisia-suhteita-ja-paikallisia-kohtaamisia\/?s={search_term_string}\"},\"query-input\":{\"@type\":\"PropertyValueSpecification\",\"valueRequired\":true,\"valueName\":\"search_term_string\"}}],\"inLanguage\":\"fi\"}]}<\/script>\n<!-- \/ Yoast SEO plugin. -->","yoast_head_json":{"title":"People - Ryhmienv\u00e4lisi\u00e4 suhteita ja paikallisia kohtaamisia","robots":{"index":"index","follow":"follow","max-snippet":"max-snippet:-1","max-image-preview":"max-image-preview:large","max-video-preview":"max-video-preview:-1"},"canonical":"https:\/\/sites.uef.fi\/ryhmienvalisia-suhteita-ja-paikallisia-kohtaamisia\/people-2\/","og_locale":"fi_FI","og_type":"article","og_title":"People - Ryhmienv\u00e4lisi\u00e4 suhteita ja paikallisia kohtaamisia","og_description":"Find out more about people involved in the project below! Jari Martikainen Project LeaderUniversity of Eastern Finland I am Jari Martikainen, the leader of this project. I work as a university lecturer in social psychology. My previous education was in arts history and I worked for a long time as a teacher of visual culture [&hellip;]","og_url":"https:\/\/sites.uef.fi\/ryhmienvalisia-suhteita-ja-paikallisia-kohtaamisia\/people-2\/?lang=en","og_site_name":"Ryhmienv\u00e4lisi\u00e4 suhteita ja paikallisia kohtaamisia","article_modified_time":"2024-05-30T06:18:42+00:00","og_image":[{"url":"https:\/\/sites.uef.fi\/ryhmienvalisia-suhteita-ja-paikallisia-kohtaamisia\/wp-content\/uploads\/sites\/440\/2023\/12\/Jari.png","type":"","width":"","height":""}],"twitter_card":"summary_large_image","twitter_misc":{"Arvioitu lukuaika":"6 minuuttia"},"schema":{"@context":"https:\/\/schema.org","@graph":[{"@type":"WebPage","@id":"https:\/\/sites.uef.fi\/ryhmienvalisia-suhteita-ja-paikallisia-kohtaamisia\/people-2\/?lang=en","url":"https:\/\/sites.uef.fi\/ryhmienvalisia-suhteita-ja-paikallisia-kohtaamisia\/people-2\/?lang=en","name":"People - Ryhmienv\u00e4lisi\u00e4 suhteita ja paikallisia kohtaamisia","isPartOf":{"@id":"https:\/\/sites.uef.fi\/ryhmienvalisia-suhteita-ja-paikallisia-kohtaamisia\/#website"},"primaryImageOfPage":{"@id":"https:\/\/sites.uef.fi\/ryhmienvalisia-suhteita-ja-paikallisia-kohtaamisia\/people-2\/?lang=en#primaryimage"},"image":{"@id":"https:\/\/sites.uef.fi\/ryhmienvalisia-suhteita-ja-paikallisia-kohtaamisia\/people-2\/?lang=en#primaryimage"},"thumbnailUrl":"https:\/\/sites.uef.fi\/ryhmienvalisia-suhteita-ja-paikallisia-kohtaamisia\/wp-content\/uploads\/sites\/440\/2023\/12\/Jari.png","datePublished":"2024-04-12T10:11:20+00:00","dateModified":"2024-05-30T06:18:42+00:00","breadcrumb":{"@id":"https:\/\/sites.uef.fi\/ryhmienvalisia-suhteita-ja-paikallisia-kohtaamisia\/people-2\/?lang=en#breadcrumb"},"inLanguage":"fi","potentialAction":[{"@type":"ReadAction","target":["https:\/\/sites.uef.fi\/ryhmienvalisia-suhteita-ja-paikallisia-kohtaamisia\/people-2\/?lang=en"]}]},{"@type":"ImageObject","inLanguage":"fi","@id":"https:\/\/sites.uef.fi\/ryhmienvalisia-suhteita-ja-paikallisia-kohtaamisia\/people-2\/?lang=en#primaryimage","url":"https:\/\/sites.uef.fi\/ryhmienvalisia-suhteita-ja-paikallisia-kohtaamisia\/wp-content\/uploads\/sites\/440\/2023\/12\/Jari.png","contentUrl":"https:\/\/sites.uef.fi\/ryhmienvalisia-suhteita-ja-paikallisia-kohtaamisia\/wp-content\/uploads\/sites\/440\/2023\/12\/Jari.png","width":892,"height":892},{"@type":"BreadcrumbList","@id":"https:\/\/sites.uef.fi\/ryhmienvalisia-suhteita-ja-paikallisia-kohtaamisia\/people-2\/?lang=en#breadcrumb","itemListElement":[{"@type":"ListItem","position":1,"name":"Home","item":"https:\/\/sites.uef.fi\/ryhmienvalisia-suhteita-ja-paikallisia-kohtaamisia\/"},{"@type":"ListItem","position":2,"name":"People"}]},{"@type":"WebSite","@id":"https:\/\/sites.uef.fi\/ryhmienvalisia-suhteita-ja-paikallisia-kohtaamisia\/#website","url":"https:\/\/sites.uef.fi\/ryhmienvalisia-suhteita-ja-paikallisia-kohtaamisia\/","name":"Ryhmienv\u00e4lisi\u00e4 suhteita ja paikallisia kohtaamisia","description":"Maahanmuuttajataustaisten ja suomalaisten nuorten mielikuvia toisistaan, el\u00e4m\u00e4st\u00e4\u00e4n ja tulevaisuudestaan monikulttuurisessa Savossa","potentialAction":[{"@type":"SearchAction","target":{"@type":"EntryPoint","urlTemplate":"https:\/\/sites.uef.fi\/ryhmienvalisia-suhteita-ja-paikallisia-kohtaamisia\/?s={search_term_string}"},"query-input":{"@type":"PropertyValueSpecification","valueRequired":true,"valueName":"search_term_string"}}],"inLanguage":"fi"}]}},"_links":{"self":[{"href":"https:\/\/sites.uef.fi\/ryhmienvalisia-suhteita-ja-paikallisia-kohtaamisia\/wp-json\/wp\/v2\/pages\/1544","targetHints":{"allow":["GET"]}}],"collection":[{"href":"https:\/\/sites.uef.fi\/ryhmienvalisia-suhteita-ja-paikallisia-kohtaamisia\/wp-json\/wp\/v2\/pages"}],"about":[{"href":"https:\/\/sites.uef.fi\/ryhmienvalisia-suhteita-ja-paikallisia-kohtaamisia\/wp-json\/wp\/v2\/types\/page"}],"author":[{"embeddable":true,"href":"https:\/\/sites.uef.fi\/ryhmienvalisia-suhteita-ja-paikallisia-kohtaamisia\/wp-json\/wp\/v2\/users\/304"}],"replies":[{"embeddable":true,"href":"https:\/\/sites.uef.fi\/ryhmienvalisia-suhteita-ja-paikallisia-kohtaamisia\/wp-json\/wp\/v2\/comments?post=1544"}],"version-history":[{"count":1,"href":"https:\/\/sites.uef.fi\/ryhmienvalisia-suhteita-ja-paikallisia-kohtaamisia\/wp-json\/wp\/v2\/pages\/1544\/revisions"}],"predecessor-version":[{"id":1704,"href":"https:\/\/sites.uef.fi\/ryhmienvalisia-suhteita-ja-paikallisia-kohtaamisia\/wp-json\/wp\/v2\/pages\/1544\/revisions\/1704"}],"wp:attachment":[{"href":"https:\/\/sites.uef.fi\/ryhmienvalisia-suhteita-ja-paikallisia-kohtaamisia\/wp-json\/wp\/v2\/media?parent=1544"}],"curies":[{"name":"wp","href":"https:\/\/api.w.org\/{rel}","templated":true}]}}