{"id":1572,"date":"2024-04-17T09:59:58","date_gmt":"2024-04-17T06:59:58","guid":{"rendered":"https:\/\/sites.uef.fi\/ryhmienvalisia-suhteita-ja-paikallisia-kohtaamisia\/virtual-exhibitions\/"},"modified":"2025-04-04T09:47:01","modified_gmt":"2025-04-04T06:47:01","slug":"virtual-exhibitions","status":"publish","type":"page","link":"https:\/\/sites.uef.fi\/ryhmienvalisia-suhteita-ja-paikallisia-kohtaamisia\/virtual-exhibitions\/?lang=en","title":{"rendered":"Virtual Exhibitions"},"content":{"rendered":"\n<p>On this site, we publish works created by young people in art-based workshops. We will put together three virtual exhibitions of the works. The exhibitions will be published between 2024 and 2025. The virtual exhibitions will be put together according to the themes of the art-based workshops.<\/p>\n\n<p>Ensimm\u00e4isen, toukokuussa 2024 avautuvan virtuaalin\u00e4yttelyn teemana on<em> Kohtaaminen<\/em>. Virtuaalin\u00e4yttelyyn on koottuna nuorten yksil\u00f6- ja ryhm\u00e4ty\u00f6n\u00e4 valmistelemia teoksia. Teoksissa nuoret k\u00e4sittelev\u00e4t suomalaisten ja maahanmuuttajataustaisten henkil\u00f6iden kohtaamista. Virtuaalin\u00e4yttely sulkeutuu syyskuussa 2024.<\/p>\n\n<p>Toisen, syyskuussa 2024 avautuvan virtuaalin\u00e4yttelyn teemana on <em>Paikka<\/em>. Virtuaalin\u00e4yttelyss\u00e4 kokoamme nuorten kollaasity\u00f6n\u00e4 tuottamia teoksia, joissa he k\u00e4sittelev\u00e4t mielikuviaan ja kokemuksiaan Savosta. Virtuaalin\u00e4yttely sulkeutuu joulukuussa 2024.<\/p>\n\n<p>The theme of the third virtual exhibition, which will open in December 2024, is <em>Future<\/em>. In the final exhibition, based on the work of the workshops, we bring together portraits made by young people. Through these portraits, young people reflect on their future selves in relation to other people and places. The virtual exhibition will close in April 2025.<\/p>\n","protected":false},"excerpt":{"rendered":"<p>On this site, we publish works created by young people in art-based workshops. We will put together three virtual exhibitions of the works. The exhibitions will be published between 2024 and 2025. The virtual exhibitions will be put together according to the themes of the art-based workshops. Ensimm\u00e4isen, toukokuussa 2024 avautuvan virtuaalin\u00e4yttelyn teemana on Kohtaaminen. [&hellip;]<\/p>\n","protected":false},"author":304,"featured_media":0,"parent":0,"menu_order":0,"comment_status":"closed","ping_status":"closed","template":"","meta":{"_acf_changed":false,"footnotes":""},"class_list":["post-1572","page","type-page","status-publish","hentry"],"acf":[],"yoast_head":"<!-- This site is optimized with the Yoast SEO plugin v27.1.1 - https:\/\/yoast.com\/product\/yoast-seo-wordpress\/ -->\n<title>Virtual Exhibitions - Ryhmienv\u00e4lisi\u00e4 suhteita ja paikallisia kohtaamisia<\/title>\n<meta name=\"robots\" content=\"index, follow, max-snippet:-1, max-image-preview:large, max-video-preview:-1\" \/>\n<link rel=\"canonical\" href=\"https:\/\/sites.uef.fi\/ryhmienvalisia-suhteita-ja-paikallisia-kohtaamisia\/virtual-exhibitions\/\" \/>\n<meta property=\"og:locale\" content=\"fi_FI\" \/>\n<meta property=\"og:type\" content=\"article\" \/>\n<meta property=\"og:title\" content=\"Virtual Exhibitions - Ryhmienv\u00e4lisi\u00e4 suhteita ja paikallisia kohtaamisia\" \/>\n<meta property=\"og:description\" content=\"On this site, we publish works created by young people in art-based workshops. We will put together three virtual exhibitions of the works. The exhibitions will be published between 2024 and 2025. The virtual exhibitions will be put together according to the themes of the art-based workshops. Ensimm\u00e4isen, toukokuussa 2024 avautuvan virtuaalin\u00e4yttelyn teemana on Kohtaaminen. [&hellip;]\" \/>\n<meta property=\"og:url\" content=\"https:\/\/sites.uef.fi\/ryhmienvalisia-suhteita-ja-paikallisia-kohtaamisia\/virtual-exhibitions\/?lang=en\" \/>\n<meta property=\"og:site_name\" content=\"Ryhmienv\u00e4lisi\u00e4 suhteita ja paikallisia kohtaamisia\" \/>\n<meta property=\"article:modified_time\" content=\"2025-04-04T06:47:01+00:00\" \/>\n<meta name=\"twitter:card\" content=\"summary_large_image\" \/>\n<meta name=\"twitter:label1\" content=\"Arvioitu lukuaika\" \/>\n\t<meta name=\"twitter:data1\" content=\"1 minuutti\" \/>\n<script type=\"application\/ld+json\" class=\"yoast-schema-graph\">{\"@context\":\"https:\/\/schema.org\",\"@graph\":[{\"@type\":\"WebPage\",\"@id\":\"https:\/\/sites.uef.fi\/ryhmienvalisia-suhteita-ja-paikallisia-kohtaamisia\/virtual-exhibitions\/?lang=en\",\"url\":\"https:\/\/sites.uef.fi\/ryhmienvalisia-suhteita-ja-paikallisia-kohtaamisia\/virtual-exhibitions\/?lang=en\",\"name\":\"Virtual Exhibitions - Ryhmienv\u00e4lisi\u00e4 suhteita ja paikallisia kohtaamisia\",\"isPartOf\":{\"@id\":\"https:\/\/sites.uef.fi\/ryhmienvalisia-suhteita-ja-paikallisia-kohtaamisia\/#website\"},\"datePublished\":\"2024-04-17T06:59:58+00:00\",\"dateModified\":\"2025-04-04T06:47:01+00:00\",\"breadcrumb\":{\"@id\":\"https:\/\/sites.uef.fi\/ryhmienvalisia-suhteita-ja-paikallisia-kohtaamisia\/virtual-exhibitions\/?lang=en#breadcrumb\"},\"inLanguage\":\"fi\",\"potentialAction\":[{\"@type\":\"ReadAction\",\"target\":[\"https:\/\/sites.uef.fi\/ryhmienvalisia-suhteita-ja-paikallisia-kohtaamisia\/virtual-exhibitions\/?lang=en\"]}]},{\"@type\":\"BreadcrumbList\",\"@id\":\"https:\/\/sites.uef.fi\/ryhmienvalisia-suhteita-ja-paikallisia-kohtaamisia\/virtual-exhibitions\/?lang=en#breadcrumb\",\"itemListElement\":[{\"@type\":\"ListItem\",\"position\":1,\"name\":\"Home\",\"item\":\"https:\/\/sites.uef.fi\/ryhmienvalisia-suhteita-ja-paikallisia-kohtaamisia\/\"},{\"@type\":\"ListItem\",\"position\":2,\"name\":\"Virtual Exhibitions\"}]},{\"@type\":\"WebSite\",\"@id\":\"https:\/\/sites.uef.fi\/ryhmienvalisia-suhteita-ja-paikallisia-kohtaamisia\/#website\",\"url\":\"https:\/\/sites.uef.fi\/ryhmienvalisia-suhteita-ja-paikallisia-kohtaamisia\/\",\"name\":\"Ryhmienv\u00e4lisi\u00e4 suhteita ja paikallisia kohtaamisia\",\"description\":\"Maahanmuuttajataustaisten ja suomalaisten nuorten mielikuvia toisistaan, el\u00e4m\u00e4st\u00e4\u00e4n ja tulevaisuudestaan monikulttuurisessa Savossa\",\"potentialAction\":[{\"@type\":\"SearchAction\",\"target\":{\"@type\":\"EntryPoint\",\"urlTemplate\":\"https:\/\/sites.uef.fi\/ryhmienvalisia-suhteita-ja-paikallisia-kohtaamisia\/?s={search_term_string}\"},\"query-input\":{\"@type\":\"PropertyValueSpecification\",\"valueRequired\":true,\"valueName\":\"search_term_string\"}}],\"inLanguage\":\"fi\"}]}<\/script>\n<!-- \/ Yoast SEO plugin. -->","yoast_head_json":{"title":"Virtual Exhibitions - Ryhmienv\u00e4lisi\u00e4 suhteita ja paikallisia kohtaamisia","robots":{"index":"index","follow":"follow","max-snippet":"max-snippet:-1","max-image-preview":"max-image-preview:large","max-video-preview":"max-video-preview:-1"},"canonical":"https:\/\/sites.uef.fi\/ryhmienvalisia-suhteita-ja-paikallisia-kohtaamisia\/virtual-exhibitions\/","og_locale":"fi_FI","og_type":"article","og_title":"Virtual Exhibitions - Ryhmienv\u00e4lisi\u00e4 suhteita ja paikallisia kohtaamisia","og_description":"On this site, we publish works created by young people in art-based workshops. We will put together three virtual exhibitions of the works. The exhibitions will be published between 2024 and 2025. The virtual exhibitions will be put together according to the themes of the art-based workshops. Ensimm\u00e4isen, toukokuussa 2024 avautuvan virtuaalin\u00e4yttelyn teemana on Kohtaaminen. [&hellip;]","og_url":"https:\/\/sites.uef.fi\/ryhmienvalisia-suhteita-ja-paikallisia-kohtaamisia\/virtual-exhibitions\/?lang=en","og_site_name":"Ryhmienv\u00e4lisi\u00e4 suhteita ja paikallisia kohtaamisia","article_modified_time":"2025-04-04T06:47:01+00:00","twitter_card":"summary_large_image","twitter_misc":{"Arvioitu lukuaika":"1 minuutti"},"schema":{"@context":"https:\/\/schema.org","@graph":[{"@type":"WebPage","@id":"https:\/\/sites.uef.fi\/ryhmienvalisia-suhteita-ja-paikallisia-kohtaamisia\/virtual-exhibitions\/?lang=en","url":"https:\/\/sites.uef.fi\/ryhmienvalisia-suhteita-ja-paikallisia-kohtaamisia\/virtual-exhibitions\/?lang=en","name":"Virtual Exhibitions - Ryhmienv\u00e4lisi\u00e4 suhteita ja paikallisia kohtaamisia","isPartOf":{"@id":"https:\/\/sites.uef.fi\/ryhmienvalisia-suhteita-ja-paikallisia-kohtaamisia\/#website"},"datePublished":"2024-04-17T06:59:58+00:00","dateModified":"2025-04-04T06:47:01+00:00","breadcrumb":{"@id":"https:\/\/sites.uef.fi\/ryhmienvalisia-suhteita-ja-paikallisia-kohtaamisia\/virtual-exhibitions\/?lang=en#breadcrumb"},"inLanguage":"fi","potentialAction":[{"@type":"ReadAction","target":["https:\/\/sites.uef.fi\/ryhmienvalisia-suhteita-ja-paikallisia-kohtaamisia\/virtual-exhibitions\/?lang=en"]}]},{"@type":"BreadcrumbList","@id":"https:\/\/sites.uef.fi\/ryhmienvalisia-suhteita-ja-paikallisia-kohtaamisia\/virtual-exhibitions\/?lang=en#breadcrumb","itemListElement":[{"@type":"ListItem","position":1,"name":"Home","item":"https:\/\/sites.uef.fi\/ryhmienvalisia-suhteita-ja-paikallisia-kohtaamisia\/"},{"@type":"ListItem","position":2,"name":"Virtual Exhibitions"}]},{"@type":"WebSite","@id":"https:\/\/sites.uef.fi\/ryhmienvalisia-suhteita-ja-paikallisia-kohtaamisia\/#website","url":"https:\/\/sites.uef.fi\/ryhmienvalisia-suhteita-ja-paikallisia-kohtaamisia\/","name":"Ryhmienv\u00e4lisi\u00e4 suhteita ja paikallisia kohtaamisia","description":"Maahanmuuttajataustaisten ja suomalaisten nuorten mielikuvia toisistaan, el\u00e4m\u00e4st\u00e4\u00e4n ja tulevaisuudestaan monikulttuurisessa Savossa","potentialAction":[{"@type":"SearchAction","target":{"@type":"EntryPoint","urlTemplate":"https:\/\/sites.uef.fi\/ryhmienvalisia-suhteita-ja-paikallisia-kohtaamisia\/?s={search_term_string}"},"query-input":{"@type":"PropertyValueSpecification","valueRequired":true,"valueName":"search_term_string"}}],"inLanguage":"fi"}]}},"_links":{"self":[{"href":"https:\/\/sites.uef.fi\/ryhmienvalisia-suhteita-ja-paikallisia-kohtaamisia\/wp-json\/wp\/v2\/pages\/1572","targetHints":{"allow":["GET"]}}],"collection":[{"href":"https:\/\/sites.uef.fi\/ryhmienvalisia-suhteita-ja-paikallisia-kohtaamisia\/wp-json\/wp\/v2\/pages"}],"about":[{"href":"https:\/\/sites.uef.fi\/ryhmienvalisia-suhteita-ja-paikallisia-kohtaamisia\/wp-json\/wp\/v2\/types\/page"}],"author":[{"embeddable":true,"href":"https:\/\/sites.uef.fi\/ryhmienvalisia-suhteita-ja-paikallisia-kohtaamisia\/wp-json\/wp\/v2\/users\/304"}],"replies":[{"embeddable":true,"href":"https:\/\/sites.uef.fi\/ryhmienvalisia-suhteita-ja-paikallisia-kohtaamisia\/wp-json\/wp\/v2\/comments?post=1572"}],"version-history":[{"count":2,"href":"https:\/\/sites.uef.fi\/ryhmienvalisia-suhteita-ja-paikallisia-kohtaamisia\/wp-json\/wp\/v2\/pages\/1572\/revisions"}],"predecessor-version":[{"id":1813,"href":"https:\/\/sites.uef.fi\/ryhmienvalisia-suhteita-ja-paikallisia-kohtaamisia\/wp-json\/wp\/v2\/pages\/1572\/revisions\/1813"}],"wp:attachment":[{"href":"https:\/\/sites.uef.fi\/ryhmienvalisia-suhteita-ja-paikallisia-kohtaamisia\/wp-json\/wp\/v2\/media?parent=1572"}],"curies":[{"name":"wp","href":"https:\/\/api.w.org\/{rel}","templated":true}]}}