{"id":229,"date":"2023-10-11T09:42:43","date_gmt":"2023-10-11T09:42:43","guid":{"rendered":"https:\/\/sites.uef.fi\/ryhmienvalisia-suhteita-ja-paikallisia-kohtaamisia\/?page_id=229"},"modified":"2024-05-30T10:24:01","modified_gmt":"2024-05-30T07:24:01","slug":"etusivu","status":"publish","type":"page","link":"https:\/\/sites.uef.fi\/ryhmienvalisia-suhteita-ja-paikallisia-kohtaamisia\/","title":{"rendered":"Etusivu"},"content":{"rendered":"\n<h2 class=\"wp-block-heading\">Ryhmienv\u00e4lisi\u00e4 suhteita ja paikallisia kohtaamisia &#8211; Maahanmuuttajataustaisten ja suomalaisten nuorten mielikuvia toisistaan, el\u00e4m\u00e4st\u00e4\u00e4n ja tulevaisuudestaan monikulttuurisessa Savossa<\/h2>\n\n\n\n<p><strong>Tervetuloa tutkimushankkeen kotisivuille! <\/strong><\/p>\n\n\n\n<p>Sivustolla on kootusti tietoa tutkimushankkeen tavoitteista, ty\u00f6ryhm\u00e4st\u00e4 ja julkaisuista. Lis\u00e4ksi julkaisemme t\u00e4ll\u00e4 sivustolla nuorten taidety\u00f6pajojen teoksia virtuaalin\u00e4yttelyiss\u00e4. Virtuaalin\u00e4yttelyt ovat auki toukokuusta 2024 huhtikuuhun 2025.<\/p>\n\n\n\n<figure class=\"wp-block-image size-large\"><img loading=\"lazy\" decoding=\"async\" width=\"1024\" height=\"768\" src=\"https:\/\/sites.uef.fi\/ryhmienvalisia-suhteita-ja-paikallisia-kohtaamisia\/wp-content\/uploads\/sites\/440\/2024\/04\/IMG_1804-1024x768.jpeg\" alt=\"\" class=\"wp-image-862\" srcset=\"https:\/\/sites.uef.fi\/ryhmienvalisia-suhteita-ja-paikallisia-kohtaamisia\/wp-content\/uploads\/sites\/440\/2024\/04\/IMG_1804-1024x768.jpeg 1024w, https:\/\/sites.uef.fi\/ryhmienvalisia-suhteita-ja-paikallisia-kohtaamisia\/wp-content\/uploads\/sites\/440\/2024\/04\/IMG_1804-300x225.jpeg 300w, https:\/\/sites.uef.fi\/ryhmienvalisia-suhteita-ja-paikallisia-kohtaamisia\/wp-content\/uploads\/sites\/440\/2024\/04\/IMG_1804-768x576.jpeg 768w, https:\/\/sites.uef.fi\/ryhmienvalisia-suhteita-ja-paikallisia-kohtaamisia\/wp-content\/uploads\/sites\/440\/2024\/04\/IMG_1804-1536x1152.jpeg 1536w, https:\/\/sites.uef.fi\/ryhmienvalisia-suhteita-ja-paikallisia-kohtaamisia\/wp-content\/uploads\/sites\/440\/2024\/04\/IMG_1804-2048x1536.jpeg 2048w\" sizes=\"auto, (max-width: 1024px) 100vw, 1024px\" \/><\/figure>\n\n\n\n<h2 class=\"wp-block-heading\">Tutkimuksen tausta<\/h2>\n\n\n\n<p>Kansainv\u00e4lisen siirtolaisuuden maailmanlaajuinen kasvu ja pakolaisten m\u00e4\u00e4r\u00e4n lis\u00e4\u00e4ntyminen niin maailmalla kuin Suomessakin \u2013 esimerkiksi Ukrainan sodan ja Afganistanin kriisin seurauksena \u2013 nostattaa ilmoille erin\u00e4isi\u00e4 kysymyksi\u00e4 koskien monitahoisista kulttuuritaustoista tulevien ihmisryhmien v\u00e4lisist\u00e4 suhteista ja kohtaamisista paikallisen v\u00e4est\u00f6n ja toistensa v\u00e4lill\u00e4. Mit\u00e4 ajatuksia ja kokemuksia ihmisiss\u00e4 her\u00e4tt\u00e4\u00e4 se, ett\u00e4 joudutaan muuttamaan vieraaseen maahan ja asettumaan asumaan toisista kulttuuritaustoista tulevien ihmisten naapureiksi? Miten eri taustoista tulevat ihmiset voisivat el\u00e4\u00e4 yhdess\u00e4? Kuinka ihmisten v\u00e4list\u00e4 yhteiseloa voisi tukea? N\u00e4iden kysymysten siivitt\u00e4m\u00e4n\u00e4, t\u00e4ss\u00e4 sosiaalipsykologian tieteenalaan kiinnittyv\u00e4ss\u00e4 tutkimushankkeessa kohdistetaan katse yh\u00e4 monikulttuurisemmaksi muuttuvaan Savoon ja tarkastellaan suomalaisten lis\u00e4ksi suurimpia maahanmuuttajaryhmi\u00e4 Kuopiossa \u2013 Ukrainasta ja L\u00e4hi-id\u00e4st\u00e4 Savoon tulleita \u2013 ja n\u00e4iden ryhmien v\u00e4lisi\u00e4 suhteita.&nbsp;<\/p>\n\n\n\n<h2 class=\"wp-block-heading\">Tutkimushankkeen tavoitteet ja teht\u00e4v\u00e4t<\/h2>\n\n\n\n<p>Taidel\u00e4ht\u00f6isi\u00e4 tutkimusmenetelmi\u00e4 ja -ty\u00f6skentelytapoja hy\u00f6dynt\u00e4v\u00e4ss\u00e4 tutkimushankkeessa tarkastellaan Ukrainasta ja L\u00e4hi-Id\u00e4st\u00e4 Savoon muuttaneiden nuorten ja Savossa asuvien suomalaisten nuorten mielikuvia ja kokemuksia toisistaan, el\u00e4m\u00e4st\u00e4\u00e4n ja tulevaisuudestaan monikulttuurisessa Savossa. Tutkimuksessa kiinnitet\u00e4\u00e4n huomiota siihen, miten mielikuvat toista kulttuuritaustaa edustavasta ryhm\u00e4st\u00e4 ja paikalle eli Savolle annetut merkitykset kietoutuvat ryhmien v\u00e4lisiin suhteisiin. Tutkimuksen teoreettisina viitekehyksin\u00e4 toimivat sosiaalisten representaatioiden teoria, sosiaalisen identiteetin teoria ja sosiaalipsykologinen paikkatutkimus. Tutkimus tuottaa sosiaalipsykologisesta n\u00e4k\u00f6kulmasta uutta tietoa maahanmuuttajaryhmien ja paikallisv\u00e4est\u00f6n v\u00e4lisist\u00e4 suhteista ja eri maahanmuuttajaryhmien keskin\u00e4isist\u00e4 suhteista sek\u00e4 paikan merkityksest\u00e4 sosiaaliselle identiteetille. Hankkeessa kehitet\u00e4\u00e4n my\u00f6s metodologisesti tarkasteltuna taidel\u00e4ht\u00f6isi\u00e4 tutkimusmenetelmi\u00e4 edellisten teoreettisten viitekehysten yhdistelm\u00e4n ja ryhmien v\u00e4listen suhteiden tutkimuksen kontekstissa.<\/p>\n\n\n\n<p>Hankkeen keski\u00f6ss\u00e4 oleva taidel\u00e4ht\u00f6inen ty\u00f6skentely taidety\u00f6pajoissa toimii eri taustoista tulevien nuorten kohtaamispaikkana ja tutkimusaineiston tuottamisen menetelm\u00e4n\u00e4. Taidel\u00e4ht\u00f6isiin tutkimusmenetelmiin yhdistet\u00e4\u00e4n kansalaistieteen l\u00e4hestymistapaa, jolloin nuoret ovat kanssatutkijoita ja osallistuvat esimerkiksi aineiston analysoimiseen, ty\u00f6pajojen tuotoksia esittelevien n\u00e4yttelyiden rakentamiseen ja tutkimustuloksista tiedottamiseen. Hanke tuo esille nuorten \u00e4\u00e4nen, edist\u00e4\u00e4 eri kulttuuritaustoista tulevien nuorten vuorovaikutusta ja taidel\u00e4ht\u00f6iset tutkimusmenetelm\u00e4t tukevat heid\u00e4n yhteiskunnallista osallistumistaan.<\/p>\n\n\n\n<h2 class=\"wp-block-heading\">Rahoittajat ja yhteisty\u00f6kumppanit<\/h2>\n\n\n\n<p>Tutkimushankkeen rahoittajana toimii Koneen S\u00e4\u00e4ti\u00f6. Hanketta johdetaan It\u00e4-Suomen yliopistossa yhteiskuntatieteiden laitokselta.<\/p>\n\n\n    <div class=\"funders grid\">\n                        <div class=\"funders__item grid__item\">\n                            <div class=\"funders__image\">\n                    <img decoding=\"async\" src=\"https:\/\/sites.uef.fi\/ryhmienvalisia-suhteita-ja-paikallisia-kohtaamisia\/wp-content\/uploads\/sites\/440\/2024\/04\/logo-tunnus-paalla-black.jpg\" alt=\"Koneen s\u00e4\u00e4ti\u00f6 -logo\" \/>\n                <\/div>\n                                                <\/div>\n                        \n                        <div class=\"funders__item grid__item\">\n                            <div class=\"funders__image\">\n                    <img decoding=\"async\" src=\"\" alt=\"\" \/>\n                <\/div>\n                                                <\/div>\n                        \n                        <div class=\"funders__item grid__item\">\n                            <div class=\"funders__image\">\n                    <img decoding=\"async\" src=\"https:\/\/sites.uef.fi\/ryhmienvalisia-suhteita-ja-paikallisia-kohtaamisia\/wp-content\/uploads\/sites\/440\/2024\/04\/UEF_eng_black.png\" alt=\"UEF-logo\" \/>\n                <\/div>\n                                                <\/div>\n                        \n            <\/div>\n","protected":false},"excerpt":{"rendered":"<p>Ryhmienv\u00e4lisi\u00e4 suhteita ja paikallisia kohtaamisia &#8211; Maahanmuuttajataustaisten ja suomalaisten nuorten mielikuvia toisistaan, el\u00e4m\u00e4st\u00e4\u00e4n ja tulevaisuudestaan monikulttuurisessa Savossa Tervetuloa tutkimushankkeen kotisivuille! Sivustolla on kootusti tietoa tutkimushankkeen tavoitteista, ty\u00f6ryhm\u00e4st\u00e4 ja julkaisuista. Lis\u00e4ksi julkaisemme t\u00e4ll\u00e4 sivustolla nuorten taidety\u00f6pajojen teoksia virtuaalin\u00e4yttelyiss\u00e4. Virtuaalin\u00e4yttelyt ovat auki toukokuusta 2024 huhtikuuhun 2025. Tutkimuksen tausta Kansainv\u00e4lisen siirtolaisuuden maailmanlaajuinen kasvu ja pakolaisten m\u00e4\u00e4r\u00e4n lis\u00e4\u00e4ntyminen niin [&hellip;]<\/p>\n","protected":false},"author":2,"featured_media":480,"parent":0,"menu_order":0,"comment_status":"closed","ping_status":"closed","template":"","meta":{"_acf_changed":false,"footnotes":""},"class_list":["post-229","page","type-page","status-publish","has-post-thumbnail","hentry"],"acf":[],"yoast_head":"<!-- This site is optimized with the Yoast SEO plugin v27.1.1 - https:\/\/yoast.com\/product\/yoast-seo-wordpress\/ -->\n<title>Etusivu - Ryhmienv\u00e4lisi\u00e4 suhteita ja paikallisia kohtaamisia<\/title>\n<meta name=\"robots\" content=\"index, follow, max-snippet:-1, max-image-preview:large, max-video-preview:-1\" \/>\n<link rel=\"canonical\" href=\"https:\/\/sites.uef.fi\/ryhmienvalisia-suhteita-ja-paikallisia-kohtaamisia\/\" \/>\n<meta property=\"og:locale\" content=\"fi_FI\" \/>\n<meta property=\"og:type\" content=\"article\" \/>\n<meta property=\"og:title\" content=\"Etusivu - Ryhmienv\u00e4lisi\u00e4 suhteita ja paikallisia kohtaamisia\" \/>\n<meta property=\"og:description\" content=\"Ryhmienv\u00e4lisi\u00e4 suhteita ja paikallisia kohtaamisia &#8211; Maahanmuuttajataustaisten ja suomalaisten nuorten mielikuvia toisistaan, el\u00e4m\u00e4st\u00e4\u00e4n ja tulevaisuudestaan monikulttuurisessa Savossa Tervetuloa tutkimushankkeen kotisivuille! Sivustolla on kootusti tietoa tutkimushankkeen tavoitteista, ty\u00f6ryhm\u00e4st\u00e4 ja julkaisuista. Lis\u00e4ksi julkaisemme t\u00e4ll\u00e4 sivustolla nuorten taidety\u00f6pajojen teoksia virtuaalin\u00e4yttelyiss\u00e4. Virtuaalin\u00e4yttelyt ovat auki toukokuusta 2024 huhtikuuhun 2025. Tutkimuksen tausta Kansainv\u00e4lisen siirtolaisuuden maailmanlaajuinen kasvu ja pakolaisten m\u00e4\u00e4r\u00e4n lis\u00e4\u00e4ntyminen niin [&hellip;]\" \/>\n<meta property=\"og:url\" content=\"https:\/\/sites.uef.fi\/ryhmienvalisia-suhteita-ja-paikallisia-kohtaamisia\/\" \/>\n<meta property=\"og:site_name\" content=\"Ryhmienv\u00e4lisi\u00e4 suhteita ja paikallisia kohtaamisia\" \/>\n<meta property=\"article:modified_time\" content=\"2024-05-30T07:24:01+00:00\" \/>\n<meta property=\"og:image\" content=\"https:\/\/sites.uef.fi\/ryhmienvalisia-suhteita-ja-paikallisia-kohtaamisia\/wp-content\/uploads\/sites\/440\/2023\/12\/word_press-2.png\" \/>\n\t<meta property=\"og:image:width\" content=\"1900\" \/>\n\t<meta property=\"og:image:height\" content=\"480\" \/>\n\t<meta property=\"og:image:type\" content=\"image\/png\" \/>\n<meta name=\"twitter:card\" content=\"summary_large_image\" \/>\n<meta name=\"twitter:label1\" content=\"Arvioitu lukuaika\" \/>\n\t<meta name=\"twitter:data1\" content=\"3 minuuttia\" \/>\n<script type=\"application\/ld+json\" class=\"yoast-schema-graph\">{\"@context\":\"https:\/\/schema.org\",\"@graph\":[{\"@type\":\"WebPage\",\"@id\":\"https:\/\/sites.uef.fi\/ryhmienvalisia-suhteita-ja-paikallisia-kohtaamisia\/\",\"url\":\"https:\/\/sites.uef.fi\/ryhmienvalisia-suhteita-ja-paikallisia-kohtaamisia\/\",\"name\":\"Etusivu - Ryhmienv\u00e4lisi\u00e4 suhteita ja paikallisia kohtaamisia\",\"isPartOf\":{\"@id\":\"https:\/\/sites.uef.fi\/ryhmienvalisia-suhteita-ja-paikallisia-kohtaamisia\/#website\"},\"primaryImageOfPage\":{\"@id\":\"https:\/\/sites.uef.fi\/ryhmienvalisia-suhteita-ja-paikallisia-kohtaamisia\/#primaryimage\"},\"image\":{\"@id\":\"https:\/\/sites.uef.fi\/ryhmienvalisia-suhteita-ja-paikallisia-kohtaamisia\/#primaryimage\"},\"thumbnailUrl\":\"https:\/\/sites.uef.fi\/ryhmienvalisia-suhteita-ja-paikallisia-kohtaamisia\/wp-content\/uploads\/sites\/440\/2023\/12\/word_press-2.png\",\"datePublished\":\"2023-10-11T09:42:43+00:00\",\"dateModified\":\"2024-05-30T07:24:01+00:00\",\"breadcrumb\":{\"@id\":\"https:\/\/sites.uef.fi\/ryhmienvalisia-suhteita-ja-paikallisia-kohtaamisia\/#breadcrumb\"},\"inLanguage\":\"fi\",\"potentialAction\":[{\"@type\":\"ReadAction\",\"target\":[\"https:\/\/sites.uef.fi\/ryhmienvalisia-suhteita-ja-paikallisia-kohtaamisia\/\"]}]},{\"@type\":\"ImageObject\",\"inLanguage\":\"fi\",\"@id\":\"https:\/\/sites.uef.fi\/ryhmienvalisia-suhteita-ja-paikallisia-kohtaamisia\/#primaryimage\",\"url\":\"https:\/\/sites.uef.fi\/ryhmienvalisia-suhteita-ja-paikallisia-kohtaamisia\/wp-content\/uploads\/sites\/440\/2023\/12\/word_press-2.png\",\"contentUrl\":\"https:\/\/sites.uef.fi\/ryhmienvalisia-suhteita-ja-paikallisia-kohtaamisia\/wp-content\/uploads\/sites\/440\/2023\/12\/word_press-2.png\",\"width\":1900,\"height\":480},{\"@type\":\"BreadcrumbList\",\"@id\":\"https:\/\/sites.uef.fi\/ryhmienvalisia-suhteita-ja-paikallisia-kohtaamisia\/#breadcrumb\",\"itemListElement\":[{\"@type\":\"ListItem\",\"position\":1,\"name\":\"Home\",\"item\":\"https:\/\/sites.uef.fi\/ryhmienvalisia-suhteita-ja-paikallisia-kohtaamisia\/\"},{\"@type\":\"ListItem\",\"position\":2,\"name\":\"Etusivu\"}]},{\"@type\":\"WebSite\",\"@id\":\"https:\/\/sites.uef.fi\/ryhmienvalisia-suhteita-ja-paikallisia-kohtaamisia\/#website\",\"url\":\"https:\/\/sites.uef.fi\/ryhmienvalisia-suhteita-ja-paikallisia-kohtaamisia\/\",\"name\":\"Ryhmienv\u00e4lisi\u00e4 suhteita ja paikallisia kohtaamisia\",\"description\":\"Maahanmuuttajataustaisten ja suomalaisten nuorten mielikuvia toisistaan, el\u00e4m\u00e4st\u00e4\u00e4n ja tulevaisuudestaan monikulttuurisessa Savossa\",\"potentialAction\":[{\"@type\":\"SearchAction\",\"target\":{\"@type\":\"EntryPoint\",\"urlTemplate\":\"https:\/\/sites.uef.fi\/ryhmienvalisia-suhteita-ja-paikallisia-kohtaamisia\/?s={search_term_string}\"},\"query-input\":{\"@type\":\"PropertyValueSpecification\",\"valueRequired\":true,\"valueName\":\"search_term_string\"}}],\"inLanguage\":\"fi\"}]}<\/script>\n<!-- \/ Yoast SEO plugin. -->","yoast_head_json":{"title":"Etusivu - Ryhmienv\u00e4lisi\u00e4 suhteita ja paikallisia kohtaamisia","robots":{"index":"index","follow":"follow","max-snippet":"max-snippet:-1","max-image-preview":"max-image-preview:large","max-video-preview":"max-video-preview:-1"},"canonical":"https:\/\/sites.uef.fi\/ryhmienvalisia-suhteita-ja-paikallisia-kohtaamisia\/","og_locale":"fi_FI","og_type":"article","og_title":"Etusivu - Ryhmienv\u00e4lisi\u00e4 suhteita ja paikallisia kohtaamisia","og_description":"Ryhmienv\u00e4lisi\u00e4 suhteita ja paikallisia kohtaamisia &#8211; Maahanmuuttajataustaisten ja suomalaisten nuorten mielikuvia toisistaan, el\u00e4m\u00e4st\u00e4\u00e4n ja tulevaisuudestaan monikulttuurisessa Savossa Tervetuloa tutkimushankkeen kotisivuille! Sivustolla on kootusti tietoa tutkimushankkeen tavoitteista, ty\u00f6ryhm\u00e4st\u00e4 ja julkaisuista. Lis\u00e4ksi julkaisemme t\u00e4ll\u00e4 sivustolla nuorten taidety\u00f6pajojen teoksia virtuaalin\u00e4yttelyiss\u00e4. Virtuaalin\u00e4yttelyt ovat auki toukokuusta 2024 huhtikuuhun 2025. Tutkimuksen tausta Kansainv\u00e4lisen siirtolaisuuden maailmanlaajuinen kasvu ja pakolaisten m\u00e4\u00e4r\u00e4n lis\u00e4\u00e4ntyminen niin [&hellip;]","og_url":"https:\/\/sites.uef.fi\/ryhmienvalisia-suhteita-ja-paikallisia-kohtaamisia\/","og_site_name":"Ryhmienv\u00e4lisi\u00e4 suhteita ja paikallisia kohtaamisia","article_modified_time":"2024-05-30T07:24:01+00:00","og_image":[{"width":1900,"height":480,"url":"https:\/\/sites.uef.fi\/ryhmienvalisia-suhteita-ja-paikallisia-kohtaamisia\/wp-content\/uploads\/sites\/440\/2023\/12\/word_press-2.png","type":"image\/png"}],"twitter_card":"summary_large_image","twitter_misc":{"Arvioitu lukuaika":"3 minuuttia"},"schema":{"@context":"https:\/\/schema.org","@graph":[{"@type":"WebPage","@id":"https:\/\/sites.uef.fi\/ryhmienvalisia-suhteita-ja-paikallisia-kohtaamisia\/","url":"https:\/\/sites.uef.fi\/ryhmienvalisia-suhteita-ja-paikallisia-kohtaamisia\/","name":"Etusivu - Ryhmienv\u00e4lisi\u00e4 suhteita ja paikallisia kohtaamisia","isPartOf":{"@id":"https:\/\/sites.uef.fi\/ryhmienvalisia-suhteita-ja-paikallisia-kohtaamisia\/#website"},"primaryImageOfPage":{"@id":"https:\/\/sites.uef.fi\/ryhmienvalisia-suhteita-ja-paikallisia-kohtaamisia\/#primaryimage"},"image":{"@id":"https:\/\/sites.uef.fi\/ryhmienvalisia-suhteita-ja-paikallisia-kohtaamisia\/#primaryimage"},"thumbnailUrl":"https:\/\/sites.uef.fi\/ryhmienvalisia-suhteita-ja-paikallisia-kohtaamisia\/wp-content\/uploads\/sites\/440\/2023\/12\/word_press-2.png","datePublished":"2023-10-11T09:42:43+00:00","dateModified":"2024-05-30T07:24:01+00:00","breadcrumb":{"@id":"https:\/\/sites.uef.fi\/ryhmienvalisia-suhteita-ja-paikallisia-kohtaamisia\/#breadcrumb"},"inLanguage":"fi","potentialAction":[{"@type":"ReadAction","target":["https:\/\/sites.uef.fi\/ryhmienvalisia-suhteita-ja-paikallisia-kohtaamisia\/"]}]},{"@type":"ImageObject","inLanguage":"fi","@id":"https:\/\/sites.uef.fi\/ryhmienvalisia-suhteita-ja-paikallisia-kohtaamisia\/#primaryimage","url":"https:\/\/sites.uef.fi\/ryhmienvalisia-suhteita-ja-paikallisia-kohtaamisia\/wp-content\/uploads\/sites\/440\/2023\/12\/word_press-2.png","contentUrl":"https:\/\/sites.uef.fi\/ryhmienvalisia-suhteita-ja-paikallisia-kohtaamisia\/wp-content\/uploads\/sites\/440\/2023\/12\/word_press-2.png","width":1900,"height":480},{"@type":"BreadcrumbList","@id":"https:\/\/sites.uef.fi\/ryhmienvalisia-suhteita-ja-paikallisia-kohtaamisia\/#breadcrumb","itemListElement":[{"@type":"ListItem","position":1,"name":"Home","item":"https:\/\/sites.uef.fi\/ryhmienvalisia-suhteita-ja-paikallisia-kohtaamisia\/"},{"@type":"ListItem","position":2,"name":"Etusivu"}]},{"@type":"WebSite","@id":"https:\/\/sites.uef.fi\/ryhmienvalisia-suhteita-ja-paikallisia-kohtaamisia\/#website","url":"https:\/\/sites.uef.fi\/ryhmienvalisia-suhteita-ja-paikallisia-kohtaamisia\/","name":"Ryhmienv\u00e4lisi\u00e4 suhteita ja paikallisia kohtaamisia","description":"Maahanmuuttajataustaisten ja suomalaisten nuorten mielikuvia toisistaan, el\u00e4m\u00e4st\u00e4\u00e4n ja tulevaisuudestaan monikulttuurisessa Savossa","potentialAction":[{"@type":"SearchAction","target":{"@type":"EntryPoint","urlTemplate":"https:\/\/sites.uef.fi\/ryhmienvalisia-suhteita-ja-paikallisia-kohtaamisia\/?s={search_term_string}"},"query-input":{"@type":"PropertyValueSpecification","valueRequired":true,"valueName":"search_term_string"}}],"inLanguage":"fi"}]}},"_links":{"self":[{"href":"https:\/\/sites.uef.fi\/ryhmienvalisia-suhteita-ja-paikallisia-kohtaamisia\/wp-json\/wp\/v2\/pages\/229","targetHints":{"allow":["GET"]}}],"collection":[{"href":"https:\/\/sites.uef.fi\/ryhmienvalisia-suhteita-ja-paikallisia-kohtaamisia\/wp-json\/wp\/v2\/pages"}],"about":[{"href":"https:\/\/sites.uef.fi\/ryhmienvalisia-suhteita-ja-paikallisia-kohtaamisia\/wp-json\/wp\/v2\/types\/page"}],"author":[{"embeddable":true,"href":"https:\/\/sites.uef.fi\/ryhmienvalisia-suhteita-ja-paikallisia-kohtaamisia\/wp-json\/wp\/v2\/users\/2"}],"replies":[{"embeddable":true,"href":"https:\/\/sites.uef.fi\/ryhmienvalisia-suhteita-ja-paikallisia-kohtaamisia\/wp-json\/wp\/v2\/comments?post=229"}],"version-history":[{"count":2,"href":"https:\/\/sites.uef.fi\/ryhmienvalisia-suhteita-ja-paikallisia-kohtaamisia\/wp-json\/wp\/v2\/pages\/229\/revisions"}],"predecessor-version":[{"id":1707,"href":"https:\/\/sites.uef.fi\/ryhmienvalisia-suhteita-ja-paikallisia-kohtaamisia\/wp-json\/wp\/v2\/pages\/229\/revisions\/1707"}],"wp:featuredmedia":[{"embeddable":true,"href":"https:\/\/sites.uef.fi\/ryhmienvalisia-suhteita-ja-paikallisia-kohtaamisia\/wp-json\/wp\/v2\/media\/480"}],"wp:attachment":[{"href":"https:\/\/sites.uef.fi\/ryhmienvalisia-suhteita-ja-paikallisia-kohtaamisia\/wp-json\/wp\/v2\/media?parent=229"}],"curies":[{"name":"wp","href":"https:\/\/api.w.org\/{rel}","templated":true}]}}