{"id":681,"date":"2024-04-12T13:14:30","date_gmt":"2024-04-12T10:14:30","guid":{"rendered":"https:\/\/sites.uef.fi\/ryhmienvalisia-suhteita-ja-paikallisia-kohtaamisia\/?page_id=681"},"modified":"2026-03-25T14:21:17","modified_gmt":"2026-03-25T11:21:17","slug":"julkaisut","status":"publish","type":"page","link":"https:\/\/sites.uef.fi\/ryhmienvalisia-suhteita-ja-paikallisia-kohtaamisia\/julkaisut\/","title":{"rendered":"Julkaisut"},"content":{"rendered":"\n<p>Hankkeessa julkaistu tutkimus listataan t\u00e4lle sivulle.<\/p>\n\n\n\n<p>P\u00e4\u00e4set seuraamaan hankeen viimeaikaisia kuulumisia my\u00f6s <a href=\"https:\/\/uefconnect.uef.fi\/tutkimusryhma\/ryhmienvalisia-suhteita-ja-paikallisia-kohtaamisia-\u2013-maahanmuuttajataustaisten-ja-suomalaisten-nuorten-mielikuvia-toisistaan-elamastaan-ja-tulevaisuudestaan-monikulttuurisessa-savossa\/\">UEFConnect-sivustolta<\/a>.<br><\/p>\n\n\n\n<p>De Paola, J., Martikainen, J., Farahani, H., L\u00f6tj\u00f6nen, K. &amp; Rovamo, H. (2026). Drawn futures: How Finland&#8217;s diverse youth visualise tomorrow. <em>Journal of community &amp; applied social psychology, 36<\/em>(2), 1-14. <a href=\"https:\/\/doi.org\/10.1002%2Fcasp.70253\" target=\"_blank\" rel=\"noreferrer noopener\">https:\/\/doi.org\/10.1002\/casp.70253<\/a><\/p>\n\n\n\n<p>L\u00f6tj\u00f6nen, K., Farahani, H., Martikainen, J. &amp; Nissinen, M. (2025). Intergroup relations and dynamics of (dis)integration between youth with immigrant and non-immigrant origins: A scoping review. <em>Frontiers in Psychology, 16<\/em>(1), 1-16. <a href=\"https:\/\/doi.org\/10.3389\/fpsyg.2025.1681385\">https:\/\/doi.org\/10.3389\/fpsyg.2025.1681385<\/a><\/p>\n\n\n\n<p>Martikainen, J. (2025). Drawing as an arts-based methods for researching sensitive topics. Teoksessa P. Liamputtong (toim.), Handbook of sensitive research in the social sciences (s. 132\u2013146). Edward Elgar.<\/p>\n","protected":false},"excerpt":{"rendered":"<p>Hankkeessa julkaistu tutkimus listataan t\u00e4lle sivulle. P\u00e4\u00e4set seuraamaan hankeen viimeaikaisia kuulumisia my\u00f6s UEFConnect-sivustolta. De Paola, J., Martikainen, J., Farahani, H., L\u00f6tj\u00f6nen, K. &amp; Rovamo, H. (2026). Drawn futures: How Finland&#8217;s diverse youth visualise tomorrow. Journal of community &amp; applied social psychology, 36(2), 1-14. https:\/\/doi.org\/10.1002\/casp.70253 L\u00f6tj\u00f6nen, K., Farahani, H., Martikainen, J. &amp; Nissinen, M. (2025). Intergroup [&hellip;]<\/p>\n","protected":false},"author":304,"featured_media":0,"parent":0,"menu_order":0,"comment_status":"closed","ping_status":"closed","template":"","meta":{"_acf_changed":false,"footnotes":""},"class_list":["post-681","page","type-page","status-publish","hentry"],"acf":[],"yoast_head":"<!-- This site is optimized with the Yoast SEO plugin v27.1.1 - https:\/\/yoast.com\/product\/yoast-seo-wordpress\/ -->\n<title>Julkaisut - Ryhmienv\u00e4lisi\u00e4 suhteita ja paikallisia kohtaamisia<\/title>\n<meta name=\"robots\" content=\"index, follow, max-snippet:-1, max-image-preview:large, max-video-preview:-1\" \/>\n<link rel=\"canonical\" href=\"https:\/\/sites.uef.fi\/ryhmienvalisia-suhteita-ja-paikallisia-kohtaamisia\/julkaisut\/\" \/>\n<meta property=\"og:locale\" content=\"fi_FI\" \/>\n<meta property=\"og:type\" content=\"article\" \/>\n<meta property=\"og:title\" content=\"Julkaisut - Ryhmienv\u00e4lisi\u00e4 suhteita ja paikallisia kohtaamisia\" \/>\n<meta property=\"og:description\" content=\"Hankkeessa julkaistu tutkimus listataan t\u00e4lle sivulle. P\u00e4\u00e4set seuraamaan hankeen viimeaikaisia kuulumisia my\u00f6s UEFConnect-sivustolta. De Paola, J., Martikainen, J., Farahani, H., L\u00f6tj\u00f6nen, K. &amp; Rovamo, H. (2026). Drawn futures: How Finland&#8217;s diverse youth visualise tomorrow. Journal of community &amp; applied social psychology, 36(2), 1-14. https:\/\/doi.org\/10.1002\/casp.70253 L\u00f6tj\u00f6nen, K., Farahani, H., Martikainen, J. &amp; Nissinen, M. (2025). Intergroup [&hellip;]\" \/>\n<meta property=\"og:url\" content=\"https:\/\/sites.uef.fi\/ryhmienvalisia-suhteita-ja-paikallisia-kohtaamisia\/julkaisut\/\" \/>\n<meta property=\"og:site_name\" content=\"Ryhmienv\u00e4lisi\u00e4 suhteita ja paikallisia kohtaamisia\" \/>\n<meta property=\"article:modified_time\" content=\"2026-03-25T11:21:17+00:00\" \/>\n<meta name=\"twitter:card\" content=\"summary_large_image\" \/>\n<meta name=\"twitter:label1\" content=\"Arvioitu lukuaika\" \/>\n\t<meta name=\"twitter:data1\" content=\"1 minuutti\" \/>\n<script type=\"application\/ld+json\" class=\"yoast-schema-graph\">{\"@context\":\"https:\/\/schema.org\",\"@graph\":[{\"@type\":\"WebPage\",\"@id\":\"https:\/\/sites.uef.fi\/ryhmienvalisia-suhteita-ja-paikallisia-kohtaamisia\/julkaisut\/\",\"url\":\"https:\/\/sites.uef.fi\/ryhmienvalisia-suhteita-ja-paikallisia-kohtaamisia\/julkaisut\/\",\"name\":\"Julkaisut - Ryhmienv\u00e4lisi\u00e4 suhteita ja paikallisia kohtaamisia\",\"isPartOf\":{\"@id\":\"https:\/\/sites.uef.fi\/ryhmienvalisia-suhteita-ja-paikallisia-kohtaamisia\/#website\"},\"datePublished\":\"2024-04-12T10:14:30+00:00\",\"dateModified\":\"2026-03-25T11:21:17+00:00\",\"breadcrumb\":{\"@id\":\"https:\/\/sites.uef.fi\/ryhmienvalisia-suhteita-ja-paikallisia-kohtaamisia\/julkaisut\/#breadcrumb\"},\"inLanguage\":\"fi\",\"potentialAction\":[{\"@type\":\"ReadAction\",\"target\":[\"https:\/\/sites.uef.fi\/ryhmienvalisia-suhteita-ja-paikallisia-kohtaamisia\/julkaisut\/\"]}]},{\"@type\":\"BreadcrumbList\",\"@id\":\"https:\/\/sites.uef.fi\/ryhmienvalisia-suhteita-ja-paikallisia-kohtaamisia\/julkaisut\/#breadcrumb\",\"itemListElement\":[{\"@type\":\"ListItem\",\"position\":1,\"name\":\"Home\",\"item\":\"https:\/\/sites.uef.fi\/ryhmienvalisia-suhteita-ja-paikallisia-kohtaamisia\/\"},{\"@type\":\"ListItem\",\"position\":2,\"name\":\"Julkaisut\"}]},{\"@type\":\"WebSite\",\"@id\":\"https:\/\/sites.uef.fi\/ryhmienvalisia-suhteita-ja-paikallisia-kohtaamisia\/#website\",\"url\":\"https:\/\/sites.uef.fi\/ryhmienvalisia-suhteita-ja-paikallisia-kohtaamisia\/\",\"name\":\"Ryhmienv\u00e4lisi\u00e4 suhteita ja paikallisia kohtaamisia\",\"description\":\"Maahanmuuttajataustaisten ja suomalaisten nuorten mielikuvia toisistaan, el\u00e4m\u00e4st\u00e4\u00e4n ja tulevaisuudestaan monikulttuurisessa Savossa\",\"potentialAction\":[{\"@type\":\"SearchAction\",\"target\":{\"@type\":\"EntryPoint\",\"urlTemplate\":\"https:\/\/sites.uef.fi\/ryhmienvalisia-suhteita-ja-paikallisia-kohtaamisia\/?s={search_term_string}\"},\"query-input\":{\"@type\":\"PropertyValueSpecification\",\"valueRequired\":true,\"valueName\":\"search_term_string\"}}],\"inLanguage\":\"fi\"}]}<\/script>\n<!-- \/ Yoast SEO plugin. -->","yoast_head_json":{"title":"Julkaisut - Ryhmienv\u00e4lisi\u00e4 suhteita ja paikallisia kohtaamisia","robots":{"index":"index","follow":"follow","max-snippet":"max-snippet:-1","max-image-preview":"max-image-preview:large","max-video-preview":"max-video-preview:-1"},"canonical":"https:\/\/sites.uef.fi\/ryhmienvalisia-suhteita-ja-paikallisia-kohtaamisia\/julkaisut\/","og_locale":"fi_FI","og_type":"article","og_title":"Julkaisut - Ryhmienv\u00e4lisi\u00e4 suhteita ja paikallisia kohtaamisia","og_description":"Hankkeessa julkaistu tutkimus listataan t\u00e4lle sivulle. P\u00e4\u00e4set seuraamaan hankeen viimeaikaisia kuulumisia my\u00f6s UEFConnect-sivustolta. De Paola, J., Martikainen, J., Farahani, H., L\u00f6tj\u00f6nen, K. &amp; Rovamo, H. (2026). Drawn futures: How Finland&#8217;s diverse youth visualise tomorrow. Journal of community &amp; applied social psychology, 36(2), 1-14. https:\/\/doi.org\/10.1002\/casp.70253 L\u00f6tj\u00f6nen, K., Farahani, H., Martikainen, J. &amp; Nissinen, M. (2025). Intergroup [&hellip;]","og_url":"https:\/\/sites.uef.fi\/ryhmienvalisia-suhteita-ja-paikallisia-kohtaamisia\/julkaisut\/","og_site_name":"Ryhmienv\u00e4lisi\u00e4 suhteita ja paikallisia kohtaamisia","article_modified_time":"2026-03-25T11:21:17+00:00","twitter_card":"summary_large_image","twitter_misc":{"Arvioitu lukuaika":"1 minuutti"},"schema":{"@context":"https:\/\/schema.org","@graph":[{"@type":"WebPage","@id":"https:\/\/sites.uef.fi\/ryhmienvalisia-suhteita-ja-paikallisia-kohtaamisia\/julkaisut\/","url":"https:\/\/sites.uef.fi\/ryhmienvalisia-suhteita-ja-paikallisia-kohtaamisia\/julkaisut\/","name":"Julkaisut - Ryhmienv\u00e4lisi\u00e4 suhteita ja paikallisia kohtaamisia","isPartOf":{"@id":"https:\/\/sites.uef.fi\/ryhmienvalisia-suhteita-ja-paikallisia-kohtaamisia\/#website"},"datePublished":"2024-04-12T10:14:30+00:00","dateModified":"2026-03-25T11:21:17+00:00","breadcrumb":{"@id":"https:\/\/sites.uef.fi\/ryhmienvalisia-suhteita-ja-paikallisia-kohtaamisia\/julkaisut\/#breadcrumb"},"inLanguage":"fi","potentialAction":[{"@type":"ReadAction","target":["https:\/\/sites.uef.fi\/ryhmienvalisia-suhteita-ja-paikallisia-kohtaamisia\/julkaisut\/"]}]},{"@type":"BreadcrumbList","@id":"https:\/\/sites.uef.fi\/ryhmienvalisia-suhteita-ja-paikallisia-kohtaamisia\/julkaisut\/#breadcrumb","itemListElement":[{"@type":"ListItem","position":1,"name":"Home","item":"https:\/\/sites.uef.fi\/ryhmienvalisia-suhteita-ja-paikallisia-kohtaamisia\/"},{"@type":"ListItem","position":2,"name":"Julkaisut"}]},{"@type":"WebSite","@id":"https:\/\/sites.uef.fi\/ryhmienvalisia-suhteita-ja-paikallisia-kohtaamisia\/#website","url":"https:\/\/sites.uef.fi\/ryhmienvalisia-suhteita-ja-paikallisia-kohtaamisia\/","name":"Ryhmienv\u00e4lisi\u00e4 suhteita ja paikallisia kohtaamisia","description":"Maahanmuuttajataustaisten ja suomalaisten nuorten mielikuvia toisistaan, el\u00e4m\u00e4st\u00e4\u00e4n ja tulevaisuudestaan monikulttuurisessa Savossa","potentialAction":[{"@type":"SearchAction","target":{"@type":"EntryPoint","urlTemplate":"https:\/\/sites.uef.fi\/ryhmienvalisia-suhteita-ja-paikallisia-kohtaamisia\/?s={search_term_string}"},"query-input":{"@type":"PropertyValueSpecification","valueRequired":true,"valueName":"search_term_string"}}],"inLanguage":"fi"}]}},"_links":{"self":[{"href":"https:\/\/sites.uef.fi\/ryhmienvalisia-suhteita-ja-paikallisia-kohtaamisia\/wp-json\/wp\/v2\/pages\/681","targetHints":{"allow":["GET"]}}],"collection":[{"href":"https:\/\/sites.uef.fi\/ryhmienvalisia-suhteita-ja-paikallisia-kohtaamisia\/wp-json\/wp\/v2\/pages"}],"about":[{"href":"https:\/\/sites.uef.fi\/ryhmienvalisia-suhteita-ja-paikallisia-kohtaamisia\/wp-json\/wp\/v2\/types\/page"}],"author":[{"embeddable":true,"href":"https:\/\/sites.uef.fi\/ryhmienvalisia-suhteita-ja-paikallisia-kohtaamisia\/wp-json\/wp\/v2\/users\/304"}],"replies":[{"embeddable":true,"href":"https:\/\/sites.uef.fi\/ryhmienvalisia-suhteita-ja-paikallisia-kohtaamisia\/wp-json\/wp\/v2\/comments?post=681"}],"version-history":[{"count":1,"href":"https:\/\/sites.uef.fi\/ryhmienvalisia-suhteita-ja-paikallisia-kohtaamisia\/wp-json\/wp\/v2\/pages\/681\/revisions"}],"predecessor-version":[{"id":1824,"href":"https:\/\/sites.uef.fi\/ryhmienvalisia-suhteita-ja-paikallisia-kohtaamisia\/wp-json\/wp\/v2\/pages\/681\/revisions\/1824"}],"wp:attachment":[{"href":"https:\/\/sites.uef.fi\/ryhmienvalisia-suhteita-ja-paikallisia-kohtaamisia\/wp-json\/wp\/v2\/media?parent=681"}],"curies":[{"name":"wp","href":"https:\/\/api.w.org\/{rel}","templated":true}]}}