{"id":30,"date":"2020-06-12T05:55:04","date_gmt":"2020-06-12T05:55:04","guid":{"rendered":"https:\/\/sites.uef.fi\/savilahdennneuroseura\/?page_id=30"},"modified":"2026-03-30T14:15:41","modified_gmt":"2026-03-30T11:15:41","slug":"etusivu","status":"publish","type":"page","link":"https:\/\/sites.uef.fi\/savilahdenneuroseura\/","title":{"rendered":"Etusivu"},"content":{"rendered":"\n<h1 class=\"wp-block-heading\"><img loading=\"lazy\" decoding=\"async\" class=\"alignnone wp-image-138 size-medium\" src=\"https:\/\/sites.uef.fi\/savilahdenneuroseura\/wp-content\/uploads\/sites\/96\/2021\/03\/sns-littea-300x112.png\" alt=\"Neuroseuran logo - grafiikkaa ja seuran nimi.\" width=\"300\" height=\"112\" srcset=\"https:\/\/sites.uef.fi\/savilahdenneuroseura\/wp-content\/uploads\/sites\/96\/2021\/03\/sns-littea-300x112.png 300w, https:\/\/sites.uef.fi\/savilahdenneuroseura\/wp-content\/uploads\/sites\/96\/2021\/03\/sns-littea-768x287.png 768w, https:\/\/sites.uef.fi\/savilahdenneuroseura\/wp-content\/uploads\/sites\/96\/2021\/03\/sns-littea.png 1012w\" sizes=\"auto, (max-width: 300px) 100vw, 300px\" \/><\/h1>\n\n\n\n<h1 class=\"wp-block-heading\"><em>&#8230;meille kaikille !<\/em><\/h1>\n\n\n\n<ul class=\"wp-block-list\">\n<li><a href=\"https:\/\/sites.uef.fi\/savilahdenneuroseura\/wp-content\/uploads\/sites\/96\/2021\/10\/Savilahden-Neuroseuran-rekrykirje-1.10.2021.pdf\" rel=\"noopener noreferrer\">Rekrykirje tuleville SNS-j\u00e4senille &#8211; pdf<\/a><\/li>\n\n\n\n<li><a href=\"https:\/\/sites.uef.fi\/savilahdenneuroseura\/wp-content\/uploads\/sites\/96\/2020\/09\/Tiedote-SNS-j\u00e4senille-2020.pdf\" rel=\"noopener noreferrer\">Tiedote nykyisille SNS-j\u00e4senille &#8211; pdf<\/a><\/li>\n<\/ul>\n\n\n\n<h2 class=\"wp-block-heading\">Tulevia tapahtumia<\/h2>\n\n\n\n<p><\/p>\n\n\n\n<ul class=\"wp-block-list\">\n<li>Vuosikokous 30.03.2026. Kutsu on l\u00e4hetetty SNS j\u00e4senille. <\/li>\n\n\n\n<li>Kev\u00e4tkoulutus 05.06.2026: Terveystaloustieteen n\u00e4k\u00f6kulmia neurologisten sairauksien hoitoon ja p\u00e4\u00e4t\u00f6ksentekoon.<a href=\"https:\/\/sites.uef.fi\/savilahdenneuroseura\/wp-content\/uploads\/sites\/96\/2026\/03\/Terveystaloustiede-05.06.2026.pdf\">https:\/\/sites.uef.fi\/savilahdenneuroseura\/wp-content\/uploads\/sites\/96\/2026\/03\/Terveystaloustiede-05.06.2026.pdf<\/a><\/li>\n\n\n\n<li>Kallavesiristeily Queen R klo 17.00. <a href=\"https:\/\/sites.uef.fi\/savilahdenneuroseura\/wp-content\/uploads\/sites\/96\/2026\/03\/Risteily-kutsu.pdf\">https:\/\/sites.uef.fi\/savilahdenneuroseura\/wp-content\/uploads\/sites\/96\/2026\/03\/Risteily-kutsu.pdf<\/a><\/li>\n\n\n\n<li>27.11.2026 Savilahden Neuroseura ry:n koulutus ja pikkujoulut, hotelli Puijonsarvessa. Koulutus on aihepiirist\u00e4 Aivot &amp; Ravitsemus. <\/li>\n<\/ul>\n\n\n\n<h2 class=\"wp-block-heading\">Seurastamme<\/h2>\n\n\n\n<p>Savilahden Neuroseura ry. (SNS) on vuonna 2018 perustettu yhdistys neurologian, neurokirurgian ja aivotutkimuksen alalla ty\u00f6skenteleville l\u00e4\u00e4k\u00e4reille, hoitajille, tutkijoille, asiantuntijoille ja muulle henkil\u00f6kunnalle. Meille kaikille!<\/p>\n\n\n\n<p>SNS:n tavoitteena on edist\u00e4\u00e4 neuroalan yleisi\u00e4 ja yhteisi\u00e4 ammatinharjoittamiseen liittyvi\u00e4 etuja, edist\u00e4\u00e4 j\u00e4sentens\u00e4 v\u00e4list\u00e4 yhteistoimintaa ja parantaa alan yleisi\u00e4 toimintaedellytyksi\u00e4, edist\u00e4\u00e4 terveyden- ja sairaanhoitoa, sek\u00e4 aivosairauksien tieteellist\u00e4 ja k\u00e4yt\u00e4nn\u00f6llist\u00e4 kehityst\u00e4.<\/p>\n\n\n\n<p>Tavoitteisiin p\u00e4\u00e4st\u00e4\u00e4n muun muassa j\u00e4rjest\u00e4m\u00e4ll\u00e4 yhteisty\u00f6ss\u00e4 KYS Neurokeskuksen, PSHVAn-alueen Neurologian yksik\u00f6iden ja Savilahden kampuksen neuroalojen yhteisty\u00f6kumppaneiden kanssa koulutus- ja virkist\u00e4ytymistilaisuuksia. Tavoitteenamme on j\u00e4rjest\u00e4\u00e4 vuosittain kev\u00e4t- ja syyskoulutus sek\u00e4 iltatilaisuuksia, jotka pyrit\u00e4\u00e4n pit\u00e4m\u00e4\u00e4n maksuttomana j\u00e4senille.<\/p>\n\n\n\n<p>Pyrimme tukemaan v\u00e4it\u00f6skirjaty\u00f6ntekij\u00f6it\u00e4 my\u00f6nt\u00e4m\u00e4ll\u00e4 hakemuksesta kaksi 500 euron apurahaa vuosittain v\u00e4it\u00f6skirjan viimeistelyyn. Ehtona on, ett\u00e4 tekee v\u00e4it\u00f6stutkimusta neuroalalla, v\u00e4it\u00f6skirjatutkimus on loppuvaiheessa ja opiskelija tarvittaessa pystyy pit\u00e4m\u00e4\u00e4n lyhyen esityksen SNS:n tapahtumassa. Opiskelijan tulee olla my\u00f6s SNS:n j\u00e4sen.<\/p>\n\n\n\n<p>Apurahan hakuajat ovat 1. 5. ja 1.10. menness\u00e4 vuosittain. Lis\u00e4tietoja saat sihteerilt\u00e4.<\/p>\n\n\n\n<p>Yst\u00e4v\u00e4llisin terveisin,<\/p>\n\n\n\n<p>Ville Leinonen,&nbsp; SNS puheenjohtaja<br>Virve K\u00e4rkk\u00e4inen, SNS sihteeri, virve.karkkainen (at) pshyvinvointialue.fi<\/p>\n\n\n\n<h2 class=\"wp-block-heading\">Tervetuloa mukaan j\u00e4seneksi !<\/h2>\n\n\n\n<p>Yhdistyksen j\u00e4seneksi voi liitty\u00e4 maksamalla kuluvan kauden j\u00e4senmaksun 20 \u20ac. Uudet j\u00e4senet voivat ilmoittaa s\u00e4hk\u00f6postiosoitteensa sihteerille jos s\u00e4hk\u00f6postiosoite on joku muu kuin pshyvinvointialue.fi. P\u00e4ivit\u00e4mme j\u00e4senluetteloa ennen iltatilaisuuksia. <\/p>\n\n\n\n<p>Iltatapahtumiin osallistuminen edellytt\u00e4\u00e4 aina SNS j\u00e4senyytt\u00e4. Ennen kuin ilmoittaudut iltatapahtumaan tarkista itse oletko maksanut j\u00e4senmaksun. <br>FI93 5600 0520 6463 35. Viitenumero 125026 (kaudelle 1.4.2026-31.3.2027)<\/p>\n\n\n\n<figure class=\"wp-block-image\"><img loading=\"lazy\" decoding=\"async\" width=\"300\" height=\"159\" src=\"https:\/\/sites.uef.fi\/savilahdenneuroseura\/wp-content\/uploads\/sites\/96\/2020\/09\/RIsteily-1-wide-300x159.jpg\" alt=\"\" class=\"wp-image-70\" srcset=\"https:\/\/sites.uef.fi\/savilahdenneuroseura\/wp-content\/uploads\/sites\/96\/2020\/09\/RIsteily-1-wide-300x159.jpg 300w, https:\/\/sites.uef.fi\/savilahdenneuroseura\/wp-content\/uploads\/sites\/96\/2020\/09\/RIsteily-1-wide-1024x542.jpg 1024w, https:\/\/sites.uef.fi\/savilahdenneuroseura\/wp-content\/uploads\/sites\/96\/2020\/09\/RIsteily-1-wide-768x406.jpg 768w, https:\/\/sites.uef.fi\/savilahdenneuroseura\/wp-content\/uploads\/sites\/96\/2020\/09\/RIsteily-1-wide.jpg 1300w\" sizes=\"auto, (max-width: 300px) 100vw, 300px\" \/><\/figure>\n","protected":false},"excerpt":{"rendered":"<p>&#8230;meille kaikille ! Tulevia tapahtumia Seurastamme Savilahden Neuroseura ry. (SNS) on vuonna 2018 perustettu yhdistys neurologian, neurokirurgian ja aivotutkimuksen alalla ty\u00f6skenteleville l\u00e4\u00e4k\u00e4reille, hoitajille, tutkijoille, asiantuntijoille ja muulle henkil\u00f6kunnalle. Meille kaikille! SNS:n tavoitteena on edist\u00e4\u00e4 neuroalan yleisi\u00e4 ja yhteisi\u00e4 ammatinharjoittamiseen liittyvi\u00e4 etuja, edist\u00e4\u00e4 j\u00e4sentens\u00e4 v\u00e4list\u00e4 yhteistoimintaa ja parantaa alan yleisi\u00e4 toimintaedellytyksi\u00e4, edist\u00e4\u00e4 terveyden- ja sairaanhoitoa, sek\u00e4 [&hellip;]<\/p>\n","protected":false},"author":2,"featured_media":0,"parent":0,"menu_order":0,"comment_status":"closed","ping_status":"closed","template":"","meta":{"_acf_changed":false,"_monsterinsights_skip_tracking":false,"_monsterinsights_sitenote_active":false,"_monsterinsights_sitenote_note":"","_monsterinsights_sitenote_category":0,"footnotes":""},"class_list":["post-30","page","type-page","status-publish","hentry"],"acf":[],"yoast_head":"<!-- This site is optimized with the Yoast SEO plugin v27.1.1 - https:\/\/yoast.com\/product\/yoast-seo-wordpress\/ -->\n<title>Etusivu - Savilahden Neuroseura<\/title>\n<meta name=\"robots\" content=\"index, follow, max-snippet:-1, max-image-preview:large, max-video-preview:-1\" \/>\n<link rel=\"canonical\" href=\"https:\/\/sites.uef.fi\/savilahdenneuroseura\/\" \/>\n<meta property=\"og:locale\" content=\"fi_FI\" \/>\n<meta property=\"og:type\" content=\"article\" \/>\n<meta property=\"og:title\" content=\"Etusivu - Savilahden Neuroseura\" \/>\n<meta property=\"og:description\" content=\"&#8230;meille kaikille ! Tulevia tapahtumia Seurastamme Savilahden Neuroseura ry. (SNS) on vuonna 2018 perustettu yhdistys neurologian, neurokirurgian ja aivotutkimuksen alalla ty\u00f6skenteleville l\u00e4\u00e4k\u00e4reille, hoitajille, tutkijoille, asiantuntijoille ja muulle henkil\u00f6kunnalle. Meille kaikille! SNS:n tavoitteena on edist\u00e4\u00e4 neuroalan yleisi\u00e4 ja yhteisi\u00e4 ammatinharjoittamiseen liittyvi\u00e4 etuja, edist\u00e4\u00e4 j\u00e4sentens\u00e4 v\u00e4list\u00e4 yhteistoimintaa ja parantaa alan yleisi\u00e4 toimintaedellytyksi\u00e4, edist\u00e4\u00e4 terveyden- ja sairaanhoitoa, sek\u00e4 [&hellip;]\" \/>\n<meta property=\"og:url\" content=\"https:\/\/sites.uef.fi\/savilahdenneuroseura\/\" \/>\n<meta property=\"og:site_name\" content=\"Savilahden Neuroseura\" \/>\n<meta property=\"article:modified_time\" content=\"2026-03-30T11:15:41+00:00\" \/>\n<meta property=\"og:image\" content=\"https:\/\/sites.uef.fi\/savilahdenneuroseura\/wp-content\/uploads\/sites\/96\/2021\/03\/sns-littea.png\" \/>\n\t<meta property=\"og:image:width\" content=\"1012\" \/>\n\t<meta property=\"og:image:height\" content=\"378\" \/>\n\t<meta property=\"og:image:type\" content=\"image\/png\" \/>\n<meta name=\"twitter:card\" content=\"summary_large_image\" \/>\n<meta name=\"twitter:label1\" content=\"Arvioitu lukuaika\" \/>\n\t<meta name=\"twitter:data1\" content=\"2 minuuttia\" \/>\n<script type=\"application\/ld+json\" class=\"yoast-schema-graph\">{\"@context\":\"https:\/\/schema.org\",\"@graph\":[{\"@type\":\"WebPage\",\"@id\":\"https:\/\/sites.uef.fi\/savilahdenneuroseura\/\",\"url\":\"https:\/\/sites.uef.fi\/savilahdenneuroseura\/\",\"name\":\"Etusivu - Savilahden Neuroseura\",\"isPartOf\":{\"@id\":\"https:\/\/sites.uef.fi\/savilahdenneuroseura\/#website\"},\"primaryImageOfPage\":{\"@id\":\"https:\/\/sites.uef.fi\/savilahdenneuroseura\/#primaryimage\"},\"image\":{\"@id\":\"https:\/\/sites.uef.fi\/savilahdenneuroseura\/#primaryimage\"},\"thumbnailUrl\":\"https:\/\/sites.uef.fi\/savilahdenneuroseura\/wp-content\/uploads\/sites\/96\/2021\/03\/sns-littea-300x112.png\",\"datePublished\":\"2020-06-12T05:55:04+00:00\",\"dateModified\":\"2026-03-30T11:15:41+00:00\",\"breadcrumb\":{\"@id\":\"https:\/\/sites.uef.fi\/savilahdenneuroseura\/#breadcrumb\"},\"inLanguage\":\"fi\",\"potentialAction\":[{\"@type\":\"ReadAction\",\"target\":[\"https:\/\/sites.uef.fi\/savilahdenneuroseura\/\"]}]},{\"@type\":\"ImageObject\",\"inLanguage\":\"fi\",\"@id\":\"https:\/\/sites.uef.fi\/savilahdenneuroseura\/#primaryimage\",\"url\":\"https:\/\/sites.uef.fi\/savilahdenneuroseura\/wp-content\/uploads\/sites\/96\/2021\/03\/sns-littea.png\",\"contentUrl\":\"https:\/\/sites.uef.fi\/savilahdenneuroseura\/wp-content\/uploads\/sites\/96\/2021\/03\/sns-littea.png\",\"width\":1012,\"height\":378},{\"@type\":\"BreadcrumbList\",\"@id\":\"https:\/\/sites.uef.fi\/savilahdenneuroseura\/#breadcrumb\",\"itemListElement\":[{\"@type\":\"ListItem\",\"position\":1,\"name\":\"Home\",\"item\":\"https:\/\/sites.uef.fi\/savilahdenneuroseura\/\"},{\"@type\":\"ListItem\",\"position\":2,\"name\":\"Etusivu\"}]},{\"@type\":\"WebSite\",\"@id\":\"https:\/\/sites.uef.fi\/savilahdenneuroseura\/#website\",\"url\":\"https:\/\/sites.uef.fi\/savilahdenneuroseura\/\",\"name\":\"Savilahden Neuroseura\",\"description\":\"\",\"potentialAction\":[{\"@type\":\"SearchAction\",\"target\":{\"@type\":\"EntryPoint\",\"urlTemplate\":\"https:\/\/sites.uef.fi\/savilahdenneuroseura\/?s={search_term_string}\"},\"query-input\":{\"@type\":\"PropertyValueSpecification\",\"valueRequired\":true,\"valueName\":\"search_term_string\"}}],\"inLanguage\":\"fi\"}]}<\/script>\n<!-- \/ Yoast SEO plugin. -->","yoast_head_json":{"title":"Etusivu - Savilahden Neuroseura","robots":{"index":"index","follow":"follow","max-snippet":"max-snippet:-1","max-image-preview":"max-image-preview:large","max-video-preview":"max-video-preview:-1"},"canonical":"https:\/\/sites.uef.fi\/savilahdenneuroseura\/","og_locale":"fi_FI","og_type":"article","og_title":"Etusivu - Savilahden Neuroseura","og_description":"&#8230;meille kaikille ! Tulevia tapahtumia Seurastamme Savilahden Neuroseura ry. (SNS) on vuonna 2018 perustettu yhdistys neurologian, neurokirurgian ja aivotutkimuksen alalla ty\u00f6skenteleville l\u00e4\u00e4k\u00e4reille, hoitajille, tutkijoille, asiantuntijoille ja muulle henkil\u00f6kunnalle. Meille kaikille! SNS:n tavoitteena on edist\u00e4\u00e4 neuroalan yleisi\u00e4 ja yhteisi\u00e4 ammatinharjoittamiseen liittyvi\u00e4 etuja, edist\u00e4\u00e4 j\u00e4sentens\u00e4 v\u00e4list\u00e4 yhteistoimintaa ja parantaa alan yleisi\u00e4 toimintaedellytyksi\u00e4, edist\u00e4\u00e4 terveyden- ja sairaanhoitoa, sek\u00e4 [&hellip;]","og_url":"https:\/\/sites.uef.fi\/savilahdenneuroseura\/","og_site_name":"Savilahden Neuroseura","article_modified_time":"2026-03-30T11:15:41+00:00","og_image":[{"width":1012,"height":378,"url":"https:\/\/sites.uef.fi\/savilahdenneuroseura\/wp-content\/uploads\/sites\/96\/2021\/03\/sns-littea.png","type":"image\/png"}],"twitter_card":"summary_large_image","twitter_misc":{"Arvioitu lukuaika":"2 minuuttia"},"schema":{"@context":"https:\/\/schema.org","@graph":[{"@type":"WebPage","@id":"https:\/\/sites.uef.fi\/savilahdenneuroseura\/","url":"https:\/\/sites.uef.fi\/savilahdenneuroseura\/","name":"Etusivu - Savilahden Neuroseura","isPartOf":{"@id":"https:\/\/sites.uef.fi\/savilahdenneuroseura\/#website"},"primaryImageOfPage":{"@id":"https:\/\/sites.uef.fi\/savilahdenneuroseura\/#primaryimage"},"image":{"@id":"https:\/\/sites.uef.fi\/savilahdenneuroseura\/#primaryimage"},"thumbnailUrl":"https:\/\/sites.uef.fi\/savilahdenneuroseura\/wp-content\/uploads\/sites\/96\/2021\/03\/sns-littea-300x112.png","datePublished":"2020-06-12T05:55:04+00:00","dateModified":"2026-03-30T11:15:41+00:00","breadcrumb":{"@id":"https:\/\/sites.uef.fi\/savilahdenneuroseura\/#breadcrumb"},"inLanguage":"fi","potentialAction":[{"@type":"ReadAction","target":["https:\/\/sites.uef.fi\/savilahdenneuroseura\/"]}]},{"@type":"ImageObject","inLanguage":"fi","@id":"https:\/\/sites.uef.fi\/savilahdenneuroseura\/#primaryimage","url":"https:\/\/sites.uef.fi\/savilahdenneuroseura\/wp-content\/uploads\/sites\/96\/2021\/03\/sns-littea.png","contentUrl":"https:\/\/sites.uef.fi\/savilahdenneuroseura\/wp-content\/uploads\/sites\/96\/2021\/03\/sns-littea.png","width":1012,"height":378},{"@type":"BreadcrumbList","@id":"https:\/\/sites.uef.fi\/savilahdenneuroseura\/#breadcrumb","itemListElement":[{"@type":"ListItem","position":1,"name":"Home","item":"https:\/\/sites.uef.fi\/savilahdenneuroseura\/"},{"@type":"ListItem","position":2,"name":"Etusivu"}]},{"@type":"WebSite","@id":"https:\/\/sites.uef.fi\/savilahdenneuroseura\/#website","url":"https:\/\/sites.uef.fi\/savilahdenneuroseura\/","name":"Savilahden Neuroseura","description":"","potentialAction":[{"@type":"SearchAction","target":{"@type":"EntryPoint","urlTemplate":"https:\/\/sites.uef.fi\/savilahdenneuroseura\/?s={search_term_string}"},"query-input":{"@type":"PropertyValueSpecification","valueRequired":true,"valueName":"search_term_string"}}],"inLanguage":"fi"}]}},"_links":{"self":[{"href":"https:\/\/sites.uef.fi\/savilahdenneuroseura\/wp-json\/wp\/v2\/pages\/30","targetHints":{"allow":["GET"]}}],"collection":[{"href":"https:\/\/sites.uef.fi\/savilahdenneuroseura\/wp-json\/wp\/v2\/pages"}],"about":[{"href":"https:\/\/sites.uef.fi\/savilahdenneuroseura\/wp-json\/wp\/v2\/types\/page"}],"author":[{"embeddable":true,"href":"https:\/\/sites.uef.fi\/savilahdenneuroseura\/wp-json\/wp\/v2\/users\/2"}],"replies":[{"embeddable":true,"href":"https:\/\/sites.uef.fi\/savilahdenneuroseura\/wp-json\/wp\/v2\/comments?post=30"}],"version-history":[{"count":1,"href":"https:\/\/sites.uef.fi\/savilahdenneuroseura\/wp-json\/wp\/v2\/pages\/30\/revisions"}],"predecessor-version":[{"id":635,"href":"https:\/\/sites.uef.fi\/savilahdenneuroseura\/wp-json\/wp\/v2\/pages\/30\/revisions\/635"}],"wp:attachment":[{"href":"https:\/\/sites.uef.fi\/savilahdenneuroseura\/wp-json\/wp\/v2\/media?parent=30"}],"curies":[{"name":"wp","href":"https:\/\/api.w.org\/{rel}","templated":true}]}}