{"id":1082,"date":"2026-01-15T12:05:59","date_gmt":"2026-01-15T09:05:59","guid":{"rendered":"https:\/\/sites.uef.fi\/sm4rtloc\/?page_id=1082"},"modified":"2026-01-15T13:36:58","modified_gmt":"2026-01-15T10:36:58","slug":"julkaisut-ja-media","status":"publish","type":"page","link":"https:\/\/sites.uef.fi\/sm4rtloc\/julkaisut-ja-media\/","title":{"rendered":"Julkaisut ja media"},"content":{"rendered":"\n<h2 class=\"wp-block-heading\">Julkaisuja<\/h2>\n\n\n\n<p>26.11.2025 <a href=\"https:\/\/blogs.uef.fi\/jatkuvaoppiminen\/2025\/11\/26\/yhdessa-pakoon-opettajien-ajatuksia-pakopelipedagogiikasta\/\" target=\"_blank\" rel=\"noreferrer noopener\">Yhdess\u00e4&nbsp;pakoon!&nbsp;Opettajien ajatuksia pakopelipedagogiikasta<\/a><\/p>\n\n\n\n<p>8.12.2022 <a href=\"https:\/\/blogs.uef.fi\/fclab-lukio\/2022\/12\/08\/immersiivisyys-pakopeleissa-2\/\" target=\"_blank\" rel=\"noreferrer noopener\">Immersiivisyys pakopeleiss\u00e4<\/a><\/p>\n\n\n\n<h2 class=\"wp-block-heading\">Mediaosumia<\/h2>\n\n\n\n<p>02.06.2023 <a href=\"https:\/\/ulapland.fi\/verkkoartikkeli\/pakohuonepeli-innostaa-koululaisia-luku-ja-kirjoitustaidon-opiskelussa\/\" target=\"_blank\" rel=\"noreferrer noopener\">Lapin yliopisto, Pakohuonepeli innostaa koululaisia luku- ja kirjoitustaidon opiskelussa<\/a><\/p>\n\n\n\n<p>2.5.2023 <a href=\"https:\/\/www.karjalainen.fi\/paikalliset\/7708820\" target=\"_blank\" rel=\"noreferrer noopener\">Karjalainen, \u00c4ik\u00e4ntunnilla pakohuonepeliin? \u2013 Joensuulaiset ysiluokkalaiset p\u00e4\u00e4siv\u00e4t testaamaan uudenlaista tapaa oppia luku- ja kirjoitustaitoja<\/a><\/p>\n\n\n\n<p>26.4.2023 <a href=\"https:\/\/www.uef.fi\/fi\/artikkeli\/pakohuonepelit-apuna-luku-ja-kirjoitustaidon-parantamisessa\" target=\"_blank\" rel=\"noreferrer noopener\">UEF, Pakohuonepelit apuna luku- ja kirjoitustaidon parantamisessa<\/a><\/p>\n\n\n\n<p>28.10.2020 <a href=\"https:\/\/www.heili.fi\/paikalliset\/7929568\" target=\"_blank\" rel=\"noreferrer noopener\">Karjalan Heili, Oppimista lukitussa huoneessa<\/a><\/p>\n\n\n\n<p>28.10.2020 <a href=\"https:\/\/www.apu.fi\/artikkelit\/pakohuone-opetuksessa-kehittaa-ongelmanratkaisutaitoja\" target=\"_blank\" rel=\"noreferrer noopener\">APU, Oppi menee perille pelaamalla \u2013 It\u00e4-Suomen yliopiston pakohuone opettaa ongelmanratkaisutaitoja<\/a><\/p>\n\n\n\n<p>22.10.2020 <a href=\"https:\/\/www.karjalainen.fi\/paikalliset\/7637515\">Karjalainen, Mieluummin pakohuoneessa kuin \u00e4idinkielentunnilla &#8211; Suomen ensimm\u00e4inen opetus- ja tutkimusk\u00e4ytt\u00f6\u00f6n suunniteltu pakohuone on It\u00e4-Suomen yliopiston Joensuun kampuksella<\/a><\/p>\n\n\n\n<p>22.10.2020 <a href=\"https:\/\/www.uef.fi\/fi\/artikkeli\/moderni-opetuskayttoon-avattu-pakohuonelaboratorio-taipuu-moneen\" target=\"_blank\" rel=\"noreferrer noopener\">UEF, Moderni opetusk\u00e4ytt\u00f6\u00f6n avattu pakohuonelaboratorio taipuu moneen<\/a><\/p>\n\n\n\n<p>21.10.2020 <a href=\"https:\/\/areena.yle.fi\/1-50659116\" target=\"_blank\" rel=\"noreferrer noopener\">YLE Areena, Pakohuone valjastettiin opetusk\u00e4ytt\u00f6\u00f6n<\/a><\/p>\n\n\n\n<p>11.03.2020 <a href=\"https:\/\/www.uef.fi\/fi\/artikkeli\/pakohuonelaboratorio-ita-suomen-yliopistolle-ensimmaisena-suomessa\" target=\"_blank\" rel=\"noreferrer noopener\">UEF, Pakohuonelaboratorio It\u00e4-Suomen yliopistolle ensimm\u00e4isen\u00e4 Suomessa<\/a> \/\/ <a href=\"https:\/\/www.uef.fi\/en\/article\/uef-opens-first-escape-room-laboratory-in-finland\">UEF opens first escape room laboratory in Finland<\/a><\/p>\n","protected":false},"excerpt":{"rendered":"<p>Julkaisuja 26.11.2025 Yhdess\u00e4&nbsp;pakoon!&nbsp;Opettajien ajatuksia pakopelipedagogiikasta 8.12.2022 Immersiivisyys pakopeleiss\u00e4 Mediaosumia 02.06.2023 Lapin yliopisto, Pakohuonepeli innostaa koululaisia luku- ja kirjoitustaidon opiskelussa 2.5.2023 Karjalainen, \u00c4ik\u00e4ntunnilla pakohuonepeliin? \u2013 Joensuulaiset ysiluokkalaiset p\u00e4\u00e4siv\u00e4t testaamaan uudenlaista tapaa oppia luku- ja kirjoitustaitoja 26.4.2023 UEF, Pakohuonepelit apuna luku- ja kirjoitustaidon parantamisessa 28.10.2020 Karjalan Heili, Oppimista lukitussa huoneessa 28.10.2020 APU, Oppi menee perille pelaamalla \u2013 [&hellip;]<\/p>\n","protected":false},"author":1158,"featured_media":0,"parent":0,"menu_order":0,"comment_status":"closed","ping_status":"closed","template":"","meta":{"_acf_changed":false,"_monsterinsights_skip_tracking":false,"_monsterinsights_sitenote_active":false,"_monsterinsights_sitenote_note":"","_monsterinsights_sitenote_category":0,"footnotes":""},"class_list":["post-1082","page","type-page","status-publish","hentry"],"acf":[],"yoast_head":"<!-- This site is optimized with the Yoast SEO plugin v27.1.1 - https:\/\/yoast.com\/product\/yoast-seo-wordpress\/ -->\n<title>Julkaisut ja media - Sm4rt LOC<\/title>\n<meta name=\"robots\" content=\"index, follow, max-snippet:-1, max-image-preview:large, max-video-preview:-1\" \/>\n<link rel=\"canonical\" href=\"https:\/\/sites.uef.fi\/sm4rtloc\/julkaisut-ja-media\/\" \/>\n<meta property=\"og:locale\" content=\"fi_FI\" \/>\n<meta property=\"og:type\" content=\"article\" \/>\n<meta property=\"og:title\" content=\"Julkaisut ja media - Sm4rt LOC\" \/>\n<meta property=\"og:description\" content=\"Julkaisuja 26.11.2025 Yhdess\u00e4&nbsp;pakoon!&nbsp;Opettajien ajatuksia pakopelipedagogiikasta 8.12.2022 Immersiivisyys pakopeleiss\u00e4 Mediaosumia 02.06.2023 Lapin yliopisto, Pakohuonepeli innostaa koululaisia luku- ja kirjoitustaidon opiskelussa 2.5.2023 Karjalainen, \u00c4ik\u00e4ntunnilla pakohuonepeliin? \u2013 Joensuulaiset ysiluokkalaiset p\u00e4\u00e4siv\u00e4t testaamaan uudenlaista tapaa oppia luku- ja kirjoitustaitoja 26.4.2023 UEF, Pakohuonepelit apuna luku- ja kirjoitustaidon parantamisessa 28.10.2020 Karjalan Heili, Oppimista lukitussa huoneessa 28.10.2020 APU, Oppi menee perille pelaamalla \u2013 [&hellip;]\" \/>\n<meta property=\"og:url\" content=\"https:\/\/sites.uef.fi\/sm4rtloc\/julkaisut-ja-media\/\" \/>\n<meta property=\"og:site_name\" content=\"Sm4rt LOC\" \/>\n<meta property=\"article:modified_time\" content=\"2026-01-15T10:36:58+00:00\" \/>\n<meta name=\"twitter:card\" content=\"summary_large_image\" \/>\n<meta name=\"twitter:label1\" content=\"Arvioitu lukuaika\" \/>\n\t<meta name=\"twitter:data1\" content=\"1 minuutti\" \/>\n<script type=\"application\/ld+json\" class=\"yoast-schema-graph\">{\"@context\":\"https:\/\/schema.org\",\"@graph\":[{\"@type\":\"WebPage\",\"@id\":\"https:\/\/sites.uef.fi\/sm4rtloc\/julkaisut-ja-media\/\",\"url\":\"https:\/\/sites.uef.fi\/sm4rtloc\/julkaisut-ja-media\/\",\"name\":\"Julkaisut ja media - Sm4rt LOC\",\"isPartOf\":{\"@id\":\"https:\/\/sites.uef.fi\/sm4rtloc\/#website\"},\"datePublished\":\"2026-01-15T09:05:59+00:00\",\"dateModified\":\"2026-01-15T10:36:58+00:00\",\"breadcrumb\":{\"@id\":\"https:\/\/sites.uef.fi\/sm4rtloc\/julkaisut-ja-media\/#breadcrumb\"},\"inLanguage\":\"fi\",\"potentialAction\":[{\"@type\":\"ReadAction\",\"target\":[\"https:\/\/sites.uef.fi\/sm4rtloc\/julkaisut-ja-media\/\"]}]},{\"@type\":\"BreadcrumbList\",\"@id\":\"https:\/\/sites.uef.fi\/sm4rtloc\/julkaisut-ja-media\/#breadcrumb\",\"itemListElement\":[{\"@type\":\"ListItem\",\"position\":1,\"name\":\"Home\",\"item\":\"https:\/\/sites.uef.fi\/sm4rtloc\/\"},{\"@type\":\"ListItem\",\"position\":2,\"name\":\"Julkaisut ja media\"}]},{\"@type\":\"WebSite\",\"@id\":\"https:\/\/sites.uef.fi\/sm4rtloc\/#website\",\"url\":\"https:\/\/sites.uef.fi\/sm4rtloc\/\",\"name\":\"Sm4rt LOC\",\"description\":\"\",\"potentialAction\":[{\"@type\":\"SearchAction\",\"target\":{\"@type\":\"EntryPoint\",\"urlTemplate\":\"https:\/\/sites.uef.fi\/sm4rtloc\/?s={search_term_string}\"},\"query-input\":{\"@type\":\"PropertyValueSpecification\",\"valueRequired\":true,\"valueName\":\"search_term_string\"}}],\"inLanguage\":\"fi\"}]}<\/script>\n<!-- \/ Yoast SEO plugin. -->","yoast_head_json":{"title":"Julkaisut ja media - Sm4rt LOC","robots":{"index":"index","follow":"follow","max-snippet":"max-snippet:-1","max-image-preview":"max-image-preview:large","max-video-preview":"max-video-preview:-1"},"canonical":"https:\/\/sites.uef.fi\/sm4rtloc\/julkaisut-ja-media\/","og_locale":"fi_FI","og_type":"article","og_title":"Julkaisut ja media - Sm4rt LOC","og_description":"Julkaisuja 26.11.2025 Yhdess\u00e4&nbsp;pakoon!&nbsp;Opettajien ajatuksia pakopelipedagogiikasta 8.12.2022 Immersiivisyys pakopeleiss\u00e4 Mediaosumia 02.06.2023 Lapin yliopisto, Pakohuonepeli innostaa koululaisia luku- ja kirjoitustaidon opiskelussa 2.5.2023 Karjalainen, \u00c4ik\u00e4ntunnilla pakohuonepeliin? \u2013 Joensuulaiset ysiluokkalaiset p\u00e4\u00e4siv\u00e4t testaamaan uudenlaista tapaa oppia luku- ja kirjoitustaitoja 26.4.2023 UEF, Pakohuonepelit apuna luku- ja kirjoitustaidon parantamisessa 28.10.2020 Karjalan Heili, Oppimista lukitussa huoneessa 28.10.2020 APU, Oppi menee perille pelaamalla \u2013 [&hellip;]","og_url":"https:\/\/sites.uef.fi\/sm4rtloc\/julkaisut-ja-media\/","og_site_name":"Sm4rt LOC","article_modified_time":"2026-01-15T10:36:58+00:00","twitter_card":"summary_large_image","twitter_misc":{"Arvioitu lukuaika":"1 minuutti"},"schema":{"@context":"https:\/\/schema.org","@graph":[{"@type":"WebPage","@id":"https:\/\/sites.uef.fi\/sm4rtloc\/julkaisut-ja-media\/","url":"https:\/\/sites.uef.fi\/sm4rtloc\/julkaisut-ja-media\/","name":"Julkaisut ja media - Sm4rt LOC","isPartOf":{"@id":"https:\/\/sites.uef.fi\/sm4rtloc\/#website"},"datePublished":"2026-01-15T09:05:59+00:00","dateModified":"2026-01-15T10:36:58+00:00","breadcrumb":{"@id":"https:\/\/sites.uef.fi\/sm4rtloc\/julkaisut-ja-media\/#breadcrumb"},"inLanguage":"fi","potentialAction":[{"@type":"ReadAction","target":["https:\/\/sites.uef.fi\/sm4rtloc\/julkaisut-ja-media\/"]}]},{"@type":"BreadcrumbList","@id":"https:\/\/sites.uef.fi\/sm4rtloc\/julkaisut-ja-media\/#breadcrumb","itemListElement":[{"@type":"ListItem","position":1,"name":"Home","item":"https:\/\/sites.uef.fi\/sm4rtloc\/"},{"@type":"ListItem","position":2,"name":"Julkaisut ja media"}]},{"@type":"WebSite","@id":"https:\/\/sites.uef.fi\/sm4rtloc\/#website","url":"https:\/\/sites.uef.fi\/sm4rtloc\/","name":"Sm4rt LOC","description":"","potentialAction":[{"@type":"SearchAction","target":{"@type":"EntryPoint","urlTemplate":"https:\/\/sites.uef.fi\/sm4rtloc\/?s={search_term_string}"},"query-input":{"@type":"PropertyValueSpecification","valueRequired":true,"valueName":"search_term_string"}}],"inLanguage":"fi"}]}},"_links":{"self":[{"href":"https:\/\/sites.uef.fi\/sm4rtloc\/wp-json\/wp\/v2\/pages\/1082","targetHints":{"allow":["GET"]}}],"collection":[{"href":"https:\/\/sites.uef.fi\/sm4rtloc\/wp-json\/wp\/v2\/pages"}],"about":[{"href":"https:\/\/sites.uef.fi\/sm4rtloc\/wp-json\/wp\/v2\/types\/page"}],"author":[{"embeddable":true,"href":"https:\/\/sites.uef.fi\/sm4rtloc\/wp-json\/wp\/v2\/users\/1158"}],"replies":[{"embeddable":true,"href":"https:\/\/sites.uef.fi\/sm4rtloc\/wp-json\/wp\/v2\/comments?post=1082"}],"version-history":[{"count":2,"href":"https:\/\/sites.uef.fi\/sm4rtloc\/wp-json\/wp\/v2\/pages\/1082\/revisions"}],"predecessor-version":[{"id":1096,"href":"https:\/\/sites.uef.fi\/sm4rtloc\/wp-json\/wp\/v2\/pages\/1082\/revisions\/1096"}],"wp:attachment":[{"href":"https:\/\/sites.uef.fi\/sm4rtloc\/wp-json\/wp\/v2\/media?parent=1082"}],"curies":[{"name":"wp","href":"https:\/\/api.w.org\/{rel}","templated":true}]}}