{"id":1098,"date":"2026-01-15T14:20:08","date_gmt":"2026-01-15T11:20:08","guid":{"rendered":"https:\/\/sites.uef.fi\/sm4rtloc\/?page_id=1098"},"modified":"2026-03-03T15:47:20","modified_gmt":"2026-03-03T12:47:20","slug":"materiaalit","status":"publish","type":"page","link":"https:\/\/sites.uef.fi\/sm4rtloc\/materiaalit\/","title":{"rendered":"Materiaalit"},"content":{"rendered":"\n<p>T\u00e4lle sivulle rakentuu avoin materiaalipankki pedagogisista pakopeleist\u00e4. Sivulle kootaan esittelyj\u00e4 eri hankkeissa toteutetuista peleist\u00e4 sek\u00e4 suoraan k\u00e4ytt\u00f6\u00f6n soveltuvia pedagogisia pakopelej\u00e4 eri aiheista ja eri kohderyhmille.<\/p>\n\n\n\n<p>Materiaalipankkia kehitet\u00e4\u00e4n vaiheittain, ja sis\u00e4lt\u00f6\u00e4 t\u00e4ydennet\u00e4\u00e4n sit\u00e4 mukaa, kun uusia materiaaleja julkaistaan.<\/p>\n\n\n\n<p>Materiaalit ovat vapaasti k\u00e4ytett\u00e4viss\u00e4 ja muunneltavissa opetusk\u00e4ytt\u00f6\u00f6n ja muuhun ei-kaupalliseen k\u00e4ytt\u00f6\u00f6n.<\/p>\n\n\n\t<div id=\"accordion-block_e72f5b3f47847eb74dbb009b0cfca418\" class=\"accordions\">\n\t\t\t\t\t<div class=\"accordion accordion-js\">\n\t\t\t\t<button class=\"accordion__button\" aria-controls=\"content-9998\" aria-expanded=\"false\" id=\"accordion-control-9998\">\n\t\t\t\t\t<h3 class=\"accordion__heading\" >\n\t\t\t\t\t\tLukumets\u00e4\t\t\t\t\t<\/h3>\n\t\t\t\t<\/button>\n\t\t\t\t<div class=\"accordion__content\" role=\"region\" aria-labelledby=\"accordion-control-9998\" aria-hidden=\"true\" id=\"content-9998\">\n\t\t\t\t\t<p data-start=\"195\" data-end=\"521\"><img loading=\"lazy\" decoding=\"async\" class=\"aligncenter wp-image-1163 size-large\" src=\"https:\/\/sites.uef.fi\/sm4rtloc\/wp-content\/uploads\/sites\/166\/2026\/01\/Lukumetsa-1024x405.png\" alt=\"\" width=\"1024\" height=\"405\" srcset=\"https:\/\/sites.uef.fi\/sm4rtloc\/wp-content\/uploads\/sites\/166\/2026\/01\/Lukumetsa-1024x405.png 1024w, https:\/\/sites.uef.fi\/sm4rtloc\/wp-content\/uploads\/sites\/166\/2026\/01\/Lukumetsa-300x119.png 300w, https:\/\/sites.uef.fi\/sm4rtloc\/wp-content\/uploads\/sites\/166\/2026\/01\/Lukumetsa-768x304.png 768w, https:\/\/sites.uef.fi\/sm4rtloc\/wp-content\/uploads\/sites\/166\/2026\/01\/Lukumetsa.png 1440w\" sizes=\"auto, (max-width: 1024px) 100vw, 1024px\" \/><\/p>\n<p style=\"text-align: left\" data-start=\"195\" data-end=\"521\">Lukumets\u00e4 on salaper\u00e4inen paikka, jossa kirjaimilla ja sanoilla on taianomaisia voimia. Mets\u00e4 asettaa vierailijoilleen haasteita ja siell\u00e4 p\u00e4rj\u00e4\u00e4v\u00e4t vain ne, jotka yhdess\u00e4 osoittavat oivaltavia lukemisen taitoja. Uskallatteko astua mets\u00e4\u00e4n etsim\u00e4\u00e4n kadonnutta salasanaa?<\/p>\n<p data-start=\"523\" data-end=\"749\"><strong data-start=\"523\" data-end=\"534\">Tekij\u00e4:<\/strong> Iiris Kangasniemi<br data-start=\"552\" data-end=\"555\" \/><strong data-start=\"555\" data-end=\"570\">Kohderyhm\u00e4:<\/strong> 1.\u20132.-luokkalaiset<br data-start=\"589\" data-end=\"592\" \/><strong data-start=\"592\" data-end=\"602\">Kesto:<\/strong> 20-30 min<br data-start=\"617\" data-end=\"620\" \/><strong data-start=\"620\" data-end=\"638\">Toteutusmuoto:<\/strong> fyysinen \/ tulostettava<br data-start=\"705\" data-end=\"708\" \/><strong data-start=\"708\" data-end=\"717\" data-is-only-node=\"\">Aihe:<\/strong> lukemisen taidot<\/p>\n<p data-start=\"523\" data-end=\"749\"><strong>Osaamistavoitteet:<\/strong><\/p>\n<ul>\n<li data-start=\"523\" data-end=\"749\">harjoittelee lukemisen valmiuksia leikin ja yhteisty\u00f6n kautta<\/li>\n<li data-start=\"1274\" data-end=\"1391\">kehitt\u00e4\u00e4 tavutusta ja sanojen rakenteen hahmottamista<\/li>\n<li data-start=\"1456\" data-end=\"1518\">vahvistaa oikeinkirjoitusta ja sanojen tarkkaa lukemista<\/li>\n<li data-start=\"1521\" data-end=\"1587\">harjoittaa mekaanista lukemista sek\u00e4 luetun ymm\u00e4rt\u00e4mist\u00e4<\/li>\n<li data-start=\"1590\" data-end=\"1673\">kehitt\u00e4\u00e4 yhteisty\u00f6- ja vuorovaikutustaitoja yhteisen ongelmanratkaisun kautta<\/li>\n<\/ul>\n<p><strong>Materiaalit: <\/strong><a href=\"https:\/\/studentuef.sharepoint.com\/:u:\/s\/www-documents\/IQD6BthdnmyaSZrwYFZgRZvEAZiNUqkllb-HPH-5HjyJOKY?e=G9eU8W\" target=\"_blank\" rel=\"noopener\">Lukumets\u00e4-pakopelin materiaalit (zip, 10,8 MB)<\/a><\/p>\n\t\t\t\t<\/div>\n\t\t\t<\/div>\n\t\t\t\t\t<div class=\"accordion accordion-js\">\n\t\t\t\t<button class=\"accordion__button\" aria-controls=\"content-940\" aria-expanded=\"false\" id=\"accordion-control-940\">\n\t\t\t\t\t<h3 class=\"accordion__heading\" >\n\t\t\t\t\t\tPako kemian labrasta\t\t\t\t\t<\/h3>\n\t\t\t\t<\/button>\n\t\t\t\t<div class=\"accordion__content\" role=\"region\" aria-labelledby=\"accordion-control-940\" aria-hidden=\"true\" id=\"content-940\">\n\t\t\t\t\t<p><img loading=\"lazy\" decoding=\"async\" class=\"aligncenter wp-image-1161 size-large\" src=\"https:\/\/sites.uef.fi\/sm4rtloc\/wp-content\/uploads\/sites\/166\/2026\/01\/Copy-of-Lukumetsan-diplomi-1024x405.png\" alt=\"\" width=\"1024\" height=\"405\" srcset=\"https:\/\/sites.uef.fi\/sm4rtloc\/wp-content\/uploads\/sites\/166\/2026\/01\/Copy-of-Lukumetsan-diplomi-1024x405.png 1024w, https:\/\/sites.uef.fi\/sm4rtloc\/wp-content\/uploads\/sites\/166\/2026\/01\/Copy-of-Lukumetsan-diplomi-300x119.png 300w, https:\/\/sites.uef.fi\/sm4rtloc\/wp-content\/uploads\/sites\/166\/2026\/01\/Copy-of-Lukumetsan-diplomi-768x304.png 768w, https:\/\/sites.uef.fi\/sm4rtloc\/wp-content\/uploads\/sites\/166\/2026\/01\/Copy-of-Lukumetsan-diplomi.png 1440w\" sizes=\"auto, (max-width: 1024px) 100vw, 1024px\" \/><\/p>\n<p><!-- wp:paragraph -->Tunnettu kemisti Elias Bohr on kadonnut j\u00e4tt\u00e4en j\u00e4lkeens\u00e4 kaaoksessa olevan laboratorion ja vaarallisen uuden alkuaineen. Teht\u00e4v\u00e4n\u00e4nne on l\u00f6yt\u00e4\u00e4 ja erist\u00e4\u00e4 alkuaine ennen kuin alue joudutaan evakuoimaan. Aika k\u00e4y, vihjeit\u00e4 on kaikkialla \u2013 ehdittek\u00f6 ratkaista mysteerin ennen kuin on liian my\u00f6h\u00e4ist\u00e4?<\/p>\n<p><strong>Tekij\u00e4:<\/strong> Titta Kemppainen<br \/>\n<strong>Kohderyhm\u00e4:<\/strong> yl\u00e4koulu<br \/>\n<strong>Kesto:<\/strong> 30-40 min<br \/>\n<strong>Toteutusmuoto:<\/strong> fyysinen<br \/>\n<strong>Aihe: <\/strong>kemia<\/p>\n<p><strong>Osaamistavoitteet:<\/strong><\/p>\n<ul class=\"wp-block-list\">\n<li>kehitt\u00e4\u00e4 ajattelu- ja tiedonk\u00e4sittelytaitoja ratkaisemalla ongelmia ja yhdist\u00e4m\u00e4ll\u00e4 eri l\u00e4hteist\u00e4 saatua tietoa<\/li>\n<li>ymm\u00e4rt\u00e4\u00e4 kemian perusk\u00e4sitteit\u00e4 tunnistamalla alkuaineet ja yhdisteet<\/li>\n<li>osaa toimia kemian ty\u00f6skentely-ymp\u00e4rist\u00f6ss\u00e4 turvallisesti<\/li>\n<li>kehitt\u00e4\u00e4 yhteisty\u00f6- ja vuorovaikutustaitoja osallistumalla aktiivisesti ryhm\u00e4ty\u00f6skentelyyn<\/li>\n<\/ul>\n<p><strong>Materiaalit:\u00a0<\/strong><a href=\"https:\/\/studentuef.sharepoint.com\/:u:\/s\/www-documents\/IQDZgn29VeBTSrzSDtDbg5RSARAtbl7rViiDQ_-bTpSu3Vc?e=CTSldv\" target=\"_blank\" rel=\"noopener\">Pako kemian labrasta -pakopelin materiaalit (zip, 128 MB)<\/a><\/p>\n<h5 style=\"text-align: center\"><a href=\"https:\/\/uef.cloud.panopto.eu\/Panopto\/Pages\/Viewer.aspx?id=38b832bf-9d4a-49e0-b113-b3da008f8759\" target=\"_blank\" rel=\"noopener\">Katso pelin aloitusvideo<\/a><\/h5>\n<!-- \/wp:paragraph -->\t\t\t\t<\/div>\n\t\t\t<\/div>\n\t\t\t\t\t<div class=\"accordion accordion-js\">\n\t\t\t\t<button class=\"accordion__button\" aria-controls=\"content-4868\" aria-expanded=\"false\" id=\"accordion-control-4868\">\n\t\t\t\t\t<h3 class=\"accordion__heading\" >\n\t\t\t\t\t\tMyrsky majakassa\t\t\t\t\t<\/h3>\n\t\t\t\t<\/button>\n\t\t\t\t<div class=\"accordion__content\" role=\"region\" aria-labelledby=\"accordion-control-4868\" aria-hidden=\"true\" id=\"content-4868\">\n\t\t\t\t\t<p><img loading=\"lazy\" decoding=\"async\" class=\"aligncenter wp-image-1337 size-large\" src=\"https:\/\/sites.uef.fi\/sm4rtloc\/wp-content\/uploads\/sites\/166\/2026\/03\/Myrsky-majakassa-1024x405.png\" alt=\"\" width=\"1024\" height=\"405\" srcset=\"https:\/\/sites.uef.fi\/sm4rtloc\/wp-content\/uploads\/sites\/166\/2026\/03\/Myrsky-majakassa-1024x405.png 1024w, https:\/\/sites.uef.fi\/sm4rtloc\/wp-content\/uploads\/sites\/166\/2026\/03\/Myrsky-majakassa-300x119.png 300w, https:\/\/sites.uef.fi\/sm4rtloc\/wp-content\/uploads\/sites\/166\/2026\/03\/Myrsky-majakassa-768x304.png 768w, https:\/\/sites.uef.fi\/sm4rtloc\/wp-content\/uploads\/sites\/166\/2026\/03\/Myrsky-majakassa.png 1440w\" sizes=\"auto, (max-width: 1024px) 100vw, 1024px\" \/><\/p>\n<div>\n<p>On synkk\u00e4 ja myrskyinen y\u00f6. Etsit suojaa rantakalliolla kohoavasta majakasta, ja ty\u00f6nn\u00e4t raskaan oven auki \u2014 se on j\u00e4\u00e4nyt raolleen. Heti sis\u00e4\u00e4n astuttuasi huomaat jotain huolestuttavaa: majakan valo ei pala, eik\u00e4 majakanvartijaa n\u00e4y miss\u00e4\u00e4n. Valon yll\u00e4pidosta vastaava huoltokaappi on lukittu, ja sen avaaminen on ainoa keino saada majakan valo takaisin p\u00e4\u00e4lle ennen kuin myrsky voimistuu entisest\u00e4\u00e4n.<\/p>\n<p>Pystytk\u00f6 ratkaisemaan teht\u00e4v\u00e4t ja selvitt\u00e4m\u00e4\u00e4n, miten p\u00e4\u00e4set k\u00e4siksi kaappiin?<\/p>\n<\/div>\n<div><strong>Tekij\u00e4:<\/strong> Iiris Kangasniemi<br \/>\n<strong>Kohderyhm\u00e4:<\/strong> yl\u00e4koulu<br \/>\n<strong>Kesto:<\/strong> n. 5 min<br \/>\n<strong>Toteutusmuoto:<\/strong> digitaalinen (ThingLink)<br \/>\n<strong>Aihe:<\/strong> matematiikka<br \/>\n<strong>Kieliversiot:<\/strong> suomi ja englanti<\/div>\n<div><\/div>\n<p><strong>Tavoitteet:<\/strong><\/p>\n<ul>\n<li>harjoittaa matemaattista p\u00e4\u00e4ttely\u00e4 ja ongelmanratkaisua<\/li>\n<li>demonstroida, miten tarinallisuus ja opetuksellinen sis\u00e4lt\u00f6 voidaan yhdist\u00e4\u00e4 pedagogisessa pakopeliss\u00e4<\/li>\n<\/ul>\n<p><strong>Materiaalit: <a href=\"https:\/\/www.thinglink.com\/view\/scene\/2037537758091674468\" target=\"_blank\" rel=\"noopener\">Myrsky majakassa -minipakopeli<\/a><\/strong><\/p>\n\t\t\t\t<\/div>\n\t\t\t<\/div>\n\t\t\t\t\t<div class=\"accordion accordion-js\">\n\t\t\t\t<button class=\"accordion__button\" aria-controls=\"content-893\" aria-expanded=\"false\" id=\"accordion-control-893\">\n\t\t\t\t\t<h3 class=\"accordion__heading\" >\n\t\t\t\t\t\tLomamoodi\t\t\t\t\t<\/h3>\n\t\t\t\t<\/button>\n\t\t\t\t<div class=\"accordion__content\" role=\"region\" aria-labelledby=\"accordion-control-893\" aria-hidden=\"true\" id=\"content-893\">\n\t\t\t\t\t<p><img loading=\"lazy\" decoding=\"async\" class=\"aligncenter wp-image-1348 size-large\" src=\"https:\/\/sites.uef.fi\/sm4rtloc\/wp-content\/uploads\/sites\/166\/2026\/03\/Lomamoodi-1024x405.png\" alt=\"\" width=\"1024\" height=\"405\" srcset=\"https:\/\/sites.uef.fi\/sm4rtloc\/wp-content\/uploads\/sites\/166\/2026\/03\/Lomamoodi-1024x405.png 1024w, https:\/\/sites.uef.fi\/sm4rtloc\/wp-content\/uploads\/sites\/166\/2026\/03\/Lomamoodi-300x119.png 300w, https:\/\/sites.uef.fi\/sm4rtloc\/wp-content\/uploads\/sites\/166\/2026\/03\/Lomamoodi-768x304.png 768w, https:\/\/sites.uef.fi\/sm4rtloc\/wp-content\/uploads\/sites\/166\/2026\/03\/Lomamoodi.png 1440w\" sizes=\"auto, (max-width: 1024px) 100vw, 1024px\" \/><\/p>\n<div>\n<p>On ensimm\u00e4inen ty\u00f6p\u00e4iv\u00e4si loman j\u00e4lkeen. Ty\u00f6koneen ruudulle ponnahtaa tuttu viesti: \u201dSy\u00f6t\u00e4 salasana.\u201d Muistat h\u00e4m\u00e4r\u00e4sti p\u00e4\u00e4tt\u00e4neesi ennen lomaa toimia vastuullisesti ja vaihtaa vanhan salasanasi uuteen, turvalliseen. P\u00e4\u00e4t\u00f6s tuntui silloin loistavalta, mutta nyt sinulla ei ole mit\u00e4\u00e4n muistikuvaa uudesta salasanasta. Onneksi j\u00e4tit itsellesi vihjeit\u00e4 ty\u00f6pisteesi ymp\u00e4rille \u2014 jonnekin kaikkien n\u00e4iden muistilappujen sekaan.<\/p>\n<p>Saatko selvitetty\u00e4 salasanasi ja aukaistua ty\u00f6koneesi ennen kuin kahvikuppi tyhjenee ja ty\u00f6p\u00e4iv\u00e4 todella alkaa?<\/p>\n<div>\n<p><strong>Tekij\u00e4:<\/strong> Iiris Kangasniemi<br \/>\n<strong>Kohderyhm\u00e4:<\/strong> aikuiset<br \/>\n<strong>Kesto:<\/strong> n. 30 min<br \/>\n<strong>Toteutusmuoto:<\/strong> digitaalinen (ThingLink)<br \/>\n<strong>Aihe:<\/strong> ongelmanratkaisu, looginen p\u00e4\u00e4ttely, pelillist\u00e4minen<br \/>\n<strong>Kieliversiot:<\/strong> suomi ja englanti<\/p>\n<p><strong>Tavoitteet:<\/strong><\/p>\n<ul>\n<li>harjoittaa loogista p\u00e4\u00e4ttely\u00e4 ja ongelmanratkaisua<\/li>\n<li>demonstroida ThingLink-alustaa digitaalisen pakopelin ty\u00f6kaluna<\/li>\n<\/ul>\n<p><strong>Materiaalit: <\/strong><a href=\"https:\/\/www.thinglink.com\/view\/scene\/1915378823277314534\" target=\"_blank\" rel=\"noopener\"><strong>Lomamoodi \u2013pakopeli<\/strong><\/a><\/p>\n<\/div>\n<\/div>\n\t\t\t\t<\/div>\n\t\t\t<\/div>\n\t\t\t<\/div>\n\t\n\n\n<figure class=\"wp-block-image size-large\"><img loading=\"lazy\" decoding=\"async\" width=\"1024\" height=\"557\" src=\"https:\/\/sites.uef.fi\/sm4rtloc\/wp-content\/uploads\/sites\/166\/2026\/01\/Nayttokuva-2026-01-15-135718-1024x557.png\" alt=\"\" class=\"wp-image-1128\" srcset=\"https:\/\/sites.uef.fi\/sm4rtloc\/wp-content\/uploads\/sites\/166\/2026\/01\/Nayttokuva-2026-01-15-135718-1024x557.png 1024w, https:\/\/sites.uef.fi\/sm4rtloc\/wp-content\/uploads\/sites\/166\/2026\/01\/Nayttokuva-2026-01-15-135718-300x163.png 300w, https:\/\/sites.uef.fi\/sm4rtloc\/wp-content\/uploads\/sites\/166\/2026\/01\/Nayttokuva-2026-01-15-135718-768x418.png 768w, https:\/\/sites.uef.fi\/sm4rtloc\/wp-content\/uploads\/sites\/166\/2026\/01\/Nayttokuva-2026-01-15-135718-1536x835.png 1536w, https:\/\/sites.uef.fi\/sm4rtloc\/wp-content\/uploads\/sites\/166\/2026\/01\/Nayttokuva-2026-01-15-135718-2048x1114.png 2048w\" sizes=\"auto, (max-width: 1024px) 100vw, 1024px\" \/><\/figure>\n\n\n\n<p><\/p>\n","protected":false},"excerpt":{"rendered":"<p>T\u00e4lle sivulle rakentuu avoin materiaalipankki pedagogisista pakopeleist\u00e4. Sivulle kootaan esittelyj\u00e4 eri hankkeissa toteutetuista peleist\u00e4 sek\u00e4 suoraan k\u00e4ytt\u00f6\u00f6n soveltuvia pedagogisia pakopelej\u00e4 eri aiheista ja eri kohderyhmille. Materiaalipankkia kehitet\u00e4\u00e4n vaiheittain, ja sis\u00e4lt\u00f6\u00e4 t\u00e4ydennet\u00e4\u00e4n sit\u00e4 mukaa, kun uusia materiaaleja julkaistaan. Materiaalit ovat vapaasti k\u00e4ytett\u00e4viss\u00e4 ja muunneltavissa opetusk\u00e4ytt\u00f6\u00f6n ja muuhun ei-kaupalliseen k\u00e4ytt\u00f6\u00f6n.<\/p>\n","protected":false},"author":1158,"featured_media":0,"parent":0,"menu_order":0,"comment_status":"closed","ping_status":"closed","template":"","meta":{"_acf_changed":false,"_monsterinsights_skip_tracking":false,"_monsterinsights_sitenote_active":false,"_monsterinsights_sitenote_note":"","_monsterinsights_sitenote_category":0,"footnotes":""},"class_list":["post-1098","page","type-page","status-publish","hentry"],"acf":[],"yoast_head":"<!-- This site is optimized with the Yoast SEO plugin v27.1.1 - https:\/\/yoast.com\/product\/yoast-seo-wordpress\/ -->\n<title>Materiaalit - Sm4rt LOC<\/title>\n<meta name=\"robots\" content=\"index, follow, max-snippet:-1, max-image-preview:large, max-video-preview:-1\" \/>\n<link rel=\"canonical\" href=\"https:\/\/sites.uef.fi\/sm4rtloc\/materiaalit\/\" \/>\n<meta property=\"og:locale\" content=\"fi_FI\" \/>\n<meta property=\"og:type\" content=\"article\" \/>\n<meta property=\"og:title\" content=\"Materiaalit - Sm4rt LOC\" \/>\n<meta property=\"og:description\" content=\"T\u00e4lle sivulle rakentuu avoin materiaalipankki pedagogisista pakopeleist\u00e4. Sivulle kootaan esittelyj\u00e4 eri hankkeissa toteutetuista peleist\u00e4 sek\u00e4 suoraan k\u00e4ytt\u00f6\u00f6n soveltuvia pedagogisia pakopelej\u00e4 eri aiheista ja eri kohderyhmille. Materiaalipankkia kehitet\u00e4\u00e4n vaiheittain, ja sis\u00e4lt\u00f6\u00e4 t\u00e4ydennet\u00e4\u00e4n sit\u00e4 mukaa, kun uusia materiaaleja julkaistaan. Materiaalit ovat vapaasti k\u00e4ytett\u00e4viss\u00e4 ja muunneltavissa opetusk\u00e4ytt\u00f6\u00f6n ja muuhun ei-kaupalliseen k\u00e4ytt\u00f6\u00f6n.\" \/>\n<meta property=\"og:url\" content=\"https:\/\/sites.uef.fi\/sm4rtloc\/materiaalit\/\" \/>\n<meta property=\"og:site_name\" content=\"Sm4rt LOC\" \/>\n<meta property=\"article:modified_time\" content=\"2026-03-03T12:47:20+00:00\" \/>\n<meta property=\"og:image\" content=\"https:\/\/sites.uef.fi\/sm4rtloc\/wp-content\/uploads\/sites\/166\/2026\/01\/Nayttokuva-2026-01-15-135718-1024x557.png\" \/>\n<meta name=\"twitter:card\" content=\"summary_large_image\" \/>\n<meta name=\"twitter:label1\" content=\"Arvioitu lukuaika\" \/>\n\t<meta name=\"twitter:data1\" content=\"1 minuutti\" \/>\n<script type=\"application\/ld+json\" class=\"yoast-schema-graph\">{\"@context\":\"https:\/\/schema.org\",\"@graph\":[{\"@type\":\"WebPage\",\"@id\":\"https:\/\/sites.uef.fi\/sm4rtloc\/materiaalit\/\",\"url\":\"https:\/\/sites.uef.fi\/sm4rtloc\/materiaalit\/\",\"name\":\"Materiaalit - Sm4rt LOC\",\"isPartOf\":{\"@id\":\"https:\/\/sites.uef.fi\/sm4rtloc\/#website\"},\"primaryImageOfPage\":{\"@id\":\"https:\/\/sites.uef.fi\/sm4rtloc\/materiaalit\/#primaryimage\"},\"image\":{\"@id\":\"https:\/\/sites.uef.fi\/sm4rtloc\/materiaalit\/#primaryimage\"},\"thumbnailUrl\":\"https:\/\/sites.uef.fi\/sm4rtloc\/wp-content\/uploads\/sites\/166\/2026\/01\/Nayttokuva-2026-01-15-135718-1024x557.png\",\"datePublished\":\"2026-01-15T11:20:08+00:00\",\"dateModified\":\"2026-03-03T12:47:20+00:00\",\"breadcrumb\":{\"@id\":\"https:\/\/sites.uef.fi\/sm4rtloc\/materiaalit\/#breadcrumb\"},\"inLanguage\":\"fi\",\"potentialAction\":[{\"@type\":\"ReadAction\",\"target\":[\"https:\/\/sites.uef.fi\/sm4rtloc\/materiaalit\/\"]}]},{\"@type\":\"ImageObject\",\"inLanguage\":\"fi\",\"@id\":\"https:\/\/sites.uef.fi\/sm4rtloc\/materiaalit\/#primaryimage\",\"url\":\"https:\/\/sites.uef.fi\/sm4rtloc\/wp-content\/uploads\/sites\/166\/2026\/01\/Nayttokuva-2026-01-15-135718.png\",\"contentUrl\":\"https:\/\/sites.uef.fi\/sm4rtloc\/wp-content\/uploads\/sites\/166\/2026\/01\/Nayttokuva-2026-01-15-135718.png\",\"width\":2560,\"height\":1392},{\"@type\":\"BreadcrumbList\",\"@id\":\"https:\/\/sites.uef.fi\/sm4rtloc\/materiaalit\/#breadcrumb\",\"itemListElement\":[{\"@type\":\"ListItem\",\"position\":1,\"name\":\"Home\",\"item\":\"https:\/\/sites.uef.fi\/sm4rtloc\/\"},{\"@type\":\"ListItem\",\"position\":2,\"name\":\"Materiaalit\"}]},{\"@type\":\"WebSite\",\"@id\":\"https:\/\/sites.uef.fi\/sm4rtloc\/#website\",\"url\":\"https:\/\/sites.uef.fi\/sm4rtloc\/\",\"name\":\"Sm4rt LOC\",\"description\":\"\",\"potentialAction\":[{\"@type\":\"SearchAction\",\"target\":{\"@type\":\"EntryPoint\",\"urlTemplate\":\"https:\/\/sites.uef.fi\/sm4rtloc\/?s={search_term_string}\"},\"query-input\":{\"@type\":\"PropertyValueSpecification\",\"valueRequired\":true,\"valueName\":\"search_term_string\"}}],\"inLanguage\":\"fi\"}]}<\/script>\n<!-- \/ Yoast SEO plugin. -->","yoast_head_json":{"title":"Materiaalit - Sm4rt LOC","robots":{"index":"index","follow":"follow","max-snippet":"max-snippet:-1","max-image-preview":"max-image-preview:large","max-video-preview":"max-video-preview:-1"},"canonical":"https:\/\/sites.uef.fi\/sm4rtloc\/materiaalit\/","og_locale":"fi_FI","og_type":"article","og_title":"Materiaalit - Sm4rt LOC","og_description":"T\u00e4lle sivulle rakentuu avoin materiaalipankki pedagogisista pakopeleist\u00e4. Sivulle kootaan esittelyj\u00e4 eri hankkeissa toteutetuista peleist\u00e4 sek\u00e4 suoraan k\u00e4ytt\u00f6\u00f6n soveltuvia pedagogisia pakopelej\u00e4 eri aiheista ja eri kohderyhmille. Materiaalipankkia kehitet\u00e4\u00e4n vaiheittain, ja sis\u00e4lt\u00f6\u00e4 t\u00e4ydennet\u00e4\u00e4n sit\u00e4 mukaa, kun uusia materiaaleja julkaistaan. Materiaalit ovat vapaasti k\u00e4ytett\u00e4viss\u00e4 ja muunneltavissa opetusk\u00e4ytt\u00f6\u00f6n ja muuhun ei-kaupalliseen k\u00e4ytt\u00f6\u00f6n.","og_url":"https:\/\/sites.uef.fi\/sm4rtloc\/materiaalit\/","og_site_name":"Sm4rt LOC","article_modified_time":"2026-03-03T12:47:20+00:00","og_image":[{"url":"https:\/\/sites.uef.fi\/sm4rtloc\/wp-content\/uploads\/sites\/166\/2026\/01\/Nayttokuva-2026-01-15-135718-1024x557.png","type":"","width":"","height":""}],"twitter_card":"summary_large_image","twitter_misc":{"Arvioitu lukuaika":"1 minuutti"},"schema":{"@context":"https:\/\/schema.org","@graph":[{"@type":"WebPage","@id":"https:\/\/sites.uef.fi\/sm4rtloc\/materiaalit\/","url":"https:\/\/sites.uef.fi\/sm4rtloc\/materiaalit\/","name":"Materiaalit - Sm4rt LOC","isPartOf":{"@id":"https:\/\/sites.uef.fi\/sm4rtloc\/#website"},"primaryImageOfPage":{"@id":"https:\/\/sites.uef.fi\/sm4rtloc\/materiaalit\/#primaryimage"},"image":{"@id":"https:\/\/sites.uef.fi\/sm4rtloc\/materiaalit\/#primaryimage"},"thumbnailUrl":"https:\/\/sites.uef.fi\/sm4rtloc\/wp-content\/uploads\/sites\/166\/2026\/01\/Nayttokuva-2026-01-15-135718-1024x557.png","datePublished":"2026-01-15T11:20:08+00:00","dateModified":"2026-03-03T12:47:20+00:00","breadcrumb":{"@id":"https:\/\/sites.uef.fi\/sm4rtloc\/materiaalit\/#breadcrumb"},"inLanguage":"fi","potentialAction":[{"@type":"ReadAction","target":["https:\/\/sites.uef.fi\/sm4rtloc\/materiaalit\/"]}]},{"@type":"ImageObject","inLanguage":"fi","@id":"https:\/\/sites.uef.fi\/sm4rtloc\/materiaalit\/#primaryimage","url":"https:\/\/sites.uef.fi\/sm4rtloc\/wp-content\/uploads\/sites\/166\/2026\/01\/Nayttokuva-2026-01-15-135718.png","contentUrl":"https:\/\/sites.uef.fi\/sm4rtloc\/wp-content\/uploads\/sites\/166\/2026\/01\/Nayttokuva-2026-01-15-135718.png","width":2560,"height":1392},{"@type":"BreadcrumbList","@id":"https:\/\/sites.uef.fi\/sm4rtloc\/materiaalit\/#breadcrumb","itemListElement":[{"@type":"ListItem","position":1,"name":"Home","item":"https:\/\/sites.uef.fi\/sm4rtloc\/"},{"@type":"ListItem","position":2,"name":"Materiaalit"}]},{"@type":"WebSite","@id":"https:\/\/sites.uef.fi\/sm4rtloc\/#website","url":"https:\/\/sites.uef.fi\/sm4rtloc\/","name":"Sm4rt LOC","description":"","potentialAction":[{"@type":"SearchAction","target":{"@type":"EntryPoint","urlTemplate":"https:\/\/sites.uef.fi\/sm4rtloc\/?s={search_term_string}"},"query-input":{"@type":"PropertyValueSpecification","valueRequired":true,"valueName":"search_term_string"}}],"inLanguage":"fi"}]}},"_links":{"self":[{"href":"https:\/\/sites.uef.fi\/sm4rtloc\/wp-json\/wp\/v2\/pages\/1098","targetHints":{"allow":["GET"]}}],"collection":[{"href":"https:\/\/sites.uef.fi\/sm4rtloc\/wp-json\/wp\/v2\/pages"}],"about":[{"href":"https:\/\/sites.uef.fi\/sm4rtloc\/wp-json\/wp\/v2\/types\/page"}],"author":[{"embeddable":true,"href":"https:\/\/sites.uef.fi\/sm4rtloc\/wp-json\/wp\/v2\/users\/1158"}],"replies":[{"embeddable":true,"href":"https:\/\/sites.uef.fi\/sm4rtloc\/wp-json\/wp\/v2\/comments?post=1098"}],"version-history":[{"count":1,"href":"https:\/\/sites.uef.fi\/sm4rtloc\/wp-json\/wp\/v2\/pages\/1098\/revisions"}],"predecessor-version":[{"id":1350,"href":"https:\/\/sites.uef.fi\/sm4rtloc\/wp-json\/wp\/v2\/pages\/1098\/revisions\/1350"}],"wp:attachment":[{"href":"https:\/\/sites.uef.fi\/sm4rtloc\/wp-json\/wp\/v2\/media?parent=1098"}],"curies":[{"name":"wp","href":"https:\/\/api.w.org\/{rel}","templated":true}]}}