{"id":1265,"date":"2026-02-26T13:34:09","date_gmt":"2026-02-26T10:34:09","guid":{"rendered":"https:\/\/sites.uef.fi\/sm4rtloc\/?page_id=1265"},"modified":"2026-02-26T13:34:12","modified_gmt":"2026-02-26T10:34:12","slug":"koulutus","status":"publish","type":"page","link":"https:\/\/sites.uef.fi\/sm4rtloc\/koulutus\/","title":{"rendered":"Koulutus"},"content":{"rendered":"\n<h2 class=\"wp-block-heading\">Pedagogiset pakopelit \u2013 t\u00e4ydennyskoulutus<\/h2>\n\n\n\n<p>Haluaisitko oppia suunnittelemaan ja toteuttamaan pedagogisia pakopelej\u00e4? Pedagogiset pakopelit aktivoivat oppimista, vahvistavat yhteisty\u00f6t\u00e4 ja lis\u00e4\u00e4v\u00e4t motivaatiota ja samalla ne tuovat iloa sek\u00e4 opettajalle ett\u00e4 oppijoille. Tule mukaan innostavaan koulutukseen, jossa opit hy\u00f6dynt\u00e4m\u00e4\u00e4n pakopelien pelillisi\u00e4 elementtej\u00e4 opetuksessa.<\/p>\n\n\n\n<p><strong>Pedagogiset pakopelit<\/strong> on It\u00e4-Suomen yliopiston Jatkuvan oppimisen keskuksen j\u00e4rjest\u00e4m\u00e4 t\u00e4ydennyskoulutus, joka tarjoaa laaja-alaisen johdatuksen pakopelipedagogiikkaan ja pedagogisten pakopelien hy\u00f6dynt\u00e4miseen eri oppimisymp\u00e4rist\u00f6iss\u00e4.<\/p>\n\n\n\n<p>Koulutuksessa tarkastellaan pakopelipedagogiikkaa oppimismenetelm\u00e4n\u00e4, jossa yhdistyv\u00e4t pelillisyys, ongelmanratkaisu, yhteisty\u00f6 ja tavoitteellinen oppiminen. Osallistujat tutustuvat pakopelipedagogiikan periaatteisiin sek\u00e4 erilaisiin pedagogisten pakopelien fyysisiin, digitaalisiin ja hybridimuotoisiin toteutustapoihin.<\/p>\n\n\n\n<div class=\"links-block\">\n\n            <h3>Lue lis\u00e4\u00e4 ja ilmoittaudu mukaan<\/h3>\n    \n    <ul class=\"link-list\">\n        \n            \n            <li class=\"link-list-item\">\n                <a href=\"https:\/\/www.uef.fi\/fi\/jatkuva-oppiminen\/pedagogiset-pakopelit\" class=\"link-reset link hover-scale-down\">\n                    <svg\n        width=\"43\" height=\"25\"\n        viewBox=\"0 0 43 25\"\n        xmlns=\"http:\/\/www.w3.org\/2000\/svg\">\n    <path\n        d=\"M30.027 0 43 12.5 30.027 25 27 22.083 34.351 15H0v-5h34.351L27 2.917z\"\n        fill=\"currentColor\"\n        fill-rule=\"evenodd\"\/>\n<\/svg>                    <div>Pedagogiset pakopelit \u2013 t\u00e4ydennyskoulutus<\/div>\n                <\/a>\n                <div class=\"link-info\">\n                                    <\/div>\n            <\/li>\n\n                <\/ul>\n<\/div>","protected":false},"excerpt":{"rendered":"<p>Pedagogiset pakopelit \u2013 t\u00e4ydennyskoulutus Haluaisitko oppia suunnittelemaan ja toteuttamaan pedagogisia pakopelej\u00e4? Pedagogiset pakopelit aktivoivat oppimista, vahvistavat yhteisty\u00f6t\u00e4 ja lis\u00e4\u00e4v\u00e4t motivaatiota ja samalla ne tuovat iloa sek\u00e4 opettajalle ett\u00e4 oppijoille. Tule mukaan innostavaan koulutukseen, jossa opit hy\u00f6dynt\u00e4m\u00e4\u00e4n pakopelien pelillisi\u00e4 elementtej\u00e4 opetuksessa. Pedagogiset pakopelit on It\u00e4-Suomen yliopiston Jatkuvan oppimisen keskuksen j\u00e4rjest\u00e4m\u00e4 t\u00e4ydennyskoulutus, joka tarjoaa laaja-alaisen johdatuksen pakopelipedagogiikkaan [&hellip;]<\/p>\n","protected":false},"author":1158,"featured_media":0,"parent":0,"menu_order":0,"comment_status":"closed","ping_status":"closed","template":"","meta":{"_acf_changed":false,"_monsterinsights_skip_tracking":false,"_monsterinsights_sitenote_active":false,"_monsterinsights_sitenote_note":"","_monsterinsights_sitenote_category":0,"footnotes":""},"class_list":["post-1265","page","type-page","status-publish","hentry"],"acf":[],"yoast_head":"<!-- This site is optimized with the Yoast SEO plugin v27.1.1 - https:\/\/yoast.com\/product\/yoast-seo-wordpress\/ -->\n<title>Koulutus - Sm4rt LOC<\/title>\n<meta name=\"robots\" content=\"index, follow, max-snippet:-1, max-image-preview:large, max-video-preview:-1\" \/>\n<link rel=\"canonical\" href=\"https:\/\/sites.uef.fi\/sm4rtloc\/koulutus\/\" \/>\n<meta property=\"og:locale\" content=\"fi_FI\" \/>\n<meta property=\"og:type\" content=\"article\" \/>\n<meta property=\"og:title\" content=\"Koulutus - Sm4rt LOC\" \/>\n<meta property=\"og:description\" content=\"Pedagogiset pakopelit \u2013 t\u00e4ydennyskoulutus Haluaisitko oppia suunnittelemaan ja toteuttamaan pedagogisia pakopelej\u00e4? Pedagogiset pakopelit aktivoivat oppimista, vahvistavat yhteisty\u00f6t\u00e4 ja lis\u00e4\u00e4v\u00e4t motivaatiota ja samalla ne tuovat iloa sek\u00e4 opettajalle ett\u00e4 oppijoille. Tule mukaan innostavaan koulutukseen, jossa opit hy\u00f6dynt\u00e4m\u00e4\u00e4n pakopelien pelillisi\u00e4 elementtej\u00e4 opetuksessa. Pedagogiset pakopelit on It\u00e4-Suomen yliopiston Jatkuvan oppimisen keskuksen j\u00e4rjest\u00e4m\u00e4 t\u00e4ydennyskoulutus, joka tarjoaa laaja-alaisen johdatuksen pakopelipedagogiikkaan [&hellip;]\" \/>\n<meta property=\"og:url\" content=\"https:\/\/sites.uef.fi\/sm4rtloc\/koulutus\/\" \/>\n<meta property=\"og:site_name\" content=\"Sm4rt LOC\" \/>\n<meta property=\"article:modified_time\" content=\"2026-02-26T10:34:12+00:00\" \/>\n<meta name=\"twitter:card\" content=\"summary_large_image\" \/>\n<meta name=\"twitter:label1\" content=\"Arvioitu lukuaika\" \/>\n\t<meta name=\"twitter:data1\" content=\"1 minuutti\" \/>\n<script type=\"application\/ld+json\" class=\"yoast-schema-graph\">{\"@context\":\"https:\/\/schema.org\",\"@graph\":[{\"@type\":\"WebPage\",\"@id\":\"https:\/\/sites.uef.fi\/sm4rtloc\/koulutus\/\",\"url\":\"https:\/\/sites.uef.fi\/sm4rtloc\/koulutus\/\",\"name\":\"Koulutus - Sm4rt LOC\",\"isPartOf\":{\"@id\":\"https:\/\/sites.uef.fi\/sm4rtloc\/#website\"},\"datePublished\":\"2026-02-26T10:34:09+00:00\",\"dateModified\":\"2026-02-26T10:34:12+00:00\",\"breadcrumb\":{\"@id\":\"https:\/\/sites.uef.fi\/sm4rtloc\/koulutus\/#breadcrumb\"},\"inLanguage\":\"fi\",\"potentialAction\":[{\"@type\":\"ReadAction\",\"target\":[\"https:\/\/sites.uef.fi\/sm4rtloc\/koulutus\/\"]}]},{\"@type\":\"BreadcrumbList\",\"@id\":\"https:\/\/sites.uef.fi\/sm4rtloc\/koulutus\/#breadcrumb\",\"itemListElement\":[{\"@type\":\"ListItem\",\"position\":1,\"name\":\"Home\",\"item\":\"https:\/\/sites.uef.fi\/sm4rtloc\/\"},{\"@type\":\"ListItem\",\"position\":2,\"name\":\"Koulutus\"}]},{\"@type\":\"WebSite\",\"@id\":\"https:\/\/sites.uef.fi\/sm4rtloc\/#website\",\"url\":\"https:\/\/sites.uef.fi\/sm4rtloc\/\",\"name\":\"Sm4rt LOC\",\"description\":\"\",\"potentialAction\":[{\"@type\":\"SearchAction\",\"target\":{\"@type\":\"EntryPoint\",\"urlTemplate\":\"https:\/\/sites.uef.fi\/sm4rtloc\/?s={search_term_string}\"},\"query-input\":{\"@type\":\"PropertyValueSpecification\",\"valueRequired\":true,\"valueName\":\"search_term_string\"}}],\"inLanguage\":\"fi\"}]}<\/script>\n<!-- \/ Yoast SEO plugin. -->","yoast_head_json":{"title":"Koulutus - Sm4rt LOC","robots":{"index":"index","follow":"follow","max-snippet":"max-snippet:-1","max-image-preview":"max-image-preview:large","max-video-preview":"max-video-preview:-1"},"canonical":"https:\/\/sites.uef.fi\/sm4rtloc\/koulutus\/","og_locale":"fi_FI","og_type":"article","og_title":"Koulutus - Sm4rt LOC","og_description":"Pedagogiset pakopelit \u2013 t\u00e4ydennyskoulutus Haluaisitko oppia suunnittelemaan ja toteuttamaan pedagogisia pakopelej\u00e4? Pedagogiset pakopelit aktivoivat oppimista, vahvistavat yhteisty\u00f6t\u00e4 ja lis\u00e4\u00e4v\u00e4t motivaatiota ja samalla ne tuovat iloa sek\u00e4 opettajalle ett\u00e4 oppijoille. Tule mukaan innostavaan koulutukseen, jossa opit hy\u00f6dynt\u00e4m\u00e4\u00e4n pakopelien pelillisi\u00e4 elementtej\u00e4 opetuksessa. Pedagogiset pakopelit on It\u00e4-Suomen yliopiston Jatkuvan oppimisen keskuksen j\u00e4rjest\u00e4m\u00e4 t\u00e4ydennyskoulutus, joka tarjoaa laaja-alaisen johdatuksen pakopelipedagogiikkaan [&hellip;]","og_url":"https:\/\/sites.uef.fi\/sm4rtloc\/koulutus\/","og_site_name":"Sm4rt LOC","article_modified_time":"2026-02-26T10:34:12+00:00","twitter_card":"summary_large_image","twitter_misc":{"Arvioitu lukuaika":"1 minuutti"},"schema":{"@context":"https:\/\/schema.org","@graph":[{"@type":"WebPage","@id":"https:\/\/sites.uef.fi\/sm4rtloc\/koulutus\/","url":"https:\/\/sites.uef.fi\/sm4rtloc\/koulutus\/","name":"Koulutus - Sm4rt LOC","isPartOf":{"@id":"https:\/\/sites.uef.fi\/sm4rtloc\/#website"},"datePublished":"2026-02-26T10:34:09+00:00","dateModified":"2026-02-26T10:34:12+00:00","breadcrumb":{"@id":"https:\/\/sites.uef.fi\/sm4rtloc\/koulutus\/#breadcrumb"},"inLanguage":"fi","potentialAction":[{"@type":"ReadAction","target":["https:\/\/sites.uef.fi\/sm4rtloc\/koulutus\/"]}]},{"@type":"BreadcrumbList","@id":"https:\/\/sites.uef.fi\/sm4rtloc\/koulutus\/#breadcrumb","itemListElement":[{"@type":"ListItem","position":1,"name":"Home","item":"https:\/\/sites.uef.fi\/sm4rtloc\/"},{"@type":"ListItem","position":2,"name":"Koulutus"}]},{"@type":"WebSite","@id":"https:\/\/sites.uef.fi\/sm4rtloc\/#website","url":"https:\/\/sites.uef.fi\/sm4rtloc\/","name":"Sm4rt LOC","description":"","potentialAction":[{"@type":"SearchAction","target":{"@type":"EntryPoint","urlTemplate":"https:\/\/sites.uef.fi\/sm4rtloc\/?s={search_term_string}"},"query-input":{"@type":"PropertyValueSpecification","valueRequired":true,"valueName":"search_term_string"}}],"inLanguage":"fi"}]}},"_links":{"self":[{"href":"https:\/\/sites.uef.fi\/sm4rtloc\/wp-json\/wp\/v2\/pages\/1265","targetHints":{"allow":["GET"]}}],"collection":[{"href":"https:\/\/sites.uef.fi\/sm4rtloc\/wp-json\/wp\/v2\/pages"}],"about":[{"href":"https:\/\/sites.uef.fi\/sm4rtloc\/wp-json\/wp\/v2\/types\/page"}],"author":[{"embeddable":true,"href":"https:\/\/sites.uef.fi\/sm4rtloc\/wp-json\/wp\/v2\/users\/1158"}],"replies":[{"embeddable":true,"href":"https:\/\/sites.uef.fi\/sm4rtloc\/wp-json\/wp\/v2\/comments?post=1265"}],"version-history":[{"count":1,"href":"https:\/\/sites.uef.fi\/sm4rtloc\/wp-json\/wp\/v2\/pages\/1265\/revisions"}],"predecessor-version":[{"id":1267,"href":"https:\/\/sites.uef.fi\/sm4rtloc\/wp-json\/wp\/v2\/pages\/1265\/revisions\/1267"}],"wp:attachment":[{"href":"https:\/\/sites.uef.fi\/sm4rtloc\/wp-json\/wp\/v2\/media?parent=1265"}],"curies":[{"name":"wp","href":"https:\/\/api.w.org\/{rel}","templated":true}]}}