{"id":1323,"date":"2026-02-26T16:55:06","date_gmt":"2026-02-26T13:55:06","guid":{"rendered":"https:\/\/sites.uef.fi\/sm4rtloc\/?page_id=1323"},"modified":"2026-02-27T15:08:47","modified_gmt":"2026-02-27T12:08:47","slug":"projects","status":"publish","type":"page","link":"https:\/\/sites.uef.fi\/sm4rtloc\/projects\/?lang=en","title":{"rendered":"Projects"},"content":{"rendered":"\n<p>This page presents <strong>projects on escape game pedagogy carried out at the University of Eastern Finland<\/strong>. These projects have focused on developing pedagogical escape game implementations, learning environments and training content for different target groups and educational contexts.<\/p>\n\n\n\t<div id=\"accordion-block_43162250972e779b02fa0c922f02cd93\" class=\"accordions\">\n\t\t\t\t\t<div class=\"accordion accordion-js\">\n\t\t\t\t<button class=\"accordion__button\" aria-controls=\"content-5681\" aria-expanded=\"false\" id=\"accordion-control-5681\">\n\t\t\t\t\t<h3 class=\"accordion__heading\" >\n\t\t\t\t\t\tFarScape\t\t\t\t\t<\/h3>\n\t\t\t\t<\/button>\n\t\t\t\t<div class=\"accordion__content\" role=\"region\" aria-labelledby=\"accordion-control-5681\" aria-hidden=\"true\" id=\"content-5681\">\n\t\t\t\t\t<div id=\"attachment_518\" style=\"width: 910px\" class=\"wp-caption aligncenter\"><img loading=\"lazy\" decoding=\"async\" aria-describedby=\"caption-attachment-518\" class=\"wp-image-518 size-full\" src=\"https:\/\/sites.uef.fi\/sm4rtloc\/wp-content\/uploads\/sites\/166\/2022\/05\/TT_farmasia_pakohuone_3132_rt.jpg\" alt=\"\" width=\"900\" height=\"599\" srcset=\"https:\/\/sites.uef.fi\/sm4rtloc\/wp-content\/uploads\/sites\/166\/2022\/05\/TT_farmasia_pakohuone_3132_rt.jpg 900w, https:\/\/sites.uef.fi\/sm4rtloc\/wp-content\/uploads\/sites\/166\/2022\/05\/TT_farmasia_pakohuone_3132_rt-300x200.jpg 300w, https:\/\/sites.uef.fi\/sm4rtloc\/wp-content\/uploads\/sites\/166\/2022\/05\/TT_farmasia_pakohuone_3132_rt-768x511.jpg 768w\" sizes=\"auto, (max-width: 900px) 100vw, 900px\" \/><p id=\"caption-attachment-518\" class=\"wp-caption-text\">The FarScape escape game test team in action, spring 2021.<\/p><\/div>\n<p>&nbsp;<\/p>\n<p><strong>FarScape<\/strong> is a pharmaceutical escape game concept developed at the University of Eastern Finland. It provides a functional and game\u2011based way for pharmacy students to practise professional skills through an escape game. FarScape is located on the Kuopio campus in a learning environment built in the Canthia building. Its work\u2011life\u2011oriented tasks assess both theoretical knowledge and practical skills in drug preparation, laboratory work and analytics. The game requires students to solve tasks in teams under time pressure, supporting the development of essential workplace skills such as collaboration, problem\u2011solving and working under pressure.<\/p>\n<p>FarScape is designed as part of pharmacy education. The game\u2019s tasks guide students to carry out each step carefully and correctly, while also bringing an experiential and motivating element to learning.<\/p>\n<p>The project is carried out by University Lecturers <a href=\"https:\/\/uefconnect.uef.fi\/en\/tarja.toropainen\/\"><strong>Tarja Toropainen<\/strong><\/a> and <a href=\"https:\/\/uefconnect.uef.fi\/en\/krista.laine\/\"><strong>Krista Laine<\/strong><\/a>.<\/p>\n<p><img loading=\"lazy\" decoding=\"async\" class=\"aligncenter wp-image-476 size-full\" src=\"https:\/\/sites.uef.fi\/sm4rtloc\/wp-content\/uploads\/sites\/166\/2022\/05\/Farscape_logo.jpg\" alt=\"\" width=\"314\" height=\"374\" srcset=\"https:\/\/sites.uef.fi\/sm4rtloc\/wp-content\/uploads\/sites\/166\/2022\/05\/Farscape_logo.jpg 314w, https:\/\/sites.uef.fi\/sm4rtloc\/wp-content\/uploads\/sites\/166\/2022\/05\/Farscape_logo-252x300.jpg 252w\" sizes=\"auto, (max-width: 314px) 100vw, 314px\" \/><\/p>\n\t\t\t\t<\/div>\n\t\t\t<\/div>\n\t\t\t\t\t<div class=\"accordion accordion-js\">\n\t\t\t\t<button class=\"accordion__button\" aria-controls=\"content-2380\" aria-expanded=\"false\" id=\"accordion-control-2380\">\n\t\t\t\t\t<h3 class=\"accordion__heading\" >\n\t\t\t\t\t\tPakoruotsi\t\t\t\t\t<\/h3>\n\t\t\t\t<\/button>\n\t\t\t\t<div class=\"accordion__content\" role=\"region\" aria-labelledby=\"accordion-control-2380\" aria-hidden=\"true\" id=\"content-2380\">\n\t\t\t\t\t<p><img loading=\"lazy\" decoding=\"async\" class=\"aligncenter wp-image-482 size-large\" src=\"https:\/\/sites.uef.fi\/sm4rtloc\/wp-content\/uploads\/sites\/166\/2022\/05\/Pakoruotsi_logo-1024x311.jpg\" alt=\"\" width=\"1024\" height=\"311\" srcset=\"https:\/\/sites.uef.fi\/sm4rtloc\/wp-content\/uploads\/sites\/166\/2022\/05\/Pakoruotsi_logo-1024x311.jpg 1024w, https:\/\/sites.uef.fi\/sm4rtloc\/wp-content\/uploads\/sites\/166\/2022\/05\/Pakoruotsi_logo-300x91.jpg 300w, https:\/\/sites.uef.fi\/sm4rtloc\/wp-content\/uploads\/sites\/166\/2022\/05\/Pakoruotsi_logo-768x233.jpg 768w, https:\/\/sites.uef.fi\/sm4rtloc\/wp-content\/uploads\/sites\/166\/2022\/05\/Pakoruotsi_logo-1536x466.jpg 1536w, https:\/\/sites.uef.fi\/sm4rtloc\/wp-content\/uploads\/sites\/166\/2022\/05\/Pakoruotsi_logo.jpg 1800w\" sizes=\"auto, (max-width: 1024px) 100vw, 1024px\" \/><\/p>\n<p><strong>Pakoruotsi<\/strong> is an escape game project carried out in 2021 as a collaboration between the Language Centre and the Department of Applied Education and Teacher Training. The project uses a game\u2011based approach to practising Swedish. The game is designed for higher education students studying Swedish, with the aim of motivating language learning, applying Swedish language skills and developing teamwork and problem\u2011solving abilities.<\/p>\n<p>Three different versions of Pakoruotsi have been developed. The game can be played in the Sm4rt LOC escape game laboratory, in a regular classroom, or as a digital version integrated into on\u2011campus or online teaching. In addition to refresher courses in Swedish, the game can be adapted for discipline\u2011specific courses.<\/p>\n<p>The project team included <a href=\"https:\/\/uefconnect.uef.fi\/en\/satu.reinikainen\/\"><strong>Satu Reinikainen<\/strong><\/a> and <a href=\"https:\/\/uefconnect.uef.fi\/en\/maarit.turunen\/\"><strong>Maarit Turunen<\/strong><\/a> from the Language Centre, and <strong>Ville Tahvanainen<\/strong> from the Department of Applied Education and Teacher Training.<\/p>\n<p><strong>More information:<\/strong><\/p>\n<ul>\n<li><strong><a href=\"https:\/\/sites.google.com\/view\/uef-pakoruotsi\/etusivu?authuser=0\"><em>Pakoruotsi project website <\/em><\/a><\/strong>\u2013 including free, non\u2011commercial game materials for all three versions and tips for creating your own escape game<\/li>\n<\/ul>\n<div id=\"attachment_488\" style=\"width: 1034px\" class=\"wp-caption aligncenter\"><img loading=\"lazy\" decoding=\"async\" aria-describedby=\"caption-attachment-488\" class=\"wp-image-488 size-large\" src=\"https:\/\/sites.uef.fi\/sm4rtloc\/wp-content\/uploads\/sites\/166\/2022\/05\/20210331_094859-1024x768.jpg\" alt=\"\" width=\"1024\" height=\"768\" srcset=\"https:\/\/sites.uef.fi\/sm4rtloc\/wp-content\/uploads\/sites\/166\/2022\/05\/20210331_094859-1024x768.jpg 1024w, https:\/\/sites.uef.fi\/sm4rtloc\/wp-content\/uploads\/sites\/166\/2022\/05\/20210331_094859-300x225.jpg 300w, https:\/\/sites.uef.fi\/sm4rtloc\/wp-content\/uploads\/sites\/166\/2022\/05\/20210331_094859-768x576.jpg 768w, https:\/\/sites.uef.fi\/sm4rtloc\/wp-content\/uploads\/sites\/166\/2022\/05\/20210331_094859-1536x1152.jpg 1536w, https:\/\/sites.uef.fi\/sm4rtloc\/wp-content\/uploads\/sites\/166\/2022\/05\/20210331_094859-2048x1536.jpg 2048w\" sizes=\"auto, (max-width: 1024px) 100vw, 1024px\" \/><p id=\"caption-attachment-488\" class=\"wp-caption-text\">Pilot group for Pakoruotsi, spring 2021.<\/p><\/div>\n<div id=\"attachment_494\" style=\"width: 778px\" class=\"wp-caption aligncenter\"><img loading=\"lazy\" decoding=\"async\" aria-describedby=\"caption-attachment-494\" class=\"wp-image-494 size-large\" src=\"https:\/\/sites.uef.fi\/sm4rtloc\/wp-content\/uploads\/sites\/166\/2022\/05\/20210331_085856-768x1024.jpg\" alt=\"\" width=\"768\" height=\"1024\" srcset=\"https:\/\/sites.uef.fi\/sm4rtloc\/wp-content\/uploads\/sites\/166\/2022\/05\/20210331_085856-768x1024.jpg 768w, https:\/\/sites.uef.fi\/sm4rtloc\/wp-content\/uploads\/sites\/166\/2022\/05\/20210331_085856-225x300.jpg 225w, https:\/\/sites.uef.fi\/sm4rtloc\/wp-content\/uploads\/sites\/166\/2022\/05\/20210331_085856-1152x1536.jpg 1152w, https:\/\/sites.uef.fi\/sm4rtloc\/wp-content\/uploads\/sites\/166\/2022\/05\/20210331_085856-1536x2048.jpg 1536w, https:\/\/sites.uef.fi\/sm4rtloc\/wp-content\/uploads\/sites\/166\/2022\/05\/20210331_085856-scaled.jpg 1920w\" sizes=\"auto, (max-width: 768px) 100vw, 768px\" \/><p id=\"caption-attachment-494\" class=\"wp-caption-text\">Language Centre teachers Maarit Turunen and Satu Reinikainen guiding the pilot game.<\/p><\/div>\n\t\t\t\t<\/div>\n\t\t\t<\/div>\n\t\t\t\t\t<div class=\"accordion accordion-js\">\n\t\t\t\t<button class=\"accordion__button\" aria-controls=\"content-6359\" aria-expanded=\"false\" id=\"accordion-control-6359\">\n\t\t\t\t\t<h3 class=\"accordion__heading\" >\n\t\t\t\t\t\tPakoteekki\t\t\t\t\t<\/h3>\n\t\t\t\t<\/button>\n\t\t\t\t<div class=\"accordion__content\" role=\"region\" aria-labelledby=\"accordion-control-6359\" aria-hidden=\"true\" id=\"content-6359\">\n\t\t\t\t\t<p><strong>Pakoteekki<\/strong> is a pedagogical escape room developed at the School of Pharmacy at the University of Eastern Finland in collaboration with pharmacy students. The aim of the game is to support students\u2019 professional competence and workplace skills related to pharmacy practice through hands\u2011on, team\u2011based tasks.<\/p>\n<p>A virtual reality learning environment, <strong>VR Pakoteekki<\/strong>, has also been developed based on the game. VR Pakoteekki helps pharmacy students prepare for their pharmacy practice period. It is a virtual escape game in which students work together to solve tasks related especially to customer counselling and dispensing medications.<\/p>\n<p>The virtual version was developed together with pharmacy student <strong>Eemil S\u00e4\u00e4skilahti<\/strong>, who piloted the game as part of his Master\u2019s thesis. Based on feedback from students who participated in the pilot games, the VR escape game was refined further. The feedback indicates that VR Pakoteekki is well suited for use in pharmacy education.<\/p>\n<p>More information from University Lecturers <a href=\"https:\/\/uefconnect.uef.fi\/en\/piia.siitonen\/\"><strong>Piia Siitonen<\/strong><\/a> and <a href=\"https:\/\/uefconnect.uef.fi\/en\/tarja.toropainen\/\"><strong>Tarja Toropainen<\/strong><\/a><\/p>\n\t\t\t\t<\/div>\n\t\t\t<\/div>\n\t\t\t\t\t<div class=\"accordion accordion-js\">\n\t\t\t\t<button class=\"accordion__button\" aria-controls=\"content-5493\" aria-expanded=\"false\" id=\"accordion-control-5493\">\n\t\t\t\t\t<h3 class=\"accordion__heading\" >\n\t\t\t\t\t\tEsGaPed\t\t\t\t\t<\/h3>\n\t\t\t\t<\/button>\n\t\t\t\t<div class=\"accordion__content\" role=\"region\" aria-labelledby=\"accordion-control-5493\" aria-hidden=\"true\" id=\"content-5493\">\n\t\t\t\t\t<p><img loading=\"lazy\" decoding=\"async\" class=\"aligncenter wp-image-1227 size-large\" src=\"https:\/\/sites.uef.fi\/sm4rtloc\/wp-content\/uploads\/sites\/166\/2026\/01\/UEF_Escape_Logo-05-1024x512.png\" alt=\"\" width=\"1024\" height=\"512\" srcset=\"https:\/\/sites.uef.fi\/sm4rtloc\/wp-content\/uploads\/sites\/166\/2026\/01\/UEF_Escape_Logo-05-1024x512.png 1024w, https:\/\/sites.uef.fi\/sm4rtloc\/wp-content\/uploads\/sites\/166\/2026\/01\/UEF_Escape_Logo-05-300x150.png 300w, https:\/\/sites.uef.fi\/sm4rtloc\/wp-content\/uploads\/sites\/166\/2026\/01\/UEF_Escape_Logo-05-768x384.png 768w, https:\/\/sites.uef.fi\/sm4rtloc\/wp-content\/uploads\/sites\/166\/2026\/01\/UEF_Escape_Logo-05-1536x768.png 1536w, https:\/\/sites.uef.fi\/sm4rtloc\/wp-content\/uploads\/sites\/166\/2026\/01\/UEF_Escape_Logo-05-2048x1024.png 2048w\" sizes=\"auto, (max-width: 1024px) 100vw, 1024px\" \/><\/p>\n<p><strong>EsGaPed<\/strong> was a development project carried out at the University of Eastern Finland in 2023\u20132024. Its aim was to strengthen expertise in escape game pedagogy and to produce an internationally applicable training package and related materials on escape game pedagogy.<\/p>\n<p>A key emphasis of the project was on building and strengthening expertise and collaboration in escape game pedagogy. The goal was to bring together and pilot a multidisciplinary expert network and to develop a model for its operation so that escape game pedagogy can be applied across different fields of education and diverse teaching contexts.<\/p>\n<p>The project team consisted of <strong>Ville Tahvanainen<\/strong>, <strong>Sanna Nenonen<\/strong>, <a href=\"https:\/\/uefconnect.uef.fi\/en\/iiris.kangasniemi\/\"><strong>Iiris Kangasniemi<\/strong><\/a> and <strong>Andreas Fischer<\/strong>.<\/p>\n\t\t\t\t<\/div>\n\t\t\t<\/div>\n\t\t\t\t\t<div class=\"accordion accordion-js\">\n\t\t\t\t<button class=\"accordion__button\" aria-controls=\"content-234\" aria-expanded=\"false\" id=\"accordion-control-234\">\n\t\t\t\t\t<h3 class=\"accordion__heading\" >\n\t\t\t\t\t\tWorryEscape\t\t\t\t\t<\/h3>\n\t\t\t\t<\/button>\n\t\t\t\t<div class=\"accordion__content\" role=\"region\" aria-labelledby=\"accordion-control-234\" aria-hidden=\"true\" id=\"content-234\">\n\t\t\t\t\t<p><strong>WorryEscape<\/strong> is a project funded by the Ministry of Justice and carried out in collaboration by the University of Eastern Finland and Laurea University of Applied Sciences. The project was implemented in 2024\u20132025 with the aim of strengthening the financial literacy of young adults through gamification.<\/p>\n<p>Within the project, a financial\u2011themed escape game was developed. The game addresses everyday financial situations relevant to young people\u2014such as spending, budgeting and making daily financial decisions\u2014and provides opportunities to practise related skills. It is designed especially for professionals who work with young people in guidance and teaching roles, and it is suitable for implementation with young people aged 15 and above.<\/p>\n<p>From UEF, <a href=\"https:\/\/uefconnect.uef.fi\/en\/marilla.kortesalmi\/\"><strong>Marilla Kortesalmi<\/strong><\/a> and <a href=\"https:\/\/uefconnect.uef.fi\/en\/henna.hakamaki\/\"><strong>Henna Hakam\u00e4ki<\/strong><\/a> worked on the project.<\/p>\n<p><strong>More information:<\/strong><\/p>\n<ul>\n<li><a href=\"https:\/\/kkv-kampus.fi\/course\/view.php?id=264&amp;utm_source=chatgpt.com\"><strong>Project materials and game instructions (KKV Kampus: <em>WorryEscape financial escape game<\/em>)<\/strong><\/a><\/li>\n<\/ul>\n\t\t\t\t<\/div>\n\t\t\t<\/div>\n\t\t\t\t\t<div class=\"accordion accordion-js\">\n\t\t\t\t<button class=\"accordion__button\" aria-controls=\"content-8051\" aria-expanded=\"false\" id=\"accordion-control-8051\">\n\t\t\t\t\t<h3 class=\"accordion__heading\" >\n\t\t\t\t\t\tYhdess\u00e4 pakoon!\t\t\t\t\t<\/h3>\n\t\t\t\t<\/button>\n\t\t\t\t<div class=\"accordion__content\" role=\"region\" aria-labelledby=\"accordion-control-8051\" aria-hidden=\"true\" id=\"content-8051\">\n\t\t\t\t\t<p><img loading=\"lazy\" decoding=\"async\" class=\"aligncenter wp-image-1218 size-large\" src=\"https:\/\/sites.uef.fi\/sm4rtloc\/wp-content\/uploads\/sites\/166\/2026\/01\/YP_logo_harmaa-1024x512.png\" alt=\"\" width=\"1024\" height=\"512\" srcset=\"https:\/\/sites.uef.fi\/sm4rtloc\/wp-content\/uploads\/sites\/166\/2026\/01\/YP_logo_harmaa-1024x512.png 1024w, https:\/\/sites.uef.fi\/sm4rtloc\/wp-content\/uploads\/sites\/166\/2026\/01\/YP_logo_harmaa-300x150.png 300w, https:\/\/sites.uef.fi\/sm4rtloc\/wp-content\/uploads\/sites\/166\/2026\/01\/YP_logo_harmaa-768x384.png 768w, https:\/\/sites.uef.fi\/sm4rtloc\/wp-content\/uploads\/sites\/166\/2026\/01\/YP_logo_harmaa.png 1500w\" sizes=\"auto, (max-width: 1024px) 100vw, 1024px\" \/><\/p>\n<p>&nbsp;<\/p>\n<p><strong>Yhdess\u00e4 pakoon! \u2013 Pakopelipedagogiikka yhteis\u00f6llisyyden edist\u00e4j\u00e4n\u00e4 opetuksessa<\/strong>\u00a0(Escape Together! &#8211; Escape Room Pedagogy as a Tool for Enhancing Community in Teaching) was a continuous learning project funded by the Finnish National Agency for Education. The project offered training for teachers in basic education and upper secondary vocational education on how to apply escape game pedagogy in their teaching. Its aim was to support the development of communal teaching practices and to strengthen participatory and creative methods through escape game pedagogy.<\/p>\n<p>The project was implemented in 2024\u20132026 in collaboration between the <strong>University of Eastern Finland<\/strong>, <strong>Humak University of Applied Sciences<\/strong> and<strong> Kajaani University of Applied Sciences<\/strong> (KAMK). At UEF, the project was carried out by the Centre for Continuous Learning together with the Department of Applied Education and Teacher Training, and the project team included <a href=\"https:\/\/uefconnect.uef.fi\/en\/sanna.soppela\/\"><strong>Sanna Soppela<\/strong><\/a>, <a href=\"https:\/\/uefconnect.uef.fi\/en\/iiris.kangasniemi\/\"><strong>Iiris Kangasniemi<\/strong><\/a> and <a href=\"https:\/\/uefconnect.uef.fi\/en\/sini.kontkanen\/\"><strong>Sini Kontkanen<\/strong><\/a>.<\/p>\n<p>The training consisted of four modules. The first two were implemented nationally online, while the remaining two were delivered in regional groups in Kuopio, Joensuu and Kajaani. The content introduced perspectives on game\u2011based learning and provided guidance for designing both physical and virtual escape games. Participants also received practical tools for designing, implementing and evaluating their own pedagogical escape games.<\/p>\n<p>In the applied modules, participants designed and carried out escape games tailored to their own teaching contexts. Some of the participants\u2019 materials will be published gradually on the <a href=\"https:\/\/sites.uef.fi\/sm4rtloc\/materials\/?lang=en\"><strong>Materials<\/strong><\/a> page.<\/p>\n<p>The project also produced an open online course, <strong>Pedagogiset pakopelit opetuksessa<\/strong><em> (Pedagogical Escape Games in Teaching)<\/em>, available on the DigiCampus platform (see more on the <a href=\"https:\/\/sites.uef.fi\/sm4rtloc\/escape-game-pedagogy\/?lang=en\">Escape Game Pedagogy<\/a> page).<\/p>\n\t\t\t\t<\/div>\n\t\t\t<\/div>\n\t\t\t<\/div>\n\t\n\n\n<p><\/p>\n","protected":false},"excerpt":{"rendered":"<p>This page presents projects on escape game pedagogy carried out at the University of Eastern Finland. These projects have focused on developing pedagogical escape game implementations, learning environments and training content for different target groups and educational contexts.<\/p>\n","protected":false},"author":1158,"featured_media":0,"parent":0,"menu_order":0,"comment_status":"closed","ping_status":"closed","template":"","meta":{"_acf_changed":false,"_monsterinsights_skip_tracking":false,"_monsterinsights_sitenote_active":false,"_monsterinsights_sitenote_note":"","_monsterinsights_sitenote_category":0,"footnotes":""},"class_list":["post-1323","page","type-page","status-publish","hentry"],"acf":[],"yoast_head":"<!-- This site is optimized with the Yoast SEO plugin v27.1.1 - https:\/\/yoast.com\/product\/yoast-seo-wordpress\/ -->\n<title>Projects - Sm4rt LOC<\/title>\n<meta name=\"robots\" content=\"index, follow, max-snippet:-1, max-image-preview:large, max-video-preview:-1\" \/>\n<link rel=\"canonical\" href=\"https:\/\/sites.uef.fi\/sm4rtloc\/projects\/?lang=en\" \/>\n<meta property=\"og:locale\" content=\"fi_FI\" \/>\n<meta property=\"og:type\" content=\"article\" \/>\n<meta property=\"og:title\" content=\"Projects - Sm4rt LOC\" \/>\n<meta property=\"og:description\" content=\"This page presents projects on escape game pedagogy carried out at the University of Eastern Finland. These projects have focused on developing pedagogical escape game implementations, learning environments and training content for different target groups and educational contexts.\" \/>\n<meta property=\"og:url\" content=\"https:\/\/sites.uef.fi\/sm4rtloc\/projects\/?lang=en\" \/>\n<meta property=\"og:site_name\" content=\"Sm4rt LOC\" \/>\n<meta property=\"article:modified_time\" content=\"2026-02-27T12:08:47+00:00\" \/>\n<meta name=\"twitter:card\" content=\"summary_large_image\" \/>\n<meta name=\"twitter:label1\" content=\"Arvioitu lukuaika\" \/>\n\t<meta name=\"twitter:data1\" content=\"1 minuutti\" \/>\n<script type=\"application\/ld+json\" class=\"yoast-schema-graph\">{\"@context\":\"https:\/\/schema.org\",\"@graph\":[{\"@type\":\"WebPage\",\"@id\":\"https:\/\/sites.uef.fi\/sm4rtloc\/projects\/?lang=en\",\"url\":\"https:\/\/sites.uef.fi\/sm4rtloc\/projects\/?lang=en\",\"name\":\"Projects - Sm4rt LOC\",\"isPartOf\":{\"@id\":\"https:\/\/sites.uef.fi\/sm4rtloc\/#website\"},\"datePublished\":\"2026-02-26T13:55:06+00:00\",\"dateModified\":\"2026-02-27T12:08:47+00:00\",\"breadcrumb\":{\"@id\":\"https:\/\/sites.uef.fi\/sm4rtloc\/projects\/?lang=en#breadcrumb\"},\"inLanguage\":\"fi\",\"potentialAction\":[{\"@type\":\"ReadAction\",\"target\":[\"https:\/\/sites.uef.fi\/sm4rtloc\/projects\/?lang=en\"]}]},{\"@type\":\"BreadcrumbList\",\"@id\":\"https:\/\/sites.uef.fi\/sm4rtloc\/projects\/?lang=en#breadcrumb\",\"itemListElement\":[{\"@type\":\"ListItem\",\"position\":1,\"name\":\"Home\",\"item\":\"https:\/\/sites.uef.fi\/sm4rtloc\/\"},{\"@type\":\"ListItem\",\"position\":2,\"name\":\"Projects\"}]},{\"@type\":\"WebSite\",\"@id\":\"https:\/\/sites.uef.fi\/sm4rtloc\/#website\",\"url\":\"https:\/\/sites.uef.fi\/sm4rtloc\/\",\"name\":\"Sm4rt LOC\",\"description\":\"\",\"potentialAction\":[{\"@type\":\"SearchAction\",\"target\":{\"@type\":\"EntryPoint\",\"urlTemplate\":\"https:\/\/sites.uef.fi\/sm4rtloc\/?s={search_term_string}\"},\"query-input\":{\"@type\":\"PropertyValueSpecification\",\"valueRequired\":true,\"valueName\":\"search_term_string\"}}],\"inLanguage\":\"fi\"}]}<\/script>\n<!-- \/ Yoast SEO plugin. -->","yoast_head_json":{"title":"Projects - Sm4rt LOC","robots":{"index":"index","follow":"follow","max-snippet":"max-snippet:-1","max-image-preview":"max-image-preview:large","max-video-preview":"max-video-preview:-1"},"canonical":"https:\/\/sites.uef.fi\/sm4rtloc\/projects\/?lang=en","og_locale":"fi_FI","og_type":"article","og_title":"Projects - Sm4rt LOC","og_description":"This page presents projects on escape game pedagogy carried out at the University of Eastern Finland. These projects have focused on developing pedagogical escape game implementations, learning environments and training content for different target groups and educational contexts.","og_url":"https:\/\/sites.uef.fi\/sm4rtloc\/projects\/?lang=en","og_site_name":"Sm4rt LOC","article_modified_time":"2026-02-27T12:08:47+00:00","twitter_card":"summary_large_image","twitter_misc":{"Arvioitu lukuaika":"1 minuutti"},"schema":{"@context":"https:\/\/schema.org","@graph":[{"@type":"WebPage","@id":"https:\/\/sites.uef.fi\/sm4rtloc\/projects\/?lang=en","url":"https:\/\/sites.uef.fi\/sm4rtloc\/projects\/?lang=en","name":"Projects - Sm4rt LOC","isPartOf":{"@id":"https:\/\/sites.uef.fi\/sm4rtloc\/#website"},"datePublished":"2026-02-26T13:55:06+00:00","dateModified":"2026-02-27T12:08:47+00:00","breadcrumb":{"@id":"https:\/\/sites.uef.fi\/sm4rtloc\/projects\/?lang=en#breadcrumb"},"inLanguage":"fi","potentialAction":[{"@type":"ReadAction","target":["https:\/\/sites.uef.fi\/sm4rtloc\/projects\/?lang=en"]}]},{"@type":"BreadcrumbList","@id":"https:\/\/sites.uef.fi\/sm4rtloc\/projects\/?lang=en#breadcrumb","itemListElement":[{"@type":"ListItem","position":1,"name":"Home","item":"https:\/\/sites.uef.fi\/sm4rtloc\/"},{"@type":"ListItem","position":2,"name":"Projects"}]},{"@type":"WebSite","@id":"https:\/\/sites.uef.fi\/sm4rtloc\/#website","url":"https:\/\/sites.uef.fi\/sm4rtloc\/","name":"Sm4rt LOC","description":"","potentialAction":[{"@type":"SearchAction","target":{"@type":"EntryPoint","urlTemplate":"https:\/\/sites.uef.fi\/sm4rtloc\/?s={search_term_string}"},"query-input":{"@type":"PropertyValueSpecification","valueRequired":true,"valueName":"search_term_string"}}],"inLanguage":"fi"}]}},"_links":{"self":[{"href":"https:\/\/sites.uef.fi\/sm4rtloc\/wp-json\/wp\/v2\/pages\/1323","targetHints":{"allow":["GET"]}}],"collection":[{"href":"https:\/\/sites.uef.fi\/sm4rtloc\/wp-json\/wp\/v2\/pages"}],"about":[{"href":"https:\/\/sites.uef.fi\/sm4rtloc\/wp-json\/wp\/v2\/types\/page"}],"author":[{"embeddable":true,"href":"https:\/\/sites.uef.fi\/sm4rtloc\/wp-json\/wp\/v2\/users\/1158"}],"replies":[{"embeddable":true,"href":"https:\/\/sites.uef.fi\/sm4rtloc\/wp-json\/wp\/v2\/comments?post=1323"}],"version-history":[{"count":1,"href":"https:\/\/sites.uef.fi\/sm4rtloc\/wp-json\/wp\/v2\/pages\/1323\/revisions"}],"predecessor-version":[{"id":1333,"href":"https:\/\/sites.uef.fi\/sm4rtloc\/wp-json\/wp\/v2\/pages\/1323\/revisions\/1333"}],"wp:attachment":[{"href":"https:\/\/sites.uef.fi\/sm4rtloc\/wp-json\/wp\/v2\/media?parent=1323"}],"curies":[{"name":"wp","href":"https:\/\/api.w.org\/{rel}","templated":true}]}}