{"id":25,"date":"2020-09-10T08:38:49","date_gmt":"2020-09-10T05:38:49","guid":{"rendered":"https:\/\/sites.uef.fi\/sm4rtloc\/?page_id=25"},"modified":"2026-02-26T13:25:04","modified_gmt":"2026-02-26T10:25:04","slug":"homepage","status":"publish","type":"page","link":"https:\/\/sites.uef.fi\/sm4rtloc\/","title":{"rendered":"Etusivu"},"content":{"rendered":"\n<h1 class=\"wp-block-heading\"><strong>Tervetuloa pakopelipedagogiikan maailmaan!<\/strong><\/h1>\n\n\n\n<p><strong>Sm4rt LOC \u2013 Learning Observation Classroom<\/strong> on <strong>It\u00e4-Suomen yliopistossa<\/strong> toimiva, maailmanlaajuisesti ainutlaatuinen laboratorio ja oppimisen havainnoinnin luokkahuone, joka on suunniteltu erityisesti pedagogisten pakopelien kehitt\u00e4miseen, toteuttamiseen ja tutkimukseen.<\/p>\n\n\n\n<p>It\u00e4-Suomen yliopistossa on vuodesta 2020 l\u00e4htien kehitetty ja sovellettu <strong>pakopelipedagogiikkaa<\/strong> oppimista tukevana pedagogisena ratkaisuna, ja toteutuksissa on hy\u00f6dynnetty Sm4rt LOC -pakopelilaboratoriota. Pakopelipedagogiikka on opetuksellinen l\u00e4hestymistapa, jossa pakopelien elementtej\u00e4 hy\u00f6dynnet\u00e4\u00e4n oppimisen tukena eri koulutusasteilla ja oppiaineissa.<\/p>\n\n\n\n<p>T\u00e4m\u00e4 sivusto toimii pakopelipedagogiikan tietopankkina kaikille aiheesta kiinnostuneille. Sen tavoitteena on tarjota tutkimukseen perustuvaa tietoa, esitell\u00e4 Sm4rt LOC -oppimisymp\u00e4rist\u00f6\u00e4 ja siihen liittyv\u00e4\u00e4 toimintaa sek\u00e4 koota yhteen pakopelipedagogiikan kehitt\u00e4mishankkeita ja avoimia materiaaleja pedagogisten pakopelien suunnittelun ja toteutuksen tueksi. Materiaalipankista l\u00f6ytyy my\u00f6s valmiita pedagogisia pakopelej\u00e4 opetusk\u00e4ytt\u00f6\u00f6n.<\/p>\n\n\n\n<div class=\"links-block\">\n\n    \n    <ul class=\"link-list\">\n        \n            \n            <li class=\"link-list-item\">\n                <a href=\"https:\/\/sites.uef.fi\/sm4rtloc\/hankkeesta\/\" class=\"link-reset link hover-scale-down\">\n                    <svg\n        width=\"43\" height=\"25\"\n        viewBox=\"0 0 43 25\"\n        xmlns=\"http:\/\/www.w3.org\/2000\/svg\">\n    <path\n        d=\"M30.027 0 43 12.5 30.027 25 27 22.083 34.351 15H0v-5h34.351L27 2.917z\"\n        fill=\"currentColor\"\n        fill-rule=\"evenodd\"\/>\n<\/svg>                    <div>Tutustu Sm4rt LOC -tilaan<\/div>\n                <\/a>\n                <div class=\"link-info\">\n                                    <\/div>\n            <\/li>\n\n        \n            <li class=\"link-list-item\">\n                <a href=\"https:\/\/sites.uef.fi\/sm4rtloc\/pakopelipedagogiikka\/\" class=\"link-reset link hover-scale-down\">\n                    <svg\n        width=\"43\" height=\"25\"\n        viewBox=\"0 0 43 25\"\n        xmlns=\"http:\/\/www.w3.org\/2000\/svg\">\n    <path\n        d=\"M30.027 0 43 12.5 30.027 25 27 22.083 34.351 15H0v-5h34.351L27 2.917z\"\n        fill=\"currentColor\"\n        fill-rule=\"evenodd\"\/>\n<\/svg>                    <div>Mit\u00e4 on pakopelipedagogiikka?<\/div>\n                <\/a>\n                <div class=\"link-info\">\n                                    <\/div>\n            <\/li>\n\n        \n            <li class=\"link-list-item\">\n                <a href=\"https:\/\/sites.uef.fi\/sm4rtloc\/hankkeet\/\" class=\"link-reset link hover-scale-down\">\n                    <svg\n        width=\"43\" height=\"25\"\n        viewBox=\"0 0 43 25\"\n        xmlns=\"http:\/\/www.w3.org\/2000\/svg\">\n    <path\n        d=\"M30.027 0 43 12.5 30.027 25 27 22.083 34.351 15H0v-5h34.351L27 2.917z\"\n        fill=\"currentColor\"\n        fill-rule=\"evenodd\"\/>\n<\/svg>                    <div>Tutustu pakopelipedagogiikan hankkeisiin<\/div>\n                <\/a>\n                <div class=\"link-info\">\n                                    <\/div>\n            <\/li>\n\n        \n            <li class=\"link-list-item\">\n                <a href=\"https:\/\/sites.uef.fi\/sm4rtloc\/materiaalit\/\" class=\"link-reset link hover-scale-down\">\n                    <svg\n        width=\"43\" height=\"25\"\n        viewBox=\"0 0 43 25\"\n        xmlns=\"http:\/\/www.w3.org\/2000\/svg\">\n    <path\n        d=\"M30.027 0 43 12.5 30.027 25 27 22.083 34.351 15H0v-5h34.351L27 2.917z\"\n        fill=\"currentColor\"\n        fill-rule=\"evenodd\"\/>\n<\/svg>                    <div>Materiaalipankki<\/div>\n                <\/a>\n                <div class=\"link-info\">\n                                    <\/div>\n            <\/li>\n\n        \n            <li class=\"link-list-item\">\n                <a href=\"https:\/\/sites.uef.fi\/sm4rtloc\/yhteystiedot\/\" class=\"link-reset link hover-scale-down\">\n                    <svg\n        width=\"43\" height=\"25\"\n        viewBox=\"0 0 43 25\"\n        xmlns=\"http:\/\/www.w3.org\/2000\/svg\">\n    <path\n        d=\"M30.027 0 43 12.5 30.027 25 27 22.083 34.351 15H0v-5h34.351L27 2.917z\"\n        fill=\"currentColor\"\n        fill-rule=\"evenodd\"\/>\n<\/svg>                    <div>Ota yhteytt\u00e4<\/div>\n                <\/a>\n                <div class=\"link-info\">\n                                    <\/div>\n            <\/li>\n\n                <\/ul>\n<\/div>\n\n\n<figure class=\"wp-block-embed is-type-video is-provider-youtube wp-block-embed-youtube wp-embed-aspect-16-9 wp-has-aspect-ratio\"><div class=\"wp-block-embed__wrapper\">\n<iframe loading=\"lazy\" title=\"Sm4rt LOC  esittelyvideo\" width=\"500\" height=\"281\" src=\"https:\/\/www.youtube.com\/embed\/Wzbp3Des34U?feature=oembed\" frameborder=\"0\" allow=\"accelerometer; autoplay; clipboard-write; encrypted-media; gyroscope; picture-in-picture; web-share\" referrerpolicy=\"strict-origin-when-cross-origin\" allowfullscreen><\/iframe>\n<\/div><\/figure>\n\n\n\n<figure class=\"wp-block-image size-large\"><img loading=\"lazy\" decoding=\"async\" width=\"1024\" height=\"529\" src=\"https:\/\/sites.uef.fi\/sm4rtloc\/wp-content\/uploads\/sites\/166\/2020\/10\/Skope_pakohuone_-logo_3907-1024x529.jpg\" alt=\"\" class=\"wp-image-276\" srcset=\"https:\/\/sites.uef.fi\/sm4rtloc\/wp-content\/uploads\/sites\/166\/2020\/10\/Skope_pakohuone_-logo_3907-1024x529.jpg 1024w, https:\/\/sites.uef.fi\/sm4rtloc\/wp-content\/uploads\/sites\/166\/2020\/10\/Skope_pakohuone_-logo_3907-300x155.jpg 300w, https:\/\/sites.uef.fi\/sm4rtloc\/wp-content\/uploads\/sites\/166\/2020\/10\/Skope_pakohuone_-logo_3907-768x397.jpg 768w, https:\/\/sites.uef.fi\/sm4rtloc\/wp-content\/uploads\/sites\/166\/2020\/10\/Skope_pakohuone_-logo_3907-1536x794.jpg 1536w, https:\/\/sites.uef.fi\/sm4rtloc\/wp-content\/uploads\/sites\/166\/2020\/10\/Skope_pakohuone_-logo_3907.jpg 2000w\" sizes=\"auto, (max-width: 1024px) 100vw, 1024px\" \/><\/figure>\n","protected":false},"excerpt":{"rendered":"<p>Tervetuloa pakopelipedagogiikan maailmaan! Sm4rt LOC \u2013 Learning Observation Classroom on It\u00e4-Suomen yliopistossa toimiva, maailmanlaajuisesti ainutlaatuinen laboratorio ja oppimisen havainnoinnin luokkahuone, joka on suunniteltu erityisesti pedagogisten pakopelien kehitt\u00e4miseen, toteuttamiseen ja tutkimukseen. It\u00e4-Suomen yliopistossa on vuodesta 2020 l\u00e4htien kehitetty ja sovellettu pakopelipedagogiikkaa oppimista tukevana pedagogisena ratkaisuna, ja toteutuksissa on hy\u00f6dynnetty Sm4rt LOC -pakopelilaboratoriota. Pakopelipedagogiikka on opetuksellinen l\u00e4hestymistapa, [&hellip;]<\/p>\n","protected":false},"author":2,"featured_media":0,"parent":0,"menu_order":0,"comment_status":"closed","ping_status":"closed","template":"","meta":{"_acf_changed":false,"_monsterinsights_skip_tracking":false,"_monsterinsights_sitenote_active":false,"_monsterinsights_sitenote_note":"","_monsterinsights_sitenote_category":0,"footnotes":""},"class_list":["post-25","page","type-page","status-publish","hentry"],"acf":[],"yoast_head":"<!-- This site is optimized with the Yoast SEO plugin v27.3 - https:\/\/yoast.com\/product\/yoast-seo-wordpress\/ -->\n<title>Etusivu - Sm4rt LOC<\/title>\n<meta name=\"robots\" content=\"index, follow, max-snippet:-1, max-image-preview:large, max-video-preview:-1\" \/>\n<link rel=\"canonical\" href=\"https:\/\/sites.uef.fi\/sm4rtloc\/\" \/>\n<meta property=\"og:locale\" content=\"fi_FI\" \/>\n<meta property=\"og:type\" content=\"article\" \/>\n<meta property=\"og:title\" content=\"Etusivu - Sm4rt LOC\" \/>\n<meta property=\"og:description\" content=\"Tervetuloa pakopelipedagogiikan maailmaan! Sm4rt LOC \u2013 Learning Observation Classroom on It\u00e4-Suomen yliopistossa toimiva, maailmanlaajuisesti ainutlaatuinen laboratorio ja oppimisen havainnoinnin luokkahuone, joka on suunniteltu erityisesti pedagogisten pakopelien kehitt\u00e4miseen, toteuttamiseen ja tutkimukseen. It\u00e4-Suomen yliopistossa on vuodesta 2020 l\u00e4htien kehitetty ja sovellettu pakopelipedagogiikkaa oppimista tukevana pedagogisena ratkaisuna, ja toteutuksissa on hy\u00f6dynnetty Sm4rt LOC -pakopelilaboratoriota. Pakopelipedagogiikka on opetuksellinen l\u00e4hestymistapa, [&hellip;]\" \/>\n<meta property=\"og:url\" content=\"https:\/\/sites.uef.fi\/sm4rtloc\/\" \/>\n<meta property=\"og:site_name\" content=\"Sm4rt LOC\" \/>\n<meta property=\"article:modified_time\" content=\"2026-02-26T10:25:04+00:00\" \/>\n<meta property=\"og:image\" content=\"https:\/\/sites.uef.fi\/sm4rtloc\/wp-content\/uploads\/sites\/166\/2020\/10\/Skope_pakohuone_-logo_3907-1024x529.jpg\" \/>\n<meta name=\"twitter:card\" content=\"summary_large_image\" \/>\n<meta name=\"twitter:label1\" content=\"Arvioitu lukuaika\" \/>\n\t<meta name=\"twitter:data1\" content=\"1 minuutti\" \/>\n<script type=\"application\/ld+json\" class=\"yoast-schema-graph\">{\"@context\":\"https:\\\/\\\/schema.org\",\"@graph\":[{\"@type\":\"WebPage\",\"@id\":\"https:\\\/\\\/sites.uef.fi\\\/sm4rtloc\\\/\",\"url\":\"https:\\\/\\\/sites.uef.fi\\\/sm4rtloc\\\/\",\"name\":\"Etusivu - Sm4rt LOC\",\"isPartOf\":{\"@id\":\"https:\\\/\\\/sites.uef.fi\\\/sm4rtloc\\\/#website\"},\"primaryImageOfPage\":{\"@id\":\"https:\\\/\\\/sites.uef.fi\\\/sm4rtloc\\\/#primaryimage\"},\"image\":{\"@id\":\"https:\\\/\\\/sites.uef.fi\\\/sm4rtloc\\\/#primaryimage\"},\"thumbnailUrl\":\"https:\\\/\\\/sites.uef.fi\\\/sm4rtloc\\\/wp-content\\\/uploads\\\/sites\\\/166\\\/2020\\\/10\\\/Skope_pakohuone_-logo_3907-1024x529.jpg\",\"datePublished\":\"2020-09-10T05:38:49+00:00\",\"dateModified\":\"2026-02-26T10:25:04+00:00\",\"breadcrumb\":{\"@id\":\"https:\\\/\\\/sites.uef.fi\\\/sm4rtloc\\\/#breadcrumb\"},\"inLanguage\":\"fi\",\"potentialAction\":[{\"@type\":\"ReadAction\",\"target\":[\"https:\\\/\\\/sites.uef.fi\\\/sm4rtloc\\\/\"]}]},{\"@type\":\"ImageObject\",\"inLanguage\":\"fi\",\"@id\":\"https:\\\/\\\/sites.uef.fi\\\/sm4rtloc\\\/#primaryimage\",\"url\":\"https:\\\/\\\/sites.uef.fi\\\/sm4rtloc\\\/wp-content\\\/uploads\\\/sites\\\/166\\\/2020\\\/10\\\/Skope_pakohuone_-logo_3907.jpg\",\"contentUrl\":\"https:\\\/\\\/sites.uef.fi\\\/sm4rtloc\\\/wp-content\\\/uploads\\\/sites\\\/166\\\/2020\\\/10\\\/Skope_pakohuone_-logo_3907.jpg\",\"width\":2000,\"height\":1034},{\"@type\":\"BreadcrumbList\",\"@id\":\"https:\\\/\\\/sites.uef.fi\\\/sm4rtloc\\\/#breadcrumb\",\"itemListElement\":[{\"@type\":\"ListItem\",\"position\":1,\"name\":\"Home\",\"item\":\"https:\\\/\\\/sites.uef.fi\\\/sm4rtloc\\\/\"},{\"@type\":\"ListItem\",\"position\":2,\"name\":\"Etusivu\"}]},{\"@type\":\"WebSite\",\"@id\":\"https:\\\/\\\/sites.uef.fi\\\/sm4rtloc\\\/#website\",\"url\":\"https:\\\/\\\/sites.uef.fi\\\/sm4rtloc\\\/\",\"name\":\"Sm4rt LOC\",\"description\":\"\",\"potentialAction\":[{\"@type\":\"SearchAction\",\"target\":{\"@type\":\"EntryPoint\",\"urlTemplate\":\"https:\\\/\\\/sites.uef.fi\\\/sm4rtloc\\\/?s={search_term_string}\"},\"query-input\":{\"@type\":\"PropertyValueSpecification\",\"valueRequired\":true,\"valueName\":\"search_term_string\"}}],\"inLanguage\":\"fi\"}]}<\/script>\n<!-- \/ Yoast SEO plugin. -->","yoast_head_json":{"title":"Etusivu - Sm4rt LOC","robots":{"index":"index","follow":"follow","max-snippet":"max-snippet:-1","max-image-preview":"max-image-preview:large","max-video-preview":"max-video-preview:-1"},"canonical":"https:\/\/sites.uef.fi\/sm4rtloc\/","og_locale":"fi_FI","og_type":"article","og_title":"Etusivu - Sm4rt LOC","og_description":"Tervetuloa pakopelipedagogiikan maailmaan! Sm4rt LOC \u2013 Learning Observation Classroom on It\u00e4-Suomen yliopistossa toimiva, maailmanlaajuisesti ainutlaatuinen laboratorio ja oppimisen havainnoinnin luokkahuone, joka on suunniteltu erityisesti pedagogisten pakopelien kehitt\u00e4miseen, toteuttamiseen ja tutkimukseen. It\u00e4-Suomen yliopistossa on vuodesta 2020 l\u00e4htien kehitetty ja sovellettu pakopelipedagogiikkaa oppimista tukevana pedagogisena ratkaisuna, ja toteutuksissa on hy\u00f6dynnetty Sm4rt LOC -pakopelilaboratoriota. Pakopelipedagogiikka on opetuksellinen l\u00e4hestymistapa, [&hellip;]","og_url":"https:\/\/sites.uef.fi\/sm4rtloc\/","og_site_name":"Sm4rt LOC","article_modified_time":"2026-02-26T10:25:04+00:00","og_image":[{"url":"https:\/\/sites.uef.fi\/sm4rtloc\/wp-content\/uploads\/sites\/166\/2020\/10\/Skope_pakohuone_-logo_3907-1024x529.jpg","type":"","width":"","height":""}],"twitter_card":"summary_large_image","twitter_misc":{"Arvioitu lukuaika":"1 minuutti"},"schema":{"@context":"https:\/\/schema.org","@graph":[{"@type":"WebPage","@id":"https:\/\/sites.uef.fi\/sm4rtloc\/","url":"https:\/\/sites.uef.fi\/sm4rtloc\/","name":"Etusivu - Sm4rt LOC","isPartOf":{"@id":"https:\/\/sites.uef.fi\/sm4rtloc\/#website"},"primaryImageOfPage":{"@id":"https:\/\/sites.uef.fi\/sm4rtloc\/#primaryimage"},"image":{"@id":"https:\/\/sites.uef.fi\/sm4rtloc\/#primaryimage"},"thumbnailUrl":"https:\/\/sites.uef.fi\/sm4rtloc\/wp-content\/uploads\/sites\/166\/2020\/10\/Skope_pakohuone_-logo_3907-1024x529.jpg","datePublished":"2020-09-10T05:38:49+00:00","dateModified":"2026-02-26T10:25:04+00:00","breadcrumb":{"@id":"https:\/\/sites.uef.fi\/sm4rtloc\/#breadcrumb"},"inLanguage":"fi","potentialAction":[{"@type":"ReadAction","target":["https:\/\/sites.uef.fi\/sm4rtloc\/"]}]},{"@type":"ImageObject","inLanguage":"fi","@id":"https:\/\/sites.uef.fi\/sm4rtloc\/#primaryimage","url":"https:\/\/sites.uef.fi\/sm4rtloc\/wp-content\/uploads\/sites\/166\/2020\/10\/Skope_pakohuone_-logo_3907.jpg","contentUrl":"https:\/\/sites.uef.fi\/sm4rtloc\/wp-content\/uploads\/sites\/166\/2020\/10\/Skope_pakohuone_-logo_3907.jpg","width":2000,"height":1034},{"@type":"BreadcrumbList","@id":"https:\/\/sites.uef.fi\/sm4rtloc\/#breadcrumb","itemListElement":[{"@type":"ListItem","position":1,"name":"Home","item":"https:\/\/sites.uef.fi\/sm4rtloc\/"},{"@type":"ListItem","position":2,"name":"Etusivu"}]},{"@type":"WebSite","@id":"https:\/\/sites.uef.fi\/sm4rtloc\/#website","url":"https:\/\/sites.uef.fi\/sm4rtloc\/","name":"Sm4rt LOC","description":"","potentialAction":[{"@type":"SearchAction","target":{"@type":"EntryPoint","urlTemplate":"https:\/\/sites.uef.fi\/sm4rtloc\/?s={search_term_string}"},"query-input":{"@type":"PropertyValueSpecification","valueRequired":true,"valueName":"search_term_string"}}],"inLanguage":"fi"}]}},"_links":{"self":[{"href":"https:\/\/sites.uef.fi\/sm4rtloc\/wp-json\/wp\/v2\/pages\/25","targetHints":{"allow":["GET"]}}],"collection":[{"href":"https:\/\/sites.uef.fi\/sm4rtloc\/wp-json\/wp\/v2\/pages"}],"about":[{"href":"https:\/\/sites.uef.fi\/sm4rtloc\/wp-json\/wp\/v2\/types\/page"}],"author":[{"embeddable":true,"href":"https:\/\/sites.uef.fi\/sm4rtloc\/wp-json\/wp\/v2\/users\/2"}],"replies":[{"embeddable":true,"href":"https:\/\/sites.uef.fi\/sm4rtloc\/wp-json\/wp\/v2\/comments?post=25"}],"version-history":[{"count":1,"href":"https:\/\/sites.uef.fi\/sm4rtloc\/wp-json\/wp\/v2\/pages\/25\/revisions"}],"predecessor-version":[{"id":1264,"href":"https:\/\/sites.uef.fi\/sm4rtloc\/wp-json\/wp\/v2\/pages\/25\/revisions\/1264"}],"wp:attachment":[{"href":"https:\/\/sites.uef.fi\/sm4rtloc\/wp-json\/wp\/v2\/media?parent=25"}],"curies":[{"name":"wp","href":"https:\/\/api.w.org\/{rel}","templated":true}]}}