{"id":199,"date":"2025-02-03T11:09:05","date_gmt":"2025-02-03T09:09:05","guid":{"rendered":"https:\/\/sites.uef.fi\/socialpsychologyconference\/?page_id=199"},"modified":"2025-02-19T13:21:58","modified_gmt":"2025-02-19T11:21:58","slug":"abstract-submission","status":"publish","type":"page","link":"https:\/\/sites.uef.fi\/socialpsychologyconference\/abstract-submission\/","title":{"rendered":"Call for papers"},"content":{"rendered":"\n<p>We invite presentations and working groups, which address current social psychological research and topics.<\/p>\n\n\n\n<p>Please submit your abstract for an individual presentation or a working group by February 28th using this <a href=\"https:\/\/forms.office.com\/e\/xqvNus6dy3\">form<\/a><a href=\"https:\/\/forms.office.com\/e\/xqvNus6dy3?fbclid=IwZXh0bgNhZW0CMTAAAR2DGAdX-2khmNuGy9HWAqM_mQn29Rrq7pZiGrdVLxXf2O4p6eeT4GrKQ0k_aem__mhzaE3c5CHOrAt7DCjYWA\" target=\"_blank\" rel=\"noreferrer noopener\">.<\/a><\/p>\n\n\n\n<p>If you wish to submit multiple abstracts for individual presentations, please fill out a separate form for each. The working group is responsible for chairing the group and compiling the presentations, and the working group&#8217;s abstract must include details of all presentations within the group.<\/p>\n\n\n\n<p>Guidelines for abstracts (Scroll down for guidelines in Finnish)<\/p>\n\n\n\n<ol class=\"wp-block-list\">\n<li>Individual Presentation: Maximum length 250 words<\/li>\n<\/ol>\n\n\n\n<p>The abstract must include the following information:<\/p>\n\n\n\n<ul class=\"wp-block-list\">\n<li>Title<\/li>\n\n\n\n<li>Name(s) and affiliation(s) of the presenter(s)<\/li>\n\n\n\n<li>Background, methods, and description of the data<\/li>\n\n\n\n<li>Topic of the presentation<\/li>\n\n\n\n<li>Three keywords describing the topic of the presentation<\/li>\n\n\n\n<li>Language of the presentation<\/li>\n<\/ul>\n\n\n\n<p>     2. Working Group: Maximum length 1000 words<\/p>\n\n\n\n<p>The abstract must include the following information:<\/p>\n\n\n\n<ul class=\"wp-block-list\">\n<li>Title of the working group<\/li>\n\n\n\n<li>Chair of the working group (the group is responsible for chairing and organizing the program)<\/li>\n\n\n\n<li>Name(s) and affiliation(s) of the presenters in the working group<\/li>\n\n\n\n<li>Aim and format of the working group (e.g. thematic group, panel discussion, workshop, data session, etc.)<\/li>\n\n\n\n<li>Language of the working group<\/li>\n\n\n\n<li>Three keywords describing the topic of the working group<\/li>\n<\/ul>\n\n\n\n<p>If the working group consists of separate presentations, the abstract must include the following information for each presentation (altogether max.600 words):<\/p>\n\n\n\n<ul class=\"wp-block-list\">\n<li>Title and name of the presenter<\/li>\n\n\n\n<li>Background, methods, and data of the research<\/li>\n\n\n\n<li>Topic of the presentation<\/li>\n<\/ul>\n\n\n\n<p><\/p>\n\n\n\n<p>SUOMEKSI<\/p>\n\n\n\n<p>Sosiaalipsykologian p\u00e4iv\u00e4t j\u00e4rjestet\u00e4\u00e4n It\u00e4-Suomen yliopistossa Kuopiossa 15.-16.5.2025.<\/p>\n\n\n\n<p>Kutsumme sosiaalipsykologian p\u00e4iville esityksi\u00e4 ja ty\u00f6ryhmi\u00e4, joissa k\u00e4sitell\u00e4\u00e4n ajankohtaista sosiaalipsykologista tutkimusta ja ilmi\u00f6it\u00e4. &nbsp;<\/p>\n\n\n\n<p>L\u00e4het\u00e4 yksitt\u00e4isen esityksen tai ty\u00f6ryhm\u00e4n abstrakti\u00a028.2. menness\u00e4 lomakkeella: <a href=\"https:\/\/forms.office.com\/e\/xqvNus6dy3?fbclid=IwZXh0bgNhZW0CMTAAAR2Pu6Yjh7_0jP9DVeaMkodtuWIHlc3qZqHVex0iyaHgj8cl6GQnmegtYko_aem_GrVIc_YdHeNKiH_HRVUopw\" target=\"_blank\" rel=\"noreferrer noopener\">https:\/\/forms.office.com\/e\/xqvNus6dy3<\/a><\/p>\n\n\n\n<p>Jos haluat l\u00e4hett\u00e4\u00e4 useita yksitt\u00e4isten esitysten abstrakteja, t\u00e4yt\u00e4 jokaisesta erillinen lomake. Ty\u00f6ryhm\u00e4 vastaa itse ryhm\u00e4n vet\u00e4misest\u00e4 ja esitysten kokoamisesta, ja ty\u00f6ryhm\u00e4n abstraktin tulee sis\u00e4lt\u00e4\u00e4 kaikkien ty\u00f6ryhm\u00e4\u00e4n kuuluvien esitysten tiedot.<\/p>\n\n\n\n<p>Abstraktien ohjeet:<\/p>\n\n\n\n<ol class=\"wp-block-list\">\n<li> Yksitt\u00e4inen esitys: maksimipituus 250 sanaa<\/li>\n<\/ol>\n\n\n\n<p>Abstraktin tulee sis\u00e4lt\u00e4\u00e4 seuraavat tiedot: &nbsp;<\/p>\n\n\n\n<ul class=\"wp-block-list\">\n<li>Otsikko<\/li>\n\n\n\n<li>Esitt\u00e4j\u00e4n\/esitt\u00e4jien nimet ja affiliaatiot<\/li>\n\n\n\n<li>Tutkimuksen tausta, menetelm\u00e4t ja aineisto<\/li>\n\n\n\n<li>Esityksen fokus<\/li>\n\n\n\n<li>Kolme esityksen aihepiiri\u00e4 kuvaavaa avainsanaa<\/li>\n\n\n\n<li>Esityskieli<\/li>\n<\/ul>\n\n\n\n<p>2. Ty\u00f6ryhm\u00e4: maksimipituus 1000 sanaa<\/p>\n\n\n\n<p>Abstraktin tulee sis\u00e4lt\u00e4\u00e4 seuraavat tiedot:<\/p>\n\n\n\n<ul class=\"wp-block-list\">\n<li>Ty\u00f6ryhm\u00e4n otsikko<\/li>\n<\/ul>\n\n\n\n<ul class=\"wp-block-list\">\n<li>Ty\u00f6ryhm\u00e4n puheenjohtaja (ty\u00f6ryhm\u00e4 vastaa itse ryhm\u00e4n vet\u00e4misest\u00e4 ja ohjelman kokoamisesta)<\/li>\n\n\n\n<li>Ty\u00f6ryhm\u00e4n esitt\u00e4jien nimet ja affiliaatiot<\/li>\n\n\n\n<li>Mit\u00e4 ty\u00f6ryhm\u00e4 k\u00e4sittelee ja miten siin\u00e4 ty\u00f6skennell\u00e4\u00e4n &nbsp;(esim. koostuu erillisist\u00e4 esityksist\u00e4, on paneelikeskustelu, keskusteluty\u00f6paja, datasessio&#8230;)<\/li>\n\n\n\n<li>Ty\u00f6ryhm\u00e4n kieli<\/li>\n\n\n\n<li>Kolme ty\u00f6ryhm\u00e4n aihepiiri\u00e4 kuvaavaa avainsanaa<\/li>\n<\/ul>\n\n\n\n<p>Jos ty\u00f6ryhm\u00e4 koostuu erillisist\u00e4 esityksist\u00e4, ty\u00f6ryhm\u00e4n abstraktin tulee sis\u00e4lt\u00e4\u00e4 kustakin esityksest\u00e4 seuraavat tiedot (yhteens\u00e4 max.600 sanaa):<\/p>\n\n\n\n<ul class=\"wp-block-list\">\n<li>Otsikko ja esitt\u00e4j\u00e4n nimi<\/li>\n<\/ul>\n\n\n\n<ul class=\"wp-block-list\">\n<li>Tutkimuksen tausta, menetelm\u00e4t ja aineisto<\/li>\n<\/ul>\n\n\n\n<ul class=\"wp-block-list\">\n<li>Esityksen fokus<\/li>\n<\/ul>\n","protected":false},"excerpt":{"rendered":"<p>We invite presentations and working groups, which address current social psychological research and topics. Please submit your abstract for an individual presentation or a working group by February 28th using this form. If you wish to submit multiple abstracts for individual presentations, please fill out a separate form for each. The working group is responsible [&hellip;]<\/p>\n","protected":false},"author":1279,"featured_media":0,"parent":0,"menu_order":0,"comment_status":"closed","ping_status":"closed","template":"","meta":{"_acf_changed":false,"footnotes":""},"class_list":["post-199","page","type-page","status-publish","hentry"],"acf":[],"yoast_head":"<!-- This site is optimized with the Yoast SEO plugin v27.1.1 - https:\/\/yoast.com\/product\/yoast-seo-wordpress\/ -->\n<title>Call for papers - Social Psychology Days 2025 - Views to a Changing World<\/title>\n<meta name=\"robots\" content=\"index, follow, max-snippet:-1, max-image-preview:large, max-video-preview:-1\" \/>\n<link rel=\"canonical\" href=\"https:\/\/sites.uef.fi\/socialpsychologyconference\/abstract-submission\/\" \/>\n<meta property=\"og:locale\" content=\"en_US\" \/>\n<meta property=\"og:type\" content=\"article\" \/>\n<meta property=\"og:title\" content=\"Call for papers - Social Psychology Days 2025 - Views to a Changing World\" \/>\n<meta property=\"og:description\" content=\"We invite presentations and working groups, which address current social psychological research and topics. Please submit your abstract for an individual presentation or a working group by February 28th using this form. If you wish to submit multiple abstracts for individual presentations, please fill out a separate form for each. The working group is responsible [&hellip;]\" \/>\n<meta property=\"og:url\" content=\"https:\/\/sites.uef.fi\/socialpsychologyconference\/abstract-submission\/\" \/>\n<meta property=\"og:site_name\" content=\"Social Psychology Days 2025 - Views to a Changing World\" \/>\n<meta property=\"article:modified_time\" content=\"2025-02-19T11:21:58+00:00\" \/>\n<meta name=\"twitter:card\" content=\"summary_large_image\" \/>\n<meta name=\"twitter:label1\" content=\"Est. reading time\" \/>\n\t<meta name=\"twitter:data1\" content=\"2 minutes\" \/>\n<script type=\"application\/ld+json\" class=\"yoast-schema-graph\">{\"@context\":\"https:\/\/schema.org\",\"@graph\":[{\"@type\":\"WebPage\",\"@id\":\"https:\/\/sites.uef.fi\/socialpsychologyconference\/abstract-submission\/\",\"url\":\"https:\/\/sites.uef.fi\/socialpsychologyconference\/abstract-submission\/\",\"name\":\"Call for papers - Social Psychology Days 2025 - Views to a Changing World\",\"isPartOf\":{\"@id\":\"https:\/\/sites.uef.fi\/socialpsychologyconference\/#website\"},\"datePublished\":\"2025-02-03T09:09:05+00:00\",\"dateModified\":\"2025-02-19T11:21:58+00:00\",\"breadcrumb\":{\"@id\":\"https:\/\/sites.uef.fi\/socialpsychologyconference\/abstract-submission\/#breadcrumb\"},\"inLanguage\":\"en-US\",\"potentialAction\":[{\"@type\":\"ReadAction\",\"target\":[\"https:\/\/sites.uef.fi\/socialpsychologyconference\/abstract-submission\/\"]}]},{\"@type\":\"BreadcrumbList\",\"@id\":\"https:\/\/sites.uef.fi\/socialpsychologyconference\/abstract-submission\/#breadcrumb\",\"itemListElement\":[{\"@type\":\"ListItem\",\"position\":1,\"name\":\"Home\",\"item\":\"https:\/\/sites.uef.fi\/socialpsychologyconference\/\"},{\"@type\":\"ListItem\",\"position\":2,\"name\":\"Call for papers\"}]},{\"@type\":\"WebSite\",\"@id\":\"https:\/\/sites.uef.fi\/socialpsychologyconference\/#website\",\"url\":\"https:\/\/sites.uef.fi\/socialpsychologyconference\/\",\"name\":\"Social Psychology Days 2025 - Views to a Changing World\",\"description\":\"\",\"potentialAction\":[{\"@type\":\"SearchAction\",\"target\":{\"@type\":\"EntryPoint\",\"urlTemplate\":\"https:\/\/sites.uef.fi\/socialpsychologyconference\/?s={search_term_string}\"},\"query-input\":{\"@type\":\"PropertyValueSpecification\",\"valueRequired\":true,\"valueName\":\"search_term_string\"}}],\"inLanguage\":\"en-US\"}]}<\/script>\n<!-- \/ Yoast SEO plugin. -->","yoast_head_json":{"title":"Call for papers - Social Psychology Days 2025 - Views to a Changing World","robots":{"index":"index","follow":"follow","max-snippet":"max-snippet:-1","max-image-preview":"max-image-preview:large","max-video-preview":"max-video-preview:-1"},"canonical":"https:\/\/sites.uef.fi\/socialpsychologyconference\/abstract-submission\/","og_locale":"en_US","og_type":"article","og_title":"Call for papers - Social Psychology Days 2025 - Views to a Changing World","og_description":"We invite presentations and working groups, which address current social psychological research and topics. Please submit your abstract for an individual presentation or a working group by February 28th using this form. If you wish to submit multiple abstracts for individual presentations, please fill out a separate form for each. The working group is responsible [&hellip;]","og_url":"https:\/\/sites.uef.fi\/socialpsychologyconference\/abstract-submission\/","og_site_name":"Social Psychology Days 2025 - Views to a Changing World","article_modified_time":"2025-02-19T11:21:58+00:00","twitter_card":"summary_large_image","twitter_misc":{"Est. reading time":"2 minutes"},"schema":{"@context":"https:\/\/schema.org","@graph":[{"@type":"WebPage","@id":"https:\/\/sites.uef.fi\/socialpsychologyconference\/abstract-submission\/","url":"https:\/\/sites.uef.fi\/socialpsychologyconference\/abstract-submission\/","name":"Call for papers - Social Psychology Days 2025 - Views to a Changing World","isPartOf":{"@id":"https:\/\/sites.uef.fi\/socialpsychologyconference\/#website"},"datePublished":"2025-02-03T09:09:05+00:00","dateModified":"2025-02-19T11:21:58+00:00","breadcrumb":{"@id":"https:\/\/sites.uef.fi\/socialpsychologyconference\/abstract-submission\/#breadcrumb"},"inLanguage":"en-US","potentialAction":[{"@type":"ReadAction","target":["https:\/\/sites.uef.fi\/socialpsychologyconference\/abstract-submission\/"]}]},{"@type":"BreadcrumbList","@id":"https:\/\/sites.uef.fi\/socialpsychologyconference\/abstract-submission\/#breadcrumb","itemListElement":[{"@type":"ListItem","position":1,"name":"Home","item":"https:\/\/sites.uef.fi\/socialpsychologyconference\/"},{"@type":"ListItem","position":2,"name":"Call for papers"}]},{"@type":"WebSite","@id":"https:\/\/sites.uef.fi\/socialpsychologyconference\/#website","url":"https:\/\/sites.uef.fi\/socialpsychologyconference\/","name":"Social Psychology Days 2025 - Views to a Changing World","description":"","potentialAction":[{"@type":"SearchAction","target":{"@type":"EntryPoint","urlTemplate":"https:\/\/sites.uef.fi\/socialpsychologyconference\/?s={search_term_string}"},"query-input":{"@type":"PropertyValueSpecification","valueRequired":true,"valueName":"search_term_string"}}],"inLanguage":"en-US"}]}},"_links":{"self":[{"href":"https:\/\/sites.uef.fi\/socialpsychologyconference\/wp-json\/wp\/v2\/pages\/199","targetHints":{"allow":["GET"]}}],"collection":[{"href":"https:\/\/sites.uef.fi\/socialpsychologyconference\/wp-json\/wp\/v2\/pages"}],"about":[{"href":"https:\/\/sites.uef.fi\/socialpsychologyconference\/wp-json\/wp\/v2\/types\/page"}],"author":[{"embeddable":true,"href":"https:\/\/sites.uef.fi\/socialpsychologyconference\/wp-json\/wp\/v2\/users\/1279"}],"replies":[{"embeddable":true,"href":"https:\/\/sites.uef.fi\/socialpsychologyconference\/wp-json\/wp\/v2\/comments?post=199"}],"version-history":[{"count":2,"href":"https:\/\/sites.uef.fi\/socialpsychologyconference\/wp-json\/wp\/v2\/pages\/199\/revisions"}],"predecessor-version":[{"id":294,"href":"https:\/\/sites.uef.fi\/socialpsychologyconference\/wp-json\/wp\/v2\/pages\/199\/revisions\/294"}],"wp:attachment":[{"href":"https:\/\/sites.uef.fi\/socialpsychologyconference\/wp-json\/wp\/v2\/media?parent=199"}],"curies":[{"name":"wp","href":"https:\/\/api.w.org\/{rel}","templated":true}]}}