{"id":235,"date":"2025-02-03T16:41:58","date_gmt":"2025-02-03T14:41:58","guid":{"rendered":"https:\/\/sites.uef.fi\/socialpsychologyconference\/?page_id=235"},"modified":"2025-05-07T09:11:26","modified_gmt":"2025-05-07T07:11:26","slug":"suomeksi","status":"publish","type":"page","link":"https:\/\/sites.uef.fi\/socialpsychologyconference\/suomeksi\/","title":{"rendered":"Suomeksi"},"content":{"rendered":"\n<p class=\"has-text-align-center\"><strong>Tervetuloa vuoden 2025 Sosiaalipsykologian p\u00e4iville!<\/strong><\/p>\n\n\n\n<p class=\"has-text-align-center\">15.-16.5.2025, Kuopio<\/p>\n\n\n\n<h2 class=\"wp-block-heading has-text-align-center\"><strong><strong>Muuttuvan maailman kuvat<\/strong><\/strong><\/h2>\n\n\n\n<h2 class=\"wp-block-heading has-text-align-center\"><em><a href=\"https:\/\/sites.uef.fi\/socialpsychologyconference\/program\/\">konferenssin ohjelma<\/a><\/em><\/h2>\n\n\n\n<p class=\"has-text-align-center\">P\u00e4ivien p\u00e4\u00e4puhujia ovat<a href=\"https:\/\/sites.uef.fi\/socialpsychologyconference\/sarah-awad\/\">&nbsp;<strong>Dr. Sarah Awad<\/strong><\/a>&nbsp;(Aalborgin yliopisto),&nbsp;<strong><a href=\"https:\/\/sites.uef.fi\/socialpsychologyconference\/jonathan-potter\/\">Dr. Jonathan Potter<\/a><\/strong>&nbsp;(Rutgersin yliopisto ja Loughboroughin yliopisto) ja&nbsp;<strong><a href=\"https:\/\/sites.uef.fi\/socialpsychologyconference\/eero-suoninen\/\">Dr. Eero Suoninen<\/a><\/strong>&nbsp;(Tampereen yliopisto)<\/p>\n\n\n\n<p>Yhteiskunnan, teknologian ja ymp\u00e4rist\u00f6n l\u00e4pik\u00e4ymien merkitt\u00e4vien muutosten keskell\u00e4 on yh\u00e4 t\u00e4rke\u00e4mp\u00e4\u00e4 ymm\u00e4rt\u00e4\u00e4, miten sopeudumme n\u00e4ihin muutoksiin. Uhat ja kriisit demokratian haurastumisesta pandemian j\u00e4lkeiseen uudenlaiseen ty\u00f6el\u00e4m\u00e4n dynamiikkaan haastavat sopeutumiskyky\u00e4mme. Muutosten keskell\u00e4 ihmiset pyrkiv\u00e4t luomaan tapoja, joiden avulla edist\u00e4\u00e4 tunnetta yhteenkuuluvuudesta, merkityksellisyydest\u00e4 ja turvallisuudesta.<\/p>\n\n\n\n<p>Vuoden 2025 Sosiaalipsykologian p\u00e4ivill\u00e4 keskityt\u00e4\u00e4n yhteiskunnallisiin muutoksiin. Etsimme vastauksia kysymyksiin, kuten:<\/p>\n\n\n\n<p class=\"has-text-align-center\"><em><em>Millaisista tekij\u00f6ist\u00e4 muutos koostuu ja mik\u00e4 siin\u00e4 on keskeist\u00e4?<\/em><\/em><\/p>\n\n\n\n<p class=\"has-text-align-center\"><em><em>Mill\u00e4 tavoin yksil\u00f6iden ja yhteis\u00f6jen asenteet, k\u00e4ytt\u00e4ytyminen, identiteetit sek\u00e4 niille annetut merkitykset vastaavat muuttuvan yhteiskunnan vaateisiin?<\/em><\/em><\/p>\n\n\n\n<p class=\"has-text-align-center\"><em><em>Miten sosiaalipsykologiset teoriat ja metodologiset l\u00e4hestymistavat voivat lis\u00e4t\u00e4 ymm\u00e4rryst\u00e4 siit\u00e4, miten ihmiset suhtautuvat ja sopeutuvat muutokseen ja vastustavat niit\u00e4?<\/em><\/em><\/p>\n\n\n\n<p><\/p>\n\n\n\n<p>My\u00f6s seuraavat englanninkieliset temaattiset ty\u00f6pajat sis\u00e4ltyv\u00e4t p\u00e4ivien ohjelmaan:<\/p>\n\n\n\n<p>Pre-conference workshop&nbsp;<strong><a href=\"https:\/\/sites.uef.fi\/socialpsychologyconference\/pre-conference\/\">\u201cInterpreting Visual Cultures and Using Visual Methods in Psychological Research\u201d<\/a><\/strong>&nbsp;conducted by Sarah Awad.<\/p>\n\n\n\n<p>Workshop&nbsp;<strong><a href=\"https:\/\/sites.uef.fi\/socialpsychologyconference\/workshop\/\">\u201cResearch Topics That Get Under Your Skin \u2013 How to Cope with Distressing Topics in Your Work\u201d<\/a><\/strong>&nbsp;by Alexa Hepburn, Elina Turjanmaa and Sisko Piippo.<\/p>\n\n\n\n<p>Toivotamme p\u00e4iville tervetulleiksi sosiaalipsykologian ja l\u00e4hialojen tutkijoita ja opiskelijoita sek\u00e4 sosiaalipsykologiasta kiinnostuneita ammattilaisia. P\u00e4ivien kielet ovat suomi ja englanti.<\/p>\n\n\n\n<p><strong>L\u00e4het\u00e4 ty\u00f6ryhm\u00e4si tai esitelm\u00e4si ehdotus 14.2.2025 menness\u00e4 <a href=\"https:\/\/forms.office.com\/pages\/responsepage.aspx?id=Lp-HhwRz8ku68mPn-D88NITtktled7hAs2E8wSwlWgpUQlNFNTJSMkNHT01WWE9LSVU4Wk5VTkUwTC4u&amp;route=shorturl\">t\u00e4m\u00e4n lomakkeen kautta<\/a>.<\/strong><\/p>\n\n\n\n<p>L\u00e4mpim\u00e4sti tervetuloa!<\/p>\n\n\n\n<p>Sosiaalipsykologian p\u00e4ivien j\u00e4rjestelytoimikunta<\/p>\n\n\n\n<p><\/p>\n\n\n\n<p><\/p>\n","protected":false},"excerpt":{"rendered":"<p>Tervetuloa vuoden 2025 Sosiaalipsykologian p\u00e4iville! 15.-16.5.2025, Kuopio Muuttuvan maailman kuvat konferenssin ohjelma P\u00e4ivien p\u00e4\u00e4puhujia ovat&nbsp;Dr. Sarah Awad&nbsp;(Aalborgin yliopisto),&nbsp;Dr. Jonathan Potter&nbsp;(Rutgersin yliopisto ja Loughboroughin yliopisto) ja&nbsp;Dr. Eero Suoninen&nbsp;(Tampereen yliopisto) Yhteiskunnan, teknologian ja ymp\u00e4rist\u00f6n l\u00e4pik\u00e4ymien merkitt\u00e4vien muutosten keskell\u00e4 on yh\u00e4 t\u00e4rke\u00e4mp\u00e4\u00e4 ymm\u00e4rt\u00e4\u00e4, miten sopeudumme n\u00e4ihin muutoksiin. Uhat ja kriisit demokratian haurastumisesta pandemian j\u00e4lkeiseen uudenlaiseen ty\u00f6el\u00e4m\u00e4n dynamiikkaan haastavat [&hellip;]<\/p>\n","protected":false},"author":1279,"featured_media":0,"parent":0,"menu_order":0,"comment_status":"closed","ping_status":"closed","template":"","meta":{"_acf_changed":false,"footnotes":""},"class_list":["post-235","page","type-page","status-publish","hentry"],"acf":[],"yoast_head":"<!-- This site is optimized with the Yoast SEO plugin v27.1.1 - https:\/\/yoast.com\/product\/yoast-seo-wordpress\/ -->\n<title>Suomeksi - Social Psychology Days 2025 - Views to a Changing World<\/title>\n<meta name=\"robots\" content=\"index, follow, max-snippet:-1, max-image-preview:large, max-video-preview:-1\" \/>\n<link rel=\"canonical\" href=\"https:\/\/sites.uef.fi\/socialpsychologyconference\/suomeksi\/\" \/>\n<meta property=\"og:locale\" content=\"en_US\" \/>\n<meta property=\"og:type\" content=\"article\" \/>\n<meta property=\"og:title\" content=\"Suomeksi - Social Psychology Days 2025 - Views to a Changing World\" \/>\n<meta property=\"og:description\" content=\"Tervetuloa vuoden 2025 Sosiaalipsykologian p\u00e4iville! 15.-16.5.2025, Kuopio Muuttuvan maailman kuvat konferenssin ohjelma P\u00e4ivien p\u00e4\u00e4puhujia ovat&nbsp;Dr. Sarah Awad&nbsp;(Aalborgin yliopisto),&nbsp;Dr. Jonathan Potter&nbsp;(Rutgersin yliopisto ja Loughboroughin yliopisto) ja&nbsp;Dr. Eero Suoninen&nbsp;(Tampereen yliopisto) Yhteiskunnan, teknologian ja ymp\u00e4rist\u00f6n l\u00e4pik\u00e4ymien merkitt\u00e4vien muutosten keskell\u00e4 on yh\u00e4 t\u00e4rke\u00e4mp\u00e4\u00e4 ymm\u00e4rt\u00e4\u00e4, miten sopeudumme n\u00e4ihin muutoksiin. Uhat ja kriisit demokratian haurastumisesta pandemian j\u00e4lkeiseen uudenlaiseen ty\u00f6el\u00e4m\u00e4n dynamiikkaan haastavat [&hellip;]\" \/>\n<meta property=\"og:url\" content=\"https:\/\/sites.uef.fi\/socialpsychologyconference\/suomeksi\/\" \/>\n<meta property=\"og:site_name\" content=\"Social Psychology Days 2025 - Views to a Changing World\" \/>\n<meta property=\"article:modified_time\" content=\"2025-05-07T07:11:26+00:00\" \/>\n<meta name=\"twitter:card\" content=\"summary_large_image\" \/>\n<meta name=\"twitter:label1\" content=\"Est. reading time\" \/>\n\t<meta name=\"twitter:data1\" content=\"1 minute\" \/>\n<script type=\"application\/ld+json\" class=\"yoast-schema-graph\">{\"@context\":\"https:\/\/schema.org\",\"@graph\":[{\"@type\":\"WebPage\",\"@id\":\"https:\/\/sites.uef.fi\/socialpsychologyconference\/suomeksi\/\",\"url\":\"https:\/\/sites.uef.fi\/socialpsychologyconference\/suomeksi\/\",\"name\":\"Suomeksi - Social Psychology Days 2025 - Views to a Changing World\",\"isPartOf\":{\"@id\":\"https:\/\/sites.uef.fi\/socialpsychologyconference\/#website\"},\"datePublished\":\"2025-02-03T14:41:58+00:00\",\"dateModified\":\"2025-05-07T07:11:26+00:00\",\"breadcrumb\":{\"@id\":\"https:\/\/sites.uef.fi\/socialpsychologyconference\/suomeksi\/#breadcrumb\"},\"inLanguage\":\"en-US\",\"potentialAction\":[{\"@type\":\"ReadAction\",\"target\":[\"https:\/\/sites.uef.fi\/socialpsychologyconference\/suomeksi\/\"]}]},{\"@type\":\"BreadcrumbList\",\"@id\":\"https:\/\/sites.uef.fi\/socialpsychologyconference\/suomeksi\/#breadcrumb\",\"itemListElement\":[{\"@type\":\"ListItem\",\"position\":1,\"name\":\"Home\",\"item\":\"https:\/\/sites.uef.fi\/socialpsychologyconference\/\"},{\"@type\":\"ListItem\",\"position\":2,\"name\":\"Suomeksi\"}]},{\"@type\":\"WebSite\",\"@id\":\"https:\/\/sites.uef.fi\/socialpsychologyconference\/#website\",\"url\":\"https:\/\/sites.uef.fi\/socialpsychologyconference\/\",\"name\":\"Social Psychology Days 2025 - Views to a Changing World\",\"description\":\"\",\"potentialAction\":[{\"@type\":\"SearchAction\",\"target\":{\"@type\":\"EntryPoint\",\"urlTemplate\":\"https:\/\/sites.uef.fi\/socialpsychologyconference\/?s={search_term_string}\"},\"query-input\":{\"@type\":\"PropertyValueSpecification\",\"valueRequired\":true,\"valueName\":\"search_term_string\"}}],\"inLanguage\":\"en-US\"}]}<\/script>\n<!-- \/ Yoast SEO plugin. -->","yoast_head_json":{"title":"Suomeksi - Social Psychology Days 2025 - Views to a Changing World","robots":{"index":"index","follow":"follow","max-snippet":"max-snippet:-1","max-image-preview":"max-image-preview:large","max-video-preview":"max-video-preview:-1"},"canonical":"https:\/\/sites.uef.fi\/socialpsychologyconference\/suomeksi\/","og_locale":"en_US","og_type":"article","og_title":"Suomeksi - Social Psychology Days 2025 - Views to a Changing World","og_description":"Tervetuloa vuoden 2025 Sosiaalipsykologian p\u00e4iville! 15.-16.5.2025, Kuopio Muuttuvan maailman kuvat konferenssin ohjelma P\u00e4ivien p\u00e4\u00e4puhujia ovat&nbsp;Dr. Sarah Awad&nbsp;(Aalborgin yliopisto),&nbsp;Dr. Jonathan Potter&nbsp;(Rutgersin yliopisto ja Loughboroughin yliopisto) ja&nbsp;Dr. Eero Suoninen&nbsp;(Tampereen yliopisto) Yhteiskunnan, teknologian ja ymp\u00e4rist\u00f6n l\u00e4pik\u00e4ymien merkitt\u00e4vien muutosten keskell\u00e4 on yh\u00e4 t\u00e4rke\u00e4mp\u00e4\u00e4 ymm\u00e4rt\u00e4\u00e4, miten sopeudumme n\u00e4ihin muutoksiin. Uhat ja kriisit demokratian haurastumisesta pandemian j\u00e4lkeiseen uudenlaiseen ty\u00f6el\u00e4m\u00e4n dynamiikkaan haastavat [&hellip;]","og_url":"https:\/\/sites.uef.fi\/socialpsychologyconference\/suomeksi\/","og_site_name":"Social Psychology Days 2025 - Views to a Changing World","article_modified_time":"2025-05-07T07:11:26+00:00","twitter_card":"summary_large_image","twitter_misc":{"Est. reading time":"1 minute"},"schema":{"@context":"https:\/\/schema.org","@graph":[{"@type":"WebPage","@id":"https:\/\/sites.uef.fi\/socialpsychologyconference\/suomeksi\/","url":"https:\/\/sites.uef.fi\/socialpsychologyconference\/suomeksi\/","name":"Suomeksi - Social Psychology Days 2025 - Views to a Changing World","isPartOf":{"@id":"https:\/\/sites.uef.fi\/socialpsychologyconference\/#website"},"datePublished":"2025-02-03T14:41:58+00:00","dateModified":"2025-05-07T07:11:26+00:00","breadcrumb":{"@id":"https:\/\/sites.uef.fi\/socialpsychologyconference\/suomeksi\/#breadcrumb"},"inLanguage":"en-US","potentialAction":[{"@type":"ReadAction","target":["https:\/\/sites.uef.fi\/socialpsychologyconference\/suomeksi\/"]}]},{"@type":"BreadcrumbList","@id":"https:\/\/sites.uef.fi\/socialpsychologyconference\/suomeksi\/#breadcrumb","itemListElement":[{"@type":"ListItem","position":1,"name":"Home","item":"https:\/\/sites.uef.fi\/socialpsychologyconference\/"},{"@type":"ListItem","position":2,"name":"Suomeksi"}]},{"@type":"WebSite","@id":"https:\/\/sites.uef.fi\/socialpsychologyconference\/#website","url":"https:\/\/sites.uef.fi\/socialpsychologyconference\/","name":"Social Psychology Days 2025 - Views to a Changing World","description":"","potentialAction":[{"@type":"SearchAction","target":{"@type":"EntryPoint","urlTemplate":"https:\/\/sites.uef.fi\/socialpsychologyconference\/?s={search_term_string}"},"query-input":{"@type":"PropertyValueSpecification","valueRequired":true,"valueName":"search_term_string"}}],"inLanguage":"en-US"}]}},"_links":{"self":[{"href":"https:\/\/sites.uef.fi\/socialpsychologyconference\/wp-json\/wp\/v2\/pages\/235","targetHints":{"allow":["GET"]}}],"collection":[{"href":"https:\/\/sites.uef.fi\/socialpsychologyconference\/wp-json\/wp\/v2\/pages"}],"about":[{"href":"https:\/\/sites.uef.fi\/socialpsychologyconference\/wp-json\/wp\/v2\/types\/page"}],"author":[{"embeddable":true,"href":"https:\/\/sites.uef.fi\/socialpsychologyconference\/wp-json\/wp\/v2\/users\/1279"}],"replies":[{"embeddable":true,"href":"https:\/\/sites.uef.fi\/socialpsychologyconference\/wp-json\/wp\/v2\/comments?post=235"}],"version-history":[{"count":2,"href":"https:\/\/sites.uef.fi\/socialpsychologyconference\/wp-json\/wp\/v2\/pages\/235\/revisions"}],"predecessor-version":[{"id":501,"href":"https:\/\/sites.uef.fi\/socialpsychologyconference\/wp-json\/wp\/v2\/pages\/235\/revisions\/501"}],"wp:attachment":[{"href":"https:\/\/sites.uef.fi\/socialpsychologyconference\/wp-json\/wp\/v2\/media?parent=235"}],"curies":[{"name":"wp","href":"https:\/\/api.w.org\/{rel}","templated":true}]}}