{"id":381,"date":"2025-03-03T10:42:47","date_gmt":"2025-03-03T08:42:47","guid":{"rendered":"https:\/\/sites.uef.fi\/socialpsychologyconference\/?page_id=381"},"modified":"2025-03-19T12:48:09","modified_gmt":"2025-03-19T10:48:09","slug":"eero-suoninen-2","status":"publish","type":"page","link":"https:\/\/sites.uef.fi\/socialpsychologyconference\/eero-suoninen-2\/","title":{"rendered":"Eero Suoninen"},"content":{"rendered":"\n<figure class=\"wp-block-image size-large is-resized\"><img loading=\"lazy\" decoding=\"async\" width=\"1005\" height=\"1024\" src=\"https:\/\/sites.uef.fi\/socialpsychologyconference\/wp-content\/uploads\/sites\/542\/2025\/03\/thumbnail_Suonisen-kuva-1005x1024.jpg\" alt=\"\" class=\"wp-image-382\" style=\"width:267px;height:auto\" srcset=\"https:\/\/sites.uef.fi\/socialpsychologyconference\/wp-content\/uploads\/sites\/542\/2025\/03\/thumbnail_Suonisen-kuva-1005x1024.jpg 1005w, https:\/\/sites.uef.fi\/socialpsychologyconference\/wp-content\/uploads\/sites\/542\/2025\/03\/thumbnail_Suonisen-kuva-294x300.jpg 294w, https:\/\/sites.uef.fi\/socialpsychologyconference\/wp-content\/uploads\/sites\/542\/2025\/03\/thumbnail_Suonisen-kuva-768x782.jpg 768w, https:\/\/sites.uef.fi\/socialpsychologyconference\/wp-content\/uploads\/sites\/542\/2025\/03\/thumbnail_Suonisen-kuva.jpg 1275w\" sizes=\"auto, (max-width: 1005px) 100vw, 1005px\" \/><\/figure>\n\n\n\n<p>(Please note Eero Suoninen&#8217;s keynote presentation will be in Finnish)<\/p>\n\n\n\n<p>YTT Eero Suoninen on sosiaalipsykologian dosentti Tampereen yliopistossa. H\u00e4n on perehtynyt kielenk\u00e4yt\u00f6n tutkimuksen metodologiaan, erityisesti diskurssianalyysiin, ja kirjoittanut lukuisia oppikirjatekstej\u00e4 t\u00e4st\u00e4 aihepiirist\u00e4 sek\u00e4 my\u00f6s arjen sosiaalipsykologiasta. H\u00e4nen empiiriset tutkimuksensa painottuvat ammatillisen vuorovaikutuksen sek\u00e4 perheen vuorovaikutuksen ja medialaitteiden k\u00e4yt\u00f6n analysointiin.<\/p>\n\n\n\n<p><strong>Keynote: Kielenk\u00e4yt\u00f6n lumo<\/strong><\/p>\n\n\n\n<p>\u2019Lumo\u2019 viittaa esityksess\u00e4ni sek\u00e4 siihen voimaan, jolla kielenk\u00e4ytt\u00f6 voi saada asioita tapahtumaan, ett\u00e4 my\u00f6s kielenk\u00e4yt\u00f6n kiehtovuuteen tutkimuskohteena. Tarkastelen aihepiiri\u00e4 vuosikymmenien kuluessa mielt\u00e4ni askarruttaneiden ajatusten kautta. Ne liittyv\u00e4t suurelta osin Antti Eskolan ja muiden tamperelaisten sosiaalipsykologien edustamaan tutkimusperinteeseen, jossa painotetaan sosiaalipsykologisen ajattelun merkityst\u00e4. Ammennan ideoita my\u00f6s omista arkikokemuksistani, kielenk\u00e4ytt\u00f6\u00e4 tutkivista metodologisista suuntauksista ja hieman kaunokirjallisuudestakin. Esittelem\u00e4ni ajatukset sis\u00e4lt\u00e4v\u00e4t tulkintaa sellaisten aiheiden v\u00e4lisist\u00e4 suhteista kuin historiallis-yhteiskunnalliset kontekstit ja arkiel\u00e4m\u00e4n kontekstit; s\u00e4\u00e4nn\u00f6nmukaisuudet, sattumat ja valintojen tekeminen sek\u00e4 faktisuus ja kuvitteellisuus.<\/p>\n\n\n\n<p>Lopputulemana esit\u00e4n sellaisen ajattelun ja tutkimuksen tarpeellisuutta, jossa ei keskityt\u00e4 pelk\u00e4st\u00e4\u00e4n siihen, mit\u00e4 ihmisten v\u00e4lill\u00e4 tapahtuu, vaan tarkastellaan my\u00f6s sit\u00e4, mit\u00e4 voisi tapahtua. Kielenk\u00e4yt\u00f6n n\u00e4k\u00f6kulmasta t\u00e4m\u00e4 tarkoittaa sellaisten vaihtoehtojen kartoitamista tai luomista, jotka olisivat perusteltavissa nykyajan erilaisissa konteksteissa. T\u00e4llaisten potentiaalien etsiminen on tarpeellista etenkin nykyaikana, koska el\u00e4mme monenlaisten umpikujaa muistuttavien tilanteiden ja kriisien keskell\u00e4. Paneutuminen mahdollisiin maailmoihin my\u00f6s s\u00e4ilytt\u00e4\u00e4 ihmisten ajattelukyvyn ja luovuuden osana sosiaalipsykologian ihmiskuvaa.<\/p>\n","protected":false},"excerpt":{"rendered":"<p>(Please note Eero Suoninen&#8217;s keynote presentation will be in Finnish) YTT Eero Suoninen on sosiaalipsykologian dosentti Tampereen yliopistossa. H\u00e4n on perehtynyt kielenk\u00e4yt\u00f6n tutkimuksen metodologiaan, erityisesti diskurssianalyysiin, ja kirjoittanut lukuisia oppikirjatekstej\u00e4 t\u00e4st\u00e4 aihepiirist\u00e4 sek\u00e4 my\u00f6s arjen sosiaalipsykologiasta. H\u00e4nen empiiriset tutkimuksensa painottuvat ammatillisen vuorovaikutuksen sek\u00e4 perheen vuorovaikutuksen ja medialaitteiden k\u00e4yt\u00f6n analysointiin. Keynote: Kielenk\u00e4yt\u00f6n lumo \u2019Lumo\u2019 viittaa esityksess\u00e4ni [&hellip;]<\/p>\n","protected":false},"author":1279,"featured_media":0,"parent":0,"menu_order":0,"comment_status":"closed","ping_status":"closed","template":"","meta":{"_acf_changed":false,"footnotes":""},"class_list":["post-381","page","type-page","status-publish","hentry"],"acf":[],"yoast_head":"<!-- This site is optimized with the Yoast SEO plugin v27.1.1 - https:\/\/yoast.com\/product\/yoast-seo-wordpress\/ -->\n<title>Eero Suoninen - Social Psychology Days 2025 - Views to a Changing World<\/title>\n<meta name=\"robots\" content=\"index, follow, max-snippet:-1, max-image-preview:large, max-video-preview:-1\" \/>\n<link rel=\"canonical\" href=\"https:\/\/sites.uef.fi\/socialpsychologyconference\/eero-suoninen-2\/\" \/>\n<meta property=\"og:locale\" content=\"en_US\" \/>\n<meta property=\"og:type\" content=\"article\" \/>\n<meta property=\"og:title\" content=\"Eero Suoninen - Social Psychology Days 2025 - Views to a Changing World\" \/>\n<meta property=\"og:description\" content=\"(Please note Eero Suoninen&#8217;s keynote presentation will be in Finnish) YTT Eero Suoninen on sosiaalipsykologian dosentti Tampereen yliopistossa. H\u00e4n on perehtynyt kielenk\u00e4yt\u00f6n tutkimuksen metodologiaan, erityisesti diskurssianalyysiin, ja kirjoittanut lukuisia oppikirjatekstej\u00e4 t\u00e4st\u00e4 aihepiirist\u00e4 sek\u00e4 my\u00f6s arjen sosiaalipsykologiasta. H\u00e4nen empiiriset tutkimuksensa painottuvat ammatillisen vuorovaikutuksen sek\u00e4 perheen vuorovaikutuksen ja medialaitteiden k\u00e4yt\u00f6n analysointiin. Keynote: Kielenk\u00e4yt\u00f6n lumo \u2019Lumo\u2019 viittaa esityksess\u00e4ni [&hellip;]\" \/>\n<meta property=\"og:url\" content=\"https:\/\/sites.uef.fi\/socialpsychologyconference\/eero-suoninen-2\/\" \/>\n<meta property=\"og:site_name\" content=\"Social Psychology Days 2025 - Views to a Changing World\" \/>\n<meta property=\"article:modified_time\" content=\"2025-03-19T10:48:09+00:00\" \/>\n<meta property=\"og:image\" content=\"https:\/\/sites.uef.fi\/socialpsychologyconference\/wp-content\/uploads\/sites\/542\/2025\/03\/thumbnail_Suonisen-kuva-1005x1024.jpg\" \/>\n<meta name=\"twitter:card\" content=\"summary_large_image\" \/>\n<meta name=\"twitter:label1\" content=\"Est. reading time\" \/>\n\t<meta name=\"twitter:data1\" content=\"2 minutes\" \/>\n<script type=\"application\/ld+json\" class=\"yoast-schema-graph\">{\"@context\":\"https:\/\/schema.org\",\"@graph\":[{\"@type\":\"WebPage\",\"@id\":\"https:\/\/sites.uef.fi\/socialpsychologyconference\/eero-suoninen-2\/\",\"url\":\"https:\/\/sites.uef.fi\/socialpsychologyconference\/eero-suoninen-2\/\",\"name\":\"Eero Suoninen - Social Psychology Days 2025 - Views to a Changing World\",\"isPartOf\":{\"@id\":\"https:\/\/sites.uef.fi\/socialpsychologyconference\/#website\"},\"primaryImageOfPage\":{\"@id\":\"https:\/\/sites.uef.fi\/socialpsychologyconference\/eero-suoninen-2\/#primaryimage\"},\"image\":{\"@id\":\"https:\/\/sites.uef.fi\/socialpsychologyconference\/eero-suoninen-2\/#primaryimage\"},\"thumbnailUrl\":\"https:\/\/sites.uef.fi\/socialpsychologyconference\/wp-content\/uploads\/sites\/542\/2025\/03\/thumbnail_Suonisen-kuva-1005x1024.jpg\",\"datePublished\":\"2025-03-03T08:42:47+00:00\",\"dateModified\":\"2025-03-19T10:48:09+00:00\",\"breadcrumb\":{\"@id\":\"https:\/\/sites.uef.fi\/socialpsychologyconference\/eero-suoninen-2\/#breadcrumb\"},\"inLanguage\":\"en-US\",\"potentialAction\":[{\"@type\":\"ReadAction\",\"target\":[\"https:\/\/sites.uef.fi\/socialpsychologyconference\/eero-suoninen-2\/\"]}]},{\"@type\":\"ImageObject\",\"inLanguage\":\"en-US\",\"@id\":\"https:\/\/sites.uef.fi\/socialpsychologyconference\/eero-suoninen-2\/#primaryimage\",\"url\":\"https:\/\/sites.uef.fi\/socialpsychologyconference\/wp-content\/uploads\/sites\/542\/2025\/03\/thumbnail_Suonisen-kuva.jpg\",\"contentUrl\":\"https:\/\/sites.uef.fi\/socialpsychologyconference\/wp-content\/uploads\/sites\/542\/2025\/03\/thumbnail_Suonisen-kuva.jpg\",\"width\":1275,\"height\":1299},{\"@type\":\"BreadcrumbList\",\"@id\":\"https:\/\/sites.uef.fi\/socialpsychologyconference\/eero-suoninen-2\/#breadcrumb\",\"itemListElement\":[{\"@type\":\"ListItem\",\"position\":1,\"name\":\"Home\",\"item\":\"https:\/\/sites.uef.fi\/socialpsychologyconference\/\"},{\"@type\":\"ListItem\",\"position\":2,\"name\":\"Eero Suoninen\"}]},{\"@type\":\"WebSite\",\"@id\":\"https:\/\/sites.uef.fi\/socialpsychologyconference\/#website\",\"url\":\"https:\/\/sites.uef.fi\/socialpsychologyconference\/\",\"name\":\"Social Psychology Days 2025 - Views to a Changing World\",\"description\":\"\",\"potentialAction\":[{\"@type\":\"SearchAction\",\"target\":{\"@type\":\"EntryPoint\",\"urlTemplate\":\"https:\/\/sites.uef.fi\/socialpsychologyconference\/?s={search_term_string}\"},\"query-input\":{\"@type\":\"PropertyValueSpecification\",\"valueRequired\":true,\"valueName\":\"search_term_string\"}}],\"inLanguage\":\"en-US\"}]}<\/script>\n<!-- \/ Yoast SEO plugin. -->","yoast_head_json":{"title":"Eero Suoninen - Social Psychology Days 2025 - Views to a Changing World","robots":{"index":"index","follow":"follow","max-snippet":"max-snippet:-1","max-image-preview":"max-image-preview:large","max-video-preview":"max-video-preview:-1"},"canonical":"https:\/\/sites.uef.fi\/socialpsychologyconference\/eero-suoninen-2\/","og_locale":"en_US","og_type":"article","og_title":"Eero Suoninen - Social Psychology Days 2025 - Views to a Changing World","og_description":"(Please note Eero Suoninen&#8217;s keynote presentation will be in Finnish) YTT Eero Suoninen on sosiaalipsykologian dosentti Tampereen yliopistossa. H\u00e4n on perehtynyt kielenk\u00e4yt\u00f6n tutkimuksen metodologiaan, erityisesti diskurssianalyysiin, ja kirjoittanut lukuisia oppikirjatekstej\u00e4 t\u00e4st\u00e4 aihepiirist\u00e4 sek\u00e4 my\u00f6s arjen sosiaalipsykologiasta. H\u00e4nen empiiriset tutkimuksensa painottuvat ammatillisen vuorovaikutuksen sek\u00e4 perheen vuorovaikutuksen ja medialaitteiden k\u00e4yt\u00f6n analysointiin. Keynote: Kielenk\u00e4yt\u00f6n lumo \u2019Lumo\u2019 viittaa esityksess\u00e4ni [&hellip;]","og_url":"https:\/\/sites.uef.fi\/socialpsychologyconference\/eero-suoninen-2\/","og_site_name":"Social Psychology Days 2025 - Views to a Changing World","article_modified_time":"2025-03-19T10:48:09+00:00","og_image":[{"url":"https:\/\/sites.uef.fi\/socialpsychologyconference\/wp-content\/uploads\/sites\/542\/2025\/03\/thumbnail_Suonisen-kuva-1005x1024.jpg","type":"","width":"","height":""}],"twitter_card":"summary_large_image","twitter_misc":{"Est. reading time":"2 minutes"},"schema":{"@context":"https:\/\/schema.org","@graph":[{"@type":"WebPage","@id":"https:\/\/sites.uef.fi\/socialpsychologyconference\/eero-suoninen-2\/","url":"https:\/\/sites.uef.fi\/socialpsychologyconference\/eero-suoninen-2\/","name":"Eero Suoninen - Social Psychology Days 2025 - Views to a Changing World","isPartOf":{"@id":"https:\/\/sites.uef.fi\/socialpsychologyconference\/#website"},"primaryImageOfPage":{"@id":"https:\/\/sites.uef.fi\/socialpsychologyconference\/eero-suoninen-2\/#primaryimage"},"image":{"@id":"https:\/\/sites.uef.fi\/socialpsychologyconference\/eero-suoninen-2\/#primaryimage"},"thumbnailUrl":"https:\/\/sites.uef.fi\/socialpsychologyconference\/wp-content\/uploads\/sites\/542\/2025\/03\/thumbnail_Suonisen-kuva-1005x1024.jpg","datePublished":"2025-03-03T08:42:47+00:00","dateModified":"2025-03-19T10:48:09+00:00","breadcrumb":{"@id":"https:\/\/sites.uef.fi\/socialpsychologyconference\/eero-suoninen-2\/#breadcrumb"},"inLanguage":"en-US","potentialAction":[{"@type":"ReadAction","target":["https:\/\/sites.uef.fi\/socialpsychologyconference\/eero-suoninen-2\/"]}]},{"@type":"ImageObject","inLanguage":"en-US","@id":"https:\/\/sites.uef.fi\/socialpsychologyconference\/eero-suoninen-2\/#primaryimage","url":"https:\/\/sites.uef.fi\/socialpsychologyconference\/wp-content\/uploads\/sites\/542\/2025\/03\/thumbnail_Suonisen-kuva.jpg","contentUrl":"https:\/\/sites.uef.fi\/socialpsychologyconference\/wp-content\/uploads\/sites\/542\/2025\/03\/thumbnail_Suonisen-kuva.jpg","width":1275,"height":1299},{"@type":"BreadcrumbList","@id":"https:\/\/sites.uef.fi\/socialpsychologyconference\/eero-suoninen-2\/#breadcrumb","itemListElement":[{"@type":"ListItem","position":1,"name":"Home","item":"https:\/\/sites.uef.fi\/socialpsychologyconference\/"},{"@type":"ListItem","position":2,"name":"Eero Suoninen"}]},{"@type":"WebSite","@id":"https:\/\/sites.uef.fi\/socialpsychologyconference\/#website","url":"https:\/\/sites.uef.fi\/socialpsychologyconference\/","name":"Social Psychology Days 2025 - Views to a Changing World","description":"","potentialAction":[{"@type":"SearchAction","target":{"@type":"EntryPoint","urlTemplate":"https:\/\/sites.uef.fi\/socialpsychologyconference\/?s={search_term_string}"},"query-input":{"@type":"PropertyValueSpecification","valueRequired":true,"valueName":"search_term_string"}}],"inLanguage":"en-US"}]}},"_links":{"self":[{"href":"https:\/\/sites.uef.fi\/socialpsychologyconference\/wp-json\/wp\/v2\/pages\/381","targetHints":{"allow":["GET"]}}],"collection":[{"href":"https:\/\/sites.uef.fi\/socialpsychologyconference\/wp-json\/wp\/v2\/pages"}],"about":[{"href":"https:\/\/sites.uef.fi\/socialpsychologyconference\/wp-json\/wp\/v2\/types\/page"}],"author":[{"embeddable":true,"href":"https:\/\/sites.uef.fi\/socialpsychologyconference\/wp-json\/wp\/v2\/users\/1279"}],"replies":[{"embeddable":true,"href":"https:\/\/sites.uef.fi\/socialpsychologyconference\/wp-json\/wp\/v2\/comments?post=381"}],"version-history":[{"count":1,"href":"https:\/\/sites.uef.fi\/socialpsychologyconference\/wp-json\/wp\/v2\/pages\/381\/revisions"}],"predecessor-version":[{"id":384,"href":"https:\/\/sites.uef.fi\/socialpsychologyconference\/wp-json\/wp\/v2\/pages\/381\/revisions\/384"}],"wp:attachment":[{"href":"https:\/\/sites.uef.fi\/socialpsychologyconference\/wp-json\/wp\/v2\/media?parent=381"}],"curies":[{"name":"wp","href":"https:\/\/api.w.org\/{rel}","templated":true}]}}