{"id":392,"date":"2025-03-06T14:25:27","date_gmt":"2025-03-06T12:25:27","guid":{"rendered":"https:\/\/sites.uef.fi\/socialpsychologyconference\/?page_id=392"},"modified":"2025-03-06T14:25:28","modified_gmt":"2025-03-06T12:25:28","slug":"tieteentekijoiden-liitto","status":"publish","type":"page","link":"https:\/\/sites.uef.fi\/socialpsychologyconference\/tieteentekijoiden-liitto\/","title":{"rendered":"Tieteentekij\u00f6iden liitto\u00a0"},"content":{"rendered":"\n<p>Tieteentekij\u00e4t on tieteen ja tutkimuksen ammattilaisten aktiivinen ammattiliitto \u2013 tervetuloa joukkoomme! J\u00e4senemme ty\u00f6skentelev\u00e4t monipuolisissa teht\u00e4viss\u00e4 yliopistoissa, ammattikorkeakouluissa ja tutkimuslaitoksissa sek\u00e4 julkisella ja yksityisell\u00e4 sektorilla. Tarjoamme j\u00e4senillemme palveluja, kuten neuvontaa ty\u00f6suhdeasioissa, r\u00e4\u00e4t\u00e4l\u00f6ityj\u00e4 koulutuksia,\u202fvakuutus- ja oikeusturvaedut, ty\u00f6tt\u00f6myysturvan sek\u00e4 laajat vapaa-ajan edut. Liity nyt ja varmista tuki urasi jokaisessa vaiheessa! \u202f&nbsp;<\/p>\n\n\n\n<p>Lis\u00e4tietoja:\u202f<a href=\"https:\/\/tieteentekijat.fi\/\" target=\"_blank\" rel=\"noreferrer noopener\"><strong>tieteentekijat.fi<\/strong><\/a>&nbsp;<\/p>\n\n\n\n<p><a href=\"https:\/\/tieteentekijat.fi\/jasenyys\/jaseneksi-liittyminen\/\" target=\"_blank\" rel=\"noreferrer noopener\"><strong>Liity j\u00e4seneksi<\/strong><\/a>&nbsp;<\/p>\n","protected":false},"excerpt":{"rendered":"<p>Tieteentekij\u00e4t on tieteen ja tutkimuksen ammattilaisten aktiivinen ammattiliitto \u2013 tervetuloa joukkoomme! J\u00e4senemme ty\u00f6skentelev\u00e4t monipuolisissa teht\u00e4viss\u00e4 yliopistoissa, ammattikorkeakouluissa ja tutkimuslaitoksissa sek\u00e4 julkisella ja yksityisell\u00e4 sektorilla. Tarjoamme j\u00e4senillemme palveluja, kuten neuvontaa ty\u00f6suhdeasioissa, r\u00e4\u00e4t\u00e4l\u00f6ityj\u00e4 koulutuksia,\u202fvakuutus- ja oikeusturvaedut, ty\u00f6tt\u00f6myysturvan sek\u00e4 laajat vapaa-ajan edut. Liity nyt ja varmista tuki urasi jokaisessa vaiheessa! \u202f&nbsp; Lis\u00e4tietoja:\u202ftieteentekijat.fi&nbsp; Liity j\u00e4seneksi&nbsp;<\/p>\n","protected":false},"author":1279,"featured_media":0,"parent":0,"menu_order":0,"comment_status":"closed","ping_status":"closed","template":"","meta":{"_acf_changed":false,"footnotes":""},"class_list":["post-392","page","type-page","status-publish","hentry"],"acf":[],"yoast_head":"<!-- This site is optimized with the Yoast SEO plugin v27.1.1 - https:\/\/yoast.com\/product\/yoast-seo-wordpress\/ -->\n<title>Tieteentekij\u00f6iden liitto\u00a0 - Social Psychology Days 2025 - Views to a Changing World<\/title>\n<meta name=\"robots\" content=\"index, follow, max-snippet:-1, max-image-preview:large, max-video-preview:-1\" \/>\n<link rel=\"canonical\" href=\"https:\/\/sites.uef.fi\/socialpsychologyconference\/tieteentekijoiden-liitto\/\" \/>\n<meta property=\"og:locale\" content=\"en_US\" \/>\n<meta property=\"og:type\" content=\"article\" \/>\n<meta property=\"og:title\" content=\"Tieteentekij\u00f6iden liitto\u00a0 - Social Psychology Days 2025 - Views to a Changing World\" \/>\n<meta property=\"og:description\" content=\"Tieteentekij\u00e4t on tieteen ja tutkimuksen ammattilaisten aktiivinen ammattiliitto \u2013 tervetuloa joukkoomme! J\u00e4senemme ty\u00f6skentelev\u00e4t monipuolisissa teht\u00e4viss\u00e4 yliopistoissa, ammattikorkeakouluissa ja tutkimuslaitoksissa sek\u00e4 julkisella ja yksityisell\u00e4 sektorilla. Tarjoamme j\u00e4senillemme palveluja, kuten neuvontaa ty\u00f6suhdeasioissa, r\u00e4\u00e4t\u00e4l\u00f6ityj\u00e4 koulutuksia,\u202fvakuutus- ja oikeusturvaedut, ty\u00f6tt\u00f6myysturvan sek\u00e4 laajat vapaa-ajan edut. Liity nyt ja varmista tuki urasi jokaisessa vaiheessa! \u202f&nbsp; Lis\u00e4tietoja:\u202ftieteentekijat.fi&nbsp; Liity j\u00e4seneksi&nbsp;\" \/>\n<meta property=\"og:url\" content=\"https:\/\/sites.uef.fi\/socialpsychologyconference\/tieteentekijoiden-liitto\/\" \/>\n<meta property=\"og:site_name\" content=\"Social Psychology Days 2025 - Views to a Changing World\" \/>\n<meta property=\"article:modified_time\" content=\"2025-03-06T12:25:28+00:00\" \/>\n<meta name=\"twitter:card\" content=\"summary_large_image\" \/>\n<meta name=\"twitter:label1\" content=\"Est. reading time\" \/>\n\t<meta name=\"twitter:data1\" content=\"1 minute\" \/>\n<script type=\"application\/ld+json\" class=\"yoast-schema-graph\">{\"@context\":\"https:\/\/schema.org\",\"@graph\":[{\"@type\":\"WebPage\",\"@id\":\"https:\/\/sites.uef.fi\/socialpsychologyconference\/tieteentekijoiden-liitto\/\",\"url\":\"https:\/\/sites.uef.fi\/socialpsychologyconference\/tieteentekijoiden-liitto\/\",\"name\":\"Tieteentekij\u00f6iden liitto\u00a0 - Social Psychology Days 2025 - Views to a Changing World\",\"isPartOf\":{\"@id\":\"https:\/\/sites.uef.fi\/socialpsychologyconference\/#website\"},\"datePublished\":\"2025-03-06T12:25:27+00:00\",\"dateModified\":\"2025-03-06T12:25:28+00:00\",\"breadcrumb\":{\"@id\":\"https:\/\/sites.uef.fi\/socialpsychologyconference\/tieteentekijoiden-liitto\/#breadcrumb\"},\"inLanguage\":\"en-US\",\"potentialAction\":[{\"@type\":\"ReadAction\",\"target\":[\"https:\/\/sites.uef.fi\/socialpsychologyconference\/tieteentekijoiden-liitto\/\"]}]},{\"@type\":\"BreadcrumbList\",\"@id\":\"https:\/\/sites.uef.fi\/socialpsychologyconference\/tieteentekijoiden-liitto\/#breadcrumb\",\"itemListElement\":[{\"@type\":\"ListItem\",\"position\":1,\"name\":\"Home\",\"item\":\"https:\/\/sites.uef.fi\/socialpsychologyconference\/\"},{\"@type\":\"ListItem\",\"position\":2,\"name\":\"Tieteentekij\u00f6iden liitto\u00a0\"}]},{\"@type\":\"WebSite\",\"@id\":\"https:\/\/sites.uef.fi\/socialpsychologyconference\/#website\",\"url\":\"https:\/\/sites.uef.fi\/socialpsychologyconference\/\",\"name\":\"Social Psychology Days 2025 - Views to a Changing World\",\"description\":\"\",\"potentialAction\":[{\"@type\":\"SearchAction\",\"target\":{\"@type\":\"EntryPoint\",\"urlTemplate\":\"https:\/\/sites.uef.fi\/socialpsychologyconference\/?s={search_term_string}\"},\"query-input\":{\"@type\":\"PropertyValueSpecification\",\"valueRequired\":true,\"valueName\":\"search_term_string\"}}],\"inLanguage\":\"en-US\"}]}<\/script>\n<!-- \/ Yoast SEO plugin. -->","yoast_head_json":{"title":"Tieteentekij\u00f6iden liitto\u00a0 - Social Psychology Days 2025 - Views to a Changing World","robots":{"index":"index","follow":"follow","max-snippet":"max-snippet:-1","max-image-preview":"max-image-preview:large","max-video-preview":"max-video-preview:-1"},"canonical":"https:\/\/sites.uef.fi\/socialpsychologyconference\/tieteentekijoiden-liitto\/","og_locale":"en_US","og_type":"article","og_title":"Tieteentekij\u00f6iden liitto\u00a0 - Social Psychology Days 2025 - Views to a Changing World","og_description":"Tieteentekij\u00e4t on tieteen ja tutkimuksen ammattilaisten aktiivinen ammattiliitto \u2013 tervetuloa joukkoomme! J\u00e4senemme ty\u00f6skentelev\u00e4t monipuolisissa teht\u00e4viss\u00e4 yliopistoissa, ammattikorkeakouluissa ja tutkimuslaitoksissa sek\u00e4 julkisella ja yksityisell\u00e4 sektorilla. Tarjoamme j\u00e4senillemme palveluja, kuten neuvontaa ty\u00f6suhdeasioissa, r\u00e4\u00e4t\u00e4l\u00f6ityj\u00e4 koulutuksia,\u202fvakuutus- ja oikeusturvaedut, ty\u00f6tt\u00f6myysturvan sek\u00e4 laajat vapaa-ajan edut. Liity nyt ja varmista tuki urasi jokaisessa vaiheessa! \u202f&nbsp; Lis\u00e4tietoja:\u202ftieteentekijat.fi&nbsp; Liity j\u00e4seneksi&nbsp;","og_url":"https:\/\/sites.uef.fi\/socialpsychologyconference\/tieteentekijoiden-liitto\/","og_site_name":"Social Psychology Days 2025 - Views to a Changing World","article_modified_time":"2025-03-06T12:25:28+00:00","twitter_card":"summary_large_image","twitter_misc":{"Est. reading time":"1 minute"},"schema":{"@context":"https:\/\/schema.org","@graph":[{"@type":"WebPage","@id":"https:\/\/sites.uef.fi\/socialpsychologyconference\/tieteentekijoiden-liitto\/","url":"https:\/\/sites.uef.fi\/socialpsychologyconference\/tieteentekijoiden-liitto\/","name":"Tieteentekij\u00f6iden liitto\u00a0 - Social Psychology Days 2025 - Views to a Changing World","isPartOf":{"@id":"https:\/\/sites.uef.fi\/socialpsychologyconference\/#website"},"datePublished":"2025-03-06T12:25:27+00:00","dateModified":"2025-03-06T12:25:28+00:00","breadcrumb":{"@id":"https:\/\/sites.uef.fi\/socialpsychologyconference\/tieteentekijoiden-liitto\/#breadcrumb"},"inLanguage":"en-US","potentialAction":[{"@type":"ReadAction","target":["https:\/\/sites.uef.fi\/socialpsychologyconference\/tieteentekijoiden-liitto\/"]}]},{"@type":"BreadcrumbList","@id":"https:\/\/sites.uef.fi\/socialpsychologyconference\/tieteentekijoiden-liitto\/#breadcrumb","itemListElement":[{"@type":"ListItem","position":1,"name":"Home","item":"https:\/\/sites.uef.fi\/socialpsychologyconference\/"},{"@type":"ListItem","position":2,"name":"Tieteentekij\u00f6iden liitto\u00a0"}]},{"@type":"WebSite","@id":"https:\/\/sites.uef.fi\/socialpsychologyconference\/#website","url":"https:\/\/sites.uef.fi\/socialpsychologyconference\/","name":"Social Psychology Days 2025 - Views to a Changing World","description":"","potentialAction":[{"@type":"SearchAction","target":{"@type":"EntryPoint","urlTemplate":"https:\/\/sites.uef.fi\/socialpsychologyconference\/?s={search_term_string}"},"query-input":{"@type":"PropertyValueSpecification","valueRequired":true,"valueName":"search_term_string"}}],"inLanguage":"en-US"}]}},"_links":{"self":[{"href":"https:\/\/sites.uef.fi\/socialpsychologyconference\/wp-json\/wp\/v2\/pages\/392","targetHints":{"allow":["GET"]}}],"collection":[{"href":"https:\/\/sites.uef.fi\/socialpsychologyconference\/wp-json\/wp\/v2\/pages"}],"about":[{"href":"https:\/\/sites.uef.fi\/socialpsychologyconference\/wp-json\/wp\/v2\/types\/page"}],"author":[{"embeddable":true,"href":"https:\/\/sites.uef.fi\/socialpsychologyconference\/wp-json\/wp\/v2\/users\/1279"}],"replies":[{"embeddable":true,"href":"https:\/\/sites.uef.fi\/socialpsychologyconference\/wp-json\/wp\/v2\/comments?post=392"}],"version-history":[{"count":1,"href":"https:\/\/sites.uef.fi\/socialpsychologyconference\/wp-json\/wp\/v2\/pages\/392\/revisions"}],"predecessor-version":[{"id":394,"href":"https:\/\/sites.uef.fi\/socialpsychologyconference\/wp-json\/wp\/v2\/pages\/392\/revisions\/394"}],"wp:attachment":[{"href":"https:\/\/sites.uef.fi\/socialpsychologyconference\/wp-json\/wp\/v2\/media?parent=392"}],"curies":[{"name":"wp","href":"https:\/\/api.w.org\/{rel}","templated":true}]}}