{"id":410,"date":"2025-04-16T13:05:17","date_gmt":"2025-04-16T11:05:17","guid":{"rendered":"https:\/\/sites.uef.fi\/socialpsychologyconference\/?page_id=410"},"modified":"2025-05-14T20:34:47","modified_gmt":"2025-05-14T18:34:47","slug":"parallel-sessions-slot-2","status":"publish","type":"page","link":"https:\/\/sites.uef.fi\/socialpsychologyconference\/parallel-sessions-slot-2\/","title":{"rendered":"Parallel Sessions &#8211; slot 2"},"content":{"rendered":"\n<p><strong>FRIDAY<\/strong>&nbsp;9:00-10:45, Medistudia Building<\/p>\n\n\n\n<p>Slot 2: Parallel sessions 1h 45 min&nbsp;<\/p>\n\n\n\n<h4 class=\"wp-block-heading\"><strong>N\u00e4k\u00f6kulmia ty\u00f6el\u00e4m\u00e4n vuorovaikutukseen: valta, ideaalit ja ongelmat <\/strong>(FI)&nbsp;<\/h4>\n\n\n\n<p><strong>Chairs: Minna Paanasalo, Miira Niska &amp; Melisa Stevanovic (part 1)&nbsp;<\/strong><br><strong>Room: MS303<\/strong><\/p>\n\n\n\n<ul class=\"wp-block-list\">\n<li>Liisa Vuotilainen:&nbsp;<em>Oppilaanohjaajan \u201csuorasukaisuus\u201d nuorten kanssa keskustellessa<\/em>&nbsp;<\/li>\n<\/ul>\n\n\n\n<ul class=\"wp-block-list\">\n<li>Teija Ahopelto: <em>Persoonallisuustestit diskursiivisina resursseina rekrytointihaastatteluissa<\/em><\/li>\n<\/ul>\n\n\n\n<ul class=\"wp-block-list\">\n<li>Bettina Reiman:<em> \u201cWe use your youth and then you are rejected\u201d Maahanmuuttaneiden diskurssit, subjektipositiot ja ideaalit suomalaisessa yhteiskunnassa <\/em>&nbsp;<\/li>\n<\/ul>\n\n\n\n<ul class=\"wp-block-list\">\n<li>Maria Paavolainen &amp; Elina Weiste: &nbsp;<em>Ihmisten kohtaamista vai teknisi\u00e4 toimenpiteit\u00e4: hoitoty\u00f6n ideaalit ja diskurssit ik\u00e4\u00e4ntyneiden palveluissa<\/em>&nbsp;<\/li>\n<\/ul>\n\n\n\n<ul class=\"wp-block-list\">\n<li>Elina Weiste, Eveliina Saari, Kirsi Lappalainen &amp;&nbsp;Tiina Koivisto: <em>Dilemmaattiset diskurssit uusista tulokkaista hoitoalan ty\u00f6voimapulan ratkaisuihin t\u00e4ht\u00e4\u00e4viss\u00e4 keskusteluissa<\/em> &nbsp;<\/li>\n<\/ul>\n\n\n\n<h4 class=\"wp-block-heading\"><strong>Hoivan ja hyvinvoinnin muuttuvat maisemat: Vaihtuvat roolit ja tunteet<\/strong><strong> <\/strong>(FI)&nbsp;&nbsp;<\/h4>\n\n\n\n<p><strong>Chair: Pekka Kuusela&nbsp;&nbsp;<\/strong><br><strong>Room: MS304<\/strong><\/p>\n\n\n\n<ul class=\"wp-block-list\">\n<li>Tiina Timperi, Kaarina M\u00f6nkk\u00f6nen &amp; Kati Kasanen: <em>Mitk\u00e4 asiat haastavat lain henke\u00e4 monialaisessa yhteisty\u00f6ss\u00e4?<\/em>&nbsp;<\/li>\n<\/ul>\n\n\n\n<ul class=\"wp-block-list\">\n<li>Sakari Ilom\u00e4ki: <em>Potilaiden ja ammattilaisten tiedon yhdentyminen positionvaihdon n\u00e4k\u00f6kulmasta<\/em>&nbsp;<\/li>\n<\/ul>\n\n\n\n<ul class=\"wp-block-list\">\n<li>Mimosa Eldving: <em>Sosiaalisen ilmapiirin merkitys yksil\u00f6n seksuaalisuuden ilmaisemiselle ja toteuttamiselle seksibilekontekstissa<\/em>&nbsp;<\/li>\n<\/ul>\n\n\n\n<ul class=\"wp-block-list\">\n<li>Eeva Aromaa:<em> Ik\u00e4\u00e4ntyvien kanssatutkijoiden kokemuksia tutkimusprosessiin osallistumisesta <\/em>&nbsp;<\/li>\n<\/ul>\n\n\n\n<h4 class=\"wp-block-heading\"><strong>Navigating Identity and Boundaries in a Changing World <\/strong>(ENG)&nbsp;<\/h4>\n\n\n\n<p><strong>Chair: Elina Turjanmaa&nbsp;<\/strong><br><strong>Room: MS305<\/strong><\/p>\n\n\n\n<ul class=\"wp-block-list\">\n<li>Jasmine Gustafsson: <em>Beyond the screen of Nordic adolescents: How offline social support and online interaction shape psychosocial well-being <\/em>&nbsp;<\/li>\n<\/ul>\n\n\n\n<ul class=\"wp-block-list\">\n<li>Pinja Majava: <em>Sexual Consent in Television Series: Viewers&#8217; Interpretations in Online Discussions<\/em>&nbsp;<\/li>\n<\/ul>\n\n\n\n<ul class=\"wp-block-list\">\n<li>Anastasiia Semykin: <em>Collective epistemic ownership and national identification dynamics in second generation migrants in Finland <\/em>&nbsp;<\/li>\n<\/ul>\n\n\n\n<ul class=\"wp-block-list\">\n<li>Ulya Fuhaidah: <em>The Psychological Effects of Negative Stigma on Salafi Members and Strategies for Overcoming it<\/em>&nbsp;<\/li>\n<\/ul>\n\n\n\n<ul class=\"wp-block-list\">\n<li>Meri-Tuuli Hirvonen: <em>Autistic renaissance (this is just the beginning!) \u2013 from mythical wild child towards neuroqueer future<\/em>&nbsp;<\/li>\n<\/ul>\n\n\n\n<h4 class=\"wp-block-heading\"><strong>Visual Methods as Tools for Understanding Change <\/strong>(ENG\/FI)&nbsp;<\/h4>\n\n\n\n<p><strong>Chair: Eerika Finell&nbsp;<\/strong><br><strong>Room: MS302<\/strong><\/p>\n\n\n\n<ul class=\"wp-block-list\">\n<li>Mariman Mabrouk: <em>Macron as a Pig, a King and Trash: Visual Rhetorical Analysis of Dehumanizing Imagery of the Elite in French Protest<\/em>&nbsp;<\/li>\n<\/ul>\n\n\n\n<ul class=\"wp-block-list\">\n<li>Sanna Raudaskosk &amp; Satu Valkonen: <em>L\u00e4sn\u00e4olon ideaali ja digitaalinen poikkeama: J\u00e4nnitteit\u00e4 \u00e4lypuhelinajan vanhemmuudessa <\/em>&nbsp;<\/li>\n<\/ul>\n\n\n\n<ul class=\"wp-block-list\">\n<li>Hanna Pohjola: <em>Digitaalisesti tanssien toivottu tulevaisuus \u2013 Sosiaaliset representaatiot ja katsojan tunteiden kokeminen tanssin neurotieteiden valossa <\/em>&nbsp;<\/li>\n<\/ul>\n","protected":false},"excerpt":{"rendered":"<p>FRIDAY&nbsp;9:00-10:45, Medistudia Building Slot 2: Parallel sessions 1h 45 min&nbsp; N\u00e4k\u00f6kulmia ty\u00f6el\u00e4m\u00e4n vuorovaikutukseen: valta, ideaalit ja ongelmat (FI)&nbsp; Chairs: Minna Paanasalo, Miira Niska &amp; Melisa Stevanovic (part 1)&nbsp;Room: MS303 Hoivan ja hyvinvoinnin muuttuvat maisemat: Vaihtuvat roolit ja tunteet (FI)&nbsp;&nbsp; Chair: Pekka Kuusela&nbsp;&nbsp;Room: MS304 Navigating Identity and Boundaries in a Changing World (ENG)&nbsp; Chair: Elina Turjanmaa&nbsp;Room: [&hellip;]<\/p>\n","protected":false},"author":1279,"featured_media":0,"parent":0,"menu_order":0,"comment_status":"closed","ping_status":"closed","template":"","meta":{"_acf_changed":false,"footnotes":""},"class_list":["post-410","page","type-page","status-publish","hentry"],"acf":[],"yoast_head":"<!-- This site is optimized with the Yoast SEO plugin v27.1.1 - https:\/\/yoast.com\/product\/yoast-seo-wordpress\/ -->\n<title>Parallel Sessions - slot 2 - Social Psychology Days 2025 - Views to a Changing World<\/title>\n<meta name=\"robots\" content=\"index, follow, max-snippet:-1, max-image-preview:large, max-video-preview:-1\" \/>\n<link rel=\"canonical\" href=\"https:\/\/sites.uef.fi\/socialpsychologyconference\/parallel-sessions-slot-2\/\" \/>\n<meta property=\"og:locale\" content=\"en_US\" \/>\n<meta property=\"og:type\" content=\"article\" \/>\n<meta property=\"og:title\" content=\"Parallel Sessions - slot 2 - Social Psychology Days 2025 - Views to a Changing World\" \/>\n<meta property=\"og:description\" content=\"FRIDAY&nbsp;9:00-10:45, Medistudia Building Slot 2: Parallel sessions 1h 45 min&nbsp; N\u00e4k\u00f6kulmia ty\u00f6el\u00e4m\u00e4n vuorovaikutukseen: valta, ideaalit ja ongelmat (FI)&nbsp; Chairs: Minna Paanasalo, Miira Niska &amp; Melisa Stevanovic (part 1)&nbsp;Room: MS303 Hoivan ja hyvinvoinnin muuttuvat maisemat: Vaihtuvat roolit ja tunteet (FI)&nbsp;&nbsp; Chair: Pekka Kuusela&nbsp;&nbsp;Room: MS304 Navigating Identity and Boundaries in a Changing World (ENG)&nbsp; Chair: Elina Turjanmaa&nbsp;Room: [&hellip;]\" \/>\n<meta property=\"og:url\" content=\"https:\/\/sites.uef.fi\/socialpsychologyconference\/parallel-sessions-slot-2\/\" \/>\n<meta property=\"og:site_name\" content=\"Social Psychology Days 2025 - Views to a Changing World\" \/>\n<meta property=\"article:modified_time\" content=\"2025-05-14T18:34:47+00:00\" \/>\n<meta name=\"twitter:card\" content=\"summary_large_image\" \/>\n<meta name=\"twitter:label1\" content=\"Est. reading time\" \/>\n\t<meta name=\"twitter:data1\" content=\"2 minutes\" \/>\n<script type=\"application\/ld+json\" class=\"yoast-schema-graph\">{\"@context\":\"https:\/\/schema.org\",\"@graph\":[{\"@type\":\"WebPage\",\"@id\":\"https:\/\/sites.uef.fi\/socialpsychologyconference\/parallel-sessions-slot-2\/\",\"url\":\"https:\/\/sites.uef.fi\/socialpsychologyconference\/parallel-sessions-slot-2\/\",\"name\":\"Parallel Sessions - slot 2 - Social Psychology Days 2025 - Views to a Changing World\",\"isPartOf\":{\"@id\":\"https:\/\/sites.uef.fi\/socialpsychologyconference\/#website\"},\"datePublished\":\"2025-04-16T11:05:17+00:00\",\"dateModified\":\"2025-05-14T18:34:47+00:00\",\"breadcrumb\":{\"@id\":\"https:\/\/sites.uef.fi\/socialpsychologyconference\/parallel-sessions-slot-2\/#breadcrumb\"},\"inLanguage\":\"en-US\",\"potentialAction\":[{\"@type\":\"ReadAction\",\"target\":[\"https:\/\/sites.uef.fi\/socialpsychologyconference\/parallel-sessions-slot-2\/\"]}]},{\"@type\":\"BreadcrumbList\",\"@id\":\"https:\/\/sites.uef.fi\/socialpsychologyconference\/parallel-sessions-slot-2\/#breadcrumb\",\"itemListElement\":[{\"@type\":\"ListItem\",\"position\":1,\"name\":\"Home\",\"item\":\"https:\/\/sites.uef.fi\/socialpsychologyconference\/\"},{\"@type\":\"ListItem\",\"position\":2,\"name\":\"Parallel Sessions &#8211; slot 2\"}]},{\"@type\":\"WebSite\",\"@id\":\"https:\/\/sites.uef.fi\/socialpsychologyconference\/#website\",\"url\":\"https:\/\/sites.uef.fi\/socialpsychologyconference\/\",\"name\":\"Social Psychology Days 2025 - Views to a Changing World\",\"description\":\"\",\"potentialAction\":[{\"@type\":\"SearchAction\",\"target\":{\"@type\":\"EntryPoint\",\"urlTemplate\":\"https:\/\/sites.uef.fi\/socialpsychologyconference\/?s={search_term_string}\"},\"query-input\":{\"@type\":\"PropertyValueSpecification\",\"valueRequired\":true,\"valueName\":\"search_term_string\"}}],\"inLanguage\":\"en-US\"}]}<\/script>\n<!-- \/ Yoast SEO plugin. -->","yoast_head_json":{"title":"Parallel Sessions - slot 2 - Social Psychology Days 2025 - Views to a Changing World","robots":{"index":"index","follow":"follow","max-snippet":"max-snippet:-1","max-image-preview":"max-image-preview:large","max-video-preview":"max-video-preview:-1"},"canonical":"https:\/\/sites.uef.fi\/socialpsychologyconference\/parallel-sessions-slot-2\/","og_locale":"en_US","og_type":"article","og_title":"Parallel Sessions - slot 2 - Social Psychology Days 2025 - Views to a Changing World","og_description":"FRIDAY&nbsp;9:00-10:45, Medistudia Building Slot 2: Parallel sessions 1h 45 min&nbsp; N\u00e4k\u00f6kulmia ty\u00f6el\u00e4m\u00e4n vuorovaikutukseen: valta, ideaalit ja ongelmat (FI)&nbsp; Chairs: Minna Paanasalo, Miira Niska &amp; Melisa Stevanovic (part 1)&nbsp;Room: MS303 Hoivan ja hyvinvoinnin muuttuvat maisemat: Vaihtuvat roolit ja tunteet (FI)&nbsp;&nbsp; Chair: Pekka Kuusela&nbsp;&nbsp;Room: MS304 Navigating Identity and Boundaries in a Changing World (ENG)&nbsp; Chair: Elina Turjanmaa&nbsp;Room: [&hellip;]","og_url":"https:\/\/sites.uef.fi\/socialpsychologyconference\/parallel-sessions-slot-2\/","og_site_name":"Social Psychology Days 2025 - Views to a Changing World","article_modified_time":"2025-05-14T18:34:47+00:00","twitter_card":"summary_large_image","twitter_misc":{"Est. reading time":"2 minutes"},"schema":{"@context":"https:\/\/schema.org","@graph":[{"@type":"WebPage","@id":"https:\/\/sites.uef.fi\/socialpsychologyconference\/parallel-sessions-slot-2\/","url":"https:\/\/sites.uef.fi\/socialpsychologyconference\/parallel-sessions-slot-2\/","name":"Parallel Sessions - slot 2 - Social Psychology Days 2025 - Views to a Changing World","isPartOf":{"@id":"https:\/\/sites.uef.fi\/socialpsychologyconference\/#website"},"datePublished":"2025-04-16T11:05:17+00:00","dateModified":"2025-05-14T18:34:47+00:00","breadcrumb":{"@id":"https:\/\/sites.uef.fi\/socialpsychologyconference\/parallel-sessions-slot-2\/#breadcrumb"},"inLanguage":"en-US","potentialAction":[{"@type":"ReadAction","target":["https:\/\/sites.uef.fi\/socialpsychologyconference\/parallel-sessions-slot-2\/"]}]},{"@type":"BreadcrumbList","@id":"https:\/\/sites.uef.fi\/socialpsychologyconference\/parallel-sessions-slot-2\/#breadcrumb","itemListElement":[{"@type":"ListItem","position":1,"name":"Home","item":"https:\/\/sites.uef.fi\/socialpsychologyconference\/"},{"@type":"ListItem","position":2,"name":"Parallel Sessions &#8211; slot 2"}]},{"@type":"WebSite","@id":"https:\/\/sites.uef.fi\/socialpsychologyconference\/#website","url":"https:\/\/sites.uef.fi\/socialpsychologyconference\/","name":"Social Psychology Days 2025 - Views to a Changing World","description":"","potentialAction":[{"@type":"SearchAction","target":{"@type":"EntryPoint","urlTemplate":"https:\/\/sites.uef.fi\/socialpsychologyconference\/?s={search_term_string}"},"query-input":{"@type":"PropertyValueSpecification","valueRequired":true,"valueName":"search_term_string"}}],"inLanguage":"en-US"}]}},"_links":{"self":[{"href":"https:\/\/sites.uef.fi\/socialpsychologyconference\/wp-json\/wp\/v2\/pages\/410","targetHints":{"allow":["GET"]}}],"collection":[{"href":"https:\/\/sites.uef.fi\/socialpsychologyconference\/wp-json\/wp\/v2\/pages"}],"about":[{"href":"https:\/\/sites.uef.fi\/socialpsychologyconference\/wp-json\/wp\/v2\/types\/page"}],"author":[{"embeddable":true,"href":"https:\/\/sites.uef.fi\/socialpsychologyconference\/wp-json\/wp\/v2\/users\/1279"}],"replies":[{"embeddable":true,"href":"https:\/\/sites.uef.fi\/socialpsychologyconference\/wp-json\/wp\/v2\/comments?post=410"}],"version-history":[{"count":2,"href":"https:\/\/sites.uef.fi\/socialpsychologyconference\/wp-json\/wp\/v2\/pages\/410\/revisions"}],"predecessor-version":[{"id":524,"href":"https:\/\/sites.uef.fi\/socialpsychologyconference\/wp-json\/wp\/v2\/pages\/410\/revisions\/524"}],"wp:attachment":[{"href":"https:\/\/sites.uef.fi\/socialpsychologyconference\/wp-json\/wp\/v2\/media?parent=410"}],"curies":[{"name":"wp","href":"https:\/\/api.w.org\/{rel}","templated":true}]}}