{"id":413,"date":"2025-04-16T13:08:05","date_gmt":"2025-04-16T11:08:05","guid":{"rendered":"https:\/\/sites.uef.fi\/socialpsychologyconference\/?page_id=413"},"modified":"2025-05-09T08:38:33","modified_gmt":"2025-05-09T06:38:33","slug":"parallel-sessions-slot-3","status":"publish","type":"page","link":"https:\/\/sites.uef.fi\/socialpsychologyconference\/parallel-sessions-slot-3\/","title":{"rendered":"Parallel Sessions &#8211; Slot 3"},"content":{"rendered":"\n<p>FRIDAY 13:10-14:55, Medistudia Building<\/p>\n\n\n\n<p>Slot 3: Parallel sessions 1h 45 min&nbsp;<\/p>\n\n\n\n<h4 class=\"wp-block-heading\"><strong>N\u00e4k\u00f6kulmia ty\u00f6el\u00e4m\u00e4n vuorovaikutukseen: valta, ideaalit ja ongelmat <\/strong>(FI)&nbsp;<\/h4>\n\n\n\n<p><strong>Chairs: Minna Paanasalo, Miira Niska &amp; Melisa Stevanovic (part 2)\u00a0<\/strong><br><strong>Room: MS303<\/strong><\/p>\n\n\n\n<ul class=\"wp-block-list\">\n<li>Henri Nevalainen: <em>Miksi tervehdykseeni ei vastata? Kokeellinen tutkimus ulossulkemisen aiheuttamasta uhasta ty\u00f6paikalla<\/em>&nbsp;<\/li>\n<\/ul>\n\n\n\n<ul class=\"wp-block-list\">\n<li>Minna Leinonen &amp; Melisa Stevanovic:<em> Patologisoitu vuorovaikutus \u2013 ty\u00f6el\u00e4m\u00e4n kertominen tutkimushaastatteluissa<\/em>&nbsp;<\/li>\n<\/ul>\n\n\n\n<ul class=\"wp-block-list\">\n<li>Antero Olakivi &amp; Vilhelmiina Lehto-Niskala: <em>Hoivaty\u00f6ntekij\u00f6iden toimintaehdotusten hylk\u00e4\u00e4minen vanhustenhoidossa: dramaturginen n\u00e4k\u00f6kulma psykologiseen turvallisuuteen ty\u00f6paikan vuorovaikutustilanteissa<\/em>&nbsp;<\/li>\n<\/ul>\n\n\n\n<ul class=\"wp-block-list\">\n<li>Minna Paanasalo: <em>Hyv\u00e4 vuorovaikutus ja vuorovaikutustaidot keskustelun kohteena ty\u00f6paikalla<\/em>&nbsp;<\/li>\n<\/ul>\n\n\n\n<h4 class=\"wp-block-heading\"><strong>Social psychological perspectives to gender, sexualities and relationships at times of change<\/strong> (ENG\/FI)&nbsp;<\/h4>\n\n\n\n<p><strong>Chairs: Nita Taivaloja, Satu Ven\u00e4l\u00e4inen &amp; P\u00e4ivi Berg\u00a0<\/strong><br><strong>Room: MS305<\/strong><\/p>\n\n\n\n<ul class=\"wp-block-list\">\n<li>Nita Taivaloja: <em>Consensual non-monogamy as means for women\u2019s sexual emancipation?<\/em> &nbsp;<\/li>\n<\/ul>\n\n\n\n<ul class=\"wp-block-list\">\n<li>Aino Haaraniemi: <em>Totta vai kuvitelmaa? Diskurssianalyysi seksismin rakentumisesta todeksi <\/em>&nbsp;<\/li>\n<\/ul>\n\n\n\n<ul class=\"wp-block-list\">\n<li>Satu Ven\u00e4l\u00e4inen &amp; Octavia Calder-Dawe: <em>Affective-discursive dilemmas in young people\u2019s resistance to sexual harassment <\/em>&nbsp;<\/li>\n<\/ul>\n\n\n\n<ul class=\"wp-block-list\">\n<li>P\u00e4ivi Berg &amp; Satu Ven\u00e4l\u00e4inen: <em>LGBTQ and neurodiverse young people in group-based mental health intervention <\/em>&nbsp;<\/li>\n<\/ul>\n\n\n\n<h4 class=\"wp-block-heading\"><strong>Adolescents\u2019 Perceptions of Place, Future and Groups of People with Different Cultural Backgrounds \u2013 Creative Approaches to Studying Social Representations<\/strong>&nbsp;(ENG)&nbsp;<\/h4>\n\n\n\n<p><strong>Chair: Jari Martikainen\u00a0<\/strong><br><strong>Room: MS302<\/strong><\/p>\n\n\n\n<ul class=\"wp-block-list\">\n<li>Jari Martikainen: <em>Participatory visual and arts-based methods in researching social representations<\/em>&nbsp;<\/li>\n<\/ul>\n\n\n\n<ul class=\"wp-block-list\">\n<li>Katja L\u00f6tj\u00f6nen: <em>Young people\u2019s everyday perceptions on cultural groups: Structural approach on social representations of Finnish, Middle Eastern and Ukrainian people<\/em>&nbsp;<\/li>\n<\/ul>\n\n\n\n<ul class=\"wp-block-list\">\n<li>Hadi Farahani:<em> <\/em><em>Places and meanings \u2013 Perceptions of young people coming from different cultural backgrounds<\/em>&nbsp;<\/li>\n<\/ul>\n\n\n\n<ul class=\"wp-block-list\">\n<li>Jennifer De Paola: <em>Drawn Futures: Visualizing Tomorrow Among Finland\u2019s Diverse Youth<\/em>&nbsp;<\/li>\n<\/ul>\n","protected":false},"excerpt":{"rendered":"<p>FRIDAY 13:10-14:55, Medistudia Building Slot 3: Parallel sessions 1h 45 min&nbsp; N\u00e4k\u00f6kulmia ty\u00f6el\u00e4m\u00e4n vuorovaikutukseen: valta, ideaalit ja ongelmat (FI)&nbsp; Chairs: Minna Paanasalo, Miira Niska &amp; Melisa Stevanovic (part 2)\u00a0Room: MS303 Social psychological perspectives to gender, sexualities and relationships at times of change (ENG\/FI)&nbsp; Chairs: Nita Taivaloja, Satu Ven\u00e4l\u00e4inen &amp; P\u00e4ivi Berg\u00a0Room: MS305 Adolescents\u2019 Perceptions of [&hellip;]<\/p>\n","protected":false},"author":1279,"featured_media":0,"parent":0,"menu_order":0,"comment_status":"closed","ping_status":"closed","template":"","meta":{"_acf_changed":false,"footnotes":""},"class_list":["post-413","page","type-page","status-publish","hentry"],"acf":[],"yoast_head":"<!-- This site is optimized with the Yoast SEO plugin v27.1.1 - https:\/\/yoast.com\/product\/yoast-seo-wordpress\/ -->\n<title>Parallel Sessions - Slot 3 - Social Psychology Days 2025 - Views to a Changing World<\/title>\n<meta name=\"robots\" content=\"index, follow, max-snippet:-1, max-image-preview:large, max-video-preview:-1\" \/>\n<link rel=\"canonical\" href=\"https:\/\/sites.uef.fi\/socialpsychologyconference\/parallel-sessions-slot-3\/\" \/>\n<meta property=\"og:locale\" content=\"en_US\" \/>\n<meta property=\"og:type\" content=\"article\" \/>\n<meta property=\"og:title\" content=\"Parallel Sessions - Slot 3 - Social Psychology Days 2025 - Views to a Changing World\" \/>\n<meta property=\"og:description\" content=\"FRIDAY 13:10-14:55, Medistudia Building Slot 3: Parallel sessions 1h 45 min&nbsp; N\u00e4k\u00f6kulmia ty\u00f6el\u00e4m\u00e4n vuorovaikutukseen: valta, ideaalit ja ongelmat (FI)&nbsp; Chairs: Minna Paanasalo, Miira Niska &amp; Melisa Stevanovic (part 2)\u00a0Room: MS303 Social psychological perspectives to gender, sexualities and relationships at times of change (ENG\/FI)&nbsp; Chairs: Nita Taivaloja, Satu Ven\u00e4l\u00e4inen &amp; P\u00e4ivi Berg\u00a0Room: MS305 Adolescents\u2019 Perceptions of [&hellip;]\" \/>\n<meta property=\"og:url\" content=\"https:\/\/sites.uef.fi\/socialpsychologyconference\/parallel-sessions-slot-3\/\" \/>\n<meta property=\"og:site_name\" content=\"Social Psychology Days 2025 - Views to a Changing World\" \/>\n<meta property=\"article:modified_time\" content=\"2025-05-09T06:38:33+00:00\" \/>\n<meta name=\"twitter:card\" content=\"summary_large_image\" \/>\n<meta name=\"twitter:label1\" content=\"Est. reading time\" \/>\n\t<meta name=\"twitter:data1\" content=\"1 minute\" \/>\n<script type=\"application\/ld+json\" class=\"yoast-schema-graph\">{\"@context\":\"https:\/\/schema.org\",\"@graph\":[{\"@type\":\"WebPage\",\"@id\":\"https:\/\/sites.uef.fi\/socialpsychologyconference\/parallel-sessions-slot-3\/\",\"url\":\"https:\/\/sites.uef.fi\/socialpsychologyconference\/parallel-sessions-slot-3\/\",\"name\":\"Parallel Sessions - Slot 3 - Social Psychology Days 2025 - Views to a Changing World\",\"isPartOf\":{\"@id\":\"https:\/\/sites.uef.fi\/socialpsychologyconference\/#website\"},\"datePublished\":\"2025-04-16T11:08:05+00:00\",\"dateModified\":\"2025-05-09T06:38:33+00:00\",\"breadcrumb\":{\"@id\":\"https:\/\/sites.uef.fi\/socialpsychologyconference\/parallel-sessions-slot-3\/#breadcrumb\"},\"inLanguage\":\"en-US\",\"potentialAction\":[{\"@type\":\"ReadAction\",\"target\":[\"https:\/\/sites.uef.fi\/socialpsychologyconference\/parallel-sessions-slot-3\/\"]}]},{\"@type\":\"BreadcrumbList\",\"@id\":\"https:\/\/sites.uef.fi\/socialpsychologyconference\/parallel-sessions-slot-3\/#breadcrumb\",\"itemListElement\":[{\"@type\":\"ListItem\",\"position\":1,\"name\":\"Home\",\"item\":\"https:\/\/sites.uef.fi\/socialpsychologyconference\/\"},{\"@type\":\"ListItem\",\"position\":2,\"name\":\"Parallel Sessions &#8211; Slot 3\"}]},{\"@type\":\"WebSite\",\"@id\":\"https:\/\/sites.uef.fi\/socialpsychologyconference\/#website\",\"url\":\"https:\/\/sites.uef.fi\/socialpsychologyconference\/\",\"name\":\"Social Psychology Days 2025 - Views to a Changing World\",\"description\":\"\",\"potentialAction\":[{\"@type\":\"SearchAction\",\"target\":{\"@type\":\"EntryPoint\",\"urlTemplate\":\"https:\/\/sites.uef.fi\/socialpsychologyconference\/?s={search_term_string}\"},\"query-input\":{\"@type\":\"PropertyValueSpecification\",\"valueRequired\":true,\"valueName\":\"search_term_string\"}}],\"inLanguage\":\"en-US\"}]}<\/script>\n<!-- \/ Yoast SEO plugin. -->","yoast_head_json":{"title":"Parallel Sessions - Slot 3 - Social Psychology Days 2025 - Views to a Changing World","robots":{"index":"index","follow":"follow","max-snippet":"max-snippet:-1","max-image-preview":"max-image-preview:large","max-video-preview":"max-video-preview:-1"},"canonical":"https:\/\/sites.uef.fi\/socialpsychologyconference\/parallel-sessions-slot-3\/","og_locale":"en_US","og_type":"article","og_title":"Parallel Sessions - Slot 3 - Social Psychology Days 2025 - Views to a Changing World","og_description":"FRIDAY 13:10-14:55, Medistudia Building Slot 3: Parallel sessions 1h 45 min&nbsp; N\u00e4k\u00f6kulmia ty\u00f6el\u00e4m\u00e4n vuorovaikutukseen: valta, ideaalit ja ongelmat (FI)&nbsp; Chairs: Minna Paanasalo, Miira Niska &amp; Melisa Stevanovic (part 2)\u00a0Room: MS303 Social psychological perspectives to gender, sexualities and relationships at times of change (ENG\/FI)&nbsp; Chairs: Nita Taivaloja, Satu Ven\u00e4l\u00e4inen &amp; P\u00e4ivi Berg\u00a0Room: MS305 Adolescents\u2019 Perceptions of [&hellip;]","og_url":"https:\/\/sites.uef.fi\/socialpsychologyconference\/parallel-sessions-slot-3\/","og_site_name":"Social Psychology Days 2025 - Views to a Changing World","article_modified_time":"2025-05-09T06:38:33+00:00","twitter_card":"summary_large_image","twitter_misc":{"Est. reading time":"1 minute"},"schema":{"@context":"https:\/\/schema.org","@graph":[{"@type":"WebPage","@id":"https:\/\/sites.uef.fi\/socialpsychologyconference\/parallel-sessions-slot-3\/","url":"https:\/\/sites.uef.fi\/socialpsychologyconference\/parallel-sessions-slot-3\/","name":"Parallel Sessions - Slot 3 - Social Psychology Days 2025 - Views to a Changing World","isPartOf":{"@id":"https:\/\/sites.uef.fi\/socialpsychologyconference\/#website"},"datePublished":"2025-04-16T11:08:05+00:00","dateModified":"2025-05-09T06:38:33+00:00","breadcrumb":{"@id":"https:\/\/sites.uef.fi\/socialpsychologyconference\/parallel-sessions-slot-3\/#breadcrumb"},"inLanguage":"en-US","potentialAction":[{"@type":"ReadAction","target":["https:\/\/sites.uef.fi\/socialpsychologyconference\/parallel-sessions-slot-3\/"]}]},{"@type":"BreadcrumbList","@id":"https:\/\/sites.uef.fi\/socialpsychologyconference\/parallel-sessions-slot-3\/#breadcrumb","itemListElement":[{"@type":"ListItem","position":1,"name":"Home","item":"https:\/\/sites.uef.fi\/socialpsychologyconference\/"},{"@type":"ListItem","position":2,"name":"Parallel Sessions &#8211; Slot 3"}]},{"@type":"WebSite","@id":"https:\/\/sites.uef.fi\/socialpsychologyconference\/#website","url":"https:\/\/sites.uef.fi\/socialpsychologyconference\/","name":"Social Psychology Days 2025 - Views to a Changing World","description":"","potentialAction":[{"@type":"SearchAction","target":{"@type":"EntryPoint","urlTemplate":"https:\/\/sites.uef.fi\/socialpsychologyconference\/?s={search_term_string}"},"query-input":{"@type":"PropertyValueSpecification","valueRequired":true,"valueName":"search_term_string"}}],"inLanguage":"en-US"}]}},"_links":{"self":[{"href":"https:\/\/sites.uef.fi\/socialpsychologyconference\/wp-json\/wp\/v2\/pages\/413","targetHints":{"allow":["GET"]}}],"collection":[{"href":"https:\/\/sites.uef.fi\/socialpsychologyconference\/wp-json\/wp\/v2\/pages"}],"about":[{"href":"https:\/\/sites.uef.fi\/socialpsychologyconference\/wp-json\/wp\/v2\/types\/page"}],"author":[{"embeddable":true,"href":"https:\/\/sites.uef.fi\/socialpsychologyconference\/wp-json\/wp\/v2\/users\/1279"}],"replies":[{"embeddable":true,"href":"https:\/\/sites.uef.fi\/socialpsychologyconference\/wp-json\/wp\/v2\/comments?post=413"}],"version-history":[{"count":1,"href":"https:\/\/sites.uef.fi\/socialpsychologyconference\/wp-json\/wp\/v2\/pages\/413\/revisions"}],"predecessor-version":[{"id":521,"href":"https:\/\/sites.uef.fi\/socialpsychologyconference\/wp-json\/wp\/v2\/pages\/413\/revisions\/521"}],"wp:attachment":[{"href":"https:\/\/sites.uef.fi\/socialpsychologyconference\/wp-json\/wp\/v2\/media?parent=413"}],"curies":[{"name":"wp","href":"https:\/\/api.w.org\/{rel}","templated":true}]}}