{"id":416,"date":"2025-04-16T13:10:45","date_gmt":"2025-04-16T11:10:45","guid":{"rendered":"https:\/\/sites.uef.fi\/socialpsychologyconference\/?page_id=416"},"modified":"2025-05-09T08:39:59","modified_gmt":"2025-05-09T06:39:59","slug":"parallel-sessions-slot-4","status":"publish","type":"page","link":"https:\/\/sites.uef.fi\/socialpsychologyconference\/parallel-sessions-slot-4\/","title":{"rendered":"Parallel sessions &#8211; Slot 4"},"content":{"rendered":"\n<p class=\"has-text-align-left\">FRIDAY 15:10-16:10 Slot 4: Parallel sessions 1h, Medistudia Building<\/p>\n\n\n\n<h4 class=\"wp-block-heading\"><strong>Participatory workshop: \u201cIntroducing the \u0421ybernom\u00e8tre as a hardware approach to educational technologies: in the study of group work and teaching compatibility in group and intergroup interaction\u201d&nbsp;<\/strong>(ENG)&nbsp;<\/h4>\n\n\n\n<p><strong>Chairs &amp; Presenters: \u00a0Vasily Beloly &amp; Nadja Beloly<\/strong><br><strong>Room: MS305\u00a0<\/strong><\/p>\n\n\n\n<h4 class=\"wp-block-heading\"><strong>Ty\u00f6el\u00e4m\u00e4n ja organisaatioiden sosiaalipsykologiaa<\/strong> (FI)&nbsp;<\/h4>\n\n\n\n<p><strong>Chair: Mia Silfver\u00a0<\/strong><br><strong>Room: MS303<\/strong><\/p>\n\n\n\n<ul class=\"wp-block-list\">\n<li>Jaana-Piia M\u00e4kiniemi: <em>H\u00e4pe\u00e4\u00e4 her\u00e4tt\u00e4v\u00e4t tilanteet ty\u00f6ss\u00e4<\/em> &nbsp;<\/li>\n<\/ul>\n\n\n\n<ul class=\"wp-block-list\">\n<li>Mia Silfver: <em>Empatian puute ty\u00f6paikalla: h\u00e4pe\u00e4n ja n\u00f6yryytyksen kontekstit ja seuraukset <\/em>&nbsp;<\/li>\n<\/ul>\n\n\n\n<ul class=\"wp-block-list\">\n<li>Jukka Lipponen: <em>Eilinen oli huomenna: Voimmeko erottaa toisistaan menneet kokemukset ja tulevaisuuden odotukset? <\/em>&nbsp;<\/li>\n<\/ul>\n\n\n\n<p><\/p>\n\n\n\n<h4 class=\"wp-block-heading\"><strong>Social Psychology of meaning and emotions <\/strong>(ENG)&nbsp;<\/h4>\n\n\n\n<p><strong>Chair: Aija Logren\u00a0<\/strong><br><strong>Room: MS302<\/strong><\/p>\n\n\n\n<ul class=\"wp-block-list\">\n<li>Olga Jung: <em>Performance of collective memory in cemetery practices in Finland<\/em>&nbsp;<\/li>\n<\/ul>\n\n\n\n<ul class=\"wp-block-list\">\n<li>Outi Hakola: Cinematic Grief: <em>Visualizing Dying Children&#8217;s Suffering in Documentary Films<\/em><\/li>\n<\/ul>\n\n\n\n<ul class=\"wp-block-list\">\n<li>Johanna Ruusuvuori: <em>The importance of emotion in health care interaction: embodied empathy in managing patients\u2019 emotional displays <\/em>&nbsp;<\/li>\n<\/ul>\n\n\n\n<p><\/p>\n\n\n\n<h4 class=\"wp-block-heading\"><strong>N\u00e4k\u00f6kulmia ik\u00e4\u00e4ntymiseen: kokemuksia, representaatioita ja todellisuuksia <\/strong>(FI)&nbsp;<\/h4>\n\n\n\n<p><strong>Chair: Jari Martikainen<\/strong><br><strong>Room: MS304\u00a0<\/strong><\/p>\n\n\n\n<ul class=\"wp-block-list\">\n<li>Hanna Ristolainen: <em>Sanomalehtikuvien rakentamat sosiaaliset representaatiot ik\u00e4\u00e4ntyneiden kotihoidosta<\/em>&nbsp;<\/li>\n<\/ul>\n\n\n\n<ul class=\"wp-block-list\">\n<li>Katri Keskinen: <em>Turvallisuuden, itsen\u00e4isyyden ja vanhuuden tasapainottelua itsen\u00e4isesti asuvien ik\u00e4ihmisten teknologiapohdinnoissa<\/em>&nbsp;<\/li>\n<\/ul>\n\n\n\n<ul class=\"wp-block-list\">\n<li>Mervi Issakainen: <em>Mielenterveyden haasteiden taustat ik\u00e4\u00e4ntyvien n\u00e4k\u00f6kulmasta<\/em>&nbsp;<\/li>\n<\/ul>\n\n\n\n<p><\/p>\n","protected":false},"excerpt":{"rendered":"<p>FRIDAY 15:10-16:10 Slot 4: Parallel sessions 1h, Medistudia Building Participatory workshop: \u201cIntroducing the \u0421ybernom\u00e8tre as a hardware approach to educational technologies: in the study of group work and teaching compatibility in group and intergroup interaction\u201d&nbsp;(ENG)&nbsp; Chairs &amp; Presenters: \u00a0Vasily Beloly &amp; Nadja BelolyRoom: MS305\u00a0 Ty\u00f6el\u00e4m\u00e4n ja organisaatioiden sosiaalipsykologiaa (FI)&nbsp; Chair: Mia Silfver\u00a0Room: MS303 Social Psychology [&hellip;]<\/p>\n","protected":false},"author":1279,"featured_media":0,"parent":0,"menu_order":0,"comment_status":"closed","ping_status":"closed","template":"","meta":{"_acf_changed":false,"footnotes":""},"class_list":["post-416","page","type-page","status-publish","hentry"],"acf":[],"yoast_head":"<!-- This site is optimized with the Yoast SEO plugin v27.1.1 - https:\/\/yoast.com\/product\/yoast-seo-wordpress\/ -->\n<title>Parallel sessions - Slot 4 - Social Psychology Days 2025 - Views to a Changing World<\/title>\n<meta name=\"robots\" content=\"index, follow, max-snippet:-1, max-image-preview:large, max-video-preview:-1\" \/>\n<link rel=\"canonical\" href=\"https:\/\/sites.uef.fi\/socialpsychologyconference\/parallel-sessions-slot-4\/\" \/>\n<meta property=\"og:locale\" content=\"en_US\" \/>\n<meta property=\"og:type\" content=\"article\" \/>\n<meta property=\"og:title\" content=\"Parallel sessions - Slot 4 - Social Psychology Days 2025 - Views to a Changing World\" \/>\n<meta property=\"og:description\" content=\"FRIDAY 15:10-16:10 Slot 4: Parallel sessions 1h, Medistudia Building Participatory workshop: \u201cIntroducing the \u0421ybernom\u00e8tre as a hardware approach to educational technologies: in the study of group work and teaching compatibility in group and intergroup interaction\u201d&nbsp;(ENG)&nbsp; Chairs &amp; Presenters: \u00a0Vasily Beloly &amp; Nadja BelolyRoom: MS305\u00a0 Ty\u00f6el\u00e4m\u00e4n ja organisaatioiden sosiaalipsykologiaa (FI)&nbsp; Chair: Mia Silfver\u00a0Room: MS303 Social Psychology [&hellip;]\" \/>\n<meta property=\"og:url\" content=\"https:\/\/sites.uef.fi\/socialpsychologyconference\/parallel-sessions-slot-4\/\" \/>\n<meta property=\"og:site_name\" content=\"Social Psychology Days 2025 - Views to a Changing World\" \/>\n<meta property=\"article:modified_time\" content=\"2025-05-09T06:39:59+00:00\" \/>\n<meta name=\"twitter:card\" content=\"summary_large_image\" \/>\n<meta name=\"twitter:label1\" content=\"Est. reading time\" \/>\n\t<meta name=\"twitter:data1\" content=\"1 minute\" \/>\n<script type=\"application\/ld+json\" class=\"yoast-schema-graph\">{\"@context\":\"https:\/\/schema.org\",\"@graph\":[{\"@type\":\"WebPage\",\"@id\":\"https:\/\/sites.uef.fi\/socialpsychologyconference\/parallel-sessions-slot-4\/\",\"url\":\"https:\/\/sites.uef.fi\/socialpsychologyconference\/parallel-sessions-slot-4\/\",\"name\":\"Parallel sessions - Slot 4 - Social Psychology Days 2025 - Views to a Changing World\",\"isPartOf\":{\"@id\":\"https:\/\/sites.uef.fi\/socialpsychologyconference\/#website\"},\"datePublished\":\"2025-04-16T11:10:45+00:00\",\"dateModified\":\"2025-05-09T06:39:59+00:00\",\"breadcrumb\":{\"@id\":\"https:\/\/sites.uef.fi\/socialpsychologyconference\/parallel-sessions-slot-4\/#breadcrumb\"},\"inLanguage\":\"en-US\",\"potentialAction\":[{\"@type\":\"ReadAction\",\"target\":[\"https:\/\/sites.uef.fi\/socialpsychologyconference\/parallel-sessions-slot-4\/\"]}]},{\"@type\":\"BreadcrumbList\",\"@id\":\"https:\/\/sites.uef.fi\/socialpsychologyconference\/parallel-sessions-slot-4\/#breadcrumb\",\"itemListElement\":[{\"@type\":\"ListItem\",\"position\":1,\"name\":\"Home\",\"item\":\"https:\/\/sites.uef.fi\/socialpsychologyconference\/\"},{\"@type\":\"ListItem\",\"position\":2,\"name\":\"Parallel sessions &#8211; Slot 4\"}]},{\"@type\":\"WebSite\",\"@id\":\"https:\/\/sites.uef.fi\/socialpsychologyconference\/#website\",\"url\":\"https:\/\/sites.uef.fi\/socialpsychologyconference\/\",\"name\":\"Social Psychology Days 2025 - Views to a Changing World\",\"description\":\"\",\"potentialAction\":[{\"@type\":\"SearchAction\",\"target\":{\"@type\":\"EntryPoint\",\"urlTemplate\":\"https:\/\/sites.uef.fi\/socialpsychologyconference\/?s={search_term_string}\"},\"query-input\":{\"@type\":\"PropertyValueSpecification\",\"valueRequired\":true,\"valueName\":\"search_term_string\"}}],\"inLanguage\":\"en-US\"}]}<\/script>\n<!-- \/ Yoast SEO plugin. -->","yoast_head_json":{"title":"Parallel sessions - Slot 4 - Social Psychology Days 2025 - Views to a Changing World","robots":{"index":"index","follow":"follow","max-snippet":"max-snippet:-1","max-image-preview":"max-image-preview:large","max-video-preview":"max-video-preview:-1"},"canonical":"https:\/\/sites.uef.fi\/socialpsychologyconference\/parallel-sessions-slot-4\/","og_locale":"en_US","og_type":"article","og_title":"Parallel sessions - Slot 4 - Social Psychology Days 2025 - Views to a Changing World","og_description":"FRIDAY 15:10-16:10 Slot 4: Parallel sessions 1h, Medistudia Building Participatory workshop: \u201cIntroducing the \u0421ybernom\u00e8tre as a hardware approach to educational technologies: in the study of group work and teaching compatibility in group and intergroup interaction\u201d&nbsp;(ENG)&nbsp; Chairs &amp; Presenters: \u00a0Vasily Beloly &amp; Nadja BelolyRoom: MS305\u00a0 Ty\u00f6el\u00e4m\u00e4n ja organisaatioiden sosiaalipsykologiaa (FI)&nbsp; Chair: Mia Silfver\u00a0Room: MS303 Social Psychology [&hellip;]","og_url":"https:\/\/sites.uef.fi\/socialpsychologyconference\/parallel-sessions-slot-4\/","og_site_name":"Social Psychology Days 2025 - Views to a Changing World","article_modified_time":"2025-05-09T06:39:59+00:00","twitter_card":"summary_large_image","twitter_misc":{"Est. reading time":"1 minute"},"schema":{"@context":"https:\/\/schema.org","@graph":[{"@type":"WebPage","@id":"https:\/\/sites.uef.fi\/socialpsychologyconference\/parallel-sessions-slot-4\/","url":"https:\/\/sites.uef.fi\/socialpsychologyconference\/parallel-sessions-slot-4\/","name":"Parallel sessions - Slot 4 - Social Psychology Days 2025 - Views to a Changing World","isPartOf":{"@id":"https:\/\/sites.uef.fi\/socialpsychologyconference\/#website"},"datePublished":"2025-04-16T11:10:45+00:00","dateModified":"2025-05-09T06:39:59+00:00","breadcrumb":{"@id":"https:\/\/sites.uef.fi\/socialpsychologyconference\/parallel-sessions-slot-4\/#breadcrumb"},"inLanguage":"en-US","potentialAction":[{"@type":"ReadAction","target":["https:\/\/sites.uef.fi\/socialpsychologyconference\/parallel-sessions-slot-4\/"]}]},{"@type":"BreadcrumbList","@id":"https:\/\/sites.uef.fi\/socialpsychologyconference\/parallel-sessions-slot-4\/#breadcrumb","itemListElement":[{"@type":"ListItem","position":1,"name":"Home","item":"https:\/\/sites.uef.fi\/socialpsychologyconference\/"},{"@type":"ListItem","position":2,"name":"Parallel sessions &#8211; Slot 4"}]},{"@type":"WebSite","@id":"https:\/\/sites.uef.fi\/socialpsychologyconference\/#website","url":"https:\/\/sites.uef.fi\/socialpsychologyconference\/","name":"Social Psychology Days 2025 - Views to a Changing World","description":"","potentialAction":[{"@type":"SearchAction","target":{"@type":"EntryPoint","urlTemplate":"https:\/\/sites.uef.fi\/socialpsychologyconference\/?s={search_term_string}"},"query-input":{"@type":"PropertyValueSpecification","valueRequired":true,"valueName":"search_term_string"}}],"inLanguage":"en-US"}]}},"_links":{"self":[{"href":"https:\/\/sites.uef.fi\/socialpsychologyconference\/wp-json\/wp\/v2\/pages\/416","targetHints":{"allow":["GET"]}}],"collection":[{"href":"https:\/\/sites.uef.fi\/socialpsychologyconference\/wp-json\/wp\/v2\/pages"}],"about":[{"href":"https:\/\/sites.uef.fi\/socialpsychologyconference\/wp-json\/wp\/v2\/types\/page"}],"author":[{"embeddable":true,"href":"https:\/\/sites.uef.fi\/socialpsychologyconference\/wp-json\/wp\/v2\/users\/1279"}],"replies":[{"embeddable":true,"href":"https:\/\/sites.uef.fi\/socialpsychologyconference\/wp-json\/wp\/v2\/comments?post=416"}],"version-history":[{"count":1,"href":"https:\/\/sites.uef.fi\/socialpsychologyconference\/wp-json\/wp\/v2\/pages\/416\/revisions"}],"predecessor-version":[{"id":523,"href":"https:\/\/sites.uef.fi\/socialpsychologyconference\/wp-json\/wp\/v2\/pages\/416\/revisions\/523"}],"wp:attachment":[{"href":"https:\/\/sites.uef.fi\/socialpsychologyconference\/wp-json\/wp\/v2\/media?parent=416"}],"curies":[{"name":"wp","href":"https:\/\/api.w.org\/{rel}","templated":true}]}}