{"id":231,"date":"2024-04-09T11:53:49","date_gmt":"2024-04-09T11:53:49","guid":{"rendered":"https:\/\/sites.uef.fi\/sosiaalipolitiikanpaivat2024\/?page_id=231"},"modified":"2024-10-24T10:44:28","modified_gmt":"2024-10-24T08:44:28","slug":"etusivu","status":"publish","type":"page","link":"https:\/\/sites.uef.fi\/sosiaalipolitiikanpaivat2024\/","title":{"rendered":"Etusivu"},"content":{"rendered":"\n<h2 class=\"wp-block-heading has-text-align-center\">Vuoden 2024 Sosiaalipolitiikan p\u00e4iv\u00e4t j\u00e4rjestet\u00e4\u00e4n Joensuussa.<\/h2>\n\n\n\n<p>Vuoden 2024 Sosiaalipolitiikan p\u00e4iv\u00e4t j\u00e4rjestet\u00e4\u00e4n Joensuussa.<\/p>\n\n\n\n<p>Ajankohta on lokakuun kolmas viikko,<strong> torstai 24.10. ja perjantai 25.10.<\/strong><\/p>\n\n\n\n<p>Sosiaalipolitiikan p\u00e4iv\u00e4t j\u00e4rjestet\u00e4\u00e4n jo 47. kertaa!<\/p>\n\n\n\n<p><strong>P\u00e4ivien teema on turvallisuus<\/strong>. Sosiaalipolitiikan n\u00e4k\u00f6kulmasta teema kytkeytyy erityisesti sosiaaliturvaan ja arjen turvallisuuteen eli elett\u00e4vyyteen. Silloin voidaan puhua esimerkiksi sosiaalisesta turvallisuudesta tai ruumiillisesta turvallisuudesta. N\u00e4in alkaa yhteiskuntapoliittisesti hahmottua erilaisia yksil\u00f6it\u00e4, yhteis\u00f6j\u00e4 ja yhteiskuntia uhkaavia riskej\u00e4, joihin pit\u00e4isi varautua: millainen on turvallinen valtio, mihin kansalaiset luottavat nyt ja suhteessa tulevaan? Turvallisuus on t\u00e4ss\u00e4 mieless\u00e4 jonkinlainen resurssi ja vara, my\u00f6s perinteisen turvallisuuspolitiikan n\u00e4k\u00f6kulmasta.<\/p>\n\n\n\n<p>Sosiaalipolitiikan p\u00e4ivill\u00e4 pohditaan, <strong>millaisia taloudellisen turvan ja varautumisen muotoja j\u00e4lkiteollisessa kapitalismissa ja hyvinvointivaltiossa on \u2013 ja millaisia turvasubjekteja ne kutsuvat. <\/strong>Ent\u00e4 jos valtio ei olekaan viimek\u00e4tinen turva eik\u00e4 ty\u00f6 takaa sosiaaliturvaa? Alkavatko ihmiset valmistella, ett\u00e4 pystyv\u00e4t el\u00e4m\u00e4\u00e4n niiden ulkopuolella, tai hypp\u00e4\u00e4m\u00e4\u00e4n pois? Ketk\u00e4 pystyv\u00e4t. Yksityiset vakuutukset, rahasto- ja asuntosijoittaminen esimerkiksi ovat turvaamisen muotoja, jotka ovat jo nousseet sosiaalisen vakuutuksen rinnalle \u2013 tai jopa sit\u00e4 korvaamaan.&nbsp;<\/p>\n\n\n\n<p><strong>Turvallisuus ja sen puute, turvattomuus, ovat voimakkaita tunteiden ja affektien synnytt\u00e4ji\u00e4.<\/strong> Millaisia keinoja meill\u00e4 on vahvistaa turvallisuuden tunnetta, jota el\u00e4m\u00e4n yleinen prekaarius haperruttaa? Onko sit\u00e4 syyt\u00e4 vahvistaa? Millaiseen turvaan meill\u00e4 on varaa, voidaanko yhteisesti tuotettuun sosiaaliseen turvaan luottaa? Kuntien, valtion, hyvinvointialueiden, yhdistysten ja yritysten ty\u00f6njako sosiaalisen ja terveysturvallisuuden takaajina on jatkuvassa neuvottelutilassa ja se voi aiheuttaa ep\u00e4luottamusta ja turvattomuutta.<\/p>\n\n\n\n<p>Haluamme p\u00e4ivien teeman my\u00f6t\u00e4 her\u00e4tell\u00e4 kysymyst\u00e4 <strong>instituutioiden, yksil\u00f6iden ja yhteis\u00f6jen mahdollisuuksista kannatella ja vahvistaa sosiaalista ja arkista turvallisuutta.<\/strong> Samalla haemme rajoja turvallistamispuheelle: se ei voi toimia oikeuttajana sille, ett\u00e4 resursseja siirret\u00e4\u00e4n sosiaaliturvasta ja -palveluista vaikkapa maanpuolustukseen.&nbsp;<\/p>\n\n\n\n<p>Kutsumme teid\u00e4t Joensuuhun Sosiaalipolitiikan p\u00e4iville 24.-25.10.2024 pohtimaan ja reflektoimaan kanssamme turvallisuutta sen monissa eri muodoissa.<\/p>\n\n\n\n<h2 class=\"wp-block-heading\">Puhujat<\/h2>\n\n\n\n<p>P\u00e4ivien p\u00e4\u00e4puhujat ovat apulaisprofessori <strong>Emma Power<\/strong> Western Sydney Universityst\u00e4 (<a href=\"https:\/\/www.westernsydney.edu.au\/ics\/people\/school_based_researchers\/emma_power\">https:\/\/www.westernsydney.edu.au\/ics\/people\/school_based_researchers\/emma_power<\/a>) ja yliopistotutkija <strong>Noora Kotilainen<\/strong> Helsingin yliopistosta (<a href=\"https:\/\/researchportal.helsinki.fi\/fi\/persons\/noora-kotilainen\">https:\/\/researchportal.helsinki.fi\/fi\/persons\/noora-kotilainen<\/a>).<\/p>\n\n\n\n<p>Emma Powerin striimi\u00e4 p\u00e4\u00e4set katsomaan klikkaamalla <a href=\"https:\/\/uef.cloud.panopto.eu\/Panopto\/Pages\/Viewer.aspx?id=0b3f0e6f-f81a-4b44-8243-b21100985871\" target=\"_blank\" rel=\"noreferrer noopener sponsored nofollow\">T\u00c4ST\u00c4<\/a>.<\/p>\n\n\n\n<h2 class=\"wp-block-heading\">Aikataulu<\/h2>\n\n\n\n<ul class=\"wp-block-list\">\n<li>Ty\u00f6ryhm\u00e4haku loppui 10.6.2024<\/li>\n\n\n\n<li>Tieto ty\u00f6ryhm\u00e4ehdotusten hyv\u00e4ksymisest\u00e4 julkaistiin 14.6.2024. Ty\u00f6ryhm\u00e4t l\u00f6ytyv\u00e4t osoitteesta <a href=\"https:\/\/sites.uef.fi\/sosiaalipolitiikanpaivat2024\/tyoryhmat\/\">https:\/\/sites.uef.fi\/sosiaalipolitiikanpaivat2024\/tyoryhmat\/<\/a><\/li>\n\n\n\n<li>Ty\u00f6ryhmien esitelm\u00e4haku on avautunut 18.6. alkaen.<\/li>\n\n\n\n<li>Ty\u00f6ryhmien esitysten abstraktit 2.9.2024 menness\u00e4.<\/li>\n\n\n\n<li>Tieto abstraktien hyv\u00e4ksymisest\u00e4 viimeist\u00e4\u00e4n 18.9.2024.<\/li>\n\n\n\n<li>Ilmoittautuminen p\u00e4iville 18.9.2024\u201316.10.2024.<\/li>\n<\/ul>\n","protected":false},"excerpt":{"rendered":"<p>Vuoden 2024 Sosiaalipolitiikan p\u00e4iv\u00e4t j\u00e4rjestet\u00e4\u00e4n Joensuussa. Vuoden 2024 Sosiaalipolitiikan p\u00e4iv\u00e4t j\u00e4rjestet\u00e4\u00e4n Joensuussa. Ajankohta on lokakuun kolmas viikko, torstai 24.10. ja perjantai 25.10. Sosiaalipolitiikan p\u00e4iv\u00e4t j\u00e4rjestet\u00e4\u00e4n jo 47. kertaa! P\u00e4ivien teema on turvallisuus. Sosiaalipolitiikan n\u00e4k\u00f6kulmasta teema kytkeytyy erityisesti sosiaaliturvaan ja arjen turvallisuuteen eli elett\u00e4vyyteen. Silloin voidaan puhua esimerkiksi sosiaalisesta turvallisuudesta tai ruumiillisesta turvallisuudesta. N\u00e4in alkaa yhteiskuntapoliittisesti [&hellip;]<\/p>\n","protected":false},"author":2,"featured_media":0,"parent":0,"menu_order":0,"comment_status":"closed","ping_status":"closed","template":"","meta":{"_acf_changed":false,"footnotes":""},"class_list":["post-231","page","type-page","status-publish","hentry"],"acf":[],"yoast_head":"<!-- This site is optimized with the Yoast SEO plugin v27.1.1 - https:\/\/yoast.com\/product\/yoast-seo-wordpress\/ -->\n<title>Etusivu - Sosiaalipolitiikan p\u00e4iv\u00e4t 2024: Turvallisuus<\/title>\n<meta name=\"robots\" content=\"index, follow, max-snippet:-1, max-image-preview:large, max-video-preview:-1\" \/>\n<link rel=\"canonical\" href=\"https:\/\/sites.uef.fi\/sosiaalipolitiikanpaivat2024\/\" \/>\n<meta property=\"og:locale\" content=\"fi_FI\" \/>\n<meta property=\"og:type\" content=\"article\" \/>\n<meta property=\"og:title\" content=\"Etusivu - Sosiaalipolitiikan p\u00e4iv\u00e4t 2024: Turvallisuus\" \/>\n<meta property=\"og:description\" content=\"Vuoden 2024 Sosiaalipolitiikan p\u00e4iv\u00e4t j\u00e4rjestet\u00e4\u00e4n Joensuussa. Vuoden 2024 Sosiaalipolitiikan p\u00e4iv\u00e4t j\u00e4rjestet\u00e4\u00e4n Joensuussa. Ajankohta on lokakuun kolmas viikko, torstai 24.10. ja perjantai 25.10. Sosiaalipolitiikan p\u00e4iv\u00e4t j\u00e4rjestet\u00e4\u00e4n jo 47. kertaa! P\u00e4ivien teema on turvallisuus. Sosiaalipolitiikan n\u00e4k\u00f6kulmasta teema kytkeytyy erityisesti sosiaaliturvaan ja arjen turvallisuuteen eli elett\u00e4vyyteen. Silloin voidaan puhua esimerkiksi sosiaalisesta turvallisuudesta tai ruumiillisesta turvallisuudesta. N\u00e4in alkaa yhteiskuntapoliittisesti [&hellip;]\" \/>\n<meta property=\"og:url\" content=\"https:\/\/sites.uef.fi\/sosiaalipolitiikanpaivat2024\/\" \/>\n<meta property=\"og:site_name\" content=\"Sosiaalipolitiikan p\u00e4iv\u00e4t 2024: Turvallisuus\" \/>\n<meta property=\"article:modified_time\" content=\"2024-10-24T08:44:28+00:00\" \/>\n<meta name=\"twitter:card\" content=\"summary_large_image\" \/>\n<meta name=\"twitter:label1\" content=\"Arvioitu lukuaika\" \/>\n\t<meta name=\"twitter:data1\" content=\"2 minuuttia\" \/>\n<script type=\"application\/ld+json\" class=\"yoast-schema-graph\">{\"@context\":\"https:\/\/schema.org\",\"@graph\":[{\"@type\":\"WebPage\",\"@id\":\"https:\/\/sites.uef.fi\/sosiaalipolitiikanpaivat2024\/\",\"url\":\"https:\/\/sites.uef.fi\/sosiaalipolitiikanpaivat2024\/\",\"name\":\"Etusivu - Sosiaalipolitiikan p\u00e4iv\u00e4t 2024: Turvallisuus\",\"isPartOf\":{\"@id\":\"https:\/\/sites.uef.fi\/sosiaalipolitiikanpaivat2024\/#website\"},\"datePublished\":\"2024-04-09T11:53:49+00:00\",\"dateModified\":\"2024-10-24T08:44:28+00:00\",\"breadcrumb\":{\"@id\":\"https:\/\/sites.uef.fi\/sosiaalipolitiikanpaivat2024\/#breadcrumb\"},\"inLanguage\":\"fi\",\"potentialAction\":[{\"@type\":\"ReadAction\",\"target\":[\"https:\/\/sites.uef.fi\/sosiaalipolitiikanpaivat2024\/\"]}]},{\"@type\":\"BreadcrumbList\",\"@id\":\"https:\/\/sites.uef.fi\/sosiaalipolitiikanpaivat2024\/#breadcrumb\",\"itemListElement\":[{\"@type\":\"ListItem\",\"position\":1,\"name\":\"Home\",\"item\":\"https:\/\/sites.uef.fi\/sosiaalipolitiikanpaivat2024\/\"},{\"@type\":\"ListItem\",\"position\":2,\"name\":\"Etusivu\"}]},{\"@type\":\"WebSite\",\"@id\":\"https:\/\/sites.uef.fi\/sosiaalipolitiikanpaivat2024\/#website\",\"url\":\"https:\/\/sites.uef.fi\/sosiaalipolitiikanpaivat2024\/\",\"name\":\"Sosiaalipolitiikan p\u00e4iv\u00e4t 2024: Turvallisuus\",\"description\":\"\",\"potentialAction\":[{\"@type\":\"SearchAction\",\"target\":{\"@type\":\"EntryPoint\",\"urlTemplate\":\"https:\/\/sites.uef.fi\/sosiaalipolitiikanpaivat2024\/?s={search_term_string}\"},\"query-input\":{\"@type\":\"PropertyValueSpecification\",\"valueRequired\":true,\"valueName\":\"search_term_string\"}}],\"inLanguage\":\"fi\"}]}<\/script>\n<!-- \/ Yoast SEO plugin. -->","yoast_head_json":{"title":"Etusivu - Sosiaalipolitiikan p\u00e4iv\u00e4t 2024: Turvallisuus","robots":{"index":"index","follow":"follow","max-snippet":"max-snippet:-1","max-image-preview":"max-image-preview:large","max-video-preview":"max-video-preview:-1"},"canonical":"https:\/\/sites.uef.fi\/sosiaalipolitiikanpaivat2024\/","og_locale":"fi_FI","og_type":"article","og_title":"Etusivu - Sosiaalipolitiikan p\u00e4iv\u00e4t 2024: Turvallisuus","og_description":"Vuoden 2024 Sosiaalipolitiikan p\u00e4iv\u00e4t j\u00e4rjestet\u00e4\u00e4n Joensuussa. Vuoden 2024 Sosiaalipolitiikan p\u00e4iv\u00e4t j\u00e4rjestet\u00e4\u00e4n Joensuussa. Ajankohta on lokakuun kolmas viikko, torstai 24.10. ja perjantai 25.10. Sosiaalipolitiikan p\u00e4iv\u00e4t j\u00e4rjestet\u00e4\u00e4n jo 47. kertaa! P\u00e4ivien teema on turvallisuus. Sosiaalipolitiikan n\u00e4k\u00f6kulmasta teema kytkeytyy erityisesti sosiaaliturvaan ja arjen turvallisuuteen eli elett\u00e4vyyteen. Silloin voidaan puhua esimerkiksi sosiaalisesta turvallisuudesta tai ruumiillisesta turvallisuudesta. N\u00e4in alkaa yhteiskuntapoliittisesti [&hellip;]","og_url":"https:\/\/sites.uef.fi\/sosiaalipolitiikanpaivat2024\/","og_site_name":"Sosiaalipolitiikan p\u00e4iv\u00e4t 2024: Turvallisuus","article_modified_time":"2024-10-24T08:44:28+00:00","twitter_card":"summary_large_image","twitter_misc":{"Arvioitu lukuaika":"2 minuuttia"},"schema":{"@context":"https:\/\/schema.org","@graph":[{"@type":"WebPage","@id":"https:\/\/sites.uef.fi\/sosiaalipolitiikanpaivat2024\/","url":"https:\/\/sites.uef.fi\/sosiaalipolitiikanpaivat2024\/","name":"Etusivu - Sosiaalipolitiikan p\u00e4iv\u00e4t 2024: Turvallisuus","isPartOf":{"@id":"https:\/\/sites.uef.fi\/sosiaalipolitiikanpaivat2024\/#website"},"datePublished":"2024-04-09T11:53:49+00:00","dateModified":"2024-10-24T08:44:28+00:00","breadcrumb":{"@id":"https:\/\/sites.uef.fi\/sosiaalipolitiikanpaivat2024\/#breadcrumb"},"inLanguage":"fi","potentialAction":[{"@type":"ReadAction","target":["https:\/\/sites.uef.fi\/sosiaalipolitiikanpaivat2024\/"]}]},{"@type":"BreadcrumbList","@id":"https:\/\/sites.uef.fi\/sosiaalipolitiikanpaivat2024\/#breadcrumb","itemListElement":[{"@type":"ListItem","position":1,"name":"Home","item":"https:\/\/sites.uef.fi\/sosiaalipolitiikanpaivat2024\/"},{"@type":"ListItem","position":2,"name":"Etusivu"}]},{"@type":"WebSite","@id":"https:\/\/sites.uef.fi\/sosiaalipolitiikanpaivat2024\/#website","url":"https:\/\/sites.uef.fi\/sosiaalipolitiikanpaivat2024\/","name":"Sosiaalipolitiikan p\u00e4iv\u00e4t 2024: Turvallisuus","description":"","potentialAction":[{"@type":"SearchAction","target":{"@type":"EntryPoint","urlTemplate":"https:\/\/sites.uef.fi\/sosiaalipolitiikanpaivat2024\/?s={search_term_string}"},"query-input":{"@type":"PropertyValueSpecification","valueRequired":true,"valueName":"search_term_string"}}],"inLanguage":"fi"}]}},"_links":{"self":[{"href":"https:\/\/sites.uef.fi\/sosiaalipolitiikanpaivat2024\/wp-json\/wp\/v2\/pages\/231","targetHints":{"allow":["GET"]}}],"collection":[{"href":"https:\/\/sites.uef.fi\/sosiaalipolitiikanpaivat2024\/wp-json\/wp\/v2\/pages"}],"about":[{"href":"https:\/\/sites.uef.fi\/sosiaalipolitiikanpaivat2024\/wp-json\/wp\/v2\/types\/page"}],"author":[{"embeddable":true,"href":"https:\/\/sites.uef.fi\/sosiaalipolitiikanpaivat2024\/wp-json\/wp\/v2\/users\/2"}],"replies":[{"embeddable":true,"href":"https:\/\/sites.uef.fi\/sosiaalipolitiikanpaivat2024\/wp-json\/wp\/v2\/comments?post=231"}],"version-history":[{"count":1,"href":"https:\/\/sites.uef.fi\/sosiaalipolitiikanpaivat2024\/wp-json\/wp\/v2\/pages\/231\/revisions"}],"predecessor-version":[{"id":1651,"href":"https:\/\/sites.uef.fi\/sosiaalipolitiikanpaivat2024\/wp-json\/wp\/v2\/pages\/231\/revisions\/1651"}],"wp:attachment":[{"href":"https:\/\/sites.uef.fi\/sosiaalipolitiikanpaivat2024\/wp-json\/wp\/v2\/media?parent=231"}],"curies":[{"name":"wp","href":"https:\/\/api.w.org\/{rel}","templated":true}]}}