{"id":231,"date":"2020-05-30T13:55:42","date_gmt":"2020-05-30T10:55:42","guid":{"rendered":"https:\/\/sites.uef.fi\/spectral\/?page_id=231"},"modified":"2024-02-12T11:23:23","modified_gmt":"2024-02-12T09:23:23","slug":"people","status":"publish","type":"page","link":"https:\/\/sites.uef.fi\/spectral\/people\/","title":{"rendered":"People"},"content":{"rendered":"\n<p>Please click the person card to access the linked UEF\/\/Connect-profile. UEF\/\/Connect-profiles show a short introduction of the person, their publication lists at UEF, and links to other services such as Google Scholar, ResearchGate, or personal web pages.<\/p>\n\n\n\n<div class=\"person-card\">\n    \n                    <a href=\"https:\/\/uefconnect.uef.fi\/en\/person\/markku.hauta-kasari\/\" class=\"person-card-link hover-scale-down\">\n                            <div class=\"person-card-item\">\n                    <div class=\"person-card-column-left\">\n                                                    <img decoding=\"async\" class=\"person-card-image\" src=\"https:\/\/sites.uef.fi\/spectral\/wp-content\/uploads\/sites\/22\/2020\/06\/Markku_Hauta-Kasari.jpg\" alt=\"Markku Hauta-Kasari\" \/>\n                                            <\/div>\n\n                    <div class=\"person-card-column-right\">\n                                                <p class=\"person-card-name\">Markku Hauta-Kasari<\/p>\n                        \n                                                <p class=\"person-card-position\">Professor, leader of the group<\/p>\n                        \n                        \n                                                <p class=\"person-card-text\">markku.hauta-kasari [at] uef.fi<\/p>\n                        \n                                                    <div>\n\t\t\t\t\t\t\t<svg xmlns=\"http:\/\/www.w3.org\/2000\/svg\" height=\"25px\" viewBox=\"0 -960 960 960\" width=\"24px\" ><path fill=\"currentColor\" d=\"M200-120q-33 0-56.5-23.5T120-200v-560q0-33 23.5-56.5T200-840h280v80H200v560h560v-280h80v280q0 33-23.5 56.5T760-120H200Zm188-212-56-56 372-372H560v-80h280v280h-80v-144L388-332Z\"\/><\/svg>\t\t\t\t\t\t\t<\/div>\n                                            <\/div>\n                <\/div>\n                            <\/a>\n                                        <a href=\"https:\/\/uefconnect.uef.fi\/en\/person\/piotr.bartczak\/\" class=\"person-card-link hover-scale-down\">\n                            <div class=\"person-card-item\">\n                    <div class=\"person-card-column-left\">\n                                                    <img decoding=\"async\" class=\"person-card-image\" src=\"https:\/\/sites.uef.fi\/spectral\/wp-content\/uploads\/sites\/22\/2020\/06\/Piotr_Bartczak.jpg\" alt=\"Piotr Bartczak\" \/>\n                                            <\/div>\n\n                    <div class=\"person-card-column-right\">\n                                                <p class=\"person-card-name\">Piotr Bartczak<\/p>\n                        \n                                                <p class=\"person-card-position\">Postdoctoral researcher<\/p>\n                        \n                        \n                                                <p class=\"person-card-text\">piotr.bartczak [at] uef.fi<\/p>\n                        \n                                                    <div>\n\t\t\t\t\t\t\t<svg xmlns=\"http:\/\/www.w3.org\/2000\/svg\" height=\"25px\" viewBox=\"0 -960 960 960\" width=\"24px\" ><path fill=\"currentColor\" d=\"M200-120q-33 0-56.5-23.5T120-200v-560q0-33 23.5-56.5T200-840h280v80H200v560h560v-280h80v280q0 33-23.5 56.5T760-120H200Zm188-212-56-56 372-372H560v-80h280v280h-80v-144L388-332Z\"\/><\/svg>\t\t\t\t\t\t\t<\/div>\n                                            <\/div>\n                <\/div>\n                            <\/a>\n                                        <a href=\"https:\/\/uefconnect.uef.fi\/en\/person\/mika.flinkman\/\" class=\"person-card-link hover-scale-down\">\n                            <div class=\"person-card-item\">\n                    <div class=\"person-card-column-left\">\n                                                    <img decoding=\"async\" class=\"person-card-image\" src=\"https:\/\/sites.uef.fi\/spectral\/wp-content\/uploads\/sites\/22\/2020\/06\/Mika_Flinkman-crpeed.jpg\" alt=\"Mika Flinkman\" \/>\n                                            <\/div>\n\n                    <div class=\"person-card-column-right\">\n                                                <p class=\"person-card-name\">Mika Flinkman<\/p>\n                        \n                                                <p class=\"person-card-position\">Postdoctoral researcher<\/p>\n                        \n                        \n                                                <p class=\"person-card-text\">mika.flinkman [at] uef.fi<\/p>\n                        \n                                                    <div>\n\t\t\t\t\t\t\t<svg xmlns=\"http:\/\/www.w3.org\/2000\/svg\" height=\"25px\" viewBox=\"0 -960 960 960\" width=\"24px\" ><path fill=\"currentColor\" d=\"M200-120q-33 0-56.5-23.5T120-200v-560q0-33 23.5-56.5T200-840h280v80H200v560h560v-280h80v280q0 33-23.5 56.5T760-120H200Zm188-212-56-56 372-372H560v-80h280v280h-80v-144L388-332Z\"\/><\/svg>\t\t\t\t\t\t\t<\/div>\n                                            <\/div>\n                <\/div>\n                            <\/a>\n                                        <a href=\"https:\/\/uefconnect.uef.fi\/en\/person\/pauli.falt\/\" class=\"person-card-link hover-scale-down\">\n                            <div class=\"person-card-item\">\n                    <div class=\"person-card-column-left\">\n                                                    <img decoding=\"async\" class=\"person-card-image\" src=\"https:\/\/sites.uef.fi\/spectral\/wp-content\/uploads\/sites\/22\/2020\/06\/Pauli_F\u00e4lt.jpg\" alt=\"Pauli F\u00e4lt\" \/>\n                                            <\/div>\n\n                    <div class=\"person-card-column-right\">\n                                                <p class=\"person-card-name\">Pauli F\u00e4lt<\/p>\n                        \n                                                <p class=\"person-card-position\">Senior researcher<\/p>\n                        \n                        \n                                                <p class=\"person-card-text\">pauli.falt [at] uef.fi<\/p>\n                        \n                                                    <div>\n\t\t\t\t\t\t\t<svg xmlns=\"http:\/\/www.w3.org\/2000\/svg\" height=\"25px\" viewBox=\"0 -960 960 960\" width=\"24px\" ><path fill=\"currentColor\" d=\"M200-120q-33 0-56.5-23.5T120-200v-560q0-33 23.5-56.5T200-840h280v80H200v560h560v-280h80v280q0 33-23.5 56.5T760-120H200Zm188-212-56-56 372-372H560v-80h280v280h-80v-144L388-332Z\"\/><\/svg>\t\t\t\t\t\t\t<\/div>\n                                            <\/div>\n                <\/div>\n                            <\/a>\n                                        <a href=\"https:\/\/uefconnect.uef.fi\/en\/person\/joni.hyttinen\/\" class=\"person-card-link hover-scale-down\">\n                            <div class=\"person-card-item\">\n                    <div class=\"person-card-column-left\">\n                                                    <img decoding=\"async\" class=\"person-card-image\" src=\"https:\/\/sites.uef.fi\/spectral\/wp-content\/uploads\/sites\/22\/2023\/11\/JoniHyttinen_crop.jpg\" alt=\"\" \/>\n                                            <\/div>\n\n                    <div class=\"person-card-column-right\">\n                                                <p class=\"person-card-name\">Joni Hyttinen<\/p>\n                        \n                                                <p class=\"person-card-position\">Postdoctoral researcher<\/p>\n                        \n                        \n                                                <p class=\"person-card-text\">joni.hyttinen [at] uef.fi<\/p>\n                        \n                                                    <div>\n\t\t\t\t\t\t\t<svg xmlns=\"http:\/\/www.w3.org\/2000\/svg\" height=\"25px\" viewBox=\"0 -960 960 960\" width=\"24px\" ><path fill=\"currentColor\" d=\"M200-120q-33 0-56.5-23.5T120-200v-560q0-33 23.5-56.5T200-840h280v80H200v560h560v-280h80v280q0 33-23.5 56.5T760-120H200Zm188-212-56-56 372-372H560v-80h280v280h-80v-144L388-332Z\"\/><\/svg>\t\t\t\t\t\t\t<\/div>\n                                            <\/div>\n                <\/div>\n                            <\/a>\n                                        <a href=\"https:\/\/uefconnect.uef.fi\/en\/person\/hannu.laamanen\/\" class=\"person-card-link hover-scale-down\">\n                            <div class=\"person-card-item\">\n                    <div class=\"person-card-column-left\">\n                                                    <img decoding=\"async\" class=\"person-card-image\" src=\"https:\/\/sites.uef.fi\/spectral\/wp-content\/uploads\/sites\/22\/2020\/06\/HannuLaamanen2.jpg\" alt=\"Hannu Laamanen\" \/>\n                                            <\/div>\n\n                    <div class=\"person-card-column-right\">\n                                                <p class=\"person-card-name\">Hannu Laamanen<\/p>\n                        \n                                                <p class=\"person-card-position\">University lecturer<\/p>\n                        \n                        \n                                                <p class=\"person-card-text\">hannu.laamanen [at] uef.fi<\/p>\n                        \n                                                    <div>\n\t\t\t\t\t\t\t<svg xmlns=\"http:\/\/www.w3.org\/2000\/svg\" height=\"25px\" viewBox=\"0 -960 960 960\" width=\"24px\" ><path fill=\"currentColor\" d=\"M200-120q-33 0-56.5-23.5T120-200v-560q0-33 23.5-56.5T200-840h280v80H200v560h560v-280h80v280q0 33-23.5 56.5T760-120H200Zm188-212-56-56 372-372H560v-80h280v280h-80v-144L388-332Z\"\/><\/svg>\t\t\t\t\t\t\t<\/div>\n                                            <\/div>\n                <\/div>\n                            <\/a>\n                                        <a href=\"https:\/\/uefconnect.uef.fi\/en\/person\/arash.mirhashemi\/\" class=\"person-card-link hover-scale-down\">\n                            <div class=\"person-card-item\">\n                    <div class=\"person-card-column-left\">\n                                                    <img decoding=\"async\" class=\"person-card-image\" src=\"https:\/\/sites.uef.fi\/spectral\/wp-content\/uploads\/sites\/22\/2020\/06\/Arash_Mirhashemi.jpg\" alt=\"Arash Mirhashemi\" \/>\n                                            <\/div>\n\n                    <div class=\"person-card-column-right\">\n                                                <p class=\"person-card-name\">Arash Mirhashemi<\/p>\n                        \n                                                <p class=\"person-card-position\">Postdoctoral researcher<\/p>\n                        \n                        \n                                                <p class=\"person-card-text\">arash.mirhashemi [at] uef.fi<\/p>\n                        \n                                                    <div>\n\t\t\t\t\t\t\t<svg xmlns=\"http:\/\/www.w3.org\/2000\/svg\" height=\"25px\" viewBox=\"0 -960 960 960\" width=\"24px\" ><path fill=\"currentColor\" d=\"M200-120q-33 0-56.5-23.5T120-200v-560q0-33 23.5-56.5T200-840h280v80H200v560h560v-280h80v280q0 33-23.5 56.5T760-120H200Zm188-212-56-56 372-372H560v-80h280v280h-80v-144L388-332Z\"\/><\/svg>\t\t\t\t\t\t\t<\/div>\n                                            <\/div>\n                <\/div>\n                            <\/a>\n                                        <a href=\"https:\/\/uefconnect.uef.fi\/en\/person\/martti.makinen\/\" class=\"person-card-link hover-scale-down\">\n                            <div class=\"person-card-item\">\n                    <div class=\"person-card-column-left\">\n                                                    <img decoding=\"async\" class=\"person-card-image\" src=\"https:\/\/sites.uef.fi\/spectral\/wp-content\/uploads\/sites\/22\/2020\/06\/MarttiM\u00e4kinen2.jpg\" alt=\"Martti M\u00e4kinen\" \/>\n                                            <\/div>\n\n                    <div class=\"person-card-column-right\">\n                                                <p class=\"person-card-name\">Martti M\u00e4kinen<\/p>\n                        \n                                                <p class=\"person-card-position\">University lecturer<\/p>\n                        \n                        \n                                                <p class=\"person-card-text\">martti.makinen [at] uef.fi<\/p>\n                        \n                                                    <div>\n\t\t\t\t\t\t\t<svg xmlns=\"http:\/\/www.w3.org\/2000\/svg\" height=\"25px\" viewBox=\"0 -960 960 960\" width=\"24px\" ><path fill=\"currentColor\" d=\"M200-120q-33 0-56.5-23.5T120-200v-560q0-33 23.5-56.5T200-840h280v80H200v560h560v-280h80v280q0 33-23.5 56.5T760-120H200Zm188-212-56-56 372-372H560v-80h280v280h-80v-144L388-332Z\"\/><\/svg>\t\t\t\t\t\t\t<\/div>\n                                            <\/div>\n                <\/div>\n                            <\/a>\n                                        <a href=\"https:\/\/uefconnect.uef.fi\/en\/person\/dmitri.semenov\/\" class=\"person-card-link hover-scale-down\">\n                            <div class=\"person-card-item\">\n                    <div class=\"person-card-column-left\">\n                                                    <img decoding=\"async\" class=\"person-card-image\" src=\"https:\/\/sites.uef.fi\/spectral\/wp-content\/uploads\/sites\/22\/2020\/06\/DmitryS.jpg\" alt=\"Dmitry Semenov\" \/>\n                                            <\/div>\n\n                    <div class=\"person-card-column-right\">\n                                                <p class=\"person-card-name\">Dmitry Semenov<\/p>\n                        \n                                                <p class=\"person-card-position\">Research manager<\/p>\n                        \n                        \n                                                <p class=\"person-card-text\">dmitry.semenov [at] uef.fi<\/p>\n                        \n                                                    <div>\n\t\t\t\t\t\t\t<svg xmlns=\"http:\/\/www.w3.org\/2000\/svg\" height=\"25px\" viewBox=\"0 -960 960 960\" width=\"24px\" ><path fill=\"currentColor\" d=\"M200-120q-33 0-56.5-23.5T120-200v-560q0-33 23.5-56.5T200-840h280v80H200v560h560v-280h80v280q0 33-23.5 56.5T760-120H200Zm188-212-56-56 372-372H560v-80h280v280h-80v-144L388-332Z\"\/><\/svg>\t\t\t\t\t\t\t<\/div>\n                                            <\/div>\n                <\/div>\n                            <\/a>\n                            <\/div>\n\n\n\n<div class=\"person-card\">\n        <h2>Research group founders<\/h2>\n    \n                    <div class=\"person-card-item\">\n                    <div class=\"person-card-column-left\">\n                                                    <img decoding=\"async\" class=\"person-card-image\" src=\"https:\/\/sites.uef.fi\/spectral\/wp-content\/uploads\/sites\/22\/2020\/06\/Jussi_Parkkinen.jpg\" alt=\"Jussi Parkkinen\" \/>\n                                            <\/div>\n\n                    <div class=\"person-card-column-right\">\n                                                <p class=\"person-card-name\">Jussi Parkkinen<\/p>\n                        \n                                                <p class=\"person-card-position\">Professor, research group founder<\/p>\n                        \n                        \n                        \n                                            <\/div>\n                <\/div>\n                                        <div class=\"person-card-item\">\n                    <div class=\"person-card-column-left\">\n                                                    <img decoding=\"async\" class=\"person-card-image\" src=\"https:\/\/sites.uef.fi\/spectral\/wp-content\/uploads\/sites\/22\/2020\/06\/TimoJ\u00e4\u00e4skel\u00e4inen2.jpg\" alt=\"Timo J\u00e4\u00e4skel\u00e4inen\" \/>\n                                            <\/div>\n\n                    <div class=\"person-card-column-right\">\n                                                <p class=\"person-card-name\">Timo J\u00e4\u00e4skel\u00e4inen<\/p>\n                        \n                                                <p class=\"person-card-position\">Professor, research group founder<\/p>\n                        \n                        \n                        \n                                            <\/div>\n                <\/div>\n                            <\/div>\n\n\n\n<h2 class=\"wp-block-heading\">Alumni and previous members<\/h2>\n\n\n\n<ul class=\"wp-block-list\">\n<li>Dr. Alexey Andriyashin<\/li>\n\n\n\n<li>Dr. Jukka Antikainen<\/li>\n\n\n\n<li>Dr. Mika Flinkman<\/li>\n\n\n\n<li>Dr. Ana Gebejes<\/li>\n\n\n\n<li>Dr. Ville Heikkinen<\/li>\n\n\n\n<li>Dr. Jouni Hiltunen<\/li>\n\n\n\n<li>Dr. Tapani Hirvonen<\/li>\n\n\n\n<li>Dr. Tuija Jetsu<\/li>\n\n\n\n<li>Dr. Jussi Kinnunen<\/li>\n\n\n\n<li>Dr. Oili Kohonen<\/li>\n\n\n\n<li>Dr. Pesal Koirala<\/li>\n\n\n\n<li>Dr. Juha Lehtonen<\/li>\n\n\n\n<li>Dr. Hongyu Li<\/li>\n\n\n\n<li>Dr. Ukishima Masayuki<\/li>\n\n\n\n<li>Dr. Jarkko Mutanen<\/li>\n\n\n\n<li>Dr. Joni Orava<\/li>\n\n\n\n<li>Dr. Paras Pant<\/li>\n\n\n\n<li>Dr. Niko Penttinen<\/li>\n\n\n\n<li>Dr. Atiqur Rahaman<\/li>\n\n\n\n<li>Dr. Nina Rogelj<\/li>\n\n\n\n<li>Dr. Pertti Silfsten<\/li>\n\n\n\n<li>Dr. Tomonori Tashiro<\/li>\n<\/ul>\n","protected":false},"excerpt":{"rendered":"<p>Please click the person card to access the linked UEF\/\/Connect-profile. UEF\/\/Connect-profiles show a short introduction of the person, their publication lists at UEF, and links to other services such as Google Scholar, ResearchGate, or personal web pages. Alumni and previous members<\/p>\n","protected":false},"author":695,"featured_media":0,"parent":0,"menu_order":0,"comment_status":"closed","ping_status":"closed","template":"","meta":{"_acf_changed":false,"_monsterinsights_skip_tracking":false,"_monsterinsights_sitenote_active":false,"_monsterinsights_sitenote_note":"","_monsterinsights_sitenote_category":0,"footnotes":""},"class_list":["post-231","page","type-page","status-publish","hentry"],"acf":[],"yoast_head":"<!-- This site is optimized with the Yoast SEO plugin v27.1.1 - https:\/\/yoast.com\/product\/yoast-seo-wordpress\/ -->\n<title>People - Computational Spectral Imaging<\/title>\n<meta name=\"robots\" content=\"index, follow, max-snippet:-1, max-image-preview:large, max-video-preview:-1\" \/>\n<link rel=\"canonical\" href=\"https:\/\/sites.uef.fi\/spectral\/people\/\" \/>\n<meta property=\"og:locale\" content=\"en_US\" \/>\n<meta property=\"og:type\" content=\"article\" \/>\n<meta property=\"og:title\" content=\"People - Computational Spectral Imaging\" \/>\n<meta property=\"og:description\" content=\"Please click the person card to access the linked UEF\/\/Connect-profile. UEF\/\/Connect-profiles show a short introduction of the person, their publication lists at UEF, and links to other services such as Google Scholar, ResearchGate, or personal web pages. Alumni and previous members\" \/>\n<meta property=\"og:url\" content=\"https:\/\/sites.uef.fi\/spectral\/people\/\" \/>\n<meta property=\"og:site_name\" content=\"Computational Spectral Imaging\" \/>\n<meta property=\"article:modified_time\" content=\"2024-02-12T09:23:23+00:00\" \/>\n<meta name=\"twitter:card\" content=\"summary_large_image\" \/>\n<meta name=\"twitter:label1\" content=\"Est. reading time\" \/>\n\t<meta name=\"twitter:data1\" content=\"1 minute\" \/>\n<script type=\"application\/ld+json\" class=\"yoast-schema-graph\">{\"@context\":\"https:\/\/schema.org\",\"@graph\":[{\"@type\":\"WebPage\",\"@id\":\"https:\/\/sites.uef.fi\/spectral\/people\/\",\"url\":\"https:\/\/sites.uef.fi\/spectral\/people\/\",\"name\":\"People - Computational Spectral Imaging\",\"isPartOf\":{\"@id\":\"https:\/\/sites.uef.fi\/spectral\/#website\"},\"datePublished\":\"2020-05-30T10:55:42+00:00\",\"dateModified\":\"2024-02-12T09:23:23+00:00\",\"breadcrumb\":{\"@id\":\"https:\/\/sites.uef.fi\/spectral\/people\/#breadcrumb\"},\"inLanguage\":\"en-US\",\"potentialAction\":[{\"@type\":\"ReadAction\",\"target\":[\"https:\/\/sites.uef.fi\/spectral\/people\/\"]}]},{\"@type\":\"BreadcrumbList\",\"@id\":\"https:\/\/sites.uef.fi\/spectral\/people\/#breadcrumb\",\"itemListElement\":[{\"@type\":\"ListItem\",\"position\":1,\"name\":\"Home\",\"item\":\"https:\/\/sites.uef.fi\/spectral\/\"},{\"@type\":\"ListItem\",\"position\":2,\"name\":\"People\"}]},{\"@type\":\"WebSite\",\"@id\":\"https:\/\/sites.uef.fi\/spectral\/#website\",\"url\":\"https:\/\/sites.uef.fi\/spectral\/\",\"name\":\"Computational Spectral Imaging\",\"description\":\"\",\"potentialAction\":[{\"@type\":\"SearchAction\",\"target\":{\"@type\":\"EntryPoint\",\"urlTemplate\":\"https:\/\/sites.uef.fi\/spectral\/?s={search_term_string}\"},\"query-input\":{\"@type\":\"PropertyValueSpecification\",\"valueRequired\":true,\"valueName\":\"search_term_string\"}}],\"inLanguage\":\"en-US\"}]}<\/script>\n<!-- \/ Yoast SEO plugin. -->","yoast_head_json":{"title":"People - Computational Spectral Imaging","robots":{"index":"index","follow":"follow","max-snippet":"max-snippet:-1","max-image-preview":"max-image-preview:large","max-video-preview":"max-video-preview:-1"},"canonical":"https:\/\/sites.uef.fi\/spectral\/people\/","og_locale":"en_US","og_type":"article","og_title":"People - Computational Spectral Imaging","og_description":"Please click the person card to access the linked UEF\/\/Connect-profile. UEF\/\/Connect-profiles show a short introduction of the person, their publication lists at UEF, and links to other services such as Google Scholar, ResearchGate, or personal web pages. Alumni and previous members","og_url":"https:\/\/sites.uef.fi\/spectral\/people\/","og_site_name":"Computational Spectral Imaging","article_modified_time":"2024-02-12T09:23:23+00:00","twitter_card":"summary_large_image","twitter_misc":{"Est. reading time":"1 minute"},"schema":{"@context":"https:\/\/schema.org","@graph":[{"@type":"WebPage","@id":"https:\/\/sites.uef.fi\/spectral\/people\/","url":"https:\/\/sites.uef.fi\/spectral\/people\/","name":"People - Computational Spectral Imaging","isPartOf":{"@id":"https:\/\/sites.uef.fi\/spectral\/#website"},"datePublished":"2020-05-30T10:55:42+00:00","dateModified":"2024-02-12T09:23:23+00:00","breadcrumb":{"@id":"https:\/\/sites.uef.fi\/spectral\/people\/#breadcrumb"},"inLanguage":"en-US","potentialAction":[{"@type":"ReadAction","target":["https:\/\/sites.uef.fi\/spectral\/people\/"]}]},{"@type":"BreadcrumbList","@id":"https:\/\/sites.uef.fi\/spectral\/people\/#breadcrumb","itemListElement":[{"@type":"ListItem","position":1,"name":"Home","item":"https:\/\/sites.uef.fi\/spectral\/"},{"@type":"ListItem","position":2,"name":"People"}]},{"@type":"WebSite","@id":"https:\/\/sites.uef.fi\/spectral\/#website","url":"https:\/\/sites.uef.fi\/spectral\/","name":"Computational Spectral Imaging","description":"","potentialAction":[{"@type":"SearchAction","target":{"@type":"EntryPoint","urlTemplate":"https:\/\/sites.uef.fi\/spectral\/?s={search_term_string}"},"query-input":{"@type":"PropertyValueSpecification","valueRequired":true,"valueName":"search_term_string"}}],"inLanguage":"en-US"}]}},"_links":{"self":[{"href":"https:\/\/sites.uef.fi\/spectral\/wp-json\/wp\/v2\/pages\/231","targetHints":{"allow":["GET"]}}],"collection":[{"href":"https:\/\/sites.uef.fi\/spectral\/wp-json\/wp\/v2\/pages"}],"about":[{"href":"https:\/\/sites.uef.fi\/spectral\/wp-json\/wp\/v2\/types\/page"}],"author":[{"embeddable":true,"href":"https:\/\/sites.uef.fi\/spectral\/wp-json\/wp\/v2\/users\/695"}],"replies":[{"embeddable":true,"href":"https:\/\/sites.uef.fi\/spectral\/wp-json\/wp\/v2\/comments?post=231"}],"version-history":[{"count":2,"href":"https:\/\/sites.uef.fi\/spectral\/wp-json\/wp\/v2\/pages\/231\/revisions"}],"predecessor-version":[{"id":2603,"href":"https:\/\/sites.uef.fi\/spectral\/wp-json\/wp\/v2\/pages\/231\/revisions\/2603"}],"wp:attachment":[{"href":"https:\/\/sites.uef.fi\/spectral\/wp-json\/wp\/v2\/media?parent=231"}],"curies":[{"name":"wp","href":"https:\/\/api.w.org\/{rel}","templated":true}]}}