{"id":52,"date":"2020-07-24T18:41:12","date_gmt":"2020-07-24T15:41:12","guid":{"rendered":"https:\/\/sites.uef.fi\/speech\/?page_id=52"},"modified":"2026-02-10T13:55:35","modified_gmt":"2026-02-10T11:55:35","slug":"collaboration","status":"publish","type":"page","link":"https:\/\/sites.uef.fi\/speech\/collaboration\/","title":{"rendered":"Collaboration"},"content":{"rendered":"\n<p><strong>Past visiting professors<\/strong><\/p>\n\n\n\n<p><a href=\"https:\/\/scholar.google.fr\/citations?user=NakTCiYAAAAJ&amp;hl=en\">G\u00e9rard Chollet<\/a><\/p>\n\n\n\n<p><a href=\"http:\/\/www.colips.org\/~eleliha\">Haizhou Li<\/a><\/p>\n\n\n\n<p><strong>Past visiting researchers<\/strong><\/p>\n\n\n\n<p><a href=\"https:\/\/scholar.google.com\/citations?user=pyV4iL8AAAAJ&amp;hl=en\">O\u011fuzhan Kurnaz<\/a><\/p>\n\n\n\n<p><a href=\"https:\/\/scholar.google.com\/citations?user=Ht6H2WgAAAAJ&amp;hl=en\">Bhusan Chettri<\/a><\/p>\n\n\n\n<p><a href=\"https:\/\/sites.google.com\/view\/dayanaribas\">Dayana Ribas<\/a><\/p>\n\n\n\n<p><a href=\"https:\/\/sites.google.com\/site\/cemalhanilci\/\">Cemal Hanil\u00e7i&nbsp;<\/a><\/p>\n\n\n\n<p><a href=\"https:\/\/www.linkedin.com\/in\/sabato-marco-siniscalchi-8a426019\/?originalSubdomain=it\">Sabato Marco Siniscalchi&nbsp;<\/a><\/p>\n\n\n\n<p><a href=\"https:\/\/www.linkedin.com\/in\/elie-khoury-9aa48345\/\">Elie Khoury<\/a><\/p>\n\n\n\n<p><a href=\"https:\/\/sites.google.com\/view\/amirpoorjam\">Amir Hossein Poorjam<\/a><\/p>\n\n\n\n<p><a href=\"https:\/\/www2.spsc.tugraz.at\/people\/pmowlaee\/PejmanMowlaee.html\">Pejman Mowlaee&nbsp;<\/a><\/p>\n\n\n\n<p><strong>Past post-doctoral researchers<\/strong><\/p>\n\n\n\n<p><a href=\"https:\/\/sites.google.com\/site\/iitkgpsahi\/\">Md Sahidullah<\/a><\/p>\n\n\n\n<p><a href=\"https:\/\/faculty.iitmandi.ac.in\/~padman\/\">Padmanabhan Rajan<\/a><\/p>\n\n\n\n<p><a href=\"https:\/\/scholar.google.com\/citations?user=YyhFChIAAAAJ&amp;hl=en\">Abraham Woubie<\/a><\/p>\n\n\n\n<p><a href=\"http:\/\/cs.uef.fi\/~rgonza\/\">Rosa Gonz\u00e1lez Hautam\u00e4ki<\/a><\/p>\n\n\n\n<p><a href=\"https:\/\/scholar.google.co.kr\/citations?user=MSIvlNoAAAAJ&amp;hl=ko\">Hyejin Shim<\/a><\/p>\n\n\n\n<p><strong>Past doctoral students<\/strong><\/p>\n\n\n\n<p><font dir=\"auto\" style=\"vertical-align: inherit\"><font dir=\"auto\" style=\"vertical-align: inherit\">Federico Malato,  <a href=\"https:\/\/www.uef.fi\/en\/article\/doctoral-defence-of-federico-malato-msc-15122025-enhancing-decision-making-with-retrieval-learning\">Enhancing decision making with retrieval-\u200blearning hybrid agents<\/a><\/font><\/font> <font dir=\"auto\" style=\"vertical-align: inherit\"><font dir=\"auto\" style=\"vertical-align: inherit\">, 2025.<\/font><\/font><\/p>\n\n\n\n<p><font dir=\"auto\" style=\"vertical-align: inherit\"><font dir=\"auto\" style=\"vertical-align: inherit\">Xuechen Liu, <\/font><\/font><a href=\"https:\/\/www.uef.fi\/en\/article\/doctoral-defence-of-xuechen-liu-msc-18102023-advances-in-deep-speaker-verification-a-study-on\"><font dir=\"auto\" style=\"vertical-align: inherit\"><font dir=\"auto\" style=\"vertical-align: inherit\">Advances in deep speaker verification: a study on robustness, portability, and security<\/font><\/font><\/a><font dir=\"auto\" style=\"vertical-align: inherit\"><font dir=\"auto\" style=\"vertical-align: inherit\"> , 2023.<\/font><\/font><\/p>\n\n\n\n<p>Trung Ngo Trong, <em><a href=\"https:\/\/erepo.uef.fi\/handle\/123456789\/27349\">Deep semi-supervised learning for signal processing<\/a>, <\/em>2022<em>.<\/em><\/p>\n\n\n\n<p>Anssi Kanervisto, <a href=\"https:\/\/erepo.uef.fi\/handle\/123456789\/26718\"><em> Advances in Deep Learning for Playing Video Games<\/em><\/a>, 2022.<\/p>\n\n\n\n<p>Ivan Kukanov, <a href=\"https:\/\/erepo.uef.fi\/handle\/123456789\/26503\"><em>Polyphonic Sound Event Detection: Phonetic Features and Environmental Sounds<\/em><\/a>, 2021.<\/p>\n\n\n\n<p>Ville Vestman, <a href=\"https:\/\/erepo.uef.fi\/handle\/123456789\/23613\"><em>Methods for Fast, Robust, and Secure Speaker Recognition<\/em><\/a>, 2020.<\/p>\n\n\n\n<p>Alexey Sholokhov, <em><a href=\"https:\/\/erepo.uef.fi\/handle\/123456789\/20648\">Improving machine learning methods for speaker recognition and segmentation<\/a>, <\/em>2018. Double-degree with <a href=\"http:\/\/en.ifmo.ru\/en\/\">ITMO university<\/a><\/p>\n\n\n\n<p>Aleksandr Sizov,<em> <a href=\"http:\/\/urn.fi\/URN:ISBN:978-952-61-2688-3\"><span style=\"color: #555555\">Secure and robust speech representations for speaker and language recognition, <\/span><\/a><\/em><a href=\"http:\/\/urn.fi\/URN:ISBN:978-952-61-2688-3\"><span style=\"color: #555555\">2017<\/span><\/a><\/p>\n\n\n\n<p>Rosa Gonzalez Hautam\u00e4ki,&nbsp; <a href=\"http:\/\/urn.fi\/URN:ISBN:978-952-61-2644-9\"><span style=\"color: #555555\"><em>Human-induced voice modification and speaker recognition: automatic, perceptual and acoustic perspectivesm<\/em>, 2017.&nbsp;<\/span><\/a><\/p>\n\n\n\n<p><a href=\"https:\/\/bioinformatics.uef.fi\/~hamidbeh\/\">Hamid Behravan<\/a>,&nbsp;<em><a href=\"http:\/\/cs.uef.fi\/sipu\/pub\/HamidBehravanDissertation.pdf\"><span style=\"color: #555555\">Advances in Automatic Foreign Accent Recognition<\/span><\/a><\/em>, 2016.<\/p>\n\n\n\n<p><a href=\"https:\/\/www.linkedin.com\/in\/evgeny-karpov-593a8a3\/\">Evgeny Karpov,&nbsp;<\/a> <em><a href=\"http:\/\/www2.uef.fi\/c\/document_library\/get_file?p_l_id=126488&amp;folderId=126253&amp;name=DLFE-27947.pdf\"><span style=\"color: #555555\">Efficient speaker recognition for mobile devices<\/span><\/a><\/em>, 2011<\/p>\n\n\n\n<p><a href=\"https:\/\/sites.google.com\/site\/rahimsaeidi\/\">Rahim Saeidi<\/a>, <em><a href=\"http:\/\/www2.uef.fi\/c\/document_library\/get_file?p_l_id=126488&amp;folderId=126253&amp;name=DLFE-24048.pdf\"><span style=\"color: #555555\">Advances in front-end and back-end speaker recognition, <\/span><\/a><\/em><a href=\"http:\/\/www2.uef.fi\/c\/document_library\/get_file?p_l_id=126488&amp;folderId=126253&amp;name=DLFE-24048.pdf\"><span style=\"color: #555555\">2011<\/span><\/a>.<\/p>\n","protected":false},"excerpt":{"rendered":"<p>Past visiting professors G\u00e9rard Chollet Haizhou Li Past visiting researchers O\u011fuzhan Kurnaz Bhusan Chettri Dayana Ribas Cemal Hanil\u00e7i&nbsp; Sabato Marco Siniscalchi&nbsp; Elie Khoury Amir Hossein Poorjam Pejman Mowlaee&nbsp; Past post-doctoral researchers Md Sahidullah Padmanabhan Rajan Abraham Woubie Rosa Gonz\u00e1lez Hautam\u00e4ki Hyejin Shim Past doctoral students Federico Malato, Enhancing decision making with retrieval-\u200blearning hybrid agents , [&hellip;]<\/p>\n","protected":false},"author":24,"featured_media":0,"parent":0,"menu_order":0,"comment_status":"closed","ping_status":"closed","template":"","meta":{"_acf_changed":false,"_monsterinsights_skip_tracking":false,"_monsterinsights_sitenote_active":false,"_monsterinsights_sitenote_note":"","_monsterinsights_sitenote_category":0,"footnotes":""},"class_list":["post-52","page","type-page","status-publish","hentry"],"acf":[],"yoast_head":"<!-- This site is optimized with the Yoast SEO plugin v27.1.1 - https:\/\/yoast.com\/product\/yoast-seo-wordpress\/ -->\n<title>Collaboration - Computational speech group<\/title>\n<meta name=\"robots\" content=\"index, follow, max-snippet:-1, max-image-preview:large, max-video-preview:-1\" \/>\n<link rel=\"canonical\" href=\"https:\/\/sites.uef.fi\/speech\/collaboration\/\" \/>\n<meta property=\"og:locale\" content=\"en_US\" \/>\n<meta property=\"og:type\" content=\"article\" \/>\n<meta property=\"og:title\" content=\"Collaboration - Computational speech group\" \/>\n<meta property=\"og:description\" content=\"Past visiting professors G\u00e9rard Chollet Haizhou Li Past visiting researchers O\u011fuzhan Kurnaz Bhusan Chettri Dayana Ribas Cemal Hanil\u00e7i&nbsp; Sabato Marco Siniscalchi&nbsp; Elie Khoury Amir Hossein Poorjam Pejman Mowlaee&nbsp; Past post-doctoral researchers Md Sahidullah Padmanabhan Rajan Abraham Woubie Rosa Gonz\u00e1lez Hautam\u00e4ki Hyejin Shim Past doctoral students Federico Malato, Enhancing decision making with retrieval-\u200blearning hybrid agents , [&hellip;]\" \/>\n<meta property=\"og:url\" content=\"https:\/\/sites.uef.fi\/speech\/collaboration\/\" \/>\n<meta property=\"og:site_name\" content=\"Computational speech group\" \/>\n<meta property=\"article:modified_time\" content=\"2026-02-10T11:55:35+00:00\" \/>\n<meta name=\"twitter:card\" content=\"summary_large_image\" \/>\n<meta name=\"twitter:label1\" content=\"Est. reading time\" \/>\n\t<meta name=\"twitter:data1\" content=\"1 minute\" \/>\n<script type=\"application\/ld+json\" class=\"yoast-schema-graph\">{\"@context\":\"https:\/\/schema.org\",\"@graph\":[{\"@type\":\"WebPage\",\"@id\":\"https:\/\/sites.uef.fi\/speech\/collaboration\/\",\"url\":\"https:\/\/sites.uef.fi\/speech\/collaboration\/\",\"name\":\"Collaboration - Computational speech group\",\"isPartOf\":{\"@id\":\"https:\/\/sites.uef.fi\/speech\/#website\"},\"datePublished\":\"2020-07-24T15:41:12+00:00\",\"dateModified\":\"2026-02-10T11:55:35+00:00\",\"breadcrumb\":{\"@id\":\"https:\/\/sites.uef.fi\/speech\/collaboration\/#breadcrumb\"},\"inLanguage\":\"en-US\",\"potentialAction\":[{\"@type\":\"ReadAction\",\"target\":[\"https:\/\/sites.uef.fi\/speech\/collaboration\/\"]}]},{\"@type\":\"BreadcrumbList\",\"@id\":\"https:\/\/sites.uef.fi\/speech\/collaboration\/#breadcrumb\",\"itemListElement\":[{\"@type\":\"ListItem\",\"position\":1,\"name\":\"Home\",\"item\":\"https:\/\/sites.uef.fi\/speech\/\"},{\"@type\":\"ListItem\",\"position\":2,\"name\":\"Collaboration\"}]},{\"@type\":\"WebSite\",\"@id\":\"https:\/\/sites.uef.fi\/speech\/#website\",\"url\":\"https:\/\/sites.uef.fi\/speech\/\",\"name\":\"Computational speech group\",\"description\":\"\",\"potentialAction\":[{\"@type\":\"SearchAction\",\"target\":{\"@type\":\"EntryPoint\",\"urlTemplate\":\"https:\/\/sites.uef.fi\/speech\/?s={search_term_string}\"},\"query-input\":{\"@type\":\"PropertyValueSpecification\",\"valueRequired\":true,\"valueName\":\"search_term_string\"}}],\"inLanguage\":\"en-US\"}]}<\/script>\n<!-- \/ Yoast SEO plugin. -->","yoast_head_json":{"title":"Collaboration - Computational speech group","robots":{"index":"index","follow":"follow","max-snippet":"max-snippet:-1","max-image-preview":"max-image-preview:large","max-video-preview":"max-video-preview:-1"},"canonical":"https:\/\/sites.uef.fi\/speech\/collaboration\/","og_locale":"en_US","og_type":"article","og_title":"Collaboration - Computational speech group","og_description":"Past visiting professors G\u00e9rard Chollet Haizhou Li Past visiting researchers O\u011fuzhan Kurnaz Bhusan Chettri Dayana Ribas Cemal Hanil\u00e7i&nbsp; Sabato Marco Siniscalchi&nbsp; Elie Khoury Amir Hossein Poorjam Pejman Mowlaee&nbsp; Past post-doctoral researchers Md Sahidullah Padmanabhan Rajan Abraham Woubie Rosa Gonz\u00e1lez Hautam\u00e4ki Hyejin Shim Past doctoral students Federico Malato, Enhancing decision making with retrieval-\u200blearning hybrid agents , [&hellip;]","og_url":"https:\/\/sites.uef.fi\/speech\/collaboration\/","og_site_name":"Computational speech group","article_modified_time":"2026-02-10T11:55:35+00:00","twitter_card":"summary_large_image","twitter_misc":{"Est. reading time":"1 minute"},"schema":{"@context":"https:\/\/schema.org","@graph":[{"@type":"WebPage","@id":"https:\/\/sites.uef.fi\/speech\/collaboration\/","url":"https:\/\/sites.uef.fi\/speech\/collaboration\/","name":"Collaboration - Computational speech group","isPartOf":{"@id":"https:\/\/sites.uef.fi\/speech\/#website"},"datePublished":"2020-07-24T15:41:12+00:00","dateModified":"2026-02-10T11:55:35+00:00","breadcrumb":{"@id":"https:\/\/sites.uef.fi\/speech\/collaboration\/#breadcrumb"},"inLanguage":"en-US","potentialAction":[{"@type":"ReadAction","target":["https:\/\/sites.uef.fi\/speech\/collaboration\/"]}]},{"@type":"BreadcrumbList","@id":"https:\/\/sites.uef.fi\/speech\/collaboration\/#breadcrumb","itemListElement":[{"@type":"ListItem","position":1,"name":"Home","item":"https:\/\/sites.uef.fi\/speech\/"},{"@type":"ListItem","position":2,"name":"Collaboration"}]},{"@type":"WebSite","@id":"https:\/\/sites.uef.fi\/speech\/#website","url":"https:\/\/sites.uef.fi\/speech\/","name":"Computational speech group","description":"","potentialAction":[{"@type":"SearchAction","target":{"@type":"EntryPoint","urlTemplate":"https:\/\/sites.uef.fi\/speech\/?s={search_term_string}"},"query-input":{"@type":"PropertyValueSpecification","valueRequired":true,"valueName":"search_term_string"}}],"inLanguage":"en-US"}]}},"_links":{"self":[{"href":"https:\/\/sites.uef.fi\/speech\/wp-json\/wp\/v2\/pages\/52","targetHints":{"allow":["GET"]}}],"collection":[{"href":"https:\/\/sites.uef.fi\/speech\/wp-json\/wp\/v2\/pages"}],"about":[{"href":"https:\/\/sites.uef.fi\/speech\/wp-json\/wp\/v2\/types\/page"}],"author":[{"embeddable":true,"href":"https:\/\/sites.uef.fi\/speech\/wp-json\/wp\/v2\/users\/24"}],"replies":[{"embeddable":true,"href":"https:\/\/sites.uef.fi\/speech\/wp-json\/wp\/v2\/comments?post=52"}],"version-history":[{"count":1,"href":"https:\/\/sites.uef.fi\/speech\/wp-json\/wp\/v2\/pages\/52\/revisions"}],"predecessor-version":[{"id":1271,"href":"https:\/\/sites.uef.fi\/speech\/wp-json\/wp\/v2\/pages\/52\/revisions\/1271"}],"wp:attachment":[{"href":"https:\/\/sites.uef.fi\/speech\/wp-json\/wp\/v2\/media?parent=52"}],"curies":[{"name":"wp","href":"https:\/\/api.w.org\/{rel}","templated":true}]}}