{"id":330,"date":"2024-02-27T12:35:12","date_gmt":"2024-02-27T10:35:12","guid":{"rendered":"https:\/\/sites.uef.fi\/stafftrainingweek\/?page_id=330"},"modified":"2026-02-02T12:06:55","modified_gmt":"2026-02-02T10:06:55","slug":"programme","status":"publish","type":"page","link":"https:\/\/sites.uef.fi\/stafftrainingweek\/programme\/","title":{"rendered":"Programme"},"content":{"rendered":"\n<p>Here is the  programme of the staff week and we will be updating this:<\/p>\n\n\n\t<div id=\"accordion-block_24ca9b3f151505f25c5a4fa7dfe07278\" class=\"accordions\">\n\t\t\t\t\t<div class=\"accordion accordion-js\">\n\t\t\t\t<button class=\"accordion__button\" aria-controls=\"content-2682\" aria-expanded=\"false\" id=\"accordion-control-2682\">\n\t\t\t\t\t<h3 class=\"accordion__heading\" >\n\t\t\t\t\t\tMonday 9 February MS300 (Medistudia building)\t\t\t\t\t<\/h3>\n\t\t\t\t<\/button>\n\t\t\t\t<div class=\"accordion__content\" role=\"region\" aria-labelledby=\"accordion-control-2682\" aria-hidden=\"true\" id=\"content-2682\">\n\t\t\t\t\t<table>\n<tbody>\n<tr>\n<td width=\"132\">9.00\u201312.00<\/td>\n<td width=\"510\">Arrival<\/td>\n<\/tr>\n<tr>\n<td width=\"132\">13.00-<\/td>\n<td width=\"510\">Registration desk open in MS300<\/td>\n<\/tr>\n<tr>\n<td width=\"132\"><\/td>\n<td width=\"510\">Possibility for bilateral meetings<\/td>\n<\/tr>\n<\/tbody>\n<\/table>\n<p>&nbsp;<\/p>\n\t\t\t\t<\/div>\n\t\t\t<\/div>\n\t\t\t<\/div>\n\t\n\n\t<div id=\"accordion-block_ac76b2a773375d2ac5f8b39c2d9afebb\" class=\"accordions\">\n\t\t\t\t\t<div class=\"accordion accordion-js\">\n\t\t\t\t<button class=\"accordion__button\" aria-controls=\"content-9226\" aria-expanded=\"false\" id=\"accordion-control-9226\">\n\t\t\t\t\t<h3 class=\"accordion__heading\" >\n\t\t\t\t\t\tTuesday 10 February, location MS300 (Medistudia building)\t\t\t\t\t<\/h3>\n\t\t\t\t<\/button>\n\t\t\t\t<div class=\"accordion__content\" role=\"region\" aria-labelledby=\"accordion-control-9226\" aria-hidden=\"true\" id=\"content-9226\">\n\t\t\t\t\t<table>\n<tbody>\n<tr>\n<td width=\"132\">&nbsp;<\/p>\n<p>&nbsp;<\/p>\n<p>9.00\u201310.00<\/p>\n<p>&nbsp;<\/p>\n<p>&nbsp;<\/p>\n<p>&nbsp;<\/td>\n<td width=\"510\"><strong><br \/>\nOpening of staff week,\u00a0<\/strong>Rector Tapio M\u00e4\u00e4tt\u00e4<br \/>\n<strong>Introduction of University of Eastern Finland and\u00a0<\/strong><strong>practical information, <\/strong>Riikka Pellinen<strong>Group photo<\/strong><\/td>\n<\/tr>\n<tr>\n<td width=\"132\">10.00\u201310.15<\/td>\n<td width=\"510\">Coffee<\/td>\n<\/tr>\n<tr>\n<td width=\"132\">10.15\u201311.00<\/td>\n<td width=\"510\"><strong>Getting to know each other<\/strong>, Katinka K\u00e4yhk\u00f6<\/td>\n<\/tr>\n<tr>\n<td width=\"132\">11.00\u201312.00<\/p>\n<p>&nbsp;<\/td>\n<td width=\"510\">&nbsp;<\/p>\n<p><strong>UEF Internationalization services<\/strong>, Kirsi Karjalainen<\/p>\n<ul>\n<li>Global development<\/li>\n<li>Erasmus+ global mobility (Erasmus+ ICM)<\/li>\n<\/ul>\n<p><strong>Student life, International and Finnish perspectives<\/strong>, Nathaniel Tetteh, Bharath Kannan, Jaana Sivula<\/td>\n<\/tr>\n<tr>\n<td width=\"132\">12.00\u201313.00<\/td>\n<td width=\"510\">Lunch<\/td>\n<\/tr>\n<tr>\n<td width=\"132\">13.00\u201314.30<\/p>\n<p>&nbsp;<\/td>\n<td width=\"510\">&nbsp;<\/p>\n<p><strong>Learning environments<\/strong><\/p>\n<ul>\n<li>Dental clinic (Szabolcs Felszeghy)<\/li>\n<li>Multi location classrooms (TBA)<\/li>\n<li>Learning centre (Alisa Rissanen)<\/li>\n<\/ul>\n<\/td>\n<\/tr>\n<tr>\n<td width=\"132\">14.30\u201315.00<\/p>\n<p>&nbsp;<\/p>\n<p>&nbsp;<\/p>\n<p>&nbsp;<\/td>\n<td width=\"510\"><strong>Research services<\/strong><\/p>\n<ul>\n<li>Support for research funding (Helena J\u00e4ntti)<\/li>\n<li>Support for open science (Jaakko Nyr\u00f6nen)<\/li>\n<\/ul>\n<p>&nbsp;<\/td>\n<\/tr>\n<tr>\n<td width=\"132\">15.00-15.30<\/p>\n<p>15.30-<\/p>\n<p>16.00<\/td>\n<td width=\"510\">Coffee<\/p>\n<p>Bus to Kuopio Museum<\/p>\n<p>Kuopio museum tour<\/td>\n<\/tr>\n<\/tbody>\n<\/table>\n<p>&nbsp;<\/p>\n\t\t\t\t<\/div>\n\t\t\t<\/div>\n\t\t\t<\/div>\n\t\n\n\t<div id=\"accordion-block_71088ffe530cb2b4ac7206ca15ca3b36\" class=\"accordions\">\n\t\t\t\t\t<div class=\"accordion accordion-js\">\n\t\t\t\t<button class=\"accordion__button\" aria-controls=\"content-4792\" aria-expanded=\"false\" id=\"accordion-control-4792\">\n\t\t\t\t\t<h3 class=\"accordion__heading\" >\n\t\t\t\t\t\tWednesday 11 February, visit to Joensuu campus, AU206 (Aurora building)\t\t\t\t\t<\/h3>\n\t\t\t\t<\/button>\n\t\t\t\t<div class=\"accordion__content\" role=\"region\" aria-labelledby=\"accordion-control-4792\" aria-hidden=\"true\" id=\"content-4792\">\n\t\t\t\t\t<table>\n<tbody>\n<tr>\n<td width=\"132\">7.00-9.00<\/td>\n<td width=\"510\">Bus from Kuopio to Joensuu<\/td>\n<\/tr>\n<tr>\n<td width=\"132\">9.00\u20139.30<\/td>\n<td width=\"510\">Coffee<\/td>\n<\/tr>\n<tr>\n<td width=\"132\">9.30\u201311.15<\/td>\n<td width=\"510\"><strong>Crash course in Finnish language, <\/strong><span style=\"font-family: inherit;font-size: inherit\">Roosa Puharinen<\/span><\/td>\n<\/tr>\n<tr>\n<td width=\"132\">11.15\u201312.00<\/p>\n<p>&nbsp;<\/p>\n<p>&nbsp;<\/td>\n<td width=\"510\"><strong>UEF services<\/strong><\/p>\n<ul>\n<li>Quality management, Saila Vaittinen\/Anu Arosanervo<\/li>\n<li>Sustainability, Maiju Eskelinen<\/li>\n<li>UEF Researcher training services, Merja Lyytik\u00e4inen<\/li>\n<\/ul>\n<\/td>\n<\/tr>\n<tr>\n<td width=\"132\">12.00-13.00<\/td>\n<td width=\"510\">Lunch<\/td>\n<\/tr>\n<tr>\n<td width=\"132\">&nbsp;<\/p>\n<p>13.00-14.00<\/p>\n<p>&nbsp;<\/p>\n<p>&nbsp;<\/p>\n<p>&nbsp;<\/p>\n<p>&nbsp;<\/p>\n<p>&nbsp;<\/p>\n<p>14.00-14.45<\/p>\n<p>14.45-15.00<\/p>\n<p>15.00-17.00<\/td>\n<td width=\"510\"><strong>International education services<\/strong>, Merja Haapiainen, P\u00e4ivi Haltilahti, Marika Oksanen<\/p>\n<ul>\n<li>Degree programmes<\/li>\n<li>Exchange studies<\/li>\n<li>Summer School<\/li>\n<\/ul>\n<p>OR<\/p>\n<p><strong>Visit to UEF library in Joensuu,<\/strong> Riitta Holopainen<\/p>\n<p><strong>Campus tour<\/strong>, Katinka K\u00e4yhk\u00f6 and Gizem Yozgyur<\/p>\n<p>Coffee<\/p>\n<p>Bus from Joensuu to Kuopio<\/td>\n<\/tr>\n<\/tbody>\n<\/table>\n<p>&nbsp;<\/p>\n\t\t\t\t<\/div>\n\t\t\t<\/div>\n\t\t\t<\/div>\n\t\n\n\t<div id=\"accordion-block_7bbf1011524a1adbe7526c755f1b9631\" class=\"accordions\">\n\t\t\t\t\t<div class=\"accordion accordion-js\">\n\t\t\t\t<button class=\"accordion__button\" aria-controls=\"content-3612\" aria-expanded=\"false\" id=\"accordion-control-3612\">\n\t\t\t\t\t<h3 class=\"accordion__heading\" >\n\t\t\t\t\t\tThursday 12 February, location MS300 (Medistudia building)\t\t\t\t\t<\/h3>\n\t\t\t\t<\/button>\n\t\t\t\t<div class=\"accordion__content\" role=\"region\" aria-labelledby=\"accordion-control-3612\" aria-hidden=\"true\" id=\"content-3612\">\n\t\t\t\t\t<table>\n<tbody>\n<tr>\n<td width=\"132\">9.00\u201310.00<\/td>\n<td width=\"510\"><strong>LLL in Europe, Finland and UEF, <\/strong>Tero Karjalainen<\/td>\n<\/tr>\n<tr>\n<td width=\"132\">10.00\u201310.15<\/td>\n<td width=\"510\">Coffee<\/td>\n<\/tr>\n<tr>\n<td width=\"132\">10.15-11.00<\/td>\n<td width=\"510\"><strong>Open university &amp; pathway studies, <\/strong>Veera Kiiski and Sanna Vikla<\/td>\n<\/tr>\n<tr>\n<td width=\"132\">11.00\u201312.00<\/td>\n<td width=\"510\"><strong>Diverse teams and collaboration<\/strong><\/td>\n<\/tr>\n<tr>\n<td width=\"132\">12.00\u201313.00<\/td>\n<td width=\"510\">Lunch<\/td>\n<\/tr>\n<tr>\n<td width=\"132\">\n13.00\u201315.45<\/p>\n<p>&nbsp;<\/p>\n<p>&nbsp;<\/p>\n<p>&nbsp;<\/p>\n<p>&nbsp;<\/p>\n<p>&nbsp;<\/p>\n<p>&nbsp;<\/p>\n<p>&nbsp;<\/p>\n<p>&nbsp;<\/td>\n<td width=\"510\"><strong>Work\u2011life collaboration and micro credentials \u2013 sharing best practices,\u00a0<\/strong>Sanna Iskanius &amp; Senni Pyk\u00e4l\u00e4inenCoffee<\/p>\n<p><strong>Lifelong Learning development in practice \u2013 Learning Caf\u00e9<\/strong><\/p>\n<p>&nbsp;<\/p>\n<p><strong>Visit to Puijo and dinner<\/strong><\/p>\n<p>17.45 Bus from city centre to Puijo<\/p>\n<p>18.00 Visit to Puijo tower<\/p>\n<p>19.00 Dinner at Puijon maja<\/p>\n<p>&nbsp;<\/td>\n<\/tr>\n<\/tbody>\n<\/table>\n<p>&nbsp;<\/p>\n\t\t\t\t<\/div>\n\t\t\t<\/div>\n\t\t\t<\/div>\n\t\n\n\t<div id=\"accordion-block_9c383f8029203088c983c1989cfab504\" class=\"accordions\">\n\t\t\t\t\t<div class=\"accordion accordion-js\">\n\t\t\t\t<button class=\"accordion__button\" aria-controls=\"content-5118\" aria-expanded=\"false\" id=\"accordion-control-5118\">\n\t\t\t\t\t<h3 class=\"accordion__heading\" >\n\t\t\t\t\t\tFriday 13 February, location MS401 (Medistudia buiding)\t\t\t\t\t<\/h3>\n\t\t\t\t<\/button>\n\t\t\t\t<div class=\"accordion__content\" role=\"region\" aria-labelledby=\"accordion-control-5118\" aria-hidden=\"true\" id=\"content-5118\">\n\t\t\t\t\t<table>\n<tbody>\n<tr>\n<td width=\"132\">9.00\u201310.00<\/td>\n<td width=\"510\"><strong>UEF Library<\/strong>, Riikka Airaksinen<\/td>\n<\/tr>\n<tr>\n<td width=\"132\">10.00\u201310.15<\/td>\n<td width=\"510\">Coffee<\/td>\n<\/tr>\n<tr>\n<td width=\"132\">10.15\u201311.00<\/td>\n<td width=\"510\">&nbsp;<\/p>\n<p><strong><br \/>\nInternational HR Services,<\/strong> Anne Kauppinen\u00a0 \u00a0 \u00a0 \u00a0 \u00a0 \u00a0 \u00a0 \u00a0 \u00a0 \u00a0 \u00a0 \u00a0 <strong>European University alliance, YUFE,<\/strong> Katinka K\u00e4yhk\u00f6 and Gizem Yozgyur<\/td>\n<\/tr>\n<tr>\n<td width=\"132\">11.00\u201312.00<\/td>\n<td width=\"510\">Wrap up and feedback<\/td>\n<\/tr>\n<tr>\n<td width=\"132\">12.00-13.00<\/p>\n<p>&nbsp;<\/td>\n<td width=\"510\">Lunch<\/p>\n<p>Departure<\/td>\n<\/tr>\n<\/tbody>\n<\/table>\n\t\t\t\t<\/div>\n\t\t\t<\/div>\n\t\t\t<\/div>\n\t\n\n\n<figure class=\"wp-block-image size-large\"><img loading=\"lazy\" decoding=\"async\" width=\"1024\" height=\"405\" src=\"https:\/\/sites.uef.fi\/stafftrainingweek\/wp-content\/uploads\/sites\/219\/2024\/01\/UEF_yleiskuva_2_1440x570-1024x405.jpg\" alt=\"\" class=\"wp-image-264\" srcset=\"https:\/\/sites.uef.fi\/stafftrainingweek\/wp-content\/uploads\/sites\/219\/2024\/01\/UEF_yleiskuva_2_1440x570-1024x405.jpg 1024w, https:\/\/sites.uef.fi\/stafftrainingweek\/wp-content\/uploads\/sites\/219\/2024\/01\/UEF_yleiskuva_2_1440x570-300x119.jpg 300w, https:\/\/sites.uef.fi\/stafftrainingweek\/wp-content\/uploads\/sites\/219\/2024\/01\/UEF_yleiskuva_2_1440x570-768x304.jpg 768w, https:\/\/sites.uef.fi\/stafftrainingweek\/wp-content\/uploads\/sites\/219\/2024\/01\/UEF_yleiskuva_2_1440x570.jpg 1440w\" sizes=\"auto, (max-width: 1024px) 100vw, 1024px\" \/><\/figure>\n","protected":false},"excerpt":{"rendered":"<p>Here is the programme of the staff week and we will be updating this:<\/p>\n","protected":false},"author":335,"featured_media":0,"parent":0,"menu_order":0,"comment_status":"closed","ping_status":"closed","template":"","meta":{"_acf_changed":false,"_monsterinsights_skip_tracking":false,"_monsterinsights_sitenote_active":false,"_monsterinsights_sitenote_note":"","_monsterinsights_sitenote_category":0,"footnotes":""},"class_list":["post-330","page","type-page","status-publish","hentry"],"acf":[],"yoast_head":"<!-- This site is optimized with the Yoast SEO plugin v27.3 - https:\/\/yoast.com\/product\/yoast-seo-wordpress\/ -->\n<title>Programme - UEF International Staff Week<\/title>\n<meta name=\"robots\" content=\"index, follow, max-snippet:-1, max-image-preview:large, max-video-preview:-1\" \/>\n<link rel=\"canonical\" href=\"https:\/\/sites.uef.fi\/stafftrainingweek\/programme\/\" \/>\n<meta property=\"og:locale\" content=\"en_US\" \/>\n<meta property=\"og:type\" content=\"article\" \/>\n<meta property=\"og:title\" content=\"Programme - UEF International Staff Week\" \/>\n<meta property=\"og:description\" content=\"Here is the programme of the staff week and we will be updating this:\" \/>\n<meta property=\"og:url\" content=\"https:\/\/sites.uef.fi\/stafftrainingweek\/programme\/\" \/>\n<meta property=\"og:site_name\" content=\"UEF International Staff Week\" \/>\n<meta property=\"article:modified_time\" content=\"2026-02-02T10:06:55+00:00\" \/>\n<meta property=\"og:image\" content=\"https:\/\/sites.uef.fi\/stafftrainingweek\/wp-content\/uploads\/sites\/219\/2024\/01\/UEF_yleiskuva_2_1440x570.jpg\" \/>\n\t<meta property=\"og:image:width\" content=\"1440\" \/>\n\t<meta property=\"og:image:height\" content=\"570\" \/>\n\t<meta property=\"og:image:type\" content=\"image\/jpeg\" \/>\n<meta name=\"twitter:card\" content=\"summary_large_image\" \/>\n<meta name=\"twitter:label1\" content=\"Est. reading time\" \/>\n\t<meta name=\"twitter:data1\" content=\"1 minute\" \/>\n<script type=\"application\/ld+json\" class=\"yoast-schema-graph\">{\"@context\":\"https:\\\/\\\/schema.org\",\"@graph\":[{\"@type\":\"WebPage\",\"@id\":\"https:\\\/\\\/sites.uef.fi\\\/stafftrainingweek\\\/programme\\\/\",\"url\":\"https:\\\/\\\/sites.uef.fi\\\/stafftrainingweek\\\/programme\\\/\",\"name\":\"Programme - UEF International Staff Week\",\"isPartOf\":{\"@id\":\"https:\\\/\\\/sites.uef.fi\\\/stafftrainingweek\\\/#website\"},\"primaryImageOfPage\":{\"@id\":\"https:\\\/\\\/sites.uef.fi\\\/stafftrainingweek\\\/programme\\\/#primaryimage\"},\"image\":{\"@id\":\"https:\\\/\\\/sites.uef.fi\\\/stafftrainingweek\\\/programme\\\/#primaryimage\"},\"thumbnailUrl\":\"https:\\\/\\\/sites.uef.fi\\\/stafftrainingweek\\\/wp-content\\\/uploads\\\/sites\\\/219\\\/2024\\\/01\\\/UEF_yleiskuva_2_1440x570-1024x405.jpg\",\"datePublished\":\"2024-02-27T10:35:12+00:00\",\"dateModified\":\"2026-02-02T10:06:55+00:00\",\"breadcrumb\":{\"@id\":\"https:\\\/\\\/sites.uef.fi\\\/stafftrainingweek\\\/programme\\\/#breadcrumb\"},\"inLanguage\":\"en-US\",\"potentialAction\":[{\"@type\":\"ReadAction\",\"target\":[\"https:\\\/\\\/sites.uef.fi\\\/stafftrainingweek\\\/programme\\\/\"]}]},{\"@type\":\"ImageObject\",\"inLanguage\":\"en-US\",\"@id\":\"https:\\\/\\\/sites.uef.fi\\\/stafftrainingweek\\\/programme\\\/#primaryimage\",\"url\":\"https:\\\/\\\/sites.uef.fi\\\/stafftrainingweek\\\/wp-content\\\/uploads\\\/sites\\\/219\\\/2024\\\/01\\\/UEF_yleiskuva_2_1440x570.jpg\",\"contentUrl\":\"https:\\\/\\\/sites.uef.fi\\\/stafftrainingweek\\\/wp-content\\\/uploads\\\/sites\\\/219\\\/2024\\\/01\\\/UEF_yleiskuva_2_1440x570.jpg\",\"width\":1440,\"height\":570},{\"@type\":\"BreadcrumbList\",\"@id\":\"https:\\\/\\\/sites.uef.fi\\\/stafftrainingweek\\\/programme\\\/#breadcrumb\",\"itemListElement\":[{\"@type\":\"ListItem\",\"position\":1,\"name\":\"Home\",\"item\":\"https:\\\/\\\/sites.uef.fi\\\/stafftrainingweek\\\/\"},{\"@type\":\"ListItem\",\"position\":2,\"name\":\"Programme\"}]},{\"@type\":\"WebSite\",\"@id\":\"https:\\\/\\\/sites.uef.fi\\\/stafftrainingweek\\\/#website\",\"url\":\"https:\\\/\\\/sites.uef.fi\\\/stafftrainingweek\\\/\",\"name\":\"UEF International Staff Week\",\"description\":\"\",\"potentialAction\":[{\"@type\":\"SearchAction\",\"target\":{\"@type\":\"EntryPoint\",\"urlTemplate\":\"https:\\\/\\\/sites.uef.fi\\\/stafftrainingweek\\\/?s={search_term_string}\"},\"query-input\":{\"@type\":\"PropertyValueSpecification\",\"valueRequired\":true,\"valueName\":\"search_term_string\"}}],\"inLanguage\":\"en-US\"}]}<\/script>\n<!-- \/ Yoast SEO plugin. -->","yoast_head_json":{"title":"Programme - UEF International Staff Week","robots":{"index":"index","follow":"follow","max-snippet":"max-snippet:-1","max-image-preview":"max-image-preview:large","max-video-preview":"max-video-preview:-1"},"canonical":"https:\/\/sites.uef.fi\/stafftrainingweek\/programme\/","og_locale":"en_US","og_type":"article","og_title":"Programme - UEF International Staff Week","og_description":"Here is the programme of the staff week and we will be updating this:","og_url":"https:\/\/sites.uef.fi\/stafftrainingweek\/programme\/","og_site_name":"UEF International Staff Week","article_modified_time":"2026-02-02T10:06:55+00:00","og_image":[{"width":1440,"height":570,"url":"https:\/\/sites.uef.fi\/stafftrainingweek\/wp-content\/uploads\/sites\/219\/2024\/01\/UEF_yleiskuva_2_1440x570.jpg","type":"image\/jpeg"}],"twitter_card":"summary_large_image","twitter_misc":{"Est. reading time":"1 minute"},"schema":{"@context":"https:\/\/schema.org","@graph":[{"@type":"WebPage","@id":"https:\/\/sites.uef.fi\/stafftrainingweek\/programme\/","url":"https:\/\/sites.uef.fi\/stafftrainingweek\/programme\/","name":"Programme - UEF International Staff Week","isPartOf":{"@id":"https:\/\/sites.uef.fi\/stafftrainingweek\/#website"},"primaryImageOfPage":{"@id":"https:\/\/sites.uef.fi\/stafftrainingweek\/programme\/#primaryimage"},"image":{"@id":"https:\/\/sites.uef.fi\/stafftrainingweek\/programme\/#primaryimage"},"thumbnailUrl":"https:\/\/sites.uef.fi\/stafftrainingweek\/wp-content\/uploads\/sites\/219\/2024\/01\/UEF_yleiskuva_2_1440x570-1024x405.jpg","datePublished":"2024-02-27T10:35:12+00:00","dateModified":"2026-02-02T10:06:55+00:00","breadcrumb":{"@id":"https:\/\/sites.uef.fi\/stafftrainingweek\/programme\/#breadcrumb"},"inLanguage":"en-US","potentialAction":[{"@type":"ReadAction","target":["https:\/\/sites.uef.fi\/stafftrainingweek\/programme\/"]}]},{"@type":"ImageObject","inLanguage":"en-US","@id":"https:\/\/sites.uef.fi\/stafftrainingweek\/programme\/#primaryimage","url":"https:\/\/sites.uef.fi\/stafftrainingweek\/wp-content\/uploads\/sites\/219\/2024\/01\/UEF_yleiskuva_2_1440x570.jpg","contentUrl":"https:\/\/sites.uef.fi\/stafftrainingweek\/wp-content\/uploads\/sites\/219\/2024\/01\/UEF_yleiskuva_2_1440x570.jpg","width":1440,"height":570},{"@type":"BreadcrumbList","@id":"https:\/\/sites.uef.fi\/stafftrainingweek\/programme\/#breadcrumb","itemListElement":[{"@type":"ListItem","position":1,"name":"Home","item":"https:\/\/sites.uef.fi\/stafftrainingweek\/"},{"@type":"ListItem","position":2,"name":"Programme"}]},{"@type":"WebSite","@id":"https:\/\/sites.uef.fi\/stafftrainingweek\/#website","url":"https:\/\/sites.uef.fi\/stafftrainingweek\/","name":"UEF International Staff Week","description":"","potentialAction":[{"@type":"SearchAction","target":{"@type":"EntryPoint","urlTemplate":"https:\/\/sites.uef.fi\/stafftrainingweek\/?s={search_term_string}"},"query-input":{"@type":"PropertyValueSpecification","valueRequired":true,"valueName":"search_term_string"}}],"inLanguage":"en-US"}]}},"_links":{"self":[{"href":"https:\/\/sites.uef.fi\/stafftrainingweek\/wp-json\/wp\/v2\/pages\/330","targetHints":{"allow":["GET"]}}],"collection":[{"href":"https:\/\/sites.uef.fi\/stafftrainingweek\/wp-json\/wp\/v2\/pages"}],"about":[{"href":"https:\/\/sites.uef.fi\/stafftrainingweek\/wp-json\/wp\/v2\/types\/page"}],"author":[{"embeddable":true,"href":"https:\/\/sites.uef.fi\/stafftrainingweek\/wp-json\/wp\/v2\/users\/335"}],"replies":[{"embeddable":true,"href":"https:\/\/sites.uef.fi\/stafftrainingweek\/wp-json\/wp\/v2\/comments?post=330"}],"version-history":[{"count":2,"href":"https:\/\/sites.uef.fi\/stafftrainingweek\/wp-json\/wp\/v2\/pages\/330\/revisions"}],"predecessor-version":[{"id":749,"href":"https:\/\/sites.uef.fi\/stafftrainingweek\/wp-json\/wp\/v2\/pages\/330\/revisions\/749"}],"wp:attachment":[{"href":"https:\/\/sites.uef.fi\/stafftrainingweek\/wp-json\/wp\/v2\/media?parent=330"}],"curies":[{"name":"wp","href":"https:\/\/api.w.org\/{rel}","templated":true}]}}