{"id":19,"date":"2020-04-03T14:12:23","date_gmt":"2020-04-03T11:12:23","guid":{"rendered":"https:\/\/sites.uef.fi\/stag\/?page_id=19"},"modified":"2024-03-27T12:50:38","modified_gmt":"2024-03-27T10:50:38","slug":"front-page","status":"publish","type":"page","link":"https:\/\/sites.uef.fi\/star\/","title":{"rendered":""},"content":{"rendered":"\n<div class=\"links-block\">\n\n    \n    <ul class=\"link-list\">\n        \n            \n            <li class=\"link-list-item\">\n                <a href=\"https:\/\/sites.uef.fi\/star\/front-page\/osallistu-unitutkimukseen\/\" class=\"link-reset link hover-scale-down\">\n                    <svg\n        width=\"43\" height=\"25\"\n        viewBox=\"0 0 43 25\"\n        xmlns=\"http:\/\/www.w3.org\/2000\/svg\">\n    <path\n        d=\"M30.027 0 43 12.5 30.027 25 27 22.083 34.351 15H0v-5h34.351L27 2.917z\"\n        fill=\"currentColor\"\n        fill-rule=\"evenodd\"\/>\n<\/svg>                    <div>Vapaaehtoiseksi unitutkimukseen?<\/div>\n                <\/a>\n                <div class=\"link-info\">\n                                            <div class=\"link-info-type\">Haemme vapaaehtoisia koehenkil\u00f6it\u00e4 osallistumaan Unidatapankin ker\u00e4\u00e4miseen! <\/div>\n                                    <\/div>\n            <\/li>\n\n        \n            <li class=\"link-list-item\">\n                <a href=\"https:\/\/www.uef.fi\/en\/article\/uef-presents-young-researcher-awards-and-the-first-ever-doctoral-supervisor-award\" class=\"link-reset link hover-scale-down\">\n                    <svg\n        width=\"43\" height=\"25\"\n        viewBox=\"0 0 43 25\"\n        xmlns=\"http:\/\/www.w3.org\/2000\/svg\">\n    <path\n        d=\"M30.027 0 43 12.5 30.027 25 27 22.083 34.351 15H0v-5h34.351L27 2.917z\"\n        fill=\"currentColor\"\n        fill-rule=\"evenodd\"\/>\n<\/svg>                    <div>UEF\u2019s Young Researcher Award presented to Matias Rusanen<\/div>\n                <\/a>\n                <div class=\"link-info\">\n                                            <div class=\"link-info-type\">The Young Researcher Award of the Faculty of Science, Forestry and Technology was presented to Matias Rusanen, PhD, for his internationally impactful research addressing the diagnostics of sleep disorders.<\/div>\n                                    <\/div>\n            <\/li>\n\n        \n            <li class=\"link-list-item\">\n                <a href=\"https:\/\/www.mediuutiset.fi\/uutiset\/koko-lista-on-nyt-julki-mediuutiset-valitsi-taas-100-terveysalan-vaikuttajaa\/51ca048c-4363-4035-84b7-5c26e49b1900\" class=\"link-reset link hover-scale-down\">\n                    <svg\n        width=\"43\" height=\"25\"\n        viewBox=\"0 0 43 25\"\n        xmlns=\"http:\/\/www.w3.org\/2000\/svg\">\n    <path\n        d=\"M30.027 0 43 12.5 30.027 25 27 22.083 34.351 15H0v-5h34.351L27 2.917z\"\n        fill=\"currentColor\"\n        fill-rule=\"evenodd\"\/>\n<\/svg>                    <div>Adjunct professor Samu Kainulainen is one of the innovators of the year 2023<\/div>\n                <\/a>\n                <div class=\"link-info\">\n                                            <div class=\"link-info-type\">Mediuutiset lists yearly the 100 most important health sector influencers in 2023. They selected Adj. professor and the project manager of SmartSleep Lab Samu Kainulainen as one of the innovators of 2023. <\/div>\n                                    <\/div>\n            <\/li>\n\n        \n            <li class=\"link-list-item\">\n                <a href=\"https:\/\/sites.uef.fi\/star\/about-us\/\" class=\"link-reset link hover-scale-down\">\n                    <svg\n        width=\"43\" height=\"25\"\n        viewBox=\"0 0 43 25\"\n        xmlns=\"http:\/\/www.w3.org\/2000\/svg\">\n    <path\n        d=\"M30.027 0 43 12.5 30.027 25 27 22.083 34.351 15H0v-5h34.351L27 2.917z\"\n        fill=\"currentColor\"\n        fill-rule=\"evenodd\"\/>\n<\/svg>                    <div>Read more about us<\/div>\n                <\/a>\n                <div class=\"link-info\">\n                                    <\/div>\n            <\/li>\n\n                <\/ul>\n<\/div>\n\n\n<div class=\"wp-block-columns is-layout-flex wp-container-core-columns-is-layout-9d6595d7 wp-block-columns-is-layout-flex\">\n<div class=\"wp-block-column is-layout-flow wp-block-column-is-layout-flow\" style=\"flex-basis:50%\">\n<figure class=\"wp-block-image size-large\"><a href=\"https:\/\/sites.uef.fi\/star\/smartsleeplab\/\"><img loading=\"lazy\" decoding=\"async\" width=\"1024\" height=\"576\" src=\"https:\/\/sites.uef.fi\/star\/wp-content\/uploads\/sites\/37\/2022\/02\/UEF_SmartSleep_Lab_Logo_Vaaka_3-1024x576.png\" alt=\"SmartSleep Lab logo and link to web page\" class=\"wp-image-2298\" \/><\/a><\/figure>\n<\/div>\n<\/div>\n","protected":false},"excerpt":{"rendered":"","protected":false},"author":2,"featured_media":0,"parent":0,"menu_order":0,"comment_status":"closed","ping_status":"closed","template":"","meta":{"_acf_changed":false,"footnotes":""},"class_list":["post-19","page","type-page","status-publish","hentry"],"acf":[],"yoast_head":"<!-- This site is optimized with the Yoast SEO plugin v27.3 - https:\/\/yoast.com\/product\/yoast-seo-wordpress\/ -->\n<title>- Sleep Technology &amp; Analytics Research group<\/title>\n<meta name=\"robots\" content=\"index, follow, max-snippet:-1, max-image-preview:large, max-video-preview:-1\" \/>\n<link rel=\"canonical\" href=\"https:\/\/sites.uef.fi\/star\/\" \/>\n<meta property=\"og:locale\" content=\"en_US\" \/>\n<meta property=\"og:type\" content=\"article\" \/>\n<meta property=\"og:title\" content=\"- Sleep Technology &amp; Analytics Research group\" \/>\n<meta property=\"og:url\" content=\"https:\/\/sites.uef.fi\/star\/\" \/>\n<meta property=\"og:site_name\" content=\"Sleep Technology &amp; Analytics Research group\" \/>\n<meta property=\"article:modified_time\" content=\"2024-03-27T10:50:38+00:00\" \/>\n<meta property=\"og:image\" content=\"https:\/\/sites.uef.fi\/star\/wp-content\/uploads\/sites\/37\/2022\/02\/UEF_SmartSleep_Lab_Logo_Vaaka_3-1024x576.png\" \/>\n<meta name=\"twitter:card\" content=\"summary_large_image\" \/>\n<meta name=\"twitter:label1\" content=\"Est. reading time\" \/>\n\t<meta name=\"twitter:data1\" content=\"1 minute\" \/>\n<script type=\"application\/ld+json\" class=\"yoast-schema-graph\">{\"@context\":\"https:\\\/\\\/schema.org\",\"@graph\":[{\"@type\":\"WebPage\",\"@id\":\"https:\\\/\\\/sites.uef.fi\\\/star\\\/\",\"url\":\"https:\\\/\\\/sites.uef.fi\\\/star\\\/\",\"name\":\"- Sleep Technology &amp; Analytics Research group\",\"isPartOf\":{\"@id\":\"https:\\\/\\\/sites.uef.fi\\\/star\\\/#website\"},\"primaryImageOfPage\":{\"@id\":\"https:\\\/\\\/sites.uef.fi\\\/star\\\/#primaryimage\"},\"image\":{\"@id\":\"https:\\\/\\\/sites.uef.fi\\\/star\\\/#primaryimage\"},\"thumbnailUrl\":\"https:\\\/\\\/sites.uef.fi\\\/star\\\/wp-content\\\/uploads\\\/sites\\\/37\\\/2022\\\/02\\\/UEF_SmartSleep_Lab_Logo_Vaaka_3-1024x576.png\",\"datePublished\":\"2020-04-03T11:12:23+00:00\",\"dateModified\":\"2024-03-27T10:50:38+00:00\",\"inLanguage\":\"en-US\",\"potentialAction\":[{\"@type\":\"ReadAction\",\"target\":[\"https:\\\/\\\/sites.uef.fi\\\/star\\\/\"]}]},{\"@type\":\"ImageObject\",\"inLanguage\":\"en-US\",\"@id\":\"https:\\\/\\\/sites.uef.fi\\\/star\\\/#primaryimage\",\"url\":\"https:\\\/\\\/sites.uef.fi\\\/star\\\/wp-content\\\/uploads\\\/sites\\\/37\\\/2022\\\/02\\\/UEF_SmartSleep_Lab_Logo_Vaaka_3-e1693912983589.png\",\"contentUrl\":\"https:\\\/\\\/sites.uef.fi\\\/star\\\/wp-content\\\/uploads\\\/sites\\\/37\\\/2022\\\/02\\\/UEF_SmartSleep_Lab_Logo_Vaaka_3-e1693912983589.png\",\"width\":576,\"height\":595},{\"@type\":\"WebSite\",\"@id\":\"https:\\\/\\\/sites.uef.fi\\\/star\\\/#website\",\"url\":\"https:\\\/\\\/sites.uef.fi\\\/star\\\/\",\"name\":\"Sleep Technology &amp; Analytics Research group\",\"description\":\"Sleep Technology and Analytics Group\",\"potentialAction\":[{\"@type\":\"SearchAction\",\"target\":{\"@type\":\"EntryPoint\",\"urlTemplate\":\"https:\\\/\\\/sites.uef.fi\\\/star\\\/?s={search_term_string}\"},\"query-input\":{\"@type\":\"PropertyValueSpecification\",\"valueRequired\":true,\"valueName\":\"search_term_string\"}}],\"inLanguage\":\"en-US\"}]}<\/script>\n<!-- \/ Yoast SEO plugin. -->","yoast_head_json":{"title":"- Sleep Technology &amp; Analytics Research group","robots":{"index":"index","follow":"follow","max-snippet":"max-snippet:-1","max-image-preview":"max-image-preview:large","max-video-preview":"max-video-preview:-1"},"canonical":"https:\/\/sites.uef.fi\/star\/","og_locale":"en_US","og_type":"article","og_title":"- Sleep Technology &amp; Analytics Research group","og_url":"https:\/\/sites.uef.fi\/star\/","og_site_name":"Sleep Technology &amp; Analytics Research group","article_modified_time":"2024-03-27T10:50:38+00:00","og_image":[{"url":"https:\/\/sites.uef.fi\/star\/wp-content\/uploads\/sites\/37\/2022\/02\/UEF_SmartSleep_Lab_Logo_Vaaka_3-1024x576.png","type":"","width":"","height":""}],"twitter_card":"summary_large_image","twitter_misc":{"Est. reading time":"1 minute"},"schema":{"@context":"https:\/\/schema.org","@graph":[{"@type":"WebPage","@id":"https:\/\/sites.uef.fi\/star\/","url":"https:\/\/sites.uef.fi\/star\/","name":"- Sleep Technology &amp; Analytics Research group","isPartOf":{"@id":"https:\/\/sites.uef.fi\/star\/#website"},"primaryImageOfPage":{"@id":"https:\/\/sites.uef.fi\/star\/#primaryimage"},"image":{"@id":"https:\/\/sites.uef.fi\/star\/#primaryimage"},"thumbnailUrl":"https:\/\/sites.uef.fi\/star\/wp-content\/uploads\/sites\/37\/2022\/02\/UEF_SmartSleep_Lab_Logo_Vaaka_3-1024x576.png","datePublished":"2020-04-03T11:12:23+00:00","dateModified":"2024-03-27T10:50:38+00:00","inLanguage":"en-US","potentialAction":[{"@type":"ReadAction","target":["https:\/\/sites.uef.fi\/star\/"]}]},{"@type":"ImageObject","inLanguage":"en-US","@id":"https:\/\/sites.uef.fi\/star\/#primaryimage","url":"https:\/\/sites.uef.fi\/star\/wp-content\/uploads\/sites\/37\/2022\/02\/UEF_SmartSleep_Lab_Logo_Vaaka_3-e1693912983589.png","contentUrl":"https:\/\/sites.uef.fi\/star\/wp-content\/uploads\/sites\/37\/2022\/02\/UEF_SmartSleep_Lab_Logo_Vaaka_3-e1693912983589.png","width":576,"height":595},{"@type":"WebSite","@id":"https:\/\/sites.uef.fi\/star\/#website","url":"https:\/\/sites.uef.fi\/star\/","name":"Sleep Technology &amp; Analytics Research group","description":"Sleep Technology and Analytics Group","potentialAction":[{"@type":"SearchAction","target":{"@type":"EntryPoint","urlTemplate":"https:\/\/sites.uef.fi\/star\/?s={search_term_string}"},"query-input":{"@type":"PropertyValueSpecification","valueRequired":true,"valueName":"search_term_string"}}],"inLanguage":"en-US"}]}},"_links":{"self":[{"href":"https:\/\/sites.uef.fi\/star\/wp-json\/wp\/v2\/pages\/19","targetHints":{"allow":["GET"]}}],"collection":[{"href":"https:\/\/sites.uef.fi\/star\/wp-json\/wp\/v2\/pages"}],"about":[{"href":"https:\/\/sites.uef.fi\/star\/wp-json\/wp\/v2\/types\/page"}],"author":[{"embeddable":true,"href":"https:\/\/sites.uef.fi\/star\/wp-json\/wp\/v2\/users\/2"}],"replies":[{"embeddable":true,"href":"https:\/\/sites.uef.fi\/star\/wp-json\/wp\/v2\/comments?post=19"}],"version-history":[{"count":2,"href":"https:\/\/sites.uef.fi\/star\/wp-json\/wp\/v2\/pages\/19\/revisions"}],"predecessor-version":[{"id":5430,"href":"https:\/\/sites.uef.fi\/star\/wp-json\/wp\/v2\/pages\/19\/revisions\/5430"}],"wp:attachment":[{"href":"https:\/\/sites.uef.fi\/star\/wp-json\/wp\/v2\/media?parent=19"}],"curies":[{"name":"wp","href":"https:\/\/api.w.org\/{rel}","templated":true}]}}