{"id":3561,"date":"2023-05-24T14:31:57","date_gmt":"2023-05-24T11:31:57","guid":{"rendered":"https:\/\/sites.uef.fi\/star\/?page_id=3561"},"modified":"2023-05-29T14:30:32","modified_gmt":"2023-05-29T11:30:32","slug":"osallistu-unitutkimukseen","status":"publish","type":"page","link":"https:\/\/sites.uef.fi\/star\/front-page\/osallistu-unitutkimukseen\/","title":{"rendered":"Osallistu unitutkimukseen!"},"content":{"rendered":"\n<p>Unih\u00e4iri\u00f6t ovat lis\u00e4\u00e4ntyneet merkitt\u00e4v\u00e4sti ja t\u00e4ll\u00e4 hetkell\u00e4 unih\u00e4iri\u00f6t, erityisesti uniapnea, voidaan luokitella yleisyydelt\u00e4\u00e4n l\u00e4hes kansansairauksiksi. Tutkimus- ja mittausmenetelm\u00e4t eiv\u00e4t ole kuitenkaan kehittyneet riitt\u00e4v\u00e4\u00e4 vauhtia unih\u00e4iri\u00f6iden yleistyvyyden kanssa.<\/p>\n\n\n\n<p class=\"has-medium-font-size\"><br><strong>Haemme vapaaehtoisia koehenkil\u00f6it\u00e4 osallistumaan Unidatapankin ker\u00e4\u00e4miseen!<br><\/strong><\/p>\n\n\n\n<p>Etsimme tutkimukseen t\u00e4ysi-ik\u00e4isi\u00e4, arkiel\u00e4m\u00e4ss\u00e4 itsen\u00e4isesti p\u00e4rj\u00e4\u00e4vi\u00e4 koehenkil\u00f6it\u00e4, joilla ei ole diagnosoituja unih\u00e4iri\u00f6it\u00e4. Tutkimukseen osallistumisesta ei makseta palkkiota, eik\u00e4 kulukorvauksia makseta. Tutkimuksen perusteella ei tehd\u00e4 diagnooseja, eik\u00e4 tutkimustuloksia kirjata terveydenhuollon j\u00e4rjestelmiin. Saat halutessasi untasi kuvaavan raportin.<\/p>\n\n\n\n<p>Tutkimusy\u00f6n kulku on p\u00e4\u00e4piirteiss\u00e4\u00e4n seuraavanlainen:<\/p>\n\n\n\n<ul class=\"wp-block-list\">\n<li>Tutkimus suoritetaan SmartSleep Laboratoriossa, It\u00e4-Suomen yliopiston Kuopion kampuksella tai kotona.<\/li>\n\n\n\n<li>Laboratorioon saavutaan noin 2 tuntia ennen normaalia nukkumaanmenoaikaa tai sovitaan laitteiden hakuaika ja k\u00e4ytt\u00f6opastus henkil\u00f6kunnan kanssa tapauskohtaisesti.<\/li>\n\n\n\n<li>Ennen nukkumaan k\u00e4ymist\u00e4 ihollesi ja y\u00f6vaatteiden p\u00e4\u00e4lle tulee untasi mittaavia antureita.<\/li>\n\n\n\n<li>Nukut normaalin unirytmisi mukaisesti.<\/li>\n\n\n\n<li>Sinulle voidaan halutessasi suorittaa kehonkoostumusmittaus.<\/li>\n<\/ul>\n\n\n\n<p>Tutkimuksessa koehenkil\u00f6lt\u00e4 ei oteta mit\u00e4\u00e4n n\u00e4ytteit\u00e4 eik\u00e4 tutkimus aiheuta koehenkil\u00f6lle kipua tai muuta haittaa. Tutkimukseen osallistuminen on t\u00e4ysin vapaaehtoista ja voitte keskeytt\u00e4\u00e4 tutkimuksen koska tahansa.<\/p>\n\n\n\n<p><br>Voit ilmoittautua vapaaehtoiseksi koehenkil\u00f6ksi seuraavan verkkokyselylomakkeen kautta:<\/p>\n\n\n\n<p class=\"has-medium-font-size\"><strong><a href=\"https:\/\/link.webropolsurveys.com\/S\/BD1D80F093B7BF78\" target=\"_blank\" rel=\"noreferrer noopener\">Verkkokyselylomake (avautuu uuteen ikkunaan)<\/a><\/strong><\/p>\n\n\n\n<p>Lis\u00e4tietoja:<br><a href=\"mailto:smartsleep@uef.fi\">smartsleep@uef.fi<\/a><\/p>\n\n\n\n<p>Tutkimushoitaja Saila H\u00e4kkinen<br>+358 50 563 9398<\/p>\n\n\n\n<p>Dosentti, yliopistotutkija Samu Kainulainen<br>+358 45 641 6754<\/p>\n","protected":false},"excerpt":{"rendered":"<p>Unih\u00e4iri\u00f6t ovat lis\u00e4\u00e4ntyneet merkitt\u00e4v\u00e4sti ja t\u00e4ll\u00e4 hetkell\u00e4 unih\u00e4iri\u00f6t, erityisesti uniapnea, voidaan luokitella yleisyydelt\u00e4\u00e4n l\u00e4hes kansansairauksiksi. Tutkimus- ja mittausmenetelm\u00e4t eiv\u00e4t ole kuitenkaan kehittyneet riitt\u00e4v\u00e4\u00e4 vauhtia unih\u00e4iri\u00f6iden yleistyvyyden kanssa. Haemme vapaaehtoisia koehenkil\u00f6it\u00e4 osallistumaan Unidatapankin ker\u00e4\u00e4miseen! Etsimme tutkimukseen t\u00e4ysi-ik\u00e4isi\u00e4, arkiel\u00e4m\u00e4ss\u00e4 itsen\u00e4isesti p\u00e4rj\u00e4\u00e4vi\u00e4 koehenkil\u00f6it\u00e4, joilla ei ole diagnosoituja unih\u00e4iri\u00f6it\u00e4. Tutkimukseen osallistumisesta ei makseta palkkiota, eik\u00e4 kulukorvauksia makseta. Tutkimuksen perusteella [&hellip;]<\/p>\n","protected":false},"author":93,"featured_media":0,"parent":19,"menu_order":1,"comment_status":"closed","ping_status":"closed","template":"","meta":{"_acf_changed":false,"footnotes":""},"class_list":["post-3561","page","type-page","status-publish","hentry"],"acf":[],"yoast_head":"<!-- This site is optimized with the Yoast SEO plugin v27.3 - https:\/\/yoast.com\/product\/yoast-seo-wordpress\/ -->\n<title>Osallistu unitutkimukseen! - Sleep Technology &amp; Analytics Research group<\/title>\n<meta name=\"robots\" content=\"index, follow, max-snippet:-1, max-image-preview:large, max-video-preview:-1\" \/>\n<link rel=\"canonical\" href=\"https:\/\/sites.uef.fi\/star\/front-page\/osallistu-unitutkimukseen\/\" \/>\n<meta property=\"og:locale\" content=\"en_US\" \/>\n<meta property=\"og:type\" content=\"article\" \/>\n<meta property=\"og:title\" content=\"Osallistu unitutkimukseen! - Sleep Technology &amp; Analytics Research group\" \/>\n<meta property=\"og:description\" content=\"Unih\u00e4iri\u00f6t ovat lis\u00e4\u00e4ntyneet merkitt\u00e4v\u00e4sti ja t\u00e4ll\u00e4 hetkell\u00e4 unih\u00e4iri\u00f6t, erityisesti uniapnea, voidaan luokitella yleisyydelt\u00e4\u00e4n l\u00e4hes kansansairauksiksi. Tutkimus- ja mittausmenetelm\u00e4t eiv\u00e4t ole kuitenkaan kehittyneet riitt\u00e4v\u00e4\u00e4 vauhtia unih\u00e4iri\u00f6iden yleistyvyyden kanssa. Haemme vapaaehtoisia koehenkil\u00f6it\u00e4 osallistumaan Unidatapankin ker\u00e4\u00e4miseen! Etsimme tutkimukseen t\u00e4ysi-ik\u00e4isi\u00e4, arkiel\u00e4m\u00e4ss\u00e4 itsen\u00e4isesti p\u00e4rj\u00e4\u00e4vi\u00e4 koehenkil\u00f6it\u00e4, joilla ei ole diagnosoituja unih\u00e4iri\u00f6it\u00e4. Tutkimukseen osallistumisesta ei makseta palkkiota, eik\u00e4 kulukorvauksia makseta. Tutkimuksen perusteella [&hellip;]\" \/>\n<meta property=\"og:url\" content=\"https:\/\/sites.uef.fi\/star\/front-page\/osallistu-unitutkimukseen\/\" \/>\n<meta property=\"og:site_name\" content=\"Sleep Technology &amp; Analytics Research group\" \/>\n<meta property=\"article:modified_time\" content=\"2023-05-29T11:30:32+00:00\" \/>\n<meta name=\"twitter:card\" content=\"summary_large_image\" \/>\n<meta name=\"twitter:label1\" content=\"Est. reading time\" \/>\n\t<meta name=\"twitter:data1\" content=\"1 minute\" \/>\n<script type=\"application\/ld+json\" class=\"yoast-schema-graph\">{\"@context\":\"https:\\\/\\\/schema.org\",\"@graph\":[{\"@type\":\"WebPage\",\"@id\":\"https:\\\/\\\/sites.uef.fi\\\/star\\\/front-page\\\/osallistu-unitutkimukseen\\\/\",\"url\":\"https:\\\/\\\/sites.uef.fi\\\/star\\\/front-page\\\/osallistu-unitutkimukseen\\\/\",\"name\":\"Osallistu unitutkimukseen! - Sleep Technology &amp; Analytics Research group\",\"isPartOf\":{\"@id\":\"https:\\\/\\\/sites.uef.fi\\\/star\\\/#website\"},\"datePublished\":\"2023-05-24T11:31:57+00:00\",\"dateModified\":\"2023-05-29T11:30:32+00:00\",\"breadcrumb\":{\"@id\":\"https:\\\/\\\/sites.uef.fi\\\/star\\\/front-page\\\/osallistu-unitutkimukseen\\\/#breadcrumb\"},\"inLanguage\":\"en-US\",\"potentialAction\":[{\"@type\":\"ReadAction\",\"target\":[\"https:\\\/\\\/sites.uef.fi\\\/star\\\/front-page\\\/osallistu-unitutkimukseen\\\/\"]}]},{\"@type\":\"BreadcrumbList\",\"@id\":\"https:\\\/\\\/sites.uef.fi\\\/star\\\/front-page\\\/osallistu-unitutkimukseen\\\/#breadcrumb\",\"itemListElement\":[{\"@type\":\"ListItem\",\"position\":1,\"name\":\"Home\",\"item\":\"https:\\\/\\\/sites.uef.fi\\\/star\\\/\"},{\"@type\":\"ListItem\",\"position\":2,\"name\":\"Osallistu unitutkimukseen!\"}]},{\"@type\":\"WebSite\",\"@id\":\"https:\\\/\\\/sites.uef.fi\\\/star\\\/#website\",\"url\":\"https:\\\/\\\/sites.uef.fi\\\/star\\\/\",\"name\":\"Sleep Technology &amp; Analytics Research group\",\"description\":\"Sleep Technology and Analytics Group\",\"potentialAction\":[{\"@type\":\"SearchAction\",\"target\":{\"@type\":\"EntryPoint\",\"urlTemplate\":\"https:\\\/\\\/sites.uef.fi\\\/star\\\/?s={search_term_string}\"},\"query-input\":{\"@type\":\"PropertyValueSpecification\",\"valueRequired\":true,\"valueName\":\"search_term_string\"}}],\"inLanguage\":\"en-US\"}]}<\/script>\n<!-- \/ Yoast SEO plugin. -->","yoast_head_json":{"title":"Osallistu unitutkimukseen! - Sleep Technology &amp; Analytics Research group","robots":{"index":"index","follow":"follow","max-snippet":"max-snippet:-1","max-image-preview":"max-image-preview:large","max-video-preview":"max-video-preview:-1"},"canonical":"https:\/\/sites.uef.fi\/star\/front-page\/osallistu-unitutkimukseen\/","og_locale":"en_US","og_type":"article","og_title":"Osallistu unitutkimukseen! - Sleep Technology &amp; Analytics Research group","og_description":"Unih\u00e4iri\u00f6t ovat lis\u00e4\u00e4ntyneet merkitt\u00e4v\u00e4sti ja t\u00e4ll\u00e4 hetkell\u00e4 unih\u00e4iri\u00f6t, erityisesti uniapnea, voidaan luokitella yleisyydelt\u00e4\u00e4n l\u00e4hes kansansairauksiksi. Tutkimus- ja mittausmenetelm\u00e4t eiv\u00e4t ole kuitenkaan kehittyneet riitt\u00e4v\u00e4\u00e4 vauhtia unih\u00e4iri\u00f6iden yleistyvyyden kanssa. Haemme vapaaehtoisia koehenkil\u00f6it\u00e4 osallistumaan Unidatapankin ker\u00e4\u00e4miseen! Etsimme tutkimukseen t\u00e4ysi-ik\u00e4isi\u00e4, arkiel\u00e4m\u00e4ss\u00e4 itsen\u00e4isesti p\u00e4rj\u00e4\u00e4vi\u00e4 koehenkil\u00f6it\u00e4, joilla ei ole diagnosoituja unih\u00e4iri\u00f6it\u00e4. Tutkimukseen osallistumisesta ei makseta palkkiota, eik\u00e4 kulukorvauksia makseta. Tutkimuksen perusteella [&hellip;]","og_url":"https:\/\/sites.uef.fi\/star\/front-page\/osallistu-unitutkimukseen\/","og_site_name":"Sleep Technology &amp; Analytics Research group","article_modified_time":"2023-05-29T11:30:32+00:00","twitter_card":"summary_large_image","twitter_misc":{"Est. reading time":"1 minute"},"schema":{"@context":"https:\/\/schema.org","@graph":[{"@type":"WebPage","@id":"https:\/\/sites.uef.fi\/star\/front-page\/osallistu-unitutkimukseen\/","url":"https:\/\/sites.uef.fi\/star\/front-page\/osallistu-unitutkimukseen\/","name":"Osallistu unitutkimukseen! - Sleep Technology &amp; Analytics Research group","isPartOf":{"@id":"https:\/\/sites.uef.fi\/star\/#website"},"datePublished":"2023-05-24T11:31:57+00:00","dateModified":"2023-05-29T11:30:32+00:00","breadcrumb":{"@id":"https:\/\/sites.uef.fi\/star\/front-page\/osallistu-unitutkimukseen\/#breadcrumb"},"inLanguage":"en-US","potentialAction":[{"@type":"ReadAction","target":["https:\/\/sites.uef.fi\/star\/front-page\/osallistu-unitutkimukseen\/"]}]},{"@type":"BreadcrumbList","@id":"https:\/\/sites.uef.fi\/star\/front-page\/osallistu-unitutkimukseen\/#breadcrumb","itemListElement":[{"@type":"ListItem","position":1,"name":"Home","item":"https:\/\/sites.uef.fi\/star\/"},{"@type":"ListItem","position":2,"name":"Osallistu unitutkimukseen!"}]},{"@type":"WebSite","@id":"https:\/\/sites.uef.fi\/star\/#website","url":"https:\/\/sites.uef.fi\/star\/","name":"Sleep Technology &amp; Analytics Research group","description":"Sleep Technology and Analytics Group","potentialAction":[{"@type":"SearchAction","target":{"@type":"EntryPoint","urlTemplate":"https:\/\/sites.uef.fi\/star\/?s={search_term_string}"},"query-input":{"@type":"PropertyValueSpecification","valueRequired":true,"valueName":"search_term_string"}}],"inLanguage":"en-US"}]}},"_links":{"self":[{"href":"https:\/\/sites.uef.fi\/star\/wp-json\/wp\/v2\/pages\/3561","targetHints":{"allow":["GET"]}}],"collection":[{"href":"https:\/\/sites.uef.fi\/star\/wp-json\/wp\/v2\/pages"}],"about":[{"href":"https:\/\/sites.uef.fi\/star\/wp-json\/wp\/v2\/types\/page"}],"author":[{"embeddable":true,"href":"https:\/\/sites.uef.fi\/star\/wp-json\/wp\/v2\/users\/93"}],"replies":[{"embeddable":true,"href":"https:\/\/sites.uef.fi\/star\/wp-json\/wp\/v2\/comments?post=3561"}],"version-history":[{"count":2,"href":"https:\/\/sites.uef.fi\/star\/wp-json\/wp\/v2\/pages\/3561\/revisions"}],"predecessor-version":[{"id":3574,"href":"https:\/\/sites.uef.fi\/star\/wp-json\/wp\/v2\/pages\/3561\/revisions\/3574"}],"up":[{"embeddable":true,"href":"https:\/\/sites.uef.fi\/star\/wp-json\/wp\/v2\/pages\/19"}],"wp:attachment":[{"href":"https:\/\/sites.uef.fi\/star\/wp-json\/wp\/v2\/media?parent=3561"}],"curies":[{"name":"wp","href":"https:\/\/api.w.org\/{rel}","templated":true}]}}