{"id":434,"date":"2020-12-03T16:00:19","date_gmt":"2020-12-03T14:00:19","guid":{"rendered":"https:\/\/sites.uef.fi\/stag\/?page_id=434"},"modified":"2023-09-06T15:34:54","modified_gmt":"2023-09-06T12:34:54","slug":"henna-pitkanen","status":"publish","type":"page","link":"https:\/\/sites.uef.fi\/star\/staff\/henna-pitkanen\/","title":{"rendered":"Henna Pitk\u00e4nen"},"content":{"rendered":"\n<h2 class=\"wp-block-heading\">Doctoral Researcher, M.Sc.<\/h2>\n\n\n\n<h1 class=\"wp-block-heading\"><img loading=\"lazy\" decoding=\"async\" class=\"alignnone wp-image-1724 size-medium\" src=\"https:\/\/sites.uef.fi\/star\/wp-content\/uploads\/sites\/37\/2021\/11\/Pitkanen-Henna-0017-10x15cm-200x300.jpg\" alt=\"\" width=\"200\" height=\"300\" srcset=\"https:\/\/sites.uef.fi\/star\/wp-content\/uploads\/sites\/37\/2021\/11\/Pitkanen-Henna-0017-10x15cm-200x300.jpg 200w, https:\/\/sites.uef.fi\/star\/wp-content\/uploads\/sites\/37\/2021\/11\/Pitkanen-Henna-0017-10x15cm-682x1024.jpg 682w, https:\/\/sites.uef.fi\/star\/wp-content\/uploads\/sites\/37\/2021\/11\/Pitkanen-Henna-0017-10x15cm-768x1152.jpg 768w, https:\/\/sites.uef.fi\/star\/wp-content\/uploads\/sites\/37\/2021\/11\/Pitkanen-Henna-0017-10x15cm-1024x1536.jpg 1024w, https:\/\/sites.uef.fi\/star\/wp-content\/uploads\/sites\/37\/2021\/11\/Pitkanen-Henna-0017-10x15cm.jpg 1181w\" sizes=\"auto, (max-width: 200px) 100vw, 200px\" \/><\/h1>\n\n\n\n<h2 class=\"wp-block-heading\">Personal Information<\/h2>\n\n\n\n<ul class=\"wp-block-list\">\n<li><strong>Room:<\/strong> Canthia 2059<\/li>\n\n\n\n<li><strong>Email:<\/strong> henna.pitkanen[at]uef.fi<\/li>\n\n\n\n<li><strong>Year of birth:<\/strong> 1994<\/li>\n\n\n\n<li><strong>Current research interests:<\/strong> EEG, arousal scoring, machine learning methods in the assessment of arousals from sleep<\/li>\n\n\n\n<li><strong>Current and previous experience:<\/strong>\n<ul class=\"wp-block-list\">\n<li>Doctoral Researcher, Department of Technical Physics, University of Eastern Finland and Diagnostic Imaging Center, Kuopio University Hospital (Kuopio, Finland), 1.7.2021\u2013<\/li>\n\n\n\n<li>Research Assistant, Department of Applied Physics, University of Eastern Finland (Kuopio, Finland), 1.7.2020\u201330.6.2021<\/li>\n\n\n\n<li>Researcher, Kuopio University Hospital, Dagnostic Imaging Center (Kuopio, Finland), 1.6.\u201331.8.2019<\/li>\n<\/ul>\n<\/li>\n\n\n\n<li><strong>Education:<\/strong>\n<ul class=\"wp-block-list\">\n<li>M.Sc. (Applied Physics), Department of Applied Physics, University of Eastern Finland (Kuopio, Finland), 2021<\/li>\n\n\n\n<li>B.Sc. (Applied Physics), Department of Applied Physics, University of Eastern Finland (Kuopio, Finland), 2018<\/li>\n\n\n\n<li>Graduate of Finnish Upper Secondary School, M\u00e4nts\u00e4l\u00e4n lukio (M\u00e4nts\u00e4l\u00e4, Finland), 2013<\/li>\n<\/ul>\n<\/li>\n\n\n\n<li><strong>Skills:<\/strong> Signal analysis, spectral analysis, agreement analyses, machine learning, Matlab, Python<\/li>\n\n\n\n<li><strong>Language proficiency:<\/strong>\n<ul class=\"wp-block-list\">\n<li>Finnish, native language<\/li>\n\n\n\n<li>English, fluent<\/li>\n\n\n\n<li>Swedish, fair<\/li>\n<\/ul>\n<\/li>\n\n\n\n<li><strong>Hobbies:<\/strong> Music; singing (choir and lead) and piano<\/li>\n<\/ul>\n\n\n\n<div class=\"links-block\">\n\n    \n    <ul class=\"link-list\">\n        \n            \n            <li class=\"link-list-item\">\n                <a href=\"https:\/\/orcid.org\/0000-0001-5100-3816\" class=\"link-reset link hover-scale-down\">\n                    <svg\n        width=\"43\" height=\"25\"\n        viewBox=\"0 0 43 25\"\n        xmlns=\"http:\/\/www.w3.org\/2000\/svg\">\n    <path\n        d=\"M30.027 0 43 12.5 30.027 25 27 22.083 34.351 15H0v-5h34.351L27 2.917z\"\n        fill=\"currentColor\"\n        fill-rule=\"evenodd\"\/>\n<\/svg>                    <div>ORCID<\/div>\n                <\/a>\n                <div class=\"link-info\">\n                                    <\/div>\n            <\/li>\n\n        \n            <li class=\"link-list-item\">\n                <a href=\"https:\/\/www.researchgate.net\/profile\/Henna-Pitkaenen\" class=\"link-reset link hover-scale-down\">\n                    <svg\n        width=\"43\" height=\"25\"\n        viewBox=\"0 0 43 25\"\n        xmlns=\"http:\/\/www.w3.org\/2000\/svg\">\n    <path\n        d=\"M30.027 0 43 12.5 30.027 25 27 22.083 34.351 15H0v-5h34.351L27 2.917z\"\n        fill=\"currentColor\"\n        fill-rule=\"evenodd\"\/>\n<\/svg>                    <div>ResearchGate<\/div>\n                <\/a>\n                <div class=\"link-info\">\n                                    <\/div>\n            <\/li>\n\n        \n            <li class=\"link-list-item\">\n                <a href=\"https:\/\/www.linkedin.com\/in\/henna-pitkanen\/\" class=\"link-reset link hover-scale-down\">\n                    <svg\n        width=\"43\" height=\"25\"\n        viewBox=\"0 0 43 25\"\n        xmlns=\"http:\/\/www.w3.org\/2000\/svg\">\n    <path\n        d=\"M30.027 0 43 12.5 30.027 25 27 22.083 34.351 15H0v-5h34.351L27 2.917z\"\n        fill=\"currentColor\"\n        fill-rule=\"evenodd\"\/>\n<\/svg>                    <div>LinkedIn<\/div>\n                <\/a>\n                <div class=\"link-info\">\n                                    <\/div>\n            <\/li>\n\n        \n            <li class=\"link-list-item\">\n                <a href=\"https:\/\/uefconnect.uef.fi\/henkilo\/henna.pitkanen\/\" class=\"link-reset link hover-scale-down\">\n                    <svg\n        width=\"43\" height=\"25\"\n        viewBox=\"0 0 43 25\"\n        xmlns=\"http:\/\/www.w3.org\/2000\/svg\">\n    <path\n        d=\"M30.027 0 43 12.5 30.027 25 27 22.083 34.351 15H0v-5h34.351L27 2.917z\"\n        fill=\"currentColor\"\n        fill-rule=\"evenodd\"\/>\n<\/svg>                    <div>UEF connect<\/div>\n                <\/a>\n                <div class=\"link-info\">\n                                    <\/div>\n            <\/li>\n\n        \n            <li class=\"link-list-item\">\n                <a href=\"https:\/\/pubmed.ncbi.nlm.nih.gov\/?term=henna+pitka%CC%88nen%5BAuthor%5D&amp;sort=\" class=\"link-reset link hover-scale-down\">\n                    <svg\n        width=\"43\" height=\"25\"\n        viewBox=\"0 0 43 25\"\n        xmlns=\"http:\/\/www.w3.org\/2000\/svg\">\n    <path\n        d=\"M30.027 0 43 12.5 30.027 25 27 22.083 34.351 15H0v-5h34.351L27 2.917z\"\n        fill=\"currentColor\"\n        fill-rule=\"evenodd\"\/>\n<\/svg>                    <div>Publications (PubMed)<\/div>\n                <\/a>\n                <div class=\"link-info\">\n                                    <\/div>\n            <\/li>\n\n                <\/ul>\n<\/div>","protected":false},"excerpt":{"rendered":"<p>Doctoral Researcher, M.Sc. Personal Information<\/p>\n","protected":false},"author":60,"featured_media":0,"parent":82,"menu_order":0,"comment_status":"closed","ping_status":"closed","template":"","meta":{"_acf_changed":false,"footnotes":""},"class_list":["post-434","page","type-page","status-publish","hentry"],"acf":[],"yoast_head":"<!-- This site is optimized with the Yoast SEO plugin v27.1.1 - https:\/\/yoast.com\/product\/yoast-seo-wordpress\/ -->\n<title>Henna Pitk\u00e4nen - Sleep Technology &amp; Analytics Research group<\/title>\n<meta name=\"robots\" content=\"index, follow, max-snippet:-1, max-image-preview:large, max-video-preview:-1\" \/>\n<link rel=\"canonical\" href=\"https:\/\/sites.uef.fi\/star\/staff\/henna-pitkanen\/\" \/>\n<meta property=\"og:locale\" content=\"en_US\" \/>\n<meta property=\"og:type\" content=\"article\" \/>\n<meta property=\"og:title\" content=\"Henna Pitk\u00e4nen - Sleep Technology &amp; Analytics Research group\" \/>\n<meta property=\"og:description\" content=\"Doctoral Researcher, M.Sc. Personal Information\" \/>\n<meta property=\"og:url\" content=\"https:\/\/sites.uef.fi\/star\/staff\/henna-pitkanen\/\" \/>\n<meta property=\"og:site_name\" content=\"Sleep Technology &amp; Analytics Research group\" \/>\n<meta property=\"article:modified_time\" content=\"2023-09-06T12:34:54+00:00\" \/>\n<meta property=\"og:image\" content=\"https:\/\/sites.uef.fi\/star\/wp-content\/uploads\/sites\/37\/2021\/11\/Pitkanen-Henna-0017-10x15cm-200x300.jpg\" \/>\n<meta name=\"twitter:card\" content=\"summary_large_image\" \/>\n<meta name=\"twitter:label1\" content=\"Est. reading time\" \/>\n\t<meta name=\"twitter:data1\" content=\"1 minute\" \/>\n<script type=\"application\/ld+json\" class=\"yoast-schema-graph\">{\"@context\":\"https:\/\/schema.org\",\"@graph\":[{\"@type\":\"WebPage\",\"@id\":\"https:\/\/sites.uef.fi\/star\/staff\/henna-pitkanen\/\",\"url\":\"https:\/\/sites.uef.fi\/star\/staff\/henna-pitkanen\/\",\"name\":\"Henna Pitk\u00e4nen - Sleep Technology &amp; Analytics Research group\",\"isPartOf\":{\"@id\":\"https:\/\/sites.uef.fi\/star\/#website\"},\"primaryImageOfPage\":{\"@id\":\"https:\/\/sites.uef.fi\/star\/staff\/henna-pitkanen\/#primaryimage\"},\"image\":{\"@id\":\"https:\/\/sites.uef.fi\/star\/staff\/henna-pitkanen\/#primaryimage\"},\"thumbnailUrl\":\"https:\/\/sites.uef.fi\/star\/wp-content\/uploads\/sites\/37\/2021\/11\/Pitkanen-Henna-0017-10x15cm-200x300.jpg\",\"datePublished\":\"2020-12-03T14:00:19+00:00\",\"dateModified\":\"2023-09-06T12:34:54+00:00\",\"breadcrumb\":{\"@id\":\"https:\/\/sites.uef.fi\/star\/staff\/henna-pitkanen\/#breadcrumb\"},\"inLanguage\":\"en-US\",\"potentialAction\":[{\"@type\":\"ReadAction\",\"target\":[\"https:\/\/sites.uef.fi\/star\/staff\/henna-pitkanen\/\"]}]},{\"@type\":\"ImageObject\",\"inLanguage\":\"en-US\",\"@id\":\"https:\/\/sites.uef.fi\/star\/staff\/henna-pitkanen\/#primaryimage\",\"url\":\"https:\/\/sites.uef.fi\/star\/wp-content\/uploads\/sites\/37\/2021\/11\/Pitkanen-Henna-0017-10x15cm.jpg\",\"contentUrl\":\"https:\/\/sites.uef.fi\/star\/wp-content\/uploads\/sites\/37\/2021\/11\/Pitkanen-Henna-0017-10x15cm.jpg\",\"width\":1181,\"height\":1772},{\"@type\":\"BreadcrumbList\",\"@id\":\"https:\/\/sites.uef.fi\/star\/staff\/henna-pitkanen\/#breadcrumb\",\"itemListElement\":[{\"@type\":\"ListItem\",\"position\":1,\"name\":\"Home\",\"item\":\"https:\/\/sites.uef.fi\/star\/\"},{\"@type\":\"ListItem\",\"position\":2,\"name\":\"Staff\",\"item\":\"https:\/\/sites.uef.fi\/star\/staff\/\"},{\"@type\":\"ListItem\",\"position\":3,\"name\":\"Henna Pitk\u00e4nen\"}]},{\"@type\":\"WebSite\",\"@id\":\"https:\/\/sites.uef.fi\/star\/#website\",\"url\":\"https:\/\/sites.uef.fi\/star\/\",\"name\":\"Sleep Technology &amp; Analytics Research group\",\"description\":\"Sleep Technology and Analytics Group\",\"potentialAction\":[{\"@type\":\"SearchAction\",\"target\":{\"@type\":\"EntryPoint\",\"urlTemplate\":\"https:\/\/sites.uef.fi\/star\/?s={search_term_string}\"},\"query-input\":{\"@type\":\"PropertyValueSpecification\",\"valueRequired\":true,\"valueName\":\"search_term_string\"}}],\"inLanguage\":\"en-US\"}]}<\/script>\n<!-- \/ Yoast SEO plugin. -->","yoast_head_json":{"title":"Henna Pitk\u00e4nen - Sleep Technology &amp; Analytics Research group","robots":{"index":"index","follow":"follow","max-snippet":"max-snippet:-1","max-image-preview":"max-image-preview:large","max-video-preview":"max-video-preview:-1"},"canonical":"https:\/\/sites.uef.fi\/star\/staff\/henna-pitkanen\/","og_locale":"en_US","og_type":"article","og_title":"Henna Pitk\u00e4nen - Sleep Technology &amp; Analytics Research group","og_description":"Doctoral Researcher, M.Sc. Personal Information","og_url":"https:\/\/sites.uef.fi\/star\/staff\/henna-pitkanen\/","og_site_name":"Sleep Technology &amp; Analytics Research group","article_modified_time":"2023-09-06T12:34:54+00:00","og_image":[{"url":"https:\/\/sites.uef.fi\/star\/wp-content\/uploads\/sites\/37\/2021\/11\/Pitkanen-Henna-0017-10x15cm-200x300.jpg","type":"","width":"","height":""}],"twitter_card":"summary_large_image","twitter_misc":{"Est. reading time":"1 minute"},"schema":{"@context":"https:\/\/schema.org","@graph":[{"@type":"WebPage","@id":"https:\/\/sites.uef.fi\/star\/staff\/henna-pitkanen\/","url":"https:\/\/sites.uef.fi\/star\/staff\/henna-pitkanen\/","name":"Henna Pitk\u00e4nen - Sleep Technology &amp; Analytics Research group","isPartOf":{"@id":"https:\/\/sites.uef.fi\/star\/#website"},"primaryImageOfPage":{"@id":"https:\/\/sites.uef.fi\/star\/staff\/henna-pitkanen\/#primaryimage"},"image":{"@id":"https:\/\/sites.uef.fi\/star\/staff\/henna-pitkanen\/#primaryimage"},"thumbnailUrl":"https:\/\/sites.uef.fi\/star\/wp-content\/uploads\/sites\/37\/2021\/11\/Pitkanen-Henna-0017-10x15cm-200x300.jpg","datePublished":"2020-12-03T14:00:19+00:00","dateModified":"2023-09-06T12:34:54+00:00","breadcrumb":{"@id":"https:\/\/sites.uef.fi\/star\/staff\/henna-pitkanen\/#breadcrumb"},"inLanguage":"en-US","potentialAction":[{"@type":"ReadAction","target":["https:\/\/sites.uef.fi\/star\/staff\/henna-pitkanen\/"]}]},{"@type":"ImageObject","inLanguage":"en-US","@id":"https:\/\/sites.uef.fi\/star\/staff\/henna-pitkanen\/#primaryimage","url":"https:\/\/sites.uef.fi\/star\/wp-content\/uploads\/sites\/37\/2021\/11\/Pitkanen-Henna-0017-10x15cm.jpg","contentUrl":"https:\/\/sites.uef.fi\/star\/wp-content\/uploads\/sites\/37\/2021\/11\/Pitkanen-Henna-0017-10x15cm.jpg","width":1181,"height":1772},{"@type":"BreadcrumbList","@id":"https:\/\/sites.uef.fi\/star\/staff\/henna-pitkanen\/#breadcrumb","itemListElement":[{"@type":"ListItem","position":1,"name":"Home","item":"https:\/\/sites.uef.fi\/star\/"},{"@type":"ListItem","position":2,"name":"Staff","item":"https:\/\/sites.uef.fi\/star\/staff\/"},{"@type":"ListItem","position":3,"name":"Henna Pitk\u00e4nen"}]},{"@type":"WebSite","@id":"https:\/\/sites.uef.fi\/star\/#website","url":"https:\/\/sites.uef.fi\/star\/","name":"Sleep Technology &amp; Analytics Research group","description":"Sleep Technology and Analytics Group","potentialAction":[{"@type":"SearchAction","target":{"@type":"EntryPoint","urlTemplate":"https:\/\/sites.uef.fi\/star\/?s={search_term_string}"},"query-input":{"@type":"PropertyValueSpecification","valueRequired":true,"valueName":"search_term_string"}}],"inLanguage":"en-US"}]}},"_links":{"self":[{"href":"https:\/\/sites.uef.fi\/star\/wp-json\/wp\/v2\/pages\/434","targetHints":{"allow":["GET"]}}],"collection":[{"href":"https:\/\/sites.uef.fi\/star\/wp-json\/wp\/v2\/pages"}],"about":[{"href":"https:\/\/sites.uef.fi\/star\/wp-json\/wp\/v2\/types\/page"}],"author":[{"embeddable":true,"href":"https:\/\/sites.uef.fi\/star\/wp-json\/wp\/v2\/users\/60"}],"replies":[{"embeddable":true,"href":"https:\/\/sites.uef.fi\/star\/wp-json\/wp\/v2\/comments?post=434"}],"version-history":[{"count":2,"href":"https:\/\/sites.uef.fi\/star\/wp-json\/wp\/v2\/pages\/434\/revisions"}],"predecessor-version":[{"id":4886,"href":"https:\/\/sites.uef.fi\/star\/wp-json\/wp\/v2\/pages\/434\/revisions\/4886"}],"up":[{"embeddable":true,"href":"https:\/\/sites.uef.fi\/star\/wp-json\/wp\/v2\/pages\/82"}],"wp:attachment":[{"href":"https:\/\/sites.uef.fi\/star\/wp-json\/wp\/v2\/media?parent=434"}],"curies":[{"name":"wp","href":"https:\/\/api.w.org\/{rel}","templated":true}]}}