{"id":37,"date":"2020-10-23T05:39:25","date_gmt":"2020-10-23T05:39:25","guid":{"rendered":"https:\/\/sites.uef.fi\/stemcellcenter\/?page_id=37"},"modified":"2020-10-23T09:45:04","modified_gmt":"2020-10-23T06:45:04","slug":"etusivu","status":"publish","type":"page","link":"https:\/\/sites.uef.fi\/stemcellcenter\/etusivu\/?lang=fi","title":{"rendered":"Etusivu"},"content":{"rendered":"<p>Kantasolukeskus on A.I.Virtanen Insituutissa It\u00e4-Suomen Yliopiston Kuopion kampuksella sijaitseva tutkimusryhm\u00e4 sek\u00e4 Biokeskus Kuopion palveluyksikk\u00f6.<\/p>\n<p>Potilasper\u00e4iset indusoidut pluripotentit kantasolut eli ns. iPS-solut avaavat lukuisia mahdollisuuksia potilassolujen k\u00e4ytt\u00f6\u00f6n tautimekanismien tutkimuksessa ja l\u00e4\u00e4keaineiden testauksessa.<\/p>\n<p>Kantasolukeskus tarjoaa maksupalveluna iPS-solujen tuottoa asiakkaan toimittamasta materiaalista (yleens\u00e4 tuore iho biopsia tai fibroblastiviljelm\u00e4).<\/p>\n<p>Solujen ohjelmointiin k\u00e4yt\u00e4mme Sendai-virus pohjaista menetelm\u00e4\u00e4 ja ns. Yamanaka faktoreita (OCT4, SOX2, KLF4 ja C-MYC). Takaamme usean iPS-linjan tuoton l\u00e4ht\u00f6solulinjaa kohden ja maksu perit\u00e4\u00e4n ainoastaan onnistuneista ohjelmoinneista.<\/p>\n<p>Solulinjojen tuoton lis\u00e4ksi voimme auttaa solujen kasvatuksessa ja erilaistuksessa hermosoluiksi, astrosyyteiksi, endoteelisoluiksi sek\u00e4 syd\u00e4nlihas soluiksi.<\/p>\n","protected":false},"excerpt":{"rendered":"<p>Kantasolukeskus on A.I.Virtanen Insituutissa It\u00e4-Suomen Yliopiston Kuopion kampuksella sijaitseva tutkimusryhm\u00e4 sek\u00e4 Biokeskus Kuopion palveluyksikk\u00f6. Potilasper\u00e4iset indusoidut pluripotentit kantasolut eli ns. iPS-solut avaavat lukuisia mahdollisuuksia potilassolujen k\u00e4ytt\u00f6\u00f6n tautimekanismien tutkimuksessa ja l\u00e4\u00e4keaineiden testauksessa. Kantasolukeskus tarjoaa maksupalveluna iPS-solujen tuottoa asiakkaan toimittamasta materiaalista (yleens\u00e4 tuore iho biopsia tai fibroblastiviljelm\u00e4). Solujen ohjelmointiin k\u00e4yt\u00e4mme Sendai-virus pohjaista menetelm\u00e4\u00e4 ja ns. Yamanaka faktoreita [&hellip;]<\/p>\n","protected":false},"author":2,"featured_media":0,"parent":0,"menu_order":0,"comment_status":"closed","ping_status":"closed","template":"","meta":{"_acf_changed":false,"footnotes":""},"class_list":["post-37","page","type-page","status-publish","hentry"],"acf":[],"yoast_head":"<!-- This site is optimized with the Yoast SEO plugin v27.1.1 - https:\/\/yoast.com\/product\/yoast-seo-wordpress\/ -->\n<title>Etusivu - AIVI Stem Cell Center<\/title>\n<meta name=\"robots\" content=\"index, follow, max-snippet:-1, max-image-preview:large, max-video-preview:-1\" \/>\n<link rel=\"canonical\" href=\"https:\/\/sites.uef.fi\/stemcellcenter\/?lang=fi\" \/>\n<meta property=\"og:locale\" content=\"en_US\" \/>\n<meta property=\"og:type\" content=\"article\" \/>\n<meta property=\"og:title\" content=\"Etusivu - AIVI Stem Cell Center\" \/>\n<meta property=\"og:description\" content=\"Kantasolukeskus on A.I.Virtanen Insituutissa It\u00e4-Suomen Yliopiston Kuopion kampuksella sijaitseva tutkimusryhm\u00e4 sek\u00e4 Biokeskus Kuopion palveluyksikk\u00f6. Potilasper\u00e4iset indusoidut pluripotentit kantasolut eli ns. iPS-solut avaavat lukuisia mahdollisuuksia potilassolujen k\u00e4ytt\u00f6\u00f6n tautimekanismien tutkimuksessa ja l\u00e4\u00e4keaineiden testauksessa. Kantasolukeskus tarjoaa maksupalveluna iPS-solujen tuottoa asiakkaan toimittamasta materiaalista (yleens\u00e4 tuore iho biopsia tai fibroblastiviljelm\u00e4). Solujen ohjelmointiin k\u00e4yt\u00e4mme Sendai-virus pohjaista menetelm\u00e4\u00e4 ja ns. Yamanaka faktoreita [&hellip;]\" \/>\n<meta property=\"og:url\" content=\"https:\/\/sites.uef.fi\/stemcellcenter\/?lang=fi\" \/>\n<meta property=\"og:site_name\" content=\"AIVI Stem Cell Center\" \/>\n<meta property=\"article:modified_time\" content=\"2020-10-23T06:45:04+00:00\" \/>\n<meta name=\"twitter:card\" content=\"summary_large_image\" \/>\n<meta name=\"twitter:label1\" content=\"Est. reading time\" \/>\n\t<meta name=\"twitter:data1\" content=\"1 minute\" \/>\n<script type=\"application\/ld+json\" class=\"yoast-schema-graph\">{\"@context\":\"https:\/\/schema.org\",\"@graph\":[{\"@type\":\"WebPage\",\"@id\":\"https:\/\/sites.uef.fi\/stemcellcenter\/?lang=fi\",\"url\":\"https:\/\/sites.uef.fi\/stemcellcenter\/?lang=fi\",\"name\":\"Etusivu - AIVI Stem Cell Center\",\"isPartOf\":{\"@id\":\"https:\/\/sites.uef.fi\/stemcellcenter\/#website\"},\"datePublished\":\"2020-10-23T05:39:25+00:00\",\"dateModified\":\"2020-10-23T06:45:04+00:00\",\"breadcrumb\":{\"@id\":\"https:\/\/sites.uef.fi\/stemcellcenter\/?lang=fi#breadcrumb\"},\"inLanguage\":\"en-US\",\"potentialAction\":[{\"@type\":\"ReadAction\",\"target\":[\"https:\/\/sites.uef.fi\/stemcellcenter\/?lang=fi\"]}]},{\"@type\":\"BreadcrumbList\",\"@id\":\"https:\/\/sites.uef.fi\/stemcellcenter\/?lang=fi#breadcrumb\",\"itemListElement\":[{\"@type\":\"ListItem\",\"position\":1,\"name\":\"Home\",\"item\":\"https:\/\/sites.uef.fi\/stemcellcenter\/\"},{\"@type\":\"ListItem\",\"position\":2,\"name\":\"Etusivu\"}]},{\"@type\":\"WebSite\",\"@id\":\"https:\/\/sites.uef.fi\/stemcellcenter\/#website\",\"url\":\"https:\/\/sites.uef.fi\/stemcellcenter\/\",\"name\":\"AIVI Stem Cell Center\",\"description\":\"Pluripotent stem cell service provider\",\"potentialAction\":[{\"@type\":\"SearchAction\",\"target\":{\"@type\":\"EntryPoint\",\"urlTemplate\":\"https:\/\/sites.uef.fi\/stemcellcenter\/?s={search_term_string}\"},\"query-input\":{\"@type\":\"PropertyValueSpecification\",\"valueRequired\":true,\"valueName\":\"search_term_string\"}}],\"inLanguage\":\"en-US\"}]}<\/script>\n<!-- \/ Yoast SEO plugin. -->","yoast_head_json":{"title":"Etusivu - AIVI Stem Cell Center","robots":{"index":"index","follow":"follow","max-snippet":"max-snippet:-1","max-image-preview":"max-image-preview:large","max-video-preview":"max-video-preview:-1"},"canonical":"https:\/\/sites.uef.fi\/stemcellcenter\/?lang=fi","og_locale":"en_US","og_type":"article","og_title":"Etusivu - AIVI Stem Cell Center","og_description":"Kantasolukeskus on A.I.Virtanen Insituutissa It\u00e4-Suomen Yliopiston Kuopion kampuksella sijaitseva tutkimusryhm\u00e4 sek\u00e4 Biokeskus Kuopion palveluyksikk\u00f6. Potilasper\u00e4iset indusoidut pluripotentit kantasolut eli ns. iPS-solut avaavat lukuisia mahdollisuuksia potilassolujen k\u00e4ytt\u00f6\u00f6n tautimekanismien tutkimuksessa ja l\u00e4\u00e4keaineiden testauksessa. Kantasolukeskus tarjoaa maksupalveluna iPS-solujen tuottoa asiakkaan toimittamasta materiaalista (yleens\u00e4 tuore iho biopsia tai fibroblastiviljelm\u00e4). Solujen ohjelmointiin k\u00e4yt\u00e4mme Sendai-virus pohjaista menetelm\u00e4\u00e4 ja ns. Yamanaka faktoreita [&hellip;]","og_url":"https:\/\/sites.uef.fi\/stemcellcenter\/?lang=fi","og_site_name":"AIVI Stem Cell Center","article_modified_time":"2020-10-23T06:45:04+00:00","twitter_card":"summary_large_image","twitter_misc":{"Est. reading time":"1 minute"},"schema":{"@context":"https:\/\/schema.org","@graph":[{"@type":"WebPage","@id":"https:\/\/sites.uef.fi\/stemcellcenter\/?lang=fi","url":"https:\/\/sites.uef.fi\/stemcellcenter\/?lang=fi","name":"Etusivu - AIVI Stem Cell Center","isPartOf":{"@id":"https:\/\/sites.uef.fi\/stemcellcenter\/#website"},"datePublished":"2020-10-23T05:39:25+00:00","dateModified":"2020-10-23T06:45:04+00:00","breadcrumb":{"@id":"https:\/\/sites.uef.fi\/stemcellcenter\/?lang=fi#breadcrumb"},"inLanguage":"en-US","potentialAction":[{"@type":"ReadAction","target":["https:\/\/sites.uef.fi\/stemcellcenter\/?lang=fi"]}]},{"@type":"BreadcrumbList","@id":"https:\/\/sites.uef.fi\/stemcellcenter\/?lang=fi#breadcrumb","itemListElement":[{"@type":"ListItem","position":1,"name":"Home","item":"https:\/\/sites.uef.fi\/stemcellcenter\/"},{"@type":"ListItem","position":2,"name":"Etusivu"}]},{"@type":"WebSite","@id":"https:\/\/sites.uef.fi\/stemcellcenter\/#website","url":"https:\/\/sites.uef.fi\/stemcellcenter\/","name":"AIVI Stem Cell Center","description":"Pluripotent stem cell service provider","potentialAction":[{"@type":"SearchAction","target":{"@type":"EntryPoint","urlTemplate":"https:\/\/sites.uef.fi\/stemcellcenter\/?s={search_term_string}"},"query-input":{"@type":"PropertyValueSpecification","valueRequired":true,"valueName":"search_term_string"}}],"inLanguage":"en-US"}]}},"_links":{"self":[{"href":"https:\/\/sites.uef.fi\/stemcellcenter\/wp-json\/wp\/v2\/pages\/37","targetHints":{"allow":["GET"]}}],"collection":[{"href":"https:\/\/sites.uef.fi\/stemcellcenter\/wp-json\/wp\/v2\/pages"}],"about":[{"href":"https:\/\/sites.uef.fi\/stemcellcenter\/wp-json\/wp\/v2\/types\/page"}],"author":[{"embeddable":true,"href":"https:\/\/sites.uef.fi\/stemcellcenter\/wp-json\/wp\/v2\/users\/2"}],"replies":[{"embeddable":true,"href":"https:\/\/sites.uef.fi\/stemcellcenter\/wp-json\/wp\/v2\/comments?post=37"}],"version-history":[{"count":2,"href":"https:\/\/sites.uef.fi\/stemcellcenter\/wp-json\/wp\/v2\/pages\/37\/revisions"}],"predecessor-version":[{"id":62,"href":"https:\/\/sites.uef.fi\/stemcellcenter\/wp-json\/wp\/v2\/pages\/37\/revisions\/62"}],"wp:attachment":[{"href":"https:\/\/sites.uef.fi\/stemcellcenter\/wp-json\/wp\/v2\/media?parent=37"}],"curies":[{"name":"wp","href":"https:\/\/api.w.org\/{rel}","templated":true}]}}