{"id":1331,"date":"2020-06-26T17:33:10","date_gmt":"2020-06-26T14:33:10","guid":{"rendered":"https:\/\/sites.uef.fi\/stopdia\/?page_id=1331"},"modified":"2023-12-21T14:24:39","modified_gmt":"2023-12-21T12:24:39","slug":"abstraktit","status":"publish","type":"page","link":"https:\/\/sites.uef.fi\/stopdia\/abstraktit\/","title":{"rendered":"Abstraktit"},"content":{"rendered":"\n<h2 class=\"wp-block-heading\">2020<\/h2>\n\n\n\n<ul class=\"wp-block-list\">\n<li>Elina J\u00e4rvel\u00e4-Reijonen, Leila Karhunen, Tomi M\u00e4ki-Opas, Kirsikka Aittola, Reija M\u00e4nnikk\u00f6, Jaana Lindstr\u00f6m, Marjukka Kolehmainen, Ursula Schwab, Pilvikki Absetz, Timo A Lakka, Jussi Pihlajam\u00e4ki, Tanja Tilles-Tirkkonen. Material deprivation associated with higher body mass index \u2013 mediation via lifestyle or psychosocial factors? 12th Nordic Nutrition Conference, virtual conference,&nbsp; 4.-6.12.2020, Helsinki, Finland.<\/li>\n\n\n\n<li>Jaana Lindstr\u00f6m, Katri Hemi\u00f6, Kirsikka Aittola, Leila Karhunen, Reija M\u00e4nnikk\u00f6, Ursula Schwab, Tanja Tilles-Tirkkonen, Eeva Virtanen, Auli P\u00f6l\u00f6nen. Formation and validation of the D2D Healthy Diet Score for simple and informative evaluation of diet qualit. 12th Nordic Nutrition Conference, virtual conference,&nbsp; 4.-6.12.2020, Helsinki, Finland.<\/li>\n\n\n\n<li>Kirsikka Aittola, Leila Karhunen, Elina J\u00e4rvel\u00e4-Reijonen, Santtu Mikkonen, Reija M\u00e4nnikk\u00f6, Pilvikki Absetz, Marjukka Kolehmainen, Ursula Schwab, Marja Harjumaa, Jaana Lindstr\u00f6m, Timo Lakka, Jussi Pihlajam\u00e4ki, Tanja Tilles-Tirkkonen. Associations of enhanced eating competence with waist circumference and quality of diet in StopDia randomised controlled tria. 12th Nordic Nutrition Conference, virtual conference,&nbsp; 4.-6.12.2020, Helsinki, Finland.<\/li>\n\n\n\n<li>Eeva Rantala, Saara Vanhatalo, Elina J\u00e4rvel\u00e4-Reijonen, Ky\u00f6sti Pennanen, Johanna N\u00e4rv\u00e4inen, Kaisa Poutanen, Marjukka Kolehmainen, Leila Karhunen. Redesigning food choice architecture to facilitate healthier choices: results of four nudge experiments in Finland. 12th Nordic Nutrition Conference, virtual conference,&nbsp; 4.-6.12.2020, Helsinki, Finland.<\/li>\n<\/ul>\n\n\n\n<h2 class=\"wp-block-heading\">2019<\/h2>\n\n\n\n<ul class=\"wp-block-list\">\n<li>E. Rantala, S. Pentik\u00e4inen, P. Absetz, T. Tilles-Tirkkonen, M. Kolehmainen, J. Pihlajam\u00e4ki, K.&nbsp; Poutanen, L. Karhunen, on behalf of the StopDia study group. Nudge interventions needed to promote healthy diet among employees with physical work and employees not eating in a staff restaurant. 13th European Nutrition Conference, Federation of European Nutrition Science (FENS), 15\u201318 October 2019, Dublin, Ireland.<\/li>\n\n\n\n<li>J. Lindstr\u00f6m, K. Hemi\u00f6, K. Aittola, L. Karhunen, R. M\u00e4nnikk\u00f6, U. Schwab, T. Tilles-Tirkkonen, E. Virtanen, A. P\u00f6l\u00f6nen, FIN-D2D StudyGroup, StopDia Study Group. Formation and validation of the D2D Healthy Diet Score for simple and informative evaluation of diet quality. European Association for the Study of Diabetes (EASD), 55th EASD Annual Meeting, 16.-20.9.2019, Barcelona.<\/li>\n\n\n\n<li>J\u00e4rvel\u00e4-Reijonen E, Tilles-Tirkkonen T, Karhunen L, Pihlajam\u00e4ki J. Material and Psychosocial Disadvantages Associated with Type 2 Diabetes Lifestyle Risk Factors. International Society of Behavioral Nutrition and Physical Activity (ISBNPA), 18th ISBNPA Annual Meeting, 4.-7.6.2019, Prague.<\/li>\n\n\n\n<li>Aittola K, Tilles-Tirkkonen T, M\u00e4nnikk\u00f6 R, Kolehmainen M, Schwab U, Absetz P, Lindstr\u00f6m J, Lakka T, Pihlajam\u00e4ki J, Karhunen L. Eating competence associates with lower prevalence of obesity and better insulin sensitivity in Finnish adults with increased risk of type 2 diabetes \u2013 The StopDia Study. eHealth 2019, The 24th Finnish National Conference on Telemedicine and eHealth, 2.-3.4.2019, Kuopio.<\/li>\n\n\n\n<li>J\u00e4rvenp\u00e4\u00e4 R, Jalkanen K, Lindstr\u00f6m J, Harald K, StopDia research group. Strategies for large-scale digital type type 2 diabetes risk screening and research participant recruitment. eHealth 2019, The 24th Finnish National Conference on Telemedicine and eHealth, 2.-3.4.2019, Kuopio, Finland.<\/li>\n<\/ul>\n\n\n\n<h2 class=\"wp-block-heading\">2018<\/h2>\n\n\n\n<ul class=\"wp-block-list\">\n<li>Tilles-Tirkkonen T, ym. Digital and face-to-face group lifestyle intervention to reduce risk of type 2 diabetes in Finnish health-care system: the StopDia study. 10th International Duodecim Symposium &#8211; Advancing Behaviour Change Intervention Research to Promote Public Health, 13.-15.6.2018, Sann\u00e4s<\/li>\n<\/ul>\n\n\n\n<h2 class=\"wp-block-heading\">2017<\/h2>\n\n\n\n<ul class=\"wp-block-list\">\n<li>Tilles-Tirkkonen T, ym. StopDia Study: Prevention of type 2 diabetes. FEND Annual Conference 2017, Lisbon.<\/li>\n<\/ul>\n\n\n    <div class=\"funders grid\">\n                        <div class=\"funders__item grid__item\">\n                            <div class=\"funders__image\">\n                    <img decoding=\"async\" src=\"https:\/\/sites.uef.fi\/stopdia\/wp-content\/uploads\/sites\/90\/2021\/01\/University_of_eastern_finland_logo.jpg\" alt=\"It\u00e4-Suomen yliopiston logo.\" \/>\n                <\/div>\n                                                <\/div>\n                        \n                        <div class=\"funders__item grid__item\">\n                            <div class=\"funders__image\">\n                    <img decoding=\"async\" src=\"https:\/\/sites.uef.fi\/stopdia\/wp-content\/uploads\/sites\/90\/2020\/07\/THL_tunnus_lyhyt_RGB_vihrea-1-1.jpg\" alt=\"Terveyden ja hyvinvoinnin laitoksen (THL) logo.\" \/>\n                <\/div>\n                                                <\/div>\n                        \n                        <div class=\"funders__item grid__item\">\n                            <div class=\"funders__image\">\n                    <img decoding=\"async\" src=\"https:\/\/sites.uef.fi\/stopdia\/wp-content\/uploads\/sites\/90\/2020\/07\/VTT_Orange_Logo-1.jpg\" alt=\"VTT:n logo.\" \/>\n                <\/div>\n                                                <\/div>\n                        \n            <\/div>\n\n\n    <div class=\"funders grid\">\n                        <div class=\"funders__item grid__item\">\n                            <div class=\"funders__image\">\n                    <img decoding=\"async\" src=\"https:\/\/sites.uef.fi\/stopdia\/wp-content\/uploads\/sites\/90\/2020\/08\/Suomen-Akatemia.jpg\" alt=\"Suomen Akatemia logo.\" \/>\n                <\/div>\n                                                <\/div>\n                        \n                        <div class=\"funders__item grid__item\">\n                            <div class=\"funders__image\">\n                    <img decoding=\"async\" src=\"https:\/\/sites.uef.fi\/stopdia\/wp-content\/uploads\/sites\/90\/2021\/01\/Suomen-akatemia_Strateginen-tutkimus_logo.jpg\" alt=\"Suomen Akatemia, strateginen tutkimus logo.\" \/>\n                <\/div>\n                                                <\/div>\n                        \n            <\/div>\n","protected":false},"excerpt":{"rendered":"<p>2020 2019 2018 2017<\/p>\n","protected":false},"author":187,"featured_media":0,"parent":0,"menu_order":0,"comment_status":"closed","ping_status":"closed","template":"","meta":{"_acf_changed":false,"_monsterinsights_skip_tracking":false,"_monsterinsights_sitenote_active":false,"_monsterinsights_sitenote_note":"","_monsterinsights_sitenote_category":0,"footnotes":""},"class_list":["post-1331","page","type-page","status-publish","hentry"],"acf":[],"yoast_head":"<!-- This site is optimized with the Yoast SEO plugin v27.1.1 - https:\/\/yoast.com\/product\/yoast-seo-wordpress\/ -->\n<title>Abstraktit - StopDia<\/title>\n<meta name=\"robots\" content=\"index, follow, max-snippet:-1, max-image-preview:large, max-video-preview:-1\" \/>\n<link rel=\"canonical\" href=\"https:\/\/sites.uef.fi\/stopdia\/abstraktit\/\" \/>\n<meta property=\"og:locale\" content=\"fi_FI\" \/>\n<meta property=\"og:type\" content=\"article\" \/>\n<meta property=\"og:title\" content=\"Abstraktit - StopDia\" \/>\n<meta property=\"og:description\" content=\"2020 2019 2018 2017\" \/>\n<meta property=\"og:url\" content=\"https:\/\/sites.uef.fi\/stopdia\/abstraktit\/\" \/>\n<meta property=\"og:site_name\" content=\"StopDia\" \/>\n<meta property=\"article:modified_time\" content=\"2023-12-21T12:24:39+00:00\" \/>\n<meta name=\"twitter:card\" content=\"summary_large_image\" \/>\n<meta name=\"twitter:label1\" content=\"Arvioitu lukuaika\" \/>\n\t<meta name=\"twitter:data1\" content=\"3 minuuttia\" \/>\n<script type=\"application\/ld+json\" class=\"yoast-schema-graph\">{\"@context\":\"https:\/\/schema.org\",\"@graph\":[{\"@type\":\"WebPage\",\"@id\":\"https:\/\/sites.uef.fi\/stopdia\/abstraktit\/\",\"url\":\"https:\/\/sites.uef.fi\/stopdia\/abstraktit\/\",\"name\":\"Abstraktit - StopDia\",\"isPartOf\":{\"@id\":\"https:\/\/sites.uef.fi\/stopdia\/?lang=en\/#website\"},\"datePublished\":\"2020-06-26T14:33:10+00:00\",\"dateModified\":\"2023-12-21T12:24:39+00:00\",\"breadcrumb\":{\"@id\":\"https:\/\/sites.uef.fi\/stopdia\/abstraktit\/#breadcrumb\"},\"inLanguage\":\"fi\",\"potentialAction\":[{\"@type\":\"ReadAction\",\"target\":[\"https:\/\/sites.uef.fi\/stopdia\/abstraktit\/\"]}]},{\"@type\":\"BreadcrumbList\",\"@id\":\"https:\/\/sites.uef.fi\/stopdia\/abstraktit\/#breadcrumb\",\"itemListElement\":[{\"@type\":\"ListItem\",\"position\":1,\"name\":\"Home\",\"item\":\"https:\/\/sites.uef.fi\/stopdia\/\"},{\"@type\":\"ListItem\",\"position\":2,\"name\":\"Abstraktit\"}]},{\"@type\":\"WebSite\",\"@id\":\"https:\/\/sites.uef.fi\/stopdia\/?lang=en\/#website\",\"url\":\"https:\/\/sites.uef.fi\/stopdia\/?lang=en\/\",\"name\":\"StopDia\",\"description\":\"\",\"potentialAction\":[{\"@type\":\"SearchAction\",\"target\":{\"@type\":\"EntryPoint\",\"urlTemplate\":\"https:\/\/sites.uef.fi\/stopdia\/?lang=en\/?s={search_term_string}\"},\"query-input\":{\"@type\":\"PropertyValueSpecification\",\"valueRequired\":true,\"valueName\":\"search_term_string\"}}],\"inLanguage\":\"fi\"}]}<\/script>\n<!-- \/ Yoast SEO plugin. -->","yoast_head_json":{"title":"Abstraktit - StopDia","robots":{"index":"index","follow":"follow","max-snippet":"max-snippet:-1","max-image-preview":"max-image-preview:large","max-video-preview":"max-video-preview:-1"},"canonical":"https:\/\/sites.uef.fi\/stopdia\/abstraktit\/","og_locale":"fi_FI","og_type":"article","og_title":"Abstraktit - StopDia","og_description":"2020 2019 2018 2017","og_url":"https:\/\/sites.uef.fi\/stopdia\/abstraktit\/","og_site_name":"StopDia","article_modified_time":"2023-12-21T12:24:39+00:00","twitter_card":"summary_large_image","twitter_misc":{"Arvioitu lukuaika":"3 minuuttia"},"schema":{"@context":"https:\/\/schema.org","@graph":[{"@type":"WebPage","@id":"https:\/\/sites.uef.fi\/stopdia\/abstraktit\/","url":"https:\/\/sites.uef.fi\/stopdia\/abstraktit\/","name":"Abstraktit - StopDia","isPartOf":{"@id":"https:\/\/sites.uef.fi\/stopdia\/?lang=en\/#website"},"datePublished":"2020-06-26T14:33:10+00:00","dateModified":"2023-12-21T12:24:39+00:00","breadcrumb":{"@id":"https:\/\/sites.uef.fi\/stopdia\/abstraktit\/#breadcrumb"},"inLanguage":"fi","potentialAction":[{"@type":"ReadAction","target":["https:\/\/sites.uef.fi\/stopdia\/abstraktit\/"]}]},{"@type":"BreadcrumbList","@id":"https:\/\/sites.uef.fi\/stopdia\/abstraktit\/#breadcrumb","itemListElement":[{"@type":"ListItem","position":1,"name":"Home","item":"https:\/\/sites.uef.fi\/stopdia\/"},{"@type":"ListItem","position":2,"name":"Abstraktit"}]},{"@type":"WebSite","@id":"https:\/\/sites.uef.fi\/stopdia\/?lang=en\/#website","url":"https:\/\/sites.uef.fi\/stopdia\/?lang=en\/","name":"StopDia","description":"","potentialAction":[{"@type":"SearchAction","target":{"@type":"EntryPoint","urlTemplate":"https:\/\/sites.uef.fi\/stopdia\/?lang=en\/?s={search_term_string}"},"query-input":{"@type":"PropertyValueSpecification","valueRequired":true,"valueName":"search_term_string"}}],"inLanguage":"fi"}]}},"_links":{"self":[{"href":"https:\/\/sites.uef.fi\/stopdia\/wp-json\/wp\/v2\/pages\/1331","targetHints":{"allow":["GET"]}}],"collection":[{"href":"https:\/\/sites.uef.fi\/stopdia\/wp-json\/wp\/v2\/pages"}],"about":[{"href":"https:\/\/sites.uef.fi\/stopdia\/wp-json\/wp\/v2\/types\/page"}],"author":[{"embeddable":true,"href":"https:\/\/sites.uef.fi\/stopdia\/wp-json\/wp\/v2\/users\/187"}],"replies":[{"embeddable":true,"href":"https:\/\/sites.uef.fi\/stopdia\/wp-json\/wp\/v2\/comments?post=1331"}],"version-history":[{"count":2,"href":"https:\/\/sites.uef.fi\/stopdia\/wp-json\/wp\/v2\/pages\/1331\/revisions"}],"predecessor-version":[{"id":5102,"href":"https:\/\/sites.uef.fi\/stopdia\/wp-json\/wp\/v2\/pages\/1331\/revisions\/5102"}],"wp:attachment":[{"href":"https:\/\/sites.uef.fi\/stopdia\/wp-json\/wp\/v2\/media?parent=1331"}],"curies":[{"name":"wp","href":"https:\/\/api.w.org\/{rel}","templated":true}]}}