{"id":1346,"date":"2020-06-26T17:33:45","date_gmt":"2020-06-26T14:33:45","guid":{"rendered":"https:\/\/sites.uef.fi\/stopdia\/?page_id=1346"},"modified":"2023-12-21T14:27:05","modified_gmt":"2023-12-21T12:27:05","slug":"opinnaytetyot","status":"publish","type":"page","link":"https:\/\/sites.uef.fi\/stopdia\/opinnaytetyot\/","title":{"rendered":"Opinn\u00e4ytety\u00f6t"},"content":{"rendered":"\n<h2 class=\"wp-block-heading\">2020<\/h2>\n\n\n\n<h2 class=\"wp-block-heading\">2019<\/h2>\n\n\n\n<ul class=\"wp-block-list\">\n<li>Aittola, Kirsikka. Kohonneessa tyypin 2 diabetesriskiss\u00e4 olevien aikuisten sy\u00f6misen taito ja sen yhteys tyypin 2 diabeteksen riskitekij\u00f6ihin. Pro gradu -tutkielma. It\u00e4-Suomen yliopisto, 2019.<\/li>\n\n\n\n<li>Hietapelto, Enni. Ket\u00e4 tavoitetaan tyypin 2 diabeteksen ehk\u00e4isytutkimukseen? Kokemuksia Stop Diabetes -tutkimushankkeesta. Pro gradu -tutkielma. It\u00e4-Suomen yliopisto, 2019.<\/li>\n\n\n\n<li>Holopainen, Anna. Taustatekij\u00f6iden yhteys Pienet Teot -sovelluksen odotuksiin, k\u00e4ytt\u00f6\u00f6nottoon ja hyv\u00e4ksytt\u00e4vyyteen. Pro gradu -tutkielma. It\u00e4-Suomen yliopisto, 2019.<\/li>\n\n\n\n<li>Karhu, Laura. Henkil\u00f6st\u00f6ravintoloissa toteutettavien tuuppaustoimien vaikutus asiakkaiden ruokavalintoihin. Pro gradu -tutkielma. It\u00e4-Suomen yliopisto, 2019.<\/li>\n\n\n\n<li>Lepp\u00e4niemi, Hanna. &#8221;Somewhere down the line we need to manage the food because it will affect our health ultimately&#8221;:<br>Aasialais- ja ven\u00e4l\u00e4istaustaisten maahanmuuttajien n\u00e4kemyksi\u00e4 ruoasta, terveydest\u00e4 ja ravitsemusohjauksesta. Pro gradu -tutkielma. It\u00e4-Suomen yliopisto, 2019.<\/li>\n\n\n\n<li>M\u00e4kitalo, Hanne. Digisovelluksen hy\u00f6dynt\u00e4minen ty\u00f6ntekij\u00f6iden terveyden ja ty\u00f6kyvyn tukemisessa: tapaustutkimus. Pro gradu -tutkielma. It\u00e4-Suomen yliopisto, 2019.<\/li>\n\n\n\n<li>Rantala, Eeva. Promoting healthy dietary choices and physical activity by altering workplace choice architecture: Development and implementation of the StopDia at Work -intervention. Pro gradu -tutkielma. It\u00e4-Suomen yliopisto, 2019.<\/li>\n\n\n\n<li>Rutanen, Taija. Hyvinvointi heikommassa asemassa olevilla: Vaikuttavat tekij\u00e4t ja edist\u00e4misen tarpeet. Pro gradu -tutkielma. It\u00e4-Suomen yliopisto, 2019.<\/li>\n\n\n\n<li>Suanto, Janika. Ruokavalion yhteys Pienet teot -digisovelluksen k\u00e4ytt\u00f6\u00f6n StopDia -tutkimushankkeen ensimm\u00e4isen interventiokuukauden aikana. Pro gradu -tutkielma. It\u00e4-Suomen yliopisto, 2019.<\/li>\n\n\n\n<li>Vihla, Venla. Elintapatekij\u00f6iden ja sosiodemografisten tekij\u00f6iden kasautuminen ja yhteydet glukoosiaineenvaihduntaan Stop Diabetes -tutkimuksen l\u00e4ht\u00f6tilanteessa. Pro gradu -tutkielma. It\u00e4-Suomen yliopisto, 2019.<\/li>\n<\/ul>\n\n\n\n<h2 class=\"wp-block-heading\">2017<\/h2>\n\n\n\n<ul class=\"wp-block-list\">\n<li>Rannikko, Henna. Tuuppaamalla terveemm\u00e4ksi: terveytt\u00e4 tukevat ty\u00f6paikat. Pro gradu -tutkielma. It\u00e4-Suomen yliopisto, 2017.<\/li>\n\n\n\n<li>Vuorinen, Linda; Ojanen, Elisa; Ylitalo, Mira. <a href=\"http:\/\/urn.fi\/URN:NBN:fi:amk-2017112418105\">Hoitoty\u00f6n opiskelijoiden kokemuksia StopDia-ryhm\u00e4nohjauksesta tyypin 2 diabeteksen ehk\u00e4isyss\u00e4.<\/a> Ammattikorkeakoulun opinn\u00e4ytety\u00f6. Lahden ammattikorkeakoulu, 2017.<\/li>\n<\/ul>\n\n\n    <div class=\"funders grid\">\n                        <div class=\"funders__item grid__item\">\n                            <div class=\"funders__image\">\n                    <img decoding=\"async\" src=\"https:\/\/sites.uef.fi\/stopdia\/wp-content\/uploads\/sites\/90\/2021\/01\/University_of_eastern_finland_logo.jpg\" alt=\"It\u00e4-Suomen yliopiston logo.\" \/>\n                <\/div>\n                                                <\/div>\n                        \n                        <div class=\"funders__item grid__item\">\n                            <div class=\"funders__image\">\n                    <img decoding=\"async\" src=\"https:\/\/sites.uef.fi\/stopdia\/wp-content\/uploads\/sites\/90\/2020\/07\/THL_tunnus_lyhyt_RGB_vihrea-1-1.jpg\" alt=\"Terveyden ja hyvinvoinnin laitoksen (THL) logo.\" \/>\n                <\/div>\n                                                <\/div>\n                        \n                        <div class=\"funders__item grid__item\">\n                            <div class=\"funders__image\">\n                    <img decoding=\"async\" src=\"https:\/\/sites.uef.fi\/stopdia\/wp-content\/uploads\/sites\/90\/2020\/07\/VTT_Orange_Logo-1.jpg\" alt=\"VTT:n logo.\" \/>\n                <\/div>\n                                                <\/div>\n                        \n            <\/div>\n\n\n    <div class=\"funders grid\">\n                        <div class=\"funders__item grid__item\">\n                            <div class=\"funders__image\">\n                    <img decoding=\"async\" src=\"https:\/\/sites.uef.fi\/stopdia\/wp-content\/uploads\/sites\/90\/2020\/08\/Suomen-Akatemia.jpg\" alt=\"Suomen Akatemia logo.\" \/>\n                <\/div>\n                                                <\/div>\n                        \n                        <div class=\"funders__item grid__item\">\n                            <div class=\"funders__image\">\n                    <img decoding=\"async\" src=\"https:\/\/sites.uef.fi\/stopdia\/wp-content\/uploads\/sites\/90\/2021\/01\/Suomen-akatemia_Strateginen-tutkimus_logo.jpg\" alt=\"Suomen Akatemia, strateginen tutkimus logo.\" \/>\n                <\/div>\n                                                <\/div>\n                        \n            <\/div>\n","protected":false},"excerpt":{"rendered":"<p>2020 2019 2017<\/p>\n","protected":false},"author":187,"featured_media":0,"parent":0,"menu_order":0,"comment_status":"closed","ping_status":"closed","template":"","meta":{"_acf_changed":false,"_monsterinsights_skip_tracking":false,"_monsterinsights_sitenote_active":false,"_monsterinsights_sitenote_note":"","_monsterinsights_sitenote_category":0,"footnotes":""},"class_list":["post-1346","page","type-page","status-publish","hentry"],"acf":[],"yoast_head":"<!-- This site is optimized with the Yoast SEO plugin v27.1.1 - https:\/\/yoast.com\/product\/yoast-seo-wordpress\/ -->\n<title>Opinn\u00e4ytety\u00f6t - StopDia<\/title>\n<meta name=\"robots\" content=\"index, follow, max-snippet:-1, max-image-preview:large, max-video-preview:-1\" \/>\n<link rel=\"canonical\" href=\"https:\/\/sites.uef.fi\/stopdia\/opinnaytetyot\/\" \/>\n<meta property=\"og:locale\" content=\"fi_FI\" \/>\n<meta property=\"og:type\" content=\"article\" \/>\n<meta property=\"og:title\" content=\"Opinn\u00e4ytety\u00f6t - StopDia\" \/>\n<meta property=\"og:description\" content=\"2020 2019 2017\" \/>\n<meta property=\"og:url\" content=\"https:\/\/sites.uef.fi\/stopdia\/opinnaytetyot\/\" \/>\n<meta property=\"og:site_name\" content=\"StopDia\" \/>\n<meta property=\"article:modified_time\" content=\"2023-12-21T12:27:05+00:00\" \/>\n<meta name=\"twitter:card\" content=\"summary_large_image\" \/>\n<meta name=\"twitter:label1\" content=\"Arvioitu lukuaika\" \/>\n\t<meta name=\"twitter:data1\" content=\"2 minuuttia\" \/>\n<script type=\"application\/ld+json\" class=\"yoast-schema-graph\">{\"@context\":\"https:\/\/schema.org\",\"@graph\":[{\"@type\":\"WebPage\",\"@id\":\"https:\/\/sites.uef.fi\/stopdia\/opinnaytetyot\/\",\"url\":\"https:\/\/sites.uef.fi\/stopdia\/opinnaytetyot\/\",\"name\":\"Opinn\u00e4ytety\u00f6t - StopDia\",\"isPartOf\":{\"@id\":\"https:\/\/sites.uef.fi\/stopdia\/?lang=en\/#website\"},\"datePublished\":\"2020-06-26T14:33:45+00:00\",\"dateModified\":\"2023-12-21T12:27:05+00:00\",\"breadcrumb\":{\"@id\":\"https:\/\/sites.uef.fi\/stopdia\/opinnaytetyot\/#breadcrumb\"},\"inLanguage\":\"fi\",\"potentialAction\":[{\"@type\":\"ReadAction\",\"target\":[\"https:\/\/sites.uef.fi\/stopdia\/opinnaytetyot\/\"]}]},{\"@type\":\"BreadcrumbList\",\"@id\":\"https:\/\/sites.uef.fi\/stopdia\/opinnaytetyot\/#breadcrumb\",\"itemListElement\":[{\"@type\":\"ListItem\",\"position\":1,\"name\":\"Home\",\"item\":\"https:\/\/sites.uef.fi\/stopdia\/\"},{\"@type\":\"ListItem\",\"position\":2,\"name\":\"Opinn\u00e4ytety\u00f6t\"}]},{\"@type\":\"WebSite\",\"@id\":\"https:\/\/sites.uef.fi\/stopdia\/?lang=en\/#website\",\"url\":\"https:\/\/sites.uef.fi\/stopdia\/?lang=en\/\",\"name\":\"StopDia\",\"description\":\"\",\"potentialAction\":[{\"@type\":\"SearchAction\",\"target\":{\"@type\":\"EntryPoint\",\"urlTemplate\":\"https:\/\/sites.uef.fi\/stopdia\/?lang=en\/?s={search_term_string}\"},\"query-input\":{\"@type\":\"PropertyValueSpecification\",\"valueRequired\":true,\"valueName\":\"search_term_string\"}}],\"inLanguage\":\"fi\"}]}<\/script>\n<!-- \/ Yoast SEO plugin. -->","yoast_head_json":{"title":"Opinn\u00e4ytety\u00f6t - StopDia","robots":{"index":"index","follow":"follow","max-snippet":"max-snippet:-1","max-image-preview":"max-image-preview:large","max-video-preview":"max-video-preview:-1"},"canonical":"https:\/\/sites.uef.fi\/stopdia\/opinnaytetyot\/","og_locale":"fi_FI","og_type":"article","og_title":"Opinn\u00e4ytety\u00f6t - StopDia","og_description":"2020 2019 2017","og_url":"https:\/\/sites.uef.fi\/stopdia\/opinnaytetyot\/","og_site_name":"StopDia","article_modified_time":"2023-12-21T12:27:05+00:00","twitter_card":"summary_large_image","twitter_misc":{"Arvioitu lukuaika":"2 minuuttia"},"schema":{"@context":"https:\/\/schema.org","@graph":[{"@type":"WebPage","@id":"https:\/\/sites.uef.fi\/stopdia\/opinnaytetyot\/","url":"https:\/\/sites.uef.fi\/stopdia\/opinnaytetyot\/","name":"Opinn\u00e4ytety\u00f6t - StopDia","isPartOf":{"@id":"https:\/\/sites.uef.fi\/stopdia\/?lang=en\/#website"},"datePublished":"2020-06-26T14:33:45+00:00","dateModified":"2023-12-21T12:27:05+00:00","breadcrumb":{"@id":"https:\/\/sites.uef.fi\/stopdia\/opinnaytetyot\/#breadcrumb"},"inLanguage":"fi","potentialAction":[{"@type":"ReadAction","target":["https:\/\/sites.uef.fi\/stopdia\/opinnaytetyot\/"]}]},{"@type":"BreadcrumbList","@id":"https:\/\/sites.uef.fi\/stopdia\/opinnaytetyot\/#breadcrumb","itemListElement":[{"@type":"ListItem","position":1,"name":"Home","item":"https:\/\/sites.uef.fi\/stopdia\/"},{"@type":"ListItem","position":2,"name":"Opinn\u00e4ytety\u00f6t"}]},{"@type":"WebSite","@id":"https:\/\/sites.uef.fi\/stopdia\/?lang=en\/#website","url":"https:\/\/sites.uef.fi\/stopdia\/?lang=en\/","name":"StopDia","description":"","potentialAction":[{"@type":"SearchAction","target":{"@type":"EntryPoint","urlTemplate":"https:\/\/sites.uef.fi\/stopdia\/?lang=en\/?s={search_term_string}"},"query-input":{"@type":"PropertyValueSpecification","valueRequired":true,"valueName":"search_term_string"}}],"inLanguage":"fi"}]}},"_links":{"self":[{"href":"https:\/\/sites.uef.fi\/stopdia\/wp-json\/wp\/v2\/pages\/1346","targetHints":{"allow":["GET"]}}],"collection":[{"href":"https:\/\/sites.uef.fi\/stopdia\/wp-json\/wp\/v2\/pages"}],"about":[{"href":"https:\/\/sites.uef.fi\/stopdia\/wp-json\/wp\/v2\/types\/page"}],"author":[{"embeddable":true,"href":"https:\/\/sites.uef.fi\/stopdia\/wp-json\/wp\/v2\/users\/187"}],"replies":[{"embeddable":true,"href":"https:\/\/sites.uef.fi\/stopdia\/wp-json\/wp\/v2\/comments?post=1346"}],"version-history":[{"count":2,"href":"https:\/\/sites.uef.fi\/stopdia\/wp-json\/wp\/v2\/pages\/1346\/revisions"}],"predecessor-version":[{"id":5108,"href":"https:\/\/sites.uef.fi\/stopdia\/wp-json\/wp\/v2\/pages\/1346\/revisions\/5108"}],"wp:attachment":[{"href":"https:\/\/sites.uef.fi\/stopdia\/wp-json\/wp\/v2\/media?parent=1346"}],"curies":[{"name":"wp","href":"https:\/\/api.w.org\/{rel}","templated":true}]}}