{"id":1696,"date":"2020-07-07T18:25:59","date_gmt":"2020-07-07T15:25:59","guid":{"rendered":"https:\/\/sites.uef.fi\/stopdia\/?page_id=1696"},"modified":"2023-12-22T08:40:56","modified_gmt":"2023-12-22T06:40:56","slug":"stopdia-model-individual-intervention","status":"publish","type":"page","link":"https:\/\/sites.uef.fi\/stopdia\/stopdia-model-individual-intervention\/?lang=en","title":{"rendered":"StopDia Model"},"content":{"rendered":"\n<h2 class=\"wp-block-heading\">Individual Intervention<\/h2>\n\n\n\n<p>Stop Diabetes individual level intervention is to create and implement strategies to improve identification and prevention of type 2 diabetes risk and create a prevention model that can have impact on type 2 diabetes incidence on population level.<\/p>\n\n\n\n<p>To achieve this, we set up an online type 2 diabetes risk screening tool and applied marketing strategies in order to encourage citizens to complete the test&nbsp; and participate in the study.<\/p>\n\n\n\n<p>Further, we&nbsp; developed a digital application and a face\u2013to\u2013face group counselling model, and we investigate the effectiveness of these interventions compared to routine care in preventing type 2 diabetes in a randomised controlled trial embedded into the public health care system. Our objective is dissemination and implementation of the best strategies into the Finnish health care and society at large.<\/p>\n\n\n\n<figure class=\"wp-block-image\"><img decoding=\"async\" src=\"https:\/\/www3.uef.fi\/documents\/1022624\/0\/stopdia+handout+english_900.png\/51a91667-f989-4ef5-8153-609939ba9858?t=1553380623677\" alt=\"StopDia individual intervention for reducing the risk of the type 2 diabetes.\" \/><\/figure>\n\n\n\n<h2 class=\"wp-block-heading\">Specific aims of the StopDia Individual Level study<\/h2>\n\n\n\n<p>The specific aims of the StopDia study (individual level) following the Reach, Effectiveness, Adoption, Implementation, and Maintenance (RE-AIM) framework are to<\/p>\n\n\n\n<ol class=\"wp-block-list\">\n<li>improve the Reach of individuals at increased risk,<\/li>\n\n\n\n<li>evaluate the Effectiveness and cost-effectiveness of the digital lifestyle intervention and the digital and face-to-face group lifestyle intervention in comparison to routine care in a randomized controlled trial (RCT), and<\/li>\n\n\n\n<li>evaluate the Adoption and Implementation of the StopDia model by the participants and the health care organizations at society level. Finally, we will address the Maintenance of the lifestyle changes at participant level and that of the program at organisatory level after the RCT.<\/li>\n<\/ol>\n\n\n\n<p>The StopDia study is carried out in the primary health care system as part of the routine actions of three provinces in Finland, including Northern Savo, Southern Carelia, and P\u00e4ij\u00e4t-H\u00e4me.<\/p>\n\n\n\n<p>We estimate that one fifth of adults aged 18-70 years living in these areas are at increased risk of T2D. We recruit the participants using the StopDia Digital Screening Tool, including questions from the Finnish Diabetes Risk Score (FINDRISC).<\/p>\n\n\n\n<p>About 3 000 individuals at increased risk of T2D (FINDRISC \u226512 or a history of gestational diabetes, impaired fasting glucose, or impaired glucose tolerance) have participated in the one-year randomized controlled trial. We monitor lifestyle factors using the StopDia Digital Questionnaire and metabolism using laboratory tests performed as part of routine actions in the health care system.<\/p>\n\n\n    <div class=\"funders grid\">\n                        <div class=\"funders__item grid__item\">\n                            <div class=\"funders__image\">\n                    <img decoding=\"async\" src=\"https:\/\/sites.uef.fi\/stopdia\/wp-content\/uploads\/sites\/90\/2021\/01\/University_of_eastern_finland_logo.jpg\" alt=\"It\u00e4-Suomen yliopiston logo.\" \/>\n                <\/div>\n                                                <\/div>\n                        \n                        <div class=\"funders__item grid__item\">\n                            <div class=\"funders__image\">\n                    <img decoding=\"async\" src=\"https:\/\/sites.uef.fi\/stopdia\/wp-content\/uploads\/sites\/90\/2020\/07\/THL_tunnus_lyhyt_RGB_vihrea-1-1.jpg\" alt=\"Terveyden ja hyvinvoinnin laitoksen (THL) logo.\" \/>\n                <\/div>\n                                                <\/div>\n                        \n                        <div class=\"funders__item grid__item\">\n                            <div class=\"funders__image\">\n                    <img decoding=\"async\" src=\"https:\/\/sites.uef.fi\/stopdia\/wp-content\/uploads\/sites\/90\/2020\/07\/VTT_Orange_Logo-1.jpg\" alt=\"VTT:n logo.\" \/>\n                <\/div>\n                                                <\/div>\n                        \n            <\/div>\n\n\n    <div class=\"funders grid\">\n                        <div class=\"funders__item grid__item\">\n                            <div class=\"funders__image\">\n                    <img decoding=\"async\" src=\"https:\/\/sites.uef.fi\/stopdia\/wp-content\/uploads\/sites\/90\/2020\/08\/Suomen-Akatemia.jpg\" alt=\"Suomen Akatemia logo.\" \/>\n                <\/div>\n                                                <\/div>\n                        \n                        <div class=\"funders__item grid__item\">\n                            <div class=\"funders__image\">\n                    <img decoding=\"async\" src=\"https:\/\/sites.uef.fi\/stopdia\/wp-content\/uploads\/sites\/90\/2021\/01\/Suomen-akatemia_Strateginen-tutkimus_logo.jpg\" alt=\"Suomen Akatemia, strateginen tutkimus logo.\" \/>\n                <\/div>\n                                                <\/div>\n                        \n            <\/div>\n","protected":false},"excerpt":{"rendered":"<p>Individual Intervention Stop Diabetes individual level intervention is to create and implement strategies to improve identification and prevention of type 2 diabetes risk and create a prevention model that can have impact on type 2 diabetes incidence on population level. To achieve this, we set up an online type 2 diabetes risk screening tool and [&hellip;]<\/p>\n","protected":false},"author":187,"featured_media":0,"parent":0,"menu_order":0,"comment_status":"closed","ping_status":"closed","template":"","meta":{"_acf_changed":false,"_monsterinsights_skip_tracking":false,"_monsterinsights_sitenote_active":false,"_monsterinsights_sitenote_note":"","_monsterinsights_sitenote_category":0,"footnotes":""},"class_list":["post-1696","page","type-page","status-publish","hentry"],"acf":[],"yoast_head":"<!-- This site is optimized with the Yoast SEO plugin v27.3 - https:\/\/yoast.com\/product\/yoast-seo-wordpress\/ -->\n<title>StopDia Model - StopDia<\/title>\n<meta name=\"robots\" content=\"index, follow, max-snippet:-1, max-image-preview:large, max-video-preview:-1\" \/>\n<link rel=\"canonical\" href=\"https:\/\/sites.uef.fi\/stopdia\/stopdia-model-individual-intervention\/?lang=en\" \/>\n<meta property=\"og:locale\" content=\"fi_FI\" \/>\n<meta property=\"og:type\" content=\"article\" \/>\n<meta property=\"og:title\" content=\"StopDia Model - StopDia\" \/>\n<meta property=\"og:description\" content=\"Individual Intervention Stop Diabetes individual level intervention is to create and implement strategies to improve identification and prevention of type 2 diabetes risk and create a prevention model that can have impact on type 2 diabetes incidence on population level. To achieve this, we set up an online type 2 diabetes risk screening tool and [&hellip;]\" \/>\n<meta property=\"og:url\" content=\"https:\/\/sites.uef.fi\/stopdia\/stopdia-model-individual-intervention\/?lang=en\" \/>\n<meta property=\"og:site_name\" content=\"StopDia\" \/>\n<meta property=\"article:modified_time\" content=\"2023-12-22T06:40:56+00:00\" \/>\n<meta property=\"og:image\" content=\"https:\/\/www3.uef.fi\/documents\/1022624\/0\/stopdia+handout+english_900.png\/51a91667-f989-4ef5-8153-609939ba9858?t=1553380623677\" \/>\n<meta name=\"twitter:card\" content=\"summary_large_image\" \/>\n<meta name=\"twitter:label1\" content=\"Arvioitu lukuaika\" \/>\n\t<meta name=\"twitter:data1\" content=\"2 minuuttia\" \/>\n<script type=\"application\/ld+json\" class=\"yoast-schema-graph\">{\"@context\":\"https:\\\/\\\/schema.org\",\"@graph\":[{\"@type\":\"WebPage\",\"@id\":\"https:\\\/\\\/sites.uef.fi\\\/stopdia\\\/stopdia-model-individual-intervention\\\/?lang=en\",\"url\":\"https:\\\/\\\/sites.uef.fi\\\/stopdia\\\/stopdia-model-individual-intervention\\\/?lang=en\",\"name\":\"StopDia Model - StopDia\",\"isPartOf\":{\"@id\":\"https:\\\/\\\/sites.uef.fi\\\/stopdia\\\/#website\"},\"primaryImageOfPage\":{\"@id\":\"https:\\\/\\\/sites.uef.fi\\\/stopdia\\\/stopdia-model-individual-intervention\\\/?lang=en#primaryimage\"},\"image\":{\"@id\":\"https:\\\/\\\/sites.uef.fi\\\/stopdia\\\/stopdia-model-individual-intervention\\\/?lang=en#primaryimage\"},\"thumbnailUrl\":\"https:\\\/\\\/www3.uef.fi\\\/documents\\\/1022624\\\/0\\\/stopdia+handout+english_900.png\\\/51a91667-f989-4ef5-8153-609939ba9858?t=1553380623677\",\"datePublished\":\"2020-07-07T15:25:59+00:00\",\"dateModified\":\"2023-12-22T06:40:56+00:00\",\"breadcrumb\":{\"@id\":\"https:\\\/\\\/sites.uef.fi\\\/stopdia\\\/stopdia-model-individual-intervention\\\/?lang=en#breadcrumb\"},\"inLanguage\":\"fi\",\"potentialAction\":[{\"@type\":\"ReadAction\",\"target\":[\"https:\\\/\\\/sites.uef.fi\\\/stopdia\\\/stopdia-model-individual-intervention\\\/?lang=en\"]}]},{\"@type\":\"ImageObject\",\"inLanguage\":\"fi\",\"@id\":\"https:\\\/\\\/sites.uef.fi\\\/stopdia\\\/stopdia-model-individual-intervention\\\/?lang=en#primaryimage\",\"url\":\"https:\\\/\\\/www3.uef.fi\\\/documents\\\/1022624\\\/0\\\/stopdia+handout+english_900.png\\\/51a91667-f989-4ef5-8153-609939ba9858?t=1553380623677\",\"contentUrl\":\"https:\\\/\\\/www3.uef.fi\\\/documents\\\/1022624\\\/0\\\/stopdia+handout+english_900.png\\\/51a91667-f989-4ef5-8153-609939ba9858?t=1553380623677\"},{\"@type\":\"BreadcrumbList\",\"@id\":\"https:\\\/\\\/sites.uef.fi\\\/stopdia\\\/stopdia-model-individual-intervention\\\/?lang=en#breadcrumb\",\"itemListElement\":[{\"@type\":\"ListItem\",\"position\":1,\"name\":\"Home\",\"item\":\"https:\\\/\\\/sites.uef.fi\\\/stopdia\\\/\"},{\"@type\":\"ListItem\",\"position\":2,\"name\":\"StopDia Model\"}]},{\"@type\":\"WebSite\",\"@id\":\"https:\\\/\\\/sites.uef.fi\\\/stopdia\\\/#website\",\"url\":\"https:\\\/\\\/sites.uef.fi\\\/stopdia\\\/\",\"name\":\"StopDia\",\"description\":\"\",\"potentialAction\":[{\"@type\":\"SearchAction\",\"target\":{\"@type\":\"EntryPoint\",\"urlTemplate\":\"https:\\\/\\\/sites.uef.fi\\\/stopdia\\\/?s={search_term_string}\"},\"query-input\":{\"@type\":\"PropertyValueSpecification\",\"valueRequired\":true,\"valueName\":\"search_term_string\"}}],\"inLanguage\":\"fi\"}]}<\/script>\n<!-- \/ Yoast SEO plugin. -->","yoast_head_json":{"title":"StopDia Model - StopDia","robots":{"index":"index","follow":"follow","max-snippet":"max-snippet:-1","max-image-preview":"max-image-preview:large","max-video-preview":"max-video-preview:-1"},"canonical":"https:\/\/sites.uef.fi\/stopdia\/stopdia-model-individual-intervention\/?lang=en","og_locale":"fi_FI","og_type":"article","og_title":"StopDia Model - StopDia","og_description":"Individual Intervention Stop Diabetes individual level intervention is to create and implement strategies to improve identification and prevention of type 2 diabetes risk and create a prevention model that can have impact on type 2 diabetes incidence on population level. To achieve this, we set up an online type 2 diabetes risk screening tool and [&hellip;]","og_url":"https:\/\/sites.uef.fi\/stopdia\/stopdia-model-individual-intervention\/?lang=en","og_site_name":"StopDia","article_modified_time":"2023-12-22T06:40:56+00:00","og_image":[{"url":"https:\/\/www3.uef.fi\/documents\/1022624\/0\/stopdia+handout+english_900.png\/51a91667-f989-4ef5-8153-609939ba9858?t=1553380623677","type":"","width":"","height":""}],"twitter_card":"summary_large_image","twitter_misc":{"Arvioitu lukuaika":"2 minuuttia"},"schema":{"@context":"https:\/\/schema.org","@graph":[{"@type":"WebPage","@id":"https:\/\/sites.uef.fi\/stopdia\/stopdia-model-individual-intervention\/?lang=en","url":"https:\/\/sites.uef.fi\/stopdia\/stopdia-model-individual-intervention\/?lang=en","name":"StopDia Model - StopDia","isPartOf":{"@id":"https:\/\/sites.uef.fi\/stopdia\/#website"},"primaryImageOfPage":{"@id":"https:\/\/sites.uef.fi\/stopdia\/stopdia-model-individual-intervention\/?lang=en#primaryimage"},"image":{"@id":"https:\/\/sites.uef.fi\/stopdia\/stopdia-model-individual-intervention\/?lang=en#primaryimage"},"thumbnailUrl":"https:\/\/www3.uef.fi\/documents\/1022624\/0\/stopdia+handout+english_900.png\/51a91667-f989-4ef5-8153-609939ba9858?t=1553380623677","datePublished":"2020-07-07T15:25:59+00:00","dateModified":"2023-12-22T06:40:56+00:00","breadcrumb":{"@id":"https:\/\/sites.uef.fi\/stopdia\/stopdia-model-individual-intervention\/?lang=en#breadcrumb"},"inLanguage":"fi","potentialAction":[{"@type":"ReadAction","target":["https:\/\/sites.uef.fi\/stopdia\/stopdia-model-individual-intervention\/?lang=en"]}]},{"@type":"ImageObject","inLanguage":"fi","@id":"https:\/\/sites.uef.fi\/stopdia\/stopdia-model-individual-intervention\/?lang=en#primaryimage","url":"https:\/\/www3.uef.fi\/documents\/1022624\/0\/stopdia+handout+english_900.png\/51a91667-f989-4ef5-8153-609939ba9858?t=1553380623677","contentUrl":"https:\/\/www3.uef.fi\/documents\/1022624\/0\/stopdia+handout+english_900.png\/51a91667-f989-4ef5-8153-609939ba9858?t=1553380623677"},{"@type":"BreadcrumbList","@id":"https:\/\/sites.uef.fi\/stopdia\/stopdia-model-individual-intervention\/?lang=en#breadcrumb","itemListElement":[{"@type":"ListItem","position":1,"name":"Home","item":"https:\/\/sites.uef.fi\/stopdia\/"},{"@type":"ListItem","position":2,"name":"StopDia Model"}]},{"@type":"WebSite","@id":"https:\/\/sites.uef.fi\/stopdia\/#website","url":"https:\/\/sites.uef.fi\/stopdia\/","name":"StopDia","description":"","potentialAction":[{"@type":"SearchAction","target":{"@type":"EntryPoint","urlTemplate":"https:\/\/sites.uef.fi\/stopdia\/?s={search_term_string}"},"query-input":{"@type":"PropertyValueSpecification","valueRequired":true,"valueName":"search_term_string"}}],"inLanguage":"fi"}]}},"_links":{"self":[{"href":"https:\/\/sites.uef.fi\/stopdia\/wp-json\/wp\/v2\/pages\/1696","targetHints":{"allow":["GET"]}}],"collection":[{"href":"https:\/\/sites.uef.fi\/stopdia\/wp-json\/wp\/v2\/pages"}],"about":[{"href":"https:\/\/sites.uef.fi\/stopdia\/wp-json\/wp\/v2\/types\/page"}],"author":[{"embeddable":true,"href":"https:\/\/sites.uef.fi\/stopdia\/wp-json\/wp\/v2\/users\/187"}],"replies":[{"embeddable":true,"href":"https:\/\/sites.uef.fi\/stopdia\/wp-json\/wp\/v2\/comments?post=1696"}],"version-history":[{"count":2,"href":"https:\/\/sites.uef.fi\/stopdia\/wp-json\/wp\/v2\/pages\/1696\/revisions"}],"predecessor-version":[{"id":5151,"href":"https:\/\/sites.uef.fi\/stopdia\/wp-json\/wp\/v2\/pages\/1696\/revisions\/5151"}],"wp:attachment":[{"href":"https:\/\/sites.uef.fi\/stopdia\/wp-json\/wp\/v2\/media?parent=1696"}],"curies":[{"name":"wp","href":"https:\/\/api.w.org\/{rel}","templated":true}]}}