{"id":18,"date":"2020-06-09T09:14:04","date_gmt":"2020-06-09T09:14:04","guid":{"rendered":"https:\/\/sites.uef.fi\/stopdia\/?page_id=18"},"modified":"2024-01-08T14:22:48","modified_gmt":"2024-01-08T12:22:48","slug":"etusivu","status":"publish","type":"page","link":"https:\/\/sites.uef.fi\/stopdia\/","title":{"rendered":"StopDia ja T2D-Data"},"content":{"rendered":"\n<h2 class=\"wp-block-heading\">Tervetuloa StopDia- ja T2D-Data -hankkeiden yhteiselle sivustolle!<\/h2>\n\n\n\n<p>Stop Diabetes (StopDia) \u2013 tiedosta ratkaisuihin -tutkimushanke, joka p\u00e4\u00e4ttyi vuonna 2019, oli tutkimusprojekti, jonka tavoitteena oli ehk\u00e4ist\u00e4 tyypin 2 diabetesta laajoin toimin. T\u00e4ll\u00e4 sivustolla jaamme StopDia-hankkeen tuloksia ja k\u00e4ytt\u00f6\u00f6nottoa terveydenhuoltoon ja kuntiin sek\u00e4 esittelemme jatkohankkeemme, T2D-Data-hankkeen, joka p\u00e4\u00e4ttyi vuonna 2023. T2D-Data-hankkeessa k\u00e4ytettiin aiempien hankkeiden ker\u00e4\u00e4mi\u00e4 tietoja kehitt\u00e4\u00e4ksemme yksil\u00f6llisi\u00e4 palveluja tyypin 2 diabeteksen ehk\u00e4isyyn.<\/p>\n\n\n\n<h2 class=\"wp-block-heading\">Stop Diabetes-toimintamalli diabeteksen ehk\u00e4isyyn<\/h2>\n\n\n\n<p>Tyypin 2 diabeteksen ehk\u00e4isy on mahdollista, mutta vaatii laajaa yhteisty\u00f6t\u00e4 eri toimijoiden v\u00e4lill\u00e4, kuten hyvinvointialueiden, kuntien ja muiden yhteiskunnan tahojen kanssa. Tyypin 2 diabeteksen ehk\u00e4isy tulisi n\u00e4hd\u00e4 merkitt\u00e4v\u00e4n\u00e4 sijoituksena tulevaisuuteen, ei pelk\u00e4st\u00e4\u00e4n kustannuksena.<\/p>\n\n\n\n<p>Suomalainen diabeteksen ehk\u00e4istytutkimus DPS osoitti, ett\u00e4 tehostettu elintapaohjaus puolittaa sairastumisriskin henkil\u00f6ill\u00e4, joilla on jo todettu diabeteksen esiaste. Riski pieneni sit\u00e4 enemm\u00e4n, mit\u00e4 paremmin elintapaohjeita noudatti.<\/p>\n\n\n\n<p>Tyypin 2 diabeteksen ehk\u00e4isyss\u00e4 hyvinvointia edist\u00e4v\u00e4t elintavat, kuten ruokailu- ja liikkumistottumukset sek\u00e4 riitt\u00e4v\u00e4 lepo ja uni, ovat keskeisess\u00e4 roolissa. Ennaltaehk\u00e4isy kannattaa, sill\u00e4 kyseess\u00e4 on vakava ja etenev\u00e4 sairaus, joka kehittyy hitaasti vuosien kuluessa ja on alkuun usein melko v\u00e4h\u00e4oireinen. Vuosien saatossa vakavien liit\u00e4nn\u00e4issairauksien, kuten syd\u00e4n- ja verisuonisairauksien, silm\u00e4- ja munuaissairauksien sek\u00e4 el\u00e4m\u00e4\u00e4 hankaloittavien hermovaurioiden riski lis\u00e4\u00e4ntyy suuresti. Voit testata riskisi sairastua tyypin 2 diabetekseen <a href=\"https:\/\/www.diabetes.fi\/terveydeksi\/diabeteksen_ehkaisy\/riskitesti\">Diabetesliiton sivujen diabetesriskitestill\u00e4<\/a>.<\/p>\n\n\n\n<p>Stop Diabetes -tutkimusryhm\u00e4 esitt\u00e4\u00e4 toimintamallia, joka ottaa huomioon eri toimijoiden roolit ja mahdollisuudet tehokkaan ja kustannusvaikuttavan tyypin 2 diabeteksen ehk\u00e4isyn saavuttamiseksi.<\/p>\n\n\n\n<figure class=\"wp-block-image aligncenter wp-image-4646 size-full\"><img loading=\"lazy\" decoding=\"async\" width=\"956\" height=\"569\" src=\"https:\/\/sites.uef.fi\/stopdia\/wp-content\/uploads\/sites\/90\/2023\/06\/StopDiabetes-toimintamalli-e1687341923210.jpg\" alt=\"Kuvassa esitet\u00e4\u00e4n Stop Diabetes -toimintamalli, joka sis\u00e4lt\u00e4\u00e4 tyypin 2 diabeteksen riskin tunnistamisen, tilannekartoituksen, yksil\u00f6llisen elintapaintervention tarpeen mukaan, seurannan sek\u00e4 vaikutuksen arvioinnin. T\u00e4m\u00e4 johtaa kustannusvaikuttavaan tyypin 2 diabeteksen ehk\u00e4isyyn. Ehk\u00e4isyss\u00e4 ovat mukana hyvinvointialueet ja kunnat koordinoidusti yhteisty\u00f6ss\u00e4. Lis\u00e4ksi ehk\u00e4isyyn osallistuvat my\u00f6s muut tahot, kuten j\u00e4rjest\u00f6t, ty\u00f6terveyshuolto, hammashuolto ja opiskelijaterveydenhuolto. \" class=\"wp-image-4646\" srcset=\"https:\/\/sites.uef.fi\/stopdia\/wp-content\/uploads\/sites\/90\/2023\/06\/StopDiabetes-toimintamalli-e1687341923210.jpg 956w, https:\/\/sites.uef.fi\/stopdia\/wp-content\/uploads\/sites\/90\/2023\/06\/StopDiabetes-toimintamalli-e1687341923210-300x179.jpg 300w, https:\/\/sites.uef.fi\/stopdia\/wp-content\/uploads\/sites\/90\/2023\/06\/StopDiabetes-toimintamalli-e1687341923210-768x457.jpg 768w\" sizes=\"auto, (max-width: 956px) 100vw, 956px\" \/><figcaption class=\"wp-element-caption\">Stop Diabetes -toimintamalli kustannusvaikuttavaan tyypin 2 diabeteksen ehk\u00e4isyyn<\/figcaption><\/figure>\n\n\n\n<p>Stop Diabetes -toimintamallin keskeiset elementit soteuudistuksen yhteydess\u00e4 ovat seuraavat:<\/p>\n\n\n\n<ol class=\"wp-block-list\">\n<li><strong>Koordinoitu yhteisty\u00f6 eri toimijoiden kesken:<\/strong> Tyypin 2 diabeteksen ehk\u00e4isy edellytt\u00e4\u00e4 laajaa ja koordinoitua yhteisty\u00f6t\u00e4 paitsi hyvinvointialueiden ja kuntien my\u00f6s j\u00e4rjest\u00f6jen, yhdistysten, ty\u00f6terveyspalveluita tuottavien yritysten, opiskelijaterveydenhuollon ja apteekkien kesken,<\/li>\n\n\n\n<li><strong>Suurentuneessa diabetesriskiss\u00e4 olevien tunnistaminen v\u00e4est\u00f6n seulonnalla:<\/strong> Tyypin 2 diabeteksen ehk\u00e4isyn ensimm\u00e4inen askel on suurentuneessa riskiss\u00e4 olevien tunnistaminen, joka on helppoa Suomessa kehitetyll\u00e4 Diabetesriskitestill\u00e4 ja joka on mahdollista toteuttaa digitaalisesti integroimalla se muihin sotepalveluihin.<\/li>\n\n\n\n<li><strong>Sujuvat palveluketjut:<\/strong> Sujuvat sek\u00e4 asiakasyst\u00e4v\u00e4lliset palveluketjut ovat t\u00e4rkeit\u00e4 tyypin 2 diabeteksen ehk\u00e4isyss\u00e4. Riskihenkil\u00f6ille on t\u00e4rke\u00e4\u00e4 tarjota selke\u00e4 ja helppo polku tyypin 2 diabeteksen ehk\u00e4isyyn t\u00e4ht\u00e4\u00e4vien palvelujen \u00e4\u00e4relle.<\/li>\n\n\n\n<li><strong>Moniammatillinen ja yksil\u00f6llinen elintapaohjaus:<\/strong> Elintapaohjauksessa tarvitaan moniammatillisuutta ja palveluiden r\u00e4\u00e4t\u00e4l\u00f6inti\u00e4. Ihmisten diabetesriskin tasot, voimavarat ja el\u00e4m\u00e4ntilanteet ratkaisevat, millaista elintapaohjausta heille tarjotaan. Ryhm\u00e4ohjaus ja digitaaliset sovellukset ovat tehokkaita keinoja elintapamuutosten tukemisessa.<\/li>\n\n\n\n<li><strong>Laadukas toimenpiteiden arviointi:<\/strong> Laadukas ja systemaattinen tyypin 2 diabeteksen ehk\u00e4isyyn t\u00e4ht\u00e4\u00e4vien toimenpiteiden arviointi tehostaa diabeteksen ehk\u00e4isy\u00e4, osoittaa niiden kustannusvaikuttavuuden ja auttaa entisest\u00e4\u00e4n toiminnan kehitt\u00e4misess\u00e4.<\/li>\n<\/ol>\n\n\n\n<p>N\u00e4iden asioiden huomioiminen ja toteuttaminen yhteisty\u00f6ss\u00e4 eri toimijoiden kesken auttavat tyypin 2 diabeteksen ehk\u00e4isyn tehostamisessa soteuudistuksen my\u00f6t\u00e4.<\/p>\n\n\n\n<p>Lue lis\u00e4\u00e4 Stop Diabetes -toimintamallista <a href=\"https:\/\/sites.uef.fi\/stopdia\/2023\/06\/21\/stopdiabetes-toimintamalli\/\">t\u00e4\u00e4lt\u00e4<\/a>.<\/p>\n\n\n\n<h2 class=\"wp-block-heading\">StopDia-hankkeen tavoitteet<\/h2>\n\n\n\n<p>StopDia-hanke keskittyi terveydenhuollon kautta toteutettuun elintapainterventioon sek\u00e4 ty\u00f6ymp\u00e4rist\u00f6ss\u00e4 tapahtuneisiin ty\u00f6hyvinvointia lis\u00e4\u00e4viin tuuppaustoimiin. Sen tavoitteena oli luoda yksil\u00f6n, ymp\u00e4rist\u00f6n ja yhteiskunnan tasoille toimintamalli tyypin 2 diabeteksen ehk\u00e4isyyn sek\u00e4 tunnistaa korkeassa tyypin 2 diabeteksen riskiss\u00e4 olevat ihmiset ennen sairauden puhkeamista. Saadut tulokset kannustavat jatkamaan toimia diabeteksen ennaltaehk\u00e4isemiseksi elintapamuutosten keinoin. <a href=\"https:\/\/sites.uef.fi\/stopdia\/etusivu-2\/\">Perehdy StopDia-hankkeeseen ja siit\u00e4 saatuihin tuloksiin tarkemmin t\u00e4\u00e4lt\u00e4<\/a>.<\/p>\n\n\n\n<p>StopDia-hankkeen rahoitti Suomen Akatemian strategisen tutkimuksen neuvoston Terveys, hyvinvointi ja el\u00e4m\u00e4ntavat -ohjelma ja sen toteuttajina olivat It\u00e4-Suomen yliopisto, Terveyden ja hyvinvoinnin laitos THL sek\u00e4 Teknologian tutkimuskeskus VTT vuosina 2016\u201319.<\/p>\n\n\n\n<h2 class=\"wp-block-heading\">StopDia jatkui T2D-Data-hankkeena<\/h2>\n\n\n\n<p>StopDia-hanke sai jatkoa syksyll\u00e4 2020 T2D-Data-hankkeena. Uusi hanke hy\u00f6dynsi StopDia- sek\u00e4 DPS-hankkeissa ker\u00e4ttyj\u00e4 ainutlaatuisia datoja elintavoista, niiden muutosprosessista, metabolomiikasta ja perim\u00e4st\u00e4. Hankkeessa kehitettiin n\u00e4ihin aiempiin tyypin 2 diabeteksen ehk\u00e4isyyn t\u00e4ht\u00e4\u00e4vien hankkeisiin pohjautuen paremmin kohdennettuja ja yksil\u00f6llisi\u00e4 palveluja tyypin 2 diabeteksen ehk\u00e4isy\u00e4 varten. Hankkeen rahoitti Suomen Akatemia ja sen toteuttajina ovat Teknologian tutkimuskeskus VTT, It\u00e4-Suomen yliopisto sek\u00e4 Terveyden ja hyvinvoinnin laitos THL. <a href=\"https:\/\/sites.uef.fi\/stopdia\/t2d-data\/\">Lue lis\u00e4\u00e4 hankkeesta t\u00e4\u00e4lt\u00e4<\/a>.<\/p>\n\n\n\n<figure class=\"wp-block-image\"><img loading=\"lazy\" decoding=\"async\" width=\"2240\" height=\"1260\" src=\"https:\/\/sites.uef.fi\/stopdia\/wp-content\/uploads\/sites\/90\/2020\/09\/logos.jpg\" alt=\"T2D-Data- ja StopDia-hankkeiden logot vierekk\u00e4in. Molemmissa logoissa sininen k\u00e4si, jossa punainen syd\u00e4n. \" class=\"wp-image-3254\" srcset=\"https:\/\/sites.uef.fi\/stopdia\/wp-content\/uploads\/sites\/90\/2020\/09\/logos.jpg 2240w, https:\/\/sites.uef.fi\/stopdia\/wp-content\/uploads\/sites\/90\/2020\/09\/logos-300x169.jpg 300w, https:\/\/sites.uef.fi\/stopdia\/wp-content\/uploads\/sites\/90\/2020\/09\/logos-1024x576.jpg 1024w, https:\/\/sites.uef.fi\/stopdia\/wp-content\/uploads\/sites\/90\/2020\/09\/logos-768x432.jpg 768w, https:\/\/sites.uef.fi\/stopdia\/wp-content\/uploads\/sites\/90\/2020\/09\/logos-1536x864.jpg 1536w, https:\/\/sites.uef.fi\/stopdia\/wp-content\/uploads\/sites\/90\/2020\/09\/logos-2048x1152.jpg 2048w\" sizes=\"auto, (max-width: 2240px) 100vw, 2240px\" \/><\/figure>\n\n\n    <div class=\"funders grid\">\n                        <div class=\"funders__item grid__item\">\n                            <div class=\"funders__image\">\n                    <img decoding=\"async\" src=\"https:\/\/sites.uef.fi\/stopdia\/wp-content\/uploads\/sites\/90\/2021\/01\/University_of_eastern_finland_logo.jpg\" alt=\"It\u00e4-Suomen yliopiston logo.\" \/>\n                <\/div>\n                                                <\/div>\n                        \n                        <div class=\"funders__item grid__item\">\n                            <div class=\"funders__image\">\n                    <img decoding=\"async\" src=\"https:\/\/sites.uef.fi\/stopdia\/wp-content\/uploads\/sites\/90\/2020\/07\/THL_tunnus_lyhyt_RGB_vihrea-1-1.jpg\" alt=\"Terveyden ja hyvinvoinnin laitoksen (THL) logo.\" \/>\n                <\/div>\n                                                <\/div>\n                        \n                        <div class=\"funders__item grid__item\">\n                            <div class=\"funders__image\">\n                    <img decoding=\"async\" src=\"https:\/\/sites.uef.fi\/stopdia\/wp-content\/uploads\/sites\/90\/2020\/07\/VTT_Orange_Logo-1.jpg\" alt=\"VTT:n logo.\" \/>\n                <\/div>\n                                                <\/div>\n                        \n            <\/div>\n\n\n    <div class=\"funders grid\">\n                        <div class=\"funders__item grid__item\">\n                            <div class=\"funders__image\">\n                    <img decoding=\"async\" src=\"https:\/\/sites.uef.fi\/stopdia\/wp-content\/uploads\/sites\/90\/2020\/08\/Suomen-Akatemia.jpg\" alt=\"Suomen Akatemia logo.\" \/>\n                <\/div>\n                                                <\/div>\n                        \n                        <div class=\"funders__item grid__item\">\n                            <div class=\"funders__image\">\n                    <img decoding=\"async\" src=\"https:\/\/sites.uef.fi\/stopdia\/wp-content\/uploads\/sites\/90\/2021\/01\/Suomen-akatemia_Strateginen-tutkimus_logo.jpg\" alt=\"Suomen Akatemia, strateginen tutkimus logo.\" \/>\n                <\/div>\n                                                <\/div>\n                        \n            <\/div>\n","protected":false},"excerpt":{"rendered":"<p>Tervetuloa StopDia- ja T2D-Data -hankkeiden yhteiselle sivustolle! Stop Diabetes (StopDia) \u2013 tiedosta ratkaisuihin -tutkimushanke, joka p\u00e4\u00e4ttyi vuonna 2019, oli tutkimusprojekti, jonka tavoitteena oli ehk\u00e4ist\u00e4 tyypin 2 diabetesta laajoin toimin. T\u00e4ll\u00e4 sivustolla jaamme StopDia-hankkeen tuloksia ja k\u00e4ytt\u00f6\u00f6nottoa terveydenhuoltoon ja kuntiin sek\u00e4 esittelemme jatkohankkeemme, T2D-Data-hankkeen, joka p\u00e4\u00e4ttyi vuonna 2023. T2D-Data-hankkeessa k\u00e4ytettiin aiempien hankkeiden ker\u00e4\u00e4mi\u00e4 tietoja kehitt\u00e4\u00e4ksemme yksil\u00f6llisi\u00e4 [&hellip;]<\/p>\n","protected":false},"author":2,"featured_media":0,"parent":0,"menu_order":0,"comment_status":"closed","ping_status":"closed","template":"","meta":{"_acf_changed":false,"_monsterinsights_skip_tracking":false,"_monsterinsights_sitenote_active":false,"_monsterinsights_sitenote_note":"","_monsterinsights_sitenote_category":0,"footnotes":""},"class_list":["post-18","page","type-page","status-publish","hentry"],"acf":[],"yoast_head":"<!-- This site is optimized with the Yoast SEO plugin v27.1.1 - https:\/\/yoast.com\/product\/yoast-seo-wordpress\/ -->\n<title>StopDia ja T2D-Data - StopDia<\/title>\n<meta name=\"robots\" content=\"index, follow, max-snippet:-1, max-image-preview:large, max-video-preview:-1\" \/>\n<link rel=\"canonical\" href=\"https:\/\/sites.uef.fi\/stopdia\/\" \/>\n<meta property=\"og:locale\" content=\"fi_FI\" \/>\n<meta property=\"og:type\" content=\"article\" \/>\n<meta property=\"og:title\" content=\"StopDia ja T2D-Data - StopDia\" \/>\n<meta property=\"og:description\" content=\"Tervetuloa StopDia- ja T2D-Data -hankkeiden yhteiselle sivustolle! Stop Diabetes (StopDia) \u2013 tiedosta ratkaisuihin -tutkimushanke, joka p\u00e4\u00e4ttyi vuonna 2019, oli tutkimusprojekti, jonka tavoitteena oli ehk\u00e4ist\u00e4 tyypin 2 diabetesta laajoin toimin. T\u00e4ll\u00e4 sivustolla jaamme StopDia-hankkeen tuloksia ja k\u00e4ytt\u00f6\u00f6nottoa terveydenhuoltoon ja kuntiin sek\u00e4 esittelemme jatkohankkeemme, T2D-Data-hankkeen, joka p\u00e4\u00e4ttyi vuonna 2023. T2D-Data-hankkeessa k\u00e4ytettiin aiempien hankkeiden ker\u00e4\u00e4mi\u00e4 tietoja kehitt\u00e4\u00e4ksemme yksil\u00f6llisi\u00e4 [&hellip;]\" \/>\n<meta property=\"og:url\" content=\"https:\/\/sites.uef.fi\/stopdia\/\" \/>\n<meta property=\"og:site_name\" content=\"StopDia\" \/>\n<meta property=\"article:modified_time\" content=\"2024-01-08T12:22:48+00:00\" \/>\n<meta property=\"og:image\" content=\"https:\/\/sites.uef.fi\/stopdia\/wp-content\/uploads\/sites\/90\/2023\/06\/StopDiabetes-toimintamalli-e1687341923210.jpg\" \/>\n<meta name=\"twitter:card\" content=\"summary_large_image\" \/>\n<meta name=\"twitter:label1\" content=\"Arvioitu lukuaika\" \/>\n\t<meta name=\"twitter:data1\" content=\"4 minuuttia\" \/>\n<script type=\"application\/ld+json\" class=\"yoast-schema-graph\">{\"@context\":\"https:\/\/schema.org\",\"@graph\":[{\"@type\":\"WebPage\",\"@id\":\"https:\/\/sites.uef.fi\/stopdia\/\",\"url\":\"https:\/\/sites.uef.fi\/stopdia\/\",\"name\":\"StopDia ja T2D-Data - StopDia\",\"isPartOf\":{\"@id\":\"https:\/\/sites.uef.fi\/stopdia\/?lang=en\/#website\"},\"primaryImageOfPage\":{\"@id\":\"https:\/\/sites.uef.fi\/stopdia\/#primaryimage\"},\"image\":{\"@id\":\"https:\/\/sites.uef.fi\/stopdia\/#primaryimage\"},\"thumbnailUrl\":\"https:\/\/sites.uef.fi\/stopdia\/wp-content\/uploads\/sites\/90\/2023\/06\/StopDiabetes-toimintamalli-e1687341923210.jpg\",\"datePublished\":\"2020-06-09T09:14:04+00:00\",\"dateModified\":\"2024-01-08T12:22:48+00:00\",\"breadcrumb\":{\"@id\":\"https:\/\/sites.uef.fi\/stopdia\/#breadcrumb\"},\"inLanguage\":\"fi\",\"potentialAction\":[{\"@type\":\"ReadAction\",\"target\":[\"https:\/\/sites.uef.fi\/stopdia\/\"]}]},{\"@type\":\"ImageObject\",\"inLanguage\":\"fi\",\"@id\":\"https:\/\/sites.uef.fi\/stopdia\/#primaryimage\",\"url\":\"https:\/\/sites.uef.fi\/stopdia\/wp-content\/uploads\/sites\/90\/2023\/06\/StopDiabetes-toimintamalli-e1687341923210.jpg\",\"contentUrl\":\"https:\/\/sites.uef.fi\/stopdia\/wp-content\/uploads\/sites\/90\/2023\/06\/StopDiabetes-toimintamalli-e1687341923210.jpg\",\"width\":956,\"height\":569,\"caption\":\"Kuvassa esitet\u00e4\u00e4n Stop Diabetes -toimintamalli, joka sis\u00e4lt\u00e4\u00e4 tyypin 2 diabeteksen riskin tunnistamisen, tilannekartoituksen, yksil\u00f6llisen elintapaintervention tarpeen mukaan, seurannan sek\u00e4 vaikutuksen arvioinnin. T\u00e4m\u00e4 johtaa kustannusvaikuttavaan tyypin 2 diabeteksen ehk\u00e4isyyn. Ehk\u00e4isyss\u00e4 ovat mukana hyvinvointialueet ja kunnat koordinoidusti yhteisty\u00f6ss\u00e4. Lis\u00e4ksi ehk\u00e4isyyn osallistuvat my\u00f6s muut tahot, kuten j\u00e4rjest\u00f6t, ty\u00f6terveyshuolto, hammashuolto ja opiskelijaterveydenhuolto.\"},{\"@type\":\"BreadcrumbList\",\"@id\":\"https:\/\/sites.uef.fi\/stopdia\/#breadcrumb\",\"itemListElement\":[{\"@type\":\"ListItem\",\"position\":1,\"name\":\"Home\",\"item\":\"https:\/\/sites.uef.fi\/stopdia\/\"},{\"@type\":\"ListItem\",\"position\":2,\"name\":\"StopDia ja T2D-Data\"}]},{\"@type\":\"WebSite\",\"@id\":\"https:\/\/sites.uef.fi\/stopdia\/?lang=en\/#website\",\"url\":\"https:\/\/sites.uef.fi\/stopdia\/?lang=en\/\",\"name\":\"StopDia\",\"description\":\"\",\"potentialAction\":[{\"@type\":\"SearchAction\",\"target\":{\"@type\":\"EntryPoint\",\"urlTemplate\":\"https:\/\/sites.uef.fi\/stopdia\/?lang=en\/?s={search_term_string}\"},\"query-input\":{\"@type\":\"PropertyValueSpecification\",\"valueRequired\":true,\"valueName\":\"search_term_string\"}}],\"inLanguage\":\"fi\"}]}<\/script>\n<!-- \/ Yoast SEO plugin. -->","yoast_head_json":{"title":"StopDia ja T2D-Data - StopDia","robots":{"index":"index","follow":"follow","max-snippet":"max-snippet:-1","max-image-preview":"max-image-preview:large","max-video-preview":"max-video-preview:-1"},"canonical":"https:\/\/sites.uef.fi\/stopdia\/","og_locale":"fi_FI","og_type":"article","og_title":"StopDia ja T2D-Data - StopDia","og_description":"Tervetuloa StopDia- ja T2D-Data -hankkeiden yhteiselle sivustolle! Stop Diabetes (StopDia) \u2013 tiedosta ratkaisuihin -tutkimushanke, joka p\u00e4\u00e4ttyi vuonna 2019, oli tutkimusprojekti, jonka tavoitteena oli ehk\u00e4ist\u00e4 tyypin 2 diabetesta laajoin toimin. T\u00e4ll\u00e4 sivustolla jaamme StopDia-hankkeen tuloksia ja k\u00e4ytt\u00f6\u00f6nottoa terveydenhuoltoon ja kuntiin sek\u00e4 esittelemme jatkohankkeemme, T2D-Data-hankkeen, joka p\u00e4\u00e4ttyi vuonna 2023. T2D-Data-hankkeessa k\u00e4ytettiin aiempien hankkeiden ker\u00e4\u00e4mi\u00e4 tietoja kehitt\u00e4\u00e4ksemme yksil\u00f6llisi\u00e4 [&hellip;]","og_url":"https:\/\/sites.uef.fi\/stopdia\/","og_site_name":"StopDia","article_modified_time":"2024-01-08T12:22:48+00:00","og_image":[{"url":"https:\/\/sites.uef.fi\/stopdia\/wp-content\/uploads\/sites\/90\/2023\/06\/StopDiabetes-toimintamalli-e1687341923210.jpg","type":"","width":"","height":""}],"twitter_card":"summary_large_image","twitter_misc":{"Arvioitu lukuaika":"4 minuuttia"},"schema":{"@context":"https:\/\/schema.org","@graph":[{"@type":"WebPage","@id":"https:\/\/sites.uef.fi\/stopdia\/","url":"https:\/\/sites.uef.fi\/stopdia\/","name":"StopDia ja T2D-Data - StopDia","isPartOf":{"@id":"https:\/\/sites.uef.fi\/stopdia\/?lang=en\/#website"},"primaryImageOfPage":{"@id":"https:\/\/sites.uef.fi\/stopdia\/#primaryimage"},"image":{"@id":"https:\/\/sites.uef.fi\/stopdia\/#primaryimage"},"thumbnailUrl":"https:\/\/sites.uef.fi\/stopdia\/wp-content\/uploads\/sites\/90\/2023\/06\/StopDiabetes-toimintamalli-e1687341923210.jpg","datePublished":"2020-06-09T09:14:04+00:00","dateModified":"2024-01-08T12:22:48+00:00","breadcrumb":{"@id":"https:\/\/sites.uef.fi\/stopdia\/#breadcrumb"},"inLanguage":"fi","potentialAction":[{"@type":"ReadAction","target":["https:\/\/sites.uef.fi\/stopdia\/"]}]},{"@type":"ImageObject","inLanguage":"fi","@id":"https:\/\/sites.uef.fi\/stopdia\/#primaryimage","url":"https:\/\/sites.uef.fi\/stopdia\/wp-content\/uploads\/sites\/90\/2023\/06\/StopDiabetes-toimintamalli-e1687341923210.jpg","contentUrl":"https:\/\/sites.uef.fi\/stopdia\/wp-content\/uploads\/sites\/90\/2023\/06\/StopDiabetes-toimintamalli-e1687341923210.jpg","width":956,"height":569,"caption":"Kuvassa esitet\u00e4\u00e4n Stop Diabetes -toimintamalli, joka sis\u00e4lt\u00e4\u00e4 tyypin 2 diabeteksen riskin tunnistamisen, tilannekartoituksen, yksil\u00f6llisen elintapaintervention tarpeen mukaan, seurannan sek\u00e4 vaikutuksen arvioinnin. T\u00e4m\u00e4 johtaa kustannusvaikuttavaan tyypin 2 diabeteksen ehk\u00e4isyyn. Ehk\u00e4isyss\u00e4 ovat mukana hyvinvointialueet ja kunnat koordinoidusti yhteisty\u00f6ss\u00e4. Lis\u00e4ksi ehk\u00e4isyyn osallistuvat my\u00f6s muut tahot, kuten j\u00e4rjest\u00f6t, ty\u00f6terveyshuolto, hammashuolto ja opiskelijaterveydenhuolto."},{"@type":"BreadcrumbList","@id":"https:\/\/sites.uef.fi\/stopdia\/#breadcrumb","itemListElement":[{"@type":"ListItem","position":1,"name":"Home","item":"https:\/\/sites.uef.fi\/stopdia\/"},{"@type":"ListItem","position":2,"name":"StopDia ja T2D-Data"}]},{"@type":"WebSite","@id":"https:\/\/sites.uef.fi\/stopdia\/?lang=en\/#website","url":"https:\/\/sites.uef.fi\/stopdia\/?lang=en\/","name":"StopDia","description":"","potentialAction":[{"@type":"SearchAction","target":{"@type":"EntryPoint","urlTemplate":"https:\/\/sites.uef.fi\/stopdia\/?lang=en\/?s={search_term_string}"},"query-input":{"@type":"PropertyValueSpecification","valueRequired":true,"valueName":"search_term_string"}}],"inLanguage":"fi"}]}},"_links":{"self":[{"href":"https:\/\/sites.uef.fi\/stopdia\/wp-json\/wp\/v2\/pages\/18","targetHints":{"allow":["GET"]}}],"collection":[{"href":"https:\/\/sites.uef.fi\/stopdia\/wp-json\/wp\/v2\/pages"}],"about":[{"href":"https:\/\/sites.uef.fi\/stopdia\/wp-json\/wp\/v2\/types\/page"}],"author":[{"embeddable":true,"href":"https:\/\/sites.uef.fi\/stopdia\/wp-json\/wp\/v2\/users\/2"}],"replies":[{"embeddable":true,"href":"https:\/\/sites.uef.fi\/stopdia\/wp-json\/wp\/v2\/comments?post=18"}],"version-history":[{"count":2,"href":"https:\/\/sites.uef.fi\/stopdia\/wp-json\/wp\/v2\/pages\/18\/revisions"}],"predecessor-version":[{"id":5220,"href":"https:\/\/sites.uef.fi\/stopdia\/wp-json\/wp\/v2\/pages\/18\/revisions\/5220"}],"wp:attachment":[{"href":"https:\/\/sites.uef.fi\/stopdia\/wp-json\/wp\/v2\/media?parent=18"}],"curies":[{"name":"wp","href":"https:\/\/api.w.org\/{rel}","templated":true}]}}