{"id":191,"date":"2020-06-12T18:56:55","date_gmt":"2020-06-12T15:56:55","guid":{"rendered":"https:\/\/sites.uef.fi\/stopdia\/?page_id=191"},"modified":"2023-12-21T14:38:01","modified_gmt":"2023-12-21T12:38:01","slug":"voimaannuttava-ryhmaohjaus","status":"publish","type":"page","link":"https:\/\/sites.uef.fi\/stopdia\/voimaannuttava-ryhmaohjaus\/","title":{"rendered":"Voimaannuttava StopDia-ryhm\u00e4ohjausmalli"},"content":{"rendered":"<p><img loading=\"lazy\" decoding=\"async\" class=\"alignnone size-full wp-image-2787\" src=\"https:\/\/sites.uef.fi\/stopdia\/wp-content\/uploads\/sites\/90\/2020\/08\/workshop.jpg\" alt=\"\" width=\"1920\" height=\"1242\" srcset=\"https:\/\/sites.uef.fi\/stopdia\/wp-content\/uploads\/sites\/90\/2020\/08\/workshop.jpg 1920w, https:\/\/sites.uef.fi\/stopdia\/wp-content\/uploads\/sites\/90\/2020\/08\/workshop-300x194.jpg 300w, https:\/\/sites.uef.fi\/stopdia\/wp-content\/uploads\/sites\/90\/2020\/08\/workshop-1024x662.jpg 1024w, https:\/\/sites.uef.fi\/stopdia\/wp-content\/uploads\/sites\/90\/2020\/08\/workshop-768x497.jpg 768w, https:\/\/sites.uef.fi\/stopdia\/wp-content\/uploads\/sites\/90\/2020\/08\/workshop-1536x994.jpg 1536w\" sizes=\"auto, (max-width: 1920px) 100vw, 1920px\" \/><\/p>\n<p>StopDia-hankkeessa kehitettiin kokonaisvaltainen StopDia-ryhm\u00e4ohjausmalli tyypin 2 diabeteksen ehk\u00e4isyyn toteutettavaksi osana perusterveydenhuollon palveluja. Ryhm\u00e4ohjausmalli pohjautuu Ikihyv\u00e4 P\u00e4ij\u00e4t-H\u00e4me -ryhm\u00e4ohjauskonseptiin. Stopdia-ryhm\u00e4tapaamiset tukevat, kannustavat ja innostavat l\u00f6yt\u00e4m\u00e4\u00e4n itselle sopivia terveytt\u00e4 edist\u00e4vi\u00e4 elintapoja.<\/p>\n<p>StopDia-elintapainterventiossa k\u00e4ytetyss\u00e4 StopDia-ryhm\u00e4ohjausmallissa ryhm\u00e4tapaamisia on yhteens\u00e4 kuusi. Lis\u00e4ksi elintapainterventiossa ryhm\u00e4l\u00e4isten tukena on <a href=\"https:\/\/sites.uef.fi\/stopdia\/161-2\/\">Pienet teot -digisovellus<\/a>. Ohjaajana toimii StopDia-ryhm\u00e4ohjauskoulutuksen saanut terveydenhuollon ammattilainen, kuten hoitaja tai ravitsemusterapeutti. Ryhm\u00e4tapaamisilla k\u00e4sitell\u00e4\u00e4n hyvinvointiin vaikuttavia aiheita kokonaisvaltaisesti. T\u00e4rke\u00e4n\u00e4 l\u00e4ht\u00f6kohtana on huomata ne hyv\u00e4t asiat, joita itse kukin jo tekee, sill\u00e4 niiden varassa muutoksiakin on helppo toteuttaa &#8211; kukin ryhm\u00e4l\u00e4inen omaan arkeensa ja tavoitteisiinsa peilaten. Keskeisimpi\u00e4 ryhm\u00e4n aiheita ovat terveytt\u00e4 ja hyvinvointia tukevat arjen rytmi, ruokavalio, liikunta ja uni (Kuva 1). Palaute aiemmista, samoja periaatteita noudattavista ryhmist\u00e4 on ollut innostunut: &#8221;Ryhm\u00e4 antaa siivet&#8221;, &#8221;T\u00e4m\u00e4 on erilainen ryhm\u00e4&#8221;, &#8221;Ryhm\u00e4st\u00e4 sain voimaa&#8221;.<\/p>\n<p>Ryhm\u00e4tapaamiset j\u00e4rjestet\u00e4\u00e4n terveydenhuollon toimipisteiss\u00e4 ja ne jakautuvat noin 3-4 kuukauden ajalle. Ryhm\u00e4n koko vaihtelee 6 ja 15 henkil\u00f6n v\u00e4lill\u00e4. Yhden tapaamisen kesto on 1,5 tuntia. StopDia-ryhm\u00e4ohjauksessa k\u00e4ytet\u00e4\u00e4n tukena ryhm\u00e4ohjaajan sek\u00e4 ryhm\u00e4l\u00e4isen vihkosta. Lis\u00e4tietoja materiaalin k\u00e4yt\u00f6st\u00e4 l\u00f6yd\u00e4t <a href=\"https:\/\/sites.uef.fi\/stopdia\/materiaalipankki\/\">Materiaalipankista<\/a> tai sivun alaosasta.<\/p>\n<div style=\"width: 892px\" class=\"wp-caption aligncenter\"><img loading=\"lazy\" decoding=\"async\" src=\"https:\/\/www3.uef.fi\/documents\/1022624\/0\/Voimaannuttava+ryhm%C3%A4ohjaus\/8acd947f-3964-45c2-9547-0ce942f591a3?t=1502969969635\" alt=\"Ryhm\u00e4tapaamisten teemat: 1. Tullaan tutuiksi, 2. Rytmi\u00e4 arkeen, 3. Sy\u00f6d\u00e4\u00e4n hyvin, 4. Iloa liikkumiseen, 5. Arki aktiivisemmaksi ja 5. Pystyn ja onnistun.\" width=\"882\" height=\"338\" \/><p class=\"wp-caption-text\">Kuva 1. StopDia-ryhm\u00e4ohjausmallin rakenne<\/p><\/div>\n<h3>\u00a0<\/h3>\n<h2>Ryhm\u00e4ohjausmateriaalin p\u00e4ivitetty versio<\/h2>\n<p>StopDia-ryhm\u00e4ohjausmateriaali p\u00e4ivitettiin kes\u00e4ll\u00e4 2020. Alkuper\u00e4inen ohjausmalli keskittyi tutkimuksen tavoitteen mukaisesti tyypin 2 diabeteksen ennaltaehk\u00e4isyyn elintapojen muutoksen keinoin. Samankaltaiset elintavat ehk\u00e4iset my\u00f6s monilta muilta elintapasairauksilta. N\u00e4in ollen p\u00e4ivityksen yhteydess\u00e4 materiaali muokattiin soveltumaan paremmin my\u00f6s muiden elintapasairauksien ennaltaehk\u00e4isyyn, jolloin sit\u00e4 voidaan k\u00e4ytt\u00e4\u00e4 monipuolisemmin erilaisten ryhmien kanssa. Lis\u00e4ksi saadun palautteen perusteella tapaamisten kestoa pidennettiin 1,5 tunnista kahteen tuntiin sek\u00e4 ryhm\u00e4ohjausten lukum\u00e4\u00e4r\u00e4\u00e4 suurenneettiin kuudesta seitsem\u00e4\u00e4n sis\u00e4lt\u00e4en nyt my\u00f6s vuoden seurantak\u00e4ynnin. Viittaukset tyypin 2 diabetekseen korvattiin viittauksilla elintapasairauksiin yleisesti. My\u00f6s tapaamisten sis\u00e4lt\u00f6\u00e4 ja ohjeistusta p\u00e4ivitettiin.<\/p>\n<p>StopDia-ryhm\u00e4ohjausmateriaali kattaa noin vuoden mittaisen, seitsem\u00e4n tapaamista sis\u00e4lt\u00e4v\u00e4n terveellisten elintapojen edist\u00e4miseen kannustavan ryhm\u00e4ohjauksen. Materiaalissa on oma ohje- ja ty\u00f6vihkonsa sek\u00e4 ohjaajille ett\u00e4 osallistujille. StopDia-ryhm\u00e4ohjaus soveltuu toteutettavaksi niin terveydenhuollon piiriss\u00e4 kuin yksityisten j\u00e4rjest\u00f6jenkin toimesta. Tapaamiset voi tarvittaessa toteuttaa my\u00f6s et\u00e4yhteyksin. StopDia-ryhm\u00e4ohjausmallin k\u00e4ytt\u00f6 vaatii ryhm\u00e4ohjaajien koulutuksen.<\/p>\n<p>Voit tiedustella StopDia-ryhm\u00e4ohjausmateriaaleja\u00a0 StopDia-tutkijoilta Kirsikka Aittolalta (Kirsikka.aittola(@)uef.fi) sek\u00e4 Pilvikki Absetzilta (pilvikki.absetz(@)gmail.com). Materiaalit ovat saatavilla pdf-muotoisina (sopivat painettaviksi A4-kokoisiksi vihkosiksi) StopDia-ryhm\u00e4ohjausta varten.<\/p>\n<p>Jos olet kiinnostunut StopDia-ryhm\u00e4ohjaajakoulutuksesta, ota yhteytt\u00e4 StopDia-tutkijoihin Reija M\u00e4nnikk\u00f6\u00f6n tai Pilvikki Absetziin tai vieraile sivustolla: <a href=\"http:\/\/collaborativecaresystemsfinland.com\/\">Collaborative Care Systems Finland<\/a>.<\/p>\n<p><img loading=\"lazy\" decoding=\"async\" class=\"alignnone wp-image-3652 size-full\" src=\"https:\/\/sites.uef.fi\/stopdia\/wp-content\/uploads\/sites\/90\/2020\/10\/StopDia-elintapaohjaus-1.jpg\" alt=\"Etusivut StopDia-ryhm\u00e4ohjausmallin Ohjaajan ty\u00f6kalupakista sek\u00e4 Osallistujan vihkosta.\" width=\"1244\" height=\"586\" srcset=\"https:\/\/sites.uef.fi\/stopdia\/wp-content\/uploads\/sites\/90\/2020\/10\/StopDia-elintapaohjaus-1.jpg 1244w, https:\/\/sites.uef.fi\/stopdia\/wp-content\/uploads\/sites\/90\/2020\/10\/StopDia-elintapaohjaus-1-300x141.jpg 300w, https:\/\/sites.uef.fi\/stopdia\/wp-content\/uploads\/sites\/90\/2020\/10\/StopDia-elintapaohjaus-1-1024x482.jpg 1024w, https:\/\/sites.uef.fi\/stopdia\/wp-content\/uploads\/sites\/90\/2020\/10\/StopDia-elintapaohjaus-1-768x362.jpg 768w\" sizes=\"auto, (max-width: 1244px) 100vw, 1244px\" \/><\/p>\n<p>\u00a0<\/p>\n<p>\u00a0<\/p>\n<p>\u00a0<\/p>\n<p>\u00a0<\/p>\n<p>\u00a0<\/p>\n<p>\u00a0<\/p>\n<p>\u00a0<\/p>\n<p style=\"text-align: center\">\u00a0<\/p>\n<div class=\"journal-content-article\">\n<div class=\"video\">\u00a0<\/div>\n<\/div>\n<div>\u00a0<\/div>\n\n    <div class=\"funders grid\">\n                        <div class=\"funders__item grid__item\">\n                            <div class=\"funders__image\">\n                    <img decoding=\"async\" src=\"https:\/\/sites.uef.fi\/stopdia\/wp-content\/uploads\/sites\/90\/2021\/01\/University_of_eastern_finland_logo.jpg\" alt=\"It\u00e4-Suomen yliopiston logo.\" \/>\n                <\/div>\n                                                <\/div>\n                        \n                        <div class=\"funders__item grid__item\">\n                            <div class=\"funders__image\">\n                    <img decoding=\"async\" src=\"https:\/\/sites.uef.fi\/stopdia\/wp-content\/uploads\/sites\/90\/2020\/07\/THL_tunnus_lyhyt_RGB_vihrea-1-1.jpg\" alt=\"Terveyden ja hyvinvoinnin laitoksen (THL) logo.\" \/>\n                <\/div>\n                                                <\/div>\n                        \n                        <div class=\"funders__item grid__item\">\n                            <div class=\"funders__image\">\n                    <img decoding=\"async\" src=\"https:\/\/sites.uef.fi\/stopdia\/wp-content\/uploads\/sites\/90\/2020\/07\/VTT_Orange_Logo-1.jpg\" alt=\"VTT:n logo.\" \/>\n                <\/div>\n                                                <\/div>\n                        \n            <\/div>\n\n\n    <div class=\"funders grid\">\n                        <div class=\"funders__item grid__item\">\n                            <div class=\"funders__image\">\n                    <img decoding=\"async\" src=\"https:\/\/sites.uef.fi\/stopdia\/wp-content\/uploads\/sites\/90\/2020\/08\/Suomen-Akatemia.jpg\" alt=\"Suomen Akatemia logo.\" \/>\n                <\/div>\n                                                <\/div>\n                        \n                        <div class=\"funders__item grid__item\">\n                            <div class=\"funders__image\">\n                    <img decoding=\"async\" src=\"https:\/\/sites.uef.fi\/stopdia\/wp-content\/uploads\/sites\/90\/2021\/01\/Suomen-akatemia_Strateginen-tutkimus_logo.jpg\" alt=\"Suomen Akatemia, strateginen tutkimus logo.\" \/>\n                <\/div>\n                                                <\/div>\n                        \n            <\/div>\n","protected":false},"excerpt":{"rendered":"<p>StopDia-hankkeessa kehitettiin kokonaisvaltainen StopDia-ryhm\u00e4ohjausmalli tyypin 2 diabeteksen ehk\u00e4isyyn toteutettavaksi osana perusterveydenhuollon palveluja. Ryhm\u00e4ohjausmalli pohjautuu Ikihyv\u00e4 P\u00e4ij\u00e4t-H\u00e4me -ryhm\u00e4ohjauskonseptiin. Stopdia-ryhm\u00e4tapaamiset tukevat, kannustavat ja innostavat l\u00f6yt\u00e4m\u00e4\u00e4n itselle sopivia terveytt\u00e4 edist\u00e4vi\u00e4 elintapoja. StopDia-elintapainterventiossa k\u00e4ytetyss\u00e4 StopDia-ryhm\u00e4ohjausmallissa ryhm\u00e4tapaamisia on yhteens\u00e4 kuusi. Lis\u00e4ksi elintapainterventiossa ryhm\u00e4l\u00e4isten tukena on Pienet teot -digisovellus. Ohjaajana toimii StopDia-ryhm\u00e4ohjauskoulutuksen saanut terveydenhuollon ammattilainen, kuten hoitaja tai ravitsemusterapeutti. Ryhm\u00e4tapaamisilla k\u00e4sitell\u00e4\u00e4n [&hellip;]<\/p>\n","protected":false},"author":187,"featured_media":0,"parent":0,"menu_order":0,"comment_status":"closed","ping_status":"closed","template":"","meta":{"_acf_changed":false,"_monsterinsights_skip_tracking":false,"_monsterinsights_sitenote_active":false,"_monsterinsights_sitenote_note":"","_monsterinsights_sitenote_category":0,"footnotes":""},"class_list":["post-191","page","type-page","status-publish","hentry"],"acf":[],"yoast_head":"<!-- This site is optimized with the Yoast SEO plugin v27.1.1 - https:\/\/yoast.com\/product\/yoast-seo-wordpress\/ -->\n<title>Voimaannuttava StopDia-ryhm\u00e4ohjausmalli - StopDia<\/title>\n<meta name=\"robots\" content=\"index, follow, max-snippet:-1, max-image-preview:large, max-video-preview:-1\" \/>\n<link rel=\"canonical\" href=\"https:\/\/sites.uef.fi\/stopdia\/voimaannuttava-ryhmaohjaus\/\" \/>\n<meta property=\"og:locale\" content=\"fi_FI\" \/>\n<meta property=\"og:type\" content=\"article\" \/>\n<meta property=\"og:title\" content=\"Voimaannuttava StopDia-ryhm\u00e4ohjausmalli - StopDia\" \/>\n<meta property=\"og:description\" content=\"StopDia-hankkeessa kehitettiin kokonaisvaltainen StopDia-ryhm\u00e4ohjausmalli tyypin 2 diabeteksen ehk\u00e4isyyn toteutettavaksi osana perusterveydenhuollon palveluja. Ryhm\u00e4ohjausmalli pohjautuu Ikihyv\u00e4 P\u00e4ij\u00e4t-H\u00e4me -ryhm\u00e4ohjauskonseptiin. Stopdia-ryhm\u00e4tapaamiset tukevat, kannustavat ja innostavat l\u00f6yt\u00e4m\u00e4\u00e4n itselle sopivia terveytt\u00e4 edist\u00e4vi\u00e4 elintapoja. StopDia-elintapainterventiossa k\u00e4ytetyss\u00e4 StopDia-ryhm\u00e4ohjausmallissa ryhm\u00e4tapaamisia on yhteens\u00e4 kuusi. Lis\u00e4ksi elintapainterventiossa ryhm\u00e4l\u00e4isten tukena on Pienet teot -digisovellus. Ohjaajana toimii StopDia-ryhm\u00e4ohjauskoulutuksen saanut terveydenhuollon ammattilainen, kuten hoitaja tai ravitsemusterapeutti. Ryhm\u00e4tapaamisilla k\u00e4sitell\u00e4\u00e4n [&hellip;]\" \/>\n<meta property=\"og:url\" content=\"https:\/\/sites.uef.fi\/stopdia\/voimaannuttava-ryhmaohjaus\/\" \/>\n<meta property=\"og:site_name\" content=\"StopDia\" \/>\n<meta property=\"article:modified_time\" content=\"2023-12-21T12:38:01+00:00\" \/>\n<meta property=\"og:image\" content=\"https:\/\/sites.uef.fi\/stopdia\/wp-content\/uploads\/sites\/90\/2020\/08\/workshop.jpg\" \/>\n<meta name=\"twitter:card\" content=\"summary_large_image\" \/>\n<meta name=\"twitter:label1\" content=\"Arvioitu lukuaika\" \/>\n\t<meta name=\"twitter:data1\" content=\"3 minuuttia\" \/>\n<script type=\"application\/ld+json\" class=\"yoast-schema-graph\">{\"@context\":\"https:\/\/schema.org\",\"@graph\":[{\"@type\":\"WebPage\",\"@id\":\"https:\/\/sites.uef.fi\/stopdia\/voimaannuttava-ryhmaohjaus\/\",\"url\":\"https:\/\/sites.uef.fi\/stopdia\/voimaannuttava-ryhmaohjaus\/\",\"name\":\"Voimaannuttava StopDia-ryhm\u00e4ohjausmalli - StopDia\",\"isPartOf\":{\"@id\":\"https:\/\/sites.uef.fi\/stopdia\/?lang=en\/#website\"},\"primaryImageOfPage\":{\"@id\":\"https:\/\/sites.uef.fi\/stopdia\/voimaannuttava-ryhmaohjaus\/#primaryimage\"},\"image\":{\"@id\":\"https:\/\/sites.uef.fi\/stopdia\/voimaannuttava-ryhmaohjaus\/#primaryimage\"},\"thumbnailUrl\":\"https:\/\/sites.uef.fi\/stopdia\/wp-content\/uploads\/sites\/90\/2020\/08\/workshop.jpg\",\"datePublished\":\"2020-06-12T15:56:55+00:00\",\"dateModified\":\"2023-12-21T12:38:01+00:00\",\"breadcrumb\":{\"@id\":\"https:\/\/sites.uef.fi\/stopdia\/voimaannuttava-ryhmaohjaus\/#breadcrumb\"},\"inLanguage\":\"fi\",\"potentialAction\":[{\"@type\":\"ReadAction\",\"target\":[\"https:\/\/sites.uef.fi\/stopdia\/voimaannuttava-ryhmaohjaus\/\"]}]},{\"@type\":\"ImageObject\",\"inLanguage\":\"fi\",\"@id\":\"https:\/\/sites.uef.fi\/stopdia\/voimaannuttava-ryhmaohjaus\/#primaryimage\",\"url\":\"https:\/\/sites.uef.fi\/stopdia\/wp-content\/uploads\/sites\/90\/2020\/08\/workshop.jpg\",\"contentUrl\":\"https:\/\/sites.uef.fi\/stopdia\/wp-content\/uploads\/sites\/90\/2020\/08\/workshop.jpg\",\"width\":1920,\"height\":1242},{\"@type\":\"BreadcrumbList\",\"@id\":\"https:\/\/sites.uef.fi\/stopdia\/voimaannuttava-ryhmaohjaus\/#breadcrumb\",\"itemListElement\":[{\"@type\":\"ListItem\",\"position\":1,\"name\":\"Home\",\"item\":\"https:\/\/sites.uef.fi\/stopdia\/\"},{\"@type\":\"ListItem\",\"position\":2,\"name\":\"Voimaannuttava StopDia-ryhm\u00e4ohjausmalli\"}]},{\"@type\":\"WebSite\",\"@id\":\"https:\/\/sites.uef.fi\/stopdia\/?lang=en\/#website\",\"url\":\"https:\/\/sites.uef.fi\/stopdia\/?lang=en\/\",\"name\":\"StopDia\",\"description\":\"\",\"potentialAction\":[{\"@type\":\"SearchAction\",\"target\":{\"@type\":\"EntryPoint\",\"urlTemplate\":\"https:\/\/sites.uef.fi\/stopdia\/?lang=en\/?s={search_term_string}\"},\"query-input\":{\"@type\":\"PropertyValueSpecification\",\"valueRequired\":true,\"valueName\":\"search_term_string\"}}],\"inLanguage\":\"fi\"}]}<\/script>\n<!-- \/ Yoast SEO plugin. -->","yoast_head_json":{"title":"Voimaannuttava StopDia-ryhm\u00e4ohjausmalli - StopDia","robots":{"index":"index","follow":"follow","max-snippet":"max-snippet:-1","max-image-preview":"max-image-preview:large","max-video-preview":"max-video-preview:-1"},"canonical":"https:\/\/sites.uef.fi\/stopdia\/voimaannuttava-ryhmaohjaus\/","og_locale":"fi_FI","og_type":"article","og_title":"Voimaannuttava StopDia-ryhm\u00e4ohjausmalli - StopDia","og_description":"StopDia-hankkeessa kehitettiin kokonaisvaltainen StopDia-ryhm\u00e4ohjausmalli tyypin 2 diabeteksen ehk\u00e4isyyn toteutettavaksi osana perusterveydenhuollon palveluja. Ryhm\u00e4ohjausmalli pohjautuu Ikihyv\u00e4 P\u00e4ij\u00e4t-H\u00e4me -ryhm\u00e4ohjauskonseptiin. Stopdia-ryhm\u00e4tapaamiset tukevat, kannustavat ja innostavat l\u00f6yt\u00e4m\u00e4\u00e4n itselle sopivia terveytt\u00e4 edist\u00e4vi\u00e4 elintapoja. StopDia-elintapainterventiossa k\u00e4ytetyss\u00e4 StopDia-ryhm\u00e4ohjausmallissa ryhm\u00e4tapaamisia on yhteens\u00e4 kuusi. Lis\u00e4ksi elintapainterventiossa ryhm\u00e4l\u00e4isten tukena on Pienet teot -digisovellus. Ohjaajana toimii StopDia-ryhm\u00e4ohjauskoulutuksen saanut terveydenhuollon ammattilainen, kuten hoitaja tai ravitsemusterapeutti. Ryhm\u00e4tapaamisilla k\u00e4sitell\u00e4\u00e4n [&hellip;]","og_url":"https:\/\/sites.uef.fi\/stopdia\/voimaannuttava-ryhmaohjaus\/","og_site_name":"StopDia","article_modified_time":"2023-12-21T12:38:01+00:00","og_image":[{"url":"https:\/\/sites.uef.fi\/stopdia\/wp-content\/uploads\/sites\/90\/2020\/08\/workshop.jpg","type":"","width":"","height":""}],"twitter_card":"summary_large_image","twitter_misc":{"Arvioitu lukuaika":"3 minuuttia"},"schema":{"@context":"https:\/\/schema.org","@graph":[{"@type":"WebPage","@id":"https:\/\/sites.uef.fi\/stopdia\/voimaannuttava-ryhmaohjaus\/","url":"https:\/\/sites.uef.fi\/stopdia\/voimaannuttava-ryhmaohjaus\/","name":"Voimaannuttava StopDia-ryhm\u00e4ohjausmalli - StopDia","isPartOf":{"@id":"https:\/\/sites.uef.fi\/stopdia\/?lang=en\/#website"},"primaryImageOfPage":{"@id":"https:\/\/sites.uef.fi\/stopdia\/voimaannuttava-ryhmaohjaus\/#primaryimage"},"image":{"@id":"https:\/\/sites.uef.fi\/stopdia\/voimaannuttava-ryhmaohjaus\/#primaryimage"},"thumbnailUrl":"https:\/\/sites.uef.fi\/stopdia\/wp-content\/uploads\/sites\/90\/2020\/08\/workshop.jpg","datePublished":"2020-06-12T15:56:55+00:00","dateModified":"2023-12-21T12:38:01+00:00","breadcrumb":{"@id":"https:\/\/sites.uef.fi\/stopdia\/voimaannuttava-ryhmaohjaus\/#breadcrumb"},"inLanguage":"fi","potentialAction":[{"@type":"ReadAction","target":["https:\/\/sites.uef.fi\/stopdia\/voimaannuttava-ryhmaohjaus\/"]}]},{"@type":"ImageObject","inLanguage":"fi","@id":"https:\/\/sites.uef.fi\/stopdia\/voimaannuttava-ryhmaohjaus\/#primaryimage","url":"https:\/\/sites.uef.fi\/stopdia\/wp-content\/uploads\/sites\/90\/2020\/08\/workshop.jpg","contentUrl":"https:\/\/sites.uef.fi\/stopdia\/wp-content\/uploads\/sites\/90\/2020\/08\/workshop.jpg","width":1920,"height":1242},{"@type":"BreadcrumbList","@id":"https:\/\/sites.uef.fi\/stopdia\/voimaannuttava-ryhmaohjaus\/#breadcrumb","itemListElement":[{"@type":"ListItem","position":1,"name":"Home","item":"https:\/\/sites.uef.fi\/stopdia\/"},{"@type":"ListItem","position":2,"name":"Voimaannuttava StopDia-ryhm\u00e4ohjausmalli"}]},{"@type":"WebSite","@id":"https:\/\/sites.uef.fi\/stopdia\/?lang=en\/#website","url":"https:\/\/sites.uef.fi\/stopdia\/?lang=en\/","name":"StopDia","description":"","potentialAction":[{"@type":"SearchAction","target":{"@type":"EntryPoint","urlTemplate":"https:\/\/sites.uef.fi\/stopdia\/?lang=en\/?s={search_term_string}"},"query-input":{"@type":"PropertyValueSpecification","valueRequired":true,"valueName":"search_term_string"}}],"inLanguage":"fi"}]}},"_links":{"self":[{"href":"https:\/\/sites.uef.fi\/stopdia\/wp-json\/wp\/v2\/pages\/191","targetHints":{"allow":["GET"]}}],"collection":[{"href":"https:\/\/sites.uef.fi\/stopdia\/wp-json\/wp\/v2\/pages"}],"about":[{"href":"https:\/\/sites.uef.fi\/stopdia\/wp-json\/wp\/v2\/types\/page"}],"author":[{"embeddable":true,"href":"https:\/\/sites.uef.fi\/stopdia\/wp-json\/wp\/v2\/users\/187"}],"replies":[{"embeddable":true,"href":"https:\/\/sites.uef.fi\/stopdia\/wp-json\/wp\/v2\/comments?post=191"}],"version-history":[{"count":2,"href":"https:\/\/sites.uef.fi\/stopdia\/wp-json\/wp\/v2\/pages\/191\/revisions"}],"predecessor-version":[{"id":5132,"href":"https:\/\/sites.uef.fi\/stopdia\/wp-json\/wp\/v2\/pages\/191\/revisions\/5132"}],"wp:attachment":[{"href":"https:\/\/sites.uef.fi\/stopdia\/wp-json\/wp\/v2\/media?parent=191"}],"curies":[{"name":"wp","href":"https:\/\/api.w.org\/{rel}","templated":true}]}}