{"id":2480,"date":"2020-06-26T17:27:53","date_gmt":"2020-06-26T14:27:53","guid":{"rendered":"https:\/\/sites.uef.fi\/stopdia\/?page_id=2480"},"modified":"2023-12-22T09:04:58","modified_gmt":"2023-12-22T07:04:58","slug":"peer-reviewed-articles","status":"publish","type":"page","link":"https:\/\/sites.uef.fi\/stopdia\/peer-reviewed-articles\/?lang=en","title":{"rendered":"Peer Reviewed Articles"},"content":{"rendered":"\n<h2 class=\"wp-block-heading\">2020<\/h2>\n\n\n\n<ul class=\"wp-block-list\">\n<li>Harjumaa M, Absetz P, Ermes M, Mattila E, M\u00e4nnikk\u00f6 R, Tilles-Tirkkonen T, Lintu N, Schwab U, Umer A, Lepp\u00e4nen J, Pihlajam\u00e4ki J. <a href=\"https:\/\/diabetes.jmir.org\/2020\/3\/e15219\/\">Internet-Based Lifestyle Intervention to Prevent Type 2 Diabetes Through Healthy Habits: Design and 6-Month Usage Results of Randomized Controlled Trial.<\/a> JMIR Diabetes 202;5(3):e15219. Published 2020 Aug 11. doi: 10.2196\/15219.<\/li>\n<\/ul>\n\n\n\n<h2 class=\"wp-block-heading\">2019<\/h2>\n\n\n\n<ul class=\"wp-block-list\">\n<li><span class=\"authors-list-item \">Tilles-Tirkkonen T<span class=\"comma\">, <\/span><\/span><span class=\"authors-list-item \">Aittola K<span class=\"comma\">, <\/span><\/span><span class=\"authors-list-item \">M\u00e4nnikk\u00f6 R<span class=\"comma\">, <\/span><\/span><span class=\"authors-list-item \">Absetz P<span class=\"comma\">, <\/span><\/span><span class=\"authors-list-item \">Kolehmainen M<span class=\"comma\">, <\/span><\/span><span class=\"authors-list-item \">Schwab U<span class=\"comma\">, <\/span><\/span><span class=\"authors-list-item \">Lindstr\u00f6m J<span class=\"comma\">, <\/span><\/span><span class=\"authors-list-item \">Lakka T<span class=\"comma\">, <\/span><\/span><span class=\"authors-list-item \">Pihlajam\u00e4ki J<span class=\"comma\">, <\/span><\/span><span class=\"authors-list-item \">Karhunen L<\/span>. <a href=\"https:\/\/pubmed.ncbi.nlm.nih.gov\/31905938\/\">Eating Competence Is Associated with Lower Prevalence of Obesity and Better Insulin Sensitivity in Finnish Adults with Increased Risk for Type 2 Diabetes: The StopDia Study.<\/a> Nutrients 2019;12(1):104. Published 2019 Dec 30. doi:10.3390\/nu12010104<\/li>\n\n\n\n<li>Rantala E<span class=\"separator \">, <\/span>Pentik\u00e4inen S<span class=\"separator \">, <\/span>Absetz P<span class=\"separator \">, <\/span>Tilles-Tirkkonen T<span class=\"separator hidden-author\">, <\/span>Kolehmainen M<span class=\"separator hidden-author\">, <\/span>Pihlajam\u00e4ki J<span class=\"separator hidden-author\">, <\/span>Poutanen K &amp; Karhunen L. <a href=\"https:\/\/www.cambridge.org\/core\/journals\/proceedings-of-the-nutrition-society\/article\/nudge-interventions-needed-to-promote-healthy-diet-among-employees-with-physical-work-and-employees-not-eating-in-a-staff-restaurant\/1B77DEAF5CD0F9EE7D5203674E6F2A7D\">Nudge interventions needed to promote healthy diet among employees with physical work and employees not eating in a staff restaurant.<\/a> Proceedings of the Nutrition Society 2020, 79(OCE2), E107. doi:10.1017\/S0029665120000555<\/li>\n\n\n\n<li><span class=\"authors-list-item \">Pihlajam\u00e4ki J<span class=\"comma\">, <\/span><\/span><span class=\"authors-list-item \">M\u00e4nnikk\u00f6 R<span class=\"comma\">, <\/span><\/span><span class=\"authors-list-item \">Tilles-Tirkkonen T<span class=\"comma\">, <\/span><\/span><span class=\"authors-list-item \">Karhunen L<span class=\"comma\">, <\/span><\/span><span class=\"authors-list-item \">Kolehmainen M<span class=\"comma\">, <\/span><\/span><span class=\"authors-list-item \">Schwab U<span class=\"comma\">, <\/span><\/span><span class=\"authors-list-item \">Lintu N<span class=\"comma\">, <\/span><\/span><span class=\"authors-list-item \">Paananen J<span class=\"comma\">, <\/span><\/span><span class=\"authors-list-item \">J\u00e4rvenp\u00e4\u00e4 R<span class=\"comma\">, <\/span><\/span><span class=\"authors-list-item \">Harjumaa M<span class=\"comma\">, <\/span><\/span><span class=\"authors-list-item \">Martikainen J<span class=\"comma\">, <\/span><\/span><span class=\"authors-list-item \">Kohl J<span class=\"comma\">, <\/span><\/span><span class=\"authors-list-item \">Poutanen K<span class=\"comma\">, <\/span><\/span><span class=\"authors-list-item \">Ermes M<span class=\"comma\">, <\/span><\/span><span class=\"authors-list-item \">Absetz P<span class=\"comma\">, <\/span><\/span><span class=\"authors-list-item \">Lindstr\u00f6m J<span class=\"comma\">, <\/span><\/span><span class=\"authors-list-item \">Lakka T<span class=\"comma\">,&nbsp;<\/span><\/span><span class=\"authors-list-item \">StopDia study group<\/span>.<a href=\"https:\/\/pubmed.ncbi.nlm.nih.gov\/30823909\/\"> Digitally supported program for type 2 diabetes risk identification and risk reduction in real-world setting: protocol for the StopDia model and randomized controlled trial.<\/a> BMC Public Health 2019;19(1):255. Published 2019 Mar 1. doi:10.1186\/s12889-019-6574-y<\/li>\n<\/ul>\n\n\n\n<h2 class=\"wp-block-heading\">2017<\/h2>\n\n\n\n<ul class=\"wp-block-list\">\n<li>\u00c4ik\u00e4s, A. H., Pronk, N. P., Hirvensalo, M. H., &amp; Absetz, P. <a href=\"https:\/\/www.ncbi.nlm.nih.gov\/pmc\/articles\/PMC5540356\/\">Does Implementation Follow Design? A Case Study of a Workplace Health Promotion Program Using the 4-S Program Design and the PIPE Impact Metric Evaluation Models.<\/a> Journal of occupational and environmental medicine 2017, 59(8), 752\u2013760. https:\/\/doi.org\/10.1097\/JOM.0000000000001067<\/li>\n<\/ul>\n\n\n    <div class=\"funders grid\">\n                        <div class=\"funders__item grid__item\">\n                            <div class=\"funders__image\">\n                    <img decoding=\"async\" src=\"https:\/\/sites.uef.fi\/stopdia\/wp-content\/uploads\/sites\/90\/2021\/01\/University_of_eastern_finland_logo.jpg\" alt=\"It\u00e4-Suomen yliopiston logo.\" \/>\n                <\/div>\n                                                <\/div>\n                        \n                        <div class=\"funders__item grid__item\">\n                            <div class=\"funders__image\">\n                    <img decoding=\"async\" src=\"https:\/\/sites.uef.fi\/stopdia\/wp-content\/uploads\/sites\/90\/2020\/07\/THL_tunnus_lyhyt_RGB_vihrea-1-1.jpg\" alt=\"Terveyden ja hyvinvoinnin laitoksen (THL) logo.\" \/>\n                <\/div>\n                                                <\/div>\n                        \n                        <div class=\"funders__item grid__item\">\n                            <div class=\"funders__image\">\n                    <img decoding=\"async\" src=\"https:\/\/sites.uef.fi\/stopdia\/wp-content\/uploads\/sites\/90\/2020\/07\/VTT_Orange_Logo-1.jpg\" alt=\"VTT:n logo.\" \/>\n                <\/div>\n                                                <\/div>\n                        \n            <\/div>\n\n\n    <div class=\"funders grid\">\n                        <div class=\"funders__item grid__item\">\n                            <div class=\"funders__image\">\n                    <img decoding=\"async\" src=\"https:\/\/sites.uef.fi\/stopdia\/wp-content\/uploads\/sites\/90\/2020\/08\/Suomen-Akatemia.jpg\" alt=\"Suomen Akatemia logo.\" \/>\n                <\/div>\n                                                <\/div>\n                        \n                        <div class=\"funders__item grid__item\">\n                            <div class=\"funders__image\">\n                    <img decoding=\"async\" src=\"https:\/\/sites.uef.fi\/stopdia\/wp-content\/uploads\/sites\/90\/2021\/01\/Suomen-akatemia_Strateginen-tutkimus_logo.jpg\" alt=\"Suomen Akatemia, strateginen tutkimus logo.\" \/>\n                <\/div>\n                                                <\/div>\n                        \n            <\/div>\n","protected":false},"excerpt":{"rendered":"<p>2020 2019 2017<\/p>\n","protected":false},"author":187,"featured_media":0,"parent":0,"menu_order":0,"comment_status":"closed","ping_status":"closed","template":"","meta":{"_acf_changed":false,"_monsterinsights_skip_tracking":false,"_monsterinsights_sitenote_active":false,"_monsterinsights_sitenote_note":"","_monsterinsights_sitenote_category":0,"footnotes":""},"class_list":["post-2480","page","type-page","status-publish","hentry"],"acf":[],"yoast_head":"<!-- This site is optimized with the Yoast SEO plugin v27.1.1 - https:\/\/yoast.com\/product\/yoast-seo-wordpress\/ -->\n<title>Peer Reviewed Articles - StopDia<\/title>\n<meta name=\"robots\" content=\"index, follow, max-snippet:-1, max-image-preview:large, max-video-preview:-1\" \/>\n<link rel=\"canonical\" href=\"https:\/\/sites.uef.fi\/stopdia\/peer-reviewed-articles\/?lang=en\" \/>\n<meta property=\"og:locale\" content=\"fi_FI\" \/>\n<meta property=\"og:type\" content=\"article\" \/>\n<meta property=\"og:title\" content=\"Peer Reviewed Articles - StopDia\" \/>\n<meta property=\"og:description\" content=\"2020 2019 2017\" \/>\n<meta property=\"og:url\" content=\"https:\/\/sites.uef.fi\/stopdia\/peer-reviewed-articles\/?lang=en\" \/>\n<meta property=\"og:site_name\" content=\"StopDia\" \/>\n<meta property=\"article:modified_time\" content=\"2023-12-22T07:04:58+00:00\" \/>\n<meta name=\"twitter:card\" content=\"summary_large_image\" \/>\n<meta name=\"twitter:label1\" content=\"Arvioitu lukuaika\" \/>\n\t<meta name=\"twitter:data1\" content=\"1 minuutti\" \/>\n<script type=\"application\/ld+json\" class=\"yoast-schema-graph\">{\"@context\":\"https:\/\/schema.org\",\"@graph\":[{\"@type\":\"WebPage\",\"@id\":\"https:\/\/sites.uef.fi\/stopdia\/peer-reviewed-articles\/?lang=en\",\"url\":\"https:\/\/sites.uef.fi\/stopdia\/peer-reviewed-articles\/?lang=en\",\"name\":\"Peer Reviewed Articles - StopDia\",\"isPartOf\":{\"@id\":\"https:\/\/sites.uef.fi\/stopdia\/#website\"},\"datePublished\":\"2020-06-26T14:27:53+00:00\",\"dateModified\":\"2023-12-22T07:04:58+00:00\",\"breadcrumb\":{\"@id\":\"https:\/\/sites.uef.fi\/stopdia\/peer-reviewed-articles\/?lang=en#breadcrumb\"},\"inLanguage\":\"fi\",\"potentialAction\":[{\"@type\":\"ReadAction\",\"target\":[\"https:\/\/sites.uef.fi\/stopdia\/peer-reviewed-articles\/?lang=en\"]}]},{\"@type\":\"BreadcrumbList\",\"@id\":\"https:\/\/sites.uef.fi\/stopdia\/peer-reviewed-articles\/?lang=en#breadcrumb\",\"itemListElement\":[{\"@type\":\"ListItem\",\"position\":1,\"name\":\"Home\",\"item\":\"https:\/\/sites.uef.fi\/stopdia\/\"},{\"@type\":\"ListItem\",\"position\":2,\"name\":\"Peer Reviewed Articles\"}]},{\"@type\":\"WebSite\",\"@id\":\"https:\/\/sites.uef.fi\/stopdia\/#website\",\"url\":\"https:\/\/sites.uef.fi\/stopdia\/\",\"name\":\"StopDia\",\"description\":\"\",\"potentialAction\":[{\"@type\":\"SearchAction\",\"target\":{\"@type\":\"EntryPoint\",\"urlTemplate\":\"https:\/\/sites.uef.fi\/stopdia\/?s={search_term_string}\"},\"query-input\":{\"@type\":\"PropertyValueSpecification\",\"valueRequired\":true,\"valueName\":\"search_term_string\"}}],\"inLanguage\":\"fi\"}]}<\/script>\n<!-- \/ Yoast SEO plugin. -->","yoast_head_json":{"title":"Peer Reviewed Articles - StopDia","robots":{"index":"index","follow":"follow","max-snippet":"max-snippet:-1","max-image-preview":"max-image-preview:large","max-video-preview":"max-video-preview:-1"},"canonical":"https:\/\/sites.uef.fi\/stopdia\/peer-reviewed-articles\/?lang=en","og_locale":"fi_FI","og_type":"article","og_title":"Peer Reviewed Articles - StopDia","og_description":"2020 2019 2017","og_url":"https:\/\/sites.uef.fi\/stopdia\/peer-reviewed-articles\/?lang=en","og_site_name":"StopDia","article_modified_time":"2023-12-22T07:04:58+00:00","twitter_card":"summary_large_image","twitter_misc":{"Arvioitu lukuaika":"1 minuutti"},"schema":{"@context":"https:\/\/schema.org","@graph":[{"@type":"WebPage","@id":"https:\/\/sites.uef.fi\/stopdia\/peer-reviewed-articles\/?lang=en","url":"https:\/\/sites.uef.fi\/stopdia\/peer-reviewed-articles\/?lang=en","name":"Peer Reviewed Articles - StopDia","isPartOf":{"@id":"https:\/\/sites.uef.fi\/stopdia\/#website"},"datePublished":"2020-06-26T14:27:53+00:00","dateModified":"2023-12-22T07:04:58+00:00","breadcrumb":{"@id":"https:\/\/sites.uef.fi\/stopdia\/peer-reviewed-articles\/?lang=en#breadcrumb"},"inLanguage":"fi","potentialAction":[{"@type":"ReadAction","target":["https:\/\/sites.uef.fi\/stopdia\/peer-reviewed-articles\/?lang=en"]}]},{"@type":"BreadcrumbList","@id":"https:\/\/sites.uef.fi\/stopdia\/peer-reviewed-articles\/?lang=en#breadcrumb","itemListElement":[{"@type":"ListItem","position":1,"name":"Home","item":"https:\/\/sites.uef.fi\/stopdia\/"},{"@type":"ListItem","position":2,"name":"Peer Reviewed Articles"}]},{"@type":"WebSite","@id":"https:\/\/sites.uef.fi\/stopdia\/#website","url":"https:\/\/sites.uef.fi\/stopdia\/","name":"StopDia","description":"","potentialAction":[{"@type":"SearchAction","target":{"@type":"EntryPoint","urlTemplate":"https:\/\/sites.uef.fi\/stopdia\/?s={search_term_string}"},"query-input":{"@type":"PropertyValueSpecification","valueRequired":true,"valueName":"search_term_string"}}],"inLanguage":"fi"}]}},"_links":{"self":[{"href":"https:\/\/sites.uef.fi\/stopdia\/wp-json\/wp\/v2\/pages\/2480","targetHints":{"allow":["GET"]}}],"collection":[{"href":"https:\/\/sites.uef.fi\/stopdia\/wp-json\/wp\/v2\/pages"}],"about":[{"href":"https:\/\/sites.uef.fi\/stopdia\/wp-json\/wp\/v2\/types\/page"}],"author":[{"embeddable":true,"href":"https:\/\/sites.uef.fi\/stopdia\/wp-json\/wp\/v2\/users\/187"}],"replies":[{"embeddable":true,"href":"https:\/\/sites.uef.fi\/stopdia\/wp-json\/wp\/v2\/comments?post=2480"}],"version-history":[{"count":2,"href":"https:\/\/sites.uef.fi\/stopdia\/wp-json\/wp\/v2\/pages\/2480\/revisions"}],"predecessor-version":[{"id":5205,"href":"https:\/\/sites.uef.fi\/stopdia\/wp-json\/wp\/v2\/pages\/2480\/revisions\/5205"}],"wp:attachment":[{"href":"https:\/\/sites.uef.fi\/stopdia\/wp-json\/wp\/v2\/media?parent=2480"}],"curies":[{"name":"wp","href":"https:\/\/api.w.org\/{rel}","templated":true}]}}