{"id":262,"date":"2020-06-16T17:36:04","date_gmt":"2020-06-16T14:36:04","guid":{"rendered":"https:\/\/sites.uef.fi\/stopdia\/?page_id=262"},"modified":"2023-12-21T14:00:37","modified_gmt":"2023-12-21T12:00:37","slug":"t2d-data","status":"publish","type":"page","link":"https:\/\/sites.uef.fi\/stopdia\/t2d-data\/","title":{"rendered":"T2D-Data -hanke"},"content":{"rendered":"\n<figure class=\"wp-block-image\"><img loading=\"lazy\" decoding=\"async\" width=\"2240\" height=\"1260\" src=\"https:\/\/sites.uef.fi\/stopdia\/wp-content\/uploads\/sites\/90\/2020\/09\/DATAPOHJAISET-RATKAISUT-TYYPIN-2-DIABETEKSEN-ENNALTAEHK\u00c4ISYYN.jpg\" alt=\"\" class=\"wp-image-3278\" srcset=\"https:\/\/sites.uef.fi\/stopdia\/wp-content\/uploads\/sites\/90\/2020\/09\/DATAPOHJAISET-RATKAISUT-TYYPIN-2-DIABETEKSEN-ENNALTAEHK\u00c4ISYYN.jpg 2240w, https:\/\/sites.uef.fi\/stopdia\/wp-content\/uploads\/sites\/90\/2020\/09\/DATAPOHJAISET-RATKAISUT-TYYPIN-2-DIABETEKSEN-ENNALTAEHK\u00c4ISYYN-300x169.jpg 300w, https:\/\/sites.uef.fi\/stopdia\/wp-content\/uploads\/sites\/90\/2020\/09\/DATAPOHJAISET-RATKAISUT-TYYPIN-2-DIABETEKSEN-ENNALTAEHK\u00c4ISYYN-1024x576.jpg 1024w, https:\/\/sites.uef.fi\/stopdia\/wp-content\/uploads\/sites\/90\/2020\/09\/DATAPOHJAISET-RATKAISUT-TYYPIN-2-DIABETEKSEN-ENNALTAEHK\u00c4ISYYN-768x432.jpg 768w, https:\/\/sites.uef.fi\/stopdia\/wp-content\/uploads\/sites\/90\/2020\/09\/DATAPOHJAISET-RATKAISUT-TYYPIN-2-DIABETEKSEN-ENNALTAEHK\u00c4ISYYN-1536x864.jpg 1536w, https:\/\/sites.uef.fi\/stopdia\/wp-content\/uploads\/sites\/90\/2020\/09\/DATAPOHJAISET-RATKAISUT-TYYPIN-2-DIABETEKSEN-ENNALTAEHK\u00c4ISYYN-2048x1152.jpg 2048w\" sizes=\"auto, (max-width: 2240px) 100vw, 2240px\" \/><\/figure>\n\n\n\n<h2 class=\"wp-block-heading\">Tervetuloa T2D-Data -hankkeen nettisivuille!<\/h2>\n\n\n\n<p>Digitaalisia palveluita hy\u00f6dynnet\u00e4\u00e4n yh\u00e4 useammin terveellisten elintapojen tukemisessa ja elintapasairauksien ennaltaehk\u00e4isyss\u00e4. Palvelujen parempi saatavuus ei yksin riit\u00e4, vaan ihmisten tulisi sitoutua palveluiden k\u00e4ytt\u00f6\u00f6n ja elintapamuutoksiin. Elintapojen pysyv\u00e4 muuttaminen on kuitenkin haastavaa ja useimmat kokevat takaiskuja matkalla. Digitaaliset palvelut eiv\u00e4t my\u00f6sk\u00e4\u00e4n tue t\u00e4t\u00e4 pitk\u00e4aikaista prosessia parhaalla mahdollisella tavalla, tai mukaudu yksil\u00f6llisiin tarpeisiin tai erilaisiin el\u00e4m\u00e4ntilanteisiin. T\u00e4ss\u00e4 hankkeessa kehitet\u00e4\u00e4n ratkaisuja, jotka mahdollistavat paremmin yksil\u00f6\u00e4 tukevat palvelut tulevaisuudessa.<\/p>\n\n\n\n<h3 class=\"wp-block-heading\">Datal\u00e4ht\u00f6iset menetelm\u00e4t ponnahduslautana<\/h3>\n\n\n\n<p>Hy\u00f6dynn\u00e4mme olemassa olevaa, StopDia- ja Diabetes Prevention Study (DPS) -hankkeissa ker\u00e4tty\u00e4, ainutlaatuista dataa ihmisten elintavoista, niiden muutosprosesseista, metabolomiikasta ja perim\u00e4st\u00e4. N\u00e4iden aineistojen pohjalta kehit\u00e4mme ja validoimme uusia malleja diabetesriskin tarkempaan tunnistamiseen tilastollisia menetelmi\u00e4 ja teko\u00e4ly\u00e4 hy\u00f6dynt\u00e4en. Tutkimme my\u00f6s, mitk\u00e4 tekij\u00e4t ennustavat digitaalisten palveluiden k\u00e4ytt\u00f6\u00e4 ja elintapamuutoksissa onnistumista. N\u00e4iden oppien pohjalta kehit\u00e4mme uusia yksil\u00f6llisesti mukautuvia digitaalisia palveluita diabeteksen ehk\u00e4isyyn.<\/p>\n\n\n\n<h3 class=\"wp-block-heading\">N\u00e4ytt\u00f6\u00e4 menetelmien toimivuudesta lyhyell\u00e4 ja pitk\u00e4ll\u00e4 aikav\u00e4lill\u00e4<\/h3>\n\n\n\n<p>Kehitetyt menetelm\u00e4t arvioidaan monipuolisesti riippumattomia aineistoja ja kansallista rekisteridataa hy\u00f6dynt\u00e4en. Kehitetyt digitaaliset palvelut arvioidaan uudenlaisessa SMART-tutkimusasetelmassa, joka soveltuu perinteisi\u00e4 tutkimusasetelmia paremmin digitaalisten, yksil\u00f6llisesti mukautuvien ratkaisujen arviointiin ja mahdollistaa intervention muuttamisen tutkimuksen aikana.<br>Lis\u00e4ksi hankkeessa tutkitaan riskin ja elintapojen kehityspolkuja (trajektoreita) sek\u00e4 niiden ja uusien digitaalisten ratkaisujen terveystaloudellisia vaikutuksia pitk\u00e4ll\u00e4 aikav\u00e4lill\u00e4.<\/p>\n\n\n\n<figure class=\"wp-block-image aligncenter\"><img loading=\"lazy\" decoding=\"async\" width=\"643\" height=\"418\" src=\"https:\/\/sites.uef.fi\/stopdia\/wp-content\/uploads\/sites\/90\/2020\/10\/T2D-data-kulku.jpg\" alt=\"Kaaviokuva T2D-Data-hankkeen l\u00e4ht\u00f6kohdista ja etenemisest\u00e4. Ensimm\u00e4isess\u00e4 kohdassa StopDia-hankeen aineisto ja diabetesriskitesti, toisessa kohdassa datal\u00e4ht\u00f6iset menetelm\u00e4t ja yksil\u00f6llisten ratkaisuiden etsiminen ja kolmannessa kohdassa menetelmien arviointi, riskimallit ja uudet tutkimusasetelmat.\" class=\"wp-image-3723\" srcset=\"https:\/\/sites.uef.fi\/stopdia\/wp-content\/uploads\/sites\/90\/2020\/10\/T2D-data-kulku.jpg 643w, https:\/\/sites.uef.fi\/stopdia\/wp-content\/uploads\/sites\/90\/2020\/10\/T2D-data-kulku-300x195.jpg 300w\" sizes=\"auto, (max-width: 643px) 100vw, 643px\" \/><\/figure>\n\n\n\n<p>T2D-Data -hanketta rahoittaa Suomen Akatemia. Hankkeen toteutuksesta vastaavat Teknologian tutkimuskeskus VTT, It\u00e4-Suomen yliopisto ja Terveyden ja hyvinvoinnin laitos vuosina 2020\u20132023.<\/p>\n\n\n\n<figure class=\"wp-block-image aligncenter\"><img loading=\"lazy\" decoding=\"async\" width=\"250\" height=\"246\" src=\"https:\/\/sites.uef.fi\/stopdia\/wp-content\/uploads\/sites\/90\/2020\/09\/T2D-Data-logo-9.9..jpg\" alt=\"\" class=\"wp-image-3263\" \/><\/figure>\n\n\n    <div class=\"funders grid\">\n                        <div class=\"funders__item grid__item\">\n                            <div class=\"funders__image\">\n                    <img decoding=\"async\" src=\"https:\/\/sites.uef.fi\/stopdia\/wp-content\/uploads\/sites\/90\/2021\/01\/University_of_eastern_finland_logo.jpg\" alt=\"It\u00e4-Suomen yliopiston logo.\" \/>\n                <\/div>\n                                                <\/div>\n                        \n                        <div class=\"funders__item grid__item\">\n                            <div class=\"funders__image\">\n                    <img decoding=\"async\" src=\"https:\/\/sites.uef.fi\/stopdia\/wp-content\/uploads\/sites\/90\/2020\/07\/THL_tunnus_lyhyt_RGB_vihrea-1-1.jpg\" alt=\"Terveyden ja hyvinvoinnin laitoksen (THL) logo.\" \/>\n                <\/div>\n                                                <\/div>\n                        \n                        <div class=\"funders__item grid__item\">\n                            <div class=\"funders__image\">\n                    <img decoding=\"async\" src=\"https:\/\/sites.uef.fi\/stopdia\/wp-content\/uploads\/sites\/90\/2020\/07\/VTT_Orange_Logo-1.jpg\" alt=\"VTT:n logo.\" \/>\n                <\/div>\n                                                <\/div>\n                        \n            <\/div>\n\n\n    <div class=\"funders grid\">\n                        <div class=\"funders__item grid__item\">\n                            <div class=\"funders__image\">\n                    <img decoding=\"async\" src=\"https:\/\/sites.uef.fi\/stopdia\/wp-content\/uploads\/sites\/90\/2020\/08\/Suomen-Akatemia.jpg\" alt=\"Suomen Akatemia logo.\" \/>\n                <\/div>\n                                                <\/div>\n                        \n                        <div class=\"funders__item grid__item\">\n                            <div class=\"funders__image\">\n                    <img decoding=\"async\" src=\"https:\/\/sites.uef.fi\/stopdia\/wp-content\/uploads\/sites\/90\/2021\/01\/Suomen-akatemia_Strateginen-tutkimus_logo.jpg\" alt=\"Suomen Akatemia, strateginen tutkimus logo.\" \/>\n                <\/div>\n                                                <\/div>\n                        \n            <\/div>\n","protected":false},"excerpt":{"rendered":"<p>Tervetuloa T2D-Data -hankkeen nettisivuille! Digitaalisia palveluita hy\u00f6dynnet\u00e4\u00e4n yh\u00e4 useammin terveellisten elintapojen tukemisessa ja elintapasairauksien ennaltaehk\u00e4isyss\u00e4. Palvelujen parempi saatavuus ei yksin riit\u00e4, vaan ihmisten tulisi sitoutua palveluiden k\u00e4ytt\u00f6\u00f6n ja elintapamuutoksiin. Elintapojen pysyv\u00e4 muuttaminen on kuitenkin haastavaa ja useimmat kokevat takaiskuja matkalla. Digitaaliset palvelut eiv\u00e4t my\u00f6sk\u00e4\u00e4n tue t\u00e4t\u00e4 pitk\u00e4aikaista prosessia parhaalla mahdollisella tavalla, tai mukaudu yksil\u00f6llisiin tarpeisiin [&hellip;]<\/p>\n","protected":false},"author":187,"featured_media":0,"parent":0,"menu_order":0,"comment_status":"closed","ping_status":"closed","template":"","meta":{"_acf_changed":false,"_monsterinsights_skip_tracking":false,"_monsterinsights_sitenote_active":false,"_monsterinsights_sitenote_note":"","_monsterinsights_sitenote_category":0,"footnotes":""},"class_list":["post-262","page","type-page","status-publish","hentry"],"acf":[],"yoast_head":"<!-- This site is optimized with the Yoast SEO plugin v27.1.1 - https:\/\/yoast.com\/product\/yoast-seo-wordpress\/ -->\n<title>T2D-Data -hanke - StopDia<\/title>\n<meta name=\"robots\" content=\"index, follow, max-snippet:-1, max-image-preview:large, max-video-preview:-1\" \/>\n<link rel=\"canonical\" href=\"https:\/\/sites.uef.fi\/stopdia\/t2d-data\/\" \/>\n<meta property=\"og:locale\" content=\"fi_FI\" \/>\n<meta property=\"og:type\" content=\"article\" \/>\n<meta property=\"og:title\" content=\"T2D-Data -hanke - StopDia\" \/>\n<meta property=\"og:description\" content=\"Tervetuloa T2D-Data -hankkeen nettisivuille! Digitaalisia palveluita hy\u00f6dynnet\u00e4\u00e4n yh\u00e4 useammin terveellisten elintapojen tukemisessa ja elintapasairauksien ennaltaehk\u00e4isyss\u00e4. Palvelujen parempi saatavuus ei yksin riit\u00e4, vaan ihmisten tulisi sitoutua palveluiden k\u00e4ytt\u00f6\u00f6n ja elintapamuutoksiin. Elintapojen pysyv\u00e4 muuttaminen on kuitenkin haastavaa ja useimmat kokevat takaiskuja matkalla. Digitaaliset palvelut eiv\u00e4t my\u00f6sk\u00e4\u00e4n tue t\u00e4t\u00e4 pitk\u00e4aikaista prosessia parhaalla mahdollisella tavalla, tai mukaudu yksil\u00f6llisiin tarpeisiin [&hellip;]\" \/>\n<meta property=\"og:url\" content=\"https:\/\/sites.uef.fi\/stopdia\/t2d-data\/\" \/>\n<meta property=\"og:site_name\" content=\"StopDia\" \/>\n<meta property=\"article:modified_time\" content=\"2023-12-21T12:00:37+00:00\" \/>\n<meta property=\"og:image\" content=\"https:\/\/sites.uef.fi\/stopdia\/wp-content\/uploads\/sites\/90\/2020\/10\/T2D-data-kulku.jpg\" \/>\n<meta name=\"twitter:card\" content=\"summary_large_image\" \/>\n<meta name=\"twitter:label1\" content=\"Arvioitu lukuaika\" \/>\n\t<meta name=\"twitter:data1\" content=\"2 minuuttia\" \/>\n<script type=\"application\/ld+json\" class=\"yoast-schema-graph\">{\"@context\":\"https:\/\/schema.org\",\"@graph\":[{\"@type\":\"WebPage\",\"@id\":\"https:\/\/sites.uef.fi\/stopdia\/t2d-data\/\",\"url\":\"https:\/\/sites.uef.fi\/stopdia\/t2d-data\/\",\"name\":\"T2D-Data -hanke - StopDia\",\"isPartOf\":{\"@id\":\"https:\/\/sites.uef.fi\/stopdia\/?lang=en\/#website\"},\"primaryImageOfPage\":{\"@id\":\"https:\/\/sites.uef.fi\/stopdia\/t2d-data\/#primaryimage\"},\"image\":{\"@id\":\"https:\/\/sites.uef.fi\/stopdia\/t2d-data\/#primaryimage\"},\"thumbnailUrl\":\"https:\/\/sites.uef.fi\/stopdia\/wp-content\/uploads\/sites\/90\/2020\/10\/T2D-data-kulku.jpg\",\"datePublished\":\"2020-06-16T14:36:04+00:00\",\"dateModified\":\"2023-12-21T12:00:37+00:00\",\"breadcrumb\":{\"@id\":\"https:\/\/sites.uef.fi\/stopdia\/t2d-data\/#breadcrumb\"},\"inLanguage\":\"fi\",\"potentialAction\":[{\"@type\":\"ReadAction\",\"target\":[\"https:\/\/sites.uef.fi\/stopdia\/t2d-data\/\"]}]},{\"@type\":\"ImageObject\",\"inLanguage\":\"fi\",\"@id\":\"https:\/\/sites.uef.fi\/stopdia\/t2d-data\/#primaryimage\",\"url\":\"https:\/\/sites.uef.fi\/stopdia\/wp-content\/uploads\/sites\/90\/2020\/10\/T2D-data-kulku.jpg\",\"contentUrl\":\"https:\/\/sites.uef.fi\/stopdia\/wp-content\/uploads\/sites\/90\/2020\/10\/T2D-data-kulku.jpg\",\"width\":643,\"height\":418},{\"@type\":\"BreadcrumbList\",\"@id\":\"https:\/\/sites.uef.fi\/stopdia\/t2d-data\/#breadcrumb\",\"itemListElement\":[{\"@type\":\"ListItem\",\"position\":1,\"name\":\"Home\",\"item\":\"https:\/\/sites.uef.fi\/stopdia\/\"},{\"@type\":\"ListItem\",\"position\":2,\"name\":\"T2D-Data -hanke\"}]},{\"@type\":\"WebSite\",\"@id\":\"https:\/\/sites.uef.fi\/stopdia\/?lang=en\/#website\",\"url\":\"https:\/\/sites.uef.fi\/stopdia\/?lang=en\/\",\"name\":\"StopDia\",\"description\":\"\",\"potentialAction\":[{\"@type\":\"SearchAction\",\"target\":{\"@type\":\"EntryPoint\",\"urlTemplate\":\"https:\/\/sites.uef.fi\/stopdia\/?lang=en\/?s={search_term_string}\"},\"query-input\":{\"@type\":\"PropertyValueSpecification\",\"valueRequired\":true,\"valueName\":\"search_term_string\"}}],\"inLanguage\":\"fi\"}]}<\/script>\n<!-- \/ Yoast SEO plugin. -->","yoast_head_json":{"title":"T2D-Data -hanke - StopDia","robots":{"index":"index","follow":"follow","max-snippet":"max-snippet:-1","max-image-preview":"max-image-preview:large","max-video-preview":"max-video-preview:-1"},"canonical":"https:\/\/sites.uef.fi\/stopdia\/t2d-data\/","og_locale":"fi_FI","og_type":"article","og_title":"T2D-Data -hanke - StopDia","og_description":"Tervetuloa T2D-Data -hankkeen nettisivuille! Digitaalisia palveluita hy\u00f6dynnet\u00e4\u00e4n yh\u00e4 useammin terveellisten elintapojen tukemisessa ja elintapasairauksien ennaltaehk\u00e4isyss\u00e4. Palvelujen parempi saatavuus ei yksin riit\u00e4, vaan ihmisten tulisi sitoutua palveluiden k\u00e4ytt\u00f6\u00f6n ja elintapamuutoksiin. Elintapojen pysyv\u00e4 muuttaminen on kuitenkin haastavaa ja useimmat kokevat takaiskuja matkalla. Digitaaliset palvelut eiv\u00e4t my\u00f6sk\u00e4\u00e4n tue t\u00e4t\u00e4 pitk\u00e4aikaista prosessia parhaalla mahdollisella tavalla, tai mukaudu yksil\u00f6llisiin tarpeisiin [&hellip;]","og_url":"https:\/\/sites.uef.fi\/stopdia\/t2d-data\/","og_site_name":"StopDia","article_modified_time":"2023-12-21T12:00:37+00:00","og_image":[{"url":"https:\/\/sites.uef.fi\/stopdia\/wp-content\/uploads\/sites\/90\/2020\/10\/T2D-data-kulku.jpg","type":"","width":"","height":""}],"twitter_card":"summary_large_image","twitter_misc":{"Arvioitu lukuaika":"2 minuuttia"},"schema":{"@context":"https:\/\/schema.org","@graph":[{"@type":"WebPage","@id":"https:\/\/sites.uef.fi\/stopdia\/t2d-data\/","url":"https:\/\/sites.uef.fi\/stopdia\/t2d-data\/","name":"T2D-Data -hanke - StopDia","isPartOf":{"@id":"https:\/\/sites.uef.fi\/stopdia\/?lang=en\/#website"},"primaryImageOfPage":{"@id":"https:\/\/sites.uef.fi\/stopdia\/t2d-data\/#primaryimage"},"image":{"@id":"https:\/\/sites.uef.fi\/stopdia\/t2d-data\/#primaryimage"},"thumbnailUrl":"https:\/\/sites.uef.fi\/stopdia\/wp-content\/uploads\/sites\/90\/2020\/10\/T2D-data-kulku.jpg","datePublished":"2020-06-16T14:36:04+00:00","dateModified":"2023-12-21T12:00:37+00:00","breadcrumb":{"@id":"https:\/\/sites.uef.fi\/stopdia\/t2d-data\/#breadcrumb"},"inLanguage":"fi","potentialAction":[{"@type":"ReadAction","target":["https:\/\/sites.uef.fi\/stopdia\/t2d-data\/"]}]},{"@type":"ImageObject","inLanguage":"fi","@id":"https:\/\/sites.uef.fi\/stopdia\/t2d-data\/#primaryimage","url":"https:\/\/sites.uef.fi\/stopdia\/wp-content\/uploads\/sites\/90\/2020\/10\/T2D-data-kulku.jpg","contentUrl":"https:\/\/sites.uef.fi\/stopdia\/wp-content\/uploads\/sites\/90\/2020\/10\/T2D-data-kulku.jpg","width":643,"height":418},{"@type":"BreadcrumbList","@id":"https:\/\/sites.uef.fi\/stopdia\/t2d-data\/#breadcrumb","itemListElement":[{"@type":"ListItem","position":1,"name":"Home","item":"https:\/\/sites.uef.fi\/stopdia\/"},{"@type":"ListItem","position":2,"name":"T2D-Data -hanke"}]},{"@type":"WebSite","@id":"https:\/\/sites.uef.fi\/stopdia\/?lang=en\/#website","url":"https:\/\/sites.uef.fi\/stopdia\/?lang=en\/","name":"StopDia","description":"","potentialAction":[{"@type":"SearchAction","target":{"@type":"EntryPoint","urlTemplate":"https:\/\/sites.uef.fi\/stopdia\/?lang=en\/?s={search_term_string}"},"query-input":{"@type":"PropertyValueSpecification","valueRequired":true,"valueName":"search_term_string"}}],"inLanguage":"fi"}]}},"_links":{"self":[{"href":"https:\/\/sites.uef.fi\/stopdia\/wp-json\/wp\/v2\/pages\/262","targetHints":{"allow":["GET"]}}],"collection":[{"href":"https:\/\/sites.uef.fi\/stopdia\/wp-json\/wp\/v2\/pages"}],"about":[{"href":"https:\/\/sites.uef.fi\/stopdia\/wp-json\/wp\/v2\/types\/page"}],"author":[{"embeddable":true,"href":"https:\/\/sites.uef.fi\/stopdia\/wp-json\/wp\/v2\/users\/187"}],"replies":[{"embeddable":true,"href":"https:\/\/sites.uef.fi\/stopdia\/wp-json\/wp\/v2\/comments?post=262"}],"version-history":[{"count":2,"href":"https:\/\/sites.uef.fi\/stopdia\/wp-json\/wp\/v2\/pages\/262\/revisions"}],"predecessor-version":[{"id":5066,"href":"https:\/\/sites.uef.fi\/stopdia\/wp-json\/wp\/v2\/pages\/262\/revisions\/5066"}],"wp:attachment":[{"href":"https:\/\/sites.uef.fi\/stopdia\/wp-json\/wp\/v2\/media?parent=262"}],"curies":[{"name":"wp","href":"https:\/\/api.w.org\/{rel}","templated":true}]}}