{"id":271,"date":"2020-06-16T17:38:30","date_gmt":"2020-06-16T14:38:30","guid":{"rendered":"https:\/\/sites.uef.fi\/stopdia\/?page_id=271"},"modified":"2020-10-21T12:49:42","modified_gmt":"2020-10-21T09:49:42","slug":"uuden-hankkeen-alasivu","status":"publish","type":"page","link":"https:\/\/sites.uef.fi\/stopdia\/uuden-hankkeen-alasivu\/","title":{"rendered":"T2D-Data-hanke"},"content":{"rendered":"<h1><img loading=\"lazy\" decoding=\"async\" class=\"alignnone size-full wp-image-3302\" src=\"https:\/\/sites.uef.fi\/stopdia\/wp-content\/uploads\/sites\/90\/2020\/09\/RATKAISUJA-DIABETEKSEN-EHK\u00c4ISYYN_facebook_banner-with-logo.jpg\" alt=\"\" width=\"2050\" height=\"780\" srcset=\"https:\/\/sites.uef.fi\/stopdia\/wp-content\/uploads\/sites\/90\/2020\/09\/RATKAISUJA-DIABETEKSEN-EHK\u00c4ISYYN_facebook_banner-with-logo.jpg 2050w, https:\/\/sites.uef.fi\/stopdia\/wp-content\/uploads\/sites\/90\/2020\/09\/RATKAISUJA-DIABETEKSEN-EHK\u00c4ISYYN_facebook_banner-with-logo-300x114.jpg 300w, https:\/\/sites.uef.fi\/stopdia\/wp-content\/uploads\/sites\/90\/2020\/09\/RATKAISUJA-DIABETEKSEN-EHK\u00c4ISYYN_facebook_banner-with-logo-1024x390.jpg 1024w, https:\/\/sites.uef.fi\/stopdia\/wp-content\/uploads\/sites\/90\/2020\/09\/RATKAISUJA-DIABETEKSEN-EHK\u00c4ISYYN_facebook_banner-with-logo-768x292.jpg 768w, https:\/\/sites.uef.fi\/stopdia\/wp-content\/uploads\/sites\/90\/2020\/09\/RATKAISUJA-DIABETEKSEN-EHK\u00c4ISYYN_facebook_banner-with-logo-1536x584.jpg 1536w, https:\/\/sites.uef.fi\/stopdia\/wp-content\/uploads\/sites\/90\/2020\/09\/RATKAISUJA-DIABETEKSEN-EHK\u00c4ISYYN_facebook_banner-with-logo-2048x779.jpg 2048w\" sizes=\"auto, (max-width: 2050px) 100vw, 2050px\" \/><\/h1>\n<h1>Datapohjaiset ratkaisut tyypin 2 diabeteksen ennaltaehk\u00e4isyyn<\/h1>\n<p>Digitaalisia palveluita hy\u00f6dynnet\u00e4\u00e4n yh\u00e4 useammin terveellisten elintapojen tukemisessa sek\u00e4 elintapasairauksien ennaltaehk\u00e4isyss\u00e4. Palvelujen parempi saatavuus ei yksin riit\u00e4, vaan ihmisten tulisi sitoutua palveluiden k\u00e4ytt\u00f6\u00f6n ja elintapamuutoksiin. Hy\u00f6dynn\u00e4mme olemassa olevaa StopDia- ja DPS -hankkeissa ker\u00e4tty\u00e4 ainutlaatuista dataa ihmisten elintavoista, niiden muutosprosessista, metabolomiikasta ja perim\u00e4st\u00e4. Kehit\u00e4mme tietoon perustuen paremmin kohdennettuja ja yksil\u00f6llisi\u00e4 palveluja tyypin 2 diabeteksen ehk\u00e4isy\u00e4 varten. Kansainv\u00e4listen yhteisty\u00f6kumppaneiden tukemana, hy\u00f6dynt\u00e4en tilastollisia menetelmi\u00e4 ja teko\u00e4ly\u00e4, tutkimme mitk\u00e4 taustatekij\u00e4t selitt\u00e4v\u00e4t elintapainterventioihin sitoutumista sek\u00e4 millaiset muutokset johtavat suotuisiin muutokseen riskitekij\u00f6iss\u00e4. Tavoitteenamme on testata uusia data-pohjaisia menetelmi\u00e4 osana kansallista omahoitoj\u00e4rjestelm\u00e4\u00e4. Tutkimuksen tulokset tuovat ratkaisuja pysyvien elintapamuutoksen aikaansaamiseksi ja luovat s\u00e4\u00e4st\u00f6\u00e4 yhteiskunnalle.<\/p>\n<p>&nbsp;<\/p>\n<p>Hanke alkaa 1. syyskuuta 2020 ja p\u00e4\u00e4ttyy 31.8.2023.<\/p>\n<p>&nbsp;<\/p>\n<p><img loading=\"lazy\" decoding=\"async\" class=\"alignnone size-full wp-image-3263 aligncenter\" src=\"https:\/\/sites.uef.fi\/stopdia\/wp-content\/uploads\/sites\/90\/2020\/09\/T2D-Data-logo-9.9..jpg\" alt=\"\" width=\"250\" height=\"246\" \/><\/p>\n<p>&nbsp;<\/p>\n<p style=\"text-align: center\"><span class=\"soclabel\">Seuraa meit\u00e4: <\/span><a href=\"https:\/\/twitter.com\/stopdiafinland\" target=\"_blank\" rel=\"noopener noreferrer\"><img decoding=\"async\" src=\"https:\/\/www3.uef.fi\/uef-theme\/images\/twitter.png\" \/>Twitter<\/a> \u00a0<a href=\"https:\/\/www.facebook.com\/stopdiafinland\/\" target=\"_blank\" rel=\"noopener noreferrer\"><img decoding=\"async\" src=\"https:\/\/www3.uef.fi\/uef-theme\/images\/facebook.png\" \/>Facebook<\/a> <a href=\"https:\/\/www.youtube.com\/channel\/UCPOfRzSlDGTJkHmy-7SNp4w\" target=\"_blank\" rel=\"noopener noreferrer\"><img decoding=\"async\" src=\"https:\/\/www3.uef.fi\/uef-theme\/images\/youtube.png\" \/>Youtube<\/a><\/p>\n<p>&nbsp;<\/p>\n<p>&nbsp;<\/p>\n<p>&nbsp;<\/p>\n<p><u><a href=\"https:\/\/www.vttresearch.com\/fi\"><img loading=\"lazy\" decoding=\"async\" class=\"wp-image-1408 alignnone\" src=\"https:\/\/sites.uef.fi\/stopdia\/wp-content\/uploads\/sites\/90\/2020\/07\/VTT_Orange_Logo-1-300x202.jpg\" alt=\"\" width=\"124\" height=\"83\" srcset=\"https:\/\/sites.uef.fi\/stopdia\/wp-content\/uploads\/sites\/90\/2020\/07\/VTT_Orange_Logo-1-300x202.jpg 300w, https:\/\/sites.uef.fi\/stopdia\/wp-content\/uploads\/sites\/90\/2020\/07\/VTT_Orange_Logo-1-1024x688.jpg 1024w, https:\/\/sites.uef.fi\/stopdia\/wp-content\/uploads\/sites\/90\/2020\/07\/VTT_Orange_Logo-1-768x516.jpg 768w, https:\/\/sites.uef.fi\/stopdia\/wp-content\/uploads\/sites\/90\/2020\/07\/VTT_Orange_Logo-1-1536x1033.jpg 1536w, https:\/\/sites.uef.fi\/stopdia\/wp-content\/uploads\/sites\/90\/2020\/07\/VTT_Orange_Logo-1-2048x1377.jpg 2048w, https:\/\/sites.uef.fi\/stopdia\/wp-content\/uploads\/sites\/90\/2020\/07\/VTT_Orange_Logo-1-930x620.jpg 930w\" sizes=\"auto, (max-width: 124px) 100vw, 124px\" \/><\/a><a href=\"http:\/\/www.uef.fi\/\" target=\"_blank\" rel=\"noopener noreferrer\"><img loading=\"lazy\" decoding=\"async\" class=\"alignnone\" src=\"https:\/\/www3.uef.fi\/documents\/1022624\/1098888\/uef-200pxw.png\/c383be8e-1d4c-4399-bfcb-5fb99bc120c7?t=1472208997079\" width=\"170\" height=\"111\" \/><\/a><\/u><a href=\"https:\/\/thl.fi\/fi\/\"><img loading=\"lazy\" decoding=\"async\" class=\"wp-image-1402 alignnone\" src=\"https:\/\/sites.uef.fi\/stopdia\/wp-content\/uploads\/sites\/90\/2020\/07\/THL_tunnus_lyhyt_RGB_vihrea-1-1-300x147.jpg\" alt=\"\" width=\"200\" height=\"98\" srcset=\"https:\/\/sites.uef.fi\/stopdia\/wp-content\/uploads\/sites\/90\/2020\/07\/THL_tunnus_lyhyt_RGB_vihrea-1-1-300x147.jpg 300w, https:\/\/sites.uef.fi\/stopdia\/wp-content\/uploads\/sites\/90\/2020\/07\/THL_tunnus_lyhyt_RGB_vihrea-1-1.jpg 397w\" sizes=\"auto, (max-width: 200px) 100vw, 200px\" \/><\/a><a href=\"http:\/\/www.aka.fi\/\"><img loading=\"lazy\" decoding=\"async\" class=\"alignnone wp-image-3099\" src=\"https:\/\/sites.uef.fi\/stopdia\/wp-content\/uploads\/sites\/90\/2020\/08\/Suomen-Akatemia-1.jpg\" alt=\"\" width=\"179\" height=\"65\" srcset=\"https:\/\/sites.uef.fi\/stopdia\/wp-content\/uploads\/sites\/90\/2020\/08\/Suomen-Akatemia-1.jpg 1201w, https:\/\/sites.uef.fi\/stopdia\/wp-content\/uploads\/sites\/90\/2020\/08\/Suomen-Akatemia-1-300x109.jpg 300w, https:\/\/sites.uef.fi\/stopdia\/wp-content\/uploads\/sites\/90\/2020\/08\/Suomen-Akatemia-1-1024x372.jpg 1024w, https:\/\/sites.uef.fi\/stopdia\/wp-content\/uploads\/sites\/90\/2020\/08\/Suomen-Akatemia-1-768x279.jpg 768w\" sizes=\"auto, (max-width: 179px) 100vw, 179px\" \/><\/a><\/p>\n","protected":false},"excerpt":{"rendered":"<p>Datapohjaiset ratkaisut tyypin 2 diabeteksen ennaltaehk\u00e4isyyn Digitaalisia palveluita hy\u00f6dynnet\u00e4\u00e4n yh\u00e4 useammin terveellisten elintapojen tukemisessa sek\u00e4 elintapasairauksien ennaltaehk\u00e4isyss\u00e4. Palvelujen parempi saatavuus ei yksin riit\u00e4, vaan ihmisten tulisi sitoutua palveluiden k\u00e4ytt\u00f6\u00f6n ja elintapamuutoksiin. Hy\u00f6dynn\u00e4mme olemassa olevaa StopDia- ja DPS -hankkeissa ker\u00e4tty\u00e4 ainutlaatuista dataa ihmisten elintavoista, niiden muutosprosessista, metabolomiikasta ja perim\u00e4st\u00e4. Kehit\u00e4mme tietoon perustuen paremmin kohdennettuja ja yksil\u00f6llisi\u00e4 [&hellip;]<\/p>\n","protected":false},"author":187,"featured_media":0,"parent":0,"menu_order":0,"comment_status":"closed","ping_status":"closed","template":"","meta":{"_acf_changed":false,"_monsterinsights_skip_tracking":false,"_monsterinsights_sitenote_active":false,"_monsterinsights_sitenote_note":"","_monsterinsights_sitenote_category":0,"footnotes":""},"class_list":["post-271","page","type-page","status-publish","hentry"],"acf":[],"yoast_head":"<!-- This site is optimized with the Yoast SEO plugin v27.3 - https:\/\/yoast.com\/product\/yoast-seo-wordpress\/ -->\n<title>T2D-Data-hanke - StopDia<\/title>\n<meta name=\"robots\" content=\"index, follow, max-snippet:-1, max-image-preview:large, max-video-preview:-1\" \/>\n<link rel=\"canonical\" href=\"https:\/\/sites.uef.fi\/stopdia\/uuden-hankkeen-alasivu\/\" \/>\n<meta property=\"og:locale\" content=\"fi_FI\" \/>\n<meta property=\"og:type\" content=\"article\" \/>\n<meta property=\"og:title\" content=\"T2D-Data-hanke - StopDia\" \/>\n<meta property=\"og:description\" content=\"Datapohjaiset ratkaisut tyypin 2 diabeteksen ennaltaehk\u00e4isyyn Digitaalisia palveluita hy\u00f6dynnet\u00e4\u00e4n yh\u00e4 useammin terveellisten elintapojen tukemisessa sek\u00e4 elintapasairauksien ennaltaehk\u00e4isyss\u00e4. Palvelujen parempi saatavuus ei yksin riit\u00e4, vaan ihmisten tulisi sitoutua palveluiden k\u00e4ytt\u00f6\u00f6n ja elintapamuutoksiin. Hy\u00f6dynn\u00e4mme olemassa olevaa StopDia- ja DPS -hankkeissa ker\u00e4tty\u00e4 ainutlaatuista dataa ihmisten elintavoista, niiden muutosprosessista, metabolomiikasta ja perim\u00e4st\u00e4. Kehit\u00e4mme tietoon perustuen paremmin kohdennettuja ja yksil\u00f6llisi\u00e4 [&hellip;]\" \/>\n<meta property=\"og:url\" content=\"https:\/\/sites.uef.fi\/stopdia\/uuden-hankkeen-alasivu\/\" \/>\n<meta property=\"og:site_name\" content=\"StopDia\" \/>\n<meta property=\"article:modified_time\" content=\"2020-10-21T09:49:42+00:00\" \/>\n<meta property=\"og:image\" content=\"https:\/\/sites.uef.fi\/stopdia\/wp-content\/uploads\/sites\/90\/2020\/09\/T2D-Data-logo-9.9..jpg\" \/>\n<meta name=\"twitter:card\" content=\"summary_large_image\" \/>\n<meta name=\"twitter:label1\" content=\"Arvioitu lukuaika\" \/>\n\t<meta name=\"twitter:data1\" content=\"1 minuutti\" \/>\n<script type=\"application\/ld+json\" class=\"yoast-schema-graph\">{\"@context\":\"https:\\\/\\\/schema.org\",\"@graph\":[{\"@type\":\"WebPage\",\"@id\":\"https:\\\/\\\/sites.uef.fi\\\/stopdia\\\/uuden-hankkeen-alasivu\\\/\",\"url\":\"https:\\\/\\\/sites.uef.fi\\\/stopdia\\\/uuden-hankkeen-alasivu\\\/\",\"name\":\"T2D-Data-hanke - StopDia\",\"isPartOf\":{\"@id\":\"https:\\\/\\\/sites.uef.fi\\\/stopdia\\\/#website\"},\"primaryImageOfPage\":{\"@id\":\"https:\\\/\\\/sites.uef.fi\\\/stopdia\\\/uuden-hankkeen-alasivu\\\/#primaryimage\"},\"image\":{\"@id\":\"https:\\\/\\\/sites.uef.fi\\\/stopdia\\\/uuden-hankkeen-alasivu\\\/#primaryimage\"},\"thumbnailUrl\":\"https:\\\/\\\/sites.uef.fi\\\/stopdia\\\/wp-content\\\/uploads\\\/sites\\\/90\\\/2020\\\/09\\\/T2D-Data-logo-9.9..jpg\",\"datePublished\":\"2020-06-16T14:38:30+00:00\",\"dateModified\":\"2020-10-21T09:49:42+00:00\",\"breadcrumb\":{\"@id\":\"https:\\\/\\\/sites.uef.fi\\\/stopdia\\\/uuden-hankkeen-alasivu\\\/#breadcrumb\"},\"inLanguage\":\"fi\",\"potentialAction\":[{\"@type\":\"ReadAction\",\"target\":[\"https:\\\/\\\/sites.uef.fi\\\/stopdia\\\/uuden-hankkeen-alasivu\\\/\"]}]},{\"@type\":\"ImageObject\",\"inLanguage\":\"fi\",\"@id\":\"https:\\\/\\\/sites.uef.fi\\\/stopdia\\\/uuden-hankkeen-alasivu\\\/#primaryimage\",\"url\":\"https:\\\/\\\/sites.uef.fi\\\/stopdia\\\/wp-content\\\/uploads\\\/sites\\\/90\\\/2020\\\/09\\\/T2D-Data-logo-9.9..jpg\",\"contentUrl\":\"https:\\\/\\\/sites.uef.fi\\\/stopdia\\\/wp-content\\\/uploads\\\/sites\\\/90\\\/2020\\\/09\\\/T2D-Data-logo-9.9..jpg\",\"width\":250,\"height\":246},{\"@type\":\"BreadcrumbList\",\"@id\":\"https:\\\/\\\/sites.uef.fi\\\/stopdia\\\/uuden-hankkeen-alasivu\\\/#breadcrumb\",\"itemListElement\":[{\"@type\":\"ListItem\",\"position\":1,\"name\":\"Home\",\"item\":\"https:\\\/\\\/sites.uef.fi\\\/stopdia\\\/\"},{\"@type\":\"ListItem\",\"position\":2,\"name\":\"T2D-Data-hanke\"}]},{\"@type\":\"WebSite\",\"@id\":\"https:\\\/\\\/sites.uef.fi\\\/stopdia\\\/#website\",\"url\":\"https:\\\/\\\/sites.uef.fi\\\/stopdia\\\/\",\"name\":\"StopDia\",\"description\":\"\",\"potentialAction\":[{\"@type\":\"SearchAction\",\"target\":{\"@type\":\"EntryPoint\",\"urlTemplate\":\"https:\\\/\\\/sites.uef.fi\\\/stopdia\\\/?s={search_term_string}\"},\"query-input\":{\"@type\":\"PropertyValueSpecification\",\"valueRequired\":true,\"valueName\":\"search_term_string\"}}],\"inLanguage\":\"fi\"}]}<\/script>\n<!-- \/ Yoast SEO plugin. -->","yoast_head_json":{"title":"T2D-Data-hanke - StopDia","robots":{"index":"index","follow":"follow","max-snippet":"max-snippet:-1","max-image-preview":"max-image-preview:large","max-video-preview":"max-video-preview:-1"},"canonical":"https:\/\/sites.uef.fi\/stopdia\/uuden-hankkeen-alasivu\/","og_locale":"fi_FI","og_type":"article","og_title":"T2D-Data-hanke - StopDia","og_description":"Datapohjaiset ratkaisut tyypin 2 diabeteksen ennaltaehk\u00e4isyyn Digitaalisia palveluita hy\u00f6dynnet\u00e4\u00e4n yh\u00e4 useammin terveellisten elintapojen tukemisessa sek\u00e4 elintapasairauksien ennaltaehk\u00e4isyss\u00e4. Palvelujen parempi saatavuus ei yksin riit\u00e4, vaan ihmisten tulisi sitoutua palveluiden k\u00e4ytt\u00f6\u00f6n ja elintapamuutoksiin. Hy\u00f6dynn\u00e4mme olemassa olevaa StopDia- ja DPS -hankkeissa ker\u00e4tty\u00e4 ainutlaatuista dataa ihmisten elintavoista, niiden muutosprosessista, metabolomiikasta ja perim\u00e4st\u00e4. Kehit\u00e4mme tietoon perustuen paremmin kohdennettuja ja yksil\u00f6llisi\u00e4 [&hellip;]","og_url":"https:\/\/sites.uef.fi\/stopdia\/uuden-hankkeen-alasivu\/","og_site_name":"StopDia","article_modified_time":"2020-10-21T09:49:42+00:00","og_image":[{"url":"https:\/\/sites.uef.fi\/stopdia\/wp-content\/uploads\/sites\/90\/2020\/09\/T2D-Data-logo-9.9..jpg","type":"","width":"","height":""}],"twitter_card":"summary_large_image","twitter_misc":{"Arvioitu lukuaika":"1 minuutti"},"schema":{"@context":"https:\/\/schema.org","@graph":[{"@type":"WebPage","@id":"https:\/\/sites.uef.fi\/stopdia\/uuden-hankkeen-alasivu\/","url":"https:\/\/sites.uef.fi\/stopdia\/uuden-hankkeen-alasivu\/","name":"T2D-Data-hanke - StopDia","isPartOf":{"@id":"https:\/\/sites.uef.fi\/stopdia\/#website"},"primaryImageOfPage":{"@id":"https:\/\/sites.uef.fi\/stopdia\/uuden-hankkeen-alasivu\/#primaryimage"},"image":{"@id":"https:\/\/sites.uef.fi\/stopdia\/uuden-hankkeen-alasivu\/#primaryimage"},"thumbnailUrl":"https:\/\/sites.uef.fi\/stopdia\/wp-content\/uploads\/sites\/90\/2020\/09\/T2D-Data-logo-9.9..jpg","datePublished":"2020-06-16T14:38:30+00:00","dateModified":"2020-10-21T09:49:42+00:00","breadcrumb":{"@id":"https:\/\/sites.uef.fi\/stopdia\/uuden-hankkeen-alasivu\/#breadcrumb"},"inLanguage":"fi","potentialAction":[{"@type":"ReadAction","target":["https:\/\/sites.uef.fi\/stopdia\/uuden-hankkeen-alasivu\/"]}]},{"@type":"ImageObject","inLanguage":"fi","@id":"https:\/\/sites.uef.fi\/stopdia\/uuden-hankkeen-alasivu\/#primaryimage","url":"https:\/\/sites.uef.fi\/stopdia\/wp-content\/uploads\/sites\/90\/2020\/09\/T2D-Data-logo-9.9..jpg","contentUrl":"https:\/\/sites.uef.fi\/stopdia\/wp-content\/uploads\/sites\/90\/2020\/09\/T2D-Data-logo-9.9..jpg","width":250,"height":246},{"@type":"BreadcrumbList","@id":"https:\/\/sites.uef.fi\/stopdia\/uuden-hankkeen-alasivu\/#breadcrumb","itemListElement":[{"@type":"ListItem","position":1,"name":"Home","item":"https:\/\/sites.uef.fi\/stopdia\/"},{"@type":"ListItem","position":2,"name":"T2D-Data-hanke"}]},{"@type":"WebSite","@id":"https:\/\/sites.uef.fi\/stopdia\/#website","url":"https:\/\/sites.uef.fi\/stopdia\/","name":"StopDia","description":"","potentialAction":[{"@type":"SearchAction","target":{"@type":"EntryPoint","urlTemplate":"https:\/\/sites.uef.fi\/stopdia\/?s={search_term_string}"},"query-input":{"@type":"PropertyValueSpecification","valueRequired":true,"valueName":"search_term_string"}}],"inLanguage":"fi"}]}},"_links":{"self":[{"href":"https:\/\/sites.uef.fi\/stopdia\/wp-json\/wp\/v2\/pages\/271","targetHints":{"allow":["GET"]}}],"collection":[{"href":"https:\/\/sites.uef.fi\/stopdia\/wp-json\/wp\/v2\/pages"}],"about":[{"href":"https:\/\/sites.uef.fi\/stopdia\/wp-json\/wp\/v2\/types\/page"}],"author":[{"embeddable":true,"href":"https:\/\/sites.uef.fi\/stopdia\/wp-json\/wp\/v2\/users\/187"}],"replies":[{"embeddable":true,"href":"https:\/\/sites.uef.fi\/stopdia\/wp-json\/wp\/v2\/comments?post=271"}],"version-history":[{"count":2,"href":"https:\/\/sites.uef.fi\/stopdia\/wp-json\/wp\/v2\/pages\/271\/revisions"}],"predecessor-version":[{"id":3704,"href":"https:\/\/sites.uef.fi\/stopdia\/wp-json\/wp\/v2\/pages\/271\/revisions\/3704"}],"wp:attachment":[{"href":"https:\/\/sites.uef.fi\/stopdia\/wp-json\/wp\/v2\/media?parent=271"}],"curies":[{"name":"wp","href":"https:\/\/api.w.org\/{rel}","templated":true}]}}